{"id":79126,"date":"2021-11-12T22:27:20","date_gmt":"2021-11-12T20:27:20","guid":{"rendered":"https:\/\/www.raxxa.com\/shop\/scharf\/"},"modified":"2021-11-12T22:27:40","modified_gmt":"2021-11-12T20:27:40","slug":"scharf","status":"publish","type":"product","link":"https:\/\/www.raxxa.com\/fr\/shop\/scharf\/","title":{"rendered":"Vif"},"content":{"rendered":"<div><b>\"\u00c9pic\u00e9\" <\/b><\/div>\n<div><b><br \/><\/b><\/div>\n<div><\/div>\n<div><\/div>\n<div><\/div>\n<div><b><br \/><\/b><\/div>\n<div><\/div>\n<div><\/div>\n<div>- Impression photo sur aluminium dibond 3mm avec rev\u00eatement blanc<\/div>\n<div>- Impression directe sur l'aluminium Encres de haute qualit\u00e9<\/div>\n<div>- Une bonne gradation des tons assure une reproduction exacte<\/div>\n<div><span style=\"font-size: 1rem\">- Mat et anti-\u00e9blouissant<\/span><\/div>\n<div><span style=\"font-size: 1rem\">- Set de suspension inclus<\/span><\/div>\n<div><\/div>\n<div>Votre motif et votre taille individuelle ne seront produits et envoy\u00e9s qu'apr\u00e8s r\u00e9ception de votre commande.<\/div>\n<div><span style=\"font-size: 1rem\">Si vous souhaitez une autre taille, n'h\u00e9sitez pas \u00e0 nous la demander.<\/span><\/div>\n<p>\u00e9pices rouge chaud coriandre anis cardamome ail romarin clou de girofle all\u00e9luia jaune poivre de cayenne ingr\u00e9dient indien asiatique m\u00e9diterran\u00e9en curcuma safran dessus vue image paprika chili fond noir \u00e9pice sec ar\u00f4me fonc\u00e9 cuisson pierre b\u00e9ton d\u00e9coratif graphite concept rouill\u00e9 pointill\u00e9 h\u00e9t\u00e9rog\u00e8ne design grossier surface bosse film volet abstraction distance<\/p>","protected":false},"excerpt":{"rendered":"<p>&#8222;Scharf&#8220; &#8211; Foto Druck auf Aluminium-Dibond 3mm mit wei\u00dfer Beschichtung &#8211; Druck direkt auf das Aluminium hochwertige Druckfarben &#8211; Gute Tonwertabstufung sorgt f\u00fcr exakte Wiedergabe &#8211; Matt und blendfrei &#8211; Inklusive Aufh\u00e4ngeset Ihr Motiv und ihre individuelle Gr\u00f6sse wird erst nach Bestelleingang produziert und versendet. M\u00f6chten Sie eine andere Gr\u00f6\u00dfe, fragen Sie gerne nach. gew\u00fcrze [&hellip;]<\/p>\n","protected":false},"featured_media":79119,"comment_status":"open","ping_status":"closed","template":"","meta":[],"product_brand":[],"product_cat":[164],"product_tag":[8072,7491,7740,8577,8574,7423,7649,7982,7385,7503,8583,7494,7658,7460,7643,7393,8016,8584,7380,7370,8578,8581,7659,8415,8576,8580,7508,7657,8582,8400,8575,7458,7410,7374,8573,7456,7422,7430,7459,7489,7367,8579,7839,7500,7467,7439],"class_list":{"0":"post-79126","1":"product","2":"type-product","3":"status-publish","4":"has-post-thumbnail","6":"product_cat-essen","7":"product_tag-abbild","8":"product_tag-abstand","9":"product_tag-abstraktion","10":"product_tag-allerleigewuerz","11":"product_tag-anis","12":"product_tag-ansicht","13":"product_tag-aroma","14":"product_tag-asiatisch","15":"product_tag-background","16":"product_tag-beton","17":"product_tag-beule","18":"product_tag-boden","19":"product_tag-cayennepfeffer","20":"product_tag-chili","21":"product_tag-dekorativ","22":"product_tag-design","23":"product_tag-dunkel","24":"product_tag-filmklappe","25":"product_tag-flaeche","26":"product_tag-gelb","27":"product_tag-gelbwurz","28":"product_tag-gepunktet","29":"product_tag-gewuerz","30":"product_tag-gewuerze","31":"product_tag-gewuerznelke","32":"product_tag-grafit","33":"product_tag-grob","34":"product_tag-heiss","35":"product_tag-heterogen","36":"product_tag-indisch","37":"product_tag-kardamom","38":"product_tag-knoblauch","39":"product_tag-kochen","40":"product_tag-konzept","41":"product_tag-koriander","42":"product_tag-mediterran","43":"product_tag-oberseite","44":"product_tag-paprika","45":"product_tag-rosmarin","46":"product_tag-rostig","47":"product_tag-rot","48":"product_tag-safran","49":"product_tag-schwarz","50":"product_tag-stein","51":"product_tag-trocken","52":"product_tag-zutat","54":"first","55":"instock","56":"taxable","57":"shipping-taxable","58":"purchasable","59":"product-type-variable"},"yoast_head":"<!-- This site is optimized with the Yoast SEO Premium plugin v27.2 (Yoast SEO v27.3) - https:\/\/yoast.com\/product\/yoast-seo-premium-wordpress\/ -->\n<title>Scharf - raxxa<\/title>\n<meta name=\"robots\" content=\"index, follow, max-snippet:-1, max-image-preview:large, max-video-preview:-1\" \/>\n<link rel=\"canonical\" href=\"https:\/\/www.raxxa.com\/fr\/shop\/scharf\/\" \/>\n<meta property=\"og:locale\" content=\"fr_FR\" \/>\n<meta property=\"og:type\" content=\"article\" \/>\n<meta property=\"og:title\" content=\"Scharf\" \/>\n<meta property=\"og:description\" content=\"&#8222;Scharf&#8220; &#8211; Foto Druck auf Aluminium-Dibond 3mm mit wei\u00dfer Beschichtung &#8211; Druck direkt auf das Aluminium hochwertige Druckfarben &#8211; Gute Tonwertabstufung sorgt f\u00fcr exakte Wiedergabe &#8211; Matt und blendfrei &#8211; Inklusive Aufh\u00e4ngeset Ihr Motiv und ihre individuelle Gr\u00f6sse wird erst nach Bestelleingang produziert und versendet. M\u00f6chten Sie eine andere Gr\u00f6\u00dfe, fragen Sie gerne nach. gew\u00fcrze [&hellip;]\" \/>\n<meta property=\"og:url\" content=\"https:\/\/www.raxxa.com\/fr\/shop\/scharf\/\" \/>\n<meta property=\"og:site_name\" content=\"raxxa\" \/>\n<meta property=\"article:publisher\" content=\"https:\/\/facebook.com\/raxxacom\" \/>\n<meta property=\"article:modified_time\" content=\"2021-11-12T20:27:40+00:00\" \/>\n<meta property=\"og:image\" content=\"https:\/\/www.raxxa.com\/wp-content\/uploads\/2021\/11\/20-433-Scharf-.png\" \/>\n\t<meta property=\"og:image:width\" content=\"800\" \/>\n\t<meta property=\"og:image:height\" content=\"800\" \/>\n\t<meta property=\"og:image:type\" content=\"image\/png\" \/>\n<meta name=\"twitter:card\" content=\"summary_large_image\" \/>\n<meta name=\"twitter:label1\" content=\"Disponibilit\u00e9\" \/>\n\t<meta name=\"twitter:data1\" content=\"En stock\" \/>\n<script type=\"application\/ld+json\" class=\"yoast-schema-graph\">{\"@context\":\"https:\\\/\\\/schema.org\",\"@graph\":[{\"@type\":[\"WebPage\",\"ItemPage\"],\"@id\":\"https:\\\/\\\/www.raxxa.com\\\/shop\\\/scharf\\\/\",\"url\":\"https:\\\/\\\/www.raxxa.com\\\/shop\\\/scharf\\\/\",\"name\":\"Scharf - raxxa\",\"isPartOf\":{\"@id\":\"https:\\\/\\\/www.raxxa.com\\\/#website\"},\"primaryImageOfPage\":{\"@id\":\"https:\\\/\\\/www.raxxa.com\\\/shop\\\/scharf\\\/#primaryimage\"},\"image\":{\"@id\":\"https:\\\/\\\/www.raxxa.com\\\/shop\\\/scharf\\\/#primaryimage\"},\"thumbnailUrl\":\"https:\\\/\\\/www.raxxa.com\\\/wp-content\\\/uploads\\\/2021\\\/11\\\/20-433-Scharf-.png\",\"datePublished\":\"2021-11-12T20:27:20+00:00\",\"dateModified\":\"2021-11-12T20:27:40+00:00\",\"breadcrumb\":{\"@id\":\"https:\\\/\\\/www.raxxa.com\\\/shop\\\/scharf\\\/#breadcrumb\"},\"inLanguage\":\"fr-FR\",\"potentialAction\":[{\"@type\":\"ReadAction\",\"target\":[\"https:\\\/\\\/www.raxxa.com\\\/shop\\\/scharf\\\/\"]}]},{\"@type\":\"ImageObject\",\"inLanguage\":\"fr-FR\",\"@id\":\"https:\\\/\\\/www.raxxa.com\\\/shop\\\/scharf\\\/#primaryimage\",\"url\":\"https:\\\/\\\/www.raxxa.com\\\/wp-content\\\/uploads\\\/2021\\\/11\\\/20-433-Scharf-.png\",\"contentUrl\":\"https:\\\/\\\/www.raxxa.com\\\/wp-content\\\/uploads\\\/2021\\\/11\\\/20-433-Scharf-.png\",\"width\":800,\"height\":800},{\"@type\":\"BreadcrumbList\",\"@id\":\"https:\\\/\\\/www.raxxa.com\\\/shop\\\/scharf\\\/#breadcrumb\",\"itemListElement\":[{\"@type\":\"ListItem\",\"position\":1,\"name\":\"Startseite\",\"item\":\"https:\\\/\\\/www.raxxa.com\\\/\"},{\"@type\":\"ListItem\",\"position\":2,\"name\":\"Shop\",\"item\":\"https:\\\/\\\/www.raxxa.com\\\/it\\\/shop\\\/\"},{\"@type\":\"ListItem\",\"position\":3,\"name\":\"Scharf\"}]},{\"@type\":\"WebSite\",\"@id\":\"https:\\\/\\\/www.raxxa.com\\\/#website\",\"url\":\"https:\\\/\\\/www.raxxa.com\\\/\",\"name\":\"raxxa\",\"description\":\"Einzigartige individuelle Produkte von unseren Designern\",\"publisher\":{\"@id\":\"https:\\\/\\\/www.raxxa.com\\\/#organization\"},\"potentialAction\":[{\"@type\":\"SearchAction\",\"target\":{\"@type\":\"EntryPoint\",\"urlTemplate\":\"https:\\\/\\\/www.raxxa.com\\\/?s={search_term_string}\"},\"query-input\":{\"@type\":\"PropertyValueSpecification\",\"valueRequired\":true,\"valueName\":\"search_term_string\"}}],\"inLanguage\":\"fr-FR\"},{\"@type\":\"Organization\",\"@id\":\"https:\\\/\\\/www.raxxa.com\\\/#organization\",\"name\":\"raxxa\",\"url\":\"https:\\\/\\\/www.raxxa.com\\\/\",\"logo\":{\"@type\":\"ImageObject\",\"inLanguage\":\"fr-FR\",\"@id\":\"https:\\\/\\\/www.raxxa.com\\\/#\\\/schema\\\/logo\\\/image\\\/\",\"url\":\"https:\\\/\\\/www.raxxa.com\\\/wp-content\\\/uploads\\\/2022\\\/07\\\/logo_v2.png\",\"contentUrl\":\"https:\\\/\\\/www.raxxa.com\\\/wp-content\\\/uploads\\\/2022\\\/07\\\/logo_v2.png\",\"width\":380,\"height\":382,\"caption\":\"raxxa\"},\"image\":{\"@id\":\"https:\\\/\\\/www.raxxa.com\\\/#\\\/schema\\\/logo\\\/image\\\/\"},\"sameAs\":[\"https:\\\/\\\/facebook.com\\\/raxxacom\"]}]}<\/script>\n<meta property=\"og:availability\" content=\"instock\" \/>\n<meta property=\"product:availability\" content=\"instock\" \/>\n<meta property=\"product:condition\" content=\"new\" \/>\n<!-- \/ Yoast SEO Premium plugin. -->","yoast_head_json":{"title":"Scharf - raxxa","robots":{"index":"index","follow":"follow","max-snippet":"max-snippet:-1","max-image-preview":"max-image-preview:large","max-video-preview":"max-video-preview:-1"},"canonical":"https:\/\/www.raxxa.com\/fr\/shop\/scharf\/","og_locale":"fr_FR","og_type":"article","og_title":"Scharf","og_description":"&#8222;Scharf&#8220; &#8211; Foto Druck auf Aluminium-Dibond 3mm mit wei\u00dfer Beschichtung &#8211; Druck direkt auf das Aluminium hochwertige Druckfarben &#8211; Gute Tonwertabstufung sorgt f\u00fcr exakte Wiedergabe &#8211; Matt und blendfrei &#8211; Inklusive Aufh\u00e4ngeset Ihr Motiv und ihre individuelle Gr\u00f6sse wird erst nach Bestelleingang produziert und versendet. M\u00f6chten Sie eine andere Gr\u00f6\u00dfe, fragen Sie gerne nach. gew\u00fcrze [&hellip;]","og_url":"https:\/\/www.raxxa.com\/fr\/shop\/scharf\/","og_site_name":"raxxa","article_publisher":"https:\/\/facebook.com\/raxxacom","article_modified_time":"2021-11-12T20:27:40+00:00","og_image":[{"width":800,"height":800,"url":"https:\/\/www.raxxa.com\/wp-content\/uploads\/2021\/11\/20-433-Scharf-.png","type":"image\/png"}],"twitter_card":"summary_large_image","twitter_misc":{"Disponibilit\u00e9":"En stock"},"schema":{"@context":"https:\/\/schema.org","@graph":[{"@type":["WebPage","ItemPage"],"@id":"https:\/\/www.raxxa.com\/shop\/scharf\/","url":"https:\/\/www.raxxa.com\/shop\/scharf\/","name":"Scharf - raxxa","isPartOf":{"@id":"https:\/\/www.raxxa.com\/#website"},"primaryImageOfPage":{"@id":"https:\/\/www.raxxa.com\/shop\/scharf\/#primaryimage"},"image":{"@id":"https:\/\/www.raxxa.com\/shop\/scharf\/#primaryimage"},"thumbnailUrl":"https:\/\/www.raxxa.com\/wp-content\/uploads\/2021\/11\/20-433-Scharf-.png","datePublished":"2021-11-12T20:27:20+00:00","dateModified":"2021-11-12T20:27:40+00:00","breadcrumb":{"@id":"https:\/\/www.raxxa.com\/shop\/scharf\/#breadcrumb"},"inLanguage":"fr-FR","potentialAction":[{"@type":"ReadAction","target":["https:\/\/www.raxxa.com\/shop\/scharf\/"]}]},{"@type":"ImageObject","inLanguage":"fr-FR","@id":"https:\/\/www.raxxa.com\/shop\/scharf\/#primaryimage","url":"https:\/\/www.raxxa.com\/wp-content\/uploads\/2021\/11\/20-433-Scharf-.png","contentUrl":"https:\/\/www.raxxa.com\/wp-content\/uploads\/2021\/11\/20-433-Scharf-.png","width":800,"height":800},{"@type":"BreadcrumbList","@id":"https:\/\/www.raxxa.com\/shop\/scharf\/#breadcrumb","itemListElement":[{"@type":"ListItem","position":1,"name":"Startseite","item":"https:\/\/www.raxxa.com\/"},{"@type":"ListItem","position":2,"name":"Shop","item":"https:\/\/www.raxxa.com\/it\/shop\/"},{"@type":"ListItem","position":3,"name":"Scharf"}]},{"@type":"WebSite","@id":"https:\/\/www.raxxa.com\/#website","url":"https:\/\/www.raxxa.com\/","name":"raxxa","description":"Des produits uniques et personnalis\u00e9s cr\u00e9\u00e9s par nos designers","publisher":{"@id":"https:\/\/www.raxxa.com\/#organization"},"potentialAction":[{"@type":"SearchAction","target":{"@type":"EntryPoint","urlTemplate":"https:\/\/www.raxxa.com\/?s={search_term_string}"},"query-input":{"@type":"PropertyValueSpecification","valueRequired":true,"valueName":"search_term_string"}}],"inLanguage":"fr-FR"},{"@type":"Organization","@id":"https:\/\/www.raxxa.com\/#organization","name":"raxxa","url":"https:\/\/www.raxxa.com\/","logo":{"@type":"ImageObject","inLanguage":"fr-FR","@id":"https:\/\/www.raxxa.com\/#\/schema\/logo\/image\/","url":"https:\/\/www.raxxa.com\/wp-content\/uploads\/2022\/07\/logo_v2.png","contentUrl":"https:\/\/www.raxxa.com\/wp-content\/uploads\/2022\/07\/logo_v2.png","width":380,"height":382,"caption":"raxxa"},"image":{"@id":"https:\/\/www.raxxa.com\/#\/schema\/logo\/image\/"},"sameAs":["https:\/\/facebook.com\/raxxacom"]}]},"og_availability":"instock","product_availability":"instock","product_condition":"new"},"jetpack_sharing_enabled":true,"_links":{"self":[{"href":"https:\/\/www.raxxa.com\/fr\/wp-json\/wp\/v2\/product\/79126","targetHints":{"allow":["GET"]}}],"collection":[{"href":"https:\/\/www.raxxa.com\/fr\/wp-json\/wp\/v2\/product"}],"about":[{"href":"https:\/\/www.raxxa.com\/fr\/wp-json\/wp\/v2\/types\/product"}],"replies":[{"embeddable":true,"href":"https:\/\/www.raxxa.com\/fr\/wp-json\/wp\/v2\/comments?post=79126"}],"wp:featuredmedia":[{"embeddable":true,"href":"https:\/\/www.raxxa.com\/fr\/wp-json\/wp\/v2\/media\/79119"}],"wp:attachment":[{"href":"https:\/\/www.raxxa.com\/fr\/wp-json\/wp\/v2\/media?parent=79126"}],"wp:term":[{"taxonomy":"product_brand","embeddable":true,"href":"https:\/\/www.raxxa.com\/fr\/wp-json\/wp\/v2\/product_brand?post=79126"},{"taxonomy":"product_cat","embeddable":true,"href":"https:\/\/www.raxxa.com\/fr\/wp-json\/wp\/v2\/product_cat?post=79126"},{"taxonomy":"product_tag","embeddable":true,"href":"https:\/\/www.raxxa.com\/fr\/wp-json\/wp\/v2\/product_tag?post=79126"}],"curies":[{"name":"wp","href":"https:\/\/api.w.org\/{rel}","templated":true}]}}