{"id":326028,"date":"2026-05-08T20:37:30","date_gmt":"2026-05-08T18:37:30","guid":{"rendered":"https:\/\/www.raxxa.com\/shop\/raxxa-canva-germanischer-mann-mit-wolf-und-kaempfern\/"},"modified":"2026-05-08T20:41:35","modified_gmt":"2026-05-08T18:41:35","slug":"raxxa-canva-germanischer-mann-mit-wolf-und-kaempfern","status":"publish","type":"product","link":"https:\/\/www.raxxa.com\/fr\/shop\/raxxa-canva-germanischer-mann-mit-wolf-und-kaempfern\/","title":{"rendered":"raxxa Canva: Germanischer Mann mit Wolf und K\u00e4mpfern"},"content":{"rendered":"<h3><strong>&quot;Germanischer Mann mit Wolf und K\u00e4mpfern&quot; by Kerstin Waurick<\/strong><\/h3>\n<p><strong><\/strong><\/p>\n<p>Dieses Bild zeigt  KI-generierte Illustrationen historisch dargestellter Wikinger und deren Leben in ihrem urspr\u00fcnglichen Lebensumfeld. Die Motive zeigen Szenen des Alltags, der Seefahrt und des gemeinschaftlichen Lebens, eingebettet in raue Landschaften, einfache Siedlungen und das wechselhafte Licht des Nordens. Kleidung, Werkzeuge und Umgebung sind mit feinem Gesp\u00fcr f\u00fcr Authentizit\u00e4t ausgearbeitet, w\u00e4hrend die Atmosph\u00e4re zwischen H\u00e4rte, Verbundenheit und stiller Weite eine Welt entstehen l\u00e4sst, die fern wirkt und doch greifbar erscheint.<\/p>\n<p>&nbsp;<\/p>\n<ul><li>Classic Canvas avec bordures de 2 cm, 100 % polyester.<\/li><li>Encres latex HP de haute qualit\u00e9 avec protection UV, garantissant des couleurs vives et une r\u00e9sistance \u00e0 la lumi\u00e8re.<\/li><li>Cadre en bois certifi\u00e9 FSC<\/li><li>Ce produit est fabriqu\u00e9 sp\u00e9cialement pour toi, sur demande, dans la taille et le design souhait\u00e9s.<\/li><\/ul>","protected":false},"excerpt":{"rendered":"<p>&quot;Germanischer Mann mit Wolf und K\u00e4mpfern&quot; by Kerstin Waurick Dieses Bild zeigt KI-generierte Illustrationen historisch dargestellter Wikinger und deren Leben in ihrem urspr\u00fcnglichen Lebensumfeld. Die Motive zeigen Szenen des Alltags, der Seefahrt und des gemeinschaftlichen Lebens, eingebettet in raue Landschaften, einfache Siedlungen und das wechselhafte Licht des Nordens. Kleidung, Werkzeuge und Umgebung sind mit feinem [&hellip;]<\/p>\n","protected":false},"featured_media":326029,"comment_status":"open","ping_status":"closed","template":"","meta":[],"product_brand":[],"product_cat":[12937,132,13429],"product_tag":[],"class_list":{"0":"post-326028","1":"product","2":"type-product","3":"status-publish","4":"has-post-thumbnail","6":"product_cat-canvas","7":"product_cat-menschen","8":"product_cat-kerstin-waurick","9":"product_shipping_class-versand-canvas","11":"first","12":"instock","13":"taxable","14":"shipping-taxable","15":"purchasable","16":"product-type-variable"},"yoast_head":"<!-- This site is optimized with the Yoast SEO Premium plugin v27.5 (Yoast SEO v27.6) - https:\/\/yoast.com\/product\/yoast-seo-premium-wordpress\/ -->\n<title>raxxa Canva: Germanischer Mann mit Wolf und K\u00e4mpfern - raxxa<\/title>\n<meta name=\"robots\" content=\"index, follow, max-snippet:-1, max-image-preview:large, max-video-preview:-1\" \/>\n<link rel=\"canonical\" href=\"https:\/\/www.raxxa.com\/fr\/shop\/raxxa-canva-germanischer-mann-mit-wolf-und-kaempfern\/\" \/>\n<meta property=\"og:locale\" content=\"fr_FR\" \/>\n<meta property=\"og:type\" content=\"article\" \/>\n<meta property=\"og:title\" content=\"raxxa Canva: Germanischer Mann mit Wolf und K\u00e4mpfern\" \/>\n<meta property=\"og:description\" content=\"&quot;Germanischer Mann mit Wolf und K\u00e4mpfern&quot; by Kerstin Waurick Dieses Bild zeigt KI-generierte Illustrationen historisch dargestellter Wikinger und deren Leben in ihrem urspr\u00fcnglichen Lebensumfeld. Die Motive zeigen Szenen des Alltags, der Seefahrt und des gemeinschaftlichen Lebens, eingebettet in raue Landschaften, einfache Siedlungen und das wechselhafte Licht des Nordens. Kleidung, Werkzeuge und Umgebung sind mit feinem [&hellip;]\" \/>\n<meta property=\"og:url\" content=\"https:\/\/www.raxxa.com\/fr\/shop\/raxxa-canva-germanischer-mann-mit-wolf-und-kaempfern\/\" \/>\n<meta property=\"og:site_name\" content=\"raxxa\" \/>\n<meta property=\"article:publisher\" content=\"https:\/\/facebook.com\/raxxacom\" \/>\n<meta property=\"article:modified_time\" content=\"2026-05-08T18:41:35+00:00\" \/>\n<meta name=\"twitter:card\" content=\"summary_large_image\" \/>\n<meta name=\"twitter:label1\" content=\"Disponibilit\u00e9\" \/>\n\t<meta name=\"twitter:data1\" content=\"En stock\" \/>\n<script type=\"application\/ld+json\" class=\"yoast-schema-graph\">{\"@context\":\"https:\\\/\\\/schema.org\",\"@graph\":[{\"@type\":[\"WebPage\",\"ItemPage\"],\"@id\":\"https:\\\/\\\/www.raxxa.com\\\/shop\\\/raxxa-canva-germanischer-mann-mit-wolf-und-kaempfern\\\/\",\"url\":\"https:\\\/\\\/www.raxxa.com\\\/shop\\\/raxxa-canva-germanischer-mann-mit-wolf-und-kaempfern\\\/\",\"name\":\"raxxa Canva: Germanischer Mann mit Wolf und K\u00e4mpfern - raxxa\",\"isPartOf\":{\"@id\":\"https:\\\/\\\/www.raxxa.com\\\/#website\"},\"primaryImageOfPage\":{\"@id\":\"https:\\\/\\\/www.raxxa.com\\\/shop\\\/raxxa-canva-germanischer-mann-mit-wolf-und-kaempfern\\\/#primaryimage\"},\"image\":{\"@id\":\"https:\\\/\\\/www.raxxa.com\\\/shop\\\/raxxa-canva-germanischer-mann-mit-wolf-und-kaempfern\\\/#primaryimage\"},\"thumbnailUrl\":\"https:\\\/\\\/www.raxxa.com\\\/wp-content\\\/uploads\\\/2026\\\/05\\\/raxxa-Canvas-373-24724-133-Kerstin-Waurick-Germanischer-Mann-mit-Wolf-und-Kampfern-2-scaled.jpg\",\"datePublished\":\"2026-05-08T18:37:30+00:00\",\"dateModified\":\"2026-05-08T18:41:35+00:00\",\"breadcrumb\":{\"@id\":\"https:\\\/\\\/www.raxxa.com\\\/shop\\\/raxxa-canva-germanischer-mann-mit-wolf-und-kaempfern\\\/#breadcrumb\"},\"inLanguage\":\"fr-FR\",\"potentialAction\":[{\"@type\":\"ReadAction\",\"target\":[\"https:\\\/\\\/www.raxxa.com\\\/shop\\\/raxxa-canva-germanischer-mann-mit-wolf-und-kaempfern\\\/\"]}]},{\"@type\":\"ImageObject\",\"inLanguage\":\"fr-FR\",\"@id\":\"https:\\\/\\\/www.raxxa.com\\\/shop\\\/raxxa-canva-germanischer-mann-mit-wolf-und-kaempfern\\\/#primaryimage\",\"url\":\"https:\\\/\\\/www.raxxa.com\\\/wp-content\\\/uploads\\\/2026\\\/05\\\/raxxa-Canvas-373-24724-133-Kerstin-Waurick-Germanischer-Mann-mit-Wolf-und-Kampfern-2-scaled.jpg\",\"contentUrl\":\"https:\\\/\\\/www.raxxa.com\\\/wp-content\\\/uploads\\\/2026\\\/05\\\/raxxa-Canvas-373-24724-133-Kerstin-Waurick-Germanischer-Mann-mit-Wolf-und-Kampfern-2-scaled.jpg\",\"width\":2560,\"height\":1920},{\"@type\":\"BreadcrumbList\",\"@id\":\"https:\\\/\\\/www.raxxa.com\\\/shop\\\/raxxa-canva-germanischer-mann-mit-wolf-und-kaempfern\\\/#breadcrumb\",\"itemListElement\":[{\"@type\":\"ListItem\",\"position\":1,\"name\":\"Startseite\",\"item\":\"https:\\\/\\\/www.raxxa.com\\\/\"},{\"@type\":\"ListItem\",\"position\":2,\"name\":\"Shop\",\"item\":\"https:\\\/\\\/www.raxxa.com\\\/it\\\/shop\\\/\"},{\"@type\":\"ListItem\",\"position\":3,\"name\":\"raxxa Canva: Germanischer Mann mit Wolf und K\u00e4mpfern\"}]},{\"@type\":\"WebSite\",\"@id\":\"https:\\\/\\\/www.raxxa.com\\\/#website\",\"url\":\"https:\\\/\\\/www.raxxa.com\\\/\",\"name\":\"raxxa\",\"description\":\"Einzigartige individuelle Produkte von unseren Designern\",\"publisher\":{\"@id\":\"https:\\\/\\\/www.raxxa.com\\\/#organization\"},\"potentialAction\":[{\"@type\":\"SearchAction\",\"target\":{\"@type\":\"EntryPoint\",\"urlTemplate\":\"https:\\\/\\\/www.raxxa.com\\\/?s={search_term_string}\"},\"query-input\":{\"@type\":\"PropertyValueSpecification\",\"valueRequired\":true,\"valueName\":\"search_term_string\"}}],\"inLanguage\":\"fr-FR\"},{\"@type\":\"Organization\",\"@id\":\"https:\\\/\\\/www.raxxa.com\\\/#organization\",\"name\":\"raxxa\",\"url\":\"https:\\\/\\\/www.raxxa.com\\\/\",\"logo\":{\"@type\":\"ImageObject\",\"inLanguage\":\"fr-FR\",\"@id\":\"https:\\\/\\\/www.raxxa.com\\\/#\\\/schema\\\/logo\\\/image\\\/\",\"url\":\"https:\\\/\\\/www.raxxa.com\\\/wp-content\\\/uploads\\\/2022\\\/07\\\/logo_v2.png\",\"contentUrl\":\"https:\\\/\\\/www.raxxa.com\\\/wp-content\\\/uploads\\\/2022\\\/07\\\/logo_v2.png\",\"width\":380,\"height\":382,\"caption\":\"raxxa\"},\"image\":{\"@id\":\"https:\\\/\\\/www.raxxa.com\\\/#\\\/schema\\\/logo\\\/image\\\/\"},\"sameAs\":[\"https:\\\/\\\/facebook.com\\\/raxxacom\"]}]}<\/script>\n<meta property=\"og:availability\" content=\"instock\" \/>\n<meta property=\"product:availability\" content=\"instock\" \/>\n<meta property=\"product:retailer_item_id\" content=\"1-133-24724-373\" \/>\n<meta property=\"product:condition\" content=\"new\" \/>\n<!-- \/ Yoast SEO Premium plugin. -->","yoast_head_json":{"title":"raxxa Canva: Germanischer Mann mit Wolf und K\u00e4mpfern - raxxa","robots":{"index":"index","follow":"follow","max-snippet":"max-snippet:-1","max-image-preview":"max-image-preview:large","max-video-preview":"max-video-preview:-1"},"canonical":"https:\/\/www.raxxa.com\/fr\/shop\/raxxa-canva-germanischer-mann-mit-wolf-und-kaempfern\/","og_locale":"fr_FR","og_type":"article","og_title":"raxxa Canva: Germanischer Mann mit Wolf und K\u00e4mpfern","og_description":"&quot;Germanischer Mann mit Wolf und K\u00e4mpfern&quot; by Kerstin Waurick Dieses Bild zeigt KI-generierte Illustrationen historisch dargestellter Wikinger und deren Leben in ihrem urspr\u00fcnglichen Lebensumfeld. Die Motive zeigen Szenen des Alltags, der Seefahrt und des gemeinschaftlichen Lebens, eingebettet in raue Landschaften, einfache Siedlungen und das wechselhafte Licht des Nordens. Kleidung, Werkzeuge und Umgebung sind mit feinem [&hellip;]","og_url":"https:\/\/www.raxxa.com\/fr\/shop\/raxxa-canva-germanischer-mann-mit-wolf-und-kaempfern\/","og_site_name":"raxxa","article_publisher":"https:\/\/facebook.com\/raxxacom","article_modified_time":"2026-05-08T18:41:35+00:00","twitter_card":"summary_large_image","twitter_misc":{"Disponibilit\u00e9":"En stock"},"schema":{"@context":"https:\/\/schema.org","@graph":[{"@type":["WebPage","ItemPage"],"@id":"https:\/\/www.raxxa.com\/shop\/raxxa-canva-germanischer-mann-mit-wolf-und-kaempfern\/","url":"https:\/\/www.raxxa.com\/shop\/raxxa-canva-germanischer-mann-mit-wolf-und-kaempfern\/","name":"raxxa Canva: Germanischer Mann mit Wolf und K\u00e4mpfern - raxxa","isPartOf":{"@id":"https:\/\/www.raxxa.com\/#website"},"primaryImageOfPage":{"@id":"https:\/\/www.raxxa.com\/shop\/raxxa-canva-germanischer-mann-mit-wolf-und-kaempfern\/#primaryimage"},"image":{"@id":"https:\/\/www.raxxa.com\/shop\/raxxa-canva-germanischer-mann-mit-wolf-und-kaempfern\/#primaryimage"},"thumbnailUrl":"https:\/\/www.raxxa.com\/wp-content\/uploads\/2026\/05\/raxxa-Canvas-373-24724-133-Kerstin-Waurick-Germanischer-Mann-mit-Wolf-und-Kampfern-2-scaled.jpg","datePublished":"2026-05-08T18:37:30+00:00","dateModified":"2026-05-08T18:41:35+00:00","breadcrumb":{"@id":"https:\/\/www.raxxa.com\/shop\/raxxa-canva-germanischer-mann-mit-wolf-und-kaempfern\/#breadcrumb"},"inLanguage":"fr-FR","potentialAction":[{"@type":"ReadAction","target":["https:\/\/www.raxxa.com\/shop\/raxxa-canva-germanischer-mann-mit-wolf-und-kaempfern\/"]}]},{"@type":"ImageObject","inLanguage":"fr-FR","@id":"https:\/\/www.raxxa.com\/shop\/raxxa-canva-germanischer-mann-mit-wolf-und-kaempfern\/#primaryimage","url":"https:\/\/www.raxxa.com\/wp-content\/uploads\/2026\/05\/raxxa-Canvas-373-24724-133-Kerstin-Waurick-Germanischer-Mann-mit-Wolf-und-Kampfern-2-scaled.jpg","contentUrl":"https:\/\/www.raxxa.com\/wp-content\/uploads\/2026\/05\/raxxa-Canvas-373-24724-133-Kerstin-Waurick-Germanischer-Mann-mit-Wolf-und-Kampfern-2-scaled.jpg","width":2560,"height":1920},{"@type":"BreadcrumbList","@id":"https:\/\/www.raxxa.com\/shop\/raxxa-canva-germanischer-mann-mit-wolf-und-kaempfern\/#breadcrumb","itemListElement":[{"@type":"ListItem","position":1,"name":"Startseite","item":"https:\/\/www.raxxa.com\/"},{"@type":"ListItem","position":2,"name":"Shop","item":"https:\/\/www.raxxa.com\/it\/shop\/"},{"@type":"ListItem","position":3,"name":"raxxa Canva: Germanischer Mann mit Wolf und K\u00e4mpfern"}]},{"@type":"WebSite","@id":"https:\/\/www.raxxa.com\/#website","url":"https:\/\/www.raxxa.com\/","name":"raxxa","description":"Des produits uniques et personnalis\u00e9s cr\u00e9\u00e9s par nos designers","publisher":{"@id":"https:\/\/www.raxxa.com\/#organization"},"potentialAction":[{"@type":"SearchAction","target":{"@type":"EntryPoint","urlTemplate":"https:\/\/www.raxxa.com\/?s={search_term_string}"},"query-input":{"@type":"PropertyValueSpecification","valueRequired":true,"valueName":"search_term_string"}}],"inLanguage":"fr-FR"},{"@type":"Organization","@id":"https:\/\/www.raxxa.com\/#organization","name":"raxxa","url":"https:\/\/www.raxxa.com\/","logo":{"@type":"ImageObject","inLanguage":"fr-FR","@id":"https:\/\/www.raxxa.com\/#\/schema\/logo\/image\/","url":"https:\/\/www.raxxa.com\/wp-content\/uploads\/2022\/07\/logo_v2.png","contentUrl":"https:\/\/www.raxxa.com\/wp-content\/uploads\/2022\/07\/logo_v2.png","width":380,"height":382,"caption":"raxxa"},"image":{"@id":"https:\/\/www.raxxa.com\/#\/schema\/logo\/image\/"},"sameAs":["https:\/\/facebook.com\/raxxacom"]}]},"og_availability":"instock","product_availability":"instock","product_retailer_item_id":"1-133-24724-373","product_condition":"new"},"jetpack_sharing_enabled":true,"_links":{"self":[{"href":"https:\/\/www.raxxa.com\/fr\/wp-json\/wp\/v2\/product\/326028","targetHints":{"allow":["GET"]}}],"collection":[{"href":"https:\/\/www.raxxa.com\/fr\/wp-json\/wp\/v2\/product"}],"about":[{"href":"https:\/\/www.raxxa.com\/fr\/wp-json\/wp\/v2\/types\/product"}],"replies":[{"embeddable":true,"href":"https:\/\/www.raxxa.com\/fr\/wp-json\/wp\/v2\/comments?post=326028"}],"wp:featuredmedia":[{"embeddable":true,"href":"https:\/\/www.raxxa.com\/fr\/wp-json\/wp\/v2\/media\/326029"}],"wp:attachment":[{"href":"https:\/\/www.raxxa.com\/fr\/wp-json\/wp\/v2\/media?parent=326028"}],"wp:term":[{"taxonomy":"product_brand","embeddable":true,"href":"https:\/\/www.raxxa.com\/fr\/wp-json\/wp\/v2\/product_brand?post=326028"},{"taxonomy":"product_cat","embeddable":true,"href":"https:\/\/www.raxxa.com\/fr\/wp-json\/wp\/v2\/product_cat?post=326028"},{"taxonomy":"product_tag","embeddable":true,"href":"https:\/\/www.raxxa.com\/fr\/wp-json\/wp\/v2\/product_tag?post=326028"}],"curies":[{"name":"wp","href":"https:\/\/api.w.org\/{rel}","templated":true}]}}