{"id":312576,"date":"2026-04-06T12:56:18","date_gmt":"2026-04-06T10:56:18","guid":{"rendered":"https:\/\/www.raxxa.com\/shop\/raxxa-glas-magnet-herzblumen\/"},"modified":"2026-04-06T12:56:39","modified_gmt":"2026-04-06T10:56:39","slug":"raxxa-glas-magnet-herzblumen","status":"publish","type":"product","link":"https:\/\/www.raxxa.com\/fr\/shop\/raxxa-glas-magnet-herzblumen\/","title":{"rendered":"raxxa Glas-Magnet: Herzblumen"},"content":{"rendered":"<h3><strong>\"Fleurs de c\u0153ur\" par M. Yoda<\/strong><\/h3>\n<p><strong><\/strong><\/p>\n<p>Cette \u0153uvre d'art unique pr\u00e9sente un arrangement de c\u0153urs stylis\u00e9s dans diff\u00e9rentes nuances de rouge, entour\u00e9s de lignes simples et \u00e9l\u00e9gantes et de teintes douces qui capturent la tendresse et la beaut\u00e9 de l'amour.<\/p>\n<p>&nbsp;<\/p>\nVerleihen Sie Ihrem K\u00fchlschrank einen Hauch von Eleganz! Unsere hochwertigen raxxa Glas-Magnete im Format 7 \u00d7 5 cm verbinden stilvolles und au\u00dfergew\u00f6hnliches Design mit zuverl\u00e4ssiger Funktionalit\u00e4t. Die glatte, gl\u00e4nzende Glasoberfl\u00e4che sorgt f\u00fcr brillante Farben und eine edle Optik, die sofort ins Auge f\u00e4llt.<br>\n                             Dank des starken Magneten auf der R\u00fcckseite halten die Glas-Magnete Fotos, Notizen, Einkaufslisten oder Postkarten sicher an Ort und Stelle \u2013 ganz ohne Verrutschen. Die angenehme Gr\u00f6\u00dfe macht sie vielseitig einsetzbar, ohne dabei zu viel Platz einzunehmen.<br>\n                             Produktdetails auf einen Blick:<br><br><ul><li>Material: Hochwertiges Glas mit starkem Magnet<\/li><li>Oberfl\u00e4che: Gl\u00e4nzend, farbintensiv und langlebig<\/li><li>Einsatz: Ideal f\u00fcr K\u00fchlschrank, Magnetwand oder Whiteboard<\/li><li>Fabriqu\u00e9 en Allemagne.<\/li><\/ul><br>Ob als dekorativer Akzent f\u00fcr Ihre K\u00fcche, als praktischer Helfer im Alltag oder als liebevolles Geschenk \u2013 diese raxxa Glas-Magnete \u00fcberzeugen durch Qualit\u00e4t, Design und Funktion. \u2728<br><br>","protected":false},"excerpt":{"rendered":"<p>&quot;Herzblumen&quot; by Mr. Yoda Diese einzigartige Kunstwerke zeigt ein Arrangement von stilisierten Herzen in verschiedenen Rott\u00f6nen, umgeben von schlichten, eleganten Linien und sanften Farbt\u00f6nen, die die Z\u00e4rtlichkeit und Sch\u00f6nheit der Liebe einf\u00e4ngt. &nbsp;<\/p>","protected":false},"featured_media":312579,"comment_status":"open","ping_status":"closed","template":"","meta":[],"product_brand":[],"product_cat":[13585,163,10514],"product_tag":[],"class_list":{"0":"post-312576","1":"product","2":"type-product","3":"status-publish","4":"has-post-thumbnail","6":"product_cat-magnete","7":"product_cat-stimmung","8":"product_cat-yoda","9":"product_shipping_class-versand-magnete","11":"first","12":"instock","13":"taxable","14":"shipping-taxable","15":"purchasable","16":"product-type-simple"},"yoast_head":"<!-- This site is optimized with the Yoast SEO Premium plugin v27.5 (Yoast SEO v27.5) - https:\/\/yoast.com\/product\/yoast-seo-premium-wordpress\/ -->\n<title>raxxa Glas-Magnet: Herzblumen - raxxa<\/title>\n<meta name=\"robots\" content=\"index, follow, max-snippet:-1, max-image-preview:large, max-video-preview:-1\" \/>\n<link rel=\"canonical\" href=\"https:\/\/www.raxxa.com\/fr\/shop\/raxxa-glas-magnet-herzblumen\/\" \/>\n<meta property=\"og:locale\" content=\"fr_FR\" \/>\n<meta property=\"og:type\" content=\"article\" \/>\n<meta property=\"og:title\" content=\"raxxa Glas-Magnet: Herzblumen\" \/>\n<meta property=\"og:description\" content=\"&quot;Herzblumen&quot; by Mr. Yoda Diese einzigartige Kunstwerke zeigt ein Arrangement von stilisierten Herzen in verschiedenen Rott\u00f6nen, umgeben von schlichten, eleganten Linien und sanften Farbt\u00f6nen, die die Z\u00e4rtlichkeit und Sch\u00f6nheit der Liebe einf\u00e4ngt. &nbsp;\" \/>\n<meta property=\"og:url\" content=\"https:\/\/www.raxxa.com\/fr\/shop\/raxxa-glas-magnet-herzblumen\/\" \/>\n<meta property=\"og:site_name\" content=\"raxxa\" \/>\n<meta property=\"article:publisher\" content=\"https:\/\/facebook.com\/raxxacom\" \/>\n<meta property=\"article:modified_time\" content=\"2026-04-06T10:56:39+00:00\" \/>\n<meta name=\"twitter:card\" content=\"summary_large_image\" \/>\n<meta name=\"twitter:label1\" content=\"Prix\" \/>\n\t<meta name=\"twitter:data1\" content=\"&euro;4,50\" \/>\n\t<meta name=\"twitter:label2\" content=\"Disponibilit\u00e9\" \/>\n\t<meta name=\"twitter:data2\" content=\"En stock\" \/>\n<script type=\"application\/ld+json\" class=\"yoast-schema-graph\">{\"@context\":\"https:\\\/\\\/schema.org\",\"@graph\":[{\"@type\":[\"WebPage\",\"ItemPage\"],\"@id\":\"https:\\\/\\\/www.raxxa.com\\\/shop\\\/raxxa-glas-magnet-herzblumen\\\/\",\"url\":\"https:\\\/\\\/www.raxxa.com\\\/shop\\\/raxxa-glas-magnet-herzblumen\\\/\",\"name\":\"raxxa Glas-Magnet: Herzblumen - raxxa\",\"isPartOf\":{\"@id\":\"https:\\\/\\\/www.raxxa.com\\\/#website\"},\"primaryImageOfPage\":{\"@id\":\"https:\\\/\\\/www.raxxa.com\\\/shop\\\/raxxa-glas-magnet-herzblumen\\\/#primaryimage\"},\"image\":{\"@id\":\"https:\\\/\\\/www.raxxa.com\\\/shop\\\/raxxa-glas-magnet-herzblumen\\\/#primaryimage\"},\"thumbnailUrl\":\"https:\\\/\\\/www.raxxa.com\\\/wp-content\\\/uploads\\\/2026\\\/04\\\/raxxa-136-19345-196-Mr-Yoda-Herzblumen-6.jpg\",\"datePublished\":\"2026-04-06T10:56:18+00:00\",\"dateModified\":\"2026-04-06T10:56:39+00:00\",\"breadcrumb\":{\"@id\":\"https:\\\/\\\/www.raxxa.com\\\/shop\\\/raxxa-glas-magnet-herzblumen\\\/#breadcrumb\"},\"inLanguage\":\"fr-FR\",\"potentialAction\":[{\"@type\":\"ReadAction\",\"target\":[\"https:\\\/\\\/www.raxxa.com\\\/shop\\\/raxxa-glas-magnet-herzblumen\\\/\"]}]},{\"@type\":\"ImageObject\",\"inLanguage\":\"fr-FR\",\"@id\":\"https:\\\/\\\/www.raxxa.com\\\/shop\\\/raxxa-glas-magnet-herzblumen\\\/#primaryimage\",\"url\":\"https:\\\/\\\/www.raxxa.com\\\/wp-content\\\/uploads\\\/2026\\\/04\\\/raxxa-136-19345-196-Mr-Yoda-Herzblumen-6.jpg\",\"contentUrl\":\"https:\\\/\\\/www.raxxa.com\\\/wp-content\\\/uploads\\\/2026\\\/04\\\/raxxa-136-19345-196-Mr-Yoda-Herzblumen-6.jpg\",\"width\":2000,\"height\":2362},{\"@type\":\"BreadcrumbList\",\"@id\":\"https:\\\/\\\/www.raxxa.com\\\/shop\\\/raxxa-glas-magnet-herzblumen\\\/#breadcrumb\",\"itemListElement\":[{\"@type\":\"ListItem\",\"position\":1,\"name\":\"Startseite\",\"item\":\"https:\\\/\\\/www.raxxa.com\\\/\"},{\"@type\":\"ListItem\",\"position\":2,\"name\":\"Shop\",\"item\":\"https:\\\/\\\/www.raxxa.com\\\/it\\\/shop\\\/\"},{\"@type\":\"ListItem\",\"position\":3,\"name\":\"raxxa Glas-Magnet: Herzblumen\"}]},{\"@type\":\"WebSite\",\"@id\":\"https:\\\/\\\/www.raxxa.com\\\/#website\",\"url\":\"https:\\\/\\\/www.raxxa.com\\\/\",\"name\":\"raxxa\",\"description\":\"Einzigartige individuelle Produkte von unseren Designern\",\"publisher\":{\"@id\":\"https:\\\/\\\/www.raxxa.com\\\/#organization\"},\"potentialAction\":[{\"@type\":\"SearchAction\",\"target\":{\"@type\":\"EntryPoint\",\"urlTemplate\":\"https:\\\/\\\/www.raxxa.com\\\/?s={search_term_string}\"},\"query-input\":{\"@type\":\"PropertyValueSpecification\",\"valueRequired\":true,\"valueName\":\"search_term_string\"}}],\"inLanguage\":\"fr-FR\"},{\"@type\":\"Organization\",\"@id\":\"https:\\\/\\\/www.raxxa.com\\\/#organization\",\"name\":\"raxxa\",\"url\":\"https:\\\/\\\/www.raxxa.com\\\/\",\"logo\":{\"@type\":\"ImageObject\",\"inLanguage\":\"fr-FR\",\"@id\":\"https:\\\/\\\/www.raxxa.com\\\/#\\\/schema\\\/logo\\\/image\\\/\",\"url\":\"https:\\\/\\\/www.raxxa.com\\\/wp-content\\\/uploads\\\/2022\\\/07\\\/logo_v2.png\",\"contentUrl\":\"https:\\\/\\\/www.raxxa.com\\\/wp-content\\\/uploads\\\/2022\\\/07\\\/logo_v2.png\",\"width\":380,\"height\":382,\"caption\":\"raxxa\"},\"image\":{\"@id\":\"https:\\\/\\\/www.raxxa.com\\\/#\\\/schema\\\/logo\\\/image\\\/\"},\"sameAs\":[\"https:\\\/\\\/facebook.com\\\/raxxacom\"]}]}<\/script>\n<meta property=\"product:price:amount\" content=\"4.50\" \/>\n<meta property=\"product:price:currency\" content=\"EUR\" \/>\n<meta property=\"og:availability\" content=\"instock\" \/>\n<meta property=\"product:availability\" content=\"instock\" \/>\n<meta property=\"product:retailer_item_id\" content=\"1-14521-19345-136\" \/>\n<meta property=\"product:condition\" content=\"new\" \/>\n<!-- \/ Yoast SEO Premium plugin. -->","yoast_head_json":{"title":"raxxa Glas-Magnet: Herzblumen - raxxa","robots":{"index":"index","follow":"follow","max-snippet":"max-snippet:-1","max-image-preview":"max-image-preview:large","max-video-preview":"max-video-preview:-1"},"canonical":"https:\/\/www.raxxa.com\/fr\/shop\/raxxa-glas-magnet-herzblumen\/","og_locale":"fr_FR","og_type":"article","og_title":"raxxa Glas-Magnet: Herzblumen","og_description":"&quot;Herzblumen&quot; by Mr. Yoda Diese einzigartige Kunstwerke zeigt ein Arrangement von stilisierten Herzen in verschiedenen Rott\u00f6nen, umgeben von schlichten, eleganten Linien und sanften Farbt\u00f6nen, die die Z\u00e4rtlichkeit und Sch\u00f6nheit der Liebe einf\u00e4ngt. &nbsp;","og_url":"https:\/\/www.raxxa.com\/fr\/shop\/raxxa-glas-magnet-herzblumen\/","og_site_name":"raxxa","article_publisher":"https:\/\/facebook.com\/raxxacom","article_modified_time":"2026-04-06T10:56:39+00:00","twitter_card":"summary_large_image","twitter_misc":{"Prix":"&euro;4,50","Disponibilit\u00e9":"En stock"},"schema":{"@context":"https:\/\/schema.org","@graph":[{"@type":["WebPage","ItemPage"],"@id":"https:\/\/www.raxxa.com\/shop\/raxxa-glas-magnet-herzblumen\/","url":"https:\/\/www.raxxa.com\/shop\/raxxa-glas-magnet-herzblumen\/","name":"raxxa Glas-Magnet: Herzblumen - raxxa","isPartOf":{"@id":"https:\/\/www.raxxa.com\/#website"},"primaryImageOfPage":{"@id":"https:\/\/www.raxxa.com\/shop\/raxxa-glas-magnet-herzblumen\/#primaryimage"},"image":{"@id":"https:\/\/www.raxxa.com\/shop\/raxxa-glas-magnet-herzblumen\/#primaryimage"},"thumbnailUrl":"https:\/\/www.raxxa.com\/wp-content\/uploads\/2026\/04\/raxxa-136-19345-196-Mr-Yoda-Herzblumen-6.jpg","datePublished":"2026-04-06T10:56:18+00:00","dateModified":"2026-04-06T10:56:39+00:00","breadcrumb":{"@id":"https:\/\/www.raxxa.com\/shop\/raxxa-glas-magnet-herzblumen\/#breadcrumb"},"inLanguage":"fr-FR","potentialAction":[{"@type":"ReadAction","target":["https:\/\/www.raxxa.com\/shop\/raxxa-glas-magnet-herzblumen\/"]}]},{"@type":"ImageObject","inLanguage":"fr-FR","@id":"https:\/\/www.raxxa.com\/shop\/raxxa-glas-magnet-herzblumen\/#primaryimage","url":"https:\/\/www.raxxa.com\/wp-content\/uploads\/2026\/04\/raxxa-136-19345-196-Mr-Yoda-Herzblumen-6.jpg","contentUrl":"https:\/\/www.raxxa.com\/wp-content\/uploads\/2026\/04\/raxxa-136-19345-196-Mr-Yoda-Herzblumen-6.jpg","width":2000,"height":2362},{"@type":"BreadcrumbList","@id":"https:\/\/www.raxxa.com\/shop\/raxxa-glas-magnet-herzblumen\/#breadcrumb","itemListElement":[{"@type":"ListItem","position":1,"name":"Startseite","item":"https:\/\/www.raxxa.com\/"},{"@type":"ListItem","position":2,"name":"Shop","item":"https:\/\/www.raxxa.com\/it\/shop\/"},{"@type":"ListItem","position":3,"name":"raxxa Glas-Magnet: Herzblumen"}]},{"@type":"WebSite","@id":"https:\/\/www.raxxa.com\/#website","url":"https:\/\/www.raxxa.com\/","name":"raxxa","description":"Des produits uniques et personnalis\u00e9s cr\u00e9\u00e9s par nos designers","publisher":{"@id":"https:\/\/www.raxxa.com\/#organization"},"potentialAction":[{"@type":"SearchAction","target":{"@type":"EntryPoint","urlTemplate":"https:\/\/www.raxxa.com\/?s={search_term_string}"},"query-input":{"@type":"PropertyValueSpecification","valueRequired":true,"valueName":"search_term_string"}}],"inLanguage":"fr-FR"},{"@type":"Organization","@id":"https:\/\/www.raxxa.com\/#organization","name":"raxxa","url":"https:\/\/www.raxxa.com\/","logo":{"@type":"ImageObject","inLanguage":"fr-FR","@id":"https:\/\/www.raxxa.com\/#\/schema\/logo\/image\/","url":"https:\/\/www.raxxa.com\/wp-content\/uploads\/2022\/07\/logo_v2.png","contentUrl":"https:\/\/www.raxxa.com\/wp-content\/uploads\/2022\/07\/logo_v2.png","width":380,"height":382,"caption":"raxxa"},"image":{"@id":"https:\/\/www.raxxa.com\/#\/schema\/logo\/image\/"},"sameAs":["https:\/\/facebook.com\/raxxacom"]}]},"product_price_amount":"4.50","product_price_currency":"EUR","og_availability":"instock","product_availability":"instock","product_retailer_item_id":"1-14521-19345-136","product_condition":"new"},"jetpack_sharing_enabled":true,"_links":{"self":[{"href":"https:\/\/www.raxxa.com\/fr\/wp-json\/wp\/v2\/product\/312576","targetHints":{"allow":["GET"]}}],"collection":[{"href":"https:\/\/www.raxxa.com\/fr\/wp-json\/wp\/v2\/product"}],"about":[{"href":"https:\/\/www.raxxa.com\/fr\/wp-json\/wp\/v2\/types\/product"}],"replies":[{"embeddable":true,"href":"https:\/\/www.raxxa.com\/fr\/wp-json\/wp\/v2\/comments?post=312576"}],"wp:featuredmedia":[{"embeddable":true,"href":"https:\/\/www.raxxa.com\/fr\/wp-json\/wp\/v2\/media\/312579"}],"wp:attachment":[{"href":"https:\/\/www.raxxa.com\/fr\/wp-json\/wp\/v2\/media?parent=312576"}],"wp:term":[{"taxonomy":"product_brand","embeddable":true,"href":"https:\/\/www.raxxa.com\/fr\/wp-json\/wp\/v2\/product_brand?post=312576"},{"taxonomy":"product_cat","embeddable":true,"href":"https:\/\/www.raxxa.com\/fr\/wp-json\/wp\/v2\/product_cat?post=312576"},{"taxonomy":"product_tag","embeddable":true,"href":"https:\/\/www.raxxa.com\/fr\/wp-json\/wp\/v2\/product_tag?post=312576"}],"curies":[{"name":"wp","href":"https:\/\/api.w.org\/{rel}","templated":true}]}}