{"id":304887,"date":"2026-03-27T20:53:26","date_gmt":"2026-03-27T18:53:26","guid":{"rendered":"https:\/\/www.raxxa.com\/shop\/poster-bizarre-raumschiffe-auf-einem-fremden-planeten\/"},"modified":"2026-03-27T20:55:18","modified_gmt":"2026-03-27T18:55:18","slug":"poster-bizarre-raumschiffe-auf-einem-fremden-planeten","status":"publish","type":"product","link":"https:\/\/www.raxxa.com\/fr\/shop\/poster-bizarre-raumschiffe-auf-einem-fremden-planeten\/","title":{"rendered":"Poster: Bizarre Raumschiffe auf einem fremden Planeten"},"content":{"rendered":"<h3><strong>&quot;Bizarre Raumschiffe auf einem fremden Planeten&quot; by Kerstin Waurick<\/strong><\/h3>\n<p><strong><\/strong><\/p>\n<p>Dieses KI-generierte Bild zeigt eine faszinierende Science-Fiction-Landschaft auf einem fremden Planeten. Im Vordergrund zeichnen bizarre Landschaften mit Felsen und au\u00dferirdischen Formationen den Boden, w\u00e4hrend am Himmel Planeten, Galaxien, Raumschiffe oder Sterne ein episches Panorama bilden. Dazwischen f\u00fcgen sich hypermoderne Stationen nahtlos in die Szene ein und verbinden futuristisches Design mit der fremden Umgebung. So entsteht eine immersive, lebendige Bildwelt voller Technologie, Abenteuer und kosmischer \u00c4sthetik.<\/p>\n<p>&nbsp;<\/p>\n<ul><li>Poster de qualit\u00e9 mus\u00e9e sur papier d'archive mat durable (non couch\u00e9).<\/li><li>Poids du papier : 250 g \/ m\u00b2.<\/li><li>Envoi dans un emballage solide pour prot\u00e9ger le poster.<\/li><li>Ce produit est fabriqu\u00e9 sp\u00e9cialement pour toi, sur demande, dans la taille et le design souhait\u00e9s.<\/li><\/ul>","protected":false},"excerpt":{"rendered":"<p>&quot;Bizarre Raumschiffe auf einem fremden Planeten&quot; by Kerstin Waurick Dieses KI-generierte Bild zeigt eine faszinierende Science-Fiction-Landschaft auf einem fremden Planeten. Im Vordergrund zeichnen bizarre Landschaften mit Felsen und au\u00dferirdischen Formationen den Boden, w\u00e4hrend am Himmel Planeten, Galaxien, Raumschiffe oder Sterne ein episches Panorama bilden. Dazwischen f\u00fcgen sich hypermoderne Stationen nahtlos in die Szene ein und [&hellip;]<\/p>\n","protected":false},"featured_media":304889,"comment_status":"open","ping_status":"closed","template":"","meta":[],"product_brand":[],"product_cat":[11600,10378,13429],"product_tag":[],"class_list":{"0":"post-304887","1":"product","2":"type-product","3":"status-publish","4":"has-post-thumbnail","6":"product_cat-fantasy-mythologie","7":"product_cat-poster","8":"product_cat-kerstin-waurick","9":"product_shipping_class-versand-t-shirts1","11":"first","12":"instock","13":"taxable","14":"shipping-taxable","15":"purchasable","16":"product-type-variable"},"yoast_head":"<!-- This site is optimized with the Yoast SEO Premium plugin v27.5 (Yoast SEO v27.6) - https:\/\/yoast.com\/product\/yoast-seo-premium-wordpress\/ -->\n<title>Poster: Bizarre Raumschiffe auf einem fremden Planeten - raxxa<\/title>\n<meta name=\"robots\" content=\"index, follow, max-snippet:-1, max-image-preview:large, max-video-preview:-1\" \/>\n<link rel=\"canonical\" href=\"https:\/\/www.raxxa.com\/fr\/shop\/poster-bizarre-raumschiffe-auf-einem-fremden-planeten\/\" \/>\n<meta property=\"og:locale\" content=\"fr_FR\" \/>\n<meta property=\"og:type\" content=\"article\" \/>\n<meta property=\"og:title\" content=\"Poster: Bizarre Raumschiffe auf einem fremden Planeten\" \/>\n<meta property=\"og:description\" content=\"&quot;Bizarre Raumschiffe auf einem fremden Planeten&quot; by Kerstin Waurick Dieses KI-generierte Bild zeigt eine faszinierende Science-Fiction-Landschaft auf einem fremden Planeten. Im Vordergrund zeichnen bizarre Landschaften mit Felsen und au\u00dferirdischen Formationen den Boden, w\u00e4hrend am Himmel Planeten, Galaxien, Raumschiffe oder Sterne ein episches Panorama bilden. Dazwischen f\u00fcgen sich hypermoderne Stationen nahtlos in die Szene ein und [&hellip;]\" \/>\n<meta property=\"og:url\" content=\"https:\/\/www.raxxa.com\/fr\/shop\/poster-bizarre-raumschiffe-auf-einem-fremden-planeten\/\" \/>\n<meta property=\"og:site_name\" content=\"raxxa\" \/>\n<meta property=\"article:publisher\" content=\"https:\/\/facebook.com\/raxxacom\" \/>\n<meta property=\"article:modified_time\" content=\"2026-03-27T18:55:18+00:00\" \/>\n<meta name=\"twitter:card\" content=\"summary_large_image\" \/>\n<meta name=\"twitter:label1\" content=\"Disponibilit\u00e9\" \/>\n\t<meta name=\"twitter:data1\" content=\"En stock\" \/>\n<script type=\"application\/ld+json\" class=\"yoast-schema-graph\">{\"@context\":\"https:\\\/\\\/schema.org\",\"@graph\":[{\"@type\":[\"WebPage\",\"ItemPage\"],\"@id\":\"https:\\\/\\\/www.raxxa.com\\\/shop\\\/poster-bizarre-raumschiffe-auf-einem-fremden-planeten\\\/\",\"url\":\"https:\\\/\\\/www.raxxa.com\\\/shop\\\/poster-bizarre-raumschiffe-auf-einem-fremden-planeten\\\/\",\"name\":\"Poster: Bizarre Raumschiffe auf einem fremden Planeten - raxxa\",\"isPartOf\":{\"@id\":\"https:\\\/\\\/www.raxxa.com\\\/#website\"},\"primaryImageOfPage\":{\"@id\":\"https:\\\/\\\/www.raxxa.com\\\/shop\\\/poster-bizarre-raumschiffe-auf-einem-fremden-planeten\\\/#primaryimage\"},\"image\":{\"@id\":\"https:\\\/\\\/www.raxxa.com\\\/shop\\\/poster-bizarre-raumschiffe-auf-einem-fremden-planeten\\\/#primaryimage\"},\"thumbnailUrl\":\"https:\\\/\\\/www.raxxa.com\\\/wp-content\\\/uploads\\\/2026\\\/03\\\/raxxa-Wallart-373-24593-84-Kerstin-Waurick-Bizarre-Raumschiffe-auf-einem-fremden-Planeten-28.jpg\",\"datePublished\":\"2026-03-27T18:53:26+00:00\",\"dateModified\":\"2026-03-27T18:55:18+00:00\",\"breadcrumb\":{\"@id\":\"https:\\\/\\\/www.raxxa.com\\\/shop\\\/poster-bizarre-raumschiffe-auf-einem-fremden-planeten\\\/#breadcrumb\"},\"inLanguage\":\"fr-FR\",\"potentialAction\":[{\"@type\":\"ReadAction\",\"target\":[\"https:\\\/\\\/www.raxxa.com\\\/shop\\\/poster-bizarre-raumschiffe-auf-einem-fremden-planeten\\\/\"]}]},{\"@type\":\"ImageObject\",\"inLanguage\":\"fr-FR\",\"@id\":\"https:\\\/\\\/www.raxxa.com\\\/shop\\\/poster-bizarre-raumschiffe-auf-einem-fremden-planeten\\\/#primaryimage\",\"url\":\"https:\\\/\\\/www.raxxa.com\\\/wp-content\\\/uploads\\\/2026\\\/03\\\/raxxa-Wallart-373-24593-84-Kerstin-Waurick-Bizarre-Raumschiffe-auf-einem-fremden-Planeten-28.jpg\",\"contentUrl\":\"https:\\\/\\\/www.raxxa.com\\\/wp-content\\\/uploads\\\/2026\\\/03\\\/raxxa-Wallart-373-24593-84-Kerstin-Waurick-Bizarre-Raumschiffe-auf-einem-fremden-Planeten-28.jpg\",\"width\":1024,\"height\":1024},{\"@type\":\"BreadcrumbList\",\"@id\":\"https:\\\/\\\/www.raxxa.com\\\/shop\\\/poster-bizarre-raumschiffe-auf-einem-fremden-planeten\\\/#breadcrumb\",\"itemListElement\":[{\"@type\":\"ListItem\",\"position\":1,\"name\":\"Startseite\",\"item\":\"https:\\\/\\\/www.raxxa.com\\\/\"},{\"@type\":\"ListItem\",\"position\":2,\"name\":\"Shop\",\"item\":\"https:\\\/\\\/www.raxxa.com\\\/it\\\/shop\\\/\"},{\"@type\":\"ListItem\",\"position\":3,\"name\":\"Poster: Bizarre Raumschiffe auf einem fremden Planeten\"}]},{\"@type\":\"WebSite\",\"@id\":\"https:\\\/\\\/www.raxxa.com\\\/#website\",\"url\":\"https:\\\/\\\/www.raxxa.com\\\/\",\"name\":\"raxxa\",\"description\":\"Einzigartige individuelle Produkte von unseren Designern\",\"publisher\":{\"@id\":\"https:\\\/\\\/www.raxxa.com\\\/#organization\"},\"potentialAction\":[{\"@type\":\"SearchAction\",\"target\":{\"@type\":\"EntryPoint\",\"urlTemplate\":\"https:\\\/\\\/www.raxxa.com\\\/?s={search_term_string}\"},\"query-input\":{\"@type\":\"PropertyValueSpecification\",\"valueRequired\":true,\"valueName\":\"search_term_string\"}}],\"inLanguage\":\"fr-FR\"},{\"@type\":\"Organization\",\"@id\":\"https:\\\/\\\/www.raxxa.com\\\/#organization\",\"name\":\"raxxa\",\"url\":\"https:\\\/\\\/www.raxxa.com\\\/\",\"logo\":{\"@type\":\"ImageObject\",\"inLanguage\":\"fr-FR\",\"@id\":\"https:\\\/\\\/www.raxxa.com\\\/#\\\/schema\\\/logo\\\/image\\\/\",\"url\":\"https:\\\/\\\/www.raxxa.com\\\/wp-content\\\/uploads\\\/2022\\\/07\\\/logo_v2.png\",\"contentUrl\":\"https:\\\/\\\/www.raxxa.com\\\/wp-content\\\/uploads\\\/2022\\\/07\\\/logo_v2.png\",\"width\":380,\"height\":382,\"caption\":\"raxxa\"},\"image\":{\"@id\":\"https:\\\/\\\/www.raxxa.com\\\/#\\\/schema\\\/logo\\\/image\\\/\"},\"sameAs\":[\"https:\\\/\\\/facebook.com\\\/raxxacom\"]}]}<\/script>\n<meta property=\"og:availability\" content=\"instock\" \/>\n<meta property=\"product:availability\" content=\"instock\" \/>\n<meta property=\"product:retailer_item_id\" content=\"1-84-24593-373\" \/>\n<meta property=\"product:condition\" content=\"new\" \/>\n<!-- \/ Yoast SEO Premium plugin. -->","yoast_head_json":{"title":"Poster: Bizarre Raumschiffe auf einem fremden Planeten - raxxa","robots":{"index":"index","follow":"follow","max-snippet":"max-snippet:-1","max-image-preview":"max-image-preview:large","max-video-preview":"max-video-preview:-1"},"canonical":"https:\/\/www.raxxa.com\/fr\/shop\/poster-bizarre-raumschiffe-auf-einem-fremden-planeten\/","og_locale":"fr_FR","og_type":"article","og_title":"Poster: Bizarre Raumschiffe auf einem fremden Planeten","og_description":"&quot;Bizarre Raumschiffe auf einem fremden Planeten&quot; by Kerstin Waurick Dieses KI-generierte Bild zeigt eine faszinierende Science-Fiction-Landschaft auf einem fremden Planeten. Im Vordergrund zeichnen bizarre Landschaften mit Felsen und au\u00dferirdischen Formationen den Boden, w\u00e4hrend am Himmel Planeten, Galaxien, Raumschiffe oder Sterne ein episches Panorama bilden. Dazwischen f\u00fcgen sich hypermoderne Stationen nahtlos in die Szene ein und [&hellip;]","og_url":"https:\/\/www.raxxa.com\/fr\/shop\/poster-bizarre-raumschiffe-auf-einem-fremden-planeten\/","og_site_name":"raxxa","article_publisher":"https:\/\/facebook.com\/raxxacom","article_modified_time":"2026-03-27T18:55:18+00:00","twitter_card":"summary_large_image","twitter_misc":{"Disponibilit\u00e9":"En stock"},"schema":{"@context":"https:\/\/schema.org","@graph":[{"@type":["WebPage","ItemPage"],"@id":"https:\/\/www.raxxa.com\/shop\/poster-bizarre-raumschiffe-auf-einem-fremden-planeten\/","url":"https:\/\/www.raxxa.com\/shop\/poster-bizarre-raumschiffe-auf-einem-fremden-planeten\/","name":"Poster: Bizarre Raumschiffe auf einem fremden Planeten - raxxa","isPartOf":{"@id":"https:\/\/www.raxxa.com\/#website"},"primaryImageOfPage":{"@id":"https:\/\/www.raxxa.com\/shop\/poster-bizarre-raumschiffe-auf-einem-fremden-planeten\/#primaryimage"},"image":{"@id":"https:\/\/www.raxxa.com\/shop\/poster-bizarre-raumschiffe-auf-einem-fremden-planeten\/#primaryimage"},"thumbnailUrl":"https:\/\/www.raxxa.com\/wp-content\/uploads\/2026\/03\/raxxa-Wallart-373-24593-84-Kerstin-Waurick-Bizarre-Raumschiffe-auf-einem-fremden-Planeten-28.jpg","datePublished":"2026-03-27T18:53:26+00:00","dateModified":"2026-03-27T18:55:18+00:00","breadcrumb":{"@id":"https:\/\/www.raxxa.com\/shop\/poster-bizarre-raumschiffe-auf-einem-fremden-planeten\/#breadcrumb"},"inLanguage":"fr-FR","potentialAction":[{"@type":"ReadAction","target":["https:\/\/www.raxxa.com\/shop\/poster-bizarre-raumschiffe-auf-einem-fremden-planeten\/"]}]},{"@type":"ImageObject","inLanguage":"fr-FR","@id":"https:\/\/www.raxxa.com\/shop\/poster-bizarre-raumschiffe-auf-einem-fremden-planeten\/#primaryimage","url":"https:\/\/www.raxxa.com\/wp-content\/uploads\/2026\/03\/raxxa-Wallart-373-24593-84-Kerstin-Waurick-Bizarre-Raumschiffe-auf-einem-fremden-Planeten-28.jpg","contentUrl":"https:\/\/www.raxxa.com\/wp-content\/uploads\/2026\/03\/raxxa-Wallart-373-24593-84-Kerstin-Waurick-Bizarre-Raumschiffe-auf-einem-fremden-Planeten-28.jpg","width":1024,"height":1024},{"@type":"BreadcrumbList","@id":"https:\/\/www.raxxa.com\/shop\/poster-bizarre-raumschiffe-auf-einem-fremden-planeten\/#breadcrumb","itemListElement":[{"@type":"ListItem","position":1,"name":"Startseite","item":"https:\/\/www.raxxa.com\/"},{"@type":"ListItem","position":2,"name":"Shop","item":"https:\/\/www.raxxa.com\/it\/shop\/"},{"@type":"ListItem","position":3,"name":"Poster: Bizarre Raumschiffe auf einem fremden Planeten"}]},{"@type":"WebSite","@id":"https:\/\/www.raxxa.com\/#website","url":"https:\/\/www.raxxa.com\/","name":"raxxa","description":"Des produits uniques et personnalis\u00e9s cr\u00e9\u00e9s par nos designers","publisher":{"@id":"https:\/\/www.raxxa.com\/#organization"},"potentialAction":[{"@type":"SearchAction","target":{"@type":"EntryPoint","urlTemplate":"https:\/\/www.raxxa.com\/?s={search_term_string}"},"query-input":{"@type":"PropertyValueSpecification","valueRequired":true,"valueName":"search_term_string"}}],"inLanguage":"fr-FR"},{"@type":"Organization","@id":"https:\/\/www.raxxa.com\/#organization","name":"raxxa","url":"https:\/\/www.raxxa.com\/","logo":{"@type":"ImageObject","inLanguage":"fr-FR","@id":"https:\/\/www.raxxa.com\/#\/schema\/logo\/image\/","url":"https:\/\/www.raxxa.com\/wp-content\/uploads\/2022\/07\/logo_v2.png","contentUrl":"https:\/\/www.raxxa.com\/wp-content\/uploads\/2022\/07\/logo_v2.png","width":380,"height":382,"caption":"raxxa"},"image":{"@id":"https:\/\/www.raxxa.com\/#\/schema\/logo\/image\/"},"sameAs":["https:\/\/facebook.com\/raxxacom"]}]},"og_availability":"instock","product_availability":"instock","product_retailer_item_id":"1-84-24593-373","product_condition":"new"},"jetpack_sharing_enabled":true,"_links":{"self":[{"href":"https:\/\/www.raxxa.com\/fr\/wp-json\/wp\/v2\/product\/304887","targetHints":{"allow":["GET"]}}],"collection":[{"href":"https:\/\/www.raxxa.com\/fr\/wp-json\/wp\/v2\/product"}],"about":[{"href":"https:\/\/www.raxxa.com\/fr\/wp-json\/wp\/v2\/types\/product"}],"replies":[{"embeddable":true,"href":"https:\/\/www.raxxa.com\/fr\/wp-json\/wp\/v2\/comments?post=304887"}],"wp:featuredmedia":[{"embeddable":true,"href":"https:\/\/www.raxxa.com\/fr\/wp-json\/wp\/v2\/media\/304889"}],"wp:attachment":[{"href":"https:\/\/www.raxxa.com\/fr\/wp-json\/wp\/v2\/media?parent=304887"}],"wp:term":[{"taxonomy":"product_brand","embeddable":true,"href":"https:\/\/www.raxxa.com\/fr\/wp-json\/wp\/v2\/product_brand?post=304887"},{"taxonomy":"product_cat","embeddable":true,"href":"https:\/\/www.raxxa.com\/fr\/wp-json\/wp\/v2\/product_cat?post=304887"},{"taxonomy":"product_tag","embeddable":true,"href":"https:\/\/www.raxxa.com\/fr\/wp-json\/wp\/v2\/product_tag?post=304887"}],"curies":[{"name":"wp","href":"https:\/\/api.w.org\/{rel}","templated":true}]}}