{"id":304646,"date":"2026-03-27T15:21:28","date_gmt":"2026-03-27T13:21:28","guid":{"rendered":"https:\/\/www.raxxa.com\/shop\/poster-hypermoderner-sportwagen-in-den-bergen\/"},"modified":"2026-03-27T15:23:00","modified_gmt":"2026-03-27T13:23:00","slug":"poster-hypermoderner-sportwagen-in-den-bergen","status":"publish","type":"product","link":"https:\/\/www.raxxa.com\/fr\/shop\/poster-hypermoderner-sportwagen-in-den-bergen\/","title":{"rendered":"Poster: Hypermoderner Sportwagen in den Bergen"},"content":{"rendered":"<h3><strong>&quot;Hypermoderner Sportwagen in den Bergen&quot; by Kerstin Waurick<\/strong><\/h3>\n<p><strong><\/strong><\/p>\n<p>Dieses ausdrucksstarke, KI-generierte Bild zeigt ein hypermodernes Auto, elegant und flach designt, mit klaren Linien und sportlicher Silhouette. Die Szene platziert das Fahrzeug in einer stimmigen Umgebung \u2013 st\u00e4dtische Stra\u00dfen, Serpentinen oder offene Landschaften \u2013, wodurch Dynamik, Stil und Alltagstauglichkeit zugleich vermittelt werden. So entsteht eine moderne, realistische Bildwelt, die futuristisches Design, Bewegung und urbanen Lifestyle eindrucksvoll kombiniert.<\/p>\n<p>&nbsp;<\/p>\n<ul><li>Poster de qualit\u00e9 mus\u00e9e sur papier d'archive mat durable (non couch\u00e9).<\/li><li>Poids du papier : 250 g \/ m\u00b2.<\/li><li>Envoi dans un emballage solide pour prot\u00e9ger le poster.<\/li><li>Ce produit est fabriqu\u00e9 sp\u00e9cialement pour toi, sur demande, dans la taille et le design souhait\u00e9s.<\/li><\/ul>","protected":false},"excerpt":{"rendered":"<p>&quot;Hypermoderner Sportwagen in den Bergen&quot; by Kerstin Waurick Dieses ausdrucksstarke, KI-generierte Bild zeigt ein hypermodernes Auto, elegant und flach designt, mit klaren Linien und sportlicher Silhouette. Die Szene platziert das Fahrzeug in einer stimmigen Umgebung \u2013 st\u00e4dtische Stra\u00dfen, Serpentinen oder offene Landschaften \u2013, wodurch Dynamik, Stil und Alltagstauglichkeit zugleich vermittelt werden. So entsteht eine moderne, [&hellip;]<\/p>\n","protected":false},"featured_media":304647,"comment_status":"open","ping_status":"closed","template":"","meta":[],"product_brand":[],"product_cat":[159,10378,13429],"product_tag":[],"class_list":{"0":"post-304646","1":"product","2":"type-product","3":"status-publish","4":"has-post-thumbnail","6":"product_cat-fahrzeuge","7":"product_cat-poster","8":"product_cat-kerstin-waurick","9":"product_shipping_class-versand-t-shirts1","11":"first","12":"instock","13":"taxable","14":"shipping-taxable","15":"purchasable","16":"product-type-variable"},"yoast_head":"<!-- This site is optimized with the Yoast SEO Premium plugin v27.5 (Yoast SEO v27.5) - https:\/\/yoast.com\/product\/yoast-seo-premium-wordpress\/ -->\n<title>Poster: Hypermoderner Sportwagen in den Bergen - raxxa<\/title>\n<meta name=\"robots\" content=\"index, follow, max-snippet:-1, max-image-preview:large, max-video-preview:-1\" \/>\n<link rel=\"canonical\" href=\"https:\/\/www.raxxa.com\/fr\/shop\/poster-hypermoderner-sportwagen-in-den-bergen\/\" \/>\n<meta property=\"og:locale\" content=\"fr_FR\" \/>\n<meta property=\"og:type\" content=\"article\" \/>\n<meta property=\"og:title\" content=\"Poster: Hypermoderner Sportwagen in den Bergen\" \/>\n<meta property=\"og:description\" content=\"&quot;Hypermoderner Sportwagen in den Bergen&quot; by Kerstin Waurick Dieses ausdrucksstarke, KI-generierte Bild zeigt ein hypermodernes Auto, elegant und flach designt, mit klaren Linien und sportlicher Silhouette. Die Szene platziert das Fahrzeug in einer stimmigen Umgebung \u2013 st\u00e4dtische Stra\u00dfen, Serpentinen oder offene Landschaften \u2013, wodurch Dynamik, Stil und Alltagstauglichkeit zugleich vermittelt werden. So entsteht eine moderne, [&hellip;]\" \/>\n<meta property=\"og:url\" content=\"https:\/\/www.raxxa.com\/fr\/shop\/poster-hypermoderner-sportwagen-in-den-bergen\/\" \/>\n<meta property=\"og:site_name\" content=\"raxxa\" \/>\n<meta property=\"article:publisher\" content=\"https:\/\/facebook.com\/raxxacom\" \/>\n<meta property=\"article:modified_time\" content=\"2026-03-27T13:23:00+00:00\" \/>\n<meta name=\"twitter:card\" content=\"summary_large_image\" \/>\n<meta name=\"twitter:label1\" content=\"Disponibilit\u00e9\" \/>\n\t<meta name=\"twitter:data1\" content=\"En stock\" \/>\n<script type=\"application\/ld+json\" class=\"yoast-schema-graph\">{\"@context\":\"https:\\\/\\\/schema.org\",\"@graph\":[{\"@type\":[\"WebPage\",\"ItemPage\"],\"@id\":\"https:\\\/\\\/www.raxxa.com\\\/shop\\\/poster-hypermoderner-sportwagen-in-den-bergen\\\/\",\"url\":\"https:\\\/\\\/www.raxxa.com\\\/shop\\\/poster-hypermoderner-sportwagen-in-den-bergen\\\/\",\"name\":\"Poster: Hypermoderner Sportwagen in den Bergen - raxxa\",\"isPartOf\":{\"@id\":\"https:\\\/\\\/www.raxxa.com\\\/#website\"},\"primaryImageOfPage\":{\"@id\":\"https:\\\/\\\/www.raxxa.com\\\/shop\\\/poster-hypermoderner-sportwagen-in-den-bergen\\\/#primaryimage\"},\"image\":{\"@id\":\"https:\\\/\\\/www.raxxa.com\\\/shop\\\/poster-hypermoderner-sportwagen-in-den-bergen\\\/#primaryimage\"},\"thumbnailUrl\":\"https:\\\/\\\/www.raxxa.com\\\/wp-content\\\/uploads\\\/2026\\\/03\\\/raxxa-Wallart-373-24583-84-Kerstin-Waurick-Hypermoderner-Sportwagen-in-den-Bergen-22.jpg\",\"datePublished\":\"2026-03-27T13:21:28+00:00\",\"dateModified\":\"2026-03-27T13:23:00+00:00\",\"breadcrumb\":{\"@id\":\"https:\\\/\\\/www.raxxa.com\\\/shop\\\/poster-hypermoderner-sportwagen-in-den-bergen\\\/#breadcrumb\"},\"inLanguage\":\"fr-FR\",\"potentialAction\":[{\"@type\":\"ReadAction\",\"target\":[\"https:\\\/\\\/www.raxxa.com\\\/shop\\\/poster-hypermoderner-sportwagen-in-den-bergen\\\/\"]}]},{\"@type\":\"ImageObject\",\"inLanguage\":\"fr-FR\",\"@id\":\"https:\\\/\\\/www.raxxa.com\\\/shop\\\/poster-hypermoderner-sportwagen-in-den-bergen\\\/#primaryimage\",\"url\":\"https:\\\/\\\/www.raxxa.com\\\/wp-content\\\/uploads\\\/2026\\\/03\\\/raxxa-Wallart-373-24583-84-Kerstin-Waurick-Hypermoderner-Sportwagen-in-den-Bergen-22.jpg\",\"contentUrl\":\"https:\\\/\\\/www.raxxa.com\\\/wp-content\\\/uploads\\\/2026\\\/03\\\/raxxa-Wallart-373-24583-84-Kerstin-Waurick-Hypermoderner-Sportwagen-in-den-Bergen-22.jpg\",\"width\":1024,\"height\":1024},{\"@type\":\"BreadcrumbList\",\"@id\":\"https:\\\/\\\/www.raxxa.com\\\/shop\\\/poster-hypermoderner-sportwagen-in-den-bergen\\\/#breadcrumb\",\"itemListElement\":[{\"@type\":\"ListItem\",\"position\":1,\"name\":\"Startseite\",\"item\":\"https:\\\/\\\/www.raxxa.com\\\/\"},{\"@type\":\"ListItem\",\"position\":2,\"name\":\"Shop\",\"item\":\"https:\\\/\\\/www.raxxa.com\\\/it\\\/shop\\\/\"},{\"@type\":\"ListItem\",\"position\":3,\"name\":\"Poster: Hypermoderner Sportwagen in den Bergen\"}]},{\"@type\":\"WebSite\",\"@id\":\"https:\\\/\\\/www.raxxa.com\\\/#website\",\"url\":\"https:\\\/\\\/www.raxxa.com\\\/\",\"name\":\"raxxa\",\"description\":\"Einzigartige individuelle Produkte von unseren Designern\",\"publisher\":{\"@id\":\"https:\\\/\\\/www.raxxa.com\\\/#organization\"},\"potentialAction\":[{\"@type\":\"SearchAction\",\"target\":{\"@type\":\"EntryPoint\",\"urlTemplate\":\"https:\\\/\\\/www.raxxa.com\\\/?s={search_term_string}\"},\"query-input\":{\"@type\":\"PropertyValueSpecification\",\"valueRequired\":true,\"valueName\":\"search_term_string\"}}],\"inLanguage\":\"fr-FR\"},{\"@type\":\"Organization\",\"@id\":\"https:\\\/\\\/www.raxxa.com\\\/#organization\",\"name\":\"raxxa\",\"url\":\"https:\\\/\\\/www.raxxa.com\\\/\",\"logo\":{\"@type\":\"ImageObject\",\"inLanguage\":\"fr-FR\",\"@id\":\"https:\\\/\\\/www.raxxa.com\\\/#\\\/schema\\\/logo\\\/image\\\/\",\"url\":\"https:\\\/\\\/www.raxxa.com\\\/wp-content\\\/uploads\\\/2022\\\/07\\\/logo_v2.png\",\"contentUrl\":\"https:\\\/\\\/www.raxxa.com\\\/wp-content\\\/uploads\\\/2022\\\/07\\\/logo_v2.png\",\"width\":380,\"height\":382,\"caption\":\"raxxa\"},\"image\":{\"@id\":\"https:\\\/\\\/www.raxxa.com\\\/#\\\/schema\\\/logo\\\/image\\\/\"},\"sameAs\":[\"https:\\\/\\\/facebook.com\\\/raxxacom\"]}]}<\/script>\n<meta property=\"og:availability\" content=\"instock\" \/>\n<meta property=\"product:availability\" content=\"instock\" \/>\n<meta property=\"product:retailer_item_id\" content=\"1-84-24583-373\" \/>\n<meta property=\"product:condition\" content=\"new\" \/>\n<!-- \/ Yoast SEO Premium plugin. -->","yoast_head_json":{"title":"Poster: Hypermoderner Sportwagen in den Bergen - raxxa","robots":{"index":"index","follow":"follow","max-snippet":"max-snippet:-1","max-image-preview":"max-image-preview:large","max-video-preview":"max-video-preview:-1"},"canonical":"https:\/\/www.raxxa.com\/fr\/shop\/poster-hypermoderner-sportwagen-in-den-bergen\/","og_locale":"fr_FR","og_type":"article","og_title":"Poster: Hypermoderner Sportwagen in den Bergen","og_description":"&quot;Hypermoderner Sportwagen in den Bergen&quot; by Kerstin Waurick Dieses ausdrucksstarke, KI-generierte Bild zeigt ein hypermodernes Auto, elegant und flach designt, mit klaren Linien und sportlicher Silhouette. Die Szene platziert das Fahrzeug in einer stimmigen Umgebung \u2013 st\u00e4dtische Stra\u00dfen, Serpentinen oder offene Landschaften \u2013, wodurch Dynamik, Stil und Alltagstauglichkeit zugleich vermittelt werden. So entsteht eine moderne, [&hellip;]","og_url":"https:\/\/www.raxxa.com\/fr\/shop\/poster-hypermoderner-sportwagen-in-den-bergen\/","og_site_name":"raxxa","article_publisher":"https:\/\/facebook.com\/raxxacom","article_modified_time":"2026-03-27T13:23:00+00:00","twitter_card":"summary_large_image","twitter_misc":{"Disponibilit\u00e9":"En stock"},"schema":{"@context":"https:\/\/schema.org","@graph":[{"@type":["WebPage","ItemPage"],"@id":"https:\/\/www.raxxa.com\/shop\/poster-hypermoderner-sportwagen-in-den-bergen\/","url":"https:\/\/www.raxxa.com\/shop\/poster-hypermoderner-sportwagen-in-den-bergen\/","name":"Poster: Hypermoderner Sportwagen in den Bergen - raxxa","isPartOf":{"@id":"https:\/\/www.raxxa.com\/#website"},"primaryImageOfPage":{"@id":"https:\/\/www.raxxa.com\/shop\/poster-hypermoderner-sportwagen-in-den-bergen\/#primaryimage"},"image":{"@id":"https:\/\/www.raxxa.com\/shop\/poster-hypermoderner-sportwagen-in-den-bergen\/#primaryimage"},"thumbnailUrl":"https:\/\/www.raxxa.com\/wp-content\/uploads\/2026\/03\/raxxa-Wallart-373-24583-84-Kerstin-Waurick-Hypermoderner-Sportwagen-in-den-Bergen-22.jpg","datePublished":"2026-03-27T13:21:28+00:00","dateModified":"2026-03-27T13:23:00+00:00","breadcrumb":{"@id":"https:\/\/www.raxxa.com\/shop\/poster-hypermoderner-sportwagen-in-den-bergen\/#breadcrumb"},"inLanguage":"fr-FR","potentialAction":[{"@type":"ReadAction","target":["https:\/\/www.raxxa.com\/shop\/poster-hypermoderner-sportwagen-in-den-bergen\/"]}]},{"@type":"ImageObject","inLanguage":"fr-FR","@id":"https:\/\/www.raxxa.com\/shop\/poster-hypermoderner-sportwagen-in-den-bergen\/#primaryimage","url":"https:\/\/www.raxxa.com\/wp-content\/uploads\/2026\/03\/raxxa-Wallart-373-24583-84-Kerstin-Waurick-Hypermoderner-Sportwagen-in-den-Bergen-22.jpg","contentUrl":"https:\/\/www.raxxa.com\/wp-content\/uploads\/2026\/03\/raxxa-Wallart-373-24583-84-Kerstin-Waurick-Hypermoderner-Sportwagen-in-den-Bergen-22.jpg","width":1024,"height":1024},{"@type":"BreadcrumbList","@id":"https:\/\/www.raxxa.com\/shop\/poster-hypermoderner-sportwagen-in-den-bergen\/#breadcrumb","itemListElement":[{"@type":"ListItem","position":1,"name":"Startseite","item":"https:\/\/www.raxxa.com\/"},{"@type":"ListItem","position":2,"name":"Shop","item":"https:\/\/www.raxxa.com\/it\/shop\/"},{"@type":"ListItem","position":3,"name":"Poster: Hypermoderner Sportwagen in den Bergen"}]},{"@type":"WebSite","@id":"https:\/\/www.raxxa.com\/#website","url":"https:\/\/www.raxxa.com\/","name":"raxxa","description":"Des produits uniques et personnalis\u00e9s cr\u00e9\u00e9s par nos designers","publisher":{"@id":"https:\/\/www.raxxa.com\/#organization"},"potentialAction":[{"@type":"SearchAction","target":{"@type":"EntryPoint","urlTemplate":"https:\/\/www.raxxa.com\/?s={search_term_string}"},"query-input":{"@type":"PropertyValueSpecification","valueRequired":true,"valueName":"search_term_string"}}],"inLanguage":"fr-FR"},{"@type":"Organization","@id":"https:\/\/www.raxxa.com\/#organization","name":"raxxa","url":"https:\/\/www.raxxa.com\/","logo":{"@type":"ImageObject","inLanguage":"fr-FR","@id":"https:\/\/www.raxxa.com\/#\/schema\/logo\/image\/","url":"https:\/\/www.raxxa.com\/wp-content\/uploads\/2022\/07\/logo_v2.png","contentUrl":"https:\/\/www.raxxa.com\/wp-content\/uploads\/2022\/07\/logo_v2.png","width":380,"height":382,"caption":"raxxa"},"image":{"@id":"https:\/\/www.raxxa.com\/#\/schema\/logo\/image\/"},"sameAs":["https:\/\/facebook.com\/raxxacom"]}]},"og_availability":"instock","product_availability":"instock","product_retailer_item_id":"1-84-24583-373","product_condition":"new"},"jetpack_sharing_enabled":true,"_links":{"self":[{"href":"https:\/\/www.raxxa.com\/fr\/wp-json\/wp\/v2\/product\/304646","targetHints":{"allow":["GET"]}}],"collection":[{"href":"https:\/\/www.raxxa.com\/fr\/wp-json\/wp\/v2\/product"}],"about":[{"href":"https:\/\/www.raxxa.com\/fr\/wp-json\/wp\/v2\/types\/product"}],"replies":[{"embeddable":true,"href":"https:\/\/www.raxxa.com\/fr\/wp-json\/wp\/v2\/comments?post=304646"}],"wp:featuredmedia":[{"embeddable":true,"href":"https:\/\/www.raxxa.com\/fr\/wp-json\/wp\/v2\/media\/304647"}],"wp:attachment":[{"href":"https:\/\/www.raxxa.com\/fr\/wp-json\/wp\/v2\/media?parent=304646"}],"wp:term":[{"taxonomy":"product_brand","embeddable":true,"href":"https:\/\/www.raxxa.com\/fr\/wp-json\/wp\/v2\/product_brand?post=304646"},{"taxonomy":"product_cat","embeddable":true,"href":"https:\/\/www.raxxa.com\/fr\/wp-json\/wp\/v2\/product_cat?post=304646"},{"taxonomy":"product_tag","embeddable":true,"href":"https:\/\/www.raxxa.com\/fr\/wp-json\/wp\/v2\/product_tag?post=304646"}],"curies":[{"name":"wp","href":"https:\/\/api.w.org\/{rel}","templated":true}]}}