{"id":302071,"date":"2026-03-21T09:50:22","date_gmt":"2026-03-21T07:50:22","guid":{"rendered":"https:\/\/www.raxxa.com\/shop\/poster-farbenfrohe-tanzende-kraniche\/"},"modified":"2026-03-21T09:51:59","modified_gmt":"2026-03-21T07:51:59","slug":"poster-farbenfrohe-tanzende-kraniche","status":"publish","type":"product","link":"https:\/\/www.raxxa.com\/fr\/shop\/poster-farbenfrohe-tanzende-kraniche\/","title":{"rendered":"Poster: Farbenfrohe tanzende Kraniche"},"content":{"rendered":"<h3><strong>&quot;Farbenfrohe tanzende Kraniche&quot; by Kerstin Waurick<\/strong><\/h3>\n<p><strong><\/strong><\/p>\n<p>Dieses ausdrucksstarke Bild zeigt die farbintensive Illustration eines Vogels, inspiriert von der \u00c4sthetik des Linolschnitts. Klare Formen und kr\u00e4ftige, kontrastreiche Farben stehen im Mittelpunkt und schaffen eine lebendige, fast rhythmische Bildwirkung. Die Darstellung verzichtet bewusst auf realistische Details und setzt stattdessen auf visuelle Energie und dekorative Wirkung. Mithilfe moderner KI entsteht so eine kraftvolle Komposition, die vor allem eines will- ins Auge springen und Freude machen.<\/p>\n<p>&nbsp;<\/p>\n<ul><li>Poster de qualit\u00e9 mus\u00e9e sur papier d'archive mat durable (non couch\u00e9).<\/li><li>Poids du papier : 250 g \/ m\u00b2.<\/li><li>Envoi dans un emballage solide pour prot\u00e9ger le poster.<\/li><li>Ce produit est fabriqu\u00e9 sp\u00e9cialement pour toi, sur demande, dans la taille et le design souhait\u00e9s.<\/li><\/ul>","protected":false},"excerpt":{"rendered":"<p>&quot;Farbenfrohe tanzende Kraniche&quot; by Kerstin Waurick Dieses ausdrucksstarke Bild zeigt die farbintensive Illustration eines Vogels, inspiriert von der \u00c4sthetik des Linolschnitts. Klare Formen und kr\u00e4ftige, kontrastreiche Farben stehen im Mittelpunkt und schaffen eine lebendige, fast rhythmische Bildwirkung. Die Darstellung verzichtet bewusst auf realistische Details und setzt stattdessen auf visuelle Energie und dekorative Wirkung. Mithilfe moderner [&hellip;]<\/p>\n","protected":false},"featured_media":302072,"comment_status":"open","ping_status":"closed","template":"","meta":[],"product_brand":[],"product_cat":[10378,133,13429],"product_tag":[],"class_list":{"0":"post-302071","1":"product","2":"type-product","3":"status-publish","4":"has-post-thumbnail","6":"product_cat-poster","7":"product_cat-tiere","8":"product_cat-kerstin-waurick","9":"product_shipping_class-versand-t-shirts1","11":"first","12":"instock","13":"taxable","14":"shipping-taxable","15":"purchasable","16":"product-type-variable"},"yoast_head":"<!-- This site is optimized with the Yoast SEO Premium plugin v27.2 (Yoast SEO v27.3) - https:\/\/yoast.com\/product\/yoast-seo-premium-wordpress\/ -->\n<title>Poster: Farbenfrohe tanzende Kraniche - raxxa<\/title>\n<meta name=\"robots\" content=\"index, follow, max-snippet:-1, max-image-preview:large, max-video-preview:-1\" \/>\n<link rel=\"canonical\" href=\"https:\/\/www.raxxa.com\/fr\/shop\/poster-farbenfrohe-tanzende-kraniche\/\" \/>\n<meta property=\"og:locale\" content=\"fr_FR\" \/>\n<meta property=\"og:type\" content=\"article\" \/>\n<meta property=\"og:title\" content=\"Poster: Farbenfrohe tanzende Kraniche\" \/>\n<meta property=\"og:description\" content=\"&quot;Farbenfrohe tanzende Kraniche&quot; by Kerstin Waurick Dieses ausdrucksstarke Bild zeigt die farbintensive Illustration eines Vogels, inspiriert von der \u00c4sthetik des Linolschnitts. Klare Formen und kr\u00e4ftige, kontrastreiche Farben stehen im Mittelpunkt und schaffen eine lebendige, fast rhythmische Bildwirkung. Die Darstellung verzichtet bewusst auf realistische Details und setzt stattdessen auf visuelle Energie und dekorative Wirkung. Mithilfe moderner [&hellip;]\" \/>\n<meta property=\"og:url\" content=\"https:\/\/www.raxxa.com\/fr\/shop\/poster-farbenfrohe-tanzende-kraniche\/\" \/>\n<meta property=\"og:site_name\" content=\"raxxa\" \/>\n<meta property=\"article:publisher\" content=\"https:\/\/facebook.com\/raxxacom\" \/>\n<meta property=\"article:modified_time\" content=\"2026-03-21T07:51:59+00:00\" \/>\n<meta name=\"twitter:card\" content=\"summary_large_image\" \/>\n<meta name=\"twitter:label1\" content=\"Disponibilit\u00e9\" \/>\n\t<meta name=\"twitter:data1\" content=\"En stock\" \/>\n<script type=\"application\/ld+json\" class=\"yoast-schema-graph\">{\"@context\":\"https:\\\/\\\/schema.org\",\"@graph\":[{\"@type\":[\"WebPage\",\"ItemPage\"],\"@id\":\"https:\\\/\\\/www.raxxa.com\\\/shop\\\/poster-farbenfrohe-tanzende-kraniche\\\/\",\"url\":\"https:\\\/\\\/www.raxxa.com\\\/shop\\\/poster-farbenfrohe-tanzende-kraniche\\\/\",\"name\":\"Poster: Farbenfrohe tanzende Kraniche - raxxa\",\"isPartOf\":{\"@id\":\"https:\\\/\\\/www.raxxa.com\\\/#website\"},\"primaryImageOfPage\":{\"@id\":\"https:\\\/\\\/www.raxxa.com\\\/shop\\\/poster-farbenfrohe-tanzende-kraniche\\\/#primaryimage\"},\"image\":{\"@id\":\"https:\\\/\\\/www.raxxa.com\\\/shop\\\/poster-farbenfrohe-tanzende-kraniche\\\/#primaryimage\"},\"thumbnailUrl\":\"https:\\\/\\\/www.raxxa.com\\\/wp-content\\\/uploads\\\/2026\\\/03\\\/raxxa-Wallart-373-24327-84-Kerstin-Waurick-Farbenfrohe-tanzende-Kraniche-18.jpg\",\"datePublished\":\"2026-03-21T07:50:22+00:00\",\"dateModified\":\"2026-03-21T07:51:59+00:00\",\"breadcrumb\":{\"@id\":\"https:\\\/\\\/www.raxxa.com\\\/shop\\\/poster-farbenfrohe-tanzende-kraniche\\\/#breadcrumb\"},\"inLanguage\":\"fr-FR\",\"potentialAction\":[{\"@type\":\"ReadAction\",\"target\":[\"https:\\\/\\\/www.raxxa.com\\\/shop\\\/poster-farbenfrohe-tanzende-kraniche\\\/\"]}]},{\"@type\":\"ImageObject\",\"inLanguage\":\"fr-FR\",\"@id\":\"https:\\\/\\\/www.raxxa.com\\\/shop\\\/poster-farbenfrohe-tanzende-kraniche\\\/#primaryimage\",\"url\":\"https:\\\/\\\/www.raxxa.com\\\/wp-content\\\/uploads\\\/2026\\\/03\\\/raxxa-Wallart-373-24327-84-Kerstin-Waurick-Farbenfrohe-tanzende-Kraniche-18.jpg\",\"contentUrl\":\"https:\\\/\\\/www.raxxa.com\\\/wp-content\\\/uploads\\\/2026\\\/03\\\/raxxa-Wallart-373-24327-84-Kerstin-Waurick-Farbenfrohe-tanzende-Kraniche-18.jpg\",\"width\":1024,\"height\":1024},{\"@type\":\"BreadcrumbList\",\"@id\":\"https:\\\/\\\/www.raxxa.com\\\/shop\\\/poster-farbenfrohe-tanzende-kraniche\\\/#breadcrumb\",\"itemListElement\":[{\"@type\":\"ListItem\",\"position\":1,\"name\":\"Startseite\",\"item\":\"https:\\\/\\\/www.raxxa.com\\\/\"},{\"@type\":\"ListItem\",\"position\":2,\"name\":\"Shop\",\"item\":\"https:\\\/\\\/www.raxxa.com\\\/it\\\/shop\\\/\"},{\"@type\":\"ListItem\",\"position\":3,\"name\":\"Poster: Farbenfrohe tanzende Kraniche\"}]},{\"@type\":\"WebSite\",\"@id\":\"https:\\\/\\\/www.raxxa.com\\\/#website\",\"url\":\"https:\\\/\\\/www.raxxa.com\\\/\",\"name\":\"raxxa\",\"description\":\"Einzigartige individuelle Produkte von unseren Designern\",\"publisher\":{\"@id\":\"https:\\\/\\\/www.raxxa.com\\\/#organization\"},\"potentialAction\":[{\"@type\":\"SearchAction\",\"target\":{\"@type\":\"EntryPoint\",\"urlTemplate\":\"https:\\\/\\\/www.raxxa.com\\\/?s={search_term_string}\"},\"query-input\":{\"@type\":\"PropertyValueSpecification\",\"valueRequired\":true,\"valueName\":\"search_term_string\"}}],\"inLanguage\":\"fr-FR\"},{\"@type\":\"Organization\",\"@id\":\"https:\\\/\\\/www.raxxa.com\\\/#organization\",\"name\":\"raxxa\",\"url\":\"https:\\\/\\\/www.raxxa.com\\\/\",\"logo\":{\"@type\":\"ImageObject\",\"inLanguage\":\"fr-FR\",\"@id\":\"https:\\\/\\\/www.raxxa.com\\\/#\\\/schema\\\/logo\\\/image\\\/\",\"url\":\"https:\\\/\\\/www.raxxa.com\\\/wp-content\\\/uploads\\\/2022\\\/07\\\/logo_v2.png\",\"contentUrl\":\"https:\\\/\\\/www.raxxa.com\\\/wp-content\\\/uploads\\\/2022\\\/07\\\/logo_v2.png\",\"width\":380,\"height\":382,\"caption\":\"raxxa\"},\"image\":{\"@id\":\"https:\\\/\\\/www.raxxa.com\\\/#\\\/schema\\\/logo\\\/image\\\/\"},\"sameAs\":[\"https:\\\/\\\/facebook.com\\\/raxxacom\"]}]}<\/script>\n<meta property=\"og:availability\" content=\"instock\" \/>\n<meta property=\"product:availability\" content=\"instock\" \/>\n<meta property=\"product:retailer_item_id\" content=\"1-84-24327-373\" \/>\n<meta property=\"product:condition\" content=\"new\" \/>\n<!-- \/ Yoast SEO Premium plugin. -->","yoast_head_json":{"title":"Poster: Farbenfrohe tanzende Kraniche - raxxa","robots":{"index":"index","follow":"follow","max-snippet":"max-snippet:-1","max-image-preview":"max-image-preview:large","max-video-preview":"max-video-preview:-1"},"canonical":"https:\/\/www.raxxa.com\/fr\/shop\/poster-farbenfrohe-tanzende-kraniche\/","og_locale":"fr_FR","og_type":"article","og_title":"Poster: Farbenfrohe tanzende Kraniche","og_description":"&quot;Farbenfrohe tanzende Kraniche&quot; by Kerstin Waurick Dieses ausdrucksstarke Bild zeigt die farbintensive Illustration eines Vogels, inspiriert von der \u00c4sthetik des Linolschnitts. Klare Formen und kr\u00e4ftige, kontrastreiche Farben stehen im Mittelpunkt und schaffen eine lebendige, fast rhythmische Bildwirkung. Die Darstellung verzichtet bewusst auf realistische Details und setzt stattdessen auf visuelle Energie und dekorative Wirkung. Mithilfe moderner [&hellip;]","og_url":"https:\/\/www.raxxa.com\/fr\/shop\/poster-farbenfrohe-tanzende-kraniche\/","og_site_name":"raxxa","article_publisher":"https:\/\/facebook.com\/raxxacom","article_modified_time":"2026-03-21T07:51:59+00:00","twitter_card":"summary_large_image","twitter_misc":{"Disponibilit\u00e9":"En stock"},"schema":{"@context":"https:\/\/schema.org","@graph":[{"@type":["WebPage","ItemPage"],"@id":"https:\/\/www.raxxa.com\/shop\/poster-farbenfrohe-tanzende-kraniche\/","url":"https:\/\/www.raxxa.com\/shop\/poster-farbenfrohe-tanzende-kraniche\/","name":"Poster: Farbenfrohe tanzende Kraniche - raxxa","isPartOf":{"@id":"https:\/\/www.raxxa.com\/#website"},"primaryImageOfPage":{"@id":"https:\/\/www.raxxa.com\/shop\/poster-farbenfrohe-tanzende-kraniche\/#primaryimage"},"image":{"@id":"https:\/\/www.raxxa.com\/shop\/poster-farbenfrohe-tanzende-kraniche\/#primaryimage"},"thumbnailUrl":"https:\/\/www.raxxa.com\/wp-content\/uploads\/2026\/03\/raxxa-Wallart-373-24327-84-Kerstin-Waurick-Farbenfrohe-tanzende-Kraniche-18.jpg","datePublished":"2026-03-21T07:50:22+00:00","dateModified":"2026-03-21T07:51:59+00:00","breadcrumb":{"@id":"https:\/\/www.raxxa.com\/shop\/poster-farbenfrohe-tanzende-kraniche\/#breadcrumb"},"inLanguage":"fr-FR","potentialAction":[{"@type":"ReadAction","target":["https:\/\/www.raxxa.com\/shop\/poster-farbenfrohe-tanzende-kraniche\/"]}]},{"@type":"ImageObject","inLanguage":"fr-FR","@id":"https:\/\/www.raxxa.com\/shop\/poster-farbenfrohe-tanzende-kraniche\/#primaryimage","url":"https:\/\/www.raxxa.com\/wp-content\/uploads\/2026\/03\/raxxa-Wallart-373-24327-84-Kerstin-Waurick-Farbenfrohe-tanzende-Kraniche-18.jpg","contentUrl":"https:\/\/www.raxxa.com\/wp-content\/uploads\/2026\/03\/raxxa-Wallart-373-24327-84-Kerstin-Waurick-Farbenfrohe-tanzende-Kraniche-18.jpg","width":1024,"height":1024},{"@type":"BreadcrumbList","@id":"https:\/\/www.raxxa.com\/shop\/poster-farbenfrohe-tanzende-kraniche\/#breadcrumb","itemListElement":[{"@type":"ListItem","position":1,"name":"Startseite","item":"https:\/\/www.raxxa.com\/"},{"@type":"ListItem","position":2,"name":"Shop","item":"https:\/\/www.raxxa.com\/it\/shop\/"},{"@type":"ListItem","position":3,"name":"Poster: Farbenfrohe tanzende Kraniche"}]},{"@type":"WebSite","@id":"https:\/\/www.raxxa.com\/#website","url":"https:\/\/www.raxxa.com\/","name":"raxxa","description":"Des produits uniques et personnalis\u00e9s cr\u00e9\u00e9s par nos designers","publisher":{"@id":"https:\/\/www.raxxa.com\/#organization"},"potentialAction":[{"@type":"SearchAction","target":{"@type":"EntryPoint","urlTemplate":"https:\/\/www.raxxa.com\/?s={search_term_string}"},"query-input":{"@type":"PropertyValueSpecification","valueRequired":true,"valueName":"search_term_string"}}],"inLanguage":"fr-FR"},{"@type":"Organization","@id":"https:\/\/www.raxxa.com\/#organization","name":"raxxa","url":"https:\/\/www.raxxa.com\/","logo":{"@type":"ImageObject","inLanguage":"fr-FR","@id":"https:\/\/www.raxxa.com\/#\/schema\/logo\/image\/","url":"https:\/\/www.raxxa.com\/wp-content\/uploads\/2022\/07\/logo_v2.png","contentUrl":"https:\/\/www.raxxa.com\/wp-content\/uploads\/2022\/07\/logo_v2.png","width":380,"height":382,"caption":"raxxa"},"image":{"@id":"https:\/\/www.raxxa.com\/#\/schema\/logo\/image\/"},"sameAs":["https:\/\/facebook.com\/raxxacom"]}]},"og_availability":"instock","product_availability":"instock","product_retailer_item_id":"1-84-24327-373","product_condition":"new"},"jetpack_sharing_enabled":true,"_links":{"self":[{"href":"https:\/\/www.raxxa.com\/fr\/wp-json\/wp\/v2\/product\/302071","targetHints":{"allow":["GET"]}}],"collection":[{"href":"https:\/\/www.raxxa.com\/fr\/wp-json\/wp\/v2\/product"}],"about":[{"href":"https:\/\/www.raxxa.com\/fr\/wp-json\/wp\/v2\/types\/product"}],"replies":[{"embeddable":true,"href":"https:\/\/www.raxxa.com\/fr\/wp-json\/wp\/v2\/comments?post=302071"}],"wp:featuredmedia":[{"embeddable":true,"href":"https:\/\/www.raxxa.com\/fr\/wp-json\/wp\/v2\/media\/302072"}],"wp:attachment":[{"href":"https:\/\/www.raxxa.com\/fr\/wp-json\/wp\/v2\/media?parent=302071"}],"wp:term":[{"taxonomy":"product_brand","embeddable":true,"href":"https:\/\/www.raxxa.com\/fr\/wp-json\/wp\/v2\/product_brand?post=302071"},{"taxonomy":"product_cat","embeddable":true,"href":"https:\/\/www.raxxa.com\/fr\/wp-json\/wp\/v2\/product_cat?post=302071"},{"taxonomy":"product_tag","embeddable":true,"href":"https:\/\/www.raxxa.com\/fr\/wp-json\/wp\/v2\/product_tag?post=302071"}],"curies":[{"name":"wp","href":"https:\/\/api.w.org\/{rel}","templated":true}]}}