{"id":297435,"date":"2026-03-15T07:02:21","date_gmt":"2026-03-15T05:02:21","guid":{"rendered":"https:\/\/www.raxxa.com\/shop\/raxxa-premium-puzzle-vampire-knight-rides-through-stormy-night\/"},"modified":"2026-03-15T07:03:21","modified_gmt":"2026-03-15T05:03:21","slug":"raxxa-premium-puzzle-vampire-knight-rides-through-stormy-night","status":"publish","type":"product","link":"https:\/\/www.raxxa.com\/fr\/shop\/raxxa-premium-puzzle-vampire-knight-rides-through-stormy-night\/","title":{"rendered":"raxxa Premium-Puzzle: Vampire Knight Rides Through Stormy Night"},"content":{"rendered":"<p><span style=\"font-family: helvetica, sans-serif;font-size: 24px\">Puzzle photo raxxa Premium<\/span><\/p>\n<div><span style=\"font-weight: bolder\">&#8222;Vampire Knight Rides Through Stormy Night&#8220; by Anja Frost<\/span><\/div>\n<div><span style=\"font-weight: bolder\"><br \/><\/span><\/div>\n<div><span style=\"font-size: 1rem\">vampire knight on a black horse gallops through a stormy night, with lightning striking and a full moon illuminating the dark, mystical landscape.<\/span><\/div>\n<div><\/div>\n<p><\/p>\n<div>\n<ul class=\"list-normal\" style=\"margin-right: 0px;margin-left: 0px;padding: 0px 0px 0px 1rem;border: 0px;line-height: 26px\">\n<li style=\"font-family: Lato_Light, sans-serif;font-size: 14.4px;margin: 0px;padding: 0px;border: 0px\">1000 pi\u00e8ces = L 68 x H 48 cm, pi\u00e8ces du puzzle env. 1,9 x 1,6 cm.<\/li>\n<li style=\"font-family: Lato_Light, sans-serif;font-size: 14.4px;margin: 0px;padding: 0px;border: 0px\">V\u00e9ritable carton puzzle bleu premium de 1,9 mm d'\u00e9paisseur. Les pi\u00e8ces du puzzle s'embo\u00eetent parfaitement les unes dans les autres.<\/li>\n<li style=\"font-family: Lato_Light, sans-serif;font-size: 14.4px;margin: 0px;padding: 0px;border: 0px\">La plus haute qualit\u00e9 d'impression HD pour des d\u00e9grad\u00e9s de couleurs subtils ainsi que des couleurs brillantes et lumineuses sur un carton de haute qualit\u00e9 pour une repr\u00e9sentation tr\u00e8s fine des d\u00e9tails.<\/li>\n<li style=\"font-family: Lato_Light, sans-serif;font-size: 14.4px;margin: 0px;padding: 0px;border: 0px\">Bo\u00eete \u00e0 couvercle coiffant, papier de lin finement gaufr\u00e9 avec un vernis de protection \u00e0 base d'eau pour une meilleure durabilit\u00e9 de la bo\u00eete.<\/li>\n<li style=\"font-family: Lato_Light, sans-serif;font-size: 14.4px;margin: 0px;padding: 0px;border: 0px\">production enti\u00e8rement neutre pour le climat, FSC<\/li>\n<li style=\"font-family: Lato_Light, sans-serif;font-size: 14.4px;margin: 0px;padding: 0px;border: 0px\">Fabriqu\u00e9 en Allemagne<\/li>\n<\/ul>\n<p><\/p>\n<p style=\"margin-right: 0px;margin-bottom: 0px;margin-left: 0px;padding: 0px;border: 0px\"><\/p>\n<p style=\"margin-right: 0px;margin-bottom: 0px;margin-left: 0px;padding: 0px;border: 0px\"><span style=\"font-size: 1rem\">Une v\u00e9ritable pi\u00e8ce unique. Le motif que vous souhaitez n'est produit et envoy\u00e9 sp\u00e9cialement pour vous qu'apr\u00e8s r\u00e9ception de votre commande.<\/span><\/p>\n<p style=\"margin-right: 0px;margin-bottom: 0px;margin-left: 0px;padding: 0px;border: 0px\"><span style=\"font-size: 1rem\">Attention : risque d'\u00e9touffement en raison de petites pi\u00e8ces pouvant \u00eatre aval\u00e9es.<\/span><\/p>\n<\/div>","protected":false},"excerpt":{"rendered":"<p>raxxa Premium-Fotopuzzle &#8222;Vampire Knight Rides Through Stormy Night&#8220; by Anja Frost vampire knight on a black horse gallops through a stormy night, with lightning striking and a full moon illuminating the dark, mystical landscape. 1000 Teile = B 68 x H 48 cm, Puzzleteile ca. 1,9 x 1,6 cm. Echte blaue Premium-Puzzlepappe mit 1,9 mm [&hellip;]<\/p>\n","protected":false},"featured_media":297437,"comment_status":"open","ping_status":"closed","template":"","meta":[],"product_brand":[],"product_cat":[11600,13428,10365],"product_tag":[],"class_list":{"0":"post-297435","1":"product","2":"type-product","3":"status-publish","4":"has-post-thumbnail","6":"product_cat-fantasy-mythologie","7":"product_cat-anja-frost","8":"product_cat-puzzle","9":"product_shipping_class-versand-puzzle","11":"first","12":"instock","13":"taxable","14":"shipping-taxable","15":"purchasable","16":"product-type-simple"},"yoast_head":"<!-- This site is optimized with the Yoast SEO Premium plugin v27.4 (Yoast SEO v27.4) - https:\/\/yoast.com\/product\/yoast-seo-premium-wordpress\/ -->\n<title>raxxa Premium-Puzzle: Vampire Knight Rides Through Stormy Night - raxxa<\/title>\n<meta name=\"robots\" content=\"index, follow, max-snippet:-1, max-image-preview:large, max-video-preview:-1\" \/>\n<link rel=\"canonical\" href=\"https:\/\/www.raxxa.com\/fr\/shop\/raxxa-premium-puzzle-vampire-knight-rides-through-stormy-night\/\" \/>\n<meta property=\"og:locale\" content=\"fr_FR\" \/>\n<meta property=\"og:type\" content=\"article\" \/>\n<meta property=\"og:title\" content=\"raxxa Premium-Puzzle: Vampire Knight Rides Through Stormy Night\" \/>\n<meta property=\"og:description\" content=\"raxxa Premium-Fotopuzzle &#8222;Vampire Knight Rides Through Stormy Night&#8220; by Anja Frost vampire knight on a black horse gallops through a stormy night, with lightning striking and a full moon illuminating the dark, mystical landscape. 1000 Teile = B 68 x H 48 cm, Puzzleteile ca. 1,9 x 1,6 cm. Echte blaue Premium-Puzzlepappe mit 1,9 mm [&hellip;]\" \/>\n<meta property=\"og:url\" content=\"https:\/\/www.raxxa.com\/fr\/shop\/raxxa-premium-puzzle-vampire-knight-rides-through-stormy-night\/\" \/>\n<meta property=\"og:site_name\" content=\"raxxa\" \/>\n<meta property=\"article:publisher\" content=\"https:\/\/facebook.com\/raxxacom\" \/>\n<meta property=\"article:modified_time\" content=\"2026-03-15T05:03:21+00:00\" \/>\n<meta name=\"twitter:card\" content=\"summary_large_image\" \/>\n<meta name=\"twitter:label1\" content=\"Prix\" \/>\n\t<meta name=\"twitter:data1\" content=\"&euro;29,99\" \/>\n\t<meta name=\"twitter:label2\" content=\"Disponibilit\u00e9\" \/>\n\t<meta name=\"twitter:data2\" content=\"En stock\" \/>\n<script type=\"application\/ld+json\" class=\"yoast-schema-graph\">{\"@context\":\"https:\\\/\\\/schema.org\",\"@graph\":[{\"@type\":[\"WebPage\",\"ItemPage\"],\"@id\":\"https:\\\/\\\/www.raxxa.com\\\/shop\\\/raxxa-premium-puzzle-vampire-knight-rides-through-stormy-night\\\/\",\"url\":\"https:\\\/\\\/www.raxxa.com\\\/shop\\\/raxxa-premium-puzzle-vampire-knight-rides-through-stormy-night\\\/\",\"name\":\"raxxa Premium-Puzzle: Vampire Knight Rides Through Stormy Night - raxxa\",\"isPartOf\":{\"@id\":\"https:\\\/\\\/www.raxxa.com\\\/#website\"},\"primaryImageOfPage\":{\"@id\":\"https:\\\/\\\/www.raxxa.com\\\/shop\\\/raxxa-premium-puzzle-vampire-knight-rides-through-stormy-night\\\/#primaryimage\"},\"image\":{\"@id\":\"https:\\\/\\\/www.raxxa.com\\\/shop\\\/raxxa-premium-puzzle-vampire-knight-rides-through-stormy-night\\\/#primaryimage\"},\"thumbnailUrl\":\"https:\\\/\\\/www.raxxa.com\\\/wp-content\\\/uploads\\\/2026\\\/03\\\/raxxa-puzzle-371-21813-Anja-Frost-Vampire-Knight-Rides-Through-Stormy-Night-box.png\",\"datePublished\":\"2026-03-15T05:02:21+00:00\",\"dateModified\":\"2026-03-15T05:03:21+00:00\",\"breadcrumb\":{\"@id\":\"https:\\\/\\\/www.raxxa.com\\\/shop\\\/raxxa-premium-puzzle-vampire-knight-rides-through-stormy-night\\\/#breadcrumb\"},\"inLanguage\":\"fr-FR\",\"potentialAction\":[{\"@type\":\"ReadAction\",\"target\":[\"https:\\\/\\\/www.raxxa.com\\\/shop\\\/raxxa-premium-puzzle-vampire-knight-rides-through-stormy-night\\\/\"]}]},{\"@type\":\"ImageObject\",\"inLanguage\":\"fr-FR\",\"@id\":\"https:\\\/\\\/www.raxxa.com\\\/shop\\\/raxxa-premium-puzzle-vampire-knight-rides-through-stormy-night\\\/#primaryimage\",\"url\":\"https:\\\/\\\/www.raxxa.com\\\/wp-content\\\/uploads\\\/2026\\\/03\\\/raxxa-puzzle-371-21813-Anja-Frost-Vampire-Knight-Rides-Through-Stormy-Night-box.png\",\"contentUrl\":\"https:\\\/\\\/www.raxxa.com\\\/wp-content\\\/uploads\\\/2026\\\/03\\\/raxxa-puzzle-371-21813-Anja-Frost-Vampire-Knight-Rides-Through-Stormy-Night-box.png\",\"width\":1920,\"height\":1400},{\"@type\":\"BreadcrumbList\",\"@id\":\"https:\\\/\\\/www.raxxa.com\\\/shop\\\/raxxa-premium-puzzle-vampire-knight-rides-through-stormy-night\\\/#breadcrumb\",\"itemListElement\":[{\"@type\":\"ListItem\",\"position\":1,\"name\":\"Startseite\",\"item\":\"https:\\\/\\\/www.raxxa.com\\\/\"},{\"@type\":\"ListItem\",\"position\":2,\"name\":\"Shop\",\"item\":\"https:\\\/\\\/www.raxxa.com\\\/it\\\/shop\\\/\"},{\"@type\":\"ListItem\",\"position\":3,\"name\":\"raxxa Premium-Puzzle: Vampire Knight Rides Through Stormy Night\"}]},{\"@type\":\"WebSite\",\"@id\":\"https:\\\/\\\/www.raxxa.com\\\/#website\",\"url\":\"https:\\\/\\\/www.raxxa.com\\\/\",\"name\":\"raxxa\",\"description\":\"Einzigartige individuelle Produkte von unseren Designern\",\"publisher\":{\"@id\":\"https:\\\/\\\/www.raxxa.com\\\/#organization\"},\"potentialAction\":[{\"@type\":\"SearchAction\",\"target\":{\"@type\":\"EntryPoint\",\"urlTemplate\":\"https:\\\/\\\/www.raxxa.com\\\/?s={search_term_string}\"},\"query-input\":{\"@type\":\"PropertyValueSpecification\",\"valueRequired\":true,\"valueName\":\"search_term_string\"}}],\"inLanguage\":\"fr-FR\"},{\"@type\":\"Organization\",\"@id\":\"https:\\\/\\\/www.raxxa.com\\\/#organization\",\"name\":\"raxxa\",\"url\":\"https:\\\/\\\/www.raxxa.com\\\/\",\"logo\":{\"@type\":\"ImageObject\",\"inLanguage\":\"fr-FR\",\"@id\":\"https:\\\/\\\/www.raxxa.com\\\/#\\\/schema\\\/logo\\\/image\\\/\",\"url\":\"https:\\\/\\\/www.raxxa.com\\\/wp-content\\\/uploads\\\/2022\\\/07\\\/logo_v2.png\",\"contentUrl\":\"https:\\\/\\\/www.raxxa.com\\\/wp-content\\\/uploads\\\/2022\\\/07\\\/logo_v2.png\",\"width\":380,\"height\":382,\"caption\":\"raxxa\"},\"image\":{\"@id\":\"https:\\\/\\\/www.raxxa.com\\\/#\\\/schema\\\/logo\\\/image\\\/\"},\"sameAs\":[\"https:\\\/\\\/facebook.com\\\/raxxacom\"]}]}<\/script>\n<meta property=\"product:price:amount\" content=\"29.99\" \/>\n<meta property=\"product:price:currency\" content=\"EUR\" \/>\n<meta property=\"og:availability\" content=\"instock\" \/>\n<meta property=\"product:availability\" content=\"instock\" \/>\n<meta property=\"product:retailer_item_id\" content=\"1-14270-21813-371\" \/>\n<meta property=\"product:condition\" content=\"new\" \/>\n<!-- \/ Yoast SEO Premium plugin. -->","yoast_head_json":{"title":"raxxa Premium-Puzzle: Vampire Knight Rides Through Stormy Night - raxxa","robots":{"index":"index","follow":"follow","max-snippet":"max-snippet:-1","max-image-preview":"max-image-preview:large","max-video-preview":"max-video-preview:-1"},"canonical":"https:\/\/www.raxxa.com\/fr\/shop\/raxxa-premium-puzzle-vampire-knight-rides-through-stormy-night\/","og_locale":"fr_FR","og_type":"article","og_title":"raxxa Premium-Puzzle: Vampire Knight Rides Through Stormy Night","og_description":"raxxa Premium-Fotopuzzle &#8222;Vampire Knight Rides Through Stormy Night&#8220; by Anja Frost vampire knight on a black horse gallops through a stormy night, with lightning striking and a full moon illuminating the dark, mystical landscape. 1000 Teile = B 68 x H 48 cm, Puzzleteile ca. 1,9 x 1,6 cm. Echte blaue Premium-Puzzlepappe mit 1,9 mm [&hellip;]","og_url":"https:\/\/www.raxxa.com\/fr\/shop\/raxxa-premium-puzzle-vampire-knight-rides-through-stormy-night\/","og_site_name":"raxxa","article_publisher":"https:\/\/facebook.com\/raxxacom","article_modified_time":"2026-03-15T05:03:21+00:00","twitter_card":"summary_large_image","twitter_misc":{"Prix":"&euro;29,99","Disponibilit\u00e9":"En stock"},"schema":{"@context":"https:\/\/schema.org","@graph":[{"@type":["WebPage","ItemPage"],"@id":"https:\/\/www.raxxa.com\/shop\/raxxa-premium-puzzle-vampire-knight-rides-through-stormy-night\/","url":"https:\/\/www.raxxa.com\/shop\/raxxa-premium-puzzle-vampire-knight-rides-through-stormy-night\/","name":"raxxa Premium-Puzzle: Vampire Knight Rides Through Stormy Night - raxxa","isPartOf":{"@id":"https:\/\/www.raxxa.com\/#website"},"primaryImageOfPage":{"@id":"https:\/\/www.raxxa.com\/shop\/raxxa-premium-puzzle-vampire-knight-rides-through-stormy-night\/#primaryimage"},"image":{"@id":"https:\/\/www.raxxa.com\/shop\/raxxa-premium-puzzle-vampire-knight-rides-through-stormy-night\/#primaryimage"},"thumbnailUrl":"https:\/\/www.raxxa.com\/wp-content\/uploads\/2026\/03\/raxxa-puzzle-371-21813-Anja-Frost-Vampire-Knight-Rides-Through-Stormy-Night-box.png","datePublished":"2026-03-15T05:02:21+00:00","dateModified":"2026-03-15T05:03:21+00:00","breadcrumb":{"@id":"https:\/\/www.raxxa.com\/shop\/raxxa-premium-puzzle-vampire-knight-rides-through-stormy-night\/#breadcrumb"},"inLanguage":"fr-FR","potentialAction":[{"@type":"ReadAction","target":["https:\/\/www.raxxa.com\/shop\/raxxa-premium-puzzle-vampire-knight-rides-through-stormy-night\/"]}]},{"@type":"ImageObject","inLanguage":"fr-FR","@id":"https:\/\/www.raxxa.com\/shop\/raxxa-premium-puzzle-vampire-knight-rides-through-stormy-night\/#primaryimage","url":"https:\/\/www.raxxa.com\/wp-content\/uploads\/2026\/03\/raxxa-puzzle-371-21813-Anja-Frost-Vampire-Knight-Rides-Through-Stormy-Night-box.png","contentUrl":"https:\/\/www.raxxa.com\/wp-content\/uploads\/2026\/03\/raxxa-puzzle-371-21813-Anja-Frost-Vampire-Knight-Rides-Through-Stormy-Night-box.png","width":1920,"height":1400},{"@type":"BreadcrumbList","@id":"https:\/\/www.raxxa.com\/shop\/raxxa-premium-puzzle-vampire-knight-rides-through-stormy-night\/#breadcrumb","itemListElement":[{"@type":"ListItem","position":1,"name":"Startseite","item":"https:\/\/www.raxxa.com\/"},{"@type":"ListItem","position":2,"name":"Shop","item":"https:\/\/www.raxxa.com\/it\/shop\/"},{"@type":"ListItem","position":3,"name":"raxxa Premium-Puzzle: Vampire Knight Rides Through Stormy Night"}]},{"@type":"WebSite","@id":"https:\/\/www.raxxa.com\/#website","url":"https:\/\/www.raxxa.com\/","name":"raxxa","description":"Des produits uniques et personnalis\u00e9s cr\u00e9\u00e9s par nos designers","publisher":{"@id":"https:\/\/www.raxxa.com\/#organization"},"potentialAction":[{"@type":"SearchAction","target":{"@type":"EntryPoint","urlTemplate":"https:\/\/www.raxxa.com\/?s={search_term_string}"},"query-input":{"@type":"PropertyValueSpecification","valueRequired":true,"valueName":"search_term_string"}}],"inLanguage":"fr-FR"},{"@type":"Organization","@id":"https:\/\/www.raxxa.com\/#organization","name":"raxxa","url":"https:\/\/www.raxxa.com\/","logo":{"@type":"ImageObject","inLanguage":"fr-FR","@id":"https:\/\/www.raxxa.com\/#\/schema\/logo\/image\/","url":"https:\/\/www.raxxa.com\/wp-content\/uploads\/2022\/07\/logo_v2.png","contentUrl":"https:\/\/www.raxxa.com\/wp-content\/uploads\/2022\/07\/logo_v2.png","width":380,"height":382,"caption":"raxxa"},"image":{"@id":"https:\/\/www.raxxa.com\/#\/schema\/logo\/image\/"},"sameAs":["https:\/\/facebook.com\/raxxacom"]}]},"product_price_amount":"29.99","product_price_currency":"EUR","og_availability":"instock","product_availability":"instock","product_retailer_item_id":"1-14270-21813-371","product_condition":"new"},"jetpack_sharing_enabled":true,"_links":{"self":[{"href":"https:\/\/www.raxxa.com\/fr\/wp-json\/wp\/v2\/product\/297435","targetHints":{"allow":["GET"]}}],"collection":[{"href":"https:\/\/www.raxxa.com\/fr\/wp-json\/wp\/v2\/product"}],"about":[{"href":"https:\/\/www.raxxa.com\/fr\/wp-json\/wp\/v2\/types\/product"}],"replies":[{"embeddable":true,"href":"https:\/\/www.raxxa.com\/fr\/wp-json\/wp\/v2\/comments?post=297435"}],"wp:featuredmedia":[{"embeddable":true,"href":"https:\/\/www.raxxa.com\/fr\/wp-json\/wp\/v2\/media\/297437"}],"wp:attachment":[{"href":"https:\/\/www.raxxa.com\/fr\/wp-json\/wp\/v2\/media?parent=297435"}],"wp:term":[{"taxonomy":"product_brand","embeddable":true,"href":"https:\/\/www.raxxa.com\/fr\/wp-json\/wp\/v2\/product_brand?post=297435"},{"taxonomy":"product_cat","embeddable":true,"href":"https:\/\/www.raxxa.com\/fr\/wp-json\/wp\/v2\/product_cat?post=297435"},{"taxonomy":"product_tag","embeddable":true,"href":"https:\/\/www.raxxa.com\/fr\/wp-json\/wp\/v2\/product_tag?post=297435"}],"curies":[{"name":"wp","href":"https:\/\/api.w.org\/{rel}","templated":true}]}}