{"id":288245,"date":"2026-03-01T14:41:24","date_gmt":"2026-03-01T12:41:24","guid":{"rendered":"https:\/\/www.raxxa.com\/shop\/raxxa-postkarte-rosenmotive-der-vergangenheit-luxurioese-pracht-2\/"},"modified":"2026-03-01T14:41:53","modified_gmt":"2026-03-01T12:41:53","slug":"raxxa-postkarte-rosenmotive-der-vergangenheit-luxurioese-pracht-2","status":"publish","type":"product","link":"https:\/\/www.raxxa.com\/fr\/shop\/raxxa-postkarte-rosenmotive-der-vergangenheit-luxurioese-pracht-2\/","title":{"rendered":"raxxa Postkarte: Rosenmotive der Vergangenheit- Luxuri\u00f6se Pracht"},"content":{"rendered":"<h3><strong>&quot;Rosenmotive der Vergangenheit- Luxuri\u00f6se Pracht&quot; by Uta Naumann<\/strong><\/h3>\n<p><strong><\/strong><\/p>\n<p>Ce motif de roses nostalgique repr\u00e9sente des roses artistiquement peintes \u00e0 la main, inspir\u00e9es par des artistes d'\u00e9poques pass\u00e9es comme Pierre-Joseph Redout\u00e9. Les roses de ce motif brillent d'un rose tendre et lumineux, entour\u00e9es d'une multitude de feuilles. Cette composition donne une impression de luxe vintage et de splendeur romantique, comme si l'on \u00e9tait transport\u00e9 dans les jardins opulents des si\u00e8cles pass\u00e9s.<\/p>\n<p>Les d\u00e9tails peints \u00e0 la main et la riche palette de couleurs conf\u00e8rent \u00e0 ce motif une \u00e9l\u00e9gance intemporelle qui c\u00e9l\u00e8bre la beaut\u00e9 de la nature et l'art des \u00e9poques pass\u00e9es. Ce motif invite \u00e0 se plonger dans un pass\u00e9 romantique et \u00e0 ressentir la fascination pour les fleurs et l'art d'autrefois. Il d\u00e9gage une aura enchanteresse qui enchante le c\u0153ur de ceux qui le regardent.<\/p>\n<p>&nbsp;<\/p>\n<ul><li>Nous imprimons la carte postale de votre choix en blanc ou avec un message personnel et l'envoyons dans le monde entier \u00e0 la personne de votre choix ou \u00e0 vous-m\u00eame.<\/li><li>Id\u00e9al pour le Postcrossing en ligne ou les v\u0153ux personnalis\u00e9s \u00e0 vos proches, vos amis, vos parents et vos connaissances.<\/li><li>Alternativement, en tant que carte vierge \u00e0 motif pur \u00e0 collectionner ou \u00e0 envoyer soi-m\u00eame.<\/li><li>Cartes postales DIN A6 (14,8 cm x 10,5 cm).<\/li><\/ul><br><br><b>Comment cr\u00e9er\/concevoir ma carte postale personnelle ?<\/b><br><br>1) Saisissez simplement le texte de votre message ou de votre salut (500 caract\u00e8res maximum).<br>2) Si vous souhaitez envoyer votre carte postale pour Postcrossing, inscrivez le PostcrossingID.<br>Sinon, laissez simplement ce champ vide.<br>3) Saisissez le pr\u00e9nom, le nom, le num\u00e9ro de rue, le code postal, la ville et le pays du destinataire de la carte postale dans les champs de saisie.<br>4) Vous pouvez maintenant ajouter votre carte postale personnalis\u00e9e au panier et la commander \u00e0 la caisse.<br><br>Nous imprimons maintenant votre carte postale personnelle, l'affranchissons et l'envoyons au destinataire que vous avez indiqu\u00e9.<br><br>Si vous avez des questions, n'h\u00e9sitez pas \u00e0 nous envoyer un message ou un e-mail.<br>","protected":false},"excerpt":{"rendered":"<p>&quot;Rosenmotive der Vergangenheit- Luxuri\u00f6se Pracht&quot; by Uta Naumann Dieses nostalgische Rosenmuster zeigt kunstvoll handgemalte Rosen, inspiriert von K\u00fcnstlern vergangener Epochen wie Pierre-Joseph Redout\u00e9. Die Rosen in diesem Muster erstrahlen in leuchtendem zartem Rosa, w\u00e4hrend sie von einer Vielfalt von Bl\u00e4ttern umgeben sind. Diese Komposition vermittelt den Eindruck von Vintage-Luxus und romantischer Pracht, als ob man [&hellip;]<\/p>\n","protected":false},"featured_media":288246,"comment_status":"open","ping_status":"closed","template":"","meta":[],"product_brand":[],"product_cat":[11218,13672,11884],"product_tag":[],"class_list":{"0":"post-288245","1":"product","2":"type-product","3":"status-publish","4":"has-post-thumbnail","6":"product_cat-uta-naumann","7":"product_cat-pflanzen","8":"product_cat-postkarten","10":"first","11":"instock","12":"taxable","13":"shipping-taxable","14":"purchasable","15":"product-type-variable"},"yoast_head":"<!-- This site is optimized with the Yoast SEO Premium plugin v27.2 (Yoast SEO v27.3) - https:\/\/yoast.com\/product\/yoast-seo-premium-wordpress\/ -->\n<title>raxxa Postkarte: Rosenmotive der Vergangenheit- Luxuri\u00f6se Pracht - raxxa<\/title>\n<meta name=\"robots\" content=\"index, follow, max-snippet:-1, max-image-preview:large, max-video-preview:-1\" \/>\n<link rel=\"canonical\" href=\"https:\/\/www.raxxa.com\/fr\/shop\/raxxa-postkarte-rosenmotive-der-vergangenheit-luxurioese-pracht-2\/\" \/>\n<meta property=\"og:locale\" content=\"fr_FR\" \/>\n<meta property=\"og:type\" content=\"article\" \/>\n<meta property=\"og:title\" content=\"raxxa Postkarte: Rosenmotive der Vergangenheit- Luxuri\u00f6se Pracht\" \/>\n<meta property=\"og:description\" content=\"&quot;Rosenmotive der Vergangenheit- Luxuri\u00f6se Pracht&quot; by Uta Naumann Dieses nostalgische Rosenmuster zeigt kunstvoll handgemalte Rosen, inspiriert von K\u00fcnstlern vergangener Epochen wie Pierre-Joseph Redout\u00e9. Die Rosen in diesem Muster erstrahlen in leuchtendem zartem Rosa, w\u00e4hrend sie von einer Vielfalt von Bl\u00e4ttern umgeben sind. Diese Komposition vermittelt den Eindruck von Vintage-Luxus und romantischer Pracht, als ob man [&hellip;]\" \/>\n<meta property=\"og:url\" content=\"https:\/\/www.raxxa.com\/fr\/shop\/raxxa-postkarte-rosenmotive-der-vergangenheit-luxurioese-pracht-2\/\" \/>\n<meta property=\"og:site_name\" content=\"raxxa\" \/>\n<meta property=\"article:publisher\" content=\"https:\/\/facebook.com\/raxxacom\" \/>\n<meta property=\"article:modified_time\" content=\"2026-03-01T12:41:53+00:00\" \/>\n<meta name=\"twitter:card\" content=\"summary_large_image\" \/>\n<meta name=\"twitter:label1\" content=\"Disponibilit\u00e9\" \/>\n\t<meta name=\"twitter:data1\" content=\"En stock\" \/>\n<script type=\"application\/ld+json\" class=\"yoast-schema-graph\">{\"@context\":\"https:\\\/\\\/schema.org\",\"@graph\":[{\"@type\":[\"WebPage\",\"ItemPage\"],\"@id\":\"https:\\\/\\\/www.raxxa.com\\\/shop\\\/raxxa-postkarte-rosenmotive-der-vergangenheit-luxurioese-pracht-2\\\/\",\"url\":\"https:\\\/\\\/www.raxxa.com\\\/shop\\\/raxxa-postkarte-rosenmotive-der-vergangenheit-luxurioese-pracht-2\\\/\",\"name\":\"raxxa Postkarte: Rosenmotive der Vergangenheit- Luxuri\u00f6se Pracht - raxxa\",\"isPartOf\":{\"@id\":\"https:\\\/\\\/www.raxxa.com\\\/#website\"},\"primaryImageOfPage\":{\"@id\":\"https:\\\/\\\/www.raxxa.com\\\/shop\\\/raxxa-postkarte-rosenmotive-der-vergangenheit-luxurioese-pracht-2\\\/#primaryimage\"},\"image\":{\"@id\":\"https:\\\/\\\/www.raxxa.com\\\/shop\\\/raxxa-postkarte-rosenmotive-der-vergangenheit-luxurioese-pracht-2\\\/#primaryimage\"},\"thumbnailUrl\":\"https:\\\/\\\/www.raxxa.com\\\/wp-content\\\/uploads\\\/2026\\\/03\\\/raxxa-282-7360-185-Uta-Naumann-Rosenmotive-der-Vergangenheit-Luxuriose-Pracht-2.jpg\",\"datePublished\":\"2026-03-01T12:41:24+00:00\",\"dateModified\":\"2026-03-01T12:41:53+00:00\",\"breadcrumb\":{\"@id\":\"https:\\\/\\\/www.raxxa.com\\\/shop\\\/raxxa-postkarte-rosenmotive-der-vergangenheit-luxurioese-pracht-2\\\/#breadcrumb\"},\"inLanguage\":\"fr-FR\",\"potentialAction\":[{\"@type\":\"ReadAction\",\"target\":[\"https:\\\/\\\/www.raxxa.com\\\/shop\\\/raxxa-postkarte-rosenmotive-der-vergangenheit-luxurioese-pracht-2\\\/\"]}]},{\"@type\":\"ImageObject\",\"inLanguage\":\"fr-FR\",\"@id\":\"https:\\\/\\\/www.raxxa.com\\\/shop\\\/raxxa-postkarte-rosenmotive-der-vergangenheit-luxurioese-pracht-2\\\/#primaryimage\",\"url\":\"https:\\\/\\\/www.raxxa.com\\\/wp-content\\\/uploads\\\/2026\\\/03\\\/raxxa-282-7360-185-Uta-Naumann-Rosenmotive-der-Vergangenheit-Luxuriose-Pracht-2.jpg\",\"contentUrl\":\"https:\\\/\\\/www.raxxa.com\\\/wp-content\\\/uploads\\\/2026\\\/03\\\/raxxa-282-7360-185-Uta-Naumann-Rosenmotive-der-Vergangenheit-Luxuriose-Pracht-2.jpg\",\"width\":1024,\"height\":1024},{\"@type\":\"BreadcrumbList\",\"@id\":\"https:\\\/\\\/www.raxxa.com\\\/shop\\\/raxxa-postkarte-rosenmotive-der-vergangenheit-luxurioese-pracht-2\\\/#breadcrumb\",\"itemListElement\":[{\"@type\":\"ListItem\",\"position\":1,\"name\":\"Startseite\",\"item\":\"https:\\\/\\\/www.raxxa.com\\\/\"},{\"@type\":\"ListItem\",\"position\":2,\"name\":\"Shop\",\"item\":\"https:\\\/\\\/www.raxxa.com\\\/it\\\/shop\\\/\"},{\"@type\":\"ListItem\",\"position\":3,\"name\":\"raxxa Postkarte: Rosenmotive der Vergangenheit- Luxuri\u00f6se Pracht\"}]},{\"@type\":\"WebSite\",\"@id\":\"https:\\\/\\\/www.raxxa.com\\\/#website\",\"url\":\"https:\\\/\\\/www.raxxa.com\\\/\",\"name\":\"raxxa\",\"description\":\"Einzigartige individuelle Produkte von unseren Designern\",\"publisher\":{\"@id\":\"https:\\\/\\\/www.raxxa.com\\\/#organization\"},\"potentialAction\":[{\"@type\":\"SearchAction\",\"target\":{\"@type\":\"EntryPoint\",\"urlTemplate\":\"https:\\\/\\\/www.raxxa.com\\\/?s={search_term_string}\"},\"query-input\":{\"@type\":\"PropertyValueSpecification\",\"valueRequired\":true,\"valueName\":\"search_term_string\"}}],\"inLanguage\":\"fr-FR\"},{\"@type\":\"Organization\",\"@id\":\"https:\\\/\\\/www.raxxa.com\\\/#organization\",\"name\":\"raxxa\",\"url\":\"https:\\\/\\\/www.raxxa.com\\\/\",\"logo\":{\"@type\":\"ImageObject\",\"inLanguage\":\"fr-FR\",\"@id\":\"https:\\\/\\\/www.raxxa.com\\\/#\\\/schema\\\/logo\\\/image\\\/\",\"url\":\"https:\\\/\\\/www.raxxa.com\\\/wp-content\\\/uploads\\\/2022\\\/07\\\/logo_v2.png\",\"contentUrl\":\"https:\\\/\\\/www.raxxa.com\\\/wp-content\\\/uploads\\\/2022\\\/07\\\/logo_v2.png\",\"width\":380,\"height\":382,\"caption\":\"raxxa\"},\"image\":{\"@id\":\"https:\\\/\\\/www.raxxa.com\\\/#\\\/schema\\\/logo\\\/image\\\/\"},\"sameAs\":[\"https:\\\/\\\/facebook.com\\\/raxxacom\"]}]}<\/script>\n<meta property=\"og:availability\" content=\"instock\" \/>\n<meta property=\"product:availability\" content=\"instock\" \/>\n<meta property=\"product:retailer_item_id\" content=\"1-185-7360-282\" \/>\n<meta property=\"product:condition\" content=\"new\" \/>\n<!-- \/ Yoast SEO Premium plugin. -->","yoast_head_json":{"title":"raxxa Postkarte: Rosenmotive der Vergangenheit- Luxuri\u00f6se Pracht - raxxa","robots":{"index":"index","follow":"follow","max-snippet":"max-snippet:-1","max-image-preview":"max-image-preview:large","max-video-preview":"max-video-preview:-1"},"canonical":"https:\/\/www.raxxa.com\/fr\/shop\/raxxa-postkarte-rosenmotive-der-vergangenheit-luxurioese-pracht-2\/","og_locale":"fr_FR","og_type":"article","og_title":"raxxa Postkarte: Rosenmotive der Vergangenheit- Luxuri\u00f6se Pracht","og_description":"&quot;Rosenmotive der Vergangenheit- Luxuri\u00f6se Pracht&quot; by Uta Naumann Dieses nostalgische Rosenmuster zeigt kunstvoll handgemalte Rosen, inspiriert von K\u00fcnstlern vergangener Epochen wie Pierre-Joseph Redout\u00e9. Die Rosen in diesem Muster erstrahlen in leuchtendem zartem Rosa, w\u00e4hrend sie von einer Vielfalt von Bl\u00e4ttern umgeben sind. Diese Komposition vermittelt den Eindruck von Vintage-Luxus und romantischer Pracht, als ob man [&hellip;]","og_url":"https:\/\/www.raxxa.com\/fr\/shop\/raxxa-postkarte-rosenmotive-der-vergangenheit-luxurioese-pracht-2\/","og_site_name":"raxxa","article_publisher":"https:\/\/facebook.com\/raxxacom","article_modified_time":"2026-03-01T12:41:53+00:00","twitter_card":"summary_large_image","twitter_misc":{"Disponibilit\u00e9":"En stock"},"schema":{"@context":"https:\/\/schema.org","@graph":[{"@type":["WebPage","ItemPage"],"@id":"https:\/\/www.raxxa.com\/shop\/raxxa-postkarte-rosenmotive-der-vergangenheit-luxurioese-pracht-2\/","url":"https:\/\/www.raxxa.com\/shop\/raxxa-postkarte-rosenmotive-der-vergangenheit-luxurioese-pracht-2\/","name":"raxxa Postkarte: Rosenmotive der Vergangenheit- Luxuri\u00f6se Pracht - raxxa","isPartOf":{"@id":"https:\/\/www.raxxa.com\/#website"},"primaryImageOfPage":{"@id":"https:\/\/www.raxxa.com\/shop\/raxxa-postkarte-rosenmotive-der-vergangenheit-luxurioese-pracht-2\/#primaryimage"},"image":{"@id":"https:\/\/www.raxxa.com\/shop\/raxxa-postkarte-rosenmotive-der-vergangenheit-luxurioese-pracht-2\/#primaryimage"},"thumbnailUrl":"https:\/\/www.raxxa.com\/wp-content\/uploads\/2026\/03\/raxxa-282-7360-185-Uta-Naumann-Rosenmotive-der-Vergangenheit-Luxuriose-Pracht-2.jpg","datePublished":"2026-03-01T12:41:24+00:00","dateModified":"2026-03-01T12:41:53+00:00","breadcrumb":{"@id":"https:\/\/www.raxxa.com\/shop\/raxxa-postkarte-rosenmotive-der-vergangenheit-luxurioese-pracht-2\/#breadcrumb"},"inLanguage":"fr-FR","potentialAction":[{"@type":"ReadAction","target":["https:\/\/www.raxxa.com\/shop\/raxxa-postkarte-rosenmotive-der-vergangenheit-luxurioese-pracht-2\/"]}]},{"@type":"ImageObject","inLanguage":"fr-FR","@id":"https:\/\/www.raxxa.com\/shop\/raxxa-postkarte-rosenmotive-der-vergangenheit-luxurioese-pracht-2\/#primaryimage","url":"https:\/\/www.raxxa.com\/wp-content\/uploads\/2026\/03\/raxxa-282-7360-185-Uta-Naumann-Rosenmotive-der-Vergangenheit-Luxuriose-Pracht-2.jpg","contentUrl":"https:\/\/www.raxxa.com\/wp-content\/uploads\/2026\/03\/raxxa-282-7360-185-Uta-Naumann-Rosenmotive-der-Vergangenheit-Luxuriose-Pracht-2.jpg","width":1024,"height":1024},{"@type":"BreadcrumbList","@id":"https:\/\/www.raxxa.com\/shop\/raxxa-postkarte-rosenmotive-der-vergangenheit-luxurioese-pracht-2\/#breadcrumb","itemListElement":[{"@type":"ListItem","position":1,"name":"Startseite","item":"https:\/\/www.raxxa.com\/"},{"@type":"ListItem","position":2,"name":"Shop","item":"https:\/\/www.raxxa.com\/it\/shop\/"},{"@type":"ListItem","position":3,"name":"raxxa Postkarte: Rosenmotive der Vergangenheit- Luxuri\u00f6se Pracht"}]},{"@type":"WebSite","@id":"https:\/\/www.raxxa.com\/#website","url":"https:\/\/www.raxxa.com\/","name":"raxxa","description":"Des produits uniques et personnalis\u00e9s cr\u00e9\u00e9s par nos designers","publisher":{"@id":"https:\/\/www.raxxa.com\/#organization"},"potentialAction":[{"@type":"SearchAction","target":{"@type":"EntryPoint","urlTemplate":"https:\/\/www.raxxa.com\/?s={search_term_string}"},"query-input":{"@type":"PropertyValueSpecification","valueRequired":true,"valueName":"search_term_string"}}],"inLanguage":"fr-FR"},{"@type":"Organization","@id":"https:\/\/www.raxxa.com\/#organization","name":"raxxa","url":"https:\/\/www.raxxa.com\/","logo":{"@type":"ImageObject","inLanguage":"fr-FR","@id":"https:\/\/www.raxxa.com\/#\/schema\/logo\/image\/","url":"https:\/\/www.raxxa.com\/wp-content\/uploads\/2022\/07\/logo_v2.png","contentUrl":"https:\/\/www.raxxa.com\/wp-content\/uploads\/2022\/07\/logo_v2.png","width":380,"height":382,"caption":"raxxa"},"image":{"@id":"https:\/\/www.raxxa.com\/#\/schema\/logo\/image\/"},"sameAs":["https:\/\/facebook.com\/raxxacom"]}]},"og_availability":"instock","product_availability":"instock","product_retailer_item_id":"1-185-7360-282","product_condition":"new"},"jetpack_sharing_enabled":true,"_links":{"self":[{"href":"https:\/\/www.raxxa.com\/fr\/wp-json\/wp\/v2\/product\/288245","targetHints":{"allow":["GET"]}}],"collection":[{"href":"https:\/\/www.raxxa.com\/fr\/wp-json\/wp\/v2\/product"}],"about":[{"href":"https:\/\/www.raxxa.com\/fr\/wp-json\/wp\/v2\/types\/product"}],"replies":[{"embeddable":true,"href":"https:\/\/www.raxxa.com\/fr\/wp-json\/wp\/v2\/comments?post=288245"}],"wp:featuredmedia":[{"embeddable":true,"href":"https:\/\/www.raxxa.com\/fr\/wp-json\/wp\/v2\/media\/288246"}],"wp:attachment":[{"href":"https:\/\/www.raxxa.com\/fr\/wp-json\/wp\/v2\/media?parent=288245"}],"wp:term":[{"taxonomy":"product_brand","embeddable":true,"href":"https:\/\/www.raxxa.com\/fr\/wp-json\/wp\/v2\/product_brand?post=288245"},{"taxonomy":"product_cat","embeddable":true,"href":"https:\/\/www.raxxa.com\/fr\/wp-json\/wp\/v2\/product_cat?post=288245"},{"taxonomy":"product_tag","embeddable":true,"href":"https:\/\/www.raxxa.com\/fr\/wp-json\/wp\/v2\/product_tag?post=288245"}],"curies":[{"name":"wp","href":"https:\/\/api.w.org\/{rel}","templated":true}]}}