{"id":284041,"date":"2026-02-28T12:46:36","date_gmt":"2026-02-28T10:46:36","guid":{"rendered":"https:\/\/www.raxxa.com\/shop\/poster-waldreiterin-und-der-weisse-wolf-anime-stil\/"},"modified":"2026-02-28T12:52:13","modified_gmt":"2026-02-28T10:52:13","slug":"poster-waldreiterin-und-der-weisse-wolf-anime-stil","status":"publish","type":"product","link":"https:\/\/www.raxxa.com\/fr\/shop\/poster-waldreiterin-und-der-weisse-wolf-anime-stil\/","title":{"rendered":"Poster: Waldreiterin und der wei\u00dfe Wolf &#8211; Anime Stil"},"content":{"rendered":"<h3><strong>&quot;Waldreiterin und der wei\u00dfe Wolf &#8211; Anime Stil&quot; by Kerstin Waurick<\/strong><\/h3>\n<p><strong><\/strong><\/p>\n<p>Eine junge Kriegerin reitet durch den dichten, moosgr\u00fcnen Wald auf einem m\u00e4chtigen, wei\u00dfen Wolf. Das Sonnenlicht f\u00e4llt sanft durch das Bl\u00e4tterdach und beleuchtet die beiden wie in einer Szene aus einer alten Legende. Die innige Verbindung zwischen Mensch und Tier symbolisiert Schutz, Mut und ein tiefes Verst\u00e4ndnis f\u00fcr die Natur.<\/p>\n<p>&nbsp;<\/p>\n<ul><li>Poster de qualit\u00e9 mus\u00e9e sur papier d'archive mat durable (non couch\u00e9).<\/li><li>Poids du papier : 250 g \/ m\u00b2.<\/li><li>Envoi dans un emballage solide pour prot\u00e9ger le poster.<\/li><li>Ce produit est fabriqu\u00e9 sp\u00e9cialement pour toi, sur demande, dans la taille et le design souhait\u00e9s.<\/li><\/ul>","protected":false},"excerpt":{"rendered":"<p>&quot;Waldreiterin und der wei\u00dfe Wolf &#8211; Anime Stil&quot; by Kerstin Waurick Eine junge Kriegerin reitet durch den dichten, moosgr\u00fcnen Wald auf einem m\u00e4chtigen, wei\u00dfen Wolf. Das Sonnenlicht f\u00e4llt sanft durch das Bl\u00e4tterdach und beleuchtet die beiden wie in einer Szene aus einer alten Legende. Die innige Verbindung zwischen Mensch und Tier symbolisiert Schutz, Mut und [&hellip;]<\/p>\n","protected":false},"featured_media":284042,"comment_status":"open","ping_status":"closed","template":"","meta":[],"product_brand":[],"product_cat":[11600,10378,13429],"product_tag":[],"class_list":{"0":"post-284041","1":"product","2":"type-product","3":"status-publish","4":"has-post-thumbnail","6":"product_cat-fantasy-mythologie","7":"product_cat-poster","8":"product_cat-kerstin-waurick","10":"first","11":"instock","12":"taxable","13":"shipping-taxable","14":"purchasable","15":"product-type-variable"},"yoast_head":"<!-- This site is optimized with the Yoast SEO Premium plugin v27.2 (Yoast SEO v27.3) - https:\/\/yoast.com\/product\/yoast-seo-premium-wordpress\/ -->\n<title>Poster: Waldreiterin und der wei\u00dfe Wolf - Anime Stil - raxxa<\/title>\n<meta name=\"robots\" content=\"index, follow, max-snippet:-1, max-image-preview:large, max-video-preview:-1\" \/>\n<link rel=\"canonical\" href=\"https:\/\/www.raxxa.com\/fr\/shop\/poster-waldreiterin-und-der-weisse-wolf-anime-stil\/\" \/>\n<meta property=\"og:locale\" content=\"fr_FR\" \/>\n<meta property=\"og:type\" content=\"article\" \/>\n<meta property=\"og:title\" content=\"Poster: Waldreiterin und der wei\u00dfe Wolf - Anime Stil\" \/>\n<meta property=\"og:description\" content=\"&quot;Waldreiterin und der wei\u00dfe Wolf &#8211; Anime Stil&quot; by Kerstin Waurick Eine junge Kriegerin reitet durch den dichten, moosgr\u00fcnen Wald auf einem m\u00e4chtigen, wei\u00dfen Wolf. Das Sonnenlicht f\u00e4llt sanft durch das Bl\u00e4tterdach und beleuchtet die beiden wie in einer Szene aus einer alten Legende. Die innige Verbindung zwischen Mensch und Tier symbolisiert Schutz, Mut und [&hellip;]\" \/>\n<meta property=\"og:url\" content=\"https:\/\/www.raxxa.com\/fr\/shop\/poster-waldreiterin-und-der-weisse-wolf-anime-stil\/\" \/>\n<meta property=\"og:site_name\" content=\"raxxa\" \/>\n<meta property=\"article:publisher\" content=\"https:\/\/facebook.com\/raxxacom\" \/>\n<meta property=\"article:modified_time\" content=\"2026-02-28T10:52:13+00:00\" \/>\n<meta name=\"twitter:card\" content=\"summary_large_image\" \/>\n<meta name=\"twitter:label1\" content=\"Disponibilit\u00e9\" \/>\n\t<meta name=\"twitter:data1\" content=\"En stock\" \/>\n<script type=\"application\/ld+json\" class=\"yoast-schema-graph\">{\"@context\":\"https:\\\/\\\/schema.org\",\"@graph\":[{\"@type\":[\"WebPage\",\"ItemPage\"],\"@id\":\"https:\\\/\\\/www.raxxa.com\\\/shop\\\/poster-waldreiterin-und-der-weisse-wolf-anime-stil\\\/\",\"url\":\"https:\\\/\\\/www.raxxa.com\\\/shop\\\/poster-waldreiterin-und-der-weisse-wolf-anime-stil\\\/\",\"name\":\"Poster: Waldreiterin und der wei\u00dfe Wolf - Anime Stil - raxxa\",\"isPartOf\":{\"@id\":\"https:\\\/\\\/www.raxxa.com\\\/#website\"},\"primaryImageOfPage\":{\"@id\":\"https:\\\/\\\/www.raxxa.com\\\/shop\\\/poster-waldreiterin-und-der-weisse-wolf-anime-stil\\\/#primaryimage\"},\"image\":{\"@id\":\"https:\\\/\\\/www.raxxa.com\\\/shop\\\/poster-waldreiterin-und-der-weisse-wolf-anime-stil\\\/#primaryimage\"},\"thumbnailUrl\":\"https:\\\/\\\/www.raxxa.com\\\/wp-content\\\/uploads\\\/2026\\\/02\\\/raxxa-Wallart-373-20960-84-Kerstin-Waurick-Waldreiterin-und-der-weiSse-Wolf-Anime-Stil-15.jpg\",\"datePublished\":\"2026-02-28T10:46:36+00:00\",\"dateModified\":\"2026-02-28T10:52:13+00:00\",\"breadcrumb\":{\"@id\":\"https:\\\/\\\/www.raxxa.com\\\/shop\\\/poster-waldreiterin-und-der-weisse-wolf-anime-stil\\\/#breadcrumb\"},\"inLanguage\":\"fr-FR\",\"potentialAction\":[{\"@type\":\"ReadAction\",\"target\":[\"https:\\\/\\\/www.raxxa.com\\\/shop\\\/poster-waldreiterin-und-der-weisse-wolf-anime-stil\\\/\"]}]},{\"@type\":\"ImageObject\",\"inLanguage\":\"fr-FR\",\"@id\":\"https:\\\/\\\/www.raxxa.com\\\/shop\\\/poster-waldreiterin-und-der-weisse-wolf-anime-stil\\\/#primaryimage\",\"url\":\"https:\\\/\\\/www.raxxa.com\\\/wp-content\\\/uploads\\\/2026\\\/02\\\/raxxa-Wallart-373-20960-84-Kerstin-Waurick-Waldreiterin-und-der-weiSse-Wolf-Anime-Stil-15.jpg\",\"contentUrl\":\"https:\\\/\\\/www.raxxa.com\\\/wp-content\\\/uploads\\\/2026\\\/02\\\/raxxa-Wallart-373-20960-84-Kerstin-Waurick-Waldreiterin-und-der-weiSse-Wolf-Anime-Stil-15.jpg\",\"width\":1024,\"height\":1024},{\"@type\":\"BreadcrumbList\",\"@id\":\"https:\\\/\\\/www.raxxa.com\\\/shop\\\/poster-waldreiterin-und-der-weisse-wolf-anime-stil\\\/#breadcrumb\",\"itemListElement\":[{\"@type\":\"ListItem\",\"position\":1,\"name\":\"Startseite\",\"item\":\"https:\\\/\\\/www.raxxa.com\\\/\"},{\"@type\":\"ListItem\",\"position\":2,\"name\":\"Shop\",\"item\":\"https:\\\/\\\/www.raxxa.com\\\/it\\\/shop\\\/\"},{\"@type\":\"ListItem\",\"position\":3,\"name\":\"Poster: Waldreiterin und der wei\u00dfe Wolf &#8211; Anime Stil\"}]},{\"@type\":\"WebSite\",\"@id\":\"https:\\\/\\\/www.raxxa.com\\\/#website\",\"url\":\"https:\\\/\\\/www.raxxa.com\\\/\",\"name\":\"raxxa\",\"description\":\"Einzigartige individuelle Produkte von unseren Designern\",\"publisher\":{\"@id\":\"https:\\\/\\\/www.raxxa.com\\\/#organization\"},\"potentialAction\":[{\"@type\":\"SearchAction\",\"target\":{\"@type\":\"EntryPoint\",\"urlTemplate\":\"https:\\\/\\\/www.raxxa.com\\\/?s={search_term_string}\"},\"query-input\":{\"@type\":\"PropertyValueSpecification\",\"valueRequired\":true,\"valueName\":\"search_term_string\"}}],\"inLanguage\":\"fr-FR\"},{\"@type\":\"Organization\",\"@id\":\"https:\\\/\\\/www.raxxa.com\\\/#organization\",\"name\":\"raxxa\",\"url\":\"https:\\\/\\\/www.raxxa.com\\\/\",\"logo\":{\"@type\":\"ImageObject\",\"inLanguage\":\"fr-FR\",\"@id\":\"https:\\\/\\\/www.raxxa.com\\\/#\\\/schema\\\/logo\\\/image\\\/\",\"url\":\"https:\\\/\\\/www.raxxa.com\\\/wp-content\\\/uploads\\\/2022\\\/07\\\/logo_v2.png\",\"contentUrl\":\"https:\\\/\\\/www.raxxa.com\\\/wp-content\\\/uploads\\\/2022\\\/07\\\/logo_v2.png\",\"width\":380,\"height\":382,\"caption\":\"raxxa\"},\"image\":{\"@id\":\"https:\\\/\\\/www.raxxa.com\\\/#\\\/schema\\\/logo\\\/image\\\/\"},\"sameAs\":[\"https:\\\/\\\/facebook.com\\\/raxxacom\"]}]}<\/script>\n<meta property=\"og:availability\" content=\"instock\" \/>\n<meta property=\"product:availability\" content=\"instock\" \/>\n<meta property=\"product:retailer_item_id\" content=\"1-84-20960-373\" \/>\n<meta property=\"product:condition\" content=\"new\" \/>\n<!-- \/ Yoast SEO Premium plugin. -->","yoast_head_json":{"title":"Poster: Waldreiterin und der wei\u00dfe Wolf - Anime Stil - raxxa","robots":{"index":"index","follow":"follow","max-snippet":"max-snippet:-1","max-image-preview":"max-image-preview:large","max-video-preview":"max-video-preview:-1"},"canonical":"https:\/\/www.raxxa.com\/fr\/shop\/poster-waldreiterin-und-der-weisse-wolf-anime-stil\/","og_locale":"fr_FR","og_type":"article","og_title":"Poster: Waldreiterin und der wei\u00dfe Wolf - Anime Stil","og_description":"&quot;Waldreiterin und der wei\u00dfe Wolf &#8211; Anime Stil&quot; by Kerstin Waurick Eine junge Kriegerin reitet durch den dichten, moosgr\u00fcnen Wald auf einem m\u00e4chtigen, wei\u00dfen Wolf. Das Sonnenlicht f\u00e4llt sanft durch das Bl\u00e4tterdach und beleuchtet die beiden wie in einer Szene aus einer alten Legende. Die innige Verbindung zwischen Mensch und Tier symbolisiert Schutz, Mut und [&hellip;]","og_url":"https:\/\/www.raxxa.com\/fr\/shop\/poster-waldreiterin-und-der-weisse-wolf-anime-stil\/","og_site_name":"raxxa","article_publisher":"https:\/\/facebook.com\/raxxacom","article_modified_time":"2026-02-28T10:52:13+00:00","twitter_card":"summary_large_image","twitter_misc":{"Disponibilit\u00e9":"En stock"},"schema":{"@context":"https:\/\/schema.org","@graph":[{"@type":["WebPage","ItemPage"],"@id":"https:\/\/www.raxxa.com\/shop\/poster-waldreiterin-und-der-weisse-wolf-anime-stil\/","url":"https:\/\/www.raxxa.com\/shop\/poster-waldreiterin-und-der-weisse-wolf-anime-stil\/","name":"Poster: Waldreiterin und der wei\u00dfe Wolf - Anime Stil - raxxa","isPartOf":{"@id":"https:\/\/www.raxxa.com\/#website"},"primaryImageOfPage":{"@id":"https:\/\/www.raxxa.com\/shop\/poster-waldreiterin-und-der-weisse-wolf-anime-stil\/#primaryimage"},"image":{"@id":"https:\/\/www.raxxa.com\/shop\/poster-waldreiterin-und-der-weisse-wolf-anime-stil\/#primaryimage"},"thumbnailUrl":"https:\/\/www.raxxa.com\/wp-content\/uploads\/2026\/02\/raxxa-Wallart-373-20960-84-Kerstin-Waurick-Waldreiterin-und-der-weiSse-Wolf-Anime-Stil-15.jpg","datePublished":"2026-02-28T10:46:36+00:00","dateModified":"2026-02-28T10:52:13+00:00","breadcrumb":{"@id":"https:\/\/www.raxxa.com\/shop\/poster-waldreiterin-und-der-weisse-wolf-anime-stil\/#breadcrumb"},"inLanguage":"fr-FR","potentialAction":[{"@type":"ReadAction","target":["https:\/\/www.raxxa.com\/shop\/poster-waldreiterin-und-der-weisse-wolf-anime-stil\/"]}]},{"@type":"ImageObject","inLanguage":"fr-FR","@id":"https:\/\/www.raxxa.com\/shop\/poster-waldreiterin-und-der-weisse-wolf-anime-stil\/#primaryimage","url":"https:\/\/www.raxxa.com\/wp-content\/uploads\/2026\/02\/raxxa-Wallart-373-20960-84-Kerstin-Waurick-Waldreiterin-und-der-weiSse-Wolf-Anime-Stil-15.jpg","contentUrl":"https:\/\/www.raxxa.com\/wp-content\/uploads\/2026\/02\/raxxa-Wallart-373-20960-84-Kerstin-Waurick-Waldreiterin-und-der-weiSse-Wolf-Anime-Stil-15.jpg","width":1024,"height":1024},{"@type":"BreadcrumbList","@id":"https:\/\/www.raxxa.com\/shop\/poster-waldreiterin-und-der-weisse-wolf-anime-stil\/#breadcrumb","itemListElement":[{"@type":"ListItem","position":1,"name":"Startseite","item":"https:\/\/www.raxxa.com\/"},{"@type":"ListItem","position":2,"name":"Shop","item":"https:\/\/www.raxxa.com\/it\/shop\/"},{"@type":"ListItem","position":3,"name":"Poster: Waldreiterin und der wei\u00dfe Wolf &#8211; Anime Stil"}]},{"@type":"WebSite","@id":"https:\/\/www.raxxa.com\/#website","url":"https:\/\/www.raxxa.com\/","name":"raxxa","description":"Des produits uniques et personnalis\u00e9s cr\u00e9\u00e9s par nos designers","publisher":{"@id":"https:\/\/www.raxxa.com\/#organization"},"potentialAction":[{"@type":"SearchAction","target":{"@type":"EntryPoint","urlTemplate":"https:\/\/www.raxxa.com\/?s={search_term_string}"},"query-input":{"@type":"PropertyValueSpecification","valueRequired":true,"valueName":"search_term_string"}}],"inLanguage":"fr-FR"},{"@type":"Organization","@id":"https:\/\/www.raxxa.com\/#organization","name":"raxxa","url":"https:\/\/www.raxxa.com\/","logo":{"@type":"ImageObject","inLanguage":"fr-FR","@id":"https:\/\/www.raxxa.com\/#\/schema\/logo\/image\/","url":"https:\/\/www.raxxa.com\/wp-content\/uploads\/2022\/07\/logo_v2.png","contentUrl":"https:\/\/www.raxxa.com\/wp-content\/uploads\/2022\/07\/logo_v2.png","width":380,"height":382,"caption":"raxxa"},"image":{"@id":"https:\/\/www.raxxa.com\/#\/schema\/logo\/image\/"},"sameAs":["https:\/\/facebook.com\/raxxacom"]}]},"og_availability":"instock","product_availability":"instock","product_retailer_item_id":"1-84-20960-373","product_condition":"new"},"jetpack_sharing_enabled":true,"_links":{"self":[{"href":"https:\/\/www.raxxa.com\/fr\/wp-json\/wp\/v2\/product\/284041","targetHints":{"allow":["GET"]}}],"collection":[{"href":"https:\/\/www.raxxa.com\/fr\/wp-json\/wp\/v2\/product"}],"about":[{"href":"https:\/\/www.raxxa.com\/fr\/wp-json\/wp\/v2\/types\/product"}],"replies":[{"embeddable":true,"href":"https:\/\/www.raxxa.com\/fr\/wp-json\/wp\/v2\/comments?post=284041"}],"wp:featuredmedia":[{"embeddable":true,"href":"https:\/\/www.raxxa.com\/fr\/wp-json\/wp\/v2\/media\/284042"}],"wp:attachment":[{"href":"https:\/\/www.raxxa.com\/fr\/wp-json\/wp\/v2\/media?parent=284041"}],"wp:term":[{"taxonomy":"product_brand","embeddable":true,"href":"https:\/\/www.raxxa.com\/fr\/wp-json\/wp\/v2\/product_brand?post=284041"},{"taxonomy":"product_cat","embeddable":true,"href":"https:\/\/www.raxxa.com\/fr\/wp-json\/wp\/v2\/product_cat?post=284041"},{"taxonomy":"product_tag","embeddable":true,"href":"https:\/\/www.raxxa.com\/fr\/wp-json\/wp\/v2\/product_tag?post=284041"}],"curies":[{"name":"wp","href":"https:\/\/api.w.org\/{rel}","templated":true}]}}