{"id":283981,"date":"2026-02-28T12:33:30","date_gmt":"2026-02-28T10:33:30","guid":{"rendered":"https:\/\/www.raxxa.com\/shop\/poster-die-schwarze-katze-in-der-gasse-anime-stil\/"},"modified":"2026-02-28T12:37:49","modified_gmt":"2026-02-28T10:37:49","slug":"poster-die-schwarze-katze-in-der-gasse-anime-stil","status":"publish","type":"product","link":"https:\/\/www.raxxa.com\/fr\/shop\/poster-die-schwarze-katze-in-der-gasse-anime-stil\/","title":{"rendered":"Poster: Die schwarze Katze in der Gasse &#8211; Anime Stil"},"content":{"rendered":"<h3><strong>&quot;Die schwarze Katze in der Gasse &#8211; Anime Stil&quot; by Kerstin Waurick<\/strong><\/h3>\n<p><strong><\/strong><\/p>\n<p>Eine ruhige, sonnenbeschienene Gasse mit Kopfsteinpflaster und alten Natursteinmauern, umrahmt von bunten Blumen in Tont\u00f6pfen. In der Mitte sitzt eine elegante schwarze Katze mit neugierigem Blick. Die Szene strahlt W\u00e4rme, Ruhe und einen Hauch Magie aus \u2013 als w\u00fcrde gleich ein kleines Abenteuer beginnen.<\/p>\n<p>&nbsp;<\/p>\n<ul><li>Poster de qualit\u00e9 mus\u00e9e sur papier d'archive mat durable (non couch\u00e9).<\/li><li>Poids du papier : 250 g \/ m\u00b2.<\/li><li>Envoi dans un emballage solide pour prot\u00e9ger le poster.<\/li><li>Ce produit est fabriqu\u00e9 sp\u00e9cialement pour toi, sur demande, dans la taille et le design souhait\u00e9s.<\/li><\/ul>","protected":false},"excerpt":{"rendered":"<p>&quot;Die schwarze Katze in der Gasse &#8211; Anime Stil&quot; by Kerstin Waurick Eine ruhige, sonnenbeschienene Gasse mit Kopfsteinpflaster und alten Natursteinmauern, umrahmt von bunten Blumen in Tont\u00f6pfen. In der Mitte sitzt eine elegante schwarze Katze mit neugierigem Blick. Die Szene strahlt W\u00e4rme, Ruhe und einen Hauch Magie aus \u2013 als w\u00fcrde gleich ein kleines Abenteuer [&hellip;]<\/p>\n","protected":false},"featured_media":283982,"comment_status":"open","ping_status":"closed","template":"","meta":[],"product_brand":[],"product_cat":[11600,10378,13429],"product_tag":[],"class_list":{"0":"post-283981","1":"product","2":"type-product","3":"status-publish","4":"has-post-thumbnail","6":"product_cat-fantasy-mythologie","7":"product_cat-poster","8":"product_cat-kerstin-waurick","10":"first","11":"instock","12":"taxable","13":"shipping-taxable","14":"purchasable","15":"product-type-variable"},"yoast_head":"<!-- This site is optimized with the Yoast SEO Premium plugin v27.2 (Yoast SEO v27.3) - https:\/\/yoast.com\/product\/yoast-seo-premium-wordpress\/ -->\n<title>Poster: Die schwarze Katze in der Gasse - Anime Stil - raxxa<\/title>\n<meta name=\"robots\" content=\"index, follow, max-snippet:-1, max-image-preview:large, max-video-preview:-1\" \/>\n<link rel=\"canonical\" href=\"https:\/\/www.raxxa.com\/fr\/shop\/poster-die-schwarze-katze-in-der-gasse-anime-stil\/\" \/>\n<meta property=\"og:locale\" content=\"fr_FR\" \/>\n<meta property=\"og:type\" content=\"article\" \/>\n<meta property=\"og:title\" content=\"Poster: Die schwarze Katze in der Gasse - Anime Stil\" \/>\n<meta property=\"og:description\" content=\"&quot;Die schwarze Katze in der Gasse &#8211; Anime Stil&quot; by Kerstin Waurick Eine ruhige, sonnenbeschienene Gasse mit Kopfsteinpflaster und alten Natursteinmauern, umrahmt von bunten Blumen in Tont\u00f6pfen. In der Mitte sitzt eine elegante schwarze Katze mit neugierigem Blick. Die Szene strahlt W\u00e4rme, Ruhe und einen Hauch Magie aus \u2013 als w\u00fcrde gleich ein kleines Abenteuer [&hellip;]\" \/>\n<meta property=\"og:url\" content=\"https:\/\/www.raxxa.com\/fr\/shop\/poster-die-schwarze-katze-in-der-gasse-anime-stil\/\" \/>\n<meta property=\"og:site_name\" content=\"raxxa\" \/>\n<meta property=\"article:publisher\" content=\"https:\/\/facebook.com\/raxxacom\" \/>\n<meta property=\"article:modified_time\" content=\"2026-02-28T10:37:49+00:00\" \/>\n<meta name=\"twitter:card\" content=\"summary_large_image\" \/>\n<meta name=\"twitter:label1\" content=\"Disponibilit\u00e9\" \/>\n\t<meta name=\"twitter:data1\" content=\"En stock\" \/>\n<script type=\"application\/ld+json\" class=\"yoast-schema-graph\">{\"@context\":\"https:\\\/\\\/schema.org\",\"@graph\":[{\"@type\":[\"WebPage\",\"ItemPage\"],\"@id\":\"https:\\\/\\\/www.raxxa.com\\\/shop\\\/poster-die-schwarze-katze-in-der-gasse-anime-stil\\\/\",\"url\":\"https:\\\/\\\/www.raxxa.com\\\/shop\\\/poster-die-schwarze-katze-in-der-gasse-anime-stil\\\/\",\"name\":\"Poster: Die schwarze Katze in der Gasse - Anime Stil - raxxa\",\"isPartOf\":{\"@id\":\"https:\\\/\\\/www.raxxa.com\\\/#website\"},\"primaryImageOfPage\":{\"@id\":\"https:\\\/\\\/www.raxxa.com\\\/shop\\\/poster-die-schwarze-katze-in-der-gasse-anime-stil\\\/#primaryimage\"},\"image\":{\"@id\":\"https:\\\/\\\/www.raxxa.com\\\/shop\\\/poster-die-schwarze-katze-in-der-gasse-anime-stil\\\/#primaryimage\"},\"thumbnailUrl\":\"https:\\\/\\\/www.raxxa.com\\\/wp-content\\\/uploads\\\/2026\\\/02\\\/raxxa-Wallart-373-20958-84-Kerstin-Waurick-Die-schwarze-Katze-in-der-Gasse-Anime-Stil-15.jpg\",\"datePublished\":\"2026-02-28T10:33:30+00:00\",\"dateModified\":\"2026-02-28T10:37:49+00:00\",\"breadcrumb\":{\"@id\":\"https:\\\/\\\/www.raxxa.com\\\/shop\\\/poster-die-schwarze-katze-in-der-gasse-anime-stil\\\/#breadcrumb\"},\"inLanguage\":\"fr-FR\",\"potentialAction\":[{\"@type\":\"ReadAction\",\"target\":[\"https:\\\/\\\/www.raxxa.com\\\/shop\\\/poster-die-schwarze-katze-in-der-gasse-anime-stil\\\/\"]}]},{\"@type\":\"ImageObject\",\"inLanguage\":\"fr-FR\",\"@id\":\"https:\\\/\\\/www.raxxa.com\\\/shop\\\/poster-die-schwarze-katze-in-der-gasse-anime-stil\\\/#primaryimage\",\"url\":\"https:\\\/\\\/www.raxxa.com\\\/wp-content\\\/uploads\\\/2026\\\/02\\\/raxxa-Wallart-373-20958-84-Kerstin-Waurick-Die-schwarze-Katze-in-der-Gasse-Anime-Stil-15.jpg\",\"contentUrl\":\"https:\\\/\\\/www.raxxa.com\\\/wp-content\\\/uploads\\\/2026\\\/02\\\/raxxa-Wallart-373-20958-84-Kerstin-Waurick-Die-schwarze-Katze-in-der-Gasse-Anime-Stil-15.jpg\",\"width\":1024,\"height\":1024},{\"@type\":\"BreadcrumbList\",\"@id\":\"https:\\\/\\\/www.raxxa.com\\\/shop\\\/poster-die-schwarze-katze-in-der-gasse-anime-stil\\\/#breadcrumb\",\"itemListElement\":[{\"@type\":\"ListItem\",\"position\":1,\"name\":\"Startseite\",\"item\":\"https:\\\/\\\/www.raxxa.com\\\/\"},{\"@type\":\"ListItem\",\"position\":2,\"name\":\"Shop\",\"item\":\"https:\\\/\\\/www.raxxa.com\\\/it\\\/shop\\\/\"},{\"@type\":\"ListItem\",\"position\":3,\"name\":\"Poster: Die schwarze Katze in der Gasse &#8211; Anime Stil\"}]},{\"@type\":\"WebSite\",\"@id\":\"https:\\\/\\\/www.raxxa.com\\\/#website\",\"url\":\"https:\\\/\\\/www.raxxa.com\\\/\",\"name\":\"raxxa\",\"description\":\"Einzigartige individuelle Produkte von unseren Designern\",\"publisher\":{\"@id\":\"https:\\\/\\\/www.raxxa.com\\\/#organization\"},\"potentialAction\":[{\"@type\":\"SearchAction\",\"target\":{\"@type\":\"EntryPoint\",\"urlTemplate\":\"https:\\\/\\\/www.raxxa.com\\\/?s={search_term_string}\"},\"query-input\":{\"@type\":\"PropertyValueSpecification\",\"valueRequired\":true,\"valueName\":\"search_term_string\"}}],\"inLanguage\":\"fr-FR\"},{\"@type\":\"Organization\",\"@id\":\"https:\\\/\\\/www.raxxa.com\\\/#organization\",\"name\":\"raxxa\",\"url\":\"https:\\\/\\\/www.raxxa.com\\\/\",\"logo\":{\"@type\":\"ImageObject\",\"inLanguage\":\"fr-FR\",\"@id\":\"https:\\\/\\\/www.raxxa.com\\\/#\\\/schema\\\/logo\\\/image\\\/\",\"url\":\"https:\\\/\\\/www.raxxa.com\\\/wp-content\\\/uploads\\\/2022\\\/07\\\/logo_v2.png\",\"contentUrl\":\"https:\\\/\\\/www.raxxa.com\\\/wp-content\\\/uploads\\\/2022\\\/07\\\/logo_v2.png\",\"width\":380,\"height\":382,\"caption\":\"raxxa\"},\"image\":{\"@id\":\"https:\\\/\\\/www.raxxa.com\\\/#\\\/schema\\\/logo\\\/image\\\/\"},\"sameAs\":[\"https:\\\/\\\/facebook.com\\\/raxxacom\"]}]}<\/script>\n<meta property=\"og:availability\" content=\"instock\" \/>\n<meta property=\"product:availability\" content=\"instock\" \/>\n<meta property=\"product:retailer_item_id\" content=\"1-84-20958-373\" \/>\n<meta property=\"product:condition\" content=\"new\" \/>\n<!-- \/ Yoast SEO Premium plugin. -->","yoast_head_json":{"title":"Poster: Die schwarze Katze in der Gasse - Anime Stil - raxxa","robots":{"index":"index","follow":"follow","max-snippet":"max-snippet:-1","max-image-preview":"max-image-preview:large","max-video-preview":"max-video-preview:-1"},"canonical":"https:\/\/www.raxxa.com\/fr\/shop\/poster-die-schwarze-katze-in-der-gasse-anime-stil\/","og_locale":"fr_FR","og_type":"article","og_title":"Poster: Die schwarze Katze in der Gasse - Anime Stil","og_description":"&quot;Die schwarze Katze in der Gasse &#8211; Anime Stil&quot; by Kerstin Waurick Eine ruhige, sonnenbeschienene Gasse mit Kopfsteinpflaster und alten Natursteinmauern, umrahmt von bunten Blumen in Tont\u00f6pfen. In der Mitte sitzt eine elegante schwarze Katze mit neugierigem Blick. Die Szene strahlt W\u00e4rme, Ruhe und einen Hauch Magie aus \u2013 als w\u00fcrde gleich ein kleines Abenteuer [&hellip;]","og_url":"https:\/\/www.raxxa.com\/fr\/shop\/poster-die-schwarze-katze-in-der-gasse-anime-stil\/","og_site_name":"raxxa","article_publisher":"https:\/\/facebook.com\/raxxacom","article_modified_time":"2026-02-28T10:37:49+00:00","twitter_card":"summary_large_image","twitter_misc":{"Disponibilit\u00e9":"En stock"},"schema":{"@context":"https:\/\/schema.org","@graph":[{"@type":["WebPage","ItemPage"],"@id":"https:\/\/www.raxxa.com\/shop\/poster-die-schwarze-katze-in-der-gasse-anime-stil\/","url":"https:\/\/www.raxxa.com\/shop\/poster-die-schwarze-katze-in-der-gasse-anime-stil\/","name":"Poster: Die schwarze Katze in der Gasse - Anime Stil - raxxa","isPartOf":{"@id":"https:\/\/www.raxxa.com\/#website"},"primaryImageOfPage":{"@id":"https:\/\/www.raxxa.com\/shop\/poster-die-schwarze-katze-in-der-gasse-anime-stil\/#primaryimage"},"image":{"@id":"https:\/\/www.raxxa.com\/shop\/poster-die-schwarze-katze-in-der-gasse-anime-stil\/#primaryimage"},"thumbnailUrl":"https:\/\/www.raxxa.com\/wp-content\/uploads\/2026\/02\/raxxa-Wallart-373-20958-84-Kerstin-Waurick-Die-schwarze-Katze-in-der-Gasse-Anime-Stil-15.jpg","datePublished":"2026-02-28T10:33:30+00:00","dateModified":"2026-02-28T10:37:49+00:00","breadcrumb":{"@id":"https:\/\/www.raxxa.com\/shop\/poster-die-schwarze-katze-in-der-gasse-anime-stil\/#breadcrumb"},"inLanguage":"fr-FR","potentialAction":[{"@type":"ReadAction","target":["https:\/\/www.raxxa.com\/shop\/poster-die-schwarze-katze-in-der-gasse-anime-stil\/"]}]},{"@type":"ImageObject","inLanguage":"fr-FR","@id":"https:\/\/www.raxxa.com\/shop\/poster-die-schwarze-katze-in-der-gasse-anime-stil\/#primaryimage","url":"https:\/\/www.raxxa.com\/wp-content\/uploads\/2026\/02\/raxxa-Wallart-373-20958-84-Kerstin-Waurick-Die-schwarze-Katze-in-der-Gasse-Anime-Stil-15.jpg","contentUrl":"https:\/\/www.raxxa.com\/wp-content\/uploads\/2026\/02\/raxxa-Wallart-373-20958-84-Kerstin-Waurick-Die-schwarze-Katze-in-der-Gasse-Anime-Stil-15.jpg","width":1024,"height":1024},{"@type":"BreadcrumbList","@id":"https:\/\/www.raxxa.com\/shop\/poster-die-schwarze-katze-in-der-gasse-anime-stil\/#breadcrumb","itemListElement":[{"@type":"ListItem","position":1,"name":"Startseite","item":"https:\/\/www.raxxa.com\/"},{"@type":"ListItem","position":2,"name":"Shop","item":"https:\/\/www.raxxa.com\/it\/shop\/"},{"@type":"ListItem","position":3,"name":"Poster: Die schwarze Katze in der Gasse &#8211; Anime Stil"}]},{"@type":"WebSite","@id":"https:\/\/www.raxxa.com\/#website","url":"https:\/\/www.raxxa.com\/","name":"raxxa","description":"Des produits uniques et personnalis\u00e9s cr\u00e9\u00e9s par nos designers","publisher":{"@id":"https:\/\/www.raxxa.com\/#organization"},"potentialAction":[{"@type":"SearchAction","target":{"@type":"EntryPoint","urlTemplate":"https:\/\/www.raxxa.com\/?s={search_term_string}"},"query-input":{"@type":"PropertyValueSpecification","valueRequired":true,"valueName":"search_term_string"}}],"inLanguage":"fr-FR"},{"@type":"Organization","@id":"https:\/\/www.raxxa.com\/#organization","name":"raxxa","url":"https:\/\/www.raxxa.com\/","logo":{"@type":"ImageObject","inLanguage":"fr-FR","@id":"https:\/\/www.raxxa.com\/#\/schema\/logo\/image\/","url":"https:\/\/www.raxxa.com\/wp-content\/uploads\/2022\/07\/logo_v2.png","contentUrl":"https:\/\/www.raxxa.com\/wp-content\/uploads\/2022\/07\/logo_v2.png","width":380,"height":382,"caption":"raxxa"},"image":{"@id":"https:\/\/www.raxxa.com\/#\/schema\/logo\/image\/"},"sameAs":["https:\/\/facebook.com\/raxxacom"]}]},"og_availability":"instock","product_availability":"instock","product_retailer_item_id":"1-84-20958-373","product_condition":"new"},"jetpack_sharing_enabled":true,"_links":{"self":[{"href":"https:\/\/www.raxxa.com\/fr\/wp-json\/wp\/v2\/product\/283981","targetHints":{"allow":["GET"]}}],"collection":[{"href":"https:\/\/www.raxxa.com\/fr\/wp-json\/wp\/v2\/product"}],"about":[{"href":"https:\/\/www.raxxa.com\/fr\/wp-json\/wp\/v2\/types\/product"}],"replies":[{"embeddable":true,"href":"https:\/\/www.raxxa.com\/fr\/wp-json\/wp\/v2\/comments?post=283981"}],"wp:featuredmedia":[{"embeddable":true,"href":"https:\/\/www.raxxa.com\/fr\/wp-json\/wp\/v2\/media\/283982"}],"wp:attachment":[{"href":"https:\/\/www.raxxa.com\/fr\/wp-json\/wp\/v2\/media?parent=283981"}],"wp:term":[{"taxonomy":"product_brand","embeddable":true,"href":"https:\/\/www.raxxa.com\/fr\/wp-json\/wp\/v2\/product_brand?post=283981"},{"taxonomy":"product_cat","embeddable":true,"href":"https:\/\/www.raxxa.com\/fr\/wp-json\/wp\/v2\/product_cat?post=283981"},{"taxonomy":"product_tag","embeddable":true,"href":"https:\/\/www.raxxa.com\/fr\/wp-json\/wp\/v2\/product_tag?post=283981"}],"curies":[{"name":"wp","href":"https:\/\/api.w.org\/{rel}","templated":true}]}}