{"id":265139,"date":"2025-11-29T13:22:22","date_gmt":"2025-11-29T11:22:22","guid":{"rendered":"https:\/\/www.raxxa.com\/?post_type=product&#038;p=265139"},"modified":"2025-11-29T13:27:39","modified_gmt":"2025-11-29T11:27:39","slug":"raxxa-canva-aprilsonne","status":"publish","type":"product","link":"https:\/\/www.raxxa.com\/fr\/shop\/raxxa-canva-aprilsonne\/","title":{"rendered":"raxxa Canva: Aprilsonne"},"content":{"rendered":"<h3><strong>&quot;Aprilsonne&quot; by REBEKKA RIEDEL<\/strong><\/h3>\n<p><strong><\/strong><\/p>\n<p>Kennst du diesen einen Tag im Fr\u00fchling?<br \/>Diesen Moment, in dem das Licht heller scheint als sonst.<br \/>Wenn die Kirschbl\u00fcten aufbrechen<br \/>und der Himmel so blau ist,<br \/>dass du einfach nur stehen bleiben und atmen willst!<\/p>\n<p> Aprilsonne f\u00e4ngt genau diesen Augenblick ein.<br \/>Rosarote Bl\u00fcten schweben vor himmlischem Blau.<br \/>Sonnenstrahlen.<br \/>Klar, hell, wei\u00df.<br \/>Das Licht ber\u00fchrt die Bl\u00fctenbl\u00e4tter, und alles beginnt zu leuchten.<br \/>Farben, die dich wachk\u00fcssen.<br \/>Warmer Glanz, der dich umarmt.<\/p>\n<p>&nbsp;<\/p>\n<ul><li>Classic Canvas avec bordures de 2 cm, 100 % polyester.<\/li><li>Encres latex HP de haute qualit\u00e9 avec protection UV, garantissant des couleurs vives et une r\u00e9sistance \u00e0 la lumi\u00e8re.<\/li><li>Cadre en bois certifi\u00e9 FSC<\/li><li>Ce produit est fabriqu\u00e9 sp\u00e9cialement pour toi, sur demande, dans la taille et le design souhait\u00e9s.<\/li><\/ul>","protected":false},"excerpt":{"rendered":"<p>&quot;Aprilsonne&quot; by REBEKKA RIEDEL Kennst du diesen einen Tag im Fr\u00fchling?Diesen Moment, in dem das Licht heller scheint als sonst.Wenn die Kirschbl\u00fcten aufbrechenund der Himmel so blau ist,dass du einfach nur stehen bleiben und atmen willst! Aprilsonne f\u00e4ngt genau diesen Augenblick ein.Rosarote Bl\u00fcten schweben vor himmlischem Blau.Sonnenstrahlen.Klar, hell, wei\u00df.Das Licht ber\u00fchrt die Bl\u00fctenbl\u00e4tter, und alles [&hellip;]<\/p>\n","protected":false},"featured_media":265194,"comment_status":"open","ping_status":"closed","template":"","meta":[],"product_brand":[],"product_cat":[12937,136,13508],"product_tag":[],"class_list":{"0":"post-265139","1":"product","2":"type-product","3":"status-publish","4":"has-post-thumbnail","6":"product_cat-canvas","7":"product_cat-natur","8":"product_cat-rebekka-riedel","9":"product_shipping_class-versand-canvas","11":"first","12":"instock","13":"taxable","14":"shipping-taxable","15":"purchasable","16":"product-type-variable"},"yoast_head":"<!-- This site is optimized with the Yoast SEO Premium plugin v27.2 (Yoast SEO v27.3) - https:\/\/yoast.com\/product\/yoast-seo-premium-wordpress\/ -->\n<title>raxxa Canva: Aprilsonne - raxxa<\/title>\n<meta name=\"robots\" content=\"index, follow, max-snippet:-1, max-image-preview:large, max-video-preview:-1\" \/>\n<link rel=\"canonical\" href=\"https:\/\/www.raxxa.com\/fr\/shop\/raxxa-canva-aprilsonne\/\" \/>\n<meta property=\"og:locale\" content=\"fr_FR\" \/>\n<meta property=\"og:type\" content=\"article\" \/>\n<meta property=\"og:title\" content=\"raxxa Canva: Aprilsonne\" \/>\n<meta property=\"og:description\" content=\"&quot;Aprilsonne&quot; by REBEKKA RIEDEL Kennst du diesen einen Tag im Fr\u00fchling?Diesen Moment, in dem das Licht heller scheint als sonst.Wenn die Kirschbl\u00fcten aufbrechenund der Himmel so blau ist,dass du einfach nur stehen bleiben und atmen willst! Aprilsonne f\u00e4ngt genau diesen Augenblick ein.Rosarote Bl\u00fcten schweben vor himmlischem Blau.Sonnenstrahlen.Klar, hell, wei\u00df.Das Licht ber\u00fchrt die Bl\u00fctenbl\u00e4tter, und alles [&hellip;]\" \/>\n<meta property=\"og:url\" content=\"https:\/\/www.raxxa.com\/fr\/shop\/raxxa-canva-aprilsonne\/\" \/>\n<meta property=\"og:site_name\" content=\"raxxa\" \/>\n<meta property=\"article:publisher\" content=\"https:\/\/facebook.com\/raxxacom\" \/>\n<meta property=\"article:modified_time\" content=\"2025-11-29T11:27:39+00:00\" \/>\n<meta name=\"twitter:card\" content=\"summary_large_image\" \/>\n<meta name=\"twitter:label1\" content=\"Disponibilit\u00e9\" \/>\n\t<meta name=\"twitter:data1\" content=\"En stock\" \/>\n<script type=\"application\/ld+json\" class=\"yoast-schema-graph\">{\"@context\":\"https:\\\/\\\/schema.org\",\"@graph\":[{\"@type\":[\"WebPage\",\"ItemPage\"],\"@id\":\"https:\\\/\\\/www.raxxa.com\\\/shop\\\/raxxa-canva-aprilsonne\\\/\",\"url\":\"https:\\\/\\\/www.raxxa.com\\\/shop\\\/raxxa-canva-aprilsonne\\\/\",\"name\":\"raxxa Canva: Aprilsonne - raxxa\",\"isPartOf\":{\"@id\":\"https:\\\/\\\/www.raxxa.com\\\/#website\"},\"primaryImageOfPage\":{\"@id\":\"https:\\\/\\\/www.raxxa.com\\\/shop\\\/raxxa-canva-aprilsonne\\\/#primaryimage\"},\"image\":{\"@id\":\"https:\\\/\\\/www.raxxa.com\\\/shop\\\/raxxa-canva-aprilsonne\\\/#primaryimage\"},\"thumbnailUrl\":\"https:\\\/\\\/www.raxxa.com\\\/wp-content\\\/uploads\\\/2025\\\/11\\\/raxxa-Canvas-381-21687-133-REBEKKA-RIEDEL-Aprilsonne-4-scaled.jpg\",\"datePublished\":\"2025-11-29T11:22:22+00:00\",\"dateModified\":\"2025-11-29T11:27:39+00:00\",\"breadcrumb\":{\"@id\":\"https:\\\/\\\/www.raxxa.com\\\/shop\\\/raxxa-canva-aprilsonne\\\/#breadcrumb\"},\"inLanguage\":\"fr-FR\",\"potentialAction\":[{\"@type\":\"ReadAction\",\"target\":[\"https:\\\/\\\/www.raxxa.com\\\/shop\\\/raxxa-canva-aprilsonne\\\/\"]}]},{\"@type\":\"ImageObject\",\"inLanguage\":\"fr-FR\",\"@id\":\"https:\\\/\\\/www.raxxa.com\\\/shop\\\/raxxa-canva-aprilsonne\\\/#primaryimage\",\"url\":\"https:\\\/\\\/www.raxxa.com\\\/wp-content\\\/uploads\\\/2025\\\/11\\\/raxxa-Canvas-381-21687-133-REBEKKA-RIEDEL-Aprilsonne-4-scaled.jpg\",\"contentUrl\":\"https:\\\/\\\/www.raxxa.com\\\/wp-content\\\/uploads\\\/2025\\\/11\\\/raxxa-Canvas-381-21687-133-REBEKKA-RIEDEL-Aprilsonne-4-scaled.jpg\",\"width\":1920,\"height\":2560},{\"@type\":\"BreadcrumbList\",\"@id\":\"https:\\\/\\\/www.raxxa.com\\\/shop\\\/raxxa-canva-aprilsonne\\\/#breadcrumb\",\"itemListElement\":[{\"@type\":\"ListItem\",\"position\":1,\"name\":\"Startseite\",\"item\":\"https:\\\/\\\/www.raxxa.com\\\/\"},{\"@type\":\"ListItem\",\"position\":2,\"name\":\"Shop\",\"item\":\"https:\\\/\\\/www.raxxa.com\\\/it\\\/shop\\\/\"},{\"@type\":\"ListItem\",\"position\":3,\"name\":\"raxxa Canva: Aprilsonne\"}]},{\"@type\":\"WebSite\",\"@id\":\"https:\\\/\\\/www.raxxa.com\\\/#website\",\"url\":\"https:\\\/\\\/www.raxxa.com\\\/\",\"name\":\"raxxa\",\"description\":\"Einzigartige individuelle Produkte von unseren Designern\",\"publisher\":{\"@id\":\"https:\\\/\\\/www.raxxa.com\\\/#organization\"},\"potentialAction\":[{\"@type\":\"SearchAction\",\"target\":{\"@type\":\"EntryPoint\",\"urlTemplate\":\"https:\\\/\\\/www.raxxa.com\\\/?s={search_term_string}\"},\"query-input\":{\"@type\":\"PropertyValueSpecification\",\"valueRequired\":true,\"valueName\":\"search_term_string\"}}],\"inLanguage\":\"fr-FR\"},{\"@type\":\"Organization\",\"@id\":\"https:\\\/\\\/www.raxxa.com\\\/#organization\",\"name\":\"raxxa\",\"url\":\"https:\\\/\\\/www.raxxa.com\\\/\",\"logo\":{\"@type\":\"ImageObject\",\"inLanguage\":\"fr-FR\",\"@id\":\"https:\\\/\\\/www.raxxa.com\\\/#\\\/schema\\\/logo\\\/image\\\/\",\"url\":\"https:\\\/\\\/www.raxxa.com\\\/wp-content\\\/uploads\\\/2022\\\/07\\\/logo_v2.png\",\"contentUrl\":\"https:\\\/\\\/www.raxxa.com\\\/wp-content\\\/uploads\\\/2022\\\/07\\\/logo_v2.png\",\"width\":380,\"height\":382,\"caption\":\"raxxa\"},\"image\":{\"@id\":\"https:\\\/\\\/www.raxxa.com\\\/#\\\/schema\\\/logo\\\/image\\\/\"},\"sameAs\":[\"https:\\\/\\\/facebook.com\\\/raxxacom\"]}]}<\/script>\n<meta property=\"og:availability\" content=\"instock\" \/>\n<meta property=\"product:availability\" content=\"instock\" \/>\n<meta property=\"product:retailer_item_id\" content=\"1-133-21687-381\" \/>\n<meta property=\"product:condition\" content=\"new\" \/>\n<!-- \/ Yoast SEO Premium plugin. -->","yoast_head_json":{"title":"raxxa Canva: Aprilsonne - raxxa","robots":{"index":"index","follow":"follow","max-snippet":"max-snippet:-1","max-image-preview":"max-image-preview:large","max-video-preview":"max-video-preview:-1"},"canonical":"https:\/\/www.raxxa.com\/fr\/shop\/raxxa-canva-aprilsonne\/","og_locale":"fr_FR","og_type":"article","og_title":"raxxa Canva: Aprilsonne","og_description":"&quot;Aprilsonne&quot; by REBEKKA RIEDEL Kennst du diesen einen Tag im Fr\u00fchling?Diesen Moment, in dem das Licht heller scheint als sonst.Wenn die Kirschbl\u00fcten aufbrechenund der Himmel so blau ist,dass du einfach nur stehen bleiben und atmen willst! Aprilsonne f\u00e4ngt genau diesen Augenblick ein.Rosarote Bl\u00fcten schweben vor himmlischem Blau.Sonnenstrahlen.Klar, hell, wei\u00df.Das Licht ber\u00fchrt die Bl\u00fctenbl\u00e4tter, und alles [&hellip;]","og_url":"https:\/\/www.raxxa.com\/fr\/shop\/raxxa-canva-aprilsonne\/","og_site_name":"raxxa","article_publisher":"https:\/\/facebook.com\/raxxacom","article_modified_time":"2025-11-29T11:27:39+00:00","twitter_card":"summary_large_image","twitter_misc":{"Disponibilit\u00e9":"En stock"},"schema":{"@context":"https:\/\/schema.org","@graph":[{"@type":["WebPage","ItemPage"],"@id":"https:\/\/www.raxxa.com\/shop\/raxxa-canva-aprilsonne\/","url":"https:\/\/www.raxxa.com\/shop\/raxxa-canva-aprilsonne\/","name":"raxxa Canva: Aprilsonne - raxxa","isPartOf":{"@id":"https:\/\/www.raxxa.com\/#website"},"primaryImageOfPage":{"@id":"https:\/\/www.raxxa.com\/shop\/raxxa-canva-aprilsonne\/#primaryimage"},"image":{"@id":"https:\/\/www.raxxa.com\/shop\/raxxa-canva-aprilsonne\/#primaryimage"},"thumbnailUrl":"https:\/\/www.raxxa.com\/wp-content\/uploads\/2025\/11\/raxxa-Canvas-381-21687-133-REBEKKA-RIEDEL-Aprilsonne-4-scaled.jpg","datePublished":"2025-11-29T11:22:22+00:00","dateModified":"2025-11-29T11:27:39+00:00","breadcrumb":{"@id":"https:\/\/www.raxxa.com\/shop\/raxxa-canva-aprilsonne\/#breadcrumb"},"inLanguage":"fr-FR","potentialAction":[{"@type":"ReadAction","target":["https:\/\/www.raxxa.com\/shop\/raxxa-canva-aprilsonne\/"]}]},{"@type":"ImageObject","inLanguage":"fr-FR","@id":"https:\/\/www.raxxa.com\/shop\/raxxa-canva-aprilsonne\/#primaryimage","url":"https:\/\/www.raxxa.com\/wp-content\/uploads\/2025\/11\/raxxa-Canvas-381-21687-133-REBEKKA-RIEDEL-Aprilsonne-4-scaled.jpg","contentUrl":"https:\/\/www.raxxa.com\/wp-content\/uploads\/2025\/11\/raxxa-Canvas-381-21687-133-REBEKKA-RIEDEL-Aprilsonne-4-scaled.jpg","width":1920,"height":2560},{"@type":"BreadcrumbList","@id":"https:\/\/www.raxxa.com\/shop\/raxxa-canva-aprilsonne\/#breadcrumb","itemListElement":[{"@type":"ListItem","position":1,"name":"Startseite","item":"https:\/\/www.raxxa.com\/"},{"@type":"ListItem","position":2,"name":"Shop","item":"https:\/\/www.raxxa.com\/it\/shop\/"},{"@type":"ListItem","position":3,"name":"raxxa Canva: Aprilsonne"}]},{"@type":"WebSite","@id":"https:\/\/www.raxxa.com\/#website","url":"https:\/\/www.raxxa.com\/","name":"raxxa","description":"Des produits uniques et personnalis\u00e9s cr\u00e9\u00e9s par nos designers","publisher":{"@id":"https:\/\/www.raxxa.com\/#organization"},"potentialAction":[{"@type":"SearchAction","target":{"@type":"EntryPoint","urlTemplate":"https:\/\/www.raxxa.com\/?s={search_term_string}"},"query-input":{"@type":"PropertyValueSpecification","valueRequired":true,"valueName":"search_term_string"}}],"inLanguage":"fr-FR"},{"@type":"Organization","@id":"https:\/\/www.raxxa.com\/#organization","name":"raxxa","url":"https:\/\/www.raxxa.com\/","logo":{"@type":"ImageObject","inLanguage":"fr-FR","@id":"https:\/\/www.raxxa.com\/#\/schema\/logo\/image\/","url":"https:\/\/www.raxxa.com\/wp-content\/uploads\/2022\/07\/logo_v2.png","contentUrl":"https:\/\/www.raxxa.com\/wp-content\/uploads\/2022\/07\/logo_v2.png","width":380,"height":382,"caption":"raxxa"},"image":{"@id":"https:\/\/www.raxxa.com\/#\/schema\/logo\/image\/"},"sameAs":["https:\/\/facebook.com\/raxxacom"]}]},"og_availability":"instock","product_availability":"instock","product_retailer_item_id":"1-133-21687-381","product_condition":"new"},"jetpack_sharing_enabled":true,"_links":{"self":[{"href":"https:\/\/www.raxxa.com\/fr\/wp-json\/wp\/v2\/product\/265139","targetHints":{"allow":["GET"]}}],"collection":[{"href":"https:\/\/www.raxxa.com\/fr\/wp-json\/wp\/v2\/product"}],"about":[{"href":"https:\/\/www.raxxa.com\/fr\/wp-json\/wp\/v2\/types\/product"}],"replies":[{"embeddable":true,"href":"https:\/\/www.raxxa.com\/fr\/wp-json\/wp\/v2\/comments?post=265139"}],"wp:featuredmedia":[{"embeddable":true,"href":"https:\/\/www.raxxa.com\/fr\/wp-json\/wp\/v2\/media\/265194"}],"wp:attachment":[{"href":"https:\/\/www.raxxa.com\/fr\/wp-json\/wp\/v2\/media?parent=265139"}],"wp:term":[{"taxonomy":"product_brand","embeddable":true,"href":"https:\/\/www.raxxa.com\/fr\/wp-json\/wp\/v2\/product_brand?post=265139"},{"taxonomy":"product_cat","embeddable":true,"href":"https:\/\/www.raxxa.com\/fr\/wp-json\/wp\/v2\/product_cat?post=265139"},{"taxonomy":"product_tag","embeddable":true,"href":"https:\/\/www.raxxa.com\/fr\/wp-json\/wp\/v2\/product_tag?post=265139"}],"curies":[{"name":"wp","href":"https:\/\/api.w.org\/{rel}","templated":true}]}}