{"id":239390,"date":"2025-09-13T22:25:03","date_gmt":"2025-09-13T20:25:03","guid":{"rendered":"https:\/\/www.raxxa.com\/?post_type=product&#038;p=239390"},"modified":"2025-09-13T22:28:58","modified_gmt":"2025-09-13T20:28:58","slug":"raxxa-premium-tischset-eagle-sitting-on-tree-during-snowfall-in-winter-pastel-chalk-drawing","status":"publish","type":"product","link":"https:\/\/www.raxxa.com\/fr\/shop\/raxxa-premium-tischset-eagle-sitting-on-tree-during-snowfall-in-winter-pastel-chalk-drawing\/","title":{"rendered":"raxxa Premium-Tischset: Eagle Sitting on Tree During Snowfall in Winter Pastel Chalk Drawing"},"content":{"rendered":"<h3><strong>&quot;Eagle Sitting on Tree During Snowfall in Winter Pastel Chalk Drawing&quot; by Anja Frost<\/strong><\/h3>\n<p><strong><\/strong><\/p>\n<p>majestic eagle perches on a snowy tree during winter. This pastel chalk drawing captures the strength and beauty of the eagle in its natural habitat, perfect for wildlife and winter-themed designs<\/p>\n<p>&nbsp;<\/p>\nEmbellissez votre salle \u00e0 manger avec nos sets de table en vinyle color\u00e9s cr\u00e9\u00e9s par nos artistes ! Ces sets de table imprim\u00e9s sur une face sont fabriqu\u00e9s dans un mat\u00e9riau r\u00e9sistant et sont parfaits pour donner une touche de couleur \u00e0 votre table. Avec leurs dimensions de 40 x 30 cm, ils ont exactement la bonne taille pour chaque ustensile de table. Agr\u00e9mentez vos repas avec style et praticit\u00e9 !<br><br>Indications sur les mat\u00e9riaux :<br><ul><li>40 x 30 cm.<\/li><li>environ 1,6 mm d'\u00e9paisseur.<\/li><li>vinyle.<\/li><li>Nettoyage avec un chiffon humide, ne convient pas pour le lave-vaisselle.<\/li><li>Fabriqu\u00e9 en Allemagne.<\/li><\/ul>","protected":false},"excerpt":{"rendered":"<p>&quot;Eagle Sitting on Tree During Snowfall in Winter Pastel Chalk Drawing&quot; by Anja Frost majestic eagle perches on a snowy tree during winter. This pastel chalk drawing captures the strength and beauty of the eagle in its natural habitat, perfect for wildlife and winter-themed designs &nbsp;<\/p>","protected":false},"featured_media":239435,"comment_status":"open","ping_status":"closed","template":"","meta":[],"product_brand":[],"product_cat":[13428,163,11051],"product_tag":[],"class_list":{"0":"post-239390","1":"product","2":"type-product","3":"status-publish","4":"has-post-thumbnail","6":"product_cat-anja-frost","7":"product_cat-stimmung","8":"product_cat-tischset","9":"product_shipping_class-versand-tischset","11":"first","12":"instock","13":"taxable","14":"shipping-taxable","15":"purchasable","16":"product-type-variable"},"yoast_head":"<!-- This site is optimized with the Yoast SEO Premium plugin v27.5 (Yoast SEO v27.6) - https:\/\/yoast.com\/product\/yoast-seo-premium-wordpress\/ -->\n<title>raxxa Premium-Tischset: Eagle Sitting on Tree During Snowfall in Winter Pastel Chalk Drawing - raxxa<\/title>\n<meta name=\"robots\" content=\"index, follow, max-snippet:-1, max-image-preview:large, max-video-preview:-1\" \/>\n<link rel=\"canonical\" href=\"https:\/\/www.raxxa.com\/fr\/shop\/raxxa-premium-tischset-eagle-sitting-on-tree-during-snowfall-in-winter-pastel-chalk-drawing\/\" \/>\n<meta property=\"og:locale\" content=\"fr_FR\" \/>\n<meta property=\"og:type\" content=\"article\" \/>\n<meta property=\"og:title\" content=\"raxxa Premium-Tischset: Eagle Sitting on Tree During Snowfall in Winter Pastel Chalk Drawing\" \/>\n<meta property=\"og:description\" content=\"&quot;Eagle Sitting on Tree During Snowfall in Winter Pastel Chalk Drawing&quot; by Anja Frost majestic eagle perches on a snowy tree during winter. This pastel chalk drawing captures the strength and beauty of the eagle in its natural habitat, perfect for wildlife and winter-themed designs &nbsp;\" \/>\n<meta property=\"og:url\" content=\"https:\/\/www.raxxa.com\/fr\/shop\/raxxa-premium-tischset-eagle-sitting-on-tree-during-snowfall-in-winter-pastel-chalk-drawing\/\" \/>\n<meta property=\"og:site_name\" content=\"raxxa\" \/>\n<meta property=\"article:publisher\" content=\"https:\/\/facebook.com\/raxxacom\" \/>\n<meta property=\"article:modified_time\" content=\"2025-09-13T20:28:58+00:00\" \/>\n<meta name=\"twitter:card\" content=\"summary_large_image\" \/>\n<meta name=\"twitter:label1\" content=\"Disponibilit\u00e9\" \/>\n\t<meta name=\"twitter:data1\" content=\"En stock\" \/>\n<script type=\"application\/ld+json\" class=\"yoast-schema-graph\">{\"@context\":\"https:\\\/\\\/schema.org\",\"@graph\":[{\"@type\":[\"WebPage\",\"ItemPage\"],\"@id\":\"https:\\\/\\\/www.raxxa.com\\\/shop\\\/raxxa-premium-tischset-eagle-sitting-on-tree-during-snowfall-in-winter-pastel-chalk-drawing\\\/\",\"url\":\"https:\\\/\\\/www.raxxa.com\\\/shop\\\/raxxa-premium-tischset-eagle-sitting-on-tree-during-snowfall-in-winter-pastel-chalk-drawing\\\/\",\"name\":\"raxxa Premium-Tischset: Eagle Sitting on Tree During Snowfall in Winter Pastel Chalk Drawing - raxxa\",\"isPartOf\":{\"@id\":\"https:\\\/\\\/www.raxxa.com\\\/#website\"},\"primaryImageOfPage\":{\"@id\":\"https:\\\/\\\/www.raxxa.com\\\/shop\\\/raxxa-premium-tischset-eagle-sitting-on-tree-during-snowfall-in-winter-pastel-chalk-drawing\\\/#primaryimage\"},\"image\":{\"@id\":\"https:\\\/\\\/www.raxxa.com\\\/shop\\\/raxxa-premium-tischset-eagle-sitting-on-tree-during-snowfall-in-winter-pastel-chalk-drawing\\\/#primaryimage\"},\"thumbnailUrl\":\"https:\\\/\\\/www.raxxa.com\\\/wp-content\\\/uploads\\\/2025\\\/09\\\/raxxa-Tischset-371-20860-6-Anja-Frost-Eagle-Sitting-on-Tree-During-Snowfall-in-Winter-Pastel-Chalk-Drawing-8.jpg\",\"datePublished\":\"2025-09-13T20:25:03+00:00\",\"dateModified\":\"2025-09-13T20:28:58+00:00\",\"breadcrumb\":{\"@id\":\"https:\\\/\\\/www.raxxa.com\\\/shop\\\/raxxa-premium-tischset-eagle-sitting-on-tree-during-snowfall-in-winter-pastel-chalk-drawing\\\/#breadcrumb\"},\"inLanguage\":\"fr-FR\",\"potentialAction\":[{\"@type\":\"ReadAction\",\"target\":[\"https:\\\/\\\/www.raxxa.com\\\/shop\\\/raxxa-premium-tischset-eagle-sitting-on-tree-during-snowfall-in-winter-pastel-chalk-drawing\\\/\"]}]},{\"@type\":\"ImageObject\",\"inLanguage\":\"fr-FR\",\"@id\":\"https:\\\/\\\/www.raxxa.com\\\/shop\\\/raxxa-premium-tischset-eagle-sitting-on-tree-during-snowfall-in-winter-pastel-chalk-drawing\\\/#primaryimage\",\"url\":\"https:\\\/\\\/www.raxxa.com\\\/wp-content\\\/uploads\\\/2025\\\/09\\\/raxxa-Tischset-371-20860-6-Anja-Frost-Eagle-Sitting-on-Tree-During-Snowfall-in-Winter-Pastel-Chalk-Drawing-8.jpg\",\"contentUrl\":\"https:\\\/\\\/www.raxxa.com\\\/wp-content\\\/uploads\\\/2025\\\/09\\\/raxxa-Tischset-371-20860-6-Anja-Frost-Eagle-Sitting-on-Tree-During-Snowfall-in-Winter-Pastel-Chalk-Drawing-8.jpg\",\"width\":1024,\"height\":1024},{\"@type\":\"BreadcrumbList\",\"@id\":\"https:\\\/\\\/www.raxxa.com\\\/shop\\\/raxxa-premium-tischset-eagle-sitting-on-tree-during-snowfall-in-winter-pastel-chalk-drawing\\\/#breadcrumb\",\"itemListElement\":[{\"@type\":\"ListItem\",\"position\":1,\"name\":\"Startseite\",\"item\":\"https:\\\/\\\/www.raxxa.com\\\/\"},{\"@type\":\"ListItem\",\"position\":2,\"name\":\"Shop\",\"item\":\"https:\\\/\\\/www.raxxa.com\\\/it\\\/shop\\\/\"},{\"@type\":\"ListItem\",\"position\":3,\"name\":\"raxxa Premium-Tischset: Eagle Sitting on Tree During Snowfall in Winter Pastel Chalk Drawing\"}]},{\"@type\":\"WebSite\",\"@id\":\"https:\\\/\\\/www.raxxa.com\\\/#website\",\"url\":\"https:\\\/\\\/www.raxxa.com\\\/\",\"name\":\"raxxa\",\"description\":\"Einzigartige individuelle Produkte von unseren Designern\",\"publisher\":{\"@id\":\"https:\\\/\\\/www.raxxa.com\\\/#organization\"},\"potentialAction\":[{\"@type\":\"SearchAction\",\"target\":{\"@type\":\"EntryPoint\",\"urlTemplate\":\"https:\\\/\\\/www.raxxa.com\\\/?s={search_term_string}\"},\"query-input\":{\"@type\":\"PropertyValueSpecification\",\"valueRequired\":true,\"valueName\":\"search_term_string\"}}],\"inLanguage\":\"fr-FR\"},{\"@type\":\"Organization\",\"@id\":\"https:\\\/\\\/www.raxxa.com\\\/#organization\",\"name\":\"raxxa\",\"url\":\"https:\\\/\\\/www.raxxa.com\\\/\",\"logo\":{\"@type\":\"ImageObject\",\"inLanguage\":\"fr-FR\",\"@id\":\"https:\\\/\\\/www.raxxa.com\\\/#\\\/schema\\\/logo\\\/image\\\/\",\"url\":\"https:\\\/\\\/www.raxxa.com\\\/wp-content\\\/uploads\\\/2022\\\/07\\\/logo_v2.png\",\"contentUrl\":\"https:\\\/\\\/www.raxxa.com\\\/wp-content\\\/uploads\\\/2022\\\/07\\\/logo_v2.png\",\"width\":380,\"height\":382,\"caption\":\"raxxa\"},\"image\":{\"@id\":\"https:\\\/\\\/www.raxxa.com\\\/#\\\/schema\\\/logo\\\/image\\\/\"},\"sameAs\":[\"https:\\\/\\\/facebook.com\\\/raxxacom\"]}]}<\/script>\n<meta property=\"og:availability\" content=\"instock\" \/>\n<meta property=\"product:availability\" content=\"instock\" \/>\n<meta property=\"product:retailer_item_id\" content=\"1-6-20860-371\" \/>\n<meta property=\"product:condition\" content=\"new\" \/>\n<!-- \/ Yoast SEO Premium plugin. -->","yoast_head_json":{"title":"raxxa Premium-Tischset: Eagle Sitting on Tree During Snowfall in Winter Pastel Chalk Drawing - raxxa","robots":{"index":"index","follow":"follow","max-snippet":"max-snippet:-1","max-image-preview":"max-image-preview:large","max-video-preview":"max-video-preview:-1"},"canonical":"https:\/\/www.raxxa.com\/fr\/shop\/raxxa-premium-tischset-eagle-sitting-on-tree-during-snowfall-in-winter-pastel-chalk-drawing\/","og_locale":"fr_FR","og_type":"article","og_title":"raxxa Premium-Tischset: Eagle Sitting on Tree During Snowfall in Winter Pastel Chalk Drawing","og_description":"&quot;Eagle Sitting on Tree During Snowfall in Winter Pastel Chalk Drawing&quot; by Anja Frost majestic eagle perches on a snowy tree during winter. This pastel chalk drawing captures the strength and beauty of the eagle in its natural habitat, perfect for wildlife and winter-themed designs &nbsp;","og_url":"https:\/\/www.raxxa.com\/fr\/shop\/raxxa-premium-tischset-eagle-sitting-on-tree-during-snowfall-in-winter-pastel-chalk-drawing\/","og_site_name":"raxxa","article_publisher":"https:\/\/facebook.com\/raxxacom","article_modified_time":"2025-09-13T20:28:58+00:00","twitter_card":"summary_large_image","twitter_misc":{"Disponibilit\u00e9":"En stock"},"schema":{"@context":"https:\/\/schema.org","@graph":[{"@type":["WebPage","ItemPage"],"@id":"https:\/\/www.raxxa.com\/shop\/raxxa-premium-tischset-eagle-sitting-on-tree-during-snowfall-in-winter-pastel-chalk-drawing\/","url":"https:\/\/www.raxxa.com\/shop\/raxxa-premium-tischset-eagle-sitting-on-tree-during-snowfall-in-winter-pastel-chalk-drawing\/","name":"raxxa Premium-Tischset: Eagle Sitting on Tree During Snowfall in Winter Pastel Chalk Drawing - raxxa","isPartOf":{"@id":"https:\/\/www.raxxa.com\/#website"},"primaryImageOfPage":{"@id":"https:\/\/www.raxxa.com\/shop\/raxxa-premium-tischset-eagle-sitting-on-tree-during-snowfall-in-winter-pastel-chalk-drawing\/#primaryimage"},"image":{"@id":"https:\/\/www.raxxa.com\/shop\/raxxa-premium-tischset-eagle-sitting-on-tree-during-snowfall-in-winter-pastel-chalk-drawing\/#primaryimage"},"thumbnailUrl":"https:\/\/www.raxxa.com\/wp-content\/uploads\/2025\/09\/raxxa-Tischset-371-20860-6-Anja-Frost-Eagle-Sitting-on-Tree-During-Snowfall-in-Winter-Pastel-Chalk-Drawing-8.jpg","datePublished":"2025-09-13T20:25:03+00:00","dateModified":"2025-09-13T20:28:58+00:00","breadcrumb":{"@id":"https:\/\/www.raxxa.com\/shop\/raxxa-premium-tischset-eagle-sitting-on-tree-during-snowfall-in-winter-pastel-chalk-drawing\/#breadcrumb"},"inLanguage":"fr-FR","potentialAction":[{"@type":"ReadAction","target":["https:\/\/www.raxxa.com\/shop\/raxxa-premium-tischset-eagle-sitting-on-tree-during-snowfall-in-winter-pastel-chalk-drawing\/"]}]},{"@type":"ImageObject","inLanguage":"fr-FR","@id":"https:\/\/www.raxxa.com\/shop\/raxxa-premium-tischset-eagle-sitting-on-tree-during-snowfall-in-winter-pastel-chalk-drawing\/#primaryimage","url":"https:\/\/www.raxxa.com\/wp-content\/uploads\/2025\/09\/raxxa-Tischset-371-20860-6-Anja-Frost-Eagle-Sitting-on-Tree-During-Snowfall-in-Winter-Pastel-Chalk-Drawing-8.jpg","contentUrl":"https:\/\/www.raxxa.com\/wp-content\/uploads\/2025\/09\/raxxa-Tischset-371-20860-6-Anja-Frost-Eagle-Sitting-on-Tree-During-Snowfall-in-Winter-Pastel-Chalk-Drawing-8.jpg","width":1024,"height":1024},{"@type":"BreadcrumbList","@id":"https:\/\/www.raxxa.com\/shop\/raxxa-premium-tischset-eagle-sitting-on-tree-during-snowfall-in-winter-pastel-chalk-drawing\/#breadcrumb","itemListElement":[{"@type":"ListItem","position":1,"name":"Startseite","item":"https:\/\/www.raxxa.com\/"},{"@type":"ListItem","position":2,"name":"Shop","item":"https:\/\/www.raxxa.com\/it\/shop\/"},{"@type":"ListItem","position":3,"name":"raxxa Premium-Tischset: Eagle Sitting on Tree During Snowfall in Winter Pastel Chalk Drawing"}]},{"@type":"WebSite","@id":"https:\/\/www.raxxa.com\/#website","url":"https:\/\/www.raxxa.com\/","name":"raxxa","description":"Des produits uniques et personnalis\u00e9s cr\u00e9\u00e9s par nos designers","publisher":{"@id":"https:\/\/www.raxxa.com\/#organization"},"potentialAction":[{"@type":"SearchAction","target":{"@type":"EntryPoint","urlTemplate":"https:\/\/www.raxxa.com\/?s={search_term_string}"},"query-input":{"@type":"PropertyValueSpecification","valueRequired":true,"valueName":"search_term_string"}}],"inLanguage":"fr-FR"},{"@type":"Organization","@id":"https:\/\/www.raxxa.com\/#organization","name":"raxxa","url":"https:\/\/www.raxxa.com\/","logo":{"@type":"ImageObject","inLanguage":"fr-FR","@id":"https:\/\/www.raxxa.com\/#\/schema\/logo\/image\/","url":"https:\/\/www.raxxa.com\/wp-content\/uploads\/2022\/07\/logo_v2.png","contentUrl":"https:\/\/www.raxxa.com\/wp-content\/uploads\/2022\/07\/logo_v2.png","width":380,"height":382,"caption":"raxxa"},"image":{"@id":"https:\/\/www.raxxa.com\/#\/schema\/logo\/image\/"},"sameAs":["https:\/\/facebook.com\/raxxacom"]}]},"og_availability":"instock","product_availability":"instock","product_retailer_item_id":"1-6-20860-371","product_condition":"new"},"jetpack_sharing_enabled":true,"_links":{"self":[{"href":"https:\/\/www.raxxa.com\/fr\/wp-json\/wp\/v2\/product\/239390","targetHints":{"allow":["GET"]}}],"collection":[{"href":"https:\/\/www.raxxa.com\/fr\/wp-json\/wp\/v2\/product"}],"about":[{"href":"https:\/\/www.raxxa.com\/fr\/wp-json\/wp\/v2\/types\/product"}],"replies":[{"embeddable":true,"href":"https:\/\/www.raxxa.com\/fr\/wp-json\/wp\/v2\/comments?post=239390"}],"wp:featuredmedia":[{"embeddable":true,"href":"https:\/\/www.raxxa.com\/fr\/wp-json\/wp\/v2\/media\/239435"}],"wp:attachment":[{"href":"https:\/\/www.raxxa.com\/fr\/wp-json\/wp\/v2\/media?parent=239390"}],"wp:term":[{"taxonomy":"product_brand","embeddable":true,"href":"https:\/\/www.raxxa.com\/fr\/wp-json\/wp\/v2\/product_brand?post=239390"},{"taxonomy":"product_cat","embeddable":true,"href":"https:\/\/www.raxxa.com\/fr\/wp-json\/wp\/v2\/product_cat?post=239390"},{"taxonomy":"product_tag","embeddable":true,"href":"https:\/\/www.raxxa.com\/fr\/wp-json\/wp\/v2\/product_tag?post=239390"}],"curies":[{"name":"wp","href":"https:\/\/api.w.org\/{rel}","templated":true}]}}