{"id":237232,"date":"2025-08-06T21:02:16","date_gmt":"2025-08-06T19:02:16","guid":{"rendered":"https:\/\/www.raxxa.com\/?post_type=product&#038;p=237232"},"modified":"2026-02-28T17:02:49","modified_gmt":"2026-02-28T15:02:49","slug":"poster-ausgestorbene-tiere-dodo-dronte","status":"publish","type":"product","link":"https:\/\/www.raxxa.com\/fr\/shop\/poster-ausgestorbene-tiere-dodo-dronte\/","title":{"rendered":"Poster: Ausgestorbene Tiere &#8211; Neugieriger Dodo im Comic-Stil"},"content":{"rendered":"<h3><strong>&quot;Ausgestorbene Tiere &#8211; Neugieriger Dodo im Comic-Stil&quot; by Kerstin Waurick<\/strong><\/h3>\n<p><strong><\/strong><\/p>\n<p>Der ausgestorbene flugunf\u00e4hige Vogel Dodo oder auch Dronte genannt. Ein neugieriger Dodo blickt direkt in die Kamera, umgeben von weiteren Artgenossen auf einer sonnigen Lichtung mit Palmen. Das Motiv ist humorvoll, charmant und im liebevoll stilisierten 3D-Look gehalten.<\/p>\n<p>&nbsp;<\/p>\n<ul><li>Poster de qualit\u00e9 mus\u00e9e sur papier d'archive mat durable (non couch\u00e9).<\/li><li>Poids du papier : 250 g \/ m\u00b2.<\/li><li>Envoi dans un emballage solide pour prot\u00e9ger le poster.<\/li><li>Ce produit est fabriqu\u00e9 sp\u00e9cialement pour toi, sur demande, dans la taille et le design souhait\u00e9s.<\/li><\/ul>","protected":false},"excerpt":{"rendered":"<p>&quot;Ausgestorbene Tiere &#8211; Neugieriger Dodo im Comic-Stil&quot; by Kerstin Waurick Der ausgestorbene flugunf\u00e4hige Vogel Dodo oder auch Dronte genannt. Ein neugieriger Dodo blickt direkt in die Kamera, umgeben von weiteren Artgenossen auf einer sonnigen Lichtung mit Palmen. Das Motiv ist humorvoll, charmant und im liebevoll stilisierten 3D-Look gehalten. &nbsp;<\/p>","protected":false},"featured_media":285024,"comment_status":"open","ping_status":"closed","template":"","meta":[],"product_brand":[],"product_cat":[10378,133,13429],"product_tag":[13433],"class_list":{"0":"post-237232","1":"product","2":"type-product","3":"status-publish","4":"has-post-thumbnail","6":"product_cat-poster","7":"product_cat-tiere","8":"product_cat-kerstin-waurick","9":"product_tag-dodo-dronte-ausgestorben-tier-vogel-dinosaurier-geschichte-palaeontologie-palaeo-eiszeit-mauritius","10":"product_shipping_class-versand-t-shirts1","12":"first","13":"instock","14":"taxable","15":"shipping-taxable","16":"purchasable","17":"product-type-variable"},"yoast_head":"<!-- This site is optimized with the Yoast SEO Premium plugin v27.5 (Yoast SEO v27.5) - https:\/\/yoast.com\/product\/yoast-seo-premium-wordpress\/ -->\n<title>Poster: Ausgestorbene Tiere - Neugieriger Dodo im Comic-Stil - raxxa<\/title>\n<meta name=\"robots\" content=\"index, follow, max-snippet:-1, max-image-preview:large, max-video-preview:-1\" \/>\n<link rel=\"canonical\" href=\"https:\/\/www.raxxa.com\/fr\/shop\/poster-ausgestorbene-tiere-dodo-dronte\/\" \/>\n<meta property=\"og:locale\" content=\"fr_FR\" \/>\n<meta property=\"og:type\" content=\"article\" \/>\n<meta property=\"og:title\" content=\"Poster: Ausgestorbene Tiere - Neugieriger Dodo im Comic-Stil\" \/>\n<meta property=\"og:description\" content=\"&quot;Ausgestorbene Tiere &#8211; Neugieriger Dodo im Comic-Stil&quot; by Kerstin Waurick Der ausgestorbene flugunf\u00e4hige Vogel Dodo oder auch Dronte genannt. Ein neugieriger Dodo blickt direkt in die Kamera, umgeben von weiteren Artgenossen auf einer sonnigen Lichtung mit Palmen. Das Motiv ist humorvoll, charmant und im liebevoll stilisierten 3D-Look gehalten. &nbsp;\" \/>\n<meta property=\"og:url\" content=\"https:\/\/www.raxxa.com\/fr\/shop\/poster-ausgestorbene-tiere-dodo-dronte\/\" \/>\n<meta property=\"og:site_name\" content=\"raxxa\" \/>\n<meta property=\"article:publisher\" content=\"https:\/\/facebook.com\/raxxacom\" \/>\n<meta property=\"article:modified_time\" content=\"2026-02-28T15:02:49+00:00\" \/>\n<meta property=\"og:image\" content=\"https:\/\/www.raxxa.com\/wp-content\/uploads\/2025\/08\/raxxa-Wallart-373-20577-84-Kerstin-Waurick-Ausgestorbene-Tiere-Dodo-Dronte-14.jpg\" \/>\n\t<meta property=\"og:image:width\" content=\"1024\" \/>\n\t<meta property=\"og:image:height\" content=\"1024\" \/>\n\t<meta property=\"og:image:type\" content=\"image\/jpeg\" \/>\n<meta name=\"twitter:card\" content=\"summary_large_image\" \/>\n<meta name=\"twitter:label1\" content=\"Disponibilit\u00e9\" \/>\n\t<meta name=\"twitter:data1\" content=\"En stock\" \/>\n<script type=\"application\/ld+json\" class=\"yoast-schema-graph\">{\"@context\":\"https:\\\/\\\/schema.org\",\"@graph\":[{\"@type\":[\"WebPage\",\"ItemPage\"],\"@id\":\"https:\\\/\\\/www.raxxa.com\\\/shop\\\/poster-ausgestorbene-tiere-dodo-dronte\\\/\",\"url\":\"https:\\\/\\\/www.raxxa.com\\\/shop\\\/poster-ausgestorbene-tiere-dodo-dronte\\\/\",\"name\":\"Poster: Ausgestorbene Tiere - Neugieriger Dodo im Comic-Stil - raxxa\",\"isPartOf\":{\"@id\":\"https:\\\/\\\/www.raxxa.com\\\/#website\"},\"primaryImageOfPage\":{\"@id\":\"https:\\\/\\\/www.raxxa.com\\\/shop\\\/poster-ausgestorbene-tiere-dodo-dronte\\\/#primaryimage\"},\"image\":{\"@id\":\"https:\\\/\\\/www.raxxa.com\\\/shop\\\/poster-ausgestorbene-tiere-dodo-dronte\\\/#primaryimage\"},\"thumbnailUrl\":\"https:\\\/\\\/www.raxxa.com\\\/wp-content\\\/uploads\\\/2025\\\/08\\\/raxxa-Wallart-373-20577-84-Kerstin-Waurick-Ausgestorbene-Tiere-Dodo-Dronte-14-1.jpg\",\"datePublished\":\"2025-08-06T19:02:16+00:00\",\"dateModified\":\"2026-02-28T15:02:49+00:00\",\"breadcrumb\":{\"@id\":\"https:\\\/\\\/www.raxxa.com\\\/shop\\\/poster-ausgestorbene-tiere-dodo-dronte\\\/#breadcrumb\"},\"inLanguage\":\"fr-FR\",\"potentialAction\":[{\"@type\":\"ReadAction\",\"target\":[\"https:\\\/\\\/www.raxxa.com\\\/shop\\\/poster-ausgestorbene-tiere-dodo-dronte\\\/\"]}]},{\"@type\":\"ImageObject\",\"inLanguage\":\"fr-FR\",\"@id\":\"https:\\\/\\\/www.raxxa.com\\\/shop\\\/poster-ausgestorbene-tiere-dodo-dronte\\\/#primaryimage\",\"url\":\"https:\\\/\\\/www.raxxa.com\\\/wp-content\\\/uploads\\\/2025\\\/08\\\/raxxa-Wallart-373-20577-84-Kerstin-Waurick-Ausgestorbene-Tiere-Dodo-Dronte-14-1.jpg\",\"contentUrl\":\"https:\\\/\\\/www.raxxa.com\\\/wp-content\\\/uploads\\\/2025\\\/08\\\/raxxa-Wallart-373-20577-84-Kerstin-Waurick-Ausgestorbene-Tiere-Dodo-Dronte-14-1.jpg\",\"width\":1024,\"height\":1024},{\"@type\":\"BreadcrumbList\",\"@id\":\"https:\\\/\\\/www.raxxa.com\\\/shop\\\/poster-ausgestorbene-tiere-dodo-dronte\\\/#breadcrumb\",\"itemListElement\":[{\"@type\":\"ListItem\",\"position\":1,\"name\":\"Startseite\",\"item\":\"https:\\\/\\\/www.raxxa.com\\\/\"},{\"@type\":\"ListItem\",\"position\":2,\"name\":\"Shop\",\"item\":\"https:\\\/\\\/www.raxxa.com\\\/it\\\/shop\\\/\"},{\"@type\":\"ListItem\",\"position\":3,\"name\":\"Poster: Ausgestorbene Tiere &#8211; Neugieriger Dodo im Comic-Stil\"}]},{\"@type\":\"WebSite\",\"@id\":\"https:\\\/\\\/www.raxxa.com\\\/#website\",\"url\":\"https:\\\/\\\/www.raxxa.com\\\/\",\"name\":\"raxxa\",\"description\":\"Einzigartige individuelle Produkte von unseren Designern\",\"publisher\":{\"@id\":\"https:\\\/\\\/www.raxxa.com\\\/#organization\"},\"potentialAction\":[{\"@type\":\"SearchAction\",\"target\":{\"@type\":\"EntryPoint\",\"urlTemplate\":\"https:\\\/\\\/www.raxxa.com\\\/?s={search_term_string}\"},\"query-input\":{\"@type\":\"PropertyValueSpecification\",\"valueRequired\":true,\"valueName\":\"search_term_string\"}}],\"inLanguage\":\"fr-FR\"},{\"@type\":\"Organization\",\"@id\":\"https:\\\/\\\/www.raxxa.com\\\/#organization\",\"name\":\"raxxa\",\"url\":\"https:\\\/\\\/www.raxxa.com\\\/\",\"logo\":{\"@type\":\"ImageObject\",\"inLanguage\":\"fr-FR\",\"@id\":\"https:\\\/\\\/www.raxxa.com\\\/#\\\/schema\\\/logo\\\/image\\\/\",\"url\":\"https:\\\/\\\/www.raxxa.com\\\/wp-content\\\/uploads\\\/2022\\\/07\\\/logo_v2.png\",\"contentUrl\":\"https:\\\/\\\/www.raxxa.com\\\/wp-content\\\/uploads\\\/2022\\\/07\\\/logo_v2.png\",\"width\":380,\"height\":382,\"caption\":\"raxxa\"},\"image\":{\"@id\":\"https:\\\/\\\/www.raxxa.com\\\/#\\\/schema\\\/logo\\\/image\\\/\"},\"sameAs\":[\"https:\\\/\\\/facebook.com\\\/raxxacom\"]}]}<\/script>\n<meta property=\"og:availability\" content=\"instock\" \/>\n<meta property=\"product:availability\" content=\"instock\" \/>\n<meta property=\"product:retailer_item_id\" content=\"1-84-20577-373\" \/>\n<meta property=\"product:condition\" content=\"new\" \/>\n<!-- \/ Yoast SEO Premium plugin. -->","yoast_head_json":{"title":"Poster: Ausgestorbene Tiere - Neugieriger Dodo im Comic-Stil - raxxa","robots":{"index":"index","follow":"follow","max-snippet":"max-snippet:-1","max-image-preview":"max-image-preview:large","max-video-preview":"max-video-preview:-1"},"canonical":"https:\/\/www.raxxa.com\/fr\/shop\/poster-ausgestorbene-tiere-dodo-dronte\/","og_locale":"fr_FR","og_type":"article","og_title":"Poster: Ausgestorbene Tiere - Neugieriger Dodo im Comic-Stil","og_description":"&quot;Ausgestorbene Tiere &#8211; Neugieriger Dodo im Comic-Stil&quot; by Kerstin Waurick Der ausgestorbene flugunf\u00e4hige Vogel Dodo oder auch Dronte genannt. Ein neugieriger Dodo blickt direkt in die Kamera, umgeben von weiteren Artgenossen auf einer sonnigen Lichtung mit Palmen. Das Motiv ist humorvoll, charmant und im liebevoll stilisierten 3D-Look gehalten. &nbsp;","og_url":"https:\/\/www.raxxa.com\/fr\/shop\/poster-ausgestorbene-tiere-dodo-dronte\/","og_site_name":"raxxa","article_publisher":"https:\/\/facebook.com\/raxxacom","article_modified_time":"2026-02-28T15:02:49+00:00","og_image":[{"width":1024,"height":1024,"url":"https:\/\/www.raxxa.com\/wp-content\/uploads\/2025\/08\/raxxa-Wallart-373-20577-84-Kerstin-Waurick-Ausgestorbene-Tiere-Dodo-Dronte-14.jpg","type":"image\/jpeg"}],"twitter_card":"summary_large_image","twitter_misc":{"Disponibilit\u00e9":"En stock"},"schema":{"@context":"https:\/\/schema.org","@graph":[{"@type":["WebPage","ItemPage"],"@id":"https:\/\/www.raxxa.com\/shop\/poster-ausgestorbene-tiere-dodo-dronte\/","url":"https:\/\/www.raxxa.com\/shop\/poster-ausgestorbene-tiere-dodo-dronte\/","name":"Poster: Ausgestorbene Tiere - Neugieriger Dodo im Comic-Stil - raxxa","isPartOf":{"@id":"https:\/\/www.raxxa.com\/#website"},"primaryImageOfPage":{"@id":"https:\/\/www.raxxa.com\/shop\/poster-ausgestorbene-tiere-dodo-dronte\/#primaryimage"},"image":{"@id":"https:\/\/www.raxxa.com\/shop\/poster-ausgestorbene-tiere-dodo-dronte\/#primaryimage"},"thumbnailUrl":"https:\/\/www.raxxa.com\/wp-content\/uploads\/2025\/08\/raxxa-Wallart-373-20577-84-Kerstin-Waurick-Ausgestorbene-Tiere-Dodo-Dronte-14-1.jpg","datePublished":"2025-08-06T19:02:16+00:00","dateModified":"2026-02-28T15:02:49+00:00","breadcrumb":{"@id":"https:\/\/www.raxxa.com\/shop\/poster-ausgestorbene-tiere-dodo-dronte\/#breadcrumb"},"inLanguage":"fr-FR","potentialAction":[{"@type":"ReadAction","target":["https:\/\/www.raxxa.com\/shop\/poster-ausgestorbene-tiere-dodo-dronte\/"]}]},{"@type":"ImageObject","inLanguage":"fr-FR","@id":"https:\/\/www.raxxa.com\/shop\/poster-ausgestorbene-tiere-dodo-dronte\/#primaryimage","url":"https:\/\/www.raxxa.com\/wp-content\/uploads\/2025\/08\/raxxa-Wallart-373-20577-84-Kerstin-Waurick-Ausgestorbene-Tiere-Dodo-Dronte-14-1.jpg","contentUrl":"https:\/\/www.raxxa.com\/wp-content\/uploads\/2025\/08\/raxxa-Wallart-373-20577-84-Kerstin-Waurick-Ausgestorbene-Tiere-Dodo-Dronte-14-1.jpg","width":1024,"height":1024},{"@type":"BreadcrumbList","@id":"https:\/\/www.raxxa.com\/shop\/poster-ausgestorbene-tiere-dodo-dronte\/#breadcrumb","itemListElement":[{"@type":"ListItem","position":1,"name":"Startseite","item":"https:\/\/www.raxxa.com\/"},{"@type":"ListItem","position":2,"name":"Shop","item":"https:\/\/www.raxxa.com\/it\/shop\/"},{"@type":"ListItem","position":3,"name":"Poster: Ausgestorbene Tiere &#8211; Neugieriger Dodo im Comic-Stil"}]},{"@type":"WebSite","@id":"https:\/\/www.raxxa.com\/#website","url":"https:\/\/www.raxxa.com\/","name":"raxxa","description":"Des produits uniques et personnalis\u00e9s cr\u00e9\u00e9s par nos designers","publisher":{"@id":"https:\/\/www.raxxa.com\/#organization"},"potentialAction":[{"@type":"SearchAction","target":{"@type":"EntryPoint","urlTemplate":"https:\/\/www.raxxa.com\/?s={search_term_string}"},"query-input":{"@type":"PropertyValueSpecification","valueRequired":true,"valueName":"search_term_string"}}],"inLanguage":"fr-FR"},{"@type":"Organization","@id":"https:\/\/www.raxxa.com\/#organization","name":"raxxa","url":"https:\/\/www.raxxa.com\/","logo":{"@type":"ImageObject","inLanguage":"fr-FR","@id":"https:\/\/www.raxxa.com\/#\/schema\/logo\/image\/","url":"https:\/\/www.raxxa.com\/wp-content\/uploads\/2022\/07\/logo_v2.png","contentUrl":"https:\/\/www.raxxa.com\/wp-content\/uploads\/2022\/07\/logo_v2.png","width":380,"height":382,"caption":"raxxa"},"image":{"@id":"https:\/\/www.raxxa.com\/#\/schema\/logo\/image\/"},"sameAs":["https:\/\/facebook.com\/raxxacom"]}]},"og_availability":"instock","product_availability":"instock","product_retailer_item_id":"1-84-20577-373","product_condition":"new"},"jetpack_sharing_enabled":true,"_links":{"self":[{"href":"https:\/\/www.raxxa.com\/fr\/wp-json\/wp\/v2\/product\/237232","targetHints":{"allow":["GET"]}}],"collection":[{"href":"https:\/\/www.raxxa.com\/fr\/wp-json\/wp\/v2\/product"}],"about":[{"href":"https:\/\/www.raxxa.com\/fr\/wp-json\/wp\/v2\/types\/product"}],"replies":[{"embeddable":true,"href":"https:\/\/www.raxxa.com\/fr\/wp-json\/wp\/v2\/comments?post=237232"}],"wp:featuredmedia":[{"embeddable":true,"href":"https:\/\/www.raxxa.com\/fr\/wp-json\/wp\/v2\/media\/285024"}],"wp:attachment":[{"href":"https:\/\/www.raxxa.com\/fr\/wp-json\/wp\/v2\/media?parent=237232"}],"wp:term":[{"taxonomy":"product_brand","embeddable":true,"href":"https:\/\/www.raxxa.com\/fr\/wp-json\/wp\/v2\/product_brand?post=237232"},{"taxonomy":"product_cat","embeddable":true,"href":"https:\/\/www.raxxa.com\/fr\/wp-json\/wp\/v2\/product_cat?post=237232"},{"taxonomy":"product_tag","embeddable":true,"href":"https:\/\/www.raxxa.com\/fr\/wp-json\/wp\/v2\/product_tag?post=237232"}],"curies":[{"name":"wp","href":"https:\/\/api.w.org\/{rel}","templated":true}]}}