{"id":237226,"date":"2025-08-06T21:02:12","date_gmt":"2025-08-06T19:02:12","guid":{"rendered":"https:\/\/www.raxxa.com\/?post_type=product&#038;p=237226"},"modified":"2026-02-28T15:54:23","modified_gmt":"2026-02-28T13:54:23","slug":"poster-arabisches-pferd-in-traditionellem-zaumzeug","status":"publish","type":"product","link":"https:\/\/www.raxxa.com\/fr\/shop\/poster-arabisches-pferd-in-traditionellem-zaumzeug\/","title":{"rendered":"Poster: Wei\u00dfe Sch\u00f6nheit \u2013 Ausdrucksstarker Hengst in Aquarell"},"content":{"rendered":"<h3><strong>&quot;Wei\u00dfe Sch\u00f6nheit \u2013 Ausdrucksstarker Hengst in Aquarell&quot; by Kerstin Waurick<\/strong><\/h3>\n<p><strong><\/strong><\/p>\n<p>Ein ausdrucksstarker wei\u00dfer Hengst mit wehendem Schweif und kunstvoll verzierter Trense, eingefangen in einem lebhaften Aquarell aus kr\u00e4ftigem Blau, Orange und Rot. Die dynamische Pose und leuchtenden Farben verleihen dem Motiv eine eindrucksvolle Energie und Eleganz.<\/p>\n<p>&nbsp;<\/p>\n<ul><li>Poster de qualit\u00e9 mus\u00e9e sur papier d'archive mat durable (non couch\u00e9).<\/li><li>Poids du papier : 250 g \/ m\u00b2.<\/li><li>Envoi dans un emballage solide pour prot\u00e9ger le poster.<\/li><li>Ce produit est fabriqu\u00e9 sp\u00e9cialement pour toi, sur demande, dans la taille et le design souhait\u00e9s.<\/li><\/ul>","protected":false},"excerpt":{"rendered":"<p>&quot;Wei\u00dfe Sch\u00f6nheit \u2013 Ausdrucksstarker Hengst in Aquarell&quot; by Kerstin Waurick Ein ausdrucksstarker wei\u00dfer Hengst mit wehendem Schweif und kunstvoll verzierter Trense, eingefangen in einem lebhaften Aquarell aus kr\u00e4ftigem Blau, Orange und Rot. Die dynamische Pose und leuchtenden Farben verleihen dem Motiv eine eindrucksvolle Energie und Eleganz. &nbsp;<\/p>","protected":false},"featured_media":284879,"comment_status":"open","ping_status":"closed","template":"","meta":[],"product_brand":[],"product_cat":[10378,133,13429],"product_tag":[13434],"class_list":{"0":"post-237226","1":"product","2":"type-product","3":"status-publish","4":"has-post-thumbnail","6":"product_cat-poster","7":"product_cat-tiere","8":"product_cat-kerstin-waurick","9":"product_tag-digital-kunst-gemaelde-aquarell-tier-faszination-natur-vertikal-araber-schimmel-arabisches-pferd-arabisch-edel-hengst-portrait-vollblut","10":"product_shipping_class-versand-t-shirts1","12":"first","13":"instock","14":"taxable","15":"shipping-taxable","16":"purchasable","17":"product-type-variable"},"yoast_head":"<!-- This site is optimized with the Yoast SEO Premium plugin v27.5 (Yoast SEO v27.6) - https:\/\/yoast.com\/product\/yoast-seo-premium-wordpress\/ -->\n<title>Poster: Wei\u00dfe Sch\u00f6nheit \u2013 Ausdrucksstarker Hengst in Aquarell - raxxa<\/title>\n<meta name=\"robots\" content=\"index, follow, max-snippet:-1, max-image-preview:large, max-video-preview:-1\" \/>\n<link rel=\"canonical\" href=\"https:\/\/www.raxxa.com\/fr\/shop\/poster-arabisches-pferd-in-traditionellem-zaumzeug\/\" \/>\n<meta property=\"og:locale\" content=\"fr_FR\" \/>\n<meta property=\"og:type\" content=\"article\" \/>\n<meta property=\"og:title\" content=\"Poster: Wei\u00dfe Sch\u00f6nheit \u2013 Ausdrucksstarker Hengst in Aquarell\" \/>\n<meta property=\"og:description\" content=\"&quot;Wei\u00dfe Sch\u00f6nheit \u2013 Ausdrucksstarker Hengst in Aquarell&quot; by Kerstin Waurick Ein ausdrucksstarker wei\u00dfer Hengst mit wehendem Schweif und kunstvoll verzierter Trense, eingefangen in einem lebhaften Aquarell aus kr\u00e4ftigem Blau, Orange und Rot. Die dynamische Pose und leuchtenden Farben verleihen dem Motiv eine eindrucksvolle Energie und Eleganz. &nbsp;\" \/>\n<meta property=\"og:url\" content=\"https:\/\/www.raxxa.com\/fr\/shop\/poster-arabisches-pferd-in-traditionellem-zaumzeug\/\" \/>\n<meta property=\"og:site_name\" content=\"raxxa\" \/>\n<meta property=\"article:publisher\" content=\"https:\/\/facebook.com\/raxxacom\" \/>\n<meta property=\"article:modified_time\" content=\"2026-02-28T13:54:23+00:00\" \/>\n<meta property=\"og:image\" content=\"https:\/\/www.raxxa.com\/wp-content\/uploads\/2025\/08\/raxxa-Wallart-373-20571-84-Kerstin-Waurick-Arabisches-Pferd-in-traditionellem-Zaumzeug-39.jpg\" \/>\n\t<meta property=\"og:image:width\" content=\"1024\" \/>\n\t<meta property=\"og:image:height\" content=\"1024\" \/>\n\t<meta property=\"og:image:type\" content=\"image\/jpeg\" \/>\n<meta name=\"twitter:card\" content=\"summary_large_image\" \/>\n<meta name=\"twitter:label1\" content=\"Disponibilit\u00e9\" \/>\n\t<meta name=\"twitter:data1\" content=\"En stock\" \/>\n<script type=\"application\/ld+json\" class=\"yoast-schema-graph\">{\"@context\":\"https:\\\/\\\/schema.org\",\"@graph\":[{\"@type\":[\"WebPage\",\"ItemPage\"],\"@id\":\"https:\\\/\\\/www.raxxa.com\\\/shop\\\/poster-arabisches-pferd-in-traditionellem-zaumzeug\\\/\",\"url\":\"https:\\\/\\\/www.raxxa.com\\\/shop\\\/poster-arabisches-pferd-in-traditionellem-zaumzeug\\\/\",\"name\":\"Poster: Wei\u00dfe Sch\u00f6nheit \u2013 Ausdrucksstarker Hengst in Aquarell - raxxa\",\"isPartOf\":{\"@id\":\"https:\\\/\\\/www.raxxa.com\\\/#website\"},\"primaryImageOfPage\":{\"@id\":\"https:\\\/\\\/www.raxxa.com\\\/shop\\\/poster-arabisches-pferd-in-traditionellem-zaumzeug\\\/#primaryimage\"},\"image\":{\"@id\":\"https:\\\/\\\/www.raxxa.com\\\/shop\\\/poster-arabisches-pferd-in-traditionellem-zaumzeug\\\/#primaryimage\"},\"thumbnailUrl\":\"https:\\\/\\\/www.raxxa.com\\\/wp-content\\\/uploads\\\/2025\\\/08\\\/raxxa-Wallart-373-20571-84-Kerstin-Waurick-Arabisches-Pferd-in-traditionellem-Zaumzeug-39-1.jpg\",\"datePublished\":\"2025-08-06T19:02:12+00:00\",\"dateModified\":\"2026-02-28T13:54:23+00:00\",\"breadcrumb\":{\"@id\":\"https:\\\/\\\/www.raxxa.com\\\/shop\\\/poster-arabisches-pferd-in-traditionellem-zaumzeug\\\/#breadcrumb\"},\"inLanguage\":\"fr-FR\",\"potentialAction\":[{\"@type\":\"ReadAction\",\"target\":[\"https:\\\/\\\/www.raxxa.com\\\/shop\\\/poster-arabisches-pferd-in-traditionellem-zaumzeug\\\/\"]}]},{\"@type\":\"ImageObject\",\"inLanguage\":\"fr-FR\",\"@id\":\"https:\\\/\\\/www.raxxa.com\\\/shop\\\/poster-arabisches-pferd-in-traditionellem-zaumzeug\\\/#primaryimage\",\"url\":\"https:\\\/\\\/www.raxxa.com\\\/wp-content\\\/uploads\\\/2025\\\/08\\\/raxxa-Wallart-373-20571-84-Kerstin-Waurick-Arabisches-Pferd-in-traditionellem-Zaumzeug-39-1.jpg\",\"contentUrl\":\"https:\\\/\\\/www.raxxa.com\\\/wp-content\\\/uploads\\\/2025\\\/08\\\/raxxa-Wallart-373-20571-84-Kerstin-Waurick-Arabisches-Pferd-in-traditionellem-Zaumzeug-39-1.jpg\",\"width\":1024,\"height\":1024},{\"@type\":\"BreadcrumbList\",\"@id\":\"https:\\\/\\\/www.raxxa.com\\\/shop\\\/poster-arabisches-pferd-in-traditionellem-zaumzeug\\\/#breadcrumb\",\"itemListElement\":[{\"@type\":\"ListItem\",\"position\":1,\"name\":\"Startseite\",\"item\":\"https:\\\/\\\/www.raxxa.com\\\/\"},{\"@type\":\"ListItem\",\"position\":2,\"name\":\"Shop\",\"item\":\"https:\\\/\\\/www.raxxa.com\\\/it\\\/shop\\\/\"},{\"@type\":\"ListItem\",\"position\":3,\"name\":\"Poster: Wei\u00dfe Sch\u00f6nheit \u2013 Ausdrucksstarker Hengst in Aquarell\"}]},{\"@type\":\"WebSite\",\"@id\":\"https:\\\/\\\/www.raxxa.com\\\/#website\",\"url\":\"https:\\\/\\\/www.raxxa.com\\\/\",\"name\":\"raxxa\",\"description\":\"Einzigartige individuelle Produkte von unseren Designern\",\"publisher\":{\"@id\":\"https:\\\/\\\/www.raxxa.com\\\/#organization\"},\"potentialAction\":[{\"@type\":\"SearchAction\",\"target\":{\"@type\":\"EntryPoint\",\"urlTemplate\":\"https:\\\/\\\/www.raxxa.com\\\/?s={search_term_string}\"},\"query-input\":{\"@type\":\"PropertyValueSpecification\",\"valueRequired\":true,\"valueName\":\"search_term_string\"}}],\"inLanguage\":\"fr-FR\"},{\"@type\":\"Organization\",\"@id\":\"https:\\\/\\\/www.raxxa.com\\\/#organization\",\"name\":\"raxxa\",\"url\":\"https:\\\/\\\/www.raxxa.com\\\/\",\"logo\":{\"@type\":\"ImageObject\",\"inLanguage\":\"fr-FR\",\"@id\":\"https:\\\/\\\/www.raxxa.com\\\/#\\\/schema\\\/logo\\\/image\\\/\",\"url\":\"https:\\\/\\\/www.raxxa.com\\\/wp-content\\\/uploads\\\/2022\\\/07\\\/logo_v2.png\",\"contentUrl\":\"https:\\\/\\\/www.raxxa.com\\\/wp-content\\\/uploads\\\/2022\\\/07\\\/logo_v2.png\",\"width\":380,\"height\":382,\"caption\":\"raxxa\"},\"image\":{\"@id\":\"https:\\\/\\\/www.raxxa.com\\\/#\\\/schema\\\/logo\\\/image\\\/\"},\"sameAs\":[\"https:\\\/\\\/facebook.com\\\/raxxacom\"]}]}<\/script>\n<meta property=\"og:availability\" content=\"instock\" \/>\n<meta property=\"product:availability\" content=\"instock\" \/>\n<meta property=\"product:retailer_item_id\" content=\"1-84-20571-373\" \/>\n<meta property=\"product:condition\" content=\"new\" \/>\n<!-- \/ Yoast SEO Premium plugin. -->","yoast_head_json":{"title":"Poster: Wei\u00dfe Sch\u00f6nheit \u2013 Ausdrucksstarker Hengst in Aquarell - raxxa","robots":{"index":"index","follow":"follow","max-snippet":"max-snippet:-1","max-image-preview":"max-image-preview:large","max-video-preview":"max-video-preview:-1"},"canonical":"https:\/\/www.raxxa.com\/fr\/shop\/poster-arabisches-pferd-in-traditionellem-zaumzeug\/","og_locale":"fr_FR","og_type":"article","og_title":"Poster: Wei\u00dfe Sch\u00f6nheit \u2013 Ausdrucksstarker Hengst in Aquarell","og_description":"&quot;Wei\u00dfe Sch\u00f6nheit \u2013 Ausdrucksstarker Hengst in Aquarell&quot; by Kerstin Waurick Ein ausdrucksstarker wei\u00dfer Hengst mit wehendem Schweif und kunstvoll verzierter Trense, eingefangen in einem lebhaften Aquarell aus kr\u00e4ftigem Blau, Orange und Rot. Die dynamische Pose und leuchtenden Farben verleihen dem Motiv eine eindrucksvolle Energie und Eleganz. &nbsp;","og_url":"https:\/\/www.raxxa.com\/fr\/shop\/poster-arabisches-pferd-in-traditionellem-zaumzeug\/","og_site_name":"raxxa","article_publisher":"https:\/\/facebook.com\/raxxacom","article_modified_time":"2026-02-28T13:54:23+00:00","og_image":[{"width":1024,"height":1024,"url":"https:\/\/www.raxxa.com\/wp-content\/uploads\/2025\/08\/raxxa-Wallart-373-20571-84-Kerstin-Waurick-Arabisches-Pferd-in-traditionellem-Zaumzeug-39.jpg","type":"image\/jpeg"}],"twitter_card":"summary_large_image","twitter_misc":{"Disponibilit\u00e9":"En stock"},"schema":{"@context":"https:\/\/schema.org","@graph":[{"@type":["WebPage","ItemPage"],"@id":"https:\/\/www.raxxa.com\/shop\/poster-arabisches-pferd-in-traditionellem-zaumzeug\/","url":"https:\/\/www.raxxa.com\/shop\/poster-arabisches-pferd-in-traditionellem-zaumzeug\/","name":"Poster: Wei\u00dfe Sch\u00f6nheit \u2013 Ausdrucksstarker Hengst in Aquarell - raxxa","isPartOf":{"@id":"https:\/\/www.raxxa.com\/#website"},"primaryImageOfPage":{"@id":"https:\/\/www.raxxa.com\/shop\/poster-arabisches-pferd-in-traditionellem-zaumzeug\/#primaryimage"},"image":{"@id":"https:\/\/www.raxxa.com\/shop\/poster-arabisches-pferd-in-traditionellem-zaumzeug\/#primaryimage"},"thumbnailUrl":"https:\/\/www.raxxa.com\/wp-content\/uploads\/2025\/08\/raxxa-Wallart-373-20571-84-Kerstin-Waurick-Arabisches-Pferd-in-traditionellem-Zaumzeug-39-1.jpg","datePublished":"2025-08-06T19:02:12+00:00","dateModified":"2026-02-28T13:54:23+00:00","breadcrumb":{"@id":"https:\/\/www.raxxa.com\/shop\/poster-arabisches-pferd-in-traditionellem-zaumzeug\/#breadcrumb"},"inLanguage":"fr-FR","potentialAction":[{"@type":"ReadAction","target":["https:\/\/www.raxxa.com\/shop\/poster-arabisches-pferd-in-traditionellem-zaumzeug\/"]}]},{"@type":"ImageObject","inLanguage":"fr-FR","@id":"https:\/\/www.raxxa.com\/shop\/poster-arabisches-pferd-in-traditionellem-zaumzeug\/#primaryimage","url":"https:\/\/www.raxxa.com\/wp-content\/uploads\/2025\/08\/raxxa-Wallart-373-20571-84-Kerstin-Waurick-Arabisches-Pferd-in-traditionellem-Zaumzeug-39-1.jpg","contentUrl":"https:\/\/www.raxxa.com\/wp-content\/uploads\/2025\/08\/raxxa-Wallart-373-20571-84-Kerstin-Waurick-Arabisches-Pferd-in-traditionellem-Zaumzeug-39-1.jpg","width":1024,"height":1024},{"@type":"BreadcrumbList","@id":"https:\/\/www.raxxa.com\/shop\/poster-arabisches-pferd-in-traditionellem-zaumzeug\/#breadcrumb","itemListElement":[{"@type":"ListItem","position":1,"name":"Startseite","item":"https:\/\/www.raxxa.com\/"},{"@type":"ListItem","position":2,"name":"Shop","item":"https:\/\/www.raxxa.com\/it\/shop\/"},{"@type":"ListItem","position":3,"name":"Poster: Wei\u00dfe Sch\u00f6nheit \u2013 Ausdrucksstarker Hengst in Aquarell"}]},{"@type":"WebSite","@id":"https:\/\/www.raxxa.com\/#website","url":"https:\/\/www.raxxa.com\/","name":"raxxa","description":"Des produits uniques et personnalis\u00e9s cr\u00e9\u00e9s par nos designers","publisher":{"@id":"https:\/\/www.raxxa.com\/#organization"},"potentialAction":[{"@type":"SearchAction","target":{"@type":"EntryPoint","urlTemplate":"https:\/\/www.raxxa.com\/?s={search_term_string}"},"query-input":{"@type":"PropertyValueSpecification","valueRequired":true,"valueName":"search_term_string"}}],"inLanguage":"fr-FR"},{"@type":"Organization","@id":"https:\/\/www.raxxa.com\/#organization","name":"raxxa","url":"https:\/\/www.raxxa.com\/","logo":{"@type":"ImageObject","inLanguage":"fr-FR","@id":"https:\/\/www.raxxa.com\/#\/schema\/logo\/image\/","url":"https:\/\/www.raxxa.com\/wp-content\/uploads\/2022\/07\/logo_v2.png","contentUrl":"https:\/\/www.raxxa.com\/wp-content\/uploads\/2022\/07\/logo_v2.png","width":380,"height":382,"caption":"raxxa"},"image":{"@id":"https:\/\/www.raxxa.com\/#\/schema\/logo\/image\/"},"sameAs":["https:\/\/facebook.com\/raxxacom"]}]},"og_availability":"instock","product_availability":"instock","product_retailer_item_id":"1-84-20571-373","product_condition":"new"},"jetpack_sharing_enabled":true,"_links":{"self":[{"href":"https:\/\/www.raxxa.com\/fr\/wp-json\/wp\/v2\/product\/237226","targetHints":{"allow":["GET"]}}],"collection":[{"href":"https:\/\/www.raxxa.com\/fr\/wp-json\/wp\/v2\/product"}],"about":[{"href":"https:\/\/www.raxxa.com\/fr\/wp-json\/wp\/v2\/types\/product"}],"replies":[{"embeddable":true,"href":"https:\/\/www.raxxa.com\/fr\/wp-json\/wp\/v2\/comments?post=237226"}],"wp:featuredmedia":[{"embeddable":true,"href":"https:\/\/www.raxxa.com\/fr\/wp-json\/wp\/v2\/media\/284879"}],"wp:attachment":[{"href":"https:\/\/www.raxxa.com\/fr\/wp-json\/wp\/v2\/media?parent=237226"}],"wp:term":[{"taxonomy":"product_brand","embeddable":true,"href":"https:\/\/www.raxxa.com\/fr\/wp-json\/wp\/v2\/product_brand?post=237226"},{"taxonomy":"product_cat","embeddable":true,"href":"https:\/\/www.raxxa.com\/fr\/wp-json\/wp\/v2\/product_cat?post=237226"},{"taxonomy":"product_tag","embeddable":true,"href":"https:\/\/www.raxxa.com\/fr\/wp-json\/wp\/v2\/product_tag?post=237226"}],"curies":[{"name":"wp","href":"https:\/\/api.w.org\/{rel}","templated":true}]}}