{"id":230912,"date":"2025-07-29T21:58:05","date_gmt":"2025-07-29T19:58:05","guid":{"rendered":"https:\/\/www.raxxa.com\/?post_type=product&#038;p=230912"},"modified":"2025-07-29T21:59:27","modified_gmt":"2025-07-29T19:59:27","slug":"raxxa-canva-berlin","status":"publish","type":"product","link":"https:\/\/www.raxxa.com\/fr\/shop\/raxxa-canva-berlin\/","title":{"rendered":"raxxa Canva: Berlin"},"content":{"rendered":"<h3><strong>&quot;Berlin&quot; by Steffen Gierok-Latniak<\/strong><\/h3>\n<p><strong><\/strong><\/p>\n<p>Brandenburger Tor in Berlin, umgeben von herbstlichen B\u00e4umen und einem sch\u00f6nen blauen Himmel mit Wolken.<\/p>\n<p>Erleben Sie die faszinierende Sch\u00f6nheit des Brandenburger Tors mit unserem hochwertigen Produkte, der die majest\u00e4tische Struktur in der malerischen Kulisse des Herbstes einf\u00e4ngt.<\/p>\n<p>&nbsp;<\/p>\n<ul><li>Classic Canvas avec bordures de 2 cm, 100 % polyester.<\/li><li>Encres latex HP de haute qualit\u00e9 avec protection UV, garantissant des couleurs vives et une r\u00e9sistance \u00e0 la lumi\u00e8re.<\/li><li>Cadre en bois certifi\u00e9 FSC<\/li><li>Ce produit est fabriqu\u00e9 sp\u00e9cialement pour toi, sur demande, dans la taille et le design souhait\u00e9s.<\/li><\/ul>","protected":false},"excerpt":{"rendered":"<p>&quot;Berlin&quot; by Steffen Gierok-Latniak Brandenburger Tor in Berlin, umgeben von herbstlichen B\u00e4umen und einem sch\u00f6nen blauen Himmel mit Wolken. Erleben Sie die faszinierende Sch\u00f6nheit des Brandenburger Tors mit unserem hochwertigen Produkte, der die majest\u00e4tische Struktur in der malerischen Kulisse des Herbstes einf\u00e4ngt. &nbsp;<\/p>","protected":false},"featured_media":230918,"comment_status":"open","ping_status":"closed","template":"","meta":[],"product_brand":[],"product_cat":[12937,12580,134],"product_tag":[13384],"class_list":{"0":"post-230912","1":"product","2":"type-product","3":"status-publish","4":"has-post-thumbnail","6":"product_cat-canvas","7":"product_cat-steffen-gierok","8":"product_cat-orte","9":"product_tag-brandenburger-tor-berlin-kunstdruck-wanddekoration-herbstlandschaft-stadtansicht-architektur-historische-staette-berliner-sehenswuerdigkeiten-farbiger-druck-postcrossing-postcrosser","10":"product_shipping_class-versand-canvas","12":"first","13":"instock","14":"taxable","15":"shipping-taxable","16":"purchasable","17":"product-type-variable"},"yoast_head":"<!-- This site is optimized with the Yoast SEO Premium plugin v27.4 (Yoast SEO v27.4) - https:\/\/yoast.com\/product\/yoast-seo-premium-wordpress\/ -->\n<title>raxxa Canva: Berlin - raxxa<\/title>\n<meta name=\"robots\" content=\"index, follow, max-snippet:-1, max-image-preview:large, max-video-preview:-1\" \/>\n<link rel=\"canonical\" href=\"https:\/\/www.raxxa.com\/fr\/shop\/raxxa-canva-berlin\/\" \/>\n<meta property=\"og:locale\" content=\"fr_FR\" \/>\n<meta property=\"og:type\" content=\"article\" \/>\n<meta property=\"og:title\" content=\"raxxa Canva: Berlin\" \/>\n<meta property=\"og:description\" content=\"&quot;Berlin&quot; by Steffen Gierok-Latniak Brandenburger Tor in Berlin, umgeben von herbstlichen B\u00e4umen und einem sch\u00f6nen blauen Himmel mit Wolken. Erleben Sie die faszinierende Sch\u00f6nheit des Brandenburger Tors mit unserem hochwertigen Produkte, der die majest\u00e4tische Struktur in der malerischen Kulisse des Herbstes einf\u00e4ngt. &nbsp;\" \/>\n<meta property=\"og:url\" content=\"https:\/\/www.raxxa.com\/fr\/shop\/raxxa-canva-berlin\/\" \/>\n<meta property=\"og:site_name\" content=\"raxxa\" \/>\n<meta property=\"article:publisher\" content=\"https:\/\/facebook.com\/raxxacom\" \/>\n<meta property=\"article:modified_time\" content=\"2025-07-29T19:59:27+00:00\" \/>\n<meta name=\"twitter:card\" content=\"summary_large_image\" \/>\n<meta name=\"twitter:label1\" content=\"Disponibilit\u00e9\" \/>\n\t<meta name=\"twitter:data1\" content=\"En stock\" \/>\n<script type=\"application\/ld+json\" class=\"yoast-schema-graph\">{\"@context\":\"https:\\\/\\\/schema.org\",\"@graph\":[{\"@type\":[\"WebPage\",\"ItemPage\"],\"@id\":\"https:\\\/\\\/www.raxxa.com\\\/shop\\\/raxxa-canva-berlin\\\/\",\"url\":\"https:\\\/\\\/www.raxxa.com\\\/shop\\\/raxxa-canva-berlin\\\/\",\"name\":\"raxxa Canva: Berlin - raxxa\",\"isPartOf\":{\"@id\":\"https:\\\/\\\/www.raxxa.com\\\/#website\"},\"primaryImageOfPage\":{\"@id\":\"https:\\\/\\\/www.raxxa.com\\\/shop\\\/raxxa-canva-berlin\\\/#primaryimage\"},\"image\":{\"@id\":\"https:\\\/\\\/www.raxxa.com\\\/shop\\\/raxxa-canva-berlin\\\/#primaryimage\"},\"thumbnailUrl\":\"https:\\\/\\\/www.raxxa.com\\\/wp-content\\\/uploads\\\/2025\\\/07\\\/raxxa-Canvas-331-19531-133-Steffen-Gierok-Latniak-Berlin-9-scaled.jpg\",\"datePublished\":\"2025-07-29T19:58:05+00:00\",\"dateModified\":\"2025-07-29T19:59:27+00:00\",\"breadcrumb\":{\"@id\":\"https:\\\/\\\/www.raxxa.com\\\/shop\\\/raxxa-canva-berlin\\\/#breadcrumb\"},\"inLanguage\":\"fr-FR\",\"potentialAction\":[{\"@type\":\"ReadAction\",\"target\":[\"https:\\\/\\\/www.raxxa.com\\\/shop\\\/raxxa-canva-berlin\\\/\"]}]},{\"@type\":\"ImageObject\",\"inLanguage\":\"fr-FR\",\"@id\":\"https:\\\/\\\/www.raxxa.com\\\/shop\\\/raxxa-canva-berlin\\\/#primaryimage\",\"url\":\"https:\\\/\\\/www.raxxa.com\\\/wp-content\\\/uploads\\\/2025\\\/07\\\/raxxa-Canvas-331-19531-133-Steffen-Gierok-Latniak-Berlin-9-scaled.jpg\",\"contentUrl\":\"https:\\\/\\\/www.raxxa.com\\\/wp-content\\\/uploads\\\/2025\\\/07\\\/raxxa-Canvas-331-19531-133-Steffen-Gierok-Latniak-Berlin-9-scaled.jpg\",\"width\":2560,\"height\":2276},{\"@type\":\"BreadcrumbList\",\"@id\":\"https:\\\/\\\/www.raxxa.com\\\/shop\\\/raxxa-canva-berlin\\\/#breadcrumb\",\"itemListElement\":[{\"@type\":\"ListItem\",\"position\":1,\"name\":\"Startseite\",\"item\":\"https:\\\/\\\/www.raxxa.com\\\/\"},{\"@type\":\"ListItem\",\"position\":2,\"name\":\"Shop\",\"item\":\"https:\\\/\\\/www.raxxa.com\\\/it\\\/shop\\\/\"},{\"@type\":\"ListItem\",\"position\":3,\"name\":\"raxxa Canva: Berlin\"}]},{\"@type\":\"WebSite\",\"@id\":\"https:\\\/\\\/www.raxxa.com\\\/#website\",\"url\":\"https:\\\/\\\/www.raxxa.com\\\/\",\"name\":\"raxxa\",\"description\":\"Einzigartige individuelle Produkte von unseren Designern\",\"publisher\":{\"@id\":\"https:\\\/\\\/www.raxxa.com\\\/#organization\"},\"potentialAction\":[{\"@type\":\"SearchAction\",\"target\":{\"@type\":\"EntryPoint\",\"urlTemplate\":\"https:\\\/\\\/www.raxxa.com\\\/?s={search_term_string}\"},\"query-input\":{\"@type\":\"PropertyValueSpecification\",\"valueRequired\":true,\"valueName\":\"search_term_string\"}}],\"inLanguage\":\"fr-FR\"},{\"@type\":\"Organization\",\"@id\":\"https:\\\/\\\/www.raxxa.com\\\/#organization\",\"name\":\"raxxa\",\"url\":\"https:\\\/\\\/www.raxxa.com\\\/\",\"logo\":{\"@type\":\"ImageObject\",\"inLanguage\":\"fr-FR\",\"@id\":\"https:\\\/\\\/www.raxxa.com\\\/#\\\/schema\\\/logo\\\/image\\\/\",\"url\":\"https:\\\/\\\/www.raxxa.com\\\/wp-content\\\/uploads\\\/2022\\\/07\\\/logo_v2.png\",\"contentUrl\":\"https:\\\/\\\/www.raxxa.com\\\/wp-content\\\/uploads\\\/2022\\\/07\\\/logo_v2.png\",\"width\":380,\"height\":382,\"caption\":\"raxxa\"},\"image\":{\"@id\":\"https:\\\/\\\/www.raxxa.com\\\/#\\\/schema\\\/logo\\\/image\\\/\"},\"sameAs\":[\"https:\\\/\\\/facebook.com\\\/raxxacom\"]}]}<\/script>\n<meta property=\"og:availability\" content=\"instock\" \/>\n<meta property=\"product:availability\" content=\"instock\" \/>\n<meta property=\"product:retailer_item_id\" content=\"1-133-19531-331\" \/>\n<meta property=\"product:condition\" content=\"new\" \/>\n<!-- \/ Yoast SEO Premium plugin. -->","yoast_head_json":{"title":"raxxa Canva: Berlin - raxxa","robots":{"index":"index","follow":"follow","max-snippet":"max-snippet:-1","max-image-preview":"max-image-preview:large","max-video-preview":"max-video-preview:-1"},"canonical":"https:\/\/www.raxxa.com\/fr\/shop\/raxxa-canva-berlin\/","og_locale":"fr_FR","og_type":"article","og_title":"raxxa Canva: Berlin","og_description":"&quot;Berlin&quot; by Steffen Gierok-Latniak Brandenburger Tor in Berlin, umgeben von herbstlichen B\u00e4umen und einem sch\u00f6nen blauen Himmel mit Wolken. Erleben Sie die faszinierende Sch\u00f6nheit des Brandenburger Tors mit unserem hochwertigen Produkte, der die majest\u00e4tische Struktur in der malerischen Kulisse des Herbstes einf\u00e4ngt. &nbsp;","og_url":"https:\/\/www.raxxa.com\/fr\/shop\/raxxa-canva-berlin\/","og_site_name":"raxxa","article_publisher":"https:\/\/facebook.com\/raxxacom","article_modified_time":"2025-07-29T19:59:27+00:00","twitter_card":"summary_large_image","twitter_misc":{"Disponibilit\u00e9":"En stock"},"schema":{"@context":"https:\/\/schema.org","@graph":[{"@type":["WebPage","ItemPage"],"@id":"https:\/\/www.raxxa.com\/shop\/raxxa-canva-berlin\/","url":"https:\/\/www.raxxa.com\/shop\/raxxa-canva-berlin\/","name":"raxxa Canva: Berlin - raxxa","isPartOf":{"@id":"https:\/\/www.raxxa.com\/#website"},"primaryImageOfPage":{"@id":"https:\/\/www.raxxa.com\/shop\/raxxa-canva-berlin\/#primaryimage"},"image":{"@id":"https:\/\/www.raxxa.com\/shop\/raxxa-canva-berlin\/#primaryimage"},"thumbnailUrl":"https:\/\/www.raxxa.com\/wp-content\/uploads\/2025\/07\/raxxa-Canvas-331-19531-133-Steffen-Gierok-Latniak-Berlin-9-scaled.jpg","datePublished":"2025-07-29T19:58:05+00:00","dateModified":"2025-07-29T19:59:27+00:00","breadcrumb":{"@id":"https:\/\/www.raxxa.com\/shop\/raxxa-canva-berlin\/#breadcrumb"},"inLanguage":"fr-FR","potentialAction":[{"@type":"ReadAction","target":["https:\/\/www.raxxa.com\/shop\/raxxa-canva-berlin\/"]}]},{"@type":"ImageObject","inLanguage":"fr-FR","@id":"https:\/\/www.raxxa.com\/shop\/raxxa-canva-berlin\/#primaryimage","url":"https:\/\/www.raxxa.com\/wp-content\/uploads\/2025\/07\/raxxa-Canvas-331-19531-133-Steffen-Gierok-Latniak-Berlin-9-scaled.jpg","contentUrl":"https:\/\/www.raxxa.com\/wp-content\/uploads\/2025\/07\/raxxa-Canvas-331-19531-133-Steffen-Gierok-Latniak-Berlin-9-scaled.jpg","width":2560,"height":2276},{"@type":"BreadcrumbList","@id":"https:\/\/www.raxxa.com\/shop\/raxxa-canva-berlin\/#breadcrumb","itemListElement":[{"@type":"ListItem","position":1,"name":"Startseite","item":"https:\/\/www.raxxa.com\/"},{"@type":"ListItem","position":2,"name":"Shop","item":"https:\/\/www.raxxa.com\/it\/shop\/"},{"@type":"ListItem","position":3,"name":"raxxa Canva: Berlin"}]},{"@type":"WebSite","@id":"https:\/\/www.raxxa.com\/#website","url":"https:\/\/www.raxxa.com\/","name":"raxxa","description":"Des produits uniques et personnalis\u00e9s cr\u00e9\u00e9s par nos designers","publisher":{"@id":"https:\/\/www.raxxa.com\/#organization"},"potentialAction":[{"@type":"SearchAction","target":{"@type":"EntryPoint","urlTemplate":"https:\/\/www.raxxa.com\/?s={search_term_string}"},"query-input":{"@type":"PropertyValueSpecification","valueRequired":true,"valueName":"search_term_string"}}],"inLanguage":"fr-FR"},{"@type":"Organization","@id":"https:\/\/www.raxxa.com\/#organization","name":"raxxa","url":"https:\/\/www.raxxa.com\/","logo":{"@type":"ImageObject","inLanguage":"fr-FR","@id":"https:\/\/www.raxxa.com\/#\/schema\/logo\/image\/","url":"https:\/\/www.raxxa.com\/wp-content\/uploads\/2022\/07\/logo_v2.png","contentUrl":"https:\/\/www.raxxa.com\/wp-content\/uploads\/2022\/07\/logo_v2.png","width":380,"height":382,"caption":"raxxa"},"image":{"@id":"https:\/\/www.raxxa.com\/#\/schema\/logo\/image\/"},"sameAs":["https:\/\/facebook.com\/raxxacom"]}]},"og_availability":"instock","product_availability":"instock","product_retailer_item_id":"1-133-19531-331","product_condition":"new"},"jetpack_sharing_enabled":true,"_links":{"self":[{"href":"https:\/\/www.raxxa.com\/fr\/wp-json\/wp\/v2\/product\/230912","targetHints":{"allow":["GET"]}}],"collection":[{"href":"https:\/\/www.raxxa.com\/fr\/wp-json\/wp\/v2\/product"}],"about":[{"href":"https:\/\/www.raxxa.com\/fr\/wp-json\/wp\/v2\/types\/product"}],"replies":[{"embeddable":true,"href":"https:\/\/www.raxxa.com\/fr\/wp-json\/wp\/v2\/comments?post=230912"}],"wp:featuredmedia":[{"embeddable":true,"href":"https:\/\/www.raxxa.com\/fr\/wp-json\/wp\/v2\/media\/230918"}],"wp:attachment":[{"href":"https:\/\/www.raxxa.com\/fr\/wp-json\/wp\/v2\/media?parent=230912"}],"wp:term":[{"taxonomy":"product_brand","embeddable":true,"href":"https:\/\/www.raxxa.com\/fr\/wp-json\/wp\/v2\/product_brand?post=230912"},{"taxonomy":"product_cat","embeddable":true,"href":"https:\/\/www.raxxa.com\/fr\/wp-json\/wp\/v2\/product_cat?post=230912"},{"taxonomy":"product_tag","embeddable":true,"href":"https:\/\/www.raxxa.com\/fr\/wp-json\/wp\/v2\/product_tag?post=230912"}],"curies":[{"name":"wp","href":"https:\/\/api.w.org\/{rel}","templated":true}]}}