{"id":228084,"date":"2025-06-12T09:10:14","date_gmt":"2025-06-12T07:10:14","guid":{"rendered":"https:\/\/www.raxxa.com\/?post_type=product&#038;p=228084"},"modified":"2025-11-02T10:57:28","modified_gmt":"2025-11-02T08:57:28","slug":"raxxa-postkarte-royal-impression-3","status":"publish","type":"product","link":"https:\/\/www.raxxa.com\/fr\/shop\/raxxa-postkarte-royal-impression-3\/","title":{"rendered":"raxxa Postkarte: Royal impression 3"},"content":{"rendered":"<h3><strong>&quot;Royal impression 3&quot; by ka chun leung<\/strong><\/h3>\n<p><strong><\/strong><\/p>\n<p>The Royal Impression design embodies an abstract composition featuring stylized flag and ribbon elements. It evokes a sense of regal elegance through flowing, intertwined ribbons and fragmented flag motifs, blending dynamic shapes and colors to suggest movement and prestige. This abstract interplay symbolizes honor and tradition while inviting personal interpretation, capturing the essence of nobility in a modern, decorative form.<\/p>\n<p>&nbsp;<\/p>\n<ul><li>Nous imprimons la carte postale de votre choix en blanc ou avec un message personnel et l'envoyons dans le monde entier \u00e0 la personne de votre choix ou \u00e0 vous-m\u00eame.<\/li><li>Id\u00e9al pour le Postcrossing en ligne ou les v\u0153ux personnalis\u00e9s \u00e0 vos proches, vos amis, vos parents et vos connaissances.<\/li><li>Alternativement, en tant que carte vierge \u00e0 motif pur \u00e0 collectionner ou \u00e0 envoyer soi-m\u00eame.<\/li><li>Cartes postales DIN A6 (14,8 cm x 10,5 cm).<\/li><\/ul><br><br><b>Comment cr\u00e9er\/concevoir ma carte postale personnelle ?<\/b><br><br>1) Saisissez simplement le texte de votre message ou de votre salut (500 caract\u00e8res maximum).<br>2) Si vous souhaitez envoyer votre carte postale pour Postcrossing, inscrivez le PostcrossingID.<br>Sinon, laissez simplement ce champ vide.<br>3) Saisissez le pr\u00e9nom, le nom, le num\u00e9ro de rue, le code postal, la ville et le pays du destinataire de la carte postale dans les champs de saisie.<br>4) Vous pouvez maintenant ajouter votre carte postale personnalis\u00e9e au panier et la commander \u00e0 la caisse.<br><br>Nous imprimons maintenant votre carte postale personnelle, l'affranchissons et l'envoyons au destinataire que vous avez indiqu\u00e9.<br><br>Si vous avez des questions, n'h\u00e9sitez pas \u00e0 nous envoyer un message ou un e-mail.<br>","protected":false},"excerpt":{"rendered":"<p>&quot;Royal impression 3&quot; by ka chun leung The Royal Impression design embodies an abstract composition featuring stylized flag and ribbon elements. It evokes a sense of regal elegance through flowing, intertwined ribbons and fragmented flag motifs, blending dynamic shapes and colors to suggest movement and prestige. This abstract interplay symbolizes honor and tradition while inviting [&hellip;]<\/p>\n","protected":false},"featured_media":247741,"comment_status":"open","ping_status":"closed","template":"","meta":[],"product_brand":[],"product_cat":[13173,135,11884],"product_tag":[],"class_list":{"0":"post-228084","1":"product","2":"type-product","3":"status-publish","4":"has-post-thumbnail","6":"product_cat-ka-chun-leung","7":"product_cat-planzen","8":"product_cat-postkarten","10":"first","11":"instock","12":"taxable","13":"shipping-taxable","14":"purchasable","15":"product-type-variable"},"yoast_head":"<!-- This site is optimized with the Yoast SEO Premium plugin v27.5 (Yoast SEO v27.5) - https:\/\/yoast.com\/product\/yoast-seo-premium-wordpress\/ -->\n<title>raxxa Postkarte: Royal impression 3 - raxxa<\/title>\n<meta name=\"robots\" content=\"index, follow, max-snippet:-1, max-image-preview:large, max-video-preview:-1\" \/>\n<link rel=\"canonical\" href=\"https:\/\/www.raxxa.com\/fr\/shop\/raxxa-postkarte-royal-impression-3\/\" \/>\n<meta property=\"og:locale\" content=\"fr_FR\" \/>\n<meta property=\"og:type\" content=\"article\" \/>\n<meta property=\"og:title\" content=\"raxxa Postkarte: Royal impression 3\" \/>\n<meta property=\"og:description\" content=\"&quot;Royal impression 3&quot; by ka chun leung The Royal Impression design embodies an abstract composition featuring stylized flag and ribbon elements. It evokes a sense of regal elegance through flowing, intertwined ribbons and fragmented flag motifs, blending dynamic shapes and colors to suggest movement and prestige. This abstract interplay symbolizes honor and tradition while inviting [&hellip;]\" \/>\n<meta property=\"og:url\" content=\"https:\/\/www.raxxa.com\/fr\/shop\/raxxa-postkarte-royal-impression-3\/\" \/>\n<meta property=\"og:site_name\" content=\"raxxa\" \/>\n<meta property=\"article:publisher\" content=\"https:\/\/facebook.com\/raxxacom\" \/>\n<meta property=\"article:modified_time\" content=\"2025-11-02T08:57:28+00:00\" \/>\n<meta name=\"twitter:card\" content=\"summary_large_image\" \/>\n<meta name=\"twitter:label1\" content=\"Disponibilit\u00e9\" \/>\n\t<meta name=\"twitter:data1\" content=\"En stock\" \/>\n<script type=\"application\/ld+json\" class=\"yoast-schema-graph\">{\"@context\":\"https:\\\/\\\/schema.org\",\"@graph\":[{\"@type\":[\"WebPage\",\"ItemPage\"],\"@id\":\"https:\\\/\\\/www.raxxa.com\\\/shop\\\/raxxa-postkarte-royal-impression-3\\\/\",\"url\":\"https:\\\/\\\/www.raxxa.com\\\/shop\\\/raxxa-postkarte-royal-impression-3\\\/\",\"name\":\"raxxa Postkarte: Royal impression 3 - raxxa\",\"isPartOf\":{\"@id\":\"https:\\\/\\\/www.raxxa.com\\\/#website\"},\"primaryImageOfPage\":{\"@id\":\"https:\\\/\\\/www.raxxa.com\\\/shop\\\/raxxa-postkarte-royal-impression-3\\\/#primaryimage\"},\"image\":{\"@id\":\"https:\\\/\\\/www.raxxa.com\\\/shop\\\/raxxa-postkarte-royal-impression-3\\\/#primaryimage\"},\"thumbnailUrl\":\"https:\\\/\\\/www.raxxa.com\\\/wp-content\\\/uploads\\\/2025\\\/06\\\/raxxa-349-20192-185-ka-chun-leung-Royal-impression-3-12-scaled.jpg\",\"datePublished\":\"2025-06-12T07:10:14+00:00\",\"dateModified\":\"2025-11-02T08:57:28+00:00\",\"breadcrumb\":{\"@id\":\"https:\\\/\\\/www.raxxa.com\\\/shop\\\/raxxa-postkarte-royal-impression-3\\\/#breadcrumb\"},\"inLanguage\":\"fr-FR\",\"potentialAction\":[{\"@type\":\"ReadAction\",\"target\":[\"https:\\\/\\\/www.raxxa.com\\\/shop\\\/raxxa-postkarte-royal-impression-3\\\/\"]}]},{\"@type\":\"ImageObject\",\"inLanguage\":\"fr-FR\",\"@id\":\"https:\\\/\\\/www.raxxa.com\\\/shop\\\/raxxa-postkarte-royal-impression-3\\\/#primaryimage\",\"url\":\"https:\\\/\\\/www.raxxa.com\\\/wp-content\\\/uploads\\\/2025\\\/06\\\/raxxa-349-20192-185-ka-chun-leung-Royal-impression-3-12-scaled.jpg\",\"contentUrl\":\"https:\\\/\\\/www.raxxa.com\\\/wp-content\\\/uploads\\\/2025\\\/06\\\/raxxa-349-20192-185-ka-chun-leung-Royal-impression-3-12-scaled.jpg\",\"width\":2560,\"height\":1707},{\"@type\":\"BreadcrumbList\",\"@id\":\"https:\\\/\\\/www.raxxa.com\\\/shop\\\/raxxa-postkarte-royal-impression-3\\\/#breadcrumb\",\"itemListElement\":[{\"@type\":\"ListItem\",\"position\":1,\"name\":\"Startseite\",\"item\":\"https:\\\/\\\/www.raxxa.com\\\/\"},{\"@type\":\"ListItem\",\"position\":2,\"name\":\"Shop\",\"item\":\"https:\\\/\\\/www.raxxa.com\\\/it\\\/shop\\\/\"},{\"@type\":\"ListItem\",\"position\":3,\"name\":\"raxxa Postkarte: Royal impression 3\"}]},{\"@type\":\"WebSite\",\"@id\":\"https:\\\/\\\/www.raxxa.com\\\/#website\",\"url\":\"https:\\\/\\\/www.raxxa.com\\\/\",\"name\":\"raxxa\",\"description\":\"Einzigartige individuelle Produkte von unseren Designern\",\"publisher\":{\"@id\":\"https:\\\/\\\/www.raxxa.com\\\/#organization\"},\"potentialAction\":[{\"@type\":\"SearchAction\",\"target\":{\"@type\":\"EntryPoint\",\"urlTemplate\":\"https:\\\/\\\/www.raxxa.com\\\/?s={search_term_string}\"},\"query-input\":{\"@type\":\"PropertyValueSpecification\",\"valueRequired\":true,\"valueName\":\"search_term_string\"}}],\"inLanguage\":\"fr-FR\"},{\"@type\":\"Organization\",\"@id\":\"https:\\\/\\\/www.raxxa.com\\\/#organization\",\"name\":\"raxxa\",\"url\":\"https:\\\/\\\/www.raxxa.com\\\/\",\"logo\":{\"@type\":\"ImageObject\",\"inLanguage\":\"fr-FR\",\"@id\":\"https:\\\/\\\/www.raxxa.com\\\/#\\\/schema\\\/logo\\\/image\\\/\",\"url\":\"https:\\\/\\\/www.raxxa.com\\\/wp-content\\\/uploads\\\/2022\\\/07\\\/logo_v2.png\",\"contentUrl\":\"https:\\\/\\\/www.raxxa.com\\\/wp-content\\\/uploads\\\/2022\\\/07\\\/logo_v2.png\",\"width\":380,\"height\":382,\"caption\":\"raxxa\"},\"image\":{\"@id\":\"https:\\\/\\\/www.raxxa.com\\\/#\\\/schema\\\/logo\\\/image\\\/\"},\"sameAs\":[\"https:\\\/\\\/facebook.com\\\/raxxacom\"]}]}<\/script>\n<meta property=\"og:availability\" content=\"instock\" \/>\n<meta property=\"product:availability\" content=\"instock\" \/>\n<meta property=\"product:retailer_item_id\" content=\"1-185-20192-349\" \/>\n<meta property=\"product:condition\" content=\"new\" \/>\n<!-- \/ Yoast SEO Premium plugin. -->","yoast_head_json":{"title":"raxxa Postkarte: Royal impression 3 - raxxa","robots":{"index":"index","follow":"follow","max-snippet":"max-snippet:-1","max-image-preview":"max-image-preview:large","max-video-preview":"max-video-preview:-1"},"canonical":"https:\/\/www.raxxa.com\/fr\/shop\/raxxa-postkarte-royal-impression-3\/","og_locale":"fr_FR","og_type":"article","og_title":"raxxa Postkarte: Royal impression 3","og_description":"&quot;Royal impression 3&quot; by ka chun leung The Royal Impression design embodies an abstract composition featuring stylized flag and ribbon elements. It evokes a sense of regal elegance through flowing, intertwined ribbons and fragmented flag motifs, blending dynamic shapes and colors to suggest movement and prestige. This abstract interplay symbolizes honor and tradition while inviting [&hellip;]","og_url":"https:\/\/www.raxxa.com\/fr\/shop\/raxxa-postkarte-royal-impression-3\/","og_site_name":"raxxa","article_publisher":"https:\/\/facebook.com\/raxxacom","article_modified_time":"2025-11-02T08:57:28+00:00","twitter_card":"summary_large_image","twitter_misc":{"Disponibilit\u00e9":"En stock"},"schema":{"@context":"https:\/\/schema.org","@graph":[{"@type":["WebPage","ItemPage"],"@id":"https:\/\/www.raxxa.com\/shop\/raxxa-postkarte-royal-impression-3\/","url":"https:\/\/www.raxxa.com\/shop\/raxxa-postkarte-royal-impression-3\/","name":"raxxa Postkarte: Royal impression 3 - raxxa","isPartOf":{"@id":"https:\/\/www.raxxa.com\/#website"},"primaryImageOfPage":{"@id":"https:\/\/www.raxxa.com\/shop\/raxxa-postkarte-royal-impression-3\/#primaryimage"},"image":{"@id":"https:\/\/www.raxxa.com\/shop\/raxxa-postkarte-royal-impression-3\/#primaryimage"},"thumbnailUrl":"https:\/\/www.raxxa.com\/wp-content\/uploads\/2025\/06\/raxxa-349-20192-185-ka-chun-leung-Royal-impression-3-12-scaled.jpg","datePublished":"2025-06-12T07:10:14+00:00","dateModified":"2025-11-02T08:57:28+00:00","breadcrumb":{"@id":"https:\/\/www.raxxa.com\/shop\/raxxa-postkarte-royal-impression-3\/#breadcrumb"},"inLanguage":"fr-FR","potentialAction":[{"@type":"ReadAction","target":["https:\/\/www.raxxa.com\/shop\/raxxa-postkarte-royal-impression-3\/"]}]},{"@type":"ImageObject","inLanguage":"fr-FR","@id":"https:\/\/www.raxxa.com\/shop\/raxxa-postkarte-royal-impression-3\/#primaryimage","url":"https:\/\/www.raxxa.com\/wp-content\/uploads\/2025\/06\/raxxa-349-20192-185-ka-chun-leung-Royal-impression-3-12-scaled.jpg","contentUrl":"https:\/\/www.raxxa.com\/wp-content\/uploads\/2025\/06\/raxxa-349-20192-185-ka-chun-leung-Royal-impression-3-12-scaled.jpg","width":2560,"height":1707},{"@type":"BreadcrumbList","@id":"https:\/\/www.raxxa.com\/shop\/raxxa-postkarte-royal-impression-3\/#breadcrumb","itemListElement":[{"@type":"ListItem","position":1,"name":"Startseite","item":"https:\/\/www.raxxa.com\/"},{"@type":"ListItem","position":2,"name":"Shop","item":"https:\/\/www.raxxa.com\/it\/shop\/"},{"@type":"ListItem","position":3,"name":"raxxa Postkarte: Royal impression 3"}]},{"@type":"WebSite","@id":"https:\/\/www.raxxa.com\/#website","url":"https:\/\/www.raxxa.com\/","name":"raxxa","description":"Des produits uniques et personnalis\u00e9s cr\u00e9\u00e9s par nos designers","publisher":{"@id":"https:\/\/www.raxxa.com\/#organization"},"potentialAction":[{"@type":"SearchAction","target":{"@type":"EntryPoint","urlTemplate":"https:\/\/www.raxxa.com\/?s={search_term_string}"},"query-input":{"@type":"PropertyValueSpecification","valueRequired":true,"valueName":"search_term_string"}}],"inLanguage":"fr-FR"},{"@type":"Organization","@id":"https:\/\/www.raxxa.com\/#organization","name":"raxxa","url":"https:\/\/www.raxxa.com\/","logo":{"@type":"ImageObject","inLanguage":"fr-FR","@id":"https:\/\/www.raxxa.com\/#\/schema\/logo\/image\/","url":"https:\/\/www.raxxa.com\/wp-content\/uploads\/2022\/07\/logo_v2.png","contentUrl":"https:\/\/www.raxxa.com\/wp-content\/uploads\/2022\/07\/logo_v2.png","width":380,"height":382,"caption":"raxxa"},"image":{"@id":"https:\/\/www.raxxa.com\/#\/schema\/logo\/image\/"},"sameAs":["https:\/\/facebook.com\/raxxacom"]}]},"og_availability":"instock","product_availability":"instock","product_retailer_item_id":"1-185-20192-349","product_condition":"new"},"jetpack_sharing_enabled":true,"_links":{"self":[{"href":"https:\/\/www.raxxa.com\/fr\/wp-json\/wp\/v2\/product\/228084","targetHints":{"allow":["GET"]}}],"collection":[{"href":"https:\/\/www.raxxa.com\/fr\/wp-json\/wp\/v2\/product"}],"about":[{"href":"https:\/\/www.raxxa.com\/fr\/wp-json\/wp\/v2\/types\/product"}],"replies":[{"embeddable":true,"href":"https:\/\/www.raxxa.com\/fr\/wp-json\/wp\/v2\/comments?post=228084"}],"wp:featuredmedia":[{"embeddable":true,"href":"https:\/\/www.raxxa.com\/fr\/wp-json\/wp\/v2\/media\/247741"}],"wp:attachment":[{"href":"https:\/\/www.raxxa.com\/fr\/wp-json\/wp\/v2\/media?parent=228084"}],"wp:term":[{"taxonomy":"product_brand","embeddable":true,"href":"https:\/\/www.raxxa.com\/fr\/wp-json\/wp\/v2\/product_brand?post=228084"},{"taxonomy":"product_cat","embeddable":true,"href":"https:\/\/www.raxxa.com\/fr\/wp-json\/wp\/v2\/product_cat?post=228084"},{"taxonomy":"product_tag","embeddable":true,"href":"https:\/\/www.raxxa.com\/fr\/wp-json\/wp\/v2\/product_tag?post=228084"}],"curies":[{"name":"wp","href":"https:\/\/api.w.org\/{rel}","templated":true}]}}