{"id":226252,"date":"2025-05-13T23:05:42","date_gmt":"2025-05-13T21:05:42","guid":{"rendered":"https:\/\/www.raxxa.com\/shop\/raxxa-premium-tasse-urbaner-goldschimmer\/"},"modified":"2025-08-25T09:00:28","modified_gmt":"2025-08-25T07:00:28","slug":"raxxa-premium-tasse-urbaner-goldschimmer","status":"publish","type":"product","link":"https:\/\/www.raxxa.com\/fr\/shop\/raxxa-premium-tasse-urbaner-goldschimmer\/","title":{"rendered":"raxxa Premium-Tasse: Urbaner Goldschimmer"},"content":{"rendered":"<h3><strong>\"\u00c9clats d'or urbains\" by Uta Naumann<\/strong><\/h3>\n<p><strong><\/strong><\/p>\n<p>Sur ce tableau abstrait Dandelion de style moderne, des \u00e9l\u00e9ments dor\u00e9s et grunge se fondent en une composition fascinante. Dans le contre-jour urbain, les pissenlits et les graines brillent d'un or scintillant qui forme un contraste frappant avec l'obscurit\u00e9 enfum\u00e9e de la grande ville. La repr\u00e9sentation minimaliste conf\u00e8re \u00e0 l'image une \u00e9l\u00e9gance contemporaine, tandis que les accents dor\u00e9s cr\u00e9ent une atmosph\u00e8re chaleureuse, presque magique. Cette \u0153uvre d'art invite le spectateur \u00e0 se plonger dans la dualit\u00e9 entre l'urbanit\u00e9 et la nature, la lumi\u00e8re et l'obscurit\u00e9, et \u00e0 explorer la po\u00e9sie dans le contraste.<\/p>\n<p>&nbsp;<\/p>\n<ul><li>DIMENSIONEN: Mit Ma\u00dfen von H\u00f6he: 95 mm, \u00d8 80 mm und einer Kapazit\u00e4t von ca. 330ml ist sie die ideale Wahl f\u00fcr jeden Kaffeeliebhaber oder Teetrinker.<\/li><li>LANGLEBIG: Diese weisse Keramik-Tasse ist sowohl sp\u00fclmaschinen- als auch mikrowellenfest.<\/li><li>SPEZIELL: Jedes St\u00fcck ist ein ganz besonderes individuelles Produkt und wird erst nach der Bestellung extra f\u00fcr Sie mit Ihrem Wunschmotiv angefertigt.<\/li><li>ECHTES HANDWERK: Die Tassen werden mit Sorgfalt in Deutschland bedruckt, garantieren Langlebigkeit der Designs und sind das perfekte Geschenk.<\/li><li>UNTERST\u00dcTZUNG: Mit Ihrem Kauf eines raxxa-Produkts wird direkt ein K\u00fcnstler aus unserer raxxa-Community von aktuell \u00fcber 200 K\u00fcnstlern \/ Designern \/ Fotografen unterst\u00fctzt.<\/li><\/ul>","protected":false},"excerpt":{"rendered":"<p>&quot;Urbaner Goldschimmer&quot; by Uta Naumann Auf diesem abstrakten Dandelion-Bild im modernen Stil verschmelzen goldene und grunge Elemente zu einer faszinierenden Komposition. Im urbanen Gegenlicht erstrahlen die Pusteblumen und Samen in einem glitzernden Gold, das einen auff\u00e4lligen Kontrast zur rauchigen Dunkelheit der Gro\u00dfstadt bildet. Die minimalistische Darstellung verleiht dem Bild eine zeitgen\u00f6ssische Eleganz, w\u00e4hrend die goldenen [&hellip;]<\/p>\n","protected":false},"featured_media":237721,"comment_status":"open","ping_status":"closed","template":"","meta":[],"product_brand":[],"product_cat":[136,11218,11606],"product_tag":[11237],"class_list":{"0":"post-226252","1":"product","2":"type-product","3":"status-publish","4":"has-post-thumbnail","6":"product_cat-natur","7":"product_cat-uta-naumann","8":"product_cat-tassen","9":"product_tag-blume-loewenzahn-pusteblume-floral-botanisch-natur-abstrakt-modern-zeitgenoessisch-minimalistisch-urban-illustration-lounge-lobby-sommer-gold-grunge-metal","10":"product_shipping_class-versand-tassen","12":"first","13":"instock","14":"taxable","15":"shipping-taxable","16":"purchasable","17":"product-type-simple"},"yoast_head":"<!-- This site is optimized with the Yoast SEO Premium plugin v27.5 (Yoast SEO v27.6) - https:\/\/yoast.com\/product\/yoast-seo-premium-wordpress\/ -->\n<title>raxxa Premium-Tasse: Urbaner Goldschimmer - raxxa<\/title>\n<meta name=\"robots\" content=\"index, follow, max-snippet:-1, max-image-preview:large, max-video-preview:-1\" \/>\n<link rel=\"canonical\" href=\"https:\/\/www.raxxa.com\/fr\/shop\/raxxa-premium-tasse-urbaner-goldschimmer\/\" \/>\n<meta property=\"og:locale\" content=\"fr_FR\" \/>\n<meta property=\"og:type\" content=\"article\" \/>\n<meta property=\"og:title\" content=\"raxxa Premium-Tasse: Urbaner Goldschimmer\" \/>\n<meta property=\"og:description\" content=\"&quot;Urbaner Goldschimmer&quot; by Uta Naumann Auf diesem abstrakten Dandelion-Bild im modernen Stil verschmelzen goldene und grunge Elemente zu einer faszinierenden Komposition. Im urbanen Gegenlicht erstrahlen die Pusteblumen und Samen in einem glitzernden Gold, das einen auff\u00e4lligen Kontrast zur rauchigen Dunkelheit der Gro\u00dfstadt bildet. Die minimalistische Darstellung verleiht dem Bild eine zeitgen\u00f6ssische Eleganz, w\u00e4hrend die goldenen [&hellip;]\" \/>\n<meta property=\"og:url\" content=\"https:\/\/www.raxxa.com\/fr\/shop\/raxxa-premium-tasse-urbaner-goldschimmer\/\" \/>\n<meta property=\"og:site_name\" content=\"raxxa\" \/>\n<meta property=\"article:publisher\" content=\"https:\/\/facebook.com\/raxxacom\" \/>\n<meta property=\"article:modified_time\" content=\"2025-08-25T07:00:28+00:00\" \/>\n<meta name=\"twitter:card\" content=\"summary_large_image\" \/>\n<meta name=\"twitter:label1\" content=\"Prix\" \/>\n\t<meta name=\"twitter:data1\" content=\"&euro;14,90\" \/>\n\t<meta name=\"twitter:label2\" content=\"Disponibilit\u00e9\" \/>\n\t<meta name=\"twitter:data2\" content=\"En stock\" \/>\n<script type=\"application\/ld+json\" class=\"yoast-schema-graph\">{\"@context\":\"https:\\\/\\\/schema.org\",\"@graph\":[{\"@type\":[\"WebPage\",\"ItemPage\"],\"@id\":\"https:\\\/\\\/www.raxxa.com\\\/shop\\\/raxxa-premium-tasse-urbaner-goldschimmer\\\/\",\"url\":\"https:\\\/\\\/www.raxxa.com\\\/shop\\\/raxxa-premium-tasse-urbaner-goldschimmer\\\/\",\"name\":\"raxxa Premium-Tasse: Urbaner Goldschimmer - raxxa\",\"isPartOf\":{\"@id\":\"https:\\\/\\\/www.raxxa.com\\\/#website\"},\"primaryImageOfPage\":{\"@id\":\"https:\\\/\\\/www.raxxa.com\\\/shop\\\/raxxa-premium-tasse-urbaner-goldschimmer\\\/#primaryimage\"},\"image\":{\"@id\":\"https:\\\/\\\/www.raxxa.com\\\/shop\\\/raxxa-premium-tasse-urbaner-goldschimmer\\\/#primaryimage\"},\"thumbnailUrl\":\"https:\\\/\\\/www.raxxa.com\\\/wp-content\\\/uploads\\\/2025\\\/08\\\/raxxa-Tasse-282-7340-143-Uta-Naumann-Urbaner-Goldschimmer-1-scaled.png\",\"datePublished\":\"2025-05-13T21:05:42+00:00\",\"dateModified\":\"2025-08-25T07:00:28+00:00\",\"breadcrumb\":{\"@id\":\"https:\\\/\\\/www.raxxa.com\\\/shop\\\/raxxa-premium-tasse-urbaner-goldschimmer\\\/#breadcrumb\"},\"inLanguage\":\"fr-FR\",\"potentialAction\":[{\"@type\":\"ReadAction\",\"target\":[\"https:\\\/\\\/www.raxxa.com\\\/shop\\\/raxxa-premium-tasse-urbaner-goldschimmer\\\/\"]}]},{\"@type\":\"ImageObject\",\"inLanguage\":\"fr-FR\",\"@id\":\"https:\\\/\\\/www.raxxa.com\\\/shop\\\/raxxa-premium-tasse-urbaner-goldschimmer\\\/#primaryimage\",\"url\":\"https:\\\/\\\/www.raxxa.com\\\/wp-content\\\/uploads\\\/2025\\\/08\\\/raxxa-Tasse-282-7340-143-Uta-Naumann-Urbaner-Goldschimmer-1-scaled.png\",\"contentUrl\":\"https:\\\/\\\/www.raxxa.com\\\/wp-content\\\/uploads\\\/2025\\\/08\\\/raxxa-Tasse-282-7340-143-Uta-Naumann-Urbaner-Goldschimmer-1-scaled.png\",\"width\":2560,\"height\":2560},{\"@type\":\"BreadcrumbList\",\"@id\":\"https:\\\/\\\/www.raxxa.com\\\/shop\\\/raxxa-premium-tasse-urbaner-goldschimmer\\\/#breadcrumb\",\"itemListElement\":[{\"@type\":\"ListItem\",\"position\":1,\"name\":\"Startseite\",\"item\":\"https:\\\/\\\/www.raxxa.com\\\/\"},{\"@type\":\"ListItem\",\"position\":2,\"name\":\"Shop\",\"item\":\"https:\\\/\\\/www.raxxa.com\\\/it\\\/shop\\\/\"},{\"@type\":\"ListItem\",\"position\":3,\"name\":\"raxxa Premium-Tasse: Urbaner Goldschimmer\"}]},{\"@type\":\"WebSite\",\"@id\":\"https:\\\/\\\/www.raxxa.com\\\/#website\",\"url\":\"https:\\\/\\\/www.raxxa.com\\\/\",\"name\":\"raxxa\",\"description\":\"Einzigartige individuelle Produkte von unseren Designern\",\"publisher\":{\"@id\":\"https:\\\/\\\/www.raxxa.com\\\/#organization\"},\"potentialAction\":[{\"@type\":\"SearchAction\",\"target\":{\"@type\":\"EntryPoint\",\"urlTemplate\":\"https:\\\/\\\/www.raxxa.com\\\/?s={search_term_string}\"},\"query-input\":{\"@type\":\"PropertyValueSpecification\",\"valueRequired\":true,\"valueName\":\"search_term_string\"}}],\"inLanguage\":\"fr-FR\"},{\"@type\":\"Organization\",\"@id\":\"https:\\\/\\\/www.raxxa.com\\\/#organization\",\"name\":\"raxxa\",\"url\":\"https:\\\/\\\/www.raxxa.com\\\/\",\"logo\":{\"@type\":\"ImageObject\",\"inLanguage\":\"fr-FR\",\"@id\":\"https:\\\/\\\/www.raxxa.com\\\/#\\\/schema\\\/logo\\\/image\\\/\",\"url\":\"https:\\\/\\\/www.raxxa.com\\\/wp-content\\\/uploads\\\/2022\\\/07\\\/logo_v2.png\",\"contentUrl\":\"https:\\\/\\\/www.raxxa.com\\\/wp-content\\\/uploads\\\/2022\\\/07\\\/logo_v2.png\",\"width\":380,\"height\":382,\"caption\":\"raxxa\"},\"image\":{\"@id\":\"https:\\\/\\\/www.raxxa.com\\\/#\\\/schema\\\/logo\\\/image\\\/\"},\"sameAs\":[\"https:\\\/\\\/facebook.com\\\/raxxacom\"]}]}<\/script>\n<meta property=\"product:price:amount\" content=\"14.90\" \/>\n<meta property=\"product:price:currency\" content=\"EUR\" \/>\n<meta property=\"og:availability\" content=\"instock\" \/>\n<meta property=\"product:availability\" content=\"instock\" \/>\n<meta property=\"product:retailer_item_id\" content=\"1-14518-7340-282\" \/>\n<meta property=\"product:condition\" content=\"new\" \/>\n<!-- \/ Yoast SEO Premium plugin. -->","yoast_head_json":{"title":"raxxa Premium-Tasse: Urbaner Goldschimmer - raxxa","robots":{"index":"index","follow":"follow","max-snippet":"max-snippet:-1","max-image-preview":"max-image-preview:large","max-video-preview":"max-video-preview:-1"},"canonical":"https:\/\/www.raxxa.com\/fr\/shop\/raxxa-premium-tasse-urbaner-goldschimmer\/","og_locale":"fr_FR","og_type":"article","og_title":"raxxa Premium-Tasse: Urbaner Goldschimmer","og_description":"&quot;Urbaner Goldschimmer&quot; by Uta Naumann Auf diesem abstrakten Dandelion-Bild im modernen Stil verschmelzen goldene und grunge Elemente zu einer faszinierenden Komposition. Im urbanen Gegenlicht erstrahlen die Pusteblumen und Samen in einem glitzernden Gold, das einen auff\u00e4lligen Kontrast zur rauchigen Dunkelheit der Gro\u00dfstadt bildet. Die minimalistische Darstellung verleiht dem Bild eine zeitgen\u00f6ssische Eleganz, w\u00e4hrend die goldenen [&hellip;]","og_url":"https:\/\/www.raxxa.com\/fr\/shop\/raxxa-premium-tasse-urbaner-goldschimmer\/","og_site_name":"raxxa","article_publisher":"https:\/\/facebook.com\/raxxacom","article_modified_time":"2025-08-25T07:00:28+00:00","twitter_card":"summary_large_image","twitter_misc":{"Prix":"&euro;14,90","Disponibilit\u00e9":"En stock"},"schema":{"@context":"https:\/\/schema.org","@graph":[{"@type":["WebPage","ItemPage"],"@id":"https:\/\/www.raxxa.com\/shop\/raxxa-premium-tasse-urbaner-goldschimmer\/","url":"https:\/\/www.raxxa.com\/shop\/raxxa-premium-tasse-urbaner-goldschimmer\/","name":"raxxa Premium-Tasse: Urbaner Goldschimmer - raxxa","isPartOf":{"@id":"https:\/\/www.raxxa.com\/#website"},"primaryImageOfPage":{"@id":"https:\/\/www.raxxa.com\/shop\/raxxa-premium-tasse-urbaner-goldschimmer\/#primaryimage"},"image":{"@id":"https:\/\/www.raxxa.com\/shop\/raxxa-premium-tasse-urbaner-goldschimmer\/#primaryimage"},"thumbnailUrl":"https:\/\/www.raxxa.com\/wp-content\/uploads\/2025\/08\/raxxa-Tasse-282-7340-143-Uta-Naumann-Urbaner-Goldschimmer-1-scaled.png","datePublished":"2025-05-13T21:05:42+00:00","dateModified":"2025-08-25T07:00:28+00:00","breadcrumb":{"@id":"https:\/\/www.raxxa.com\/shop\/raxxa-premium-tasse-urbaner-goldschimmer\/#breadcrumb"},"inLanguage":"fr-FR","potentialAction":[{"@type":"ReadAction","target":["https:\/\/www.raxxa.com\/shop\/raxxa-premium-tasse-urbaner-goldschimmer\/"]}]},{"@type":"ImageObject","inLanguage":"fr-FR","@id":"https:\/\/www.raxxa.com\/shop\/raxxa-premium-tasse-urbaner-goldschimmer\/#primaryimage","url":"https:\/\/www.raxxa.com\/wp-content\/uploads\/2025\/08\/raxxa-Tasse-282-7340-143-Uta-Naumann-Urbaner-Goldschimmer-1-scaled.png","contentUrl":"https:\/\/www.raxxa.com\/wp-content\/uploads\/2025\/08\/raxxa-Tasse-282-7340-143-Uta-Naumann-Urbaner-Goldschimmer-1-scaled.png","width":2560,"height":2560},{"@type":"BreadcrumbList","@id":"https:\/\/www.raxxa.com\/shop\/raxxa-premium-tasse-urbaner-goldschimmer\/#breadcrumb","itemListElement":[{"@type":"ListItem","position":1,"name":"Startseite","item":"https:\/\/www.raxxa.com\/"},{"@type":"ListItem","position":2,"name":"Shop","item":"https:\/\/www.raxxa.com\/it\/shop\/"},{"@type":"ListItem","position":3,"name":"raxxa Premium-Tasse: Urbaner Goldschimmer"}]},{"@type":"WebSite","@id":"https:\/\/www.raxxa.com\/#website","url":"https:\/\/www.raxxa.com\/","name":"raxxa","description":"Des produits uniques et personnalis\u00e9s cr\u00e9\u00e9s par nos designers","publisher":{"@id":"https:\/\/www.raxxa.com\/#organization"},"potentialAction":[{"@type":"SearchAction","target":{"@type":"EntryPoint","urlTemplate":"https:\/\/www.raxxa.com\/?s={search_term_string}"},"query-input":{"@type":"PropertyValueSpecification","valueRequired":true,"valueName":"search_term_string"}}],"inLanguage":"fr-FR"},{"@type":"Organization","@id":"https:\/\/www.raxxa.com\/#organization","name":"raxxa","url":"https:\/\/www.raxxa.com\/","logo":{"@type":"ImageObject","inLanguage":"fr-FR","@id":"https:\/\/www.raxxa.com\/#\/schema\/logo\/image\/","url":"https:\/\/www.raxxa.com\/wp-content\/uploads\/2022\/07\/logo_v2.png","contentUrl":"https:\/\/www.raxxa.com\/wp-content\/uploads\/2022\/07\/logo_v2.png","width":380,"height":382,"caption":"raxxa"},"image":{"@id":"https:\/\/www.raxxa.com\/#\/schema\/logo\/image\/"},"sameAs":["https:\/\/facebook.com\/raxxacom"]}]},"product_price_amount":"14.90","product_price_currency":"EUR","og_availability":"instock","product_availability":"instock","product_retailer_item_id":"1-14518-7340-282","product_condition":"new"},"jetpack_sharing_enabled":true,"_links":{"self":[{"href":"https:\/\/www.raxxa.com\/fr\/wp-json\/wp\/v2\/product\/226252","targetHints":{"allow":["GET"]}}],"collection":[{"href":"https:\/\/www.raxxa.com\/fr\/wp-json\/wp\/v2\/product"}],"about":[{"href":"https:\/\/www.raxxa.com\/fr\/wp-json\/wp\/v2\/types\/product"}],"replies":[{"embeddable":true,"href":"https:\/\/www.raxxa.com\/fr\/wp-json\/wp\/v2\/comments?post=226252"}],"wp:featuredmedia":[{"embeddable":true,"href":"https:\/\/www.raxxa.com\/fr\/wp-json\/wp\/v2\/media\/237721"}],"wp:attachment":[{"href":"https:\/\/www.raxxa.com\/fr\/wp-json\/wp\/v2\/media?parent=226252"}],"wp:term":[{"taxonomy":"product_brand","embeddable":true,"href":"https:\/\/www.raxxa.com\/fr\/wp-json\/wp\/v2\/product_brand?post=226252"},{"taxonomy":"product_cat","embeddable":true,"href":"https:\/\/www.raxxa.com\/fr\/wp-json\/wp\/v2\/product_cat?post=226252"},{"taxonomy":"product_tag","embeddable":true,"href":"https:\/\/www.raxxa.com\/fr\/wp-json\/wp\/v2\/product_tag?post=226252"}],"curies":[{"name":"wp","href":"https:\/\/api.w.org\/{rel}","templated":true}]}}