{"id":225496,"date":"2025-05-09T13:37:15","date_gmt":"2025-05-09T11:37:15","guid":{"rendered":"https:\/\/www.raxxa.com\/shop\/raxxa-premium-tasse-fjordlicht\/"},"modified":"2025-11-02T12:37:36","modified_gmt":"2025-11-02T10:37:36","slug":"raxxa-premium-tasse-fjordlicht","status":"publish","type":"product","link":"https:\/\/www.raxxa.com\/fr\/shop\/raxxa-premium-tasse-fjordlicht\/","title":{"rendered":"raxxa Premium-Tasse: Fjordlicht"},"content":{"rendered":"<h3><strong>\"Fjordlicht\" by Ralf Lehmann<\/strong><\/h3>\n<p><strong><\/strong><\/p>\n<p>Vue sur le bras d'un fjord en Norv\u00e8ge, l'image montre un paysage tr\u00e8s typique pour la r\u00e9gion, au premier plan une for\u00eat dense dans diff\u00e9rentes nuances de vert, de hautes montagnes partiellement enneig\u00e9es bordent l'eau, un ciel bleu avec des nuages, prise de vue au printemps - Location Norv\u00e8ge, Vestland<\/p>\n<p>&nbsp;<\/p>\n<ul><li>DIMENSIONEN: Mit Ma\u00dfen von H\u00f6he: 95 mm, \u00d8 80 mm und einer Kapazit\u00e4t von ca. 330ml ist sie die ideale Wahl f\u00fcr jeden Kaffeeliebhaber oder Teetrinker.<\/li><li>LANGLEBIG: Diese weisse Keramik-Tasse ist sowohl sp\u00fclmaschinen- als auch mikrowellenfest.<\/li><li>SPEZIELL: Jedes St\u00fcck ist ein ganz besonderes individuelles Produkt und wird erst nach der Bestellung extra f\u00fcr Sie mit Ihrem Wunschmotiv angefertigt.<\/li><li>ECHTES HANDWERK: Die Tassen werden mit Sorgfalt in Deutschland bedruckt, garantieren Langlebigkeit der Designs und sind das perfekte Geschenk.<\/li><li>UNTERST\u00dcTZUNG: Mit Ihrem Kauf eines raxxa-Produkts wird direkt ein K\u00fcnstler aus unserer raxxa-Community von aktuell \u00fcber 200 K\u00fcnstlern \/ Designern \/ Fotografen unterst\u00fctzt.<\/li><\/ul>","protected":false},"excerpt":{"rendered":"<p>&quot;Fjordlicht&quot; by Ralf Lehmann Ausblick \u00fcber den Arm eines Fjords in Norwegen, das Bild zeigt eine f\u00fcr die Gegend sehr typische Landschaft, im Vordergrund dichter Wald in unterschiedlichen Gr\u00fcnt\u00f6nen, hohe teilweise schneebedeckte Berge s\u00e4umen das Wasser, blauer Himmel mit Wolken, Aufnahme im Fr\u00fchling &#8211; Location Norwegen, Vestland &nbsp;<\/p>","protected":false},"featured_media":248229,"comment_status":"open","ping_status":"closed","template":"","meta":[],"product_brand":[],"product_cat":[10351,136,11606],"product_tag":[],"class_list":{"0":"post-225496","1":"product","2":"type-product","3":"status-publish","4":"has-post-thumbnail","6":"product_cat-ralf-lehmann","7":"product_cat-natur","8":"product_cat-tassen","9":"product_shipping_class-versand-tassen","11":"first","12":"instock","13":"taxable","14":"shipping-taxable","15":"purchasable","16":"product-type-simple"},"yoast_head":"<!-- This site is optimized with the Yoast SEO Premium plugin v27.5 (Yoast SEO v27.6) - https:\/\/yoast.com\/product\/yoast-seo-premium-wordpress\/ -->\n<title>raxxa Premium-Tasse: Fjordlicht - raxxa<\/title>\n<meta name=\"robots\" content=\"index, follow, max-snippet:-1, max-image-preview:large, max-video-preview:-1\" \/>\n<link rel=\"canonical\" href=\"https:\/\/www.raxxa.com\/fr\/shop\/raxxa-premium-tasse-fjordlicht\/\" \/>\n<meta property=\"og:locale\" content=\"fr_FR\" \/>\n<meta property=\"og:type\" content=\"article\" \/>\n<meta property=\"og:title\" content=\"raxxa Premium-Tasse: Fjordlicht\" \/>\n<meta property=\"og:description\" content=\"&quot;Fjordlicht&quot; by Ralf Lehmann Ausblick \u00fcber den Arm eines Fjords in Norwegen, das Bild zeigt eine f\u00fcr die Gegend sehr typische Landschaft, im Vordergrund dichter Wald in unterschiedlichen Gr\u00fcnt\u00f6nen, hohe teilweise schneebedeckte Berge s\u00e4umen das Wasser, blauer Himmel mit Wolken, Aufnahme im Fr\u00fchling &#8211; Location Norwegen, Vestland &nbsp;\" \/>\n<meta property=\"og:url\" content=\"https:\/\/www.raxxa.com\/fr\/shop\/raxxa-premium-tasse-fjordlicht\/\" \/>\n<meta property=\"og:site_name\" content=\"raxxa\" \/>\n<meta property=\"article:publisher\" content=\"https:\/\/facebook.com\/raxxacom\" \/>\n<meta property=\"article:modified_time\" content=\"2025-11-02T10:37:36+00:00\" \/>\n<meta name=\"twitter:card\" content=\"summary_large_image\" \/>\n<meta name=\"twitter:label1\" content=\"Prix\" \/>\n\t<meta name=\"twitter:data1\" content=\"&euro;18,90\" \/>\n\t<meta name=\"twitter:label2\" content=\"Disponibilit\u00e9\" \/>\n\t<meta name=\"twitter:data2\" content=\"En stock\" \/>\n<script type=\"application\/ld+json\" class=\"yoast-schema-graph\">{\"@context\":\"https:\\\/\\\/schema.org\",\"@graph\":[{\"@type\":[\"WebPage\",\"ItemPage\"],\"@id\":\"https:\\\/\\\/www.raxxa.com\\\/shop\\\/raxxa-premium-tasse-fjordlicht\\\/\",\"url\":\"https:\\\/\\\/www.raxxa.com\\\/shop\\\/raxxa-premium-tasse-fjordlicht\\\/\",\"name\":\"raxxa Premium-Tasse: Fjordlicht - raxxa\",\"isPartOf\":{\"@id\":\"https:\\\/\\\/www.raxxa.com\\\/#website\"},\"primaryImageOfPage\":{\"@id\":\"https:\\\/\\\/www.raxxa.com\\\/shop\\\/raxxa-premium-tasse-fjordlicht\\\/#primaryimage\"},\"image\":{\"@id\":\"https:\\\/\\\/www.raxxa.com\\\/shop\\\/raxxa-premium-tasse-fjordlicht\\\/#primaryimage\"},\"thumbnailUrl\":\"https:\\\/\\\/www.raxxa.com\\\/wp-content\\\/uploads\\\/2025\\\/05\\\/raxxa-Tasse-218-6810-143-Ralf-Lehmann-Fjordlicht-1-scaled.jpg\",\"datePublished\":\"2025-05-09T11:37:15+00:00\",\"dateModified\":\"2025-11-02T10:37:36+00:00\",\"breadcrumb\":{\"@id\":\"https:\\\/\\\/www.raxxa.com\\\/shop\\\/raxxa-premium-tasse-fjordlicht\\\/#breadcrumb\"},\"inLanguage\":\"fr-FR\",\"potentialAction\":[{\"@type\":\"ReadAction\",\"target\":[\"https:\\\/\\\/www.raxxa.com\\\/shop\\\/raxxa-premium-tasse-fjordlicht\\\/\"]}]},{\"@type\":\"ImageObject\",\"inLanguage\":\"fr-FR\",\"@id\":\"https:\\\/\\\/www.raxxa.com\\\/shop\\\/raxxa-premium-tasse-fjordlicht\\\/#primaryimage\",\"url\":\"https:\\\/\\\/www.raxxa.com\\\/wp-content\\\/uploads\\\/2025\\\/05\\\/raxxa-Tasse-218-6810-143-Ralf-Lehmann-Fjordlicht-1-scaled.jpg\",\"contentUrl\":\"https:\\\/\\\/www.raxxa.com\\\/wp-content\\\/uploads\\\/2025\\\/05\\\/raxxa-Tasse-218-6810-143-Ralf-Lehmann-Fjordlicht-1-scaled.jpg\",\"width\":2560,\"height\":2560},{\"@type\":\"BreadcrumbList\",\"@id\":\"https:\\\/\\\/www.raxxa.com\\\/shop\\\/raxxa-premium-tasse-fjordlicht\\\/#breadcrumb\",\"itemListElement\":[{\"@type\":\"ListItem\",\"position\":1,\"name\":\"Startseite\",\"item\":\"https:\\\/\\\/www.raxxa.com\\\/\"},{\"@type\":\"ListItem\",\"position\":2,\"name\":\"Shop\",\"item\":\"https:\\\/\\\/www.raxxa.com\\\/it\\\/shop\\\/\"},{\"@type\":\"ListItem\",\"position\":3,\"name\":\"raxxa Premium-Tasse: Fjordlicht\"}]},{\"@type\":\"WebSite\",\"@id\":\"https:\\\/\\\/www.raxxa.com\\\/#website\",\"url\":\"https:\\\/\\\/www.raxxa.com\\\/\",\"name\":\"raxxa\",\"description\":\"Einzigartige individuelle Produkte von unseren Designern\",\"publisher\":{\"@id\":\"https:\\\/\\\/www.raxxa.com\\\/#organization\"},\"potentialAction\":[{\"@type\":\"SearchAction\",\"target\":{\"@type\":\"EntryPoint\",\"urlTemplate\":\"https:\\\/\\\/www.raxxa.com\\\/?s={search_term_string}\"},\"query-input\":{\"@type\":\"PropertyValueSpecification\",\"valueRequired\":true,\"valueName\":\"search_term_string\"}}],\"inLanguage\":\"fr-FR\"},{\"@type\":\"Organization\",\"@id\":\"https:\\\/\\\/www.raxxa.com\\\/#organization\",\"name\":\"raxxa\",\"url\":\"https:\\\/\\\/www.raxxa.com\\\/\",\"logo\":{\"@type\":\"ImageObject\",\"inLanguage\":\"fr-FR\",\"@id\":\"https:\\\/\\\/www.raxxa.com\\\/#\\\/schema\\\/logo\\\/image\\\/\",\"url\":\"https:\\\/\\\/www.raxxa.com\\\/wp-content\\\/uploads\\\/2022\\\/07\\\/logo_v2.png\",\"contentUrl\":\"https:\\\/\\\/www.raxxa.com\\\/wp-content\\\/uploads\\\/2022\\\/07\\\/logo_v2.png\",\"width\":380,\"height\":382,\"caption\":\"raxxa\"},\"image\":{\"@id\":\"https:\\\/\\\/www.raxxa.com\\\/#\\\/schema\\\/logo\\\/image\\\/\"},\"sameAs\":[\"https:\\\/\\\/facebook.com\\\/raxxacom\"]}]}<\/script>\n<meta property=\"product:price:amount\" content=\"18.90\" \/>\n<meta property=\"product:price:currency\" content=\"EUR\" \/>\n<meta property=\"og:availability\" content=\"instock\" \/>\n<meta property=\"product:availability\" content=\"instock\" \/>\n<meta property=\"product:retailer_item_id\" content=\"1-14518-6810-218\" \/>\n<meta property=\"product:condition\" content=\"new\" \/>\n<!-- \/ Yoast SEO Premium plugin. -->","yoast_head_json":{"title":"raxxa Premium-Tasse: Fjordlicht - raxxa","robots":{"index":"index","follow":"follow","max-snippet":"max-snippet:-1","max-image-preview":"max-image-preview:large","max-video-preview":"max-video-preview:-1"},"canonical":"https:\/\/www.raxxa.com\/fr\/shop\/raxxa-premium-tasse-fjordlicht\/","og_locale":"fr_FR","og_type":"article","og_title":"raxxa Premium-Tasse: Fjordlicht","og_description":"&quot;Fjordlicht&quot; by Ralf Lehmann Ausblick \u00fcber den Arm eines Fjords in Norwegen, das Bild zeigt eine f\u00fcr die Gegend sehr typische Landschaft, im Vordergrund dichter Wald in unterschiedlichen Gr\u00fcnt\u00f6nen, hohe teilweise schneebedeckte Berge s\u00e4umen das Wasser, blauer Himmel mit Wolken, Aufnahme im Fr\u00fchling &#8211; Location Norwegen, Vestland &nbsp;","og_url":"https:\/\/www.raxxa.com\/fr\/shop\/raxxa-premium-tasse-fjordlicht\/","og_site_name":"raxxa","article_publisher":"https:\/\/facebook.com\/raxxacom","article_modified_time":"2025-11-02T10:37:36+00:00","twitter_card":"summary_large_image","twitter_misc":{"Prix":"&euro;18,90","Disponibilit\u00e9":"En stock"},"schema":{"@context":"https:\/\/schema.org","@graph":[{"@type":["WebPage","ItemPage"],"@id":"https:\/\/www.raxxa.com\/shop\/raxxa-premium-tasse-fjordlicht\/","url":"https:\/\/www.raxxa.com\/shop\/raxxa-premium-tasse-fjordlicht\/","name":"raxxa Premium-Tasse: Fjordlicht - raxxa","isPartOf":{"@id":"https:\/\/www.raxxa.com\/#website"},"primaryImageOfPage":{"@id":"https:\/\/www.raxxa.com\/shop\/raxxa-premium-tasse-fjordlicht\/#primaryimage"},"image":{"@id":"https:\/\/www.raxxa.com\/shop\/raxxa-premium-tasse-fjordlicht\/#primaryimage"},"thumbnailUrl":"https:\/\/www.raxxa.com\/wp-content\/uploads\/2025\/05\/raxxa-Tasse-218-6810-143-Ralf-Lehmann-Fjordlicht-1-scaled.jpg","datePublished":"2025-05-09T11:37:15+00:00","dateModified":"2025-11-02T10:37:36+00:00","breadcrumb":{"@id":"https:\/\/www.raxxa.com\/shop\/raxxa-premium-tasse-fjordlicht\/#breadcrumb"},"inLanguage":"fr-FR","potentialAction":[{"@type":"ReadAction","target":["https:\/\/www.raxxa.com\/shop\/raxxa-premium-tasse-fjordlicht\/"]}]},{"@type":"ImageObject","inLanguage":"fr-FR","@id":"https:\/\/www.raxxa.com\/shop\/raxxa-premium-tasse-fjordlicht\/#primaryimage","url":"https:\/\/www.raxxa.com\/wp-content\/uploads\/2025\/05\/raxxa-Tasse-218-6810-143-Ralf-Lehmann-Fjordlicht-1-scaled.jpg","contentUrl":"https:\/\/www.raxxa.com\/wp-content\/uploads\/2025\/05\/raxxa-Tasse-218-6810-143-Ralf-Lehmann-Fjordlicht-1-scaled.jpg","width":2560,"height":2560},{"@type":"BreadcrumbList","@id":"https:\/\/www.raxxa.com\/shop\/raxxa-premium-tasse-fjordlicht\/#breadcrumb","itemListElement":[{"@type":"ListItem","position":1,"name":"Startseite","item":"https:\/\/www.raxxa.com\/"},{"@type":"ListItem","position":2,"name":"Shop","item":"https:\/\/www.raxxa.com\/it\/shop\/"},{"@type":"ListItem","position":3,"name":"raxxa Premium-Tasse: Fjordlicht"}]},{"@type":"WebSite","@id":"https:\/\/www.raxxa.com\/#website","url":"https:\/\/www.raxxa.com\/","name":"raxxa","description":"Des produits uniques et personnalis\u00e9s cr\u00e9\u00e9s par nos designers","publisher":{"@id":"https:\/\/www.raxxa.com\/#organization"},"potentialAction":[{"@type":"SearchAction","target":{"@type":"EntryPoint","urlTemplate":"https:\/\/www.raxxa.com\/?s={search_term_string}"},"query-input":{"@type":"PropertyValueSpecification","valueRequired":true,"valueName":"search_term_string"}}],"inLanguage":"fr-FR"},{"@type":"Organization","@id":"https:\/\/www.raxxa.com\/#organization","name":"raxxa","url":"https:\/\/www.raxxa.com\/","logo":{"@type":"ImageObject","inLanguage":"fr-FR","@id":"https:\/\/www.raxxa.com\/#\/schema\/logo\/image\/","url":"https:\/\/www.raxxa.com\/wp-content\/uploads\/2022\/07\/logo_v2.png","contentUrl":"https:\/\/www.raxxa.com\/wp-content\/uploads\/2022\/07\/logo_v2.png","width":380,"height":382,"caption":"raxxa"},"image":{"@id":"https:\/\/www.raxxa.com\/#\/schema\/logo\/image\/"},"sameAs":["https:\/\/facebook.com\/raxxacom"]}]},"product_price_amount":"18.90","product_price_currency":"EUR","og_availability":"instock","product_availability":"instock","product_retailer_item_id":"1-14518-6810-218","product_condition":"new"},"jetpack_sharing_enabled":true,"_links":{"self":[{"href":"https:\/\/www.raxxa.com\/fr\/wp-json\/wp\/v2\/product\/225496","targetHints":{"allow":["GET"]}}],"collection":[{"href":"https:\/\/www.raxxa.com\/fr\/wp-json\/wp\/v2\/product"}],"about":[{"href":"https:\/\/www.raxxa.com\/fr\/wp-json\/wp\/v2\/types\/product"}],"replies":[{"embeddable":true,"href":"https:\/\/www.raxxa.com\/fr\/wp-json\/wp\/v2\/comments?post=225496"}],"wp:featuredmedia":[{"embeddable":true,"href":"https:\/\/www.raxxa.com\/fr\/wp-json\/wp\/v2\/media\/248229"}],"wp:attachment":[{"href":"https:\/\/www.raxxa.com\/fr\/wp-json\/wp\/v2\/media?parent=225496"}],"wp:term":[{"taxonomy":"product_brand","embeddable":true,"href":"https:\/\/www.raxxa.com\/fr\/wp-json\/wp\/v2\/product_brand?post=225496"},{"taxonomy":"product_cat","embeddable":true,"href":"https:\/\/www.raxxa.com\/fr\/wp-json\/wp\/v2\/product_cat?post=225496"},{"taxonomy":"product_tag","embeddable":true,"href":"https:\/\/www.raxxa.com\/fr\/wp-json\/wp\/v2\/product_tag?post=225496"}],"curies":[{"name":"wp","href":"https:\/\/api.w.org\/{rel}","templated":true}]}}