{"id":224958,"date":"2025-05-05T11:43:43","date_gmt":"2025-05-05T09:43:43","guid":{"rendered":"https:\/\/www.raxxa.com\/shop\/raxxa-premium-tasse-dynamics-and-diffusion-of-ink-painting-black\/"},"modified":"2025-11-02T13:28:46","modified_gmt":"2025-11-02T11:28:46","slug":"raxxa-premium-tasse-dynamics-and-diffusion-of-ink-painting-black","status":"publish","type":"product","link":"https:\/\/www.raxxa.com\/fr\/shop\/raxxa-premium-tasse-dynamics-and-diffusion-of-ink-painting-black\/","title":{"rendered":"raxxa Premium-Tasse: Dynamics and Diffusion of Ink Painting black"},"content":{"rendered":"<h3><strong>\"Dynamique et diffusion du noir de peinture \u00e0 l'encre\" par ka chun leung<\/strong><\/h3>\n<p><strong><\/strong><\/p>\n<p>Zen Harmony, une fusion saisissante de l'art de l'aquarelle japonais et chinois. Ce design pr\u00e9sente une villa sereine au bord de l'eau, o\u00f9 la danse de l'encre et de l'eau incarne l'essence du zen. Des coups de brosse d\u00e9licats \u00e9voquent un sentiment de tranquillit\u00e9, brouillant les fronti\u00e8res entre r\u00e9alit\u00e9 et s\u00e9r\u00e9nit\u00e9. Que cette pi\u00e8ce captivante vous transporte dans un monde de contemplation paisible. Parfait pour ceux qui recherchent l'\u00e9quilibre et l'\u00e9l\u00e9gance, Zen Harmony est un must pour tous les espaces. Faites entrer la beaut\u00e9 de la philosophie orientale dans votre maison d\u00e8s aujourd'hui !<\/p>\n<p>&nbsp;<\/p>\n<ul><li>DIMENSIONEN: Mit Ma\u00dfen von H\u00f6he: 95 mm, \u00d8 80 mm und einer Kapazit\u00e4t von ca. 330ml ist sie die ideale Wahl f\u00fcr jeden Kaffeeliebhaber oder Teetrinker.<\/li><li>LANGLEBIG: Diese weisse Keramik-Tasse ist sowohl sp\u00fclmaschinen- als auch mikrowellenfest.<\/li><li>SPEZIELL: Jedes St\u00fcck ist ein ganz besonderes individuelles Produkt und wird erst nach der Bestellung extra f\u00fcr Sie mit Ihrem Wunschmotiv angefertigt.<\/li><li>ECHTES HANDWERK: Die Tassen werden mit Sorgfalt in Deutschland bedruckt, garantieren Langlebigkeit der Designs und sind das perfekte Geschenk.<\/li><li>UNTERST\u00dcTZUNG: Mit Ihrem Kauf eines raxxa-Produkts wird direkt ein K\u00fcnstler aus unserer raxxa-Community von aktuell \u00fcber 200 K\u00fcnstlern \/ Designern \/ Fotografen unterst\u00fctzt.<\/li><\/ul>","protected":false},"excerpt":{"rendered":"<p>&quot;Dynamics and Diffusion of Ink Painting black&quot; by ka chun leung Zen Harmony, a mesmerizing fusion of Japanese and Chinese water ink art. This design features a serene waterside villa, where the dance of ink and water embodies the essence of Zen. Delicate brushstrokes evoke a sense of tranquility, blending the boundaries between reality and [&hellip;]<\/p>\n","protected":false},"featured_media":248356,"comment_status":"open","ping_status":"closed","template":"","meta":[],"product_brand":[],"product_cat":[160,13173,11606],"product_tag":[13179],"class_list":{"0":"post-224958","1":"product","2":"type-product","3":"status-publish","4":"has-post-thumbnail","6":"product_cat-farben","7":"product_cat-ka-chun-leung","8":"product_cat-tassen","9":"product_tag-home-living-fashion-ink-paint-water-zen-harmony-illustration-collage-luxurious-nature-flower-pattern","10":"product_shipping_class-versand-tassen","12":"first","13":"instock","14":"taxable","15":"shipping-taxable","16":"purchasable","17":"product-type-simple"},"yoast_head":"<!-- This site is optimized with the Yoast SEO Premium plugin v27.2 (Yoast SEO v27.3) - https:\/\/yoast.com\/product\/yoast-seo-premium-wordpress\/ -->\n<title>raxxa Premium-Tasse: Dynamics and Diffusion of Ink Painting black - raxxa<\/title>\n<meta name=\"robots\" content=\"index, follow, max-snippet:-1, max-image-preview:large, max-video-preview:-1\" \/>\n<link rel=\"canonical\" href=\"https:\/\/www.raxxa.com\/fr\/shop\/raxxa-premium-tasse-dynamics-and-diffusion-of-ink-painting-black\/\" \/>\n<meta property=\"og:locale\" content=\"fr_FR\" \/>\n<meta property=\"og:type\" content=\"article\" \/>\n<meta property=\"og:title\" content=\"raxxa Premium-Tasse: Dynamics and Diffusion of Ink Painting black\" \/>\n<meta property=\"og:description\" content=\"&quot;Dynamics and Diffusion of Ink Painting black&quot; by ka chun leung Zen Harmony, a mesmerizing fusion of Japanese and Chinese water ink art. This design features a serene waterside villa, where the dance of ink and water embodies the essence of Zen. Delicate brushstrokes evoke a sense of tranquility, blending the boundaries between reality and [&hellip;]\" \/>\n<meta property=\"og:url\" content=\"https:\/\/www.raxxa.com\/fr\/shop\/raxxa-premium-tasse-dynamics-and-diffusion-of-ink-painting-black\/\" \/>\n<meta property=\"og:site_name\" content=\"raxxa\" \/>\n<meta property=\"article:publisher\" content=\"https:\/\/facebook.com\/raxxacom\" \/>\n<meta property=\"article:modified_time\" content=\"2025-11-02T11:28:46+00:00\" \/>\n<meta name=\"twitter:card\" content=\"summary_large_image\" \/>\n<meta name=\"twitter:label1\" content=\"Prix\" \/>\n\t<meta name=\"twitter:data1\" content=\"&euro;18,90\" \/>\n\t<meta name=\"twitter:label2\" content=\"Disponibilit\u00e9\" \/>\n\t<meta name=\"twitter:data2\" content=\"En stock\" \/>\n<script type=\"application\/ld+json\" class=\"yoast-schema-graph\">{\"@context\":\"https:\\\/\\\/schema.org\",\"@graph\":[{\"@type\":[\"WebPage\",\"ItemPage\"],\"@id\":\"https:\\\/\\\/www.raxxa.com\\\/shop\\\/raxxa-premium-tasse-dynamics-and-diffusion-of-ink-painting-black\\\/\",\"url\":\"https:\\\/\\\/www.raxxa.com\\\/shop\\\/raxxa-premium-tasse-dynamics-and-diffusion-of-ink-painting-black\\\/\",\"name\":\"raxxa Premium-Tasse: Dynamics and Diffusion of Ink Painting black - raxxa\",\"isPartOf\":{\"@id\":\"https:\\\/\\\/www.raxxa.com\\\/#website\"},\"primaryImageOfPage\":{\"@id\":\"https:\\\/\\\/www.raxxa.com\\\/shop\\\/raxxa-premium-tasse-dynamics-and-diffusion-of-ink-painting-black\\\/#primaryimage\"},\"image\":{\"@id\":\"https:\\\/\\\/www.raxxa.com\\\/shop\\\/raxxa-premium-tasse-dynamics-and-diffusion-of-ink-painting-black\\\/#primaryimage\"},\"thumbnailUrl\":\"https:\\\/\\\/www.raxxa.com\\\/wp-content\\\/uploads\\\/2025\\\/05\\\/raxxa-Tasse-349-20065-143-ka-chun-leung-Dynamics-and-Diffusion-of-Ink-Painting-black-1-scaled.jpg\",\"datePublished\":\"2025-05-05T09:43:43+00:00\",\"dateModified\":\"2025-11-02T11:28:46+00:00\",\"breadcrumb\":{\"@id\":\"https:\\\/\\\/www.raxxa.com\\\/shop\\\/raxxa-premium-tasse-dynamics-and-diffusion-of-ink-painting-black\\\/#breadcrumb\"},\"inLanguage\":\"fr-FR\",\"potentialAction\":[{\"@type\":\"ReadAction\",\"target\":[\"https:\\\/\\\/www.raxxa.com\\\/shop\\\/raxxa-premium-tasse-dynamics-and-diffusion-of-ink-painting-black\\\/\"]}]},{\"@type\":\"ImageObject\",\"inLanguage\":\"fr-FR\",\"@id\":\"https:\\\/\\\/www.raxxa.com\\\/shop\\\/raxxa-premium-tasse-dynamics-and-diffusion-of-ink-painting-black\\\/#primaryimage\",\"url\":\"https:\\\/\\\/www.raxxa.com\\\/wp-content\\\/uploads\\\/2025\\\/05\\\/raxxa-Tasse-349-20065-143-ka-chun-leung-Dynamics-and-Diffusion-of-Ink-Painting-black-1-scaled.jpg\",\"contentUrl\":\"https:\\\/\\\/www.raxxa.com\\\/wp-content\\\/uploads\\\/2025\\\/05\\\/raxxa-Tasse-349-20065-143-ka-chun-leung-Dynamics-and-Diffusion-of-Ink-Painting-black-1-scaled.jpg\",\"width\":2560,\"height\":2560},{\"@type\":\"BreadcrumbList\",\"@id\":\"https:\\\/\\\/www.raxxa.com\\\/shop\\\/raxxa-premium-tasse-dynamics-and-diffusion-of-ink-painting-black\\\/#breadcrumb\",\"itemListElement\":[{\"@type\":\"ListItem\",\"position\":1,\"name\":\"Startseite\",\"item\":\"https:\\\/\\\/www.raxxa.com\\\/\"},{\"@type\":\"ListItem\",\"position\":2,\"name\":\"Shop\",\"item\":\"https:\\\/\\\/www.raxxa.com\\\/it\\\/shop\\\/\"},{\"@type\":\"ListItem\",\"position\":3,\"name\":\"raxxa Premium-Tasse: Dynamics and Diffusion of Ink Painting black\"}]},{\"@type\":\"WebSite\",\"@id\":\"https:\\\/\\\/www.raxxa.com\\\/#website\",\"url\":\"https:\\\/\\\/www.raxxa.com\\\/\",\"name\":\"raxxa\",\"description\":\"Einzigartige individuelle Produkte von unseren Designern\",\"publisher\":{\"@id\":\"https:\\\/\\\/www.raxxa.com\\\/#organization\"},\"potentialAction\":[{\"@type\":\"SearchAction\",\"target\":{\"@type\":\"EntryPoint\",\"urlTemplate\":\"https:\\\/\\\/www.raxxa.com\\\/?s={search_term_string}\"},\"query-input\":{\"@type\":\"PropertyValueSpecification\",\"valueRequired\":true,\"valueName\":\"search_term_string\"}}],\"inLanguage\":\"fr-FR\"},{\"@type\":\"Organization\",\"@id\":\"https:\\\/\\\/www.raxxa.com\\\/#organization\",\"name\":\"raxxa\",\"url\":\"https:\\\/\\\/www.raxxa.com\\\/\",\"logo\":{\"@type\":\"ImageObject\",\"inLanguage\":\"fr-FR\",\"@id\":\"https:\\\/\\\/www.raxxa.com\\\/#\\\/schema\\\/logo\\\/image\\\/\",\"url\":\"https:\\\/\\\/www.raxxa.com\\\/wp-content\\\/uploads\\\/2022\\\/07\\\/logo_v2.png\",\"contentUrl\":\"https:\\\/\\\/www.raxxa.com\\\/wp-content\\\/uploads\\\/2022\\\/07\\\/logo_v2.png\",\"width\":380,\"height\":382,\"caption\":\"raxxa\"},\"image\":{\"@id\":\"https:\\\/\\\/www.raxxa.com\\\/#\\\/schema\\\/logo\\\/image\\\/\"},\"sameAs\":[\"https:\\\/\\\/facebook.com\\\/raxxacom\"]}]}<\/script>\n<meta property=\"product:price:amount\" content=\"18.90\" \/>\n<meta property=\"product:price:currency\" content=\"EUR\" \/>\n<meta property=\"og:availability\" content=\"instock\" \/>\n<meta property=\"product:availability\" content=\"instock\" \/>\n<meta property=\"product:retailer_item_id\" content=\"1-14518-20065-349\" \/>\n<meta property=\"product:condition\" content=\"new\" \/>\n<!-- \/ Yoast SEO Premium plugin. -->","yoast_head_json":{"title":"raxxa Premium-Tasse: Dynamics and Diffusion of Ink Painting black - raxxa","robots":{"index":"index","follow":"follow","max-snippet":"max-snippet:-1","max-image-preview":"max-image-preview:large","max-video-preview":"max-video-preview:-1"},"canonical":"https:\/\/www.raxxa.com\/fr\/shop\/raxxa-premium-tasse-dynamics-and-diffusion-of-ink-painting-black\/","og_locale":"fr_FR","og_type":"article","og_title":"raxxa Premium-Tasse: Dynamics and Diffusion of Ink Painting black","og_description":"&quot;Dynamics and Diffusion of Ink Painting black&quot; by ka chun leung Zen Harmony, a mesmerizing fusion of Japanese and Chinese water ink art. This design features a serene waterside villa, where the dance of ink and water embodies the essence of Zen. Delicate brushstrokes evoke a sense of tranquility, blending the boundaries between reality and [&hellip;]","og_url":"https:\/\/www.raxxa.com\/fr\/shop\/raxxa-premium-tasse-dynamics-and-diffusion-of-ink-painting-black\/","og_site_name":"raxxa","article_publisher":"https:\/\/facebook.com\/raxxacom","article_modified_time":"2025-11-02T11:28:46+00:00","twitter_card":"summary_large_image","twitter_misc":{"Prix":"&euro;18,90","Disponibilit\u00e9":"En stock"},"schema":{"@context":"https:\/\/schema.org","@graph":[{"@type":["WebPage","ItemPage"],"@id":"https:\/\/www.raxxa.com\/shop\/raxxa-premium-tasse-dynamics-and-diffusion-of-ink-painting-black\/","url":"https:\/\/www.raxxa.com\/shop\/raxxa-premium-tasse-dynamics-and-diffusion-of-ink-painting-black\/","name":"raxxa Premium-Tasse: Dynamics and Diffusion of Ink Painting black - raxxa","isPartOf":{"@id":"https:\/\/www.raxxa.com\/#website"},"primaryImageOfPage":{"@id":"https:\/\/www.raxxa.com\/shop\/raxxa-premium-tasse-dynamics-and-diffusion-of-ink-painting-black\/#primaryimage"},"image":{"@id":"https:\/\/www.raxxa.com\/shop\/raxxa-premium-tasse-dynamics-and-diffusion-of-ink-painting-black\/#primaryimage"},"thumbnailUrl":"https:\/\/www.raxxa.com\/wp-content\/uploads\/2025\/05\/raxxa-Tasse-349-20065-143-ka-chun-leung-Dynamics-and-Diffusion-of-Ink-Painting-black-1-scaled.jpg","datePublished":"2025-05-05T09:43:43+00:00","dateModified":"2025-11-02T11:28:46+00:00","breadcrumb":{"@id":"https:\/\/www.raxxa.com\/shop\/raxxa-premium-tasse-dynamics-and-diffusion-of-ink-painting-black\/#breadcrumb"},"inLanguage":"fr-FR","potentialAction":[{"@type":"ReadAction","target":["https:\/\/www.raxxa.com\/shop\/raxxa-premium-tasse-dynamics-and-diffusion-of-ink-painting-black\/"]}]},{"@type":"ImageObject","inLanguage":"fr-FR","@id":"https:\/\/www.raxxa.com\/shop\/raxxa-premium-tasse-dynamics-and-diffusion-of-ink-painting-black\/#primaryimage","url":"https:\/\/www.raxxa.com\/wp-content\/uploads\/2025\/05\/raxxa-Tasse-349-20065-143-ka-chun-leung-Dynamics-and-Diffusion-of-Ink-Painting-black-1-scaled.jpg","contentUrl":"https:\/\/www.raxxa.com\/wp-content\/uploads\/2025\/05\/raxxa-Tasse-349-20065-143-ka-chun-leung-Dynamics-and-Diffusion-of-Ink-Painting-black-1-scaled.jpg","width":2560,"height":2560},{"@type":"BreadcrumbList","@id":"https:\/\/www.raxxa.com\/shop\/raxxa-premium-tasse-dynamics-and-diffusion-of-ink-painting-black\/#breadcrumb","itemListElement":[{"@type":"ListItem","position":1,"name":"Startseite","item":"https:\/\/www.raxxa.com\/"},{"@type":"ListItem","position":2,"name":"Shop","item":"https:\/\/www.raxxa.com\/it\/shop\/"},{"@type":"ListItem","position":3,"name":"raxxa Premium-Tasse: Dynamics and Diffusion of Ink Painting black"}]},{"@type":"WebSite","@id":"https:\/\/www.raxxa.com\/#website","url":"https:\/\/www.raxxa.com\/","name":"raxxa","description":"Des produits uniques et personnalis\u00e9s cr\u00e9\u00e9s par nos designers","publisher":{"@id":"https:\/\/www.raxxa.com\/#organization"},"potentialAction":[{"@type":"SearchAction","target":{"@type":"EntryPoint","urlTemplate":"https:\/\/www.raxxa.com\/?s={search_term_string}"},"query-input":{"@type":"PropertyValueSpecification","valueRequired":true,"valueName":"search_term_string"}}],"inLanguage":"fr-FR"},{"@type":"Organization","@id":"https:\/\/www.raxxa.com\/#organization","name":"raxxa","url":"https:\/\/www.raxxa.com\/","logo":{"@type":"ImageObject","inLanguage":"fr-FR","@id":"https:\/\/www.raxxa.com\/#\/schema\/logo\/image\/","url":"https:\/\/www.raxxa.com\/wp-content\/uploads\/2022\/07\/logo_v2.png","contentUrl":"https:\/\/www.raxxa.com\/wp-content\/uploads\/2022\/07\/logo_v2.png","width":380,"height":382,"caption":"raxxa"},"image":{"@id":"https:\/\/www.raxxa.com\/#\/schema\/logo\/image\/"},"sameAs":["https:\/\/facebook.com\/raxxacom"]}]},"product_price_amount":"18.90","product_price_currency":"EUR","og_availability":"instock","product_availability":"instock","product_retailer_item_id":"1-14518-20065-349","product_condition":"new"},"jetpack_sharing_enabled":true,"_links":{"self":[{"href":"https:\/\/www.raxxa.com\/fr\/wp-json\/wp\/v2\/product\/224958","targetHints":{"allow":["GET"]}}],"collection":[{"href":"https:\/\/www.raxxa.com\/fr\/wp-json\/wp\/v2\/product"}],"about":[{"href":"https:\/\/www.raxxa.com\/fr\/wp-json\/wp\/v2\/types\/product"}],"replies":[{"embeddable":true,"href":"https:\/\/www.raxxa.com\/fr\/wp-json\/wp\/v2\/comments?post=224958"}],"wp:featuredmedia":[{"embeddable":true,"href":"https:\/\/www.raxxa.com\/fr\/wp-json\/wp\/v2\/media\/248356"}],"wp:attachment":[{"href":"https:\/\/www.raxxa.com\/fr\/wp-json\/wp\/v2\/media?parent=224958"}],"wp:term":[{"taxonomy":"product_brand","embeddable":true,"href":"https:\/\/www.raxxa.com\/fr\/wp-json\/wp\/v2\/product_brand?post=224958"},{"taxonomy":"product_cat","embeddable":true,"href":"https:\/\/www.raxxa.com\/fr\/wp-json\/wp\/v2\/product_cat?post=224958"},{"taxonomy":"product_tag","embeddable":true,"href":"https:\/\/www.raxxa.com\/fr\/wp-json\/wp\/v2\/product_tag?post=224958"}],"curies":[{"name":"wp","href":"https:\/\/api.w.org\/{rel}","templated":true}]}}