{"id":222297,"date":"2025-03-22T09:40:44","date_gmt":"2025-03-22T07:40:44","guid":{"rendered":"https:\/\/www.raxxa.com\/?post_type=product&#038;p=222297"},"modified":"2025-11-02T16:53:36","modified_gmt":"2025-11-02T14:53:36","slug":"raxxa-premium-tischset-zwei-schiffe","status":"publish","type":"product","link":"https:\/\/www.raxxa.com\/fr\/shop\/raxxa-premium-tischset-zwei-schiffe\/","title":{"rendered":"raxxa Set de table premium : deux bateaux"},"content":{"rendered":"<h3><strong>\"Deux bateaux\" by Sonja Probst<\/strong><\/h3>\n<p><strong><\/strong><\/p>\n<\/p>\n<p>&nbsp;<\/p>\nEmbellissez votre salle \u00e0 manger avec nos sets de table en vinyle color\u00e9s cr\u00e9\u00e9s par nos artistes ! Ces sets de table imprim\u00e9s sur une face sont fabriqu\u00e9s dans un mat\u00e9riau r\u00e9sistant et sont parfaits pour donner une touche de couleur \u00e0 votre table. Avec leurs dimensions de 40 x 30 cm, ils ont exactement la bonne taille pour chaque ustensile de table. Agr\u00e9mentez vos repas avec style et praticit\u00e9 !<br><br>Indications sur les mat\u00e9riaux :<br><ul><li>40 x 30 cm.<\/li><li>environ 1,6 mm d'\u00e9paisseur.<\/li><li>vinyle.<\/li><li>Nettoyage avec un chiffon humide, ne convient pas pour le lave-vaisselle.<\/li><li>Fabriqu\u00e9 en Allemagne.<\/li><\/ul>","protected":false},"excerpt":{"rendered":"<p>\"Deux bateaux\" by Sonja Probst &nbsp;<\/p>","protected":false},"featured_media":249400,"comment_status":"open","ping_status":"closed","template":"","meta":[],"product_brand":[],"product_cat":[223,133,11051],"product_tag":[11508],"class_list":{"0":"post-222297","1":"product","2":"type-product","3":"status-publish","4":"has-post-thumbnail","6":"product_cat-sonja-probst","7":"product_cat-tiere","8":"product_cat-tischset","9":"product_tag-boot-schiff-boote-schiffe-strand-meer-beach-sun-abendrot-abendstimmung-natur-sonnenuntergang-ship-fishing-denmark","10":"product_shipping_class-versand-tischset","12":"first","13":"instock","14":"taxable","15":"shipping-taxable","16":"purchasable","17":"product-type-variable"},"yoast_head":"<!-- This site is optimized with the Yoast SEO Premium plugin v27.5 (Yoast SEO v27.5) - https:\/\/yoast.com\/product\/yoast-seo-premium-wordpress\/ -->\n<title>raxxa Premium-Tischset: Zwei Schiffe - raxxa<\/title>\n<meta name=\"robots\" content=\"index, follow, max-snippet:-1, max-image-preview:large, max-video-preview:-1\" \/>\n<link rel=\"canonical\" href=\"https:\/\/www.raxxa.com\/fr\/shop\/raxxa-premium-tischset-zwei-schiffe\/\" \/>\n<meta property=\"og:locale\" content=\"fr_FR\" \/>\n<meta property=\"og:type\" content=\"article\" \/>\n<meta property=\"og:title\" content=\"raxxa Premium-Tischset: Zwei Schiffe\" \/>\n<meta property=\"og:description\" content=\"&quot;Zwei Schiffe&quot; by Sonja Probst &nbsp;\" \/>\n<meta property=\"og:url\" content=\"https:\/\/www.raxxa.com\/fr\/shop\/raxxa-premium-tischset-zwei-schiffe\/\" \/>\n<meta property=\"og:site_name\" content=\"raxxa\" \/>\n<meta property=\"article:publisher\" content=\"https:\/\/facebook.com\/raxxacom\" \/>\n<meta property=\"article:modified_time\" content=\"2025-11-02T14:53:36+00:00\" \/>\n<meta property=\"og:image\" content=\"https:\/\/www.raxxa.com\/wp-content\/uploads\/2025\/03\/raxxa-Tischset-13-321-6-Sonja-Probst-Zwei-Schiffe-17.jpg\" \/>\n\t<meta property=\"og:image:width\" content=\"1024\" \/>\n\t<meta property=\"og:image:height\" content=\"1024\" \/>\n\t<meta property=\"og:image:type\" content=\"image\/jpeg\" \/>\n<meta name=\"twitter:card\" content=\"summary_large_image\" \/>\n<meta name=\"twitter:label1\" content=\"Disponibilit\u00e9\" \/>\n\t<meta name=\"twitter:data1\" content=\"En stock\" \/>\n<script type=\"application\/ld+json\" class=\"yoast-schema-graph\">{\"@context\":\"https:\\\/\\\/schema.org\",\"@graph\":[{\"@type\":[\"WebPage\",\"ItemPage\"],\"@id\":\"https:\\\/\\\/www.raxxa.com\\\/shop\\\/raxxa-premium-tischset-zwei-schiffe\\\/\",\"url\":\"https:\\\/\\\/www.raxxa.com\\\/shop\\\/raxxa-premium-tischset-zwei-schiffe\\\/\",\"name\":\"raxxa Premium-Tischset: Zwei Schiffe - raxxa\",\"isPartOf\":{\"@id\":\"https:\\\/\\\/www.raxxa.com\\\/#website\"},\"primaryImageOfPage\":{\"@id\":\"https:\\\/\\\/www.raxxa.com\\\/shop\\\/raxxa-premium-tischset-zwei-schiffe\\\/#primaryimage\"},\"image\":{\"@id\":\"https:\\\/\\\/www.raxxa.com\\\/shop\\\/raxxa-premium-tischset-zwei-schiffe\\\/#primaryimage\"},\"thumbnailUrl\":\"https:\\\/\\\/www.raxxa.com\\\/wp-content\\\/uploads\\\/2025\\\/03\\\/raxxa-Tischset-13-321-6-Sonja-Probst-Zwei-Schiffe-17.jpg\",\"datePublished\":\"2025-03-22T07:40:44+00:00\",\"dateModified\":\"2025-11-02T14:53:36+00:00\",\"breadcrumb\":{\"@id\":\"https:\\\/\\\/www.raxxa.com\\\/shop\\\/raxxa-premium-tischset-zwei-schiffe\\\/#breadcrumb\"},\"inLanguage\":\"fr-FR\",\"potentialAction\":[{\"@type\":\"ReadAction\",\"target\":[\"https:\\\/\\\/www.raxxa.com\\\/shop\\\/raxxa-premium-tischset-zwei-schiffe\\\/\"]}]},{\"@type\":\"ImageObject\",\"inLanguage\":\"fr-FR\",\"@id\":\"https:\\\/\\\/www.raxxa.com\\\/shop\\\/raxxa-premium-tischset-zwei-schiffe\\\/#primaryimage\",\"url\":\"https:\\\/\\\/www.raxxa.com\\\/wp-content\\\/uploads\\\/2025\\\/03\\\/raxxa-Tischset-13-321-6-Sonja-Probst-Zwei-Schiffe-17.jpg\",\"contentUrl\":\"https:\\\/\\\/www.raxxa.com\\\/wp-content\\\/uploads\\\/2025\\\/03\\\/raxxa-Tischset-13-321-6-Sonja-Probst-Zwei-Schiffe-17.jpg\",\"width\":1024,\"height\":1024},{\"@type\":\"BreadcrumbList\",\"@id\":\"https:\\\/\\\/www.raxxa.com\\\/shop\\\/raxxa-premium-tischset-zwei-schiffe\\\/#breadcrumb\",\"itemListElement\":[{\"@type\":\"ListItem\",\"position\":1,\"name\":\"Startseite\",\"item\":\"https:\\\/\\\/www.raxxa.com\\\/\"},{\"@type\":\"ListItem\",\"position\":2,\"name\":\"Shop\",\"item\":\"https:\\\/\\\/www.raxxa.com\\\/it\\\/shop\\\/\"},{\"@type\":\"ListItem\",\"position\":3,\"name\":\"raxxa Premium-Tischset: Zwei Schiffe\"}]},{\"@type\":\"WebSite\",\"@id\":\"https:\\\/\\\/www.raxxa.com\\\/#website\",\"url\":\"https:\\\/\\\/www.raxxa.com\\\/\",\"name\":\"raxxa\",\"description\":\"Einzigartige individuelle Produkte von unseren Designern\",\"publisher\":{\"@id\":\"https:\\\/\\\/www.raxxa.com\\\/#organization\"},\"potentialAction\":[{\"@type\":\"SearchAction\",\"target\":{\"@type\":\"EntryPoint\",\"urlTemplate\":\"https:\\\/\\\/www.raxxa.com\\\/?s={search_term_string}\"},\"query-input\":{\"@type\":\"PropertyValueSpecification\",\"valueRequired\":true,\"valueName\":\"search_term_string\"}}],\"inLanguage\":\"fr-FR\"},{\"@type\":\"Organization\",\"@id\":\"https:\\\/\\\/www.raxxa.com\\\/#organization\",\"name\":\"raxxa\",\"url\":\"https:\\\/\\\/www.raxxa.com\\\/\",\"logo\":{\"@type\":\"ImageObject\",\"inLanguage\":\"fr-FR\",\"@id\":\"https:\\\/\\\/www.raxxa.com\\\/#\\\/schema\\\/logo\\\/image\\\/\",\"url\":\"https:\\\/\\\/www.raxxa.com\\\/wp-content\\\/uploads\\\/2022\\\/07\\\/logo_v2.png\",\"contentUrl\":\"https:\\\/\\\/www.raxxa.com\\\/wp-content\\\/uploads\\\/2022\\\/07\\\/logo_v2.png\",\"width\":380,\"height\":382,\"caption\":\"raxxa\"},\"image\":{\"@id\":\"https:\\\/\\\/www.raxxa.com\\\/#\\\/schema\\\/logo\\\/image\\\/\"},\"sameAs\":[\"https:\\\/\\\/facebook.com\\\/raxxacom\"]}]}<\/script>\n<meta property=\"og:availability\" content=\"instock\" \/>\n<meta property=\"product:availability\" content=\"instock\" \/>\n<meta property=\"product:retailer_item_id\" content=\"1-6-321-13\" \/>\n<meta property=\"product:condition\" content=\"new\" \/>\n<!-- \/ Yoast SEO Premium plugin. -->","yoast_head_json":{"title":"raxxa Premium-Tischset: Zwei Schiffe - raxxa","robots":{"index":"index","follow":"follow","max-snippet":"max-snippet:-1","max-image-preview":"max-image-preview:large","max-video-preview":"max-video-preview:-1"},"canonical":"https:\/\/www.raxxa.com\/fr\/shop\/raxxa-premium-tischset-zwei-schiffe\/","og_locale":"fr_FR","og_type":"article","og_title":"raxxa Premium-Tischset: Zwei Schiffe","og_description":"&quot;Zwei Schiffe&quot; by Sonja Probst &nbsp;","og_url":"https:\/\/www.raxxa.com\/fr\/shop\/raxxa-premium-tischset-zwei-schiffe\/","og_site_name":"raxxa","article_publisher":"https:\/\/facebook.com\/raxxacom","article_modified_time":"2025-11-02T14:53:36+00:00","og_image":[{"width":1024,"height":1024,"url":"https:\/\/www.raxxa.com\/wp-content\/uploads\/2025\/03\/raxxa-Tischset-13-321-6-Sonja-Probst-Zwei-Schiffe-17.jpg","type":"image\/jpeg"}],"twitter_card":"summary_large_image","twitter_misc":{"Disponibilit\u00e9":"En stock"},"schema":{"@context":"https:\/\/schema.org","@graph":[{"@type":["WebPage","ItemPage"],"@id":"https:\/\/www.raxxa.com\/shop\/raxxa-premium-tischset-zwei-schiffe\/","url":"https:\/\/www.raxxa.com\/shop\/raxxa-premium-tischset-zwei-schiffe\/","name":"raxxa Premium-Tischset: Zwei Schiffe - raxxa","isPartOf":{"@id":"https:\/\/www.raxxa.com\/#website"},"primaryImageOfPage":{"@id":"https:\/\/www.raxxa.com\/shop\/raxxa-premium-tischset-zwei-schiffe\/#primaryimage"},"image":{"@id":"https:\/\/www.raxxa.com\/shop\/raxxa-premium-tischset-zwei-schiffe\/#primaryimage"},"thumbnailUrl":"https:\/\/www.raxxa.com\/wp-content\/uploads\/2025\/03\/raxxa-Tischset-13-321-6-Sonja-Probst-Zwei-Schiffe-17.jpg","datePublished":"2025-03-22T07:40:44+00:00","dateModified":"2025-11-02T14:53:36+00:00","breadcrumb":{"@id":"https:\/\/www.raxxa.com\/shop\/raxxa-premium-tischset-zwei-schiffe\/#breadcrumb"},"inLanguage":"fr-FR","potentialAction":[{"@type":"ReadAction","target":["https:\/\/www.raxxa.com\/shop\/raxxa-premium-tischset-zwei-schiffe\/"]}]},{"@type":"ImageObject","inLanguage":"fr-FR","@id":"https:\/\/www.raxxa.com\/shop\/raxxa-premium-tischset-zwei-schiffe\/#primaryimage","url":"https:\/\/www.raxxa.com\/wp-content\/uploads\/2025\/03\/raxxa-Tischset-13-321-6-Sonja-Probst-Zwei-Schiffe-17.jpg","contentUrl":"https:\/\/www.raxxa.com\/wp-content\/uploads\/2025\/03\/raxxa-Tischset-13-321-6-Sonja-Probst-Zwei-Schiffe-17.jpg","width":1024,"height":1024},{"@type":"BreadcrumbList","@id":"https:\/\/www.raxxa.com\/shop\/raxxa-premium-tischset-zwei-schiffe\/#breadcrumb","itemListElement":[{"@type":"ListItem","position":1,"name":"Startseite","item":"https:\/\/www.raxxa.com\/"},{"@type":"ListItem","position":2,"name":"Shop","item":"https:\/\/www.raxxa.com\/it\/shop\/"},{"@type":"ListItem","position":3,"name":"raxxa Premium-Tischset: Zwei Schiffe"}]},{"@type":"WebSite","@id":"https:\/\/www.raxxa.com\/#website","url":"https:\/\/www.raxxa.com\/","name":"raxxa","description":"Des produits uniques et personnalis\u00e9s cr\u00e9\u00e9s par nos designers","publisher":{"@id":"https:\/\/www.raxxa.com\/#organization"},"potentialAction":[{"@type":"SearchAction","target":{"@type":"EntryPoint","urlTemplate":"https:\/\/www.raxxa.com\/?s={search_term_string}"},"query-input":{"@type":"PropertyValueSpecification","valueRequired":true,"valueName":"search_term_string"}}],"inLanguage":"fr-FR"},{"@type":"Organization","@id":"https:\/\/www.raxxa.com\/#organization","name":"raxxa","url":"https:\/\/www.raxxa.com\/","logo":{"@type":"ImageObject","inLanguage":"fr-FR","@id":"https:\/\/www.raxxa.com\/#\/schema\/logo\/image\/","url":"https:\/\/www.raxxa.com\/wp-content\/uploads\/2022\/07\/logo_v2.png","contentUrl":"https:\/\/www.raxxa.com\/wp-content\/uploads\/2022\/07\/logo_v2.png","width":380,"height":382,"caption":"raxxa"},"image":{"@id":"https:\/\/www.raxxa.com\/#\/schema\/logo\/image\/"},"sameAs":["https:\/\/facebook.com\/raxxacom"]}]},"og_availability":"instock","product_availability":"instock","product_retailer_item_id":"1-6-321-13","product_condition":"new"},"jetpack_sharing_enabled":true,"_links":{"self":[{"href":"https:\/\/www.raxxa.com\/fr\/wp-json\/wp\/v2\/product\/222297","targetHints":{"allow":["GET"]}}],"collection":[{"href":"https:\/\/www.raxxa.com\/fr\/wp-json\/wp\/v2\/product"}],"about":[{"href":"https:\/\/www.raxxa.com\/fr\/wp-json\/wp\/v2\/types\/product"}],"replies":[{"embeddable":true,"href":"https:\/\/www.raxxa.com\/fr\/wp-json\/wp\/v2\/comments?post=222297"}],"wp:featuredmedia":[{"embeddable":true,"href":"https:\/\/www.raxxa.com\/fr\/wp-json\/wp\/v2\/media\/249400"}],"wp:attachment":[{"href":"https:\/\/www.raxxa.com\/fr\/wp-json\/wp\/v2\/media?parent=222297"}],"wp:term":[{"taxonomy":"product_brand","embeddable":true,"href":"https:\/\/www.raxxa.com\/fr\/wp-json\/wp\/v2\/product_brand?post=222297"},{"taxonomy":"product_cat","embeddable":true,"href":"https:\/\/www.raxxa.com\/fr\/wp-json\/wp\/v2\/product_cat?post=222297"},{"taxonomy":"product_tag","embeddable":true,"href":"https:\/\/www.raxxa.com\/fr\/wp-json\/wp\/v2\/product_tag?post=222297"}],"curies":[{"name":"wp","href":"https:\/\/api.w.org\/{rel}","templated":true}]}}