{"id":216007,"date":"2025-01-22T15:33:20","date_gmt":"2025-01-22T13:33:20","guid":{"rendered":"https:\/\/www.raxxa.com\/?post_type=product&#038;p=216007"},"modified":"2025-11-02T22:04:53","modified_gmt":"2025-11-02T20:04:53","slug":"poster-berlin-goldelse-auf-der-siegessaeule","status":"publish","type":"product","link":"https:\/\/www.raxxa.com\/fr\/shop\/poster-berlin-goldelse-auf-der-siegessaeule\/","title":{"rendered":"Poster : Berlin Goldelse sur la colonne de la Victoire"},"content":{"rendered":"<h3><strong>\"Berlin Goldelse sur la colonne de la Victoire\" by Thomas Bugdoll<\/strong><\/h3>\n<p><strong><\/strong><\/p>\n<p>La colonne de la Victoire, situ\u00e9e sur la Grande \u00c9toile dans le Grand Tiergarten, est l'un des principaux monuments de Berlin et l'un des plus importants monuments nationaux d'Allemagne. <\/p>\n<p>Cette colonne dor\u00e9e de 67 m\u00e8tres de haut, dot\u00e9e d'une plateforme d'observation, comm\u00e9more la victoire de la guerre germano-danoise.<\/p>\n<p>&nbsp;<\/p>\n<ul><li>Poster de qualit\u00e9 mus\u00e9e sur papier d'archive mat durable (non couch\u00e9).<\/li><li>Poids du papier : 250 g \/ m\u00b2.<\/li><li>Envoi dans un emballage solide pour prot\u00e9ger le poster.<\/li><li>Ce produit est fabriqu\u00e9 sp\u00e9cialement pour toi, sur demande, dans la taille et le design souhait\u00e9s.<\/li><\/ul>","protected":false},"excerpt":{"rendered":"<p>&quot;Berlin Goldelse auf der Siegess\u00e4ule&quot; by Thomas Bugdoll Die Siegess\u00e4ule auf dem Gro\u00dfen Stern im Gro\u00dfen Tiergarten geh\u00f6rt zu den wichtigsten Sehensw\u00fcrdigkeiten Berlins und den bedeutendsten Nationaldenkm\u00e4lern Deutschlands. Die 67 Meter hohe vergoldete S\u00e4ule mit Aussichtsplattform erinnert an den Sieg im Deutsch-D\u00e4nischen Krieg. &nbsp;<\/p>","protected":false},"featured_media":250857,"comment_status":"open","ping_status":"closed","template":"","meta":[],"product_brand":[],"product_cat":[12607,134,10378],"product_tag":[12928],"class_list":{"0":"post-216007","1":"product","2":"type-product","3":"status-publish","4":"has-post-thumbnail","6":"product_cat-thomas-bugdoll","7":"product_cat-orte","8":"product_cat-poster","9":"product_tag-berlin-berlincity-siegessaeule-goldelse-strassedes17-juni-victoria-denkmal-sehenswuerdigkeit-aussichtsplattform-aussichtspunkt-hauptstadt-turm-saeule-nationaldenkmal-reise-grosserstern","10":"product_shipping_class-versand-t-shirts1","12":"first","13":"instock","14":"taxable","15":"shipping-taxable","16":"purchasable","17":"product-type-variable"},"yoast_head":"<!-- This site is optimized with the Yoast SEO Premium plugin v27.5 (Yoast SEO v27.5) - https:\/\/yoast.com\/product\/yoast-seo-premium-wordpress\/ -->\n<title>Poster: Berlin Goldelse auf der Siegess\u00e4ule - raxxa<\/title>\n<meta name=\"robots\" content=\"index, follow, max-snippet:-1, max-image-preview:large, max-video-preview:-1\" \/>\n<link rel=\"canonical\" href=\"https:\/\/www.raxxa.com\/fr\/shop\/poster-berlin-goldelse-auf-der-siegessaeule\/\" \/>\n<meta property=\"og:locale\" content=\"fr_FR\" \/>\n<meta property=\"og:type\" content=\"article\" \/>\n<meta property=\"og:title\" content=\"Poster: Berlin Goldelse auf der Siegess\u00e4ule\" \/>\n<meta property=\"og:description\" content=\"&quot;Berlin Goldelse auf der Siegess\u00e4ule&quot; by Thomas Bugdoll Die Siegess\u00e4ule auf dem Gro\u00dfen Stern im Gro\u00dfen Tiergarten geh\u00f6rt zu den wichtigsten Sehensw\u00fcrdigkeiten Berlins und den bedeutendsten Nationaldenkm\u00e4lern Deutschlands. Die 67 Meter hohe vergoldete S\u00e4ule mit Aussichtsplattform erinnert an den Sieg im Deutsch-D\u00e4nischen Krieg. &nbsp;\" \/>\n<meta property=\"og:url\" content=\"https:\/\/www.raxxa.com\/fr\/shop\/poster-berlin-goldelse-auf-der-siegessaeule\/\" \/>\n<meta property=\"og:site_name\" content=\"raxxa\" \/>\n<meta property=\"article:publisher\" content=\"https:\/\/facebook.com\/raxxacom\" \/>\n<meta property=\"article:modified_time\" content=\"2025-11-02T20:04:53+00:00\" \/>\n<meta property=\"og:image\" content=\"https:\/\/www.raxxa.com\/wp-content\/uploads\/2025\/01\/raxxa-Wallart-340-18760-84-Thomas-Bugdoll-Berlin-Goldelse-auf-der-Siegessaule-14.jpg\" \/>\n\t<meta property=\"og:image:width\" content=\"1024\" \/>\n\t<meta property=\"og:image:height\" content=\"1024\" \/>\n\t<meta property=\"og:image:type\" content=\"image\/jpeg\" \/>\n<meta name=\"twitter:card\" content=\"summary_large_image\" \/>\n<meta name=\"twitter:label1\" content=\"Disponibilit\u00e9\" \/>\n\t<meta name=\"twitter:data1\" content=\"En stock\" \/>\n<script type=\"application\/ld+json\" class=\"yoast-schema-graph\">{\"@context\":\"https:\\\/\\\/schema.org\",\"@graph\":[{\"@type\":[\"WebPage\",\"ItemPage\"],\"@id\":\"https:\\\/\\\/www.raxxa.com\\\/shop\\\/poster-berlin-goldelse-auf-der-siegessaeule\\\/\",\"url\":\"https:\\\/\\\/www.raxxa.com\\\/shop\\\/poster-berlin-goldelse-auf-der-siegessaeule\\\/\",\"name\":\"Poster: Berlin Goldelse auf der Siegess\u00e4ule - raxxa\",\"isPartOf\":{\"@id\":\"https:\\\/\\\/www.raxxa.com\\\/#website\"},\"primaryImageOfPage\":{\"@id\":\"https:\\\/\\\/www.raxxa.com\\\/shop\\\/poster-berlin-goldelse-auf-der-siegessaeule\\\/#primaryimage\"},\"image\":{\"@id\":\"https:\\\/\\\/www.raxxa.com\\\/shop\\\/poster-berlin-goldelse-auf-der-siegessaeule\\\/#primaryimage\"},\"thumbnailUrl\":\"https:\\\/\\\/www.raxxa.com\\\/wp-content\\\/uploads\\\/2025\\\/01\\\/raxxa-Wallart-340-18760-84-Thomas-Bugdoll-Berlin-Goldelse-auf-der-Siegessaule-14.jpg\",\"datePublished\":\"2025-01-22T13:33:20+00:00\",\"dateModified\":\"2025-11-02T20:04:53+00:00\",\"breadcrumb\":{\"@id\":\"https:\\\/\\\/www.raxxa.com\\\/shop\\\/poster-berlin-goldelse-auf-der-siegessaeule\\\/#breadcrumb\"},\"inLanguage\":\"fr-FR\",\"potentialAction\":[{\"@type\":\"ReadAction\",\"target\":[\"https:\\\/\\\/www.raxxa.com\\\/shop\\\/poster-berlin-goldelse-auf-der-siegessaeule\\\/\"]}]},{\"@type\":\"ImageObject\",\"inLanguage\":\"fr-FR\",\"@id\":\"https:\\\/\\\/www.raxxa.com\\\/shop\\\/poster-berlin-goldelse-auf-der-siegessaeule\\\/#primaryimage\",\"url\":\"https:\\\/\\\/www.raxxa.com\\\/wp-content\\\/uploads\\\/2025\\\/01\\\/raxxa-Wallart-340-18760-84-Thomas-Bugdoll-Berlin-Goldelse-auf-der-Siegessaule-14.jpg\",\"contentUrl\":\"https:\\\/\\\/www.raxxa.com\\\/wp-content\\\/uploads\\\/2025\\\/01\\\/raxxa-Wallart-340-18760-84-Thomas-Bugdoll-Berlin-Goldelse-auf-der-Siegessaule-14.jpg\",\"width\":1024,\"height\":1024},{\"@type\":\"BreadcrumbList\",\"@id\":\"https:\\\/\\\/www.raxxa.com\\\/shop\\\/poster-berlin-goldelse-auf-der-siegessaeule\\\/#breadcrumb\",\"itemListElement\":[{\"@type\":\"ListItem\",\"position\":1,\"name\":\"Startseite\",\"item\":\"https:\\\/\\\/www.raxxa.com\\\/\"},{\"@type\":\"ListItem\",\"position\":2,\"name\":\"Shop\",\"item\":\"https:\\\/\\\/www.raxxa.com\\\/it\\\/shop\\\/\"},{\"@type\":\"ListItem\",\"position\":3,\"name\":\"Poster: Berlin Goldelse auf der Siegess\u00e4ule\"}]},{\"@type\":\"WebSite\",\"@id\":\"https:\\\/\\\/www.raxxa.com\\\/#website\",\"url\":\"https:\\\/\\\/www.raxxa.com\\\/\",\"name\":\"raxxa\",\"description\":\"Einzigartige individuelle Produkte von unseren Designern\",\"publisher\":{\"@id\":\"https:\\\/\\\/www.raxxa.com\\\/#organization\"},\"potentialAction\":[{\"@type\":\"SearchAction\",\"target\":{\"@type\":\"EntryPoint\",\"urlTemplate\":\"https:\\\/\\\/www.raxxa.com\\\/?s={search_term_string}\"},\"query-input\":{\"@type\":\"PropertyValueSpecification\",\"valueRequired\":true,\"valueName\":\"search_term_string\"}}],\"inLanguage\":\"fr-FR\"},{\"@type\":\"Organization\",\"@id\":\"https:\\\/\\\/www.raxxa.com\\\/#organization\",\"name\":\"raxxa\",\"url\":\"https:\\\/\\\/www.raxxa.com\\\/\",\"logo\":{\"@type\":\"ImageObject\",\"inLanguage\":\"fr-FR\",\"@id\":\"https:\\\/\\\/www.raxxa.com\\\/#\\\/schema\\\/logo\\\/image\\\/\",\"url\":\"https:\\\/\\\/www.raxxa.com\\\/wp-content\\\/uploads\\\/2022\\\/07\\\/logo_v2.png\",\"contentUrl\":\"https:\\\/\\\/www.raxxa.com\\\/wp-content\\\/uploads\\\/2022\\\/07\\\/logo_v2.png\",\"width\":380,\"height\":382,\"caption\":\"raxxa\"},\"image\":{\"@id\":\"https:\\\/\\\/www.raxxa.com\\\/#\\\/schema\\\/logo\\\/image\\\/\"},\"sameAs\":[\"https:\\\/\\\/facebook.com\\\/raxxacom\"]}]}<\/script>\n<meta property=\"og:availability\" content=\"instock\" \/>\n<meta property=\"product:availability\" content=\"instock\" \/>\n<meta property=\"product:retailer_item_id\" content=\"1-84-18760-340\" \/>\n<meta property=\"product:condition\" content=\"new\" \/>\n<!-- \/ Yoast SEO Premium plugin. -->","yoast_head_json":{"title":"Poster : Berlin Goldelse sur la colonne de la victoire - raxxa","robots":{"index":"index","follow":"follow","max-snippet":"max-snippet:-1","max-image-preview":"max-image-preview:large","max-video-preview":"max-video-preview:-1"},"canonical":"https:\/\/www.raxxa.com\/fr\/shop\/poster-berlin-goldelse-auf-der-siegessaeule\/","og_locale":"fr_FR","og_type":"article","og_title":"Poster: Berlin Goldelse auf der Siegess\u00e4ule","og_description":"&quot;Berlin Goldelse auf der Siegess\u00e4ule&quot; by Thomas Bugdoll Die Siegess\u00e4ule auf dem Gro\u00dfen Stern im Gro\u00dfen Tiergarten geh\u00f6rt zu den wichtigsten Sehensw\u00fcrdigkeiten Berlins und den bedeutendsten Nationaldenkm\u00e4lern Deutschlands. Die 67 Meter hohe vergoldete S\u00e4ule mit Aussichtsplattform erinnert an den Sieg im Deutsch-D\u00e4nischen Krieg. &nbsp;","og_url":"https:\/\/www.raxxa.com\/fr\/shop\/poster-berlin-goldelse-auf-der-siegessaeule\/","og_site_name":"raxxa","article_publisher":"https:\/\/facebook.com\/raxxacom","article_modified_time":"2025-11-02T20:04:53+00:00","og_image":[{"width":1024,"height":1024,"url":"https:\/\/www.raxxa.com\/wp-content\/uploads\/2025\/01\/raxxa-Wallart-340-18760-84-Thomas-Bugdoll-Berlin-Goldelse-auf-der-Siegessaule-14.jpg","type":"image\/jpeg"}],"twitter_card":"summary_large_image","twitter_misc":{"Disponibilit\u00e9":"En stock"},"schema":{"@context":"https:\/\/schema.org","@graph":[{"@type":["WebPage","ItemPage"],"@id":"https:\/\/www.raxxa.com\/shop\/poster-berlin-goldelse-auf-der-siegessaeule\/","url":"https:\/\/www.raxxa.com\/shop\/poster-berlin-goldelse-auf-der-siegessaeule\/","name":"Poster : Berlin Goldelse sur la colonne de la victoire - raxxa","isPartOf":{"@id":"https:\/\/www.raxxa.com\/#website"},"primaryImageOfPage":{"@id":"https:\/\/www.raxxa.com\/shop\/poster-berlin-goldelse-auf-der-siegessaeule\/#primaryimage"},"image":{"@id":"https:\/\/www.raxxa.com\/shop\/poster-berlin-goldelse-auf-der-siegessaeule\/#primaryimage"},"thumbnailUrl":"https:\/\/www.raxxa.com\/wp-content\/uploads\/2025\/01\/raxxa-Wallart-340-18760-84-Thomas-Bugdoll-Berlin-Goldelse-auf-der-Siegessaule-14.jpg","datePublished":"2025-01-22T13:33:20+00:00","dateModified":"2025-11-02T20:04:53+00:00","breadcrumb":{"@id":"https:\/\/www.raxxa.com\/shop\/poster-berlin-goldelse-auf-der-siegessaeule\/#breadcrumb"},"inLanguage":"fr-FR","potentialAction":[{"@type":"ReadAction","target":["https:\/\/www.raxxa.com\/shop\/poster-berlin-goldelse-auf-der-siegessaeule\/"]}]},{"@type":"ImageObject","inLanguage":"fr-FR","@id":"https:\/\/www.raxxa.com\/shop\/poster-berlin-goldelse-auf-der-siegessaeule\/#primaryimage","url":"https:\/\/www.raxxa.com\/wp-content\/uploads\/2025\/01\/raxxa-Wallart-340-18760-84-Thomas-Bugdoll-Berlin-Goldelse-auf-der-Siegessaule-14.jpg","contentUrl":"https:\/\/www.raxxa.com\/wp-content\/uploads\/2025\/01\/raxxa-Wallart-340-18760-84-Thomas-Bugdoll-Berlin-Goldelse-auf-der-Siegessaule-14.jpg","width":1024,"height":1024},{"@type":"BreadcrumbList","@id":"https:\/\/www.raxxa.com\/shop\/poster-berlin-goldelse-auf-der-siegessaeule\/#breadcrumb","itemListElement":[{"@type":"ListItem","position":1,"name":"Startseite","item":"https:\/\/www.raxxa.com\/"},{"@type":"ListItem","position":2,"name":"Shop","item":"https:\/\/www.raxxa.com\/it\/shop\/"},{"@type":"ListItem","position":3,"name":"Poster: Berlin Goldelse auf der Siegess\u00e4ule"}]},{"@type":"WebSite","@id":"https:\/\/www.raxxa.com\/#website","url":"https:\/\/www.raxxa.com\/","name":"raxxa","description":"Des produits uniques et personnalis\u00e9s cr\u00e9\u00e9s par nos designers","publisher":{"@id":"https:\/\/www.raxxa.com\/#organization"},"potentialAction":[{"@type":"SearchAction","target":{"@type":"EntryPoint","urlTemplate":"https:\/\/www.raxxa.com\/?s={search_term_string}"},"query-input":{"@type":"PropertyValueSpecification","valueRequired":true,"valueName":"search_term_string"}}],"inLanguage":"fr-FR"},{"@type":"Organization","@id":"https:\/\/www.raxxa.com\/#organization","name":"raxxa","url":"https:\/\/www.raxxa.com\/","logo":{"@type":"ImageObject","inLanguage":"fr-FR","@id":"https:\/\/www.raxxa.com\/#\/schema\/logo\/image\/","url":"https:\/\/www.raxxa.com\/wp-content\/uploads\/2022\/07\/logo_v2.png","contentUrl":"https:\/\/www.raxxa.com\/wp-content\/uploads\/2022\/07\/logo_v2.png","width":380,"height":382,"caption":"raxxa"},"image":{"@id":"https:\/\/www.raxxa.com\/#\/schema\/logo\/image\/"},"sameAs":["https:\/\/facebook.com\/raxxacom"]}]},"og_availability":"instock","product_availability":"instock","product_retailer_item_id":"1-84-18760-340","product_condition":"new"},"jetpack_sharing_enabled":true,"_links":{"self":[{"href":"https:\/\/www.raxxa.com\/fr\/wp-json\/wp\/v2\/product\/216007","targetHints":{"allow":["GET"]}}],"collection":[{"href":"https:\/\/www.raxxa.com\/fr\/wp-json\/wp\/v2\/product"}],"about":[{"href":"https:\/\/www.raxxa.com\/fr\/wp-json\/wp\/v2\/types\/product"}],"replies":[{"embeddable":true,"href":"https:\/\/www.raxxa.com\/fr\/wp-json\/wp\/v2\/comments?post=216007"}],"wp:featuredmedia":[{"embeddable":true,"href":"https:\/\/www.raxxa.com\/fr\/wp-json\/wp\/v2\/media\/250857"}],"wp:attachment":[{"href":"https:\/\/www.raxxa.com\/fr\/wp-json\/wp\/v2\/media?parent=216007"}],"wp:term":[{"taxonomy":"product_brand","embeddable":true,"href":"https:\/\/www.raxxa.com\/fr\/wp-json\/wp\/v2\/product_brand?post=216007"},{"taxonomy":"product_cat","embeddable":true,"href":"https:\/\/www.raxxa.com\/fr\/wp-json\/wp\/v2\/product_cat?post=216007"},{"taxonomy":"product_tag","embeddable":true,"href":"https:\/\/www.raxxa.com\/fr\/wp-json\/wp\/v2\/product_tag?post=216007"}],"curies":[{"name":"wp","href":"https:\/\/api.w.org\/{rel}","templated":true}]}}