{"id":215986,"date":"2025-01-22T15:32:39","date_gmt":"2025-01-22T13:32:39","guid":{"rendered":"https:\/\/www.raxxa.com\/?post_type=product&#038;p=215986"},"modified":"2025-11-02T22:06:29","modified_gmt":"2025-11-02T20:06:29","slug":"poster-amsterdam-tanzende-haeuser","status":"publish","type":"product","link":"https:\/\/www.raxxa.com\/fr\/shop\/poster-amsterdam-tanzende-haeuser\/","title":{"rendered":"Poster : Amsterdam maisons dansantes"},"content":{"rendered":"<h3><strong>\"Amsterdam maisons dansantes\" by Thomas Bugdoll<\/strong><\/h3>\n<p><strong><\/strong><\/p>\n<p>Les Maisons dansantes d'Amsterdam sont une s\u00e9rie de sept maisons l\u00e9g\u00e8rement abaiss\u00e9es et inclin\u00e9es selon diff\u00e9rents angles.<\/p>\n<p>Elles sont LE sujet de photo \u00e0 Amsterdam. On trouve ces maisons color\u00e9es le long du Damrak, un canal situ\u00e9 au centre d'Amsterdam, entre Amsterdam Centraal au nord et la place du Dam au sud.<\/p>\n<p>&nbsp;<\/p>\n<ul><li>Poster de qualit\u00e9 mus\u00e9e sur papier d'archive mat durable (non couch\u00e9).<\/li><li>Poids du papier : 250 g \/ m\u00b2.<\/li><li>Envoi dans un emballage solide pour prot\u00e9ger le poster.<\/li><li>Ce produit est fabriqu\u00e9 sp\u00e9cialement pour toi, sur demande, dans la taille et le design souhait\u00e9s.<\/li><\/ul>","protected":false},"excerpt":{"rendered":"<p>&quot;Amsterdam Tanzende H\u00e4user&quot; by Thomas Bugdoll Die Amsterdamer Tanzenden H\u00e4user sind eine Reihe von sieben H\u00e4usern, die leicht abgesenkt sind und sich in verschiedenen Winkeln neigen. Sie sind DAS Fotomotiv in Amsterdam. Die bunten H\u00e4user findet man am Damrak, einem Kanal im Zentrum von Amsterdam, der zwischen Amsterdam Centraal im Norden und dem Dam-Platz im [&hellip;]<\/p>\n","protected":false},"featured_media":250866,"comment_status":"open","ping_status":"closed","template":"","meta":[],"product_brand":[],"product_cat":[12607,134,10378],"product_tag":[12925],"class_list":{"0":"post-215986","1":"product","2":"type-product","3":"status-publish","4":"has-post-thumbnail","6":"product_cat-thomas-bugdoll","7":"product_cat-orte","8":"product_cat-poster","9":"product_tag-amsterdam-niederlande-holland-langzeitbelichtung-nacht-nachtfotografie-architektur-lebkuchenhaus-damrak-altstadt-gracht-kanal-spiegelung-fineartfoto-fineart","10":"product_shipping_class-versand-t-shirts1","12":"first","13":"instock","14":"taxable","15":"shipping-taxable","16":"purchasable","17":"product-type-variable"},"yoast_head":"<!-- This site is optimized with the Yoast SEO Premium plugin v27.5 (Yoast SEO v27.5) - https:\/\/yoast.com\/product\/yoast-seo-premium-wordpress\/ -->\n<title>Poster: Amsterdam Tanzende H\u00e4user - raxxa<\/title>\n<meta name=\"robots\" content=\"index, follow, max-snippet:-1, max-image-preview:large, max-video-preview:-1\" \/>\n<link rel=\"canonical\" href=\"https:\/\/www.raxxa.com\/fr\/shop\/poster-amsterdam-tanzende-haeuser\/\" \/>\n<meta property=\"og:locale\" content=\"fr_FR\" \/>\n<meta property=\"og:type\" content=\"article\" \/>\n<meta property=\"og:title\" content=\"Poster: Amsterdam Tanzende H\u00e4user\" \/>\n<meta property=\"og:description\" content=\"&quot;Amsterdam Tanzende H\u00e4user&quot; by Thomas Bugdoll Die Amsterdamer Tanzenden H\u00e4user sind eine Reihe von sieben H\u00e4usern, die leicht abgesenkt sind und sich in verschiedenen Winkeln neigen. Sie sind DAS Fotomotiv in Amsterdam. Die bunten H\u00e4user findet man am Damrak, einem Kanal im Zentrum von Amsterdam, der zwischen Amsterdam Centraal im Norden und dem Dam-Platz im [&hellip;]\" \/>\n<meta property=\"og:url\" content=\"https:\/\/www.raxxa.com\/fr\/shop\/poster-amsterdam-tanzende-haeuser\/\" \/>\n<meta property=\"og:site_name\" content=\"raxxa\" \/>\n<meta property=\"article:publisher\" content=\"https:\/\/facebook.com\/raxxacom\" \/>\n<meta property=\"article:modified_time\" content=\"2025-11-02T20:06:29+00:00\" \/>\n<meta property=\"og:image\" content=\"https:\/\/www.raxxa.com\/wp-content\/uploads\/2025\/01\/raxxa-Wallart-340-18580-84-Thomas-Bugdoll-Amsterdam-Tanzende-Hauser-19.jpg\" \/>\n\t<meta property=\"og:image:width\" content=\"1024\" \/>\n\t<meta property=\"og:image:height\" content=\"1024\" \/>\n\t<meta property=\"og:image:type\" content=\"image\/jpeg\" \/>\n<meta name=\"twitter:card\" content=\"summary_large_image\" \/>\n<meta name=\"twitter:label1\" content=\"Disponibilit\u00e9\" \/>\n\t<meta name=\"twitter:data1\" content=\"En stock\" \/>\n<script type=\"application\/ld+json\" class=\"yoast-schema-graph\">{\"@context\":\"https:\\\/\\\/schema.org\",\"@graph\":[{\"@type\":[\"WebPage\",\"ItemPage\"],\"@id\":\"https:\\\/\\\/www.raxxa.com\\\/shop\\\/poster-amsterdam-tanzende-haeuser\\\/\",\"url\":\"https:\\\/\\\/www.raxxa.com\\\/shop\\\/poster-amsterdam-tanzende-haeuser\\\/\",\"name\":\"Poster: Amsterdam Tanzende H\u00e4user - raxxa\",\"isPartOf\":{\"@id\":\"https:\\\/\\\/www.raxxa.com\\\/#website\"},\"primaryImageOfPage\":{\"@id\":\"https:\\\/\\\/www.raxxa.com\\\/shop\\\/poster-amsterdam-tanzende-haeuser\\\/#primaryimage\"},\"image\":{\"@id\":\"https:\\\/\\\/www.raxxa.com\\\/shop\\\/poster-amsterdam-tanzende-haeuser\\\/#primaryimage\"},\"thumbnailUrl\":\"https:\\\/\\\/www.raxxa.com\\\/wp-content\\\/uploads\\\/2025\\\/01\\\/raxxa-Wallart-340-18580-84-Thomas-Bugdoll-Amsterdam-Tanzende-Hauser-19.jpg\",\"datePublished\":\"2025-01-22T13:32:39+00:00\",\"dateModified\":\"2025-11-02T20:06:29+00:00\",\"breadcrumb\":{\"@id\":\"https:\\\/\\\/www.raxxa.com\\\/shop\\\/poster-amsterdam-tanzende-haeuser\\\/#breadcrumb\"},\"inLanguage\":\"fr-FR\",\"potentialAction\":[{\"@type\":\"ReadAction\",\"target\":[\"https:\\\/\\\/www.raxxa.com\\\/shop\\\/poster-amsterdam-tanzende-haeuser\\\/\"]}]},{\"@type\":\"ImageObject\",\"inLanguage\":\"fr-FR\",\"@id\":\"https:\\\/\\\/www.raxxa.com\\\/shop\\\/poster-amsterdam-tanzende-haeuser\\\/#primaryimage\",\"url\":\"https:\\\/\\\/www.raxxa.com\\\/wp-content\\\/uploads\\\/2025\\\/01\\\/raxxa-Wallart-340-18580-84-Thomas-Bugdoll-Amsterdam-Tanzende-Hauser-19.jpg\",\"contentUrl\":\"https:\\\/\\\/www.raxxa.com\\\/wp-content\\\/uploads\\\/2025\\\/01\\\/raxxa-Wallart-340-18580-84-Thomas-Bugdoll-Amsterdam-Tanzende-Hauser-19.jpg\",\"width\":1024,\"height\":1024},{\"@type\":\"BreadcrumbList\",\"@id\":\"https:\\\/\\\/www.raxxa.com\\\/shop\\\/poster-amsterdam-tanzende-haeuser\\\/#breadcrumb\",\"itemListElement\":[{\"@type\":\"ListItem\",\"position\":1,\"name\":\"Startseite\",\"item\":\"https:\\\/\\\/www.raxxa.com\\\/\"},{\"@type\":\"ListItem\",\"position\":2,\"name\":\"Shop\",\"item\":\"https:\\\/\\\/www.raxxa.com\\\/it\\\/shop\\\/\"},{\"@type\":\"ListItem\",\"position\":3,\"name\":\"Poster: Amsterdam Tanzende H\u00e4user\"}]},{\"@type\":\"WebSite\",\"@id\":\"https:\\\/\\\/www.raxxa.com\\\/#website\",\"url\":\"https:\\\/\\\/www.raxxa.com\\\/\",\"name\":\"raxxa\",\"description\":\"Einzigartige individuelle Produkte von unseren Designern\",\"publisher\":{\"@id\":\"https:\\\/\\\/www.raxxa.com\\\/#organization\"},\"potentialAction\":[{\"@type\":\"SearchAction\",\"target\":{\"@type\":\"EntryPoint\",\"urlTemplate\":\"https:\\\/\\\/www.raxxa.com\\\/?s={search_term_string}\"},\"query-input\":{\"@type\":\"PropertyValueSpecification\",\"valueRequired\":true,\"valueName\":\"search_term_string\"}}],\"inLanguage\":\"fr-FR\"},{\"@type\":\"Organization\",\"@id\":\"https:\\\/\\\/www.raxxa.com\\\/#organization\",\"name\":\"raxxa\",\"url\":\"https:\\\/\\\/www.raxxa.com\\\/\",\"logo\":{\"@type\":\"ImageObject\",\"inLanguage\":\"fr-FR\",\"@id\":\"https:\\\/\\\/www.raxxa.com\\\/#\\\/schema\\\/logo\\\/image\\\/\",\"url\":\"https:\\\/\\\/www.raxxa.com\\\/wp-content\\\/uploads\\\/2022\\\/07\\\/logo_v2.png\",\"contentUrl\":\"https:\\\/\\\/www.raxxa.com\\\/wp-content\\\/uploads\\\/2022\\\/07\\\/logo_v2.png\",\"width\":380,\"height\":382,\"caption\":\"raxxa\"},\"image\":{\"@id\":\"https:\\\/\\\/www.raxxa.com\\\/#\\\/schema\\\/logo\\\/image\\\/\"},\"sameAs\":[\"https:\\\/\\\/facebook.com\\\/raxxacom\"]}]}<\/script>\n<meta property=\"og:availability\" content=\"instock\" \/>\n<meta property=\"product:availability\" content=\"instock\" \/>\n<meta property=\"product:retailer_item_id\" content=\"1-84-18580-340\" \/>\n<meta property=\"product:condition\" content=\"new\" \/>\n<!-- \/ Yoast SEO Premium plugin. -->","yoast_head_json":{"title":"Poster: Amsterdam Tanzende H\u00e4user - raxxa","robots":{"index":"index","follow":"follow","max-snippet":"max-snippet:-1","max-image-preview":"max-image-preview:large","max-video-preview":"max-video-preview:-1"},"canonical":"https:\/\/www.raxxa.com\/fr\/shop\/poster-amsterdam-tanzende-haeuser\/","og_locale":"fr_FR","og_type":"article","og_title":"Poster: Amsterdam Tanzende H\u00e4user","og_description":"&quot;Amsterdam Tanzende H\u00e4user&quot; by Thomas Bugdoll Die Amsterdamer Tanzenden H\u00e4user sind eine Reihe von sieben H\u00e4usern, die leicht abgesenkt sind und sich in verschiedenen Winkeln neigen. Sie sind DAS Fotomotiv in Amsterdam. Die bunten H\u00e4user findet man am Damrak, einem Kanal im Zentrum von Amsterdam, der zwischen Amsterdam Centraal im Norden und dem Dam-Platz im [&hellip;]","og_url":"https:\/\/www.raxxa.com\/fr\/shop\/poster-amsterdam-tanzende-haeuser\/","og_site_name":"raxxa","article_publisher":"https:\/\/facebook.com\/raxxacom","article_modified_time":"2025-11-02T20:06:29+00:00","og_image":[{"width":1024,"height":1024,"url":"https:\/\/www.raxxa.com\/wp-content\/uploads\/2025\/01\/raxxa-Wallart-340-18580-84-Thomas-Bugdoll-Amsterdam-Tanzende-Hauser-19.jpg","type":"image\/jpeg"}],"twitter_card":"summary_large_image","twitter_misc":{"Disponibilit\u00e9":"En stock"},"schema":{"@context":"https:\/\/schema.org","@graph":[{"@type":["WebPage","ItemPage"],"@id":"https:\/\/www.raxxa.com\/shop\/poster-amsterdam-tanzende-haeuser\/","url":"https:\/\/www.raxxa.com\/shop\/poster-amsterdam-tanzende-haeuser\/","name":"Poster: Amsterdam Tanzende H\u00e4user - raxxa","isPartOf":{"@id":"https:\/\/www.raxxa.com\/#website"},"primaryImageOfPage":{"@id":"https:\/\/www.raxxa.com\/shop\/poster-amsterdam-tanzende-haeuser\/#primaryimage"},"image":{"@id":"https:\/\/www.raxxa.com\/shop\/poster-amsterdam-tanzende-haeuser\/#primaryimage"},"thumbnailUrl":"https:\/\/www.raxxa.com\/wp-content\/uploads\/2025\/01\/raxxa-Wallart-340-18580-84-Thomas-Bugdoll-Amsterdam-Tanzende-Hauser-19.jpg","datePublished":"2025-01-22T13:32:39+00:00","dateModified":"2025-11-02T20:06:29+00:00","breadcrumb":{"@id":"https:\/\/www.raxxa.com\/shop\/poster-amsterdam-tanzende-haeuser\/#breadcrumb"},"inLanguage":"fr-FR","potentialAction":[{"@type":"ReadAction","target":["https:\/\/www.raxxa.com\/shop\/poster-amsterdam-tanzende-haeuser\/"]}]},{"@type":"ImageObject","inLanguage":"fr-FR","@id":"https:\/\/www.raxxa.com\/shop\/poster-amsterdam-tanzende-haeuser\/#primaryimage","url":"https:\/\/www.raxxa.com\/wp-content\/uploads\/2025\/01\/raxxa-Wallart-340-18580-84-Thomas-Bugdoll-Amsterdam-Tanzende-Hauser-19.jpg","contentUrl":"https:\/\/www.raxxa.com\/wp-content\/uploads\/2025\/01\/raxxa-Wallart-340-18580-84-Thomas-Bugdoll-Amsterdam-Tanzende-Hauser-19.jpg","width":1024,"height":1024},{"@type":"BreadcrumbList","@id":"https:\/\/www.raxxa.com\/shop\/poster-amsterdam-tanzende-haeuser\/#breadcrumb","itemListElement":[{"@type":"ListItem","position":1,"name":"Startseite","item":"https:\/\/www.raxxa.com\/"},{"@type":"ListItem","position":2,"name":"Shop","item":"https:\/\/www.raxxa.com\/it\/shop\/"},{"@type":"ListItem","position":3,"name":"Poster: Amsterdam Tanzende H\u00e4user"}]},{"@type":"WebSite","@id":"https:\/\/www.raxxa.com\/#website","url":"https:\/\/www.raxxa.com\/","name":"raxxa","description":"Des produits uniques et personnalis\u00e9s cr\u00e9\u00e9s par nos designers","publisher":{"@id":"https:\/\/www.raxxa.com\/#organization"},"potentialAction":[{"@type":"SearchAction","target":{"@type":"EntryPoint","urlTemplate":"https:\/\/www.raxxa.com\/?s={search_term_string}"},"query-input":{"@type":"PropertyValueSpecification","valueRequired":true,"valueName":"search_term_string"}}],"inLanguage":"fr-FR"},{"@type":"Organization","@id":"https:\/\/www.raxxa.com\/#organization","name":"raxxa","url":"https:\/\/www.raxxa.com\/","logo":{"@type":"ImageObject","inLanguage":"fr-FR","@id":"https:\/\/www.raxxa.com\/#\/schema\/logo\/image\/","url":"https:\/\/www.raxxa.com\/wp-content\/uploads\/2022\/07\/logo_v2.png","contentUrl":"https:\/\/www.raxxa.com\/wp-content\/uploads\/2022\/07\/logo_v2.png","width":380,"height":382,"caption":"raxxa"},"image":{"@id":"https:\/\/www.raxxa.com\/#\/schema\/logo\/image\/"},"sameAs":["https:\/\/facebook.com\/raxxacom"]}]},"og_availability":"instock","product_availability":"instock","product_retailer_item_id":"1-84-18580-340","product_condition":"new"},"jetpack_sharing_enabled":true,"_links":{"self":[{"href":"https:\/\/www.raxxa.com\/fr\/wp-json\/wp\/v2\/product\/215986","targetHints":{"allow":["GET"]}}],"collection":[{"href":"https:\/\/www.raxxa.com\/fr\/wp-json\/wp\/v2\/product"}],"about":[{"href":"https:\/\/www.raxxa.com\/fr\/wp-json\/wp\/v2\/types\/product"}],"replies":[{"embeddable":true,"href":"https:\/\/www.raxxa.com\/fr\/wp-json\/wp\/v2\/comments?post=215986"}],"wp:featuredmedia":[{"embeddable":true,"href":"https:\/\/www.raxxa.com\/fr\/wp-json\/wp\/v2\/media\/250866"}],"wp:attachment":[{"href":"https:\/\/www.raxxa.com\/fr\/wp-json\/wp\/v2\/media?parent=215986"}],"wp:term":[{"taxonomy":"product_brand","embeddable":true,"href":"https:\/\/www.raxxa.com\/fr\/wp-json\/wp\/v2\/product_brand?post=215986"},{"taxonomy":"product_cat","embeddable":true,"href":"https:\/\/www.raxxa.com\/fr\/wp-json\/wp\/v2\/product_cat?post=215986"},{"taxonomy":"product_tag","embeddable":true,"href":"https:\/\/www.raxxa.com\/fr\/wp-json\/wp\/v2\/product_tag?post=215986"}],"curies":[{"name":"wp","href":"https:\/\/api.w.org\/{rel}","templated":true}]}}