{"id":214896,"date":"2025-01-20T00:10:17","date_gmt":"2025-01-19T22:10:17","guid":{"rendered":"https:\/\/www.raxxa.com\/?post_type=product&#038;p=214896"},"modified":"2025-11-02T23:27:35","modified_gmt":"2025-11-02T21:27:35","slug":"raxxa-postkarte-akelei","status":"publish","type":"product","link":"https:\/\/www.raxxa.com\/fr\/shop\/raxxa-postkarte-akelei\/","title":{"rendered":"raxxa Carte postale : Ancolie"},"content":{"rendered":"<h3><strong>\"Ancolie\" par M. Yoda<\/strong><\/h3>\n<p><strong><\/strong><\/p>\n<p>De la s\u00e9rie enchant\u00e9e Funny Flowers<\/p>\n<p>L'ancolie, \u00e9galement connue sous le nom de sabot de f\u00e9e, enchante avec ses fleurs d\u00e9licates et gracieuses qui brillent dans une multitude de couleurs. Leur forme inhabituelle, qui rappelle celle de petites cloches ou de petits bonnets de f\u00e9e, en fait un v\u00e9ritable joyau dans le jardin. Les ancolies symbolisent la magie et le myst\u00e8re, et leurs fleurs diffusent une atmosph\u00e8re f\u00e9erique. Ces fleurs \u00e9l\u00e9gantes attirent le regard et apportent une touche de magie \u00e0 chaque paysage.<\/p>\n<p>&nbsp;<\/p>\n<ul><li>Nous imprimons la carte postale de votre choix en blanc ou avec un message personnel et l'envoyons dans le monde entier \u00e0 la personne de votre choix ou \u00e0 vous-m\u00eame.<\/li><li>Id\u00e9al pour le Postcrossing en ligne ou les v\u0153ux personnalis\u00e9s \u00e0 vos proches, vos amis, vos parents et vos connaissances.<\/li><li>Alternativement, en tant que carte vierge \u00e0 motif pur \u00e0 collectionner ou \u00e0 envoyer soi-m\u00eame.<\/li><li>Cartes postales DIN A6 (14,8 cm x 10,5 cm).<\/li><\/ul><br><br><b>Comment cr\u00e9er\/concevoir ma carte postale personnelle ?<\/b><br><br>1) Saisissez simplement le texte de votre message ou de votre salut (500 caract\u00e8res maximum).<br>2) Si vous souhaitez envoyer votre carte postale pour Postcrossing, inscrivez le PostcrossingID.<br>Sinon, laissez simplement ce champ vide.<br>3) Saisissez le pr\u00e9nom, le nom, le num\u00e9ro de rue, le code postal, la ville et le pays du destinataire de la carte postale dans les champs de saisie.<br>4) Vous pouvez maintenant ajouter votre carte postale personnalis\u00e9e au panier et la commander \u00e0 la caisse.<br><br>Nous imprimons maintenant votre carte postale personnelle, l'affranchissons et l'envoyons au destinataire que vous avez indiqu\u00e9.<br><br>Si vous avez des questions, n'h\u00e9sitez pas \u00e0 nous envoyer un message ou un e-mail.<br>","protected":false},"excerpt":{"rendered":"<p>&quot;Akelei&quot; by Mr. Yoda Aus der verzauberten Serie Funny Flowers Die Akelei, auch bekannt als Elfenschuh, bezaubert mit ihren zarten, anmutigen Bl\u00fcten, die in einer Vielzahl von Farben leuchten. Ihre ungew\u00f6hnliche Form, die an kleine Glocken oder Feenh\u00e4ubchen erinnert, macht sie zu einem wahren Schmuckst\u00fcck im Garten. Akeleien symbolisieren Magie und Geheimnis, und ihre Bl\u00fcten [&hellip;]<\/p>\n","protected":false},"featured_media":251181,"comment_status":"open","ping_status":"closed","template":"","meta":[],"product_brand":[],"product_cat":[11041,11884,10514],"product_tag":[],"class_list":{"0":"post-214896","1":"product","2":"type-product","3":"status-publish","4":"has-post-thumbnail","6":"product_cat-digital","7":"product_cat-postkarten","8":"product_cat-yoda","10":"first","11":"instock","12":"taxable","13":"shipping-taxable","14":"purchasable","15":"product-type-variable"},"yoast_head":"<!-- This site is optimized with the Yoast SEO Premium plugin v27.2 (Yoast SEO v27.3) - https:\/\/yoast.com\/product\/yoast-seo-premium-wordpress\/ -->\n<title>raxxa Postkarte: Akelei - raxxa<\/title>\n<meta name=\"robots\" content=\"index, follow, max-snippet:-1, max-image-preview:large, max-video-preview:-1\" \/>\n<link rel=\"canonical\" href=\"https:\/\/www.raxxa.com\/fr\/shop\/raxxa-postkarte-akelei\/\" \/>\n<meta property=\"og:locale\" content=\"fr_FR\" \/>\n<meta property=\"og:type\" content=\"article\" \/>\n<meta property=\"og:title\" content=\"raxxa Postkarte: Akelei\" \/>\n<meta property=\"og:description\" content=\"&quot;Akelei&quot; by Mr. Yoda Aus der verzauberten Serie Funny Flowers Die Akelei, auch bekannt als Elfenschuh, bezaubert mit ihren zarten, anmutigen Bl\u00fcten, die in einer Vielzahl von Farben leuchten. Ihre ungew\u00f6hnliche Form, die an kleine Glocken oder Feenh\u00e4ubchen erinnert, macht sie zu einem wahren Schmuckst\u00fcck im Garten. Akeleien symbolisieren Magie und Geheimnis, und ihre Bl\u00fcten [&hellip;]\" \/>\n<meta property=\"og:url\" content=\"https:\/\/www.raxxa.com\/fr\/shop\/raxxa-postkarte-akelei\/\" \/>\n<meta property=\"og:site_name\" content=\"raxxa\" \/>\n<meta property=\"article:publisher\" content=\"https:\/\/facebook.com\/raxxacom\" \/>\n<meta property=\"article:modified_time\" content=\"2025-11-02T21:27:35+00:00\" \/>\n<meta property=\"og:image\" content=\"https:\/\/www.raxxa.com\/wp-content\/uploads\/2025\/01\/raxxa-136-18473-185-Mr-Yoda-Akelei-8.jpg\" \/>\n\t<meta property=\"og:image:width\" content=\"1024\" \/>\n\t<meta property=\"og:image:height\" content=\"1024\" \/>\n\t<meta property=\"og:image:type\" content=\"image\/jpeg\" \/>\n<meta name=\"twitter:card\" content=\"summary_large_image\" \/>\n<meta name=\"twitter:label1\" content=\"Disponibilit\u00e9\" \/>\n\t<meta name=\"twitter:data1\" content=\"En stock\" \/>\n<script type=\"application\/ld+json\" class=\"yoast-schema-graph\">{\"@context\":\"https:\\\/\\\/schema.org\",\"@graph\":[{\"@type\":[\"WebPage\",\"ItemPage\"],\"@id\":\"https:\\\/\\\/www.raxxa.com\\\/en\\\/shop\\\/raxxa-postkarte-akelei\\\/\",\"url\":\"https:\\\/\\\/www.raxxa.com\\\/en\\\/shop\\\/raxxa-postkarte-akelei\\\/\",\"name\":\"raxxa Postkarte: Akelei - raxxa\",\"isPartOf\":{\"@id\":\"https:\\\/\\\/www.raxxa.com\\\/#website\"},\"primaryImageOfPage\":{\"@id\":\"https:\\\/\\\/www.raxxa.com\\\/en\\\/shop\\\/raxxa-postkarte-akelei\\\/#primaryimage\"},\"image\":{\"@id\":\"https:\\\/\\\/www.raxxa.com\\\/en\\\/shop\\\/raxxa-postkarte-akelei\\\/#primaryimage\"},\"thumbnailUrl\":\"https:\\\/\\\/www.raxxa.com\\\/wp-content\\\/uploads\\\/2025\\\/01\\\/raxxa-136-18473-185-Mr-Yoda-Akelei-8.jpg\",\"datePublished\":\"2025-01-19T22:10:17+00:00\",\"dateModified\":\"2025-11-02T21:27:35+00:00\",\"breadcrumb\":{\"@id\":\"https:\\\/\\\/www.raxxa.com\\\/en\\\/shop\\\/raxxa-postkarte-akelei\\\/#breadcrumb\"},\"inLanguage\":\"fr-FR\",\"potentialAction\":[{\"@type\":\"ReadAction\",\"target\":[\"https:\\\/\\\/www.raxxa.com\\\/en\\\/shop\\\/raxxa-postkarte-akelei\\\/\"]}]},{\"@type\":\"ImageObject\",\"inLanguage\":\"fr-FR\",\"@id\":\"https:\\\/\\\/www.raxxa.com\\\/en\\\/shop\\\/raxxa-postkarte-akelei\\\/#primaryimage\",\"url\":\"https:\\\/\\\/www.raxxa.com\\\/wp-content\\\/uploads\\\/2025\\\/01\\\/raxxa-136-18473-185-Mr-Yoda-Akelei-8.jpg\",\"contentUrl\":\"https:\\\/\\\/www.raxxa.com\\\/wp-content\\\/uploads\\\/2025\\\/01\\\/raxxa-136-18473-185-Mr-Yoda-Akelei-8.jpg\",\"width\":1024,\"height\":1024},{\"@type\":\"BreadcrumbList\",\"@id\":\"https:\\\/\\\/www.raxxa.com\\\/en\\\/shop\\\/raxxa-postkarte-akelei\\\/#breadcrumb\",\"itemListElement\":[{\"@type\":\"ListItem\",\"position\":1,\"name\":\"Startseite\",\"item\":\"https:\\\/\\\/www.raxxa.com\\\/\"},{\"@type\":\"ListItem\",\"position\":2,\"name\":\"Shop\",\"item\":\"https:\\\/\\\/www.raxxa.com\\\/it\\\/shop\\\/\"},{\"@type\":\"ListItem\",\"position\":3,\"name\":\"raxxa Postkarte: Akelei\"}]},{\"@type\":\"WebSite\",\"@id\":\"https:\\\/\\\/www.raxxa.com\\\/#website\",\"url\":\"https:\\\/\\\/www.raxxa.com\\\/\",\"name\":\"raxxa\",\"description\":\"Einzigartige individuelle Produkte von unseren Designern\",\"publisher\":{\"@id\":\"https:\\\/\\\/www.raxxa.com\\\/#organization\"},\"potentialAction\":[{\"@type\":\"SearchAction\",\"target\":{\"@type\":\"EntryPoint\",\"urlTemplate\":\"https:\\\/\\\/www.raxxa.com\\\/?s={search_term_string}\"},\"query-input\":{\"@type\":\"PropertyValueSpecification\",\"valueRequired\":true,\"valueName\":\"search_term_string\"}}],\"inLanguage\":\"fr-FR\"},{\"@type\":\"Organization\",\"@id\":\"https:\\\/\\\/www.raxxa.com\\\/#organization\",\"name\":\"raxxa\",\"url\":\"https:\\\/\\\/www.raxxa.com\\\/\",\"logo\":{\"@type\":\"ImageObject\",\"inLanguage\":\"fr-FR\",\"@id\":\"https:\\\/\\\/www.raxxa.com\\\/#\\\/schema\\\/logo\\\/image\\\/\",\"url\":\"https:\\\/\\\/www.raxxa.com\\\/wp-content\\\/uploads\\\/2022\\\/07\\\/logo_v2.png\",\"contentUrl\":\"https:\\\/\\\/www.raxxa.com\\\/wp-content\\\/uploads\\\/2022\\\/07\\\/logo_v2.png\",\"width\":380,\"height\":382,\"caption\":\"raxxa\"},\"image\":{\"@id\":\"https:\\\/\\\/www.raxxa.com\\\/#\\\/schema\\\/logo\\\/image\\\/\"},\"sameAs\":[\"https:\\\/\\\/facebook.com\\\/raxxacom\"]}]}<\/script>\n<meta property=\"og:availability\" content=\"instock\" \/>\n<meta property=\"product:availability\" content=\"instock\" \/>\n<meta property=\"product:retailer_item_id\" content=\"1-185-18473-136\" \/>\n<meta property=\"product:condition\" content=\"new\" \/>\n<!-- \/ Yoast SEO Premium plugin. -->","yoast_head_json":{"title":"raxxa Postkarte: Akelei - raxxa","robots":{"index":"index","follow":"follow","max-snippet":"max-snippet:-1","max-image-preview":"max-image-preview:large","max-video-preview":"max-video-preview:-1"},"canonical":"https:\/\/www.raxxa.com\/fr\/shop\/raxxa-postkarte-akelei\/","og_locale":"fr_FR","og_type":"article","og_title":"raxxa Postkarte: Akelei","og_description":"&quot;Akelei&quot; by Mr. Yoda Aus der verzauberten Serie Funny Flowers Die Akelei, auch bekannt als Elfenschuh, bezaubert mit ihren zarten, anmutigen Bl\u00fcten, die in einer Vielzahl von Farben leuchten. Ihre ungew\u00f6hnliche Form, die an kleine Glocken oder Feenh\u00e4ubchen erinnert, macht sie zu einem wahren Schmuckst\u00fcck im Garten. Akeleien symbolisieren Magie und Geheimnis, und ihre Bl\u00fcten [&hellip;]","og_url":"https:\/\/www.raxxa.com\/fr\/shop\/raxxa-postkarte-akelei\/","og_site_name":"raxxa","article_publisher":"https:\/\/facebook.com\/raxxacom","article_modified_time":"2025-11-02T21:27:35+00:00","og_image":[{"width":1024,"height":1024,"url":"https:\/\/www.raxxa.com\/wp-content\/uploads\/2025\/01\/raxxa-136-18473-185-Mr-Yoda-Akelei-8.jpg","type":"image\/jpeg"}],"twitter_card":"summary_large_image","twitter_misc":{"Disponibilit\u00e9":"En stock"},"schema":{"@context":"https:\/\/schema.org","@graph":[{"@type":["WebPage","ItemPage"],"@id":"https:\/\/www.raxxa.com\/en\/shop\/raxxa-postkarte-akelei\/","url":"https:\/\/www.raxxa.com\/en\/shop\/raxxa-postkarte-akelei\/","name":"raxxa Postkarte: Akelei - raxxa","isPartOf":{"@id":"https:\/\/www.raxxa.com\/#website"},"primaryImageOfPage":{"@id":"https:\/\/www.raxxa.com\/en\/shop\/raxxa-postkarte-akelei\/#primaryimage"},"image":{"@id":"https:\/\/www.raxxa.com\/en\/shop\/raxxa-postkarte-akelei\/#primaryimage"},"thumbnailUrl":"https:\/\/www.raxxa.com\/wp-content\/uploads\/2025\/01\/raxxa-136-18473-185-Mr-Yoda-Akelei-8.jpg","datePublished":"2025-01-19T22:10:17+00:00","dateModified":"2025-11-02T21:27:35+00:00","breadcrumb":{"@id":"https:\/\/www.raxxa.com\/en\/shop\/raxxa-postkarte-akelei\/#breadcrumb"},"inLanguage":"fr-FR","potentialAction":[{"@type":"ReadAction","target":["https:\/\/www.raxxa.com\/en\/shop\/raxxa-postkarte-akelei\/"]}]},{"@type":"ImageObject","inLanguage":"fr-FR","@id":"https:\/\/www.raxxa.com\/en\/shop\/raxxa-postkarte-akelei\/#primaryimage","url":"https:\/\/www.raxxa.com\/wp-content\/uploads\/2025\/01\/raxxa-136-18473-185-Mr-Yoda-Akelei-8.jpg","contentUrl":"https:\/\/www.raxxa.com\/wp-content\/uploads\/2025\/01\/raxxa-136-18473-185-Mr-Yoda-Akelei-8.jpg","width":1024,"height":1024},{"@type":"BreadcrumbList","@id":"https:\/\/www.raxxa.com\/en\/shop\/raxxa-postkarte-akelei\/#breadcrumb","itemListElement":[{"@type":"ListItem","position":1,"name":"Startseite","item":"https:\/\/www.raxxa.com\/"},{"@type":"ListItem","position":2,"name":"Shop","item":"https:\/\/www.raxxa.com\/it\/shop\/"},{"@type":"ListItem","position":3,"name":"raxxa Postkarte: Akelei"}]},{"@type":"WebSite","@id":"https:\/\/www.raxxa.com\/#website","url":"https:\/\/www.raxxa.com\/","name":"raxxa","description":"Des produits uniques et personnalis\u00e9s cr\u00e9\u00e9s par nos designers","publisher":{"@id":"https:\/\/www.raxxa.com\/#organization"},"potentialAction":[{"@type":"SearchAction","target":{"@type":"EntryPoint","urlTemplate":"https:\/\/www.raxxa.com\/?s={search_term_string}"},"query-input":{"@type":"PropertyValueSpecification","valueRequired":true,"valueName":"search_term_string"}}],"inLanguage":"fr-FR"},{"@type":"Organization","@id":"https:\/\/www.raxxa.com\/#organization","name":"raxxa","url":"https:\/\/www.raxxa.com\/","logo":{"@type":"ImageObject","inLanguage":"fr-FR","@id":"https:\/\/www.raxxa.com\/#\/schema\/logo\/image\/","url":"https:\/\/www.raxxa.com\/wp-content\/uploads\/2022\/07\/logo_v2.png","contentUrl":"https:\/\/www.raxxa.com\/wp-content\/uploads\/2022\/07\/logo_v2.png","width":380,"height":382,"caption":"raxxa"},"image":{"@id":"https:\/\/www.raxxa.com\/#\/schema\/logo\/image\/"},"sameAs":["https:\/\/facebook.com\/raxxacom"]}]},"og_availability":"instock","product_availability":"instock","product_retailer_item_id":"1-185-18473-136","product_condition":"new"},"jetpack_sharing_enabled":true,"_links":{"self":[{"href":"https:\/\/www.raxxa.com\/fr\/wp-json\/wp\/v2\/product\/214896","targetHints":{"allow":["GET"]}}],"collection":[{"href":"https:\/\/www.raxxa.com\/fr\/wp-json\/wp\/v2\/product"}],"about":[{"href":"https:\/\/www.raxxa.com\/fr\/wp-json\/wp\/v2\/types\/product"}],"replies":[{"embeddable":true,"href":"https:\/\/www.raxxa.com\/fr\/wp-json\/wp\/v2\/comments?post=214896"}],"wp:featuredmedia":[{"embeddable":true,"href":"https:\/\/www.raxxa.com\/fr\/wp-json\/wp\/v2\/media\/251181"}],"wp:attachment":[{"href":"https:\/\/www.raxxa.com\/fr\/wp-json\/wp\/v2\/media?parent=214896"}],"wp:term":[{"taxonomy":"product_brand","embeddable":true,"href":"https:\/\/www.raxxa.com\/fr\/wp-json\/wp\/v2\/product_brand?post=214896"},{"taxonomy":"product_cat","embeddable":true,"href":"https:\/\/www.raxxa.com\/fr\/wp-json\/wp\/v2\/product_cat?post=214896"},{"taxonomy":"product_tag","embeddable":true,"href":"https:\/\/www.raxxa.com\/fr\/wp-json\/wp\/v2\/product_tag?post=214896"}],"curies":[{"name":"wp","href":"https:\/\/api.w.org\/{rel}","templated":true}]}}