{"id":214521,"date":"2025-01-11T20:13:06","date_gmt":"2025-01-11T18:13:06","guid":{"rendered":"https:\/\/www.raxxa.com\/?post_type=product&#038;p=214521"},"modified":"2025-11-02T23:54:44","modified_gmt":"2025-11-02T21:54:44","slug":"raxxa-postkarte-aus-dem-eis","status":"publish","type":"product","link":"https:\/\/www.raxxa.com\/fr\/shop\/raxxa-postkarte-aus-dem-eis\/","title":{"rendered":"raxxa Carte postale : De la glace"},"content":{"rendered":"<h3><strong>\"De la glace\" by Claudia Schellmann<\/strong><\/h3>\n<p><strong><\/strong><\/p>\n<p>Je suis enthousiasm\u00e9 par la combinaison de couleurs gris fonc\u00e9 et bleu d'eau et par les plages d'Islande qui offrent ces couleurs. On s'y sent tr\u00e8s proche de l'histoire de la Terre, alors l'id\u00e9e d'un animal primitif qui pourrait vivre dans ces \u00e9l\u00e9ments n'\u00e9tait pas loin.<\/p>\n<p>&nbsp;<\/p>\n<ul><li>Nous imprimons la carte postale de votre choix en blanc ou avec un message personnel et l'envoyons dans le monde entier \u00e0 la personne de votre choix ou \u00e0 vous-m\u00eame.<\/li><li>Id\u00e9al pour le Postcrossing en ligne ou les v\u0153ux personnalis\u00e9s \u00e0 vos proches, vos amis, vos parents et vos connaissances.<\/li><li>Alternativement, en tant que carte vierge \u00e0 motif pur \u00e0 collectionner ou \u00e0 envoyer soi-m\u00eame.<\/li><li>Cartes postales DIN A6 (14,8 cm x 10,5 cm).<\/li><\/ul><br><br><b>Comment cr\u00e9er\/concevoir ma carte postale personnelle ?<\/b><br><br>1) Saisissez simplement le texte de votre message ou de votre salut (500 caract\u00e8res maximum).<br>2) Si vous souhaitez envoyer votre carte postale pour Postcrossing, inscrivez le PostcrossingID.<br>Sinon, laissez simplement ce champ vide.<br>3) Saisissez le pr\u00e9nom, le nom, le num\u00e9ro de rue, le code postal, la ville et le pays du destinataire de la carte postale dans les champs de saisie.<br>4) Vous pouvez maintenant ajouter votre carte postale personnalis\u00e9e au panier et la commander \u00e0 la caisse.<br><br>Nous imprimons maintenant votre carte postale personnelle, l'affranchissons et l'envoyons au destinataire que vous avez indiqu\u00e9.<br><br>Si vous avez des questions, n'h\u00e9sitez pas \u00e0 nous envoyer un message ou un e-mail.<br>","protected":false},"excerpt":{"rendered":"<p>&quot;Aus dem Eis&quot; by Claudia Schellmann Mich begeistert die Farbkombination von dunkelgrau und wasserblau und die Str\u00e4nde von Island, die diese Farben bieten. Man kommt sich dort der Erdgeschichte ganz nah vor, da war die Idee von einem urt\u00fcmlichen Tier, das in diesen Elementen leben k\u00f6nnte, nicht weit weg. &nbsp;<\/p>","protected":false},"featured_media":251273,"comment_status":"open","ping_status":"closed","template":"","meta":[],"product_brand":[],"product_cat":[11600,11884,10211],"product_tag":[],"class_list":{"0":"post-214521","1":"product","2":"type-product","3":"status-publish","4":"has-post-thumbnail","6":"product_cat-fantasy-mythologie","7":"product_cat-postkarten","8":"product_cat-claudia-schellmann","10":"first","11":"instock","12":"taxable","13":"shipping-taxable","14":"purchasable","15":"product-type-variable"},"yoast_head":"<!-- This site is optimized with the Yoast SEO Premium plugin v27.4 (Yoast SEO v27.4) - https:\/\/yoast.com\/product\/yoast-seo-premium-wordpress\/ -->\n<title>raxxa Postkarte: Aus dem Eis - raxxa<\/title>\n<meta name=\"robots\" content=\"index, follow, max-snippet:-1, max-image-preview:large, max-video-preview:-1\" \/>\n<link rel=\"canonical\" href=\"https:\/\/www.raxxa.com\/fr\/shop\/raxxa-postkarte-aus-dem-eis\/\" \/>\n<meta property=\"og:locale\" content=\"fr_FR\" \/>\n<meta property=\"og:type\" content=\"article\" \/>\n<meta property=\"og:title\" content=\"raxxa Postkarte: Aus dem Eis\" \/>\n<meta property=\"og:description\" content=\"&quot;Aus dem Eis&quot; by Claudia Schellmann Mich begeistert die Farbkombination von dunkelgrau und wasserblau und die Str\u00e4nde von Island, die diese Farben bieten. Man kommt sich dort der Erdgeschichte ganz nah vor, da war die Idee von einem urt\u00fcmlichen Tier, das in diesen Elementen leben k\u00f6nnte, nicht weit weg. &nbsp;\" \/>\n<meta property=\"og:url\" content=\"https:\/\/www.raxxa.com\/fr\/shop\/raxxa-postkarte-aus-dem-eis\/\" \/>\n<meta property=\"og:site_name\" content=\"raxxa\" \/>\n<meta property=\"article:publisher\" content=\"https:\/\/facebook.com\/raxxacom\" \/>\n<meta property=\"article:modified_time\" content=\"2025-11-02T21:54:44+00:00\" \/>\n<meta property=\"og:image\" content=\"https:\/\/www.raxxa.com\/wp-content\/uploads\/2025\/01\/raxxa-131-2450-185-Claudia-Schellmann-Aus-dem-Eis-26.jpg\" \/>\n\t<meta property=\"og:image:width\" content=\"1024\" \/>\n\t<meta property=\"og:image:height\" content=\"1024\" \/>\n\t<meta property=\"og:image:type\" content=\"image\/jpeg\" \/>\n<meta name=\"twitter:card\" content=\"summary_large_image\" \/>\n<meta name=\"twitter:label1\" content=\"Disponibilit\u00e9\" \/>\n\t<meta name=\"twitter:data1\" content=\"En stock\" \/>\n<script type=\"application\/ld+json\" class=\"yoast-schema-graph\">{\"@context\":\"https:\\\/\\\/schema.org\",\"@graph\":[{\"@type\":[\"WebPage\",\"ItemPage\"],\"@id\":\"https:\\\/\\\/www.raxxa.com\\\/shop\\\/raxxa-postkarte-aus-dem-eis\\\/\",\"url\":\"https:\\\/\\\/www.raxxa.com\\\/shop\\\/raxxa-postkarte-aus-dem-eis\\\/\",\"name\":\"raxxa Postkarte: Aus dem Eis - raxxa\",\"isPartOf\":{\"@id\":\"https:\\\/\\\/www.raxxa.com\\\/#website\"},\"primaryImageOfPage\":{\"@id\":\"https:\\\/\\\/www.raxxa.com\\\/shop\\\/raxxa-postkarte-aus-dem-eis\\\/#primaryimage\"},\"image\":{\"@id\":\"https:\\\/\\\/www.raxxa.com\\\/shop\\\/raxxa-postkarte-aus-dem-eis\\\/#primaryimage\"},\"thumbnailUrl\":\"https:\\\/\\\/www.raxxa.com\\\/wp-content\\\/uploads\\\/2025\\\/01\\\/raxxa-131-2450-185-Claudia-Schellmann-Aus-dem-Eis-26.jpg\",\"datePublished\":\"2025-01-11T18:13:06+00:00\",\"dateModified\":\"2025-11-02T21:54:44+00:00\",\"breadcrumb\":{\"@id\":\"https:\\\/\\\/www.raxxa.com\\\/shop\\\/raxxa-postkarte-aus-dem-eis\\\/#breadcrumb\"},\"inLanguage\":\"fr-FR\",\"potentialAction\":[{\"@type\":\"ReadAction\",\"target\":[\"https:\\\/\\\/www.raxxa.com\\\/shop\\\/raxxa-postkarte-aus-dem-eis\\\/\"]}]},{\"@type\":\"ImageObject\",\"inLanguage\":\"fr-FR\",\"@id\":\"https:\\\/\\\/www.raxxa.com\\\/shop\\\/raxxa-postkarte-aus-dem-eis\\\/#primaryimage\",\"url\":\"https:\\\/\\\/www.raxxa.com\\\/wp-content\\\/uploads\\\/2025\\\/01\\\/raxxa-131-2450-185-Claudia-Schellmann-Aus-dem-Eis-26.jpg\",\"contentUrl\":\"https:\\\/\\\/www.raxxa.com\\\/wp-content\\\/uploads\\\/2025\\\/01\\\/raxxa-131-2450-185-Claudia-Schellmann-Aus-dem-Eis-26.jpg\",\"width\":1024,\"height\":1024},{\"@type\":\"BreadcrumbList\",\"@id\":\"https:\\\/\\\/www.raxxa.com\\\/shop\\\/raxxa-postkarte-aus-dem-eis\\\/#breadcrumb\",\"itemListElement\":[{\"@type\":\"ListItem\",\"position\":1,\"name\":\"Startseite\",\"item\":\"https:\\\/\\\/www.raxxa.com\\\/\"},{\"@type\":\"ListItem\",\"position\":2,\"name\":\"Shop\",\"item\":\"https:\\\/\\\/www.raxxa.com\\\/it\\\/shop\\\/\"},{\"@type\":\"ListItem\",\"position\":3,\"name\":\"raxxa Postkarte: Aus dem Eis\"}]},{\"@type\":\"WebSite\",\"@id\":\"https:\\\/\\\/www.raxxa.com\\\/#website\",\"url\":\"https:\\\/\\\/www.raxxa.com\\\/\",\"name\":\"raxxa\",\"description\":\"Einzigartige individuelle Produkte von unseren Designern\",\"publisher\":{\"@id\":\"https:\\\/\\\/www.raxxa.com\\\/#organization\"},\"potentialAction\":[{\"@type\":\"SearchAction\",\"target\":{\"@type\":\"EntryPoint\",\"urlTemplate\":\"https:\\\/\\\/www.raxxa.com\\\/?s={search_term_string}\"},\"query-input\":{\"@type\":\"PropertyValueSpecification\",\"valueRequired\":true,\"valueName\":\"search_term_string\"}}],\"inLanguage\":\"fr-FR\"},{\"@type\":\"Organization\",\"@id\":\"https:\\\/\\\/www.raxxa.com\\\/#organization\",\"name\":\"raxxa\",\"url\":\"https:\\\/\\\/www.raxxa.com\\\/\",\"logo\":{\"@type\":\"ImageObject\",\"inLanguage\":\"fr-FR\",\"@id\":\"https:\\\/\\\/www.raxxa.com\\\/#\\\/schema\\\/logo\\\/image\\\/\",\"url\":\"https:\\\/\\\/www.raxxa.com\\\/wp-content\\\/uploads\\\/2022\\\/07\\\/logo_v2.png\",\"contentUrl\":\"https:\\\/\\\/www.raxxa.com\\\/wp-content\\\/uploads\\\/2022\\\/07\\\/logo_v2.png\",\"width\":380,\"height\":382,\"caption\":\"raxxa\"},\"image\":{\"@id\":\"https:\\\/\\\/www.raxxa.com\\\/#\\\/schema\\\/logo\\\/image\\\/\"},\"sameAs\":[\"https:\\\/\\\/facebook.com\\\/raxxacom\"]}]}<\/script>\n<meta property=\"og:availability\" content=\"instock\" \/>\n<meta property=\"product:availability\" content=\"instock\" \/>\n<meta property=\"product:retailer_item_id\" content=\"1-185-2450-131\" \/>\n<meta property=\"product:condition\" content=\"new\" \/>\n<!-- \/ Yoast SEO Premium plugin. -->","yoast_head_json":{"title":"raxxa Postkarte: Aus dem Eis - raxxa","robots":{"index":"index","follow":"follow","max-snippet":"max-snippet:-1","max-image-preview":"max-image-preview:large","max-video-preview":"max-video-preview:-1"},"canonical":"https:\/\/www.raxxa.com\/fr\/shop\/raxxa-postkarte-aus-dem-eis\/","og_locale":"fr_FR","og_type":"article","og_title":"raxxa Postkarte: Aus dem Eis","og_description":"&quot;Aus dem Eis&quot; by Claudia Schellmann Mich begeistert die Farbkombination von dunkelgrau und wasserblau und die Str\u00e4nde von Island, die diese Farben bieten. Man kommt sich dort der Erdgeschichte ganz nah vor, da war die Idee von einem urt\u00fcmlichen Tier, das in diesen Elementen leben k\u00f6nnte, nicht weit weg. &nbsp;","og_url":"https:\/\/www.raxxa.com\/fr\/shop\/raxxa-postkarte-aus-dem-eis\/","og_site_name":"raxxa","article_publisher":"https:\/\/facebook.com\/raxxacom","article_modified_time":"2025-11-02T21:54:44+00:00","og_image":[{"width":1024,"height":1024,"url":"https:\/\/www.raxxa.com\/wp-content\/uploads\/2025\/01\/raxxa-131-2450-185-Claudia-Schellmann-Aus-dem-Eis-26.jpg","type":"image\/jpeg"}],"twitter_card":"summary_large_image","twitter_misc":{"Disponibilit\u00e9":"En stock"},"schema":{"@context":"https:\/\/schema.org","@graph":[{"@type":["WebPage","ItemPage"],"@id":"https:\/\/www.raxxa.com\/shop\/raxxa-postkarte-aus-dem-eis\/","url":"https:\/\/www.raxxa.com\/shop\/raxxa-postkarte-aus-dem-eis\/","name":"raxxa Postkarte: Aus dem Eis - raxxa","isPartOf":{"@id":"https:\/\/www.raxxa.com\/#website"},"primaryImageOfPage":{"@id":"https:\/\/www.raxxa.com\/shop\/raxxa-postkarte-aus-dem-eis\/#primaryimage"},"image":{"@id":"https:\/\/www.raxxa.com\/shop\/raxxa-postkarte-aus-dem-eis\/#primaryimage"},"thumbnailUrl":"https:\/\/www.raxxa.com\/wp-content\/uploads\/2025\/01\/raxxa-131-2450-185-Claudia-Schellmann-Aus-dem-Eis-26.jpg","datePublished":"2025-01-11T18:13:06+00:00","dateModified":"2025-11-02T21:54:44+00:00","breadcrumb":{"@id":"https:\/\/www.raxxa.com\/shop\/raxxa-postkarte-aus-dem-eis\/#breadcrumb"},"inLanguage":"fr-FR","potentialAction":[{"@type":"ReadAction","target":["https:\/\/www.raxxa.com\/shop\/raxxa-postkarte-aus-dem-eis\/"]}]},{"@type":"ImageObject","inLanguage":"fr-FR","@id":"https:\/\/www.raxxa.com\/shop\/raxxa-postkarte-aus-dem-eis\/#primaryimage","url":"https:\/\/www.raxxa.com\/wp-content\/uploads\/2025\/01\/raxxa-131-2450-185-Claudia-Schellmann-Aus-dem-Eis-26.jpg","contentUrl":"https:\/\/www.raxxa.com\/wp-content\/uploads\/2025\/01\/raxxa-131-2450-185-Claudia-Schellmann-Aus-dem-Eis-26.jpg","width":1024,"height":1024},{"@type":"BreadcrumbList","@id":"https:\/\/www.raxxa.com\/shop\/raxxa-postkarte-aus-dem-eis\/#breadcrumb","itemListElement":[{"@type":"ListItem","position":1,"name":"Startseite","item":"https:\/\/www.raxxa.com\/"},{"@type":"ListItem","position":2,"name":"Shop","item":"https:\/\/www.raxxa.com\/it\/shop\/"},{"@type":"ListItem","position":3,"name":"raxxa Postkarte: Aus dem Eis"}]},{"@type":"WebSite","@id":"https:\/\/www.raxxa.com\/#website","url":"https:\/\/www.raxxa.com\/","name":"raxxa","description":"Des produits uniques et personnalis\u00e9s cr\u00e9\u00e9s par nos designers","publisher":{"@id":"https:\/\/www.raxxa.com\/#organization"},"potentialAction":[{"@type":"SearchAction","target":{"@type":"EntryPoint","urlTemplate":"https:\/\/www.raxxa.com\/?s={search_term_string}"},"query-input":{"@type":"PropertyValueSpecification","valueRequired":true,"valueName":"search_term_string"}}],"inLanguage":"fr-FR"},{"@type":"Organization","@id":"https:\/\/www.raxxa.com\/#organization","name":"raxxa","url":"https:\/\/www.raxxa.com\/","logo":{"@type":"ImageObject","inLanguage":"fr-FR","@id":"https:\/\/www.raxxa.com\/#\/schema\/logo\/image\/","url":"https:\/\/www.raxxa.com\/wp-content\/uploads\/2022\/07\/logo_v2.png","contentUrl":"https:\/\/www.raxxa.com\/wp-content\/uploads\/2022\/07\/logo_v2.png","width":380,"height":382,"caption":"raxxa"},"image":{"@id":"https:\/\/www.raxxa.com\/#\/schema\/logo\/image\/"},"sameAs":["https:\/\/facebook.com\/raxxacom"]}]},"og_availability":"instock","product_availability":"instock","product_retailer_item_id":"1-185-2450-131","product_condition":"new"},"jetpack_sharing_enabled":true,"_links":{"self":[{"href":"https:\/\/www.raxxa.com\/fr\/wp-json\/wp\/v2\/product\/214521","targetHints":{"allow":["GET"]}}],"collection":[{"href":"https:\/\/www.raxxa.com\/fr\/wp-json\/wp\/v2\/product"}],"about":[{"href":"https:\/\/www.raxxa.com\/fr\/wp-json\/wp\/v2\/types\/product"}],"replies":[{"embeddable":true,"href":"https:\/\/www.raxxa.com\/fr\/wp-json\/wp\/v2\/comments?post=214521"}],"wp:featuredmedia":[{"embeddable":true,"href":"https:\/\/www.raxxa.com\/fr\/wp-json\/wp\/v2\/media\/251273"}],"wp:attachment":[{"href":"https:\/\/www.raxxa.com\/fr\/wp-json\/wp\/v2\/media?parent=214521"}],"wp:term":[{"taxonomy":"product_brand","embeddable":true,"href":"https:\/\/www.raxxa.com\/fr\/wp-json\/wp\/v2\/product_brand?post=214521"},{"taxonomy":"product_cat","embeddable":true,"href":"https:\/\/www.raxxa.com\/fr\/wp-json\/wp\/v2\/product_cat?post=214521"},{"taxonomy":"product_tag","embeddable":true,"href":"https:\/\/www.raxxa.com\/fr\/wp-json\/wp\/v2\/product_tag?post=214521"}],"curies":[{"name":"wp","href":"https:\/\/api.w.org\/{rel}","templated":true}]}}