{"id":211157,"date":"2024-11-30T10:29:40","date_gmt":"2024-11-30T08:29:40","guid":{"rendered":"https:\/\/www.raxxa.com\/?post_type=product&#038;p=211157"},"modified":"2025-11-03T03:58:22","modified_gmt":"2025-11-03T01:58:22","slug":"poster-amalfi-die-amalfikueste","status":"publish","type":"product","link":"https:\/\/www.raxxa.com\/fr\/shop\/poster-amalfi-die-amalfikueste\/","title":{"rendered":"Poster : Amalfi la c\u00f4te amalfitaine"},"content":{"rendered":"<h3><strong>\"Amalfi la c\u00f4te amalfitaine\" by Thomas Bugdoll<\/strong><\/h3>\n<p><strong><\/strong><\/p>\n<p>Situ\u00e9e au centre de la c\u00f4te amalfitaine, Amalfi est une station baln\u00e9aire populaire du sud de l'Italie. C'est une ville de la r\u00e9gion italienne de Campanie et le chef-lieu de la c\u00f4te amalfitaine. C'est \u00e0 cette jolie ville que la c\u00f4te amalfitaine doit son nom. Depuis 1997, la partie de la c\u00f4te situ\u00e9e entre Positano et Vietri sul Mare est inscrite au patrimoine naturel mondial de l'UNESCO.<\/p>\n<p>&nbsp;<\/p>\n<ul><li>Poster de qualit\u00e9 mus\u00e9e sur papier d'archive mat durable (non couch\u00e9).<\/li><li>Poids du papier : 250 g \/ m\u00b2.<\/li><li>Envoi dans un emballage solide pour prot\u00e9ger le poster.<\/li><li>Ce produit est fabriqu\u00e9 sp\u00e9cialement pour toi, sur demande, dans la taille et le design souhait\u00e9s.<\/li><\/ul>","protected":false},"excerpt":{"rendered":"<p>&quot;Amalfi die Amalfik\u00fcste&quot; by Thomas Bugdoll Amalfi liegt in der Mitte der Amalfik\u00fcste und ist ein beliebter Urlaubsort in S\u00fcditalien. Sie ist eine Stadt in der italienischen Region Kampanien und Hauptort der Amalfik\u00fcste. Diesem h\u00fcbschen Ort verdankt die Amalfik\u00fcste ihren Namen. Seit 1997 geh\u00f6rt der K\u00fcstenabschnitt zwischen Positano und Vietri sul Mare zum UNESCO-Weltnaturerbe. &nbsp;<\/p>","protected":false},"featured_media":252348,"comment_status":"open","ping_status":"closed","template":"","meta":[],"product_brand":[],"product_cat":[12607,134,10378],"product_tag":[12656],"class_list":{"0":"post-211157","1":"product","2":"type-product","3":"status-publish","4":"has-post-thumbnail","6":"product_cat-thomas-bugdoll","7":"product_cat-orte","8":"product_cat-poster","9":"product_tag-italien-mittelmeer-landschaft-mediterran-amalfikueste-kueste-meer-berge-kampanien-sueditalien-neapel-europa-amalfi","10":"product_shipping_class-versand-t-shirts1","12":"first","13":"instock","14":"taxable","15":"shipping-taxable","16":"purchasable","17":"product-type-variable"},"yoast_head":"<!-- This site is optimized with the Yoast SEO Premium plugin v27.5 (Yoast SEO v27.6) - https:\/\/yoast.com\/product\/yoast-seo-premium-wordpress\/ -->\n<title>Poster: Amalfi die Amalfik\u00fcste - raxxa<\/title>\n<meta name=\"robots\" content=\"index, follow, max-snippet:-1, max-image-preview:large, max-video-preview:-1\" \/>\n<link rel=\"canonical\" href=\"https:\/\/www.raxxa.com\/fr\/shop\/poster-amalfi-die-amalfikueste\/\" \/>\n<meta property=\"og:locale\" content=\"fr_FR\" \/>\n<meta property=\"og:type\" content=\"article\" \/>\n<meta property=\"og:title\" content=\"Poster: Amalfi die Amalfik\u00fcste\" \/>\n<meta property=\"og:description\" content=\"&quot;Amalfi die Amalfik\u00fcste&quot; by Thomas Bugdoll Amalfi liegt in der Mitte der Amalfik\u00fcste und ist ein beliebter Urlaubsort in S\u00fcditalien. Sie ist eine Stadt in der italienischen Region Kampanien und Hauptort der Amalfik\u00fcste. Diesem h\u00fcbschen Ort verdankt die Amalfik\u00fcste ihren Namen. Seit 1997 geh\u00f6rt der K\u00fcstenabschnitt zwischen Positano und Vietri sul Mare zum UNESCO-Weltnaturerbe. &nbsp;\" \/>\n<meta property=\"og:url\" content=\"https:\/\/www.raxxa.com\/fr\/shop\/poster-amalfi-die-amalfikueste\/\" \/>\n<meta property=\"og:site_name\" content=\"raxxa\" \/>\n<meta property=\"article:publisher\" content=\"https:\/\/facebook.com\/raxxacom\" \/>\n<meta property=\"article:modified_time\" content=\"2025-11-03T01:58:22+00:00\" \/>\n<meta property=\"og:image\" content=\"https:\/\/www.raxxa.com\/wp-content\/uploads\/2024\/11\/raxxa-Wallart-340-18169-84-Thomas-Bugdoll-Amalfi-die-Amalfikueste-10.jpg\" \/>\n\t<meta property=\"og:image:width\" content=\"1024\" \/>\n\t<meta property=\"og:image:height\" content=\"1024\" \/>\n\t<meta property=\"og:image:type\" content=\"image\/jpeg\" \/>\n<meta name=\"twitter:card\" content=\"summary_large_image\" \/>\n<meta name=\"twitter:label1\" content=\"Disponibilit\u00e9\" \/>\n\t<meta name=\"twitter:data1\" content=\"En stock\" \/>\n<script type=\"application\/ld+json\" class=\"yoast-schema-graph\">{\"@context\":\"https:\\\/\\\/schema.org\",\"@graph\":[{\"@type\":[\"WebPage\",\"ItemPage\"],\"@id\":\"https:\\\/\\\/www.raxxa.com\\\/shop\\\/poster-amalfi-die-amalfikueste\\\/\",\"url\":\"https:\\\/\\\/www.raxxa.com\\\/shop\\\/poster-amalfi-die-amalfikueste\\\/\",\"name\":\"Poster: Amalfi die Amalfik\u00fcste - raxxa\",\"isPartOf\":{\"@id\":\"https:\\\/\\\/www.raxxa.com\\\/#website\"},\"primaryImageOfPage\":{\"@id\":\"https:\\\/\\\/www.raxxa.com\\\/shop\\\/poster-amalfi-die-amalfikueste\\\/#primaryimage\"},\"image\":{\"@id\":\"https:\\\/\\\/www.raxxa.com\\\/shop\\\/poster-amalfi-die-amalfikueste\\\/#primaryimage\"},\"thumbnailUrl\":\"https:\\\/\\\/www.raxxa.com\\\/wp-content\\\/uploads\\\/2024\\\/11\\\/raxxa-Wallart-340-18169-84-Thomas-Bugdoll-Amalfi-die-Amalfikueste-10.jpg\",\"datePublished\":\"2024-11-30T08:29:40+00:00\",\"dateModified\":\"2025-11-03T01:58:22+00:00\",\"breadcrumb\":{\"@id\":\"https:\\\/\\\/www.raxxa.com\\\/shop\\\/poster-amalfi-die-amalfikueste\\\/#breadcrumb\"},\"inLanguage\":\"fr-FR\",\"potentialAction\":[{\"@type\":\"ReadAction\",\"target\":[\"https:\\\/\\\/www.raxxa.com\\\/shop\\\/poster-amalfi-die-amalfikueste\\\/\"]}]},{\"@type\":\"ImageObject\",\"inLanguage\":\"fr-FR\",\"@id\":\"https:\\\/\\\/www.raxxa.com\\\/shop\\\/poster-amalfi-die-amalfikueste\\\/#primaryimage\",\"url\":\"https:\\\/\\\/www.raxxa.com\\\/wp-content\\\/uploads\\\/2024\\\/11\\\/raxxa-Wallart-340-18169-84-Thomas-Bugdoll-Amalfi-die-Amalfikueste-10.jpg\",\"contentUrl\":\"https:\\\/\\\/www.raxxa.com\\\/wp-content\\\/uploads\\\/2024\\\/11\\\/raxxa-Wallart-340-18169-84-Thomas-Bugdoll-Amalfi-die-Amalfikueste-10.jpg\",\"width\":1024,\"height\":1024},{\"@type\":\"BreadcrumbList\",\"@id\":\"https:\\\/\\\/www.raxxa.com\\\/shop\\\/poster-amalfi-die-amalfikueste\\\/#breadcrumb\",\"itemListElement\":[{\"@type\":\"ListItem\",\"position\":1,\"name\":\"Startseite\",\"item\":\"https:\\\/\\\/www.raxxa.com\\\/\"},{\"@type\":\"ListItem\",\"position\":2,\"name\":\"Shop\",\"item\":\"https:\\\/\\\/www.raxxa.com\\\/it\\\/shop\\\/\"},{\"@type\":\"ListItem\",\"position\":3,\"name\":\"Poster: Amalfi die Amalfik\u00fcste\"}]},{\"@type\":\"WebSite\",\"@id\":\"https:\\\/\\\/www.raxxa.com\\\/#website\",\"url\":\"https:\\\/\\\/www.raxxa.com\\\/\",\"name\":\"raxxa\",\"description\":\"Einzigartige individuelle Produkte von unseren Designern\",\"publisher\":{\"@id\":\"https:\\\/\\\/www.raxxa.com\\\/#organization\"},\"potentialAction\":[{\"@type\":\"SearchAction\",\"target\":{\"@type\":\"EntryPoint\",\"urlTemplate\":\"https:\\\/\\\/www.raxxa.com\\\/?s={search_term_string}\"},\"query-input\":{\"@type\":\"PropertyValueSpecification\",\"valueRequired\":true,\"valueName\":\"search_term_string\"}}],\"inLanguage\":\"fr-FR\"},{\"@type\":\"Organization\",\"@id\":\"https:\\\/\\\/www.raxxa.com\\\/#organization\",\"name\":\"raxxa\",\"url\":\"https:\\\/\\\/www.raxxa.com\\\/\",\"logo\":{\"@type\":\"ImageObject\",\"inLanguage\":\"fr-FR\",\"@id\":\"https:\\\/\\\/www.raxxa.com\\\/#\\\/schema\\\/logo\\\/image\\\/\",\"url\":\"https:\\\/\\\/www.raxxa.com\\\/wp-content\\\/uploads\\\/2022\\\/07\\\/logo_v2.png\",\"contentUrl\":\"https:\\\/\\\/www.raxxa.com\\\/wp-content\\\/uploads\\\/2022\\\/07\\\/logo_v2.png\",\"width\":380,\"height\":382,\"caption\":\"raxxa\"},\"image\":{\"@id\":\"https:\\\/\\\/www.raxxa.com\\\/#\\\/schema\\\/logo\\\/image\\\/\"},\"sameAs\":[\"https:\\\/\\\/facebook.com\\\/raxxacom\"]}]}<\/script>\n<meta property=\"og:availability\" content=\"instock\" \/>\n<meta property=\"product:availability\" content=\"instock\" \/>\n<meta property=\"product:retailer_item_id\" content=\"1-84-18169-340\" \/>\n<meta property=\"product:condition\" content=\"new\" \/>\n<!-- \/ Yoast SEO Premium plugin. -->","yoast_head_json":{"title":"Poster: Amalfi die Amalfik\u00fcste - raxxa","robots":{"index":"index","follow":"follow","max-snippet":"max-snippet:-1","max-image-preview":"max-image-preview:large","max-video-preview":"max-video-preview:-1"},"canonical":"https:\/\/www.raxxa.com\/fr\/shop\/poster-amalfi-die-amalfikueste\/","og_locale":"fr_FR","og_type":"article","og_title":"Poster: Amalfi die Amalfik\u00fcste","og_description":"&quot;Amalfi die Amalfik\u00fcste&quot; by Thomas Bugdoll Amalfi liegt in der Mitte der Amalfik\u00fcste und ist ein beliebter Urlaubsort in S\u00fcditalien. Sie ist eine Stadt in der italienischen Region Kampanien und Hauptort der Amalfik\u00fcste. Diesem h\u00fcbschen Ort verdankt die Amalfik\u00fcste ihren Namen. Seit 1997 geh\u00f6rt der K\u00fcstenabschnitt zwischen Positano und Vietri sul Mare zum UNESCO-Weltnaturerbe. &nbsp;","og_url":"https:\/\/www.raxxa.com\/fr\/shop\/poster-amalfi-die-amalfikueste\/","og_site_name":"raxxa","article_publisher":"https:\/\/facebook.com\/raxxacom","article_modified_time":"2025-11-03T01:58:22+00:00","og_image":[{"width":1024,"height":1024,"url":"https:\/\/www.raxxa.com\/wp-content\/uploads\/2024\/11\/raxxa-Wallart-340-18169-84-Thomas-Bugdoll-Amalfi-die-Amalfikueste-10.jpg","type":"image\/jpeg"}],"twitter_card":"summary_large_image","twitter_misc":{"Disponibilit\u00e9":"En stock"},"schema":{"@context":"https:\/\/schema.org","@graph":[{"@type":["WebPage","ItemPage"],"@id":"https:\/\/www.raxxa.com\/shop\/poster-amalfi-die-amalfikueste\/","url":"https:\/\/www.raxxa.com\/shop\/poster-amalfi-die-amalfikueste\/","name":"Poster: Amalfi die Amalfik\u00fcste - raxxa","isPartOf":{"@id":"https:\/\/www.raxxa.com\/#website"},"primaryImageOfPage":{"@id":"https:\/\/www.raxxa.com\/shop\/poster-amalfi-die-amalfikueste\/#primaryimage"},"image":{"@id":"https:\/\/www.raxxa.com\/shop\/poster-amalfi-die-amalfikueste\/#primaryimage"},"thumbnailUrl":"https:\/\/www.raxxa.com\/wp-content\/uploads\/2024\/11\/raxxa-Wallart-340-18169-84-Thomas-Bugdoll-Amalfi-die-Amalfikueste-10.jpg","datePublished":"2024-11-30T08:29:40+00:00","dateModified":"2025-11-03T01:58:22+00:00","breadcrumb":{"@id":"https:\/\/www.raxxa.com\/shop\/poster-amalfi-die-amalfikueste\/#breadcrumb"},"inLanguage":"fr-FR","potentialAction":[{"@type":"ReadAction","target":["https:\/\/www.raxxa.com\/shop\/poster-amalfi-die-amalfikueste\/"]}]},{"@type":"ImageObject","inLanguage":"fr-FR","@id":"https:\/\/www.raxxa.com\/shop\/poster-amalfi-die-amalfikueste\/#primaryimage","url":"https:\/\/www.raxxa.com\/wp-content\/uploads\/2024\/11\/raxxa-Wallart-340-18169-84-Thomas-Bugdoll-Amalfi-die-Amalfikueste-10.jpg","contentUrl":"https:\/\/www.raxxa.com\/wp-content\/uploads\/2024\/11\/raxxa-Wallart-340-18169-84-Thomas-Bugdoll-Amalfi-die-Amalfikueste-10.jpg","width":1024,"height":1024},{"@type":"BreadcrumbList","@id":"https:\/\/www.raxxa.com\/shop\/poster-amalfi-die-amalfikueste\/#breadcrumb","itemListElement":[{"@type":"ListItem","position":1,"name":"Startseite","item":"https:\/\/www.raxxa.com\/"},{"@type":"ListItem","position":2,"name":"Shop","item":"https:\/\/www.raxxa.com\/it\/shop\/"},{"@type":"ListItem","position":3,"name":"Poster: Amalfi die Amalfik\u00fcste"}]},{"@type":"WebSite","@id":"https:\/\/www.raxxa.com\/#website","url":"https:\/\/www.raxxa.com\/","name":"raxxa","description":"Des produits uniques et personnalis\u00e9s cr\u00e9\u00e9s par nos designers","publisher":{"@id":"https:\/\/www.raxxa.com\/#organization"},"potentialAction":[{"@type":"SearchAction","target":{"@type":"EntryPoint","urlTemplate":"https:\/\/www.raxxa.com\/?s={search_term_string}"},"query-input":{"@type":"PropertyValueSpecification","valueRequired":true,"valueName":"search_term_string"}}],"inLanguage":"fr-FR"},{"@type":"Organization","@id":"https:\/\/www.raxxa.com\/#organization","name":"raxxa","url":"https:\/\/www.raxxa.com\/","logo":{"@type":"ImageObject","inLanguage":"fr-FR","@id":"https:\/\/www.raxxa.com\/#\/schema\/logo\/image\/","url":"https:\/\/www.raxxa.com\/wp-content\/uploads\/2022\/07\/logo_v2.png","contentUrl":"https:\/\/www.raxxa.com\/wp-content\/uploads\/2022\/07\/logo_v2.png","width":380,"height":382,"caption":"raxxa"},"image":{"@id":"https:\/\/www.raxxa.com\/#\/schema\/logo\/image\/"},"sameAs":["https:\/\/facebook.com\/raxxacom"]}]},"og_availability":"instock","product_availability":"instock","product_retailer_item_id":"1-84-18169-340","product_condition":"new"},"jetpack_sharing_enabled":true,"_links":{"self":[{"href":"https:\/\/www.raxxa.com\/fr\/wp-json\/wp\/v2\/product\/211157","targetHints":{"allow":["GET"]}}],"collection":[{"href":"https:\/\/www.raxxa.com\/fr\/wp-json\/wp\/v2\/product"}],"about":[{"href":"https:\/\/www.raxxa.com\/fr\/wp-json\/wp\/v2\/types\/product"}],"replies":[{"embeddable":true,"href":"https:\/\/www.raxxa.com\/fr\/wp-json\/wp\/v2\/comments?post=211157"}],"wp:featuredmedia":[{"embeddable":true,"href":"https:\/\/www.raxxa.com\/fr\/wp-json\/wp\/v2\/media\/252348"}],"wp:attachment":[{"href":"https:\/\/www.raxxa.com\/fr\/wp-json\/wp\/v2\/media?parent=211157"}],"wp:term":[{"taxonomy":"product_brand","embeddable":true,"href":"https:\/\/www.raxxa.com\/fr\/wp-json\/wp\/v2\/product_brand?post=211157"},{"taxonomy":"product_cat","embeddable":true,"href":"https:\/\/www.raxxa.com\/fr\/wp-json\/wp\/v2\/product_cat?post=211157"},{"taxonomy":"product_tag","embeddable":true,"href":"https:\/\/www.raxxa.com\/fr\/wp-json\/wp\/v2\/product_tag?post=211157"}],"curies":[{"name":"wp","href":"https:\/\/api.w.org\/{rel}","templated":true}]}}