{"id":211019,"date":"2024-11-29T22:42:47","date_gmt":"2024-11-29T20:42:47","guid":{"rendered":"https:\/\/www.raxxa.com\/?post_type=product&#038;p=211019"},"modified":"2025-11-03T04:11:08","modified_gmt":"2025-11-03T02:11:08","slug":"poster-fantastische-welt","status":"publish","type":"product","link":"https:\/\/www.raxxa.com\/fr\/shop\/poster-fantastische-welt\/","title":{"rendered":"Poster : Un monde fantastique"},"content":{"rendered":"<h3><strong>\"Le monde fantastique\" by Elena Sorokina<\/strong><\/h3>\n<p><strong><\/strong><\/p>\n<p>L'image montre un paysage fantastique et surr\u00e9aliste qui rappelle un monde extraterrestre. Diff\u00e9rentes formes organiques, telles que des arches incurv\u00e9es, des structures ressemblant \u00e0 des champignons et des arbres lumineux, s'\u00e9tendent sur la sc\u00e8ne. En arri\u00e8re-plan, des plan\u00e8tes et des objets myst\u00e9rieux flottent dans un ciel turquoise qui donne une impression futuriste et onirique. La palette de couleurs domine dans les tons bleus et verts, avec des accents chauds qui font ressortir les d\u00e9tails surr\u00e9alistes. Il s'agit d'une composition imaginaire qui r\u00e9unit \u00e0 la fois des \u00e9l\u00e9ments naturels et futuristes, cr\u00e9ant une atmosph\u00e8re vivante et \u00e9trange.<\/p>\n<p>&nbsp;<\/p>\n<ul><li>Poster de qualit\u00e9 mus\u00e9e sur papier d'archive mat durable (non couch\u00e9).<\/li><li>Poids du papier : 250 g \/ m\u00b2.<\/li><li>Envoi dans un emballage solide pour prot\u00e9ger le poster.<\/li><li>Ce produit est fabriqu\u00e9 sp\u00e9cialement pour toi, sur demande, dans la taille et le design souhait\u00e9s.<\/li><\/ul>","protected":false},"excerpt":{"rendered":"<p>&quot;Fantastische Welt&quot; by Elena Sorokina Das Bild zeigt eine fantastische und surreale Landschaft, die an eine au\u00dferirdische Welt erinnert. Verschiedene organische Formen, wie geschwungene B\u00f6gen, pilzartige Strukturen und leuchtende B\u00e4ume, erstrecken sich \u00fcber die Szenerie. Im Hintergrund schweben Planeten und mysteri\u00f6se Objekte in einem t\u00fcrkisfarbenen Himmel, der einen futuristischen, traumhaften Eindruck vermittelt. Die Farbpalette dominiert [&hellip;]<\/p>\n","protected":false},"featured_media":252405,"comment_status":"open","ping_status":"closed","template":"","meta":[],"product_brand":[],"product_cat":[137,10378,12610],"product_tag":[12652],"class_list":{"0":"post-211019","1":"product","2":"type-product","3":"status-publish","4":"has-post-thumbnail","6":"product_cat-abstrakt","7":"product_cat-poster","8":"product_cat-elena-sorokina","9":"product_tag-surrealismus-fantasielandschaft-futuristisch","10":"product_shipping_class-versand-t-shirts1","12":"first","13":"instock","14":"taxable","15":"shipping-taxable","16":"purchasable","17":"product-type-variable"},"yoast_head":"<!-- This site is optimized with the Yoast SEO Premium plugin v27.4 (Yoast SEO v27.4) - https:\/\/yoast.com\/product\/yoast-seo-premium-wordpress\/ -->\n<title>Poster: Fantastische Welt - raxxa<\/title>\n<meta name=\"robots\" content=\"index, follow, max-snippet:-1, max-image-preview:large, max-video-preview:-1\" \/>\n<link rel=\"canonical\" href=\"https:\/\/www.raxxa.com\/fr\/shop\/poster-fantastische-welt\/\" \/>\n<meta property=\"og:locale\" content=\"fr_FR\" \/>\n<meta property=\"og:type\" content=\"article\" \/>\n<meta property=\"og:title\" content=\"Poster: Fantastische Welt\" \/>\n<meta property=\"og:description\" content=\"&quot;Fantastische Welt&quot; by Elena Sorokina Das Bild zeigt eine fantastische und surreale Landschaft, die an eine au\u00dferirdische Welt erinnert. Verschiedene organische Formen, wie geschwungene B\u00f6gen, pilzartige Strukturen und leuchtende B\u00e4ume, erstrecken sich \u00fcber die Szenerie. Im Hintergrund schweben Planeten und mysteri\u00f6se Objekte in einem t\u00fcrkisfarbenen Himmel, der einen futuristischen, traumhaften Eindruck vermittelt. Die Farbpalette dominiert [&hellip;]\" \/>\n<meta property=\"og:url\" content=\"https:\/\/www.raxxa.com\/fr\/shop\/poster-fantastische-welt\/\" \/>\n<meta property=\"og:site_name\" content=\"raxxa\" \/>\n<meta property=\"article:publisher\" content=\"https:\/\/facebook.com\/raxxacom\" \/>\n<meta property=\"article:modified_time\" content=\"2025-11-03T02:11:08+00:00\" \/>\n<meta property=\"og:image\" content=\"https:\/\/www.raxxa.com\/wp-content\/uploads\/2024\/11\/raxxa-Wallart-337-18116-84-Elena-Sorokina-Fantastische-Welt-12.jpg\" \/>\n\t<meta property=\"og:image:width\" content=\"1024\" \/>\n\t<meta property=\"og:image:height\" content=\"1024\" \/>\n\t<meta property=\"og:image:type\" content=\"image\/jpeg\" \/>\n<meta name=\"twitter:card\" content=\"summary_large_image\" \/>\n<meta name=\"twitter:label1\" content=\"Disponibilit\u00e9\" \/>\n\t<meta name=\"twitter:data1\" content=\"En stock\" \/>\n<script type=\"application\/ld+json\" class=\"yoast-schema-graph\">{\"@context\":\"https:\\\/\\\/schema.org\",\"@graph\":[{\"@type\":[\"WebPage\",\"ItemPage\"],\"@id\":\"https:\\\/\\\/www.raxxa.com\\\/shop\\\/poster-fantastische-welt\\\/\",\"url\":\"https:\\\/\\\/www.raxxa.com\\\/shop\\\/poster-fantastische-welt\\\/\",\"name\":\"Poster: Fantastische Welt - raxxa\",\"isPartOf\":{\"@id\":\"https:\\\/\\\/www.raxxa.com\\\/#website\"},\"primaryImageOfPage\":{\"@id\":\"https:\\\/\\\/www.raxxa.com\\\/shop\\\/poster-fantastische-welt\\\/#primaryimage\"},\"image\":{\"@id\":\"https:\\\/\\\/www.raxxa.com\\\/shop\\\/poster-fantastische-welt\\\/#primaryimage\"},\"thumbnailUrl\":\"https:\\\/\\\/www.raxxa.com\\\/wp-content\\\/uploads\\\/2024\\\/11\\\/raxxa-Wallart-337-18116-84-Elena-Sorokina-Fantastische-Welt-12.jpg\",\"datePublished\":\"2024-11-29T20:42:47+00:00\",\"dateModified\":\"2025-11-03T02:11:08+00:00\",\"breadcrumb\":{\"@id\":\"https:\\\/\\\/www.raxxa.com\\\/shop\\\/poster-fantastische-welt\\\/#breadcrumb\"},\"inLanguage\":\"fr-FR\",\"potentialAction\":[{\"@type\":\"ReadAction\",\"target\":[\"https:\\\/\\\/www.raxxa.com\\\/shop\\\/poster-fantastische-welt\\\/\"]}]},{\"@type\":\"ImageObject\",\"inLanguage\":\"fr-FR\",\"@id\":\"https:\\\/\\\/www.raxxa.com\\\/shop\\\/poster-fantastische-welt\\\/#primaryimage\",\"url\":\"https:\\\/\\\/www.raxxa.com\\\/wp-content\\\/uploads\\\/2024\\\/11\\\/raxxa-Wallart-337-18116-84-Elena-Sorokina-Fantastische-Welt-12.jpg\",\"contentUrl\":\"https:\\\/\\\/www.raxxa.com\\\/wp-content\\\/uploads\\\/2024\\\/11\\\/raxxa-Wallart-337-18116-84-Elena-Sorokina-Fantastische-Welt-12.jpg\",\"width\":1024,\"height\":1024},{\"@type\":\"BreadcrumbList\",\"@id\":\"https:\\\/\\\/www.raxxa.com\\\/shop\\\/poster-fantastische-welt\\\/#breadcrumb\",\"itemListElement\":[{\"@type\":\"ListItem\",\"position\":1,\"name\":\"Startseite\",\"item\":\"https:\\\/\\\/www.raxxa.com\\\/\"},{\"@type\":\"ListItem\",\"position\":2,\"name\":\"Shop\",\"item\":\"https:\\\/\\\/www.raxxa.com\\\/it\\\/shop\\\/\"},{\"@type\":\"ListItem\",\"position\":3,\"name\":\"Poster: Fantastische Welt\"}]},{\"@type\":\"WebSite\",\"@id\":\"https:\\\/\\\/www.raxxa.com\\\/#website\",\"url\":\"https:\\\/\\\/www.raxxa.com\\\/\",\"name\":\"raxxa\",\"description\":\"Einzigartige individuelle Produkte von unseren Designern\",\"publisher\":{\"@id\":\"https:\\\/\\\/www.raxxa.com\\\/#organization\"},\"potentialAction\":[{\"@type\":\"SearchAction\",\"target\":{\"@type\":\"EntryPoint\",\"urlTemplate\":\"https:\\\/\\\/www.raxxa.com\\\/?s={search_term_string}\"},\"query-input\":{\"@type\":\"PropertyValueSpecification\",\"valueRequired\":true,\"valueName\":\"search_term_string\"}}],\"inLanguage\":\"fr-FR\"},{\"@type\":\"Organization\",\"@id\":\"https:\\\/\\\/www.raxxa.com\\\/#organization\",\"name\":\"raxxa\",\"url\":\"https:\\\/\\\/www.raxxa.com\\\/\",\"logo\":{\"@type\":\"ImageObject\",\"inLanguage\":\"fr-FR\",\"@id\":\"https:\\\/\\\/www.raxxa.com\\\/#\\\/schema\\\/logo\\\/image\\\/\",\"url\":\"https:\\\/\\\/www.raxxa.com\\\/wp-content\\\/uploads\\\/2022\\\/07\\\/logo_v2.png\",\"contentUrl\":\"https:\\\/\\\/www.raxxa.com\\\/wp-content\\\/uploads\\\/2022\\\/07\\\/logo_v2.png\",\"width\":380,\"height\":382,\"caption\":\"raxxa\"},\"image\":{\"@id\":\"https:\\\/\\\/www.raxxa.com\\\/#\\\/schema\\\/logo\\\/image\\\/\"},\"sameAs\":[\"https:\\\/\\\/facebook.com\\\/raxxacom\"]}]}<\/script>\n<meta property=\"og:availability\" content=\"instock\" \/>\n<meta property=\"product:availability\" content=\"instock\" \/>\n<meta property=\"product:retailer_item_id\" content=\"1-84-18116-337\" \/>\n<meta property=\"product:condition\" content=\"new\" \/>\n<!-- \/ Yoast SEO Premium plugin. -->","yoast_head_json":{"title":"Poster: Fantastische Welt - raxxa","robots":{"index":"index","follow":"follow","max-snippet":"max-snippet:-1","max-image-preview":"max-image-preview:large","max-video-preview":"max-video-preview:-1"},"canonical":"https:\/\/www.raxxa.com\/fr\/shop\/poster-fantastische-welt\/","og_locale":"fr_FR","og_type":"article","og_title":"Poster: Fantastische Welt","og_description":"&quot;Fantastische Welt&quot; by Elena Sorokina Das Bild zeigt eine fantastische und surreale Landschaft, die an eine au\u00dferirdische Welt erinnert. Verschiedene organische Formen, wie geschwungene B\u00f6gen, pilzartige Strukturen und leuchtende B\u00e4ume, erstrecken sich \u00fcber die Szenerie. Im Hintergrund schweben Planeten und mysteri\u00f6se Objekte in einem t\u00fcrkisfarbenen Himmel, der einen futuristischen, traumhaften Eindruck vermittelt. Die Farbpalette dominiert [&hellip;]","og_url":"https:\/\/www.raxxa.com\/fr\/shop\/poster-fantastische-welt\/","og_site_name":"raxxa","article_publisher":"https:\/\/facebook.com\/raxxacom","article_modified_time":"2025-11-03T02:11:08+00:00","og_image":[{"width":1024,"height":1024,"url":"https:\/\/www.raxxa.com\/wp-content\/uploads\/2024\/11\/raxxa-Wallart-337-18116-84-Elena-Sorokina-Fantastische-Welt-12.jpg","type":"image\/jpeg"}],"twitter_card":"summary_large_image","twitter_misc":{"Disponibilit\u00e9":"En stock"},"schema":{"@context":"https:\/\/schema.org","@graph":[{"@type":["WebPage","ItemPage"],"@id":"https:\/\/www.raxxa.com\/shop\/poster-fantastische-welt\/","url":"https:\/\/www.raxxa.com\/shop\/poster-fantastische-welt\/","name":"Poster: Fantastische Welt - raxxa","isPartOf":{"@id":"https:\/\/www.raxxa.com\/#website"},"primaryImageOfPage":{"@id":"https:\/\/www.raxxa.com\/shop\/poster-fantastische-welt\/#primaryimage"},"image":{"@id":"https:\/\/www.raxxa.com\/shop\/poster-fantastische-welt\/#primaryimage"},"thumbnailUrl":"https:\/\/www.raxxa.com\/wp-content\/uploads\/2024\/11\/raxxa-Wallart-337-18116-84-Elena-Sorokina-Fantastische-Welt-12.jpg","datePublished":"2024-11-29T20:42:47+00:00","dateModified":"2025-11-03T02:11:08+00:00","breadcrumb":{"@id":"https:\/\/www.raxxa.com\/shop\/poster-fantastische-welt\/#breadcrumb"},"inLanguage":"fr-FR","potentialAction":[{"@type":"ReadAction","target":["https:\/\/www.raxxa.com\/shop\/poster-fantastische-welt\/"]}]},{"@type":"ImageObject","inLanguage":"fr-FR","@id":"https:\/\/www.raxxa.com\/shop\/poster-fantastische-welt\/#primaryimage","url":"https:\/\/www.raxxa.com\/wp-content\/uploads\/2024\/11\/raxxa-Wallart-337-18116-84-Elena-Sorokina-Fantastische-Welt-12.jpg","contentUrl":"https:\/\/www.raxxa.com\/wp-content\/uploads\/2024\/11\/raxxa-Wallart-337-18116-84-Elena-Sorokina-Fantastische-Welt-12.jpg","width":1024,"height":1024},{"@type":"BreadcrumbList","@id":"https:\/\/www.raxxa.com\/shop\/poster-fantastische-welt\/#breadcrumb","itemListElement":[{"@type":"ListItem","position":1,"name":"Startseite","item":"https:\/\/www.raxxa.com\/"},{"@type":"ListItem","position":2,"name":"Shop","item":"https:\/\/www.raxxa.com\/it\/shop\/"},{"@type":"ListItem","position":3,"name":"Poster: Fantastische Welt"}]},{"@type":"WebSite","@id":"https:\/\/www.raxxa.com\/#website","url":"https:\/\/www.raxxa.com\/","name":"raxxa","description":"Des produits uniques et personnalis\u00e9s cr\u00e9\u00e9s par nos designers","publisher":{"@id":"https:\/\/www.raxxa.com\/#organization"},"potentialAction":[{"@type":"SearchAction","target":{"@type":"EntryPoint","urlTemplate":"https:\/\/www.raxxa.com\/?s={search_term_string}"},"query-input":{"@type":"PropertyValueSpecification","valueRequired":true,"valueName":"search_term_string"}}],"inLanguage":"fr-FR"},{"@type":"Organization","@id":"https:\/\/www.raxxa.com\/#organization","name":"raxxa","url":"https:\/\/www.raxxa.com\/","logo":{"@type":"ImageObject","inLanguage":"fr-FR","@id":"https:\/\/www.raxxa.com\/#\/schema\/logo\/image\/","url":"https:\/\/www.raxxa.com\/wp-content\/uploads\/2022\/07\/logo_v2.png","contentUrl":"https:\/\/www.raxxa.com\/wp-content\/uploads\/2022\/07\/logo_v2.png","width":380,"height":382,"caption":"raxxa"},"image":{"@id":"https:\/\/www.raxxa.com\/#\/schema\/logo\/image\/"},"sameAs":["https:\/\/facebook.com\/raxxacom"]}]},"og_availability":"instock","product_availability":"instock","product_retailer_item_id":"1-84-18116-337","product_condition":"new"},"jetpack_sharing_enabled":true,"_links":{"self":[{"href":"https:\/\/www.raxxa.com\/fr\/wp-json\/wp\/v2\/product\/211019","targetHints":{"allow":["GET"]}}],"collection":[{"href":"https:\/\/www.raxxa.com\/fr\/wp-json\/wp\/v2\/product"}],"about":[{"href":"https:\/\/www.raxxa.com\/fr\/wp-json\/wp\/v2\/types\/product"}],"replies":[{"embeddable":true,"href":"https:\/\/www.raxxa.com\/fr\/wp-json\/wp\/v2\/comments?post=211019"}],"wp:featuredmedia":[{"embeddable":true,"href":"https:\/\/www.raxxa.com\/fr\/wp-json\/wp\/v2\/media\/252405"}],"wp:attachment":[{"href":"https:\/\/www.raxxa.com\/fr\/wp-json\/wp\/v2\/media?parent=211019"}],"wp:term":[{"taxonomy":"product_brand","embeddable":true,"href":"https:\/\/www.raxxa.com\/fr\/wp-json\/wp\/v2\/product_brand?post=211019"},{"taxonomy":"product_cat","embeddable":true,"href":"https:\/\/www.raxxa.com\/fr\/wp-json\/wp\/v2\/product_cat?post=211019"},{"taxonomy":"product_tag","embeddable":true,"href":"https:\/\/www.raxxa.com\/fr\/wp-json\/wp\/v2\/product_tag?post=211019"}],"curies":[{"name":"wp","href":"https:\/\/api.w.org\/{rel}","templated":true}]}}