{"id":208270,"date":"2024-10-16T13:38:21","date_gmt":"2024-10-16T11:38:21","guid":{"rendered":"https:\/\/www.raxxa.com\/?post_type=product&#038;p=208270"},"modified":"2025-11-04T08:36:09","modified_gmt":"2025-11-04T06:36:09","slug":"raxxa-postkarte-dunkle-romantik-gothic-vintage-skulls","status":"publish","type":"product","link":"https:\/\/www.raxxa.com\/fr\/shop\/raxxa-postkarte-dunkle-romantik-gothic-vintage-skulls\/","title":{"rendered":"raxxa Carte postale : Romantisme sombre : Gothique Vintage Skulls"},"content":{"rendered":"<h3><strong>\"Romantisme sombre : cr\u00e2nes gothiques vintage\" by Uta Naumann<\/strong><\/h3>\n<p><strong><\/strong><\/p>\n<p>Un motif vintage sombre qui cr\u00e9e une atmosph\u00e8re profonde et lunaire gr\u00e2ce \u00e0 un m\u00e9lange fascinant de skulls, de serpents et de p\u00e9tales de rose vintage. Les motifs d\u00e9taill\u00e9s des skulls semblent provenir d'une \u00e9poque r\u00e9volue et transmettent un sentiment de myst\u00e8re et de lien avec le pass\u00e9. Les serpents sinueux, dans leur \u00e9l\u00e9gante obscurit\u00e9, ajoutent une couche suppl\u00e9mentaire de myst\u00e8re, tandis que les roses vintage fan\u00e9es dans des tons rouges profonds et sombres cr\u00e9ent un contraste frappant tout en ajoutant une note romantique. Ce design unique combine les \u00e9l\u00e9ments de l'obscurit\u00e9 et de la beaut\u00e9, attirant le spectateur dans un monde de magie vintage et de romantisme sombre.<\/p>\n<p>&nbsp;<\/p>\n<ul><li>Nous imprimons la carte postale de votre choix en blanc ou avec un message personnel et l'envoyons dans le monde entier \u00e0 la personne de votre choix ou \u00e0 vous-m\u00eame.<\/li><li>Id\u00e9al pour le Postcrossing en ligne ou les v\u0153ux personnalis\u00e9s \u00e0 vos proches, vos amis, vos parents et vos connaissances.<\/li><li>Alternativement, en tant que carte vierge \u00e0 motif pur \u00e0 collectionner ou \u00e0 envoyer soi-m\u00eame.<\/li><li>Cartes postales DIN A6 (14,8 cm x 10,5 cm).<\/li><\/ul><br><br><b>Comment cr\u00e9er\/concevoir ma carte postale personnelle ?<\/b><br><br>1) Saisissez simplement le texte de votre message ou de votre salut (500 caract\u00e8res maximum).<br>2) Si vous souhaitez envoyer votre carte postale pour Postcrossing, inscrivez le PostcrossingID.<br>Sinon, laissez simplement ce champ vide.<br>3) Saisissez le pr\u00e9nom, le nom, le num\u00e9ro de rue, le code postal, la ville et le pays du destinataire de la carte postale dans les champs de saisie.<br>4) Vous pouvez maintenant ajouter votre carte postale personnalis\u00e9e au panier et la commander \u00e0 la caisse.<br><br>Nous imprimons maintenant votre carte postale personnelle, l'affranchissons et l'envoyons au destinataire que vous avez indiqu\u00e9.<br><br>Si vous avez des questions, n'h\u00e9sitez pas \u00e0 nous envoyer un message ou un e-mail.<br>","protected":false},"excerpt":{"rendered":"<p>&quot;Dunkle Romantik: Gothic Vintage Skulls&quot; by Uta Naumann Ein d\u00fcsteres Vintage-Musterdesign, das mit einem faszinierenden Mix aus Skulls, Schlangen und Vintage-Rosenbl\u00fcten eine tiefgr\u00fcndige, moody Atmosph\u00e4re schafft. Die detaillierten Skull-Motive scheinen aus einer l\u00e4ngst vergangenen \u00c4ra zu stammen und vermitteln ein Gef\u00fchl von Geheimnis und Verbindung zur Vergangenheit. Die geschl\u00e4ngelten Schlangen, in ihrer eleganten Dunkelheit, f\u00fcgen [&hellip;]<\/p>\n","protected":false},"featured_media":256798,"comment_status":"open","ping_status":"closed","template":"","meta":[],"product_brand":[],"product_cat":[136,11218,11884],"product_tag":[11700],"class_list":{"0":"post-208270","1":"product","2":"type-product","3":"status-publish","4":"has-post-thumbnail","6":"product_cat-natur","7":"product_cat-uta-naumann","8":"product_cat-postkarten","9":"product_tag-schaedel-skelett-rose-illustration-blume-tod-tot-blumen-knochen-vintage-halloween-kopf-mensch-gothic-horror-retro-schwarz-rosen-gespenstisch-fantasie-romantisch-romantik-schaurig-skull-schlange-tiere","11":"first","12":"instock","13":"taxable","14":"shipping-taxable","15":"purchasable","16":"product-type-variable"},"yoast_head":"<!-- This site is optimized with the Yoast SEO Premium plugin v27.5 (Yoast SEO v27.6) - https:\/\/yoast.com\/product\/yoast-seo-premium-wordpress\/ -->\n<title>raxxa Postkarte: Dunkle Romantik: Gothic Vintage Skulls - raxxa<\/title>\n<meta name=\"robots\" content=\"index, follow, max-snippet:-1, max-image-preview:large, max-video-preview:-1\" \/>\n<link rel=\"canonical\" href=\"https:\/\/www.raxxa.com\/fr\/shop\/raxxa-postkarte-dunkle-romantik-gothic-vintage-skulls\/\" \/>\n<meta property=\"og:locale\" content=\"fr_FR\" \/>\n<meta property=\"og:type\" content=\"article\" \/>\n<meta property=\"og:title\" content=\"raxxa Postkarte: Dunkle Romantik: Gothic Vintage Skulls\" \/>\n<meta property=\"og:description\" content=\"&quot;Dunkle Romantik: Gothic Vintage Skulls&quot; by Uta Naumann Ein d\u00fcsteres Vintage-Musterdesign, das mit einem faszinierenden Mix aus Skulls, Schlangen und Vintage-Rosenbl\u00fcten eine tiefgr\u00fcndige, moody Atmosph\u00e4re schafft. Die detaillierten Skull-Motive scheinen aus einer l\u00e4ngst vergangenen \u00c4ra zu stammen und vermitteln ein Gef\u00fchl von Geheimnis und Verbindung zur Vergangenheit. Die geschl\u00e4ngelten Schlangen, in ihrer eleganten Dunkelheit, f\u00fcgen [&hellip;]\" \/>\n<meta property=\"og:url\" content=\"https:\/\/www.raxxa.com\/fr\/shop\/raxxa-postkarte-dunkle-romantik-gothic-vintage-skulls\/\" \/>\n<meta property=\"og:site_name\" content=\"raxxa\" \/>\n<meta property=\"article:publisher\" content=\"https:\/\/facebook.com\/raxxacom\" \/>\n<meta property=\"article:modified_time\" content=\"2025-11-04T06:36:09+00:00\" \/>\n<meta property=\"og:image\" content=\"https:\/\/www.raxxa.com\/wp-content\/uploads\/2024\/10\/raxxa-282-7496-185-Uta-Naumann-Dunkle-Romantik-Gothic-Vintage-Skulls-19.jpg\" \/>\n\t<meta property=\"og:image:width\" content=\"1024\" \/>\n\t<meta property=\"og:image:height\" content=\"1024\" \/>\n\t<meta property=\"og:image:type\" content=\"image\/jpeg\" \/>\n<meta name=\"twitter:card\" content=\"summary_large_image\" \/>\n<meta name=\"twitter:label1\" content=\"Disponibilit\u00e9\" \/>\n\t<meta name=\"twitter:data1\" content=\"En stock\" \/>\n<script type=\"application\/ld+json\" class=\"yoast-schema-graph\">{\"@context\":\"https:\\\/\\\/schema.org\",\"@graph\":[{\"@type\":[\"WebPage\",\"ItemPage\"],\"@id\":\"https:\\\/\\\/www.raxxa.com\\\/shop\\\/raxxa-postkarte-dunkle-romantik-gothic-vintage-skulls\\\/\",\"url\":\"https:\\\/\\\/www.raxxa.com\\\/shop\\\/raxxa-postkarte-dunkle-romantik-gothic-vintage-skulls\\\/\",\"name\":\"raxxa Postkarte: Dunkle Romantik: Gothic Vintage Skulls - raxxa\",\"isPartOf\":{\"@id\":\"https:\\\/\\\/www.raxxa.com\\\/#website\"},\"primaryImageOfPage\":{\"@id\":\"https:\\\/\\\/www.raxxa.com\\\/shop\\\/raxxa-postkarte-dunkle-romantik-gothic-vintage-skulls\\\/#primaryimage\"},\"image\":{\"@id\":\"https:\\\/\\\/www.raxxa.com\\\/shop\\\/raxxa-postkarte-dunkle-romantik-gothic-vintage-skulls\\\/#primaryimage\"},\"thumbnailUrl\":\"https:\\\/\\\/www.raxxa.com\\\/wp-content\\\/uploads\\\/2024\\\/10\\\/raxxa-282-7496-185-Uta-Naumann-Dunkle-Romantik-Gothic-Vintage-Skulls-19.jpg\",\"datePublished\":\"2024-10-16T11:38:21+00:00\",\"dateModified\":\"2025-11-04T06:36:09+00:00\",\"breadcrumb\":{\"@id\":\"https:\\\/\\\/www.raxxa.com\\\/shop\\\/raxxa-postkarte-dunkle-romantik-gothic-vintage-skulls\\\/#breadcrumb\"},\"inLanguage\":\"fr-FR\",\"potentialAction\":[{\"@type\":\"ReadAction\",\"target\":[\"https:\\\/\\\/www.raxxa.com\\\/shop\\\/raxxa-postkarte-dunkle-romantik-gothic-vintage-skulls\\\/\"]}]},{\"@type\":\"ImageObject\",\"inLanguage\":\"fr-FR\",\"@id\":\"https:\\\/\\\/www.raxxa.com\\\/shop\\\/raxxa-postkarte-dunkle-romantik-gothic-vintage-skulls\\\/#primaryimage\",\"url\":\"https:\\\/\\\/www.raxxa.com\\\/wp-content\\\/uploads\\\/2024\\\/10\\\/raxxa-282-7496-185-Uta-Naumann-Dunkle-Romantik-Gothic-Vintage-Skulls-19.jpg\",\"contentUrl\":\"https:\\\/\\\/www.raxxa.com\\\/wp-content\\\/uploads\\\/2024\\\/10\\\/raxxa-282-7496-185-Uta-Naumann-Dunkle-Romantik-Gothic-Vintage-Skulls-19.jpg\",\"width\":1024,\"height\":1024},{\"@type\":\"BreadcrumbList\",\"@id\":\"https:\\\/\\\/www.raxxa.com\\\/shop\\\/raxxa-postkarte-dunkle-romantik-gothic-vintage-skulls\\\/#breadcrumb\",\"itemListElement\":[{\"@type\":\"ListItem\",\"position\":1,\"name\":\"Startseite\",\"item\":\"https:\\\/\\\/www.raxxa.com\\\/\"},{\"@type\":\"ListItem\",\"position\":2,\"name\":\"Shop\",\"item\":\"https:\\\/\\\/www.raxxa.com\\\/it\\\/shop\\\/\"},{\"@type\":\"ListItem\",\"position\":3,\"name\":\"raxxa Postkarte: Dunkle Romantik: Gothic Vintage Skulls\"}]},{\"@type\":\"WebSite\",\"@id\":\"https:\\\/\\\/www.raxxa.com\\\/#website\",\"url\":\"https:\\\/\\\/www.raxxa.com\\\/\",\"name\":\"raxxa\",\"description\":\"Einzigartige individuelle Produkte von unseren Designern\",\"publisher\":{\"@id\":\"https:\\\/\\\/www.raxxa.com\\\/#organization\"},\"potentialAction\":[{\"@type\":\"SearchAction\",\"target\":{\"@type\":\"EntryPoint\",\"urlTemplate\":\"https:\\\/\\\/www.raxxa.com\\\/?s={search_term_string}\"},\"query-input\":{\"@type\":\"PropertyValueSpecification\",\"valueRequired\":true,\"valueName\":\"search_term_string\"}}],\"inLanguage\":\"fr-FR\"},{\"@type\":\"Organization\",\"@id\":\"https:\\\/\\\/www.raxxa.com\\\/#organization\",\"name\":\"raxxa\",\"url\":\"https:\\\/\\\/www.raxxa.com\\\/\",\"logo\":{\"@type\":\"ImageObject\",\"inLanguage\":\"fr-FR\",\"@id\":\"https:\\\/\\\/www.raxxa.com\\\/#\\\/schema\\\/logo\\\/image\\\/\",\"url\":\"https:\\\/\\\/www.raxxa.com\\\/wp-content\\\/uploads\\\/2022\\\/07\\\/logo_v2.png\",\"contentUrl\":\"https:\\\/\\\/www.raxxa.com\\\/wp-content\\\/uploads\\\/2022\\\/07\\\/logo_v2.png\",\"width\":380,\"height\":382,\"caption\":\"raxxa\"},\"image\":{\"@id\":\"https:\\\/\\\/www.raxxa.com\\\/#\\\/schema\\\/logo\\\/image\\\/\"},\"sameAs\":[\"https:\\\/\\\/facebook.com\\\/raxxacom\"]}]}<\/script>\n<meta property=\"og:availability\" content=\"instock\" \/>\n<meta property=\"product:availability\" content=\"instock\" \/>\n<meta property=\"product:retailer_item_id\" content=\"1-185-7496-282\" \/>\n<meta property=\"product:condition\" content=\"new\" \/>\n<!-- \/ Yoast SEO Premium plugin. -->","yoast_head_json":{"title":"raxxa Carte postale : Romantisme sombre : Gothique Vintage Skulls - raxxa","robots":{"index":"index","follow":"follow","max-snippet":"max-snippet:-1","max-image-preview":"max-image-preview:large","max-video-preview":"max-video-preview:-1"},"canonical":"https:\/\/www.raxxa.com\/fr\/shop\/raxxa-postkarte-dunkle-romantik-gothic-vintage-skulls\/","og_locale":"fr_FR","og_type":"article","og_title":"raxxa Postkarte: Dunkle Romantik: Gothic Vintage Skulls","og_description":"&quot;Dunkle Romantik: Gothic Vintage Skulls&quot; by Uta Naumann Ein d\u00fcsteres Vintage-Musterdesign, das mit einem faszinierenden Mix aus Skulls, Schlangen und Vintage-Rosenbl\u00fcten eine tiefgr\u00fcndige, moody Atmosph\u00e4re schafft. Die detaillierten Skull-Motive scheinen aus einer l\u00e4ngst vergangenen \u00c4ra zu stammen und vermitteln ein Gef\u00fchl von Geheimnis und Verbindung zur Vergangenheit. Die geschl\u00e4ngelten Schlangen, in ihrer eleganten Dunkelheit, f\u00fcgen [&hellip;]","og_url":"https:\/\/www.raxxa.com\/fr\/shop\/raxxa-postkarte-dunkle-romantik-gothic-vintage-skulls\/","og_site_name":"raxxa","article_publisher":"https:\/\/facebook.com\/raxxacom","article_modified_time":"2025-11-04T06:36:09+00:00","og_image":[{"width":1024,"height":1024,"url":"https:\/\/www.raxxa.com\/wp-content\/uploads\/2024\/10\/raxxa-282-7496-185-Uta-Naumann-Dunkle-Romantik-Gothic-Vintage-Skulls-19.jpg","type":"image\/jpeg"}],"twitter_card":"summary_large_image","twitter_misc":{"Disponibilit\u00e9":"En stock"},"schema":{"@context":"https:\/\/schema.org","@graph":[{"@type":["WebPage","ItemPage"],"@id":"https:\/\/www.raxxa.com\/shop\/raxxa-postkarte-dunkle-romantik-gothic-vintage-skulls\/","url":"https:\/\/www.raxxa.com\/shop\/raxxa-postkarte-dunkle-romantik-gothic-vintage-skulls\/","name":"raxxa Carte postale : Romantisme sombre : Gothique Vintage Skulls - raxxa","isPartOf":{"@id":"https:\/\/www.raxxa.com\/#website"},"primaryImageOfPage":{"@id":"https:\/\/www.raxxa.com\/shop\/raxxa-postkarte-dunkle-romantik-gothic-vintage-skulls\/#primaryimage"},"image":{"@id":"https:\/\/www.raxxa.com\/shop\/raxxa-postkarte-dunkle-romantik-gothic-vintage-skulls\/#primaryimage"},"thumbnailUrl":"https:\/\/www.raxxa.com\/wp-content\/uploads\/2024\/10\/raxxa-282-7496-185-Uta-Naumann-Dunkle-Romantik-Gothic-Vintage-Skulls-19.jpg","datePublished":"2024-10-16T11:38:21+00:00","dateModified":"2025-11-04T06:36:09+00:00","breadcrumb":{"@id":"https:\/\/www.raxxa.com\/shop\/raxxa-postkarte-dunkle-romantik-gothic-vintage-skulls\/#breadcrumb"},"inLanguage":"fr-FR","potentialAction":[{"@type":"ReadAction","target":["https:\/\/www.raxxa.com\/shop\/raxxa-postkarte-dunkle-romantik-gothic-vintage-skulls\/"]}]},{"@type":"ImageObject","inLanguage":"fr-FR","@id":"https:\/\/www.raxxa.com\/shop\/raxxa-postkarte-dunkle-romantik-gothic-vintage-skulls\/#primaryimage","url":"https:\/\/www.raxxa.com\/wp-content\/uploads\/2024\/10\/raxxa-282-7496-185-Uta-Naumann-Dunkle-Romantik-Gothic-Vintage-Skulls-19.jpg","contentUrl":"https:\/\/www.raxxa.com\/wp-content\/uploads\/2024\/10\/raxxa-282-7496-185-Uta-Naumann-Dunkle-Romantik-Gothic-Vintage-Skulls-19.jpg","width":1024,"height":1024},{"@type":"BreadcrumbList","@id":"https:\/\/www.raxxa.com\/shop\/raxxa-postkarte-dunkle-romantik-gothic-vintage-skulls\/#breadcrumb","itemListElement":[{"@type":"ListItem","position":1,"name":"Startseite","item":"https:\/\/www.raxxa.com\/"},{"@type":"ListItem","position":2,"name":"Shop","item":"https:\/\/www.raxxa.com\/it\/shop\/"},{"@type":"ListItem","position":3,"name":"raxxa Postkarte: Dunkle Romantik: Gothic Vintage Skulls"}]},{"@type":"WebSite","@id":"https:\/\/www.raxxa.com\/#website","url":"https:\/\/www.raxxa.com\/","name":"raxxa","description":"Des produits uniques et personnalis\u00e9s cr\u00e9\u00e9s par nos designers","publisher":{"@id":"https:\/\/www.raxxa.com\/#organization"},"potentialAction":[{"@type":"SearchAction","target":{"@type":"EntryPoint","urlTemplate":"https:\/\/www.raxxa.com\/?s={search_term_string}"},"query-input":{"@type":"PropertyValueSpecification","valueRequired":true,"valueName":"search_term_string"}}],"inLanguage":"fr-FR"},{"@type":"Organization","@id":"https:\/\/www.raxxa.com\/#organization","name":"raxxa","url":"https:\/\/www.raxxa.com\/","logo":{"@type":"ImageObject","inLanguage":"fr-FR","@id":"https:\/\/www.raxxa.com\/#\/schema\/logo\/image\/","url":"https:\/\/www.raxxa.com\/wp-content\/uploads\/2022\/07\/logo_v2.png","contentUrl":"https:\/\/www.raxxa.com\/wp-content\/uploads\/2022\/07\/logo_v2.png","width":380,"height":382,"caption":"raxxa"},"image":{"@id":"https:\/\/www.raxxa.com\/#\/schema\/logo\/image\/"},"sameAs":["https:\/\/facebook.com\/raxxacom"]}]},"og_availability":"instock","product_availability":"instock","product_retailer_item_id":"1-185-7496-282","product_condition":"new"},"jetpack_sharing_enabled":true,"_links":{"self":[{"href":"https:\/\/www.raxxa.com\/fr\/wp-json\/wp\/v2\/product\/208270","targetHints":{"allow":["GET"]}}],"collection":[{"href":"https:\/\/www.raxxa.com\/fr\/wp-json\/wp\/v2\/product"}],"about":[{"href":"https:\/\/www.raxxa.com\/fr\/wp-json\/wp\/v2\/types\/product"}],"replies":[{"embeddable":true,"href":"https:\/\/www.raxxa.com\/fr\/wp-json\/wp\/v2\/comments?post=208270"}],"wp:featuredmedia":[{"embeddable":true,"href":"https:\/\/www.raxxa.com\/fr\/wp-json\/wp\/v2\/media\/256798"}],"wp:attachment":[{"href":"https:\/\/www.raxxa.com\/fr\/wp-json\/wp\/v2\/media?parent=208270"}],"wp:term":[{"taxonomy":"product_brand","embeddable":true,"href":"https:\/\/www.raxxa.com\/fr\/wp-json\/wp\/v2\/product_brand?post=208270"},{"taxonomy":"product_cat","embeddable":true,"href":"https:\/\/www.raxxa.com\/fr\/wp-json\/wp\/v2\/product_cat?post=208270"},{"taxonomy":"product_tag","embeddable":true,"href":"https:\/\/www.raxxa.com\/fr\/wp-json\/wp\/v2\/product_tag?post=208270"}],"curies":[{"name":"wp","href":"https:\/\/api.w.org\/{rel}","templated":true}]}}