{"id":202019,"date":"2024-07-29T09:06:37","date_gmt":"2024-07-29T07:06:37","guid":{"rendered":"https:\/\/www.raxxa.com\/?post_type=product&#038;p=202019"},"modified":"2025-11-03T11:31:59","modified_gmt":"2025-11-03T09:31:59","slug":"poster-dreamscape-ii","status":"publish","type":"product","link":"https:\/\/www.raxxa.com\/fr\/shop\/poster-dreamscape-ii\/","title":{"rendered":"Poster : Dreamscape II"},"content":{"rendered":"<h3><strong>\"Dreamscape II\" par Sylvia Eder<\/strong><\/h3>\n<p><strong><\/strong><\/p>\n<p>Plongez dans la beaut\u00e9 intemporelle de cette \u0153uvre d'art abstraite. La combinaison de bleu, de tons dor\u00e9s et de blanc conf\u00e8re \u00e0 chaque pi\u00e8ce une \u00e9l\u00e9gance unique. Une pi\u00e8ce qui respire \u00e0 la fois le calme et le dynamisme et qui enchantera votre environnement. Parfait pour tous ceux qui appr\u00e9cient le raffinement et le style. Laissez-vous inspirer !<\/p>\n<p>&nbsp;<\/p>\n<ul><li>Poster de qualit\u00e9 mus\u00e9e sur papier d'archive mat durable (non couch\u00e9).<\/li><li>Poids du papier : 250 g \/ m\u00b2.<\/li><li>Envoi dans un emballage solide pour prot\u00e9ger le poster.<\/li><li>Ce produit est fabriqu\u00e9 sp\u00e9cialement pour toi, sur demande, dans la taille et le design souhait\u00e9s.<\/li><\/ul>","protected":false},"excerpt":{"rendered":"<p>&quot;Dreamscape II&quot; by Sylvia Eder Tauchen Sie ein in die zeitlose Sch\u00f6nheit dieses abstrakten Kunstwerks. Die Kombination aus Blau, Gold- und Wei\u00dft\u00f6nen verleiht jedem Raum eine einzigartige Eleganz. Ein St\u00fcck, das sowohl Ruhe als auch Dynamik ausstrahlt und Ihre Umgebung verzaubern wird. Perfekt f\u00fcr alle, die Raffinesse und Stil sch\u00e4tzen. Lassen Sie sich inspirieren! &nbsp;<\/p>","protected":false},"featured_media":254741,"comment_status":"open","ping_status":"closed","template":"","meta":[],"product_brand":[],"product_cat":[137,12201,10378],"product_tag":[12430],"class_list":{"0":"post-202019","1":"product","2":"type-product","3":"status-publish","4":"has-post-thumbnail","6":"product_cat-abstrakt","7":"product_cat-sylvia-eder","8":"product_cat-poster","9":"product_tag-abstraktekunst-dramscape-traumlandschaft-blutoeneundgold","10":"product_shipping_class-versand-t-shirts1","12":"first","13":"instock","14":"taxable","15":"shipping-taxable","16":"purchasable","17":"product-type-variable"},"yoast_head":"<!-- This site is optimized with the Yoast SEO Premium plugin v27.2 (Yoast SEO v27.3) - https:\/\/yoast.com\/product\/yoast-seo-premium-wordpress\/ -->\n<title>Poster: Dreamscape II - raxxa<\/title>\n<meta name=\"robots\" content=\"index, follow, max-snippet:-1, max-image-preview:large, max-video-preview:-1\" \/>\n<link rel=\"canonical\" href=\"https:\/\/www.raxxa.com\/fr\/shop\/poster-dreamscape-ii\/\" \/>\n<meta property=\"og:locale\" content=\"fr_FR\" \/>\n<meta property=\"og:type\" content=\"article\" \/>\n<meta property=\"og:title\" content=\"Poster: Dreamscape II\" \/>\n<meta property=\"og:description\" content=\"&quot;Dreamscape II&quot; by Sylvia Eder Tauchen Sie ein in die zeitlose Sch\u00f6nheit dieses abstrakten Kunstwerks. Die Kombination aus Blau, Gold- und Wei\u00dft\u00f6nen verleiht jedem Raum eine einzigartige Eleganz. Ein St\u00fcck, das sowohl Ruhe als auch Dynamik ausstrahlt und Ihre Umgebung verzaubern wird. Perfekt f\u00fcr alle, die Raffinesse und Stil sch\u00e4tzen. Lassen Sie sich inspirieren! &nbsp;\" \/>\n<meta property=\"og:url\" content=\"https:\/\/www.raxxa.com\/fr\/shop\/poster-dreamscape-ii\/\" \/>\n<meta property=\"og:site_name\" content=\"raxxa\" \/>\n<meta property=\"article:publisher\" content=\"https:\/\/facebook.com\/raxxacom\" \/>\n<meta property=\"article:modified_time\" content=\"2025-11-03T09:31:59+00:00\" \/>\n<meta property=\"og:image\" content=\"https:\/\/www.raxxa.com\/wp-content\/uploads\/2024\/07\/raxxa-Wallart-315-17204-84-Sylvia-Eder-Dreamscape-II-15.jpg\" \/>\n\t<meta property=\"og:image:width\" content=\"1024\" \/>\n\t<meta property=\"og:image:height\" content=\"1024\" \/>\n\t<meta property=\"og:image:type\" content=\"image\/jpeg\" \/>\n<meta name=\"twitter:card\" content=\"summary_large_image\" \/>\n<meta name=\"twitter:label1\" content=\"Disponibilit\u00e9\" \/>\n\t<meta name=\"twitter:data1\" content=\"En stock\" \/>\n<script type=\"application\/ld+json\" class=\"yoast-schema-graph\">{\"@context\":\"https:\\\/\\\/schema.org\",\"@graph\":[{\"@type\":[\"WebPage\",\"ItemPage\"],\"@id\":\"https:\\\/\\\/www.raxxa.com\\\/shop\\\/poster-dreamscape-ii\\\/\",\"url\":\"https:\\\/\\\/www.raxxa.com\\\/shop\\\/poster-dreamscape-ii\\\/\",\"name\":\"Poster: Dreamscape II - raxxa\",\"isPartOf\":{\"@id\":\"https:\\\/\\\/www.raxxa.com\\\/#website\"},\"primaryImageOfPage\":{\"@id\":\"https:\\\/\\\/www.raxxa.com\\\/shop\\\/poster-dreamscape-ii\\\/#primaryimage\"},\"image\":{\"@id\":\"https:\\\/\\\/www.raxxa.com\\\/shop\\\/poster-dreamscape-ii\\\/#primaryimage\"},\"thumbnailUrl\":\"https:\\\/\\\/www.raxxa.com\\\/wp-content\\\/uploads\\\/2024\\\/07\\\/raxxa-Wallart-315-17204-84-Sylvia-Eder-Dreamscape-II-15.jpg\",\"datePublished\":\"2024-07-29T07:06:37+00:00\",\"dateModified\":\"2025-11-03T09:31:59+00:00\",\"breadcrumb\":{\"@id\":\"https:\\\/\\\/www.raxxa.com\\\/shop\\\/poster-dreamscape-ii\\\/#breadcrumb\"},\"inLanguage\":\"fr-FR\",\"potentialAction\":[{\"@type\":\"ReadAction\",\"target\":[\"https:\\\/\\\/www.raxxa.com\\\/shop\\\/poster-dreamscape-ii\\\/\"]}]},{\"@type\":\"ImageObject\",\"inLanguage\":\"fr-FR\",\"@id\":\"https:\\\/\\\/www.raxxa.com\\\/shop\\\/poster-dreamscape-ii\\\/#primaryimage\",\"url\":\"https:\\\/\\\/www.raxxa.com\\\/wp-content\\\/uploads\\\/2024\\\/07\\\/raxxa-Wallart-315-17204-84-Sylvia-Eder-Dreamscape-II-15.jpg\",\"contentUrl\":\"https:\\\/\\\/www.raxxa.com\\\/wp-content\\\/uploads\\\/2024\\\/07\\\/raxxa-Wallart-315-17204-84-Sylvia-Eder-Dreamscape-II-15.jpg\",\"width\":1024,\"height\":1024},{\"@type\":\"BreadcrumbList\",\"@id\":\"https:\\\/\\\/www.raxxa.com\\\/shop\\\/poster-dreamscape-ii\\\/#breadcrumb\",\"itemListElement\":[{\"@type\":\"ListItem\",\"position\":1,\"name\":\"Startseite\",\"item\":\"https:\\\/\\\/www.raxxa.com\\\/\"},{\"@type\":\"ListItem\",\"position\":2,\"name\":\"Shop\",\"item\":\"https:\\\/\\\/www.raxxa.com\\\/it\\\/shop\\\/\"},{\"@type\":\"ListItem\",\"position\":3,\"name\":\"Poster: Dreamscape II\"}]},{\"@type\":\"WebSite\",\"@id\":\"https:\\\/\\\/www.raxxa.com\\\/#website\",\"url\":\"https:\\\/\\\/www.raxxa.com\\\/\",\"name\":\"raxxa\",\"description\":\"Einzigartige individuelle Produkte von unseren Designern\",\"publisher\":{\"@id\":\"https:\\\/\\\/www.raxxa.com\\\/#organization\"},\"potentialAction\":[{\"@type\":\"SearchAction\",\"target\":{\"@type\":\"EntryPoint\",\"urlTemplate\":\"https:\\\/\\\/www.raxxa.com\\\/?s={search_term_string}\"},\"query-input\":{\"@type\":\"PropertyValueSpecification\",\"valueRequired\":true,\"valueName\":\"search_term_string\"}}],\"inLanguage\":\"fr-FR\"},{\"@type\":\"Organization\",\"@id\":\"https:\\\/\\\/www.raxxa.com\\\/#organization\",\"name\":\"raxxa\",\"url\":\"https:\\\/\\\/www.raxxa.com\\\/\",\"logo\":{\"@type\":\"ImageObject\",\"inLanguage\":\"fr-FR\",\"@id\":\"https:\\\/\\\/www.raxxa.com\\\/#\\\/schema\\\/logo\\\/image\\\/\",\"url\":\"https:\\\/\\\/www.raxxa.com\\\/wp-content\\\/uploads\\\/2022\\\/07\\\/logo_v2.png\",\"contentUrl\":\"https:\\\/\\\/www.raxxa.com\\\/wp-content\\\/uploads\\\/2022\\\/07\\\/logo_v2.png\",\"width\":380,\"height\":382,\"caption\":\"raxxa\"},\"image\":{\"@id\":\"https:\\\/\\\/www.raxxa.com\\\/#\\\/schema\\\/logo\\\/image\\\/\"},\"sameAs\":[\"https:\\\/\\\/facebook.com\\\/raxxacom\"]}]}<\/script>\n<meta property=\"og:availability\" content=\"instock\" \/>\n<meta property=\"product:availability\" content=\"instock\" \/>\n<meta property=\"product:retailer_item_id\" content=\"1-84-17204-315\" \/>\n<meta property=\"product:condition\" content=\"new\" \/>\n<!-- \/ Yoast SEO Premium plugin. -->","yoast_head_json":{"title":"Poster: Dreamscape II - raxxa","robots":{"index":"index","follow":"follow","max-snippet":"max-snippet:-1","max-image-preview":"max-image-preview:large","max-video-preview":"max-video-preview:-1"},"canonical":"https:\/\/www.raxxa.com\/fr\/shop\/poster-dreamscape-ii\/","og_locale":"fr_FR","og_type":"article","og_title":"Poster: Dreamscape II","og_description":"&quot;Dreamscape II&quot; by Sylvia Eder Tauchen Sie ein in die zeitlose Sch\u00f6nheit dieses abstrakten Kunstwerks. Die Kombination aus Blau, Gold- und Wei\u00dft\u00f6nen verleiht jedem Raum eine einzigartige Eleganz. Ein St\u00fcck, das sowohl Ruhe als auch Dynamik ausstrahlt und Ihre Umgebung verzaubern wird. Perfekt f\u00fcr alle, die Raffinesse und Stil sch\u00e4tzen. Lassen Sie sich inspirieren! &nbsp;","og_url":"https:\/\/www.raxxa.com\/fr\/shop\/poster-dreamscape-ii\/","og_site_name":"raxxa","article_publisher":"https:\/\/facebook.com\/raxxacom","article_modified_time":"2025-11-03T09:31:59+00:00","og_image":[{"width":1024,"height":1024,"url":"https:\/\/www.raxxa.com\/wp-content\/uploads\/2024\/07\/raxxa-Wallart-315-17204-84-Sylvia-Eder-Dreamscape-II-15.jpg","type":"image\/jpeg"}],"twitter_card":"summary_large_image","twitter_misc":{"Disponibilit\u00e9":"En stock"},"schema":{"@context":"https:\/\/schema.org","@graph":[{"@type":["WebPage","ItemPage"],"@id":"https:\/\/www.raxxa.com\/shop\/poster-dreamscape-ii\/","url":"https:\/\/www.raxxa.com\/shop\/poster-dreamscape-ii\/","name":"Poster: Dreamscape II - raxxa","isPartOf":{"@id":"https:\/\/www.raxxa.com\/#website"},"primaryImageOfPage":{"@id":"https:\/\/www.raxxa.com\/shop\/poster-dreamscape-ii\/#primaryimage"},"image":{"@id":"https:\/\/www.raxxa.com\/shop\/poster-dreamscape-ii\/#primaryimage"},"thumbnailUrl":"https:\/\/www.raxxa.com\/wp-content\/uploads\/2024\/07\/raxxa-Wallart-315-17204-84-Sylvia-Eder-Dreamscape-II-15.jpg","datePublished":"2024-07-29T07:06:37+00:00","dateModified":"2025-11-03T09:31:59+00:00","breadcrumb":{"@id":"https:\/\/www.raxxa.com\/shop\/poster-dreamscape-ii\/#breadcrumb"},"inLanguage":"fr-FR","potentialAction":[{"@type":"ReadAction","target":["https:\/\/www.raxxa.com\/shop\/poster-dreamscape-ii\/"]}]},{"@type":"ImageObject","inLanguage":"fr-FR","@id":"https:\/\/www.raxxa.com\/shop\/poster-dreamscape-ii\/#primaryimage","url":"https:\/\/www.raxxa.com\/wp-content\/uploads\/2024\/07\/raxxa-Wallart-315-17204-84-Sylvia-Eder-Dreamscape-II-15.jpg","contentUrl":"https:\/\/www.raxxa.com\/wp-content\/uploads\/2024\/07\/raxxa-Wallart-315-17204-84-Sylvia-Eder-Dreamscape-II-15.jpg","width":1024,"height":1024},{"@type":"BreadcrumbList","@id":"https:\/\/www.raxxa.com\/shop\/poster-dreamscape-ii\/#breadcrumb","itemListElement":[{"@type":"ListItem","position":1,"name":"Startseite","item":"https:\/\/www.raxxa.com\/"},{"@type":"ListItem","position":2,"name":"Shop","item":"https:\/\/www.raxxa.com\/it\/shop\/"},{"@type":"ListItem","position":3,"name":"Poster: Dreamscape II"}]},{"@type":"WebSite","@id":"https:\/\/www.raxxa.com\/#website","url":"https:\/\/www.raxxa.com\/","name":"raxxa","description":"Des produits uniques et personnalis\u00e9s cr\u00e9\u00e9s par nos designers","publisher":{"@id":"https:\/\/www.raxxa.com\/#organization"},"potentialAction":[{"@type":"SearchAction","target":{"@type":"EntryPoint","urlTemplate":"https:\/\/www.raxxa.com\/?s={search_term_string}"},"query-input":{"@type":"PropertyValueSpecification","valueRequired":true,"valueName":"search_term_string"}}],"inLanguage":"fr-FR"},{"@type":"Organization","@id":"https:\/\/www.raxxa.com\/#organization","name":"raxxa","url":"https:\/\/www.raxxa.com\/","logo":{"@type":"ImageObject","inLanguage":"fr-FR","@id":"https:\/\/www.raxxa.com\/#\/schema\/logo\/image\/","url":"https:\/\/www.raxxa.com\/wp-content\/uploads\/2022\/07\/logo_v2.png","contentUrl":"https:\/\/www.raxxa.com\/wp-content\/uploads\/2022\/07\/logo_v2.png","width":380,"height":382,"caption":"raxxa"},"image":{"@id":"https:\/\/www.raxxa.com\/#\/schema\/logo\/image\/"},"sameAs":["https:\/\/facebook.com\/raxxacom"]}]},"og_availability":"instock","product_availability":"instock","product_retailer_item_id":"1-84-17204-315","product_condition":"new"},"jetpack_sharing_enabled":true,"_links":{"self":[{"href":"https:\/\/www.raxxa.com\/fr\/wp-json\/wp\/v2\/product\/202019","targetHints":{"allow":["GET"]}}],"collection":[{"href":"https:\/\/www.raxxa.com\/fr\/wp-json\/wp\/v2\/product"}],"about":[{"href":"https:\/\/www.raxxa.com\/fr\/wp-json\/wp\/v2\/types\/product"}],"replies":[{"embeddable":true,"href":"https:\/\/www.raxxa.com\/fr\/wp-json\/wp\/v2\/comments?post=202019"}],"wp:featuredmedia":[{"embeddable":true,"href":"https:\/\/www.raxxa.com\/fr\/wp-json\/wp\/v2\/media\/254741"}],"wp:attachment":[{"href":"https:\/\/www.raxxa.com\/fr\/wp-json\/wp\/v2\/media?parent=202019"}],"wp:term":[{"taxonomy":"product_brand","embeddable":true,"href":"https:\/\/www.raxxa.com\/fr\/wp-json\/wp\/v2\/product_brand?post=202019"},{"taxonomy":"product_cat","embeddable":true,"href":"https:\/\/www.raxxa.com\/fr\/wp-json\/wp\/v2\/product_cat?post=202019"},{"taxonomy":"product_tag","embeddable":true,"href":"https:\/\/www.raxxa.com\/fr\/wp-json\/wp\/v2\/product_tag?post=202019"}],"curies":[{"name":"wp","href":"https:\/\/api.w.org\/{rel}","templated":true}]}}