{"id":201671,"date":"2024-07-29T09:00:09","date_gmt":"2024-07-29T07:00:09","guid":{"rendered":"https:\/\/www.raxxa.com\/?post_type=product&#038;p=201671"},"modified":"2025-11-03T11:44:22","modified_gmt":"2025-11-03T09:44:22","slug":"poster-engel-in-blauem-gewand","status":"publish","type":"product","link":"https:\/\/www.raxxa.com\/fr\/shop\/poster-engel-in-blauem-gewand\/","title":{"rendered":"Poster : Ange en robe bleue"},"content":{"rendered":"<h3><strong>\"Ange en robe bleue\" by Sylvia Eder<\/strong><\/h3>\n<p><strong><\/strong><\/p>\n<p>Un ange v\u00eatu d'une robe bleue, peint avec des coups de pinceau magistraux, rayonne de beaut\u00e9 c\u00e9leste sur une toile. Cette \u0153uvre d'art conf\u00e8re \u00e0 chaque pi\u00e8ce une aura de paix et d'harmonie. Elle apporte lumi\u00e8re et inspiration, remplit la maison d'une douce s\u00e9r\u00e9nit\u00e9 et rappelle la pr\u00e9sence divine qui peut \u00eatre partout.<\/p>\n<p>&nbsp;<\/p>\n<ul><li>Poster de qualit\u00e9 mus\u00e9e sur papier d'archive mat durable (non couch\u00e9).<\/li><li>Poids du papier : 250 g \/ m\u00b2.<\/li><li>Envoi dans un emballage solide pour prot\u00e9ger le poster.<\/li><li>Ce produit est fabriqu\u00e9 sp\u00e9cialement pour toi, sur demande, dans la taille et le design souhait\u00e9s.<\/li><\/ul>","protected":false},"excerpt":{"rendered":"<p>&quot;Engel in blauem Gewand&quot; by Sylvia Eder Ein Engel in einem blauen Kleid, gemalt mit meisterhaften Pinselstrichen, strahlt auf einer Leinwand himmlische Sch\u00f6nheit aus. Dieses Kunstwerk verleiht jedem Raum eine Aura des Friedens und der Harmonie. Es bringt Licht und Inspiration, f\u00fcllt das Heim mit sanfter Gelassenheit und erinnert an die g\u00f6ttliche Pr\u00e4senz, die \u00fcberall [&hellip;]<\/p>\n","protected":false},"featured_media":254878,"comment_status":"open","ping_status":"closed","template":"","meta":[],"product_brand":[],"product_cat":[137,12201,10378],"product_tag":[12441],"class_list":{"0":"post-201671","1":"product","2":"type-product","3":"status-publish","4":"has-post-thumbnail","6":"product_cat-abstrakt","7":"product_cat-sylvia-eder","8":"product_cat-poster","9":"product_tag-engelbild-engelbildmitgold-friedlicherengel-freidlichesengelbild-kunst-art-pinselstrich-kunstwerk-aura-leinwand-inspiration-harmonie","10":"product_shipping_class-versand-t-shirts1","12":"first","13":"instock","14":"taxable","15":"shipping-taxable","16":"purchasable","17":"product-type-variable"},"yoast_head":"<!-- This site is optimized with the Yoast SEO Premium plugin v27.2 (Yoast SEO v27.3) - https:\/\/yoast.com\/product\/yoast-seo-premium-wordpress\/ -->\n<title>Poster: Engel in blauem Gewand - raxxa<\/title>\n<meta name=\"robots\" content=\"index, follow, max-snippet:-1, max-image-preview:large, max-video-preview:-1\" \/>\n<link rel=\"canonical\" href=\"https:\/\/www.raxxa.com\/fr\/shop\/poster-engel-in-blauem-gewand\/\" \/>\n<meta property=\"og:locale\" content=\"fr_FR\" \/>\n<meta property=\"og:type\" content=\"article\" \/>\n<meta property=\"og:title\" content=\"Poster: Engel in blauem Gewand\" \/>\n<meta property=\"og:description\" content=\"&quot;Engel in blauem Gewand&quot; by Sylvia Eder Ein Engel in einem blauen Kleid, gemalt mit meisterhaften Pinselstrichen, strahlt auf einer Leinwand himmlische Sch\u00f6nheit aus. Dieses Kunstwerk verleiht jedem Raum eine Aura des Friedens und der Harmonie. Es bringt Licht und Inspiration, f\u00fcllt das Heim mit sanfter Gelassenheit und erinnert an die g\u00f6ttliche Pr\u00e4senz, die \u00fcberall [&hellip;]\" \/>\n<meta property=\"og:url\" content=\"https:\/\/www.raxxa.com\/fr\/shop\/poster-engel-in-blauem-gewand\/\" \/>\n<meta property=\"og:site_name\" content=\"raxxa\" \/>\n<meta property=\"article:publisher\" content=\"https:\/\/facebook.com\/raxxacom\" \/>\n<meta property=\"article:modified_time\" content=\"2025-11-03T09:44:22+00:00\" \/>\n<meta property=\"og:image\" content=\"https:\/\/www.raxxa.com\/wp-content\/uploads\/2024\/07\/raxxa-315-16969-84-1.png\" \/>\n\t<meta property=\"og:image:width\" content=\"800\" \/>\n\t<meta property=\"og:image:height\" content=\"800\" \/>\n\t<meta property=\"og:image:type\" content=\"image\/png\" \/>\n<meta name=\"twitter:card\" content=\"summary_large_image\" \/>\n<meta name=\"twitter:label1\" content=\"Disponibilit\u00e9\" \/>\n\t<meta name=\"twitter:data1\" content=\"En stock\" \/>\n<script type=\"application\/ld+json\" class=\"yoast-schema-graph\">{\"@context\":\"https:\\\/\\\/schema.org\",\"@graph\":[{\"@type\":[\"WebPage\",\"ItemPage\"],\"@id\":\"https:\\\/\\\/www.raxxa.com\\\/shop\\\/poster-engel-in-blauem-gewand\\\/\",\"url\":\"https:\\\/\\\/www.raxxa.com\\\/shop\\\/poster-engel-in-blauem-gewand\\\/\",\"name\":\"Poster: Engel in blauem Gewand - raxxa\",\"isPartOf\":{\"@id\":\"https:\\\/\\\/www.raxxa.com\\\/#website\"},\"primaryImageOfPage\":{\"@id\":\"https:\\\/\\\/www.raxxa.com\\\/shop\\\/poster-engel-in-blauem-gewand\\\/#primaryimage\"},\"image\":{\"@id\":\"https:\\\/\\\/www.raxxa.com\\\/shop\\\/poster-engel-in-blauem-gewand\\\/#primaryimage\"},\"thumbnailUrl\":\"https:\\\/\\\/www.raxxa.com\\\/wp-content\\\/uploads\\\/2024\\\/07\\\/raxxa-Wallart-315-16969-84-Sylvia-Eder-Engel-in-blauem-Gewand-14.jpg\",\"datePublished\":\"2024-07-29T07:00:09+00:00\",\"dateModified\":\"2025-11-03T09:44:22+00:00\",\"breadcrumb\":{\"@id\":\"https:\\\/\\\/www.raxxa.com\\\/shop\\\/poster-engel-in-blauem-gewand\\\/#breadcrumb\"},\"inLanguage\":\"fr-FR\",\"potentialAction\":[{\"@type\":\"ReadAction\",\"target\":[\"https:\\\/\\\/www.raxxa.com\\\/shop\\\/poster-engel-in-blauem-gewand\\\/\"]}]},{\"@type\":\"ImageObject\",\"inLanguage\":\"fr-FR\",\"@id\":\"https:\\\/\\\/www.raxxa.com\\\/shop\\\/poster-engel-in-blauem-gewand\\\/#primaryimage\",\"url\":\"https:\\\/\\\/www.raxxa.com\\\/wp-content\\\/uploads\\\/2024\\\/07\\\/raxxa-Wallart-315-16969-84-Sylvia-Eder-Engel-in-blauem-Gewand-14.jpg\",\"contentUrl\":\"https:\\\/\\\/www.raxxa.com\\\/wp-content\\\/uploads\\\/2024\\\/07\\\/raxxa-Wallart-315-16969-84-Sylvia-Eder-Engel-in-blauem-Gewand-14.jpg\",\"width\":1024,\"height\":1024},{\"@type\":\"BreadcrumbList\",\"@id\":\"https:\\\/\\\/www.raxxa.com\\\/shop\\\/poster-engel-in-blauem-gewand\\\/#breadcrumb\",\"itemListElement\":[{\"@type\":\"ListItem\",\"position\":1,\"name\":\"Startseite\",\"item\":\"https:\\\/\\\/www.raxxa.com\\\/\"},{\"@type\":\"ListItem\",\"position\":2,\"name\":\"Shop\",\"item\":\"https:\\\/\\\/www.raxxa.com\\\/it\\\/shop\\\/\"},{\"@type\":\"ListItem\",\"position\":3,\"name\":\"Poster: Engel in blauem Gewand\"}]},{\"@type\":\"WebSite\",\"@id\":\"https:\\\/\\\/www.raxxa.com\\\/#website\",\"url\":\"https:\\\/\\\/www.raxxa.com\\\/\",\"name\":\"raxxa\",\"description\":\"Einzigartige individuelle Produkte von unseren Designern\",\"publisher\":{\"@id\":\"https:\\\/\\\/www.raxxa.com\\\/#organization\"},\"potentialAction\":[{\"@type\":\"SearchAction\",\"target\":{\"@type\":\"EntryPoint\",\"urlTemplate\":\"https:\\\/\\\/www.raxxa.com\\\/?s={search_term_string}\"},\"query-input\":{\"@type\":\"PropertyValueSpecification\",\"valueRequired\":true,\"valueName\":\"search_term_string\"}}],\"inLanguage\":\"fr-FR\"},{\"@type\":\"Organization\",\"@id\":\"https:\\\/\\\/www.raxxa.com\\\/#organization\",\"name\":\"raxxa\",\"url\":\"https:\\\/\\\/www.raxxa.com\\\/\",\"logo\":{\"@type\":\"ImageObject\",\"inLanguage\":\"fr-FR\",\"@id\":\"https:\\\/\\\/www.raxxa.com\\\/#\\\/schema\\\/logo\\\/image\\\/\",\"url\":\"https:\\\/\\\/www.raxxa.com\\\/wp-content\\\/uploads\\\/2022\\\/07\\\/logo_v2.png\",\"contentUrl\":\"https:\\\/\\\/www.raxxa.com\\\/wp-content\\\/uploads\\\/2022\\\/07\\\/logo_v2.png\",\"width\":380,\"height\":382,\"caption\":\"raxxa\"},\"image\":{\"@id\":\"https:\\\/\\\/www.raxxa.com\\\/#\\\/schema\\\/logo\\\/image\\\/\"},\"sameAs\":[\"https:\\\/\\\/facebook.com\\\/raxxacom\"]}]}<\/script>\n<meta property=\"og:availability\" content=\"instock\" \/>\n<meta property=\"product:availability\" content=\"instock\" \/>\n<meta property=\"product:retailer_item_id\" content=\"1-84-16969-315\" \/>\n<meta property=\"product:condition\" content=\"new\" \/>\n<!-- \/ Yoast SEO Premium plugin. -->","yoast_head_json":{"title":"Poster: Engel in blauem Gewand - raxxa","robots":{"index":"index","follow":"follow","max-snippet":"max-snippet:-1","max-image-preview":"max-image-preview:large","max-video-preview":"max-video-preview:-1"},"canonical":"https:\/\/www.raxxa.com\/fr\/shop\/poster-engel-in-blauem-gewand\/","og_locale":"fr_FR","og_type":"article","og_title":"Poster: Engel in blauem Gewand","og_description":"&quot;Engel in blauem Gewand&quot; by Sylvia Eder Ein Engel in einem blauen Kleid, gemalt mit meisterhaften Pinselstrichen, strahlt auf einer Leinwand himmlische Sch\u00f6nheit aus. Dieses Kunstwerk verleiht jedem Raum eine Aura des Friedens und der Harmonie. Es bringt Licht und Inspiration, f\u00fcllt das Heim mit sanfter Gelassenheit und erinnert an die g\u00f6ttliche Pr\u00e4senz, die \u00fcberall [&hellip;]","og_url":"https:\/\/www.raxxa.com\/fr\/shop\/poster-engel-in-blauem-gewand\/","og_site_name":"raxxa","article_publisher":"https:\/\/facebook.com\/raxxacom","article_modified_time":"2025-11-03T09:44:22+00:00","og_image":[{"width":800,"height":800,"url":"https:\/\/www.raxxa.com\/wp-content\/uploads\/2024\/07\/raxxa-315-16969-84-1.png","type":"image\/png"}],"twitter_card":"summary_large_image","twitter_misc":{"Disponibilit\u00e9":"En stock"},"schema":{"@context":"https:\/\/schema.org","@graph":[{"@type":["WebPage","ItemPage"],"@id":"https:\/\/www.raxxa.com\/shop\/poster-engel-in-blauem-gewand\/","url":"https:\/\/www.raxxa.com\/shop\/poster-engel-in-blauem-gewand\/","name":"Poster: Engel in blauem Gewand - raxxa","isPartOf":{"@id":"https:\/\/www.raxxa.com\/#website"},"primaryImageOfPage":{"@id":"https:\/\/www.raxxa.com\/shop\/poster-engel-in-blauem-gewand\/#primaryimage"},"image":{"@id":"https:\/\/www.raxxa.com\/shop\/poster-engel-in-blauem-gewand\/#primaryimage"},"thumbnailUrl":"https:\/\/www.raxxa.com\/wp-content\/uploads\/2024\/07\/raxxa-Wallart-315-16969-84-Sylvia-Eder-Engel-in-blauem-Gewand-14.jpg","datePublished":"2024-07-29T07:00:09+00:00","dateModified":"2025-11-03T09:44:22+00:00","breadcrumb":{"@id":"https:\/\/www.raxxa.com\/shop\/poster-engel-in-blauem-gewand\/#breadcrumb"},"inLanguage":"fr-FR","potentialAction":[{"@type":"ReadAction","target":["https:\/\/www.raxxa.com\/shop\/poster-engel-in-blauem-gewand\/"]}]},{"@type":"ImageObject","inLanguage":"fr-FR","@id":"https:\/\/www.raxxa.com\/shop\/poster-engel-in-blauem-gewand\/#primaryimage","url":"https:\/\/www.raxxa.com\/wp-content\/uploads\/2024\/07\/raxxa-Wallart-315-16969-84-Sylvia-Eder-Engel-in-blauem-Gewand-14.jpg","contentUrl":"https:\/\/www.raxxa.com\/wp-content\/uploads\/2024\/07\/raxxa-Wallart-315-16969-84-Sylvia-Eder-Engel-in-blauem-Gewand-14.jpg","width":1024,"height":1024},{"@type":"BreadcrumbList","@id":"https:\/\/www.raxxa.com\/shop\/poster-engel-in-blauem-gewand\/#breadcrumb","itemListElement":[{"@type":"ListItem","position":1,"name":"Startseite","item":"https:\/\/www.raxxa.com\/"},{"@type":"ListItem","position":2,"name":"Shop","item":"https:\/\/www.raxxa.com\/it\/shop\/"},{"@type":"ListItem","position":3,"name":"Poster: Engel in blauem Gewand"}]},{"@type":"WebSite","@id":"https:\/\/www.raxxa.com\/#website","url":"https:\/\/www.raxxa.com\/","name":"raxxa","description":"Des produits uniques et personnalis\u00e9s cr\u00e9\u00e9s par nos designers","publisher":{"@id":"https:\/\/www.raxxa.com\/#organization"},"potentialAction":[{"@type":"SearchAction","target":{"@type":"EntryPoint","urlTemplate":"https:\/\/www.raxxa.com\/?s={search_term_string}"},"query-input":{"@type":"PropertyValueSpecification","valueRequired":true,"valueName":"search_term_string"}}],"inLanguage":"fr-FR"},{"@type":"Organization","@id":"https:\/\/www.raxxa.com\/#organization","name":"raxxa","url":"https:\/\/www.raxxa.com\/","logo":{"@type":"ImageObject","inLanguage":"fr-FR","@id":"https:\/\/www.raxxa.com\/#\/schema\/logo\/image\/","url":"https:\/\/www.raxxa.com\/wp-content\/uploads\/2022\/07\/logo_v2.png","contentUrl":"https:\/\/www.raxxa.com\/wp-content\/uploads\/2022\/07\/logo_v2.png","width":380,"height":382,"caption":"raxxa"},"image":{"@id":"https:\/\/www.raxxa.com\/#\/schema\/logo\/image\/"},"sameAs":["https:\/\/facebook.com\/raxxacom"]}]},"og_availability":"instock","product_availability":"instock","product_retailer_item_id":"1-84-16969-315","product_condition":"new"},"jetpack_sharing_enabled":true,"_links":{"self":[{"href":"https:\/\/www.raxxa.com\/fr\/wp-json\/wp\/v2\/product\/201671","targetHints":{"allow":["GET"]}}],"collection":[{"href":"https:\/\/www.raxxa.com\/fr\/wp-json\/wp\/v2\/product"}],"about":[{"href":"https:\/\/www.raxxa.com\/fr\/wp-json\/wp\/v2\/types\/product"}],"replies":[{"embeddable":true,"href":"https:\/\/www.raxxa.com\/fr\/wp-json\/wp\/v2\/comments?post=201671"}],"wp:featuredmedia":[{"embeddable":true,"href":"https:\/\/www.raxxa.com\/fr\/wp-json\/wp\/v2\/media\/254878"}],"wp:attachment":[{"href":"https:\/\/www.raxxa.com\/fr\/wp-json\/wp\/v2\/media?parent=201671"}],"wp:term":[{"taxonomy":"product_brand","embeddable":true,"href":"https:\/\/www.raxxa.com\/fr\/wp-json\/wp\/v2\/product_brand?post=201671"},{"taxonomy":"product_cat","embeddable":true,"href":"https:\/\/www.raxxa.com\/fr\/wp-json\/wp\/v2\/product_cat?post=201671"},{"taxonomy":"product_tag","embeddable":true,"href":"https:\/\/www.raxxa.com\/fr\/wp-json\/wp\/v2\/product_tag?post=201671"}],"curies":[{"name":"wp","href":"https:\/\/api.w.org\/{rel}","templated":true}]}}