{"id":201353,"date":"2024-07-29T08:14:59","date_gmt":"2024-07-29T06:14:59","guid":{"rendered":"https:\/\/www.raxxa.com\/?post_type=product&#038;p=201353"},"modified":"2025-11-03T11:56:39","modified_gmt":"2025-11-03T09:56:39","slug":"raxxa-premium-tischset-peachy-peony","status":"publish","type":"product","link":"https:\/\/www.raxxa.com\/fr\/shop\/raxxa-premium-tischset-peachy-peony\/","title":{"rendered":"raxxa Set de table premium : Peachy peony"},"content":{"rendered":"<h3><strong>\"Peachy peony\" par Sylvia Eder<\/strong><\/h3>\n<p><strong><\/strong><\/p>\n<p>Cette pivoine dans les tons p\u00eache et orange est un v\u00e9ritable accroche-regard dans chaque pi\u00e8ce. Elle transmet la chaleur de l'\u00e9t\u00e9 avec toutes ses magnifiques couleurs vives et ses merveilleux parfums sucr\u00e9s. Elle ravive imm\u00e9diatement les sens. Qui peut r\u00e9sister \u00e0 une fleur divine comme celle-ci ?<\/p>\n<p>&nbsp;<\/p>\nEmbellissez votre salle \u00e0 manger avec nos sets de table en vinyle color\u00e9s cr\u00e9\u00e9s par nos artistes ! Ces sets de table imprim\u00e9s sur une face sont fabriqu\u00e9s dans un mat\u00e9riau r\u00e9sistant et sont parfaits pour donner une touche de couleur \u00e0 votre table. Avec leurs dimensions de 40 x 30 cm, ils ont exactement la bonne taille pour chaque ustensile de table. Agr\u00e9mentez vos repas avec style et praticit\u00e9 !<br><br>Indications sur les mat\u00e9riaux :<br><ul><li>40 x 30 cm.<\/li><li>environ 1,6 mm d'\u00e9paisseur.<\/li><li>vinyle.<\/li><li>Nettoyage avec un chiffon humide, ne convient pas pour le lave-vaisselle.<\/li><li>Fabriqu\u00e9 en Allemagne.<\/li><\/ul>","protected":false},"excerpt":{"rendered":"<p>&quot;Peachy peony&quot; by Sylvia Eder Diese Pfingstrose in pfirsich- und orangefarbenen T\u00f6nen ist ein echter Blickfang in jedem Raum. Sie vermittelt die W\u00e4rme des Sommers mit all seinen herrlich leuchtenden Farben und wunderbar s\u00fc\u00dfen D\u00fcften. Sie belebt die Sinne sofort. Wer kann einer himmlischen Bl\u00fcte wie dieser schon widerstehen? &nbsp;<\/p>","protected":false},"featured_media":255005,"comment_status":"open","ping_status":"closed","template":"","meta":[],"product_brand":[],"product_cat":[137,12201,11051],"product_tag":[12406],"class_list":{"0":"post-201353","1":"product","2":"type-product","3":"status-publish","4":"has-post-thumbnail","6":"product_cat-abstrakt","7":"product_cat-sylvia-eder","8":"product_cat-tischset","9":"product_tag-pfirsischfarbenepfingstrose-pfingstrose-orangetoene-rosen-kunst-art-pinselstrich-kunstwerk-aura-leinwand-inspiration-harmonie","10":"product_shipping_class-versand-tischset","12":"first","13":"instock","14":"taxable","15":"shipping-taxable","16":"purchasable","17":"product-type-variable"},"yoast_head":"<!-- This site is optimized with the Yoast SEO Premium plugin v27.4 (Yoast SEO v27.4) - https:\/\/yoast.com\/product\/yoast-seo-premium-wordpress\/ -->\n<title>raxxa Premium-Tischset: Peachy peony - raxxa<\/title>\n<meta name=\"robots\" content=\"index, follow, max-snippet:-1, max-image-preview:large, max-video-preview:-1\" \/>\n<link rel=\"canonical\" href=\"https:\/\/www.raxxa.com\/fr\/shop\/raxxa-premium-tischset-peachy-peony\/\" \/>\n<meta property=\"og:locale\" content=\"fr_FR\" \/>\n<meta property=\"og:type\" content=\"article\" \/>\n<meta property=\"og:title\" content=\"raxxa Premium-Tischset: Peachy peony\" \/>\n<meta property=\"og:description\" content=\"&quot;Peachy peony&quot; by Sylvia Eder Diese Pfingstrose in pfirsich- und orangefarbenen T\u00f6nen ist ein echter Blickfang in jedem Raum. Sie vermittelt die W\u00e4rme des Sommers mit all seinen herrlich leuchtenden Farben und wunderbar s\u00fc\u00dfen D\u00fcften. Sie belebt die Sinne sofort. Wer kann einer himmlischen Bl\u00fcte wie dieser schon widerstehen? &nbsp;\" \/>\n<meta property=\"og:url\" content=\"https:\/\/www.raxxa.com\/fr\/shop\/raxxa-premium-tischset-peachy-peony\/\" \/>\n<meta property=\"og:site_name\" content=\"raxxa\" \/>\n<meta property=\"article:publisher\" content=\"https:\/\/facebook.com\/raxxacom\" \/>\n<meta property=\"article:modified_time\" content=\"2025-11-03T09:56:39+00:00\" \/>\n<meta property=\"og:image\" content=\"https:\/\/www.raxxa.com\/wp-content\/uploads\/2024\/07\/315_16948_Peachy-peony-Sylvia-Eder_tischset3_shop-1024x793.png\" \/>\n\t<meta property=\"og:image:width\" content=\"1024\" \/>\n\t<meta property=\"og:image:height\" content=\"793\" \/>\n\t<meta property=\"og:image:type\" content=\"image\/png\" \/>\n<meta name=\"twitter:card\" content=\"summary_large_image\" \/>\n<meta name=\"twitter:label1\" content=\"Disponibilit\u00e9\" \/>\n\t<meta name=\"twitter:data1\" content=\"En stock\" \/>\n<script type=\"application\/ld+json\" class=\"yoast-schema-graph\">{\"@context\":\"https:\\\/\\\/schema.org\",\"@graph\":[{\"@type\":[\"WebPage\",\"ItemPage\"],\"@id\":\"https:\\\/\\\/www.raxxa.com\\\/shop\\\/raxxa-premium-tischset-peachy-peony\\\/\",\"url\":\"https:\\\/\\\/www.raxxa.com\\\/shop\\\/raxxa-premium-tischset-peachy-peony\\\/\",\"name\":\"raxxa Premium-Tischset: Peachy peony - raxxa\",\"isPartOf\":{\"@id\":\"https:\\\/\\\/www.raxxa.com\\\/#website\"},\"primaryImageOfPage\":{\"@id\":\"https:\\\/\\\/www.raxxa.com\\\/shop\\\/raxxa-premium-tischset-peachy-peony\\\/#primaryimage\"},\"image\":{\"@id\":\"https:\\\/\\\/www.raxxa.com\\\/shop\\\/raxxa-premium-tischset-peachy-peony\\\/#primaryimage\"},\"thumbnailUrl\":\"https:\\\/\\\/www.raxxa.com\\\/wp-content\\\/uploads\\\/2024\\\/07\\\/315_16948_Peachy-peony-Sylvia-Eder_tischset3_shop-scaled.png\",\"datePublished\":\"2024-07-29T06:14:59+00:00\",\"dateModified\":\"2025-11-03T09:56:39+00:00\",\"breadcrumb\":{\"@id\":\"https:\\\/\\\/www.raxxa.com\\\/shop\\\/raxxa-premium-tischset-peachy-peony\\\/#breadcrumb\"},\"inLanguage\":\"fr-FR\",\"potentialAction\":[{\"@type\":\"ReadAction\",\"target\":[\"https:\\\/\\\/www.raxxa.com\\\/shop\\\/raxxa-premium-tischset-peachy-peony\\\/\"]}]},{\"@type\":\"ImageObject\",\"inLanguage\":\"fr-FR\",\"@id\":\"https:\\\/\\\/www.raxxa.com\\\/shop\\\/raxxa-premium-tischset-peachy-peony\\\/#primaryimage\",\"url\":\"https:\\\/\\\/www.raxxa.com\\\/wp-content\\\/uploads\\\/2024\\\/07\\\/315_16948_Peachy-peony-Sylvia-Eder_tischset3_shop-scaled.png\",\"contentUrl\":\"https:\\\/\\\/www.raxxa.com\\\/wp-content\\\/uploads\\\/2024\\\/07\\\/315_16948_Peachy-peony-Sylvia-Eder_tischset3_shop-scaled.png\",\"width\":2560,\"height\":1983},{\"@type\":\"BreadcrumbList\",\"@id\":\"https:\\\/\\\/www.raxxa.com\\\/shop\\\/raxxa-premium-tischset-peachy-peony\\\/#breadcrumb\",\"itemListElement\":[{\"@type\":\"ListItem\",\"position\":1,\"name\":\"Startseite\",\"item\":\"https:\\\/\\\/www.raxxa.com\\\/\"},{\"@type\":\"ListItem\",\"position\":2,\"name\":\"Shop\",\"item\":\"https:\\\/\\\/www.raxxa.com\\\/it\\\/shop\\\/\"},{\"@type\":\"ListItem\",\"position\":3,\"name\":\"raxxa Premium-Tischset: Peachy peony\"}]},{\"@type\":\"WebSite\",\"@id\":\"https:\\\/\\\/www.raxxa.com\\\/#website\",\"url\":\"https:\\\/\\\/www.raxxa.com\\\/\",\"name\":\"raxxa\",\"description\":\"Einzigartige individuelle Produkte von unseren Designern\",\"publisher\":{\"@id\":\"https:\\\/\\\/www.raxxa.com\\\/#organization\"},\"potentialAction\":[{\"@type\":\"SearchAction\",\"target\":{\"@type\":\"EntryPoint\",\"urlTemplate\":\"https:\\\/\\\/www.raxxa.com\\\/?s={search_term_string}\"},\"query-input\":{\"@type\":\"PropertyValueSpecification\",\"valueRequired\":true,\"valueName\":\"search_term_string\"}}],\"inLanguage\":\"fr-FR\"},{\"@type\":\"Organization\",\"@id\":\"https:\\\/\\\/www.raxxa.com\\\/#organization\",\"name\":\"raxxa\",\"url\":\"https:\\\/\\\/www.raxxa.com\\\/\",\"logo\":{\"@type\":\"ImageObject\",\"inLanguage\":\"fr-FR\",\"@id\":\"https:\\\/\\\/www.raxxa.com\\\/#\\\/schema\\\/logo\\\/image\\\/\",\"url\":\"https:\\\/\\\/www.raxxa.com\\\/wp-content\\\/uploads\\\/2022\\\/07\\\/logo_v2.png\",\"contentUrl\":\"https:\\\/\\\/www.raxxa.com\\\/wp-content\\\/uploads\\\/2022\\\/07\\\/logo_v2.png\",\"width\":380,\"height\":382,\"caption\":\"raxxa\"},\"image\":{\"@id\":\"https:\\\/\\\/www.raxxa.com\\\/#\\\/schema\\\/logo\\\/image\\\/\"},\"sameAs\":[\"https:\\\/\\\/facebook.com\\\/raxxacom\"]}]}<\/script>\n<meta property=\"og:availability\" content=\"instock\" \/>\n<meta property=\"product:availability\" content=\"instock\" \/>\n<meta property=\"product:retailer_item_id\" content=\"1-6-16948-315\" \/>\n<meta property=\"product:condition\" content=\"new\" \/>\n<!-- \/ Yoast SEO Premium plugin. -->","yoast_head_json":{"title":"raxxa Set de table premium : Peachy peony - raxxa","robots":{"index":"index","follow":"follow","max-snippet":"max-snippet:-1","max-image-preview":"max-image-preview:large","max-video-preview":"max-video-preview:-1"},"canonical":"https:\/\/www.raxxa.com\/fr\/shop\/raxxa-premium-tischset-peachy-peony\/","og_locale":"fr_FR","og_type":"article","og_title":"raxxa Premium-Tischset: Peachy peony","og_description":"&quot;Peachy peony&quot; by Sylvia Eder Diese Pfingstrose in pfirsich- und orangefarbenen T\u00f6nen ist ein echter Blickfang in jedem Raum. Sie vermittelt die W\u00e4rme des Sommers mit all seinen herrlich leuchtenden Farben und wunderbar s\u00fc\u00dfen D\u00fcften. Sie belebt die Sinne sofort. Wer kann einer himmlischen Bl\u00fcte wie dieser schon widerstehen? &nbsp;","og_url":"https:\/\/www.raxxa.com\/fr\/shop\/raxxa-premium-tischset-peachy-peony\/","og_site_name":"raxxa","article_publisher":"https:\/\/facebook.com\/raxxacom","article_modified_time":"2025-11-03T09:56:39+00:00","og_image":[{"width":1024,"height":793,"url":"https:\/\/www.raxxa.com\/wp-content\/uploads\/2024\/07\/315_16948_Peachy-peony-Sylvia-Eder_tischset3_shop-1024x793.png","type":"image\/png"}],"twitter_card":"summary_large_image","twitter_misc":{"Disponibilit\u00e9":"En stock"},"schema":{"@context":"https:\/\/schema.org","@graph":[{"@type":["WebPage","ItemPage"],"@id":"https:\/\/www.raxxa.com\/shop\/raxxa-premium-tischset-peachy-peony\/","url":"https:\/\/www.raxxa.com\/shop\/raxxa-premium-tischset-peachy-peony\/","name":"raxxa Set de table premium : Peachy peony - raxxa","isPartOf":{"@id":"https:\/\/www.raxxa.com\/#website"},"primaryImageOfPage":{"@id":"https:\/\/www.raxxa.com\/shop\/raxxa-premium-tischset-peachy-peony\/#primaryimage"},"image":{"@id":"https:\/\/www.raxxa.com\/shop\/raxxa-premium-tischset-peachy-peony\/#primaryimage"},"thumbnailUrl":"https:\/\/www.raxxa.com\/wp-content\/uploads\/2024\/07\/315_16948_Peachy-peony-Sylvia-Eder_tischset3_shop-scaled.png","datePublished":"2024-07-29T06:14:59+00:00","dateModified":"2025-11-03T09:56:39+00:00","breadcrumb":{"@id":"https:\/\/www.raxxa.com\/shop\/raxxa-premium-tischset-peachy-peony\/#breadcrumb"},"inLanguage":"fr-FR","potentialAction":[{"@type":"ReadAction","target":["https:\/\/www.raxxa.com\/shop\/raxxa-premium-tischset-peachy-peony\/"]}]},{"@type":"ImageObject","inLanguage":"fr-FR","@id":"https:\/\/www.raxxa.com\/shop\/raxxa-premium-tischset-peachy-peony\/#primaryimage","url":"https:\/\/www.raxxa.com\/wp-content\/uploads\/2024\/07\/315_16948_Peachy-peony-Sylvia-Eder_tischset3_shop-scaled.png","contentUrl":"https:\/\/www.raxxa.com\/wp-content\/uploads\/2024\/07\/315_16948_Peachy-peony-Sylvia-Eder_tischset3_shop-scaled.png","width":2560,"height":1983},{"@type":"BreadcrumbList","@id":"https:\/\/www.raxxa.com\/shop\/raxxa-premium-tischset-peachy-peony\/#breadcrumb","itemListElement":[{"@type":"ListItem","position":1,"name":"Startseite","item":"https:\/\/www.raxxa.com\/"},{"@type":"ListItem","position":2,"name":"Shop","item":"https:\/\/www.raxxa.com\/it\/shop\/"},{"@type":"ListItem","position":3,"name":"raxxa Premium-Tischset: Peachy peony"}]},{"@type":"WebSite","@id":"https:\/\/www.raxxa.com\/#website","url":"https:\/\/www.raxxa.com\/","name":"raxxa","description":"Des produits uniques et personnalis\u00e9s cr\u00e9\u00e9s par nos designers","publisher":{"@id":"https:\/\/www.raxxa.com\/#organization"},"potentialAction":[{"@type":"SearchAction","target":{"@type":"EntryPoint","urlTemplate":"https:\/\/www.raxxa.com\/?s={search_term_string}"},"query-input":{"@type":"PropertyValueSpecification","valueRequired":true,"valueName":"search_term_string"}}],"inLanguage":"fr-FR"},{"@type":"Organization","@id":"https:\/\/www.raxxa.com\/#organization","name":"raxxa","url":"https:\/\/www.raxxa.com\/","logo":{"@type":"ImageObject","inLanguage":"fr-FR","@id":"https:\/\/www.raxxa.com\/#\/schema\/logo\/image\/","url":"https:\/\/www.raxxa.com\/wp-content\/uploads\/2022\/07\/logo_v2.png","contentUrl":"https:\/\/www.raxxa.com\/wp-content\/uploads\/2022\/07\/logo_v2.png","width":380,"height":382,"caption":"raxxa"},"image":{"@id":"https:\/\/www.raxxa.com\/#\/schema\/logo\/image\/"},"sameAs":["https:\/\/facebook.com\/raxxacom"]}]},"og_availability":"instock","product_availability":"instock","product_retailer_item_id":"1-6-16948-315","product_condition":"new"},"jetpack_sharing_enabled":true,"_links":{"self":[{"href":"https:\/\/www.raxxa.com\/fr\/wp-json\/wp\/v2\/product\/201353","targetHints":{"allow":["GET"]}}],"collection":[{"href":"https:\/\/www.raxxa.com\/fr\/wp-json\/wp\/v2\/product"}],"about":[{"href":"https:\/\/www.raxxa.com\/fr\/wp-json\/wp\/v2\/types\/product"}],"replies":[{"embeddable":true,"href":"https:\/\/www.raxxa.com\/fr\/wp-json\/wp\/v2\/comments?post=201353"}],"wp:featuredmedia":[{"embeddable":true,"href":"https:\/\/www.raxxa.com\/fr\/wp-json\/wp\/v2\/media\/255005"}],"wp:attachment":[{"href":"https:\/\/www.raxxa.com\/fr\/wp-json\/wp\/v2\/media?parent=201353"}],"wp:term":[{"taxonomy":"product_brand","embeddable":true,"href":"https:\/\/www.raxxa.com\/fr\/wp-json\/wp\/v2\/product_brand?post=201353"},{"taxonomy":"product_cat","embeddable":true,"href":"https:\/\/www.raxxa.com\/fr\/wp-json\/wp\/v2\/product_cat?post=201353"},{"taxonomy":"product_tag","embeddable":true,"href":"https:\/\/www.raxxa.com\/fr\/wp-json\/wp\/v2\/product_tag?post=201353"}],"curies":[{"name":"wp","href":"https:\/\/api.w.org\/{rel}","templated":true}]}}