{"id":198074,"date":"2024-06-15T11:55:09","date_gmt":"2024-06-15T09:55:09","guid":{"rendered":"https:\/\/www.raxxa.com\/?post_type=product&#038;p=198074"},"modified":"2024-07-29T11:00:42","modified_gmt":"2024-07-29T09:00:42","slug":"raxxa-postkarte-pink-baloons","status":"publish","type":"product","link":"https:\/\/www.raxxa.com\/fr\/shop\/raxxa-postkarte-pink-baloons\/","title":{"rendered":"raxxa Carte postale : Pink baloons"},"content":{"rendered":"<h3><strong>\"Pink baloons\" par Sylvia Eder<\/strong><\/h3>\n<p><strong><\/strong><\/p>\n<p>Une mer de rose \u00e9clatant enveloppe la sc\u00e8ne, des formes de ballons vivantes dansent dans l'air. Les couleurs et les formes ludiques transmettent une l\u00e9g\u00e8ret\u00e9 joyeuse qui fascine imm\u00e9diatement le spectateur. La sc\u00e8ne respire la joie pure et l'insouciance et rappelle les jours inoubliables de l'enfance, pleins de rires et de magie.<\/p>\n<p>&nbsp;<\/p>\n<ul><li>Nous imprimons la carte postale de votre choix en blanc ou avec un message personnel et l'envoyons dans le monde entier \u00e0 la personne de votre choix ou \u00e0 vous-m\u00eame.<\/li><li>Id\u00e9al pour le Postcrossing en ligne ou les v\u0153ux personnalis\u00e9s \u00e0 vos proches, vos amis, vos parents et vos connaissances.<\/li><li>Alternativement, en tant que carte vierge \u00e0 motif pur \u00e0 collectionner ou \u00e0 envoyer soi-m\u00eame.<\/li><li>Cartes postales DIN A6 (14,8 cm x 10,5 cm).<\/li><\/ul><br><br><b>Comment cr\u00e9er\/concevoir ma carte postale personnelle ?<\/b><br><br>1) Saisissez simplement le texte de votre message ou de votre salut (500 caract\u00e8res maximum).<br>2) Si vous souhaitez envoyer votre carte postale pour Postcrossing, inscrivez le PostcrossingID.<br>Sinon, laissez simplement ce champ vide.<br>3) Saisissez le pr\u00e9nom, le nom, le num\u00e9ro de rue, le code postal, la ville et le pays du destinataire de la carte postale dans les champs de saisie.<br>4) Vous pouvez maintenant ajouter votre carte postale personnalis\u00e9e au panier et la commander \u00e0 la caisse.<br><br>Nous imprimons maintenant votre carte postale personnelle, l'affranchissons et l'envoyons au destinataire que vous avez indiqu\u00e9.<br><br>Si vous avez des questions, n'h\u00e9sitez pas \u00e0 nous envoyer un message ou un e-mail.<br>","protected":false},"excerpt":{"rendered":"<p>&quot;Pink baloons&quot; by Sylvia Eder Ein Meer aus strahlendem Pink umh\u00fcllt die Szenerie, lebendige Ballonformen tanzen in der Luft. Die verspielten Farben und Formen vermitteln eine fr\u00f6hliche Leichtigkeit, die den Betrachter sofort in ihren Bann zieht. Die Szene strahlt pure Freude und Unbeschwertheit aus und erinnert an unvergessliche Kindheitstage voller Lachen und Magie. &nbsp;<\/p>","protected":false},"featured_media":198103,"comment_status":"open","ping_status":"closed","template":"","meta":[],"product_brand":[],"product_cat":[137,12201,11884],"product_tag":[12223],"class_list":{"0":"post-198074","1":"product","2":"type-product","3":"status-publish","4":"has-post-thumbnail","6":"product_cat-abstrakt","7":"product_cat-sylvia-eder","8":"product_cat-postkarten","9":"product_tag-pink-rosa-pinkfarbenebalons-freudvollekunst-kunst-art-abstrakt","11":"first","12":"instock","13":"taxable","14":"shipping-taxable","15":"purchasable","16":"product-type-variable"},"yoast_head":"<!-- This site is optimized with the Yoast SEO Premium plugin v27.2 (Yoast SEO v27.3) - https:\/\/yoast.com\/product\/yoast-seo-premium-wordpress\/ -->\n<title>raxxa Postkarte: Pink baloons - raxxa<\/title>\n<meta name=\"robots\" content=\"index, follow, max-snippet:-1, max-image-preview:large, max-video-preview:-1\" \/>\n<link rel=\"canonical\" href=\"https:\/\/www.raxxa.com\/fr\/shop\/raxxa-postkarte-pink-baloons\/\" \/>\n<meta property=\"og:locale\" content=\"fr_FR\" \/>\n<meta property=\"og:type\" content=\"article\" \/>\n<meta property=\"og:title\" content=\"raxxa Postkarte: Pink baloons\" \/>\n<meta property=\"og:description\" content=\"&quot;Pink baloons&quot; by Sylvia Eder Ein Meer aus strahlendem Pink umh\u00fcllt die Szenerie, lebendige Ballonformen tanzen in der Luft. Die verspielten Farben und Formen vermitteln eine fr\u00f6hliche Leichtigkeit, die den Betrachter sofort in ihren Bann zieht. Die Szene strahlt pure Freude und Unbeschwertheit aus und erinnert an unvergessliche Kindheitstage voller Lachen und Magie. &nbsp;\" \/>\n<meta property=\"og:url\" content=\"https:\/\/www.raxxa.com\/fr\/shop\/raxxa-postkarte-pink-baloons\/\" \/>\n<meta property=\"og:site_name\" content=\"raxxa\" \/>\n<meta property=\"article:publisher\" content=\"https:\/\/facebook.com\/raxxacom\" \/>\n<meta property=\"article:modified_time\" content=\"2024-07-29T09:00:42+00:00\" \/>\n<meta property=\"og:image\" content=\"https:\/\/www.raxxa.com\/wp-content\/uploads\/2024\/06\/raxxa-315-16934-185-Sylvia-Eder-Pink-baloons-1-scaled.jpg\" \/>\n\t<meta property=\"og:image:width\" content=\"2560\" \/>\n\t<meta property=\"og:image:height\" content=\"1707\" \/>\n\t<meta property=\"og:image:type\" content=\"image\/jpeg\" \/>\n<meta name=\"twitter:card\" content=\"summary_large_image\" \/>\n<meta name=\"twitter:label1\" content=\"Disponibilit\u00e9\" \/>\n\t<meta name=\"twitter:data1\" content=\"En stock\" \/>\n<script type=\"application\/ld+json\" class=\"yoast-schema-graph\">{\"@context\":\"https:\\\/\\\/schema.org\",\"@graph\":[{\"@type\":[\"WebPage\",\"ItemPage\"],\"@id\":\"https:\\\/\\\/www.raxxa.com\\\/it\\\/shop\\\/raxxa-postkarte-pink-baloons\\\/\",\"url\":\"https:\\\/\\\/www.raxxa.com\\\/it\\\/shop\\\/raxxa-postkarte-pink-baloons\\\/\",\"name\":\"raxxa Postkarte: Pink baloons - raxxa\",\"isPartOf\":{\"@id\":\"https:\\\/\\\/www.raxxa.com\\\/#website\"},\"primaryImageOfPage\":{\"@id\":\"https:\\\/\\\/www.raxxa.com\\\/it\\\/shop\\\/raxxa-postkarte-pink-baloons\\\/#primaryimage\"},\"image\":{\"@id\":\"https:\\\/\\\/www.raxxa.com\\\/it\\\/shop\\\/raxxa-postkarte-pink-baloons\\\/#primaryimage\"},\"thumbnailUrl\":\"https:\\\/\\\/www.raxxa.com\\\/wp-content\\\/uploads\\\/2024\\\/06\\\/raxxa-315-16934-185-Sylvia-Eder-Pink-baloons-1-scaled.jpg\",\"datePublished\":\"2024-06-15T09:55:09+00:00\",\"dateModified\":\"2024-07-29T09:00:42+00:00\",\"breadcrumb\":{\"@id\":\"https:\\\/\\\/www.raxxa.com\\\/it\\\/shop\\\/raxxa-postkarte-pink-baloons\\\/#breadcrumb\"},\"inLanguage\":\"fr-FR\",\"potentialAction\":[{\"@type\":\"ReadAction\",\"target\":[\"https:\\\/\\\/www.raxxa.com\\\/it\\\/shop\\\/raxxa-postkarte-pink-baloons\\\/\"]}]},{\"@type\":\"ImageObject\",\"inLanguage\":\"fr-FR\",\"@id\":\"https:\\\/\\\/www.raxxa.com\\\/it\\\/shop\\\/raxxa-postkarte-pink-baloons\\\/#primaryimage\",\"url\":\"https:\\\/\\\/www.raxxa.com\\\/wp-content\\\/uploads\\\/2024\\\/06\\\/raxxa-315-16934-185-Sylvia-Eder-Pink-baloons-1-scaled.jpg\",\"contentUrl\":\"https:\\\/\\\/www.raxxa.com\\\/wp-content\\\/uploads\\\/2024\\\/06\\\/raxxa-315-16934-185-Sylvia-Eder-Pink-baloons-1-scaled.jpg\",\"width\":2560,\"height\":1707},{\"@type\":\"BreadcrumbList\",\"@id\":\"https:\\\/\\\/www.raxxa.com\\\/it\\\/shop\\\/raxxa-postkarte-pink-baloons\\\/#breadcrumb\",\"itemListElement\":[{\"@type\":\"ListItem\",\"position\":1,\"name\":\"Startseite\",\"item\":\"https:\\\/\\\/www.raxxa.com\\\/\"},{\"@type\":\"ListItem\",\"position\":2,\"name\":\"Shop\",\"item\":\"https:\\\/\\\/www.raxxa.com\\\/it\\\/shop\\\/\"},{\"@type\":\"ListItem\",\"position\":3,\"name\":\"raxxa Postkarte: Pink baloons\"}]},{\"@type\":\"WebSite\",\"@id\":\"https:\\\/\\\/www.raxxa.com\\\/#website\",\"url\":\"https:\\\/\\\/www.raxxa.com\\\/\",\"name\":\"raxxa\",\"description\":\"Einzigartige individuelle Produkte von unseren Designern\",\"publisher\":{\"@id\":\"https:\\\/\\\/www.raxxa.com\\\/#organization\"},\"potentialAction\":[{\"@type\":\"SearchAction\",\"target\":{\"@type\":\"EntryPoint\",\"urlTemplate\":\"https:\\\/\\\/www.raxxa.com\\\/?s={search_term_string}\"},\"query-input\":{\"@type\":\"PropertyValueSpecification\",\"valueRequired\":true,\"valueName\":\"search_term_string\"}}],\"inLanguage\":\"fr-FR\"},{\"@type\":\"Organization\",\"@id\":\"https:\\\/\\\/www.raxxa.com\\\/#organization\",\"name\":\"raxxa\",\"url\":\"https:\\\/\\\/www.raxxa.com\\\/\",\"logo\":{\"@type\":\"ImageObject\",\"inLanguage\":\"fr-FR\",\"@id\":\"https:\\\/\\\/www.raxxa.com\\\/#\\\/schema\\\/logo\\\/image\\\/\",\"url\":\"https:\\\/\\\/www.raxxa.com\\\/wp-content\\\/uploads\\\/2022\\\/07\\\/logo_v2.png\",\"contentUrl\":\"https:\\\/\\\/www.raxxa.com\\\/wp-content\\\/uploads\\\/2022\\\/07\\\/logo_v2.png\",\"width\":380,\"height\":382,\"caption\":\"raxxa\"},\"image\":{\"@id\":\"https:\\\/\\\/www.raxxa.com\\\/#\\\/schema\\\/logo\\\/image\\\/\"},\"sameAs\":[\"https:\\\/\\\/facebook.com\\\/raxxacom\"]}]}<\/script>\n<meta property=\"og:availability\" content=\"instock\" \/>\n<meta property=\"product:availability\" content=\"instock\" \/>\n<meta property=\"product:retailer_item_id\" content=\"1-185-16934-315\" \/>\n<meta property=\"product:condition\" content=\"new\" \/>\n<!-- \/ Yoast SEO Premium plugin. -->","yoast_head_json":{"title":"raxxa Carte postale : Pink baloons - raxxa","robots":{"index":"index","follow":"follow","max-snippet":"max-snippet:-1","max-image-preview":"max-image-preview:large","max-video-preview":"max-video-preview:-1"},"canonical":"https:\/\/www.raxxa.com\/fr\/shop\/raxxa-postkarte-pink-baloons\/","og_locale":"fr_FR","og_type":"article","og_title":"raxxa Postkarte: Pink baloons","og_description":"&quot;Pink baloons&quot; by Sylvia Eder Ein Meer aus strahlendem Pink umh\u00fcllt die Szenerie, lebendige Ballonformen tanzen in der Luft. Die verspielten Farben und Formen vermitteln eine fr\u00f6hliche Leichtigkeit, die den Betrachter sofort in ihren Bann zieht. Die Szene strahlt pure Freude und Unbeschwertheit aus und erinnert an unvergessliche Kindheitstage voller Lachen und Magie. &nbsp;","og_url":"https:\/\/www.raxxa.com\/fr\/shop\/raxxa-postkarte-pink-baloons\/","og_site_name":"raxxa","article_publisher":"https:\/\/facebook.com\/raxxacom","article_modified_time":"2024-07-29T09:00:42+00:00","og_image":[{"width":2560,"height":1707,"url":"https:\/\/www.raxxa.com\/wp-content\/uploads\/2024\/06\/raxxa-315-16934-185-Sylvia-Eder-Pink-baloons-1-scaled.jpg","type":"image\/jpeg"}],"twitter_card":"summary_large_image","twitter_misc":{"Disponibilit\u00e9":"En stock"},"schema":{"@context":"https:\/\/schema.org","@graph":[{"@type":["WebPage","ItemPage"],"@id":"https:\/\/www.raxxa.com\/it\/shop\/raxxa-postkarte-pink-baloons\/","url":"https:\/\/www.raxxa.com\/it\/shop\/raxxa-postkarte-pink-baloons\/","name":"raxxa Carte postale : Pink baloons - raxxa","isPartOf":{"@id":"https:\/\/www.raxxa.com\/#website"},"primaryImageOfPage":{"@id":"https:\/\/www.raxxa.com\/it\/shop\/raxxa-postkarte-pink-baloons\/#primaryimage"},"image":{"@id":"https:\/\/www.raxxa.com\/it\/shop\/raxxa-postkarte-pink-baloons\/#primaryimage"},"thumbnailUrl":"https:\/\/www.raxxa.com\/wp-content\/uploads\/2024\/06\/raxxa-315-16934-185-Sylvia-Eder-Pink-baloons-1-scaled.jpg","datePublished":"2024-06-15T09:55:09+00:00","dateModified":"2024-07-29T09:00:42+00:00","breadcrumb":{"@id":"https:\/\/www.raxxa.com\/it\/shop\/raxxa-postkarte-pink-baloons\/#breadcrumb"},"inLanguage":"fr-FR","potentialAction":[{"@type":"ReadAction","target":["https:\/\/www.raxxa.com\/it\/shop\/raxxa-postkarte-pink-baloons\/"]}]},{"@type":"ImageObject","inLanguage":"fr-FR","@id":"https:\/\/www.raxxa.com\/it\/shop\/raxxa-postkarte-pink-baloons\/#primaryimage","url":"https:\/\/www.raxxa.com\/wp-content\/uploads\/2024\/06\/raxxa-315-16934-185-Sylvia-Eder-Pink-baloons-1-scaled.jpg","contentUrl":"https:\/\/www.raxxa.com\/wp-content\/uploads\/2024\/06\/raxxa-315-16934-185-Sylvia-Eder-Pink-baloons-1-scaled.jpg","width":2560,"height":1707},{"@type":"BreadcrumbList","@id":"https:\/\/www.raxxa.com\/it\/shop\/raxxa-postkarte-pink-baloons\/#breadcrumb","itemListElement":[{"@type":"ListItem","position":1,"name":"Startseite","item":"https:\/\/www.raxxa.com\/"},{"@type":"ListItem","position":2,"name":"Shop","item":"https:\/\/www.raxxa.com\/it\/shop\/"},{"@type":"ListItem","position":3,"name":"raxxa Postkarte: Pink baloons"}]},{"@type":"WebSite","@id":"https:\/\/www.raxxa.com\/#website","url":"https:\/\/www.raxxa.com\/","name":"raxxa","description":"Des produits uniques et personnalis\u00e9s cr\u00e9\u00e9s par nos designers","publisher":{"@id":"https:\/\/www.raxxa.com\/#organization"},"potentialAction":[{"@type":"SearchAction","target":{"@type":"EntryPoint","urlTemplate":"https:\/\/www.raxxa.com\/?s={search_term_string}"},"query-input":{"@type":"PropertyValueSpecification","valueRequired":true,"valueName":"search_term_string"}}],"inLanguage":"fr-FR"},{"@type":"Organization","@id":"https:\/\/www.raxxa.com\/#organization","name":"raxxa","url":"https:\/\/www.raxxa.com\/","logo":{"@type":"ImageObject","inLanguage":"fr-FR","@id":"https:\/\/www.raxxa.com\/#\/schema\/logo\/image\/","url":"https:\/\/www.raxxa.com\/wp-content\/uploads\/2022\/07\/logo_v2.png","contentUrl":"https:\/\/www.raxxa.com\/wp-content\/uploads\/2022\/07\/logo_v2.png","width":380,"height":382,"caption":"raxxa"},"image":{"@id":"https:\/\/www.raxxa.com\/#\/schema\/logo\/image\/"},"sameAs":["https:\/\/facebook.com\/raxxacom"]}]},"og_availability":"instock","product_availability":"instock","product_retailer_item_id":"1-185-16934-315","product_condition":"new"},"jetpack_sharing_enabled":true,"_links":{"self":[{"href":"https:\/\/www.raxxa.com\/fr\/wp-json\/wp\/v2\/product\/198074","targetHints":{"allow":["GET"]}}],"collection":[{"href":"https:\/\/www.raxxa.com\/fr\/wp-json\/wp\/v2\/product"}],"about":[{"href":"https:\/\/www.raxxa.com\/fr\/wp-json\/wp\/v2\/types\/product"}],"replies":[{"embeddable":true,"href":"https:\/\/www.raxxa.com\/fr\/wp-json\/wp\/v2\/comments?post=198074"}],"wp:featuredmedia":[{"embeddable":true,"href":"https:\/\/www.raxxa.com\/fr\/wp-json\/wp\/v2\/media\/198103"}],"wp:attachment":[{"href":"https:\/\/www.raxxa.com\/fr\/wp-json\/wp\/v2\/media?parent=198074"}],"wp:term":[{"taxonomy":"product_brand","embeddable":true,"href":"https:\/\/www.raxxa.com\/fr\/wp-json\/wp\/v2\/product_brand?post=198074"},{"taxonomy":"product_cat","embeddable":true,"href":"https:\/\/www.raxxa.com\/fr\/wp-json\/wp\/v2\/product_cat?post=198074"},{"taxonomy":"product_tag","embeddable":true,"href":"https:\/\/www.raxxa.com\/fr\/wp-json\/wp\/v2\/product_tag?post=198074"}],"curies":[{"name":"wp","href":"https:\/\/api.w.org\/{rel}","templated":true}]}}