{"id":197863,"date":"2024-06-15T11:35:21","date_gmt":"2024-06-15T09:35:21","guid":{"rendered":"https:\/\/www.raxxa.com\/?post_type=product&#038;p=197863"},"modified":"2024-07-29T09:13:12","modified_gmt":"2024-07-29T07:13:12","slug":"kissen-blaue-hortensien","status":"publish","type":"product","link":"https:\/\/www.raxxa.com\/fr\/shop\/kissen-blaue-hortensien\/","title":{"rendered":"Coussins de la maison : Hortensias bleus"},"content":{"rendered":"<div><span style='font-weight: bolder; font-size: 1rem;'>raxxa Premium Kissen Blaue Hortensien<\/span><\/div>\n<div><span style='font-weight: bolder;'>designed by Sylvia Eder<\/span><\/div>\n<div><span style='font-size: 1rem;'><br \/><\/span><span style='font-size: 1rem;'>Mit jedem Kauf eines raxxa Produkts wird direkt ein K\u00fcnstler unterst\u00fctzt.<\/span><\/div>\n<div><span style='font-weight: bolder;'><br \/><\/span><\/div>\n<div>Dieses Hortensienbild ist ein Traum an blauen Farbt\u00f6nen, Licht und Schatten, mit einem Hauch von Lila und Gr\u00fcn. Man sp\u00fcrt ein lebendiges und freudiges Gef\u00fchl und ahnt die Verhei\u00dfung eines farbenfrohen Sommergartens, der langsam deine erwachende Seele ber\u00fchrt. Die W\u00e4rme der Sonne, das Summen der Bienen, das Flattern der Schmetterlinge und die langen sonnigen Tage in einem Garten voller Hortensien und s\u00fc\u00df duftender Rosen&#8230; der Himmel auf Erden!<\/div>\n<div><span style='font-size: 1rem;'>Dieses raxxa Premium-Kissen im trendigen Design ist der perfekte Deko-Akzent als besonderer Blickfang zum Wohlf\u00fchlen. Wirkungsvoll zur Geltung kommt es auf dem Bett, Sessel und der Couch. Es f\u00fchlt sich wie hochwertiges Leinen an und dient als zeitgem\u00e4\u00dfes Einrichtungselement.<\/span><\/div>\n<div>  <span style='font-size: 1rem;'><br \/><\/span><span style='font-size: 1rem;'>Materialhinweise:<\/span><\/div>\n<p><\/p>\n<div><span style='font-size: 1rem;'><\/p>\n<ul style='list-style-position: inside'>\n<li>100 % vorgeschrumpfte Polyesterh\u00fclle<\/li>\n<li>Stoffgewicht: 275 g\/m\u00b2<\/li>\n<li>Leinen\u00e4hnlicher Stoff<\/li>\n<li>Feiner Druck auf beiden Seiten der Kissenh\u00fclle<\/li>\n<li>Verborgener Rei\u00dfverschluss<\/li>\n<li>H\u00fclle kann in der Waschmaschine gewaschen werden<\/li>\n<li>Inkl. formbest\u00e4ndige 100 % Polyesterf\u00fcllung (darf nur von Hand gewaschen werden)<\/li>\n<\/ul>\n<p><\/span><\/div>\n<div>  <span style='font-size: 1rem;'><br \/><\/span><span style='font-size: 1rem;'>Gr\u00f6ssenhinweise in cm \/ Zoll:<\/span><\/div>\n<p><\/p>\n<table  cellspacing='5' cellpadding='5' border='1'>\n<tbody>\n<tr>\n<td><b>Gr\u00f6sse [cm \/ Zoll]<\/b><\/td>\n<td><b>Breite [cm \/ Zoll]<\/b><\/td>\n<td><b>L\u00e4nge [cm \/ Zoll]<\/b><\/td>\n<td><b>Tiefe [cm \/ Zoll]<\/b><\/td>\n<td><b>L\u00e4nge des Reisverschlusses [cm \/ Zoll]<\/b><\/td>\n<\/tr>\n<tr>\n<td>45 x 45 cm \/ 18\u2033 \u00d7 18\u2033<\/td>\n<td>45 cm \/ 18\u2033<\/td>\n<td>45 cm \/ 18\u2033<\/td>\n<td>12.5 cm \/ 4 \u215e<\/td>\n<td>39 cm \/ 15 \u215c<\/td>\n<\/tr>\n<tr>\n<td>50 x 30 cm \/ 20\u2033 \u00d7 12\u2033<\/td>\n<td>50 cm \/ 20\u2033<\/td>\n<td>30 cm \/ 12\u2033<\/td>\n<td>12.5 cm \/ 4 \u215e<\/td>\n<td>43 cm \/ 16 \u215e<\/td>\n<\/tr>\n<tr>\n<td>56 x 56 cm \/ 22\u2033 \u00d7 22\u2033<\/td>\n<td>56 cm \/ 22\u2033<\/td>\n<td>56 cm \/ 22\u2033<\/td>\n<td>12.5 cm \/  4 \u215e<\/td>\n<td>48 cm \/ 18 \u215e<\/td>\n<\/tr>\n<\/tbody>\n<\/table>\n<p><\/p>\n<div><span style='font-size: 1rem;'>Alle Produkte der raxxa-Kollektion werden extra f\u00fcr Sie in dem gew\u00fcnschten Design und\u00a0Gr\u00f6\u00dfe nach Ihrem Bestelleingang hergestellt.&nbsp;<\/span><\/div>\n","protected":false},"excerpt":{"rendered":"<p>raxxa Premium Kissen Blaue Hortensien designed by Sylvia Eder Mit jedem Kauf eines raxxa Produkts wird direkt ein K\u00fcnstler unterst\u00fctzt. Dieses Hortensienbild ist ein Traum an blauen Farbt\u00f6nen, Licht und Schatten, mit einem Hauch von Lila und Gr\u00fcn. Man sp\u00fcrt ein lebendiges und freudiges Gef\u00fchl und ahnt die Verhei\u00dfung eines farbenfrohen Sommergartens, der langsam deine [&hellip;]<\/p>\n","protected":false},"featured_media":197908,"comment_status":"open","ping_status":"closed","template":"","meta":[],"product_brand":[],"product_cat":[12201,10313,10314],"product_tag":[12213],"class_list":{"0":"post-197863","1":"product","2":"type-product","3":"status-publish","4":"has-post-thumbnail","6":"product_cat-sylvia-eder","7":"product_cat-home-living","8":"product_cat-kissen","9":"product_tag-hortensien-blauehortensien-hortensientraum-blauundlila-hortensienblueten-kunst-art","10":"product_shipping_class-versand-t-shirts1","12":"first","13":"instock","14":"taxable","15":"shipping-taxable","16":"purchasable","17":"product-type-variable"},"yoast_head":"<!-- This site is optimized with the Yoast SEO Premium plugin v27.4 (Yoast SEO v27.4) - https:\/\/yoast.com\/product\/yoast-seo-premium-wordpress\/ -->\n<title>Kissen: Blaue Hortensien - raxxa<\/title>\n<meta name=\"robots\" content=\"index, follow, max-snippet:-1, max-image-preview:large, max-video-preview:-1\" \/>\n<link rel=\"canonical\" href=\"https:\/\/www.raxxa.com\/fr\/shop\/kissen-blaue-hortensien\/\" \/>\n<meta property=\"og:locale\" content=\"fr_FR\" \/>\n<meta property=\"og:type\" content=\"article\" \/>\n<meta property=\"og:title\" content=\"Kissen: Blaue Hortensien\" \/>\n<meta property=\"og:description\" content=\"raxxa Premium Kissen Blaue Hortensien designed by Sylvia Eder Mit jedem Kauf eines raxxa Produkts wird direkt ein K\u00fcnstler unterst\u00fctzt. Dieses Hortensienbild ist ein Traum an blauen Farbt\u00f6nen, Licht und Schatten, mit einem Hauch von Lila und Gr\u00fcn. Man sp\u00fcrt ein lebendiges und freudiges Gef\u00fchl und ahnt die Verhei\u00dfung eines farbenfrohen Sommergartens, der langsam deine [&hellip;]\" \/>\n<meta property=\"og:url\" content=\"https:\/\/www.raxxa.com\/fr\/shop\/kissen-blaue-hortensien\/\" \/>\n<meta property=\"og:site_name\" content=\"raxxa\" \/>\n<meta property=\"article:publisher\" content=\"https:\/\/facebook.com\/raxxacom\" \/>\n<meta property=\"article:modified_time\" content=\"2024-07-29T07:13:12+00:00\" \/>\n<meta property=\"og:image\" content=\"https:\/\/www.raxxa.com\/wp-content\/uploads\/2024\/06\/raxxa-Kissen-315-16906-112-Sylvia-Eder-Blaue-Hortensien-1.jpg\" \/>\n\t<meta property=\"og:image:width\" content=\"1400\" \/>\n\t<meta property=\"og:image:height\" content=\"1400\" \/>\n\t<meta property=\"og:image:type\" content=\"image\/jpeg\" \/>\n<meta name=\"twitter:card\" content=\"summary_large_image\" \/>\n<meta name=\"twitter:label1\" content=\"Disponibilit\u00e9\" \/>\n\t<meta name=\"twitter:data1\" content=\"En stock\" \/>\n<script type=\"application\/ld+json\" class=\"yoast-schema-graph\">{\"@context\":\"https:\\\/\\\/schema.org\",\"@graph\":[{\"@type\":[\"WebPage\",\"ItemPage\"],\"@id\":\"https:\\\/\\\/www.raxxa.com\\\/shop\\\/kissen-blaue-hortensien\\\/\",\"url\":\"https:\\\/\\\/www.raxxa.com\\\/shop\\\/kissen-blaue-hortensien\\\/\",\"name\":\"Kissen: Blaue Hortensien - raxxa\",\"isPartOf\":{\"@id\":\"https:\\\/\\\/www.raxxa.com\\\/#website\"},\"primaryImageOfPage\":{\"@id\":\"https:\\\/\\\/www.raxxa.com\\\/shop\\\/kissen-blaue-hortensien\\\/#primaryimage\"},\"image\":{\"@id\":\"https:\\\/\\\/www.raxxa.com\\\/shop\\\/kissen-blaue-hortensien\\\/#primaryimage\"},\"thumbnailUrl\":\"https:\\\/\\\/www.raxxa.com\\\/wp-content\\\/uploads\\\/2024\\\/06\\\/raxxa-Kissen-315-16906-112-Sylvia-Eder-Blaue-Hortensien-1.jpg\",\"datePublished\":\"2024-06-15T09:35:21+00:00\",\"dateModified\":\"2024-07-29T07:13:12+00:00\",\"breadcrumb\":{\"@id\":\"https:\\\/\\\/www.raxxa.com\\\/shop\\\/kissen-blaue-hortensien\\\/#breadcrumb\"},\"inLanguage\":\"fr-FR\",\"potentialAction\":[{\"@type\":\"ReadAction\",\"target\":[\"https:\\\/\\\/www.raxxa.com\\\/shop\\\/kissen-blaue-hortensien\\\/\"]}]},{\"@type\":\"ImageObject\",\"inLanguage\":\"fr-FR\",\"@id\":\"https:\\\/\\\/www.raxxa.com\\\/shop\\\/kissen-blaue-hortensien\\\/#primaryimage\",\"url\":\"https:\\\/\\\/www.raxxa.com\\\/wp-content\\\/uploads\\\/2024\\\/06\\\/raxxa-Kissen-315-16906-112-Sylvia-Eder-Blaue-Hortensien-1.jpg\",\"contentUrl\":\"https:\\\/\\\/www.raxxa.com\\\/wp-content\\\/uploads\\\/2024\\\/06\\\/raxxa-Kissen-315-16906-112-Sylvia-Eder-Blaue-Hortensien-1.jpg\",\"width\":1400,\"height\":1400},{\"@type\":\"BreadcrumbList\",\"@id\":\"https:\\\/\\\/www.raxxa.com\\\/shop\\\/kissen-blaue-hortensien\\\/#breadcrumb\",\"itemListElement\":[{\"@type\":\"ListItem\",\"position\":1,\"name\":\"Startseite\",\"item\":\"https:\\\/\\\/www.raxxa.com\\\/\"},{\"@type\":\"ListItem\",\"position\":2,\"name\":\"Shop\",\"item\":\"https:\\\/\\\/www.raxxa.com\\\/it\\\/shop\\\/\"},{\"@type\":\"ListItem\",\"position\":3,\"name\":\"Kissen: Blaue Hortensien\"}]},{\"@type\":\"WebSite\",\"@id\":\"https:\\\/\\\/www.raxxa.com\\\/#website\",\"url\":\"https:\\\/\\\/www.raxxa.com\\\/\",\"name\":\"raxxa\",\"description\":\"Einzigartige individuelle Produkte von unseren Designern\",\"publisher\":{\"@id\":\"https:\\\/\\\/www.raxxa.com\\\/#organization\"},\"potentialAction\":[{\"@type\":\"SearchAction\",\"target\":{\"@type\":\"EntryPoint\",\"urlTemplate\":\"https:\\\/\\\/www.raxxa.com\\\/?s={search_term_string}\"},\"query-input\":{\"@type\":\"PropertyValueSpecification\",\"valueRequired\":true,\"valueName\":\"search_term_string\"}}],\"inLanguage\":\"fr-FR\"},{\"@type\":\"Organization\",\"@id\":\"https:\\\/\\\/www.raxxa.com\\\/#organization\",\"name\":\"raxxa\",\"url\":\"https:\\\/\\\/www.raxxa.com\\\/\",\"logo\":{\"@type\":\"ImageObject\",\"inLanguage\":\"fr-FR\",\"@id\":\"https:\\\/\\\/www.raxxa.com\\\/#\\\/schema\\\/logo\\\/image\\\/\",\"url\":\"https:\\\/\\\/www.raxxa.com\\\/wp-content\\\/uploads\\\/2022\\\/07\\\/logo_v2.png\",\"contentUrl\":\"https:\\\/\\\/www.raxxa.com\\\/wp-content\\\/uploads\\\/2022\\\/07\\\/logo_v2.png\",\"width\":380,\"height\":382,\"caption\":\"raxxa\"},\"image\":{\"@id\":\"https:\\\/\\\/www.raxxa.com\\\/#\\\/schema\\\/logo\\\/image\\\/\"},\"sameAs\":[\"https:\\\/\\\/facebook.com\\\/raxxacom\"]}]}<\/script>\n<meta property=\"og:availability\" content=\"instock\" \/>\n<meta property=\"product:availability\" content=\"instock\" \/>\n<meta property=\"product:retailer_item_id\" content=\"1-112-16906-315\" \/>\n<meta property=\"product:condition\" content=\"new\" \/>\n<!-- \/ Yoast SEO Premium plugin. -->","yoast_head_json":{"title":"Kissen: Blaue Hortensien - raxxa","robots":{"index":"index","follow":"follow","max-snippet":"max-snippet:-1","max-image-preview":"max-image-preview:large","max-video-preview":"max-video-preview:-1"},"canonical":"https:\/\/www.raxxa.com\/fr\/shop\/kissen-blaue-hortensien\/","og_locale":"fr_FR","og_type":"article","og_title":"Kissen: Blaue Hortensien","og_description":"raxxa Premium Kissen Blaue Hortensien designed by Sylvia Eder Mit jedem Kauf eines raxxa Produkts wird direkt ein K\u00fcnstler unterst\u00fctzt. Dieses Hortensienbild ist ein Traum an blauen Farbt\u00f6nen, Licht und Schatten, mit einem Hauch von Lila und Gr\u00fcn. Man sp\u00fcrt ein lebendiges und freudiges Gef\u00fchl und ahnt die Verhei\u00dfung eines farbenfrohen Sommergartens, der langsam deine [&hellip;]","og_url":"https:\/\/www.raxxa.com\/fr\/shop\/kissen-blaue-hortensien\/","og_site_name":"raxxa","article_publisher":"https:\/\/facebook.com\/raxxacom","article_modified_time":"2024-07-29T07:13:12+00:00","og_image":[{"width":1400,"height":1400,"url":"https:\/\/www.raxxa.com\/wp-content\/uploads\/2024\/06\/raxxa-Kissen-315-16906-112-Sylvia-Eder-Blaue-Hortensien-1.jpg","type":"image\/jpeg"}],"twitter_card":"summary_large_image","twitter_misc":{"Disponibilit\u00e9":"En stock"},"schema":{"@context":"https:\/\/schema.org","@graph":[{"@type":["WebPage","ItemPage"],"@id":"https:\/\/www.raxxa.com\/shop\/kissen-blaue-hortensien\/","url":"https:\/\/www.raxxa.com\/shop\/kissen-blaue-hortensien\/","name":"Kissen: Blaue Hortensien - raxxa","isPartOf":{"@id":"https:\/\/www.raxxa.com\/#website"},"primaryImageOfPage":{"@id":"https:\/\/www.raxxa.com\/shop\/kissen-blaue-hortensien\/#primaryimage"},"image":{"@id":"https:\/\/www.raxxa.com\/shop\/kissen-blaue-hortensien\/#primaryimage"},"thumbnailUrl":"https:\/\/www.raxxa.com\/wp-content\/uploads\/2024\/06\/raxxa-Kissen-315-16906-112-Sylvia-Eder-Blaue-Hortensien-1.jpg","datePublished":"2024-06-15T09:35:21+00:00","dateModified":"2024-07-29T07:13:12+00:00","breadcrumb":{"@id":"https:\/\/www.raxxa.com\/shop\/kissen-blaue-hortensien\/#breadcrumb"},"inLanguage":"fr-FR","potentialAction":[{"@type":"ReadAction","target":["https:\/\/www.raxxa.com\/shop\/kissen-blaue-hortensien\/"]}]},{"@type":"ImageObject","inLanguage":"fr-FR","@id":"https:\/\/www.raxxa.com\/shop\/kissen-blaue-hortensien\/#primaryimage","url":"https:\/\/www.raxxa.com\/wp-content\/uploads\/2024\/06\/raxxa-Kissen-315-16906-112-Sylvia-Eder-Blaue-Hortensien-1.jpg","contentUrl":"https:\/\/www.raxxa.com\/wp-content\/uploads\/2024\/06\/raxxa-Kissen-315-16906-112-Sylvia-Eder-Blaue-Hortensien-1.jpg","width":1400,"height":1400},{"@type":"BreadcrumbList","@id":"https:\/\/www.raxxa.com\/shop\/kissen-blaue-hortensien\/#breadcrumb","itemListElement":[{"@type":"ListItem","position":1,"name":"Startseite","item":"https:\/\/www.raxxa.com\/"},{"@type":"ListItem","position":2,"name":"Shop","item":"https:\/\/www.raxxa.com\/it\/shop\/"},{"@type":"ListItem","position":3,"name":"Kissen: Blaue Hortensien"}]},{"@type":"WebSite","@id":"https:\/\/www.raxxa.com\/#website","url":"https:\/\/www.raxxa.com\/","name":"raxxa","description":"Des produits uniques et personnalis\u00e9s cr\u00e9\u00e9s par nos designers","publisher":{"@id":"https:\/\/www.raxxa.com\/#organization"},"potentialAction":[{"@type":"SearchAction","target":{"@type":"EntryPoint","urlTemplate":"https:\/\/www.raxxa.com\/?s={search_term_string}"},"query-input":{"@type":"PropertyValueSpecification","valueRequired":true,"valueName":"search_term_string"}}],"inLanguage":"fr-FR"},{"@type":"Organization","@id":"https:\/\/www.raxxa.com\/#organization","name":"raxxa","url":"https:\/\/www.raxxa.com\/","logo":{"@type":"ImageObject","inLanguage":"fr-FR","@id":"https:\/\/www.raxxa.com\/#\/schema\/logo\/image\/","url":"https:\/\/www.raxxa.com\/wp-content\/uploads\/2022\/07\/logo_v2.png","contentUrl":"https:\/\/www.raxxa.com\/wp-content\/uploads\/2022\/07\/logo_v2.png","width":380,"height":382,"caption":"raxxa"},"image":{"@id":"https:\/\/www.raxxa.com\/#\/schema\/logo\/image\/"},"sameAs":["https:\/\/facebook.com\/raxxacom"]}]},"og_availability":"instock","product_availability":"instock","product_retailer_item_id":"1-112-16906-315","product_condition":"new"},"jetpack_sharing_enabled":true,"_links":{"self":[{"href":"https:\/\/www.raxxa.com\/fr\/wp-json\/wp\/v2\/product\/197863","targetHints":{"allow":["GET"]}}],"collection":[{"href":"https:\/\/www.raxxa.com\/fr\/wp-json\/wp\/v2\/product"}],"about":[{"href":"https:\/\/www.raxxa.com\/fr\/wp-json\/wp\/v2\/types\/product"}],"replies":[{"embeddable":true,"href":"https:\/\/www.raxxa.com\/fr\/wp-json\/wp\/v2\/comments?post=197863"}],"wp:featuredmedia":[{"embeddable":true,"href":"https:\/\/www.raxxa.com\/fr\/wp-json\/wp\/v2\/media\/197908"}],"wp:attachment":[{"href":"https:\/\/www.raxxa.com\/fr\/wp-json\/wp\/v2\/media?parent=197863"}],"wp:term":[{"taxonomy":"product_brand","embeddable":true,"href":"https:\/\/www.raxxa.com\/fr\/wp-json\/wp\/v2\/product_brand?post=197863"},{"taxonomy":"product_cat","embeddable":true,"href":"https:\/\/www.raxxa.com\/fr\/wp-json\/wp\/v2\/product_cat?post=197863"},{"taxonomy":"product_tag","embeddable":true,"href":"https:\/\/www.raxxa.com\/fr\/wp-json\/wp\/v2\/product_tag?post=197863"}],"curies":[{"name":"wp","href":"https:\/\/api.w.org\/{rel}","templated":true}]}}