{"id":193292,"date":"2024-04-18T21:35:01","date_gmt":"2024-04-18T19:35:01","guid":{"rendered":"https:\/\/www.raxxa.com\/?post_type=product&#038;p=193292"},"modified":"2024-04-18T21:35:50","modified_gmt":"2024-04-18T19:35:50","slug":"raxxa-postkarte-da-gehts-lang","status":"publish","type":"product","link":"https:\/\/www.raxxa.com\/fr\/shop\/raxxa-postkarte-da-gehts-lang\/","title":{"rendered":"Carte postale raxxa : C'est par l\u00e0 que \u00e7a se passe"},"content":{"rendered":"<h3><strong>\"C'est par l\u00e0\" by Martin W\u00fcrzburger<\/strong><\/h3>\n<p><strong><\/strong><\/p>\n<p>Prendre un raccourci \u00e0 travers la for\u00eat nocturne semblait d'abord \u00eatre une bonne id\u00e9e.<br \/>Mais en tant que citadin, on sous-estime \u00e0 quel point une for\u00eat peut \u00eatre sombre. Je perdis si rapidement le chemin et finalement l'orientation que je m'assis par terre, frustr\u00e9. Ce n'est que bri\u00e8vement que la lune a perc\u00e9 les nuages nocturnes - juste pour me montrer \u00e0 quel point j'\u00e9tais d\u00e9sesp\u00e9r\u00e9ment perdu.<br \/>Par l\u00e0 ! ai-je entendu une voix rauque mais clairement f\u00e9minine. Je ne voyais rien. Allumez les lumi\u00e8res, dit la voix, et la lumi\u00e8re de la lune se mit \u00e0 briller. C'est par l\u00e0, dit l'arbre, et arr\u00eate de pi\u00e9tiner dans mon salon ! Je la suivis et elle me fit sortir de la for\u00eat.<br \/>Je ne pense pas que je vais raconter cette histoire \u00e0 qui que ce soit.<\/p>\n<p>&nbsp;<\/p>\n<ul><li>Nous imprimons la carte postale de votre choix en blanc ou avec un message personnel et l'envoyons dans le monde entier \u00e0 la personne de votre choix ou \u00e0 vous-m\u00eame.<\/li><li>Id\u00e9al pour le Postcrossing en ligne ou les v\u0153ux personnalis\u00e9s \u00e0 vos proches, vos amis, vos parents et vos connaissances.<\/li><li>Alternativement, en tant que carte vierge \u00e0 motif pur \u00e0 collectionner ou \u00e0 envoyer soi-m\u00eame.<\/li><li>Cartes postales DIN A6 (14,8 cm x 10,5 cm).<\/li><\/ul><br><br><b>Comment cr\u00e9er\/concevoir ma carte postale personnelle ?<\/b><br><br>1) Saisissez simplement le texte de votre message ou de votre salut (500 caract\u00e8res maximum).<br>2) Si vous souhaitez envoyer votre carte postale pour Postcrossing, inscrivez le PostcrossingID.<br>Sinon, laissez simplement ce champ vide.<br>3) Saisissez le pr\u00e9nom, le nom, le num\u00e9ro de rue, le code postal, la ville et le pays du destinataire de la carte postale dans les champs de saisie.<br>4) Vous pouvez maintenant ajouter votre carte postale personnalis\u00e9e au panier et la commander \u00e0 la caisse.<br><br>Nous imprimons maintenant votre carte postale personnelle, l'affranchissons et l'envoyons au destinataire que vous avez indiqu\u00e9.<br><br>Si vous avez des questions, n'h\u00e9sitez pas \u00e0 nous envoyer un message ou un e-mail.<br>","protected":false},"excerpt":{"rendered":"<p>&quot;Da gehts lang&quot; by Martin W\u00fcrzburger Eine Abk\u00fcrzung durch den n\u00e4chtlichen Wald zu nehmen, schien zuerst eine gute Idee zu sein.Als Stadtmensch untersch\u00e4tzt man jedoch, wie dunkel ein Wald sein kann. Ich verlor so schnell den Pfad und schlie\u00dflich die Orientierung, so dass ich mich frustriert auf den Boden setzte. Nur kurz durchbrach der Mond [&hellip;]<\/p>\n","protected":false},"featured_media":193317,"comment_status":"open","ping_status":"closed","template":"","meta":[],"product_brand":[],"product_cat":[132,11884,279],"product_tag":[12017],"class_list":{"0":"post-193292","1":"product","2":"type-product","3":"status-publish","4":"has-post-thumbnail","6":"product_cat-menschen","7":"product_cat-postkarten","8":"product_cat-martin-wuerzburger","9":"product_tag-fantasy-frau-female-sensual-baumwesen","11":"first","12":"instock","13":"taxable","14":"shipping-taxable","15":"purchasable","16":"product-type-variable"},"yoast_head":"<!-- This site is optimized with the Yoast SEO Premium plugin v27.5 (Yoast SEO v27.6) - https:\/\/yoast.com\/product\/yoast-seo-premium-wordpress\/ -->\n<title>raxxa Postkarte: Da gehts lang - raxxa<\/title>\n<meta name=\"robots\" content=\"index, follow, max-snippet:-1, max-image-preview:large, max-video-preview:-1\" \/>\n<link rel=\"canonical\" href=\"https:\/\/www.raxxa.com\/fr\/shop\/raxxa-postkarte-da-gehts-lang\/\" \/>\n<meta property=\"og:locale\" content=\"fr_FR\" \/>\n<meta property=\"og:type\" content=\"article\" \/>\n<meta property=\"og:title\" content=\"raxxa Postkarte: Da gehts lang\" \/>\n<meta property=\"og:description\" content=\"&quot;Da gehts lang&quot; by Martin W\u00fcrzburger Eine Abk\u00fcrzung durch den n\u00e4chtlichen Wald zu nehmen, schien zuerst eine gute Idee zu sein.Als Stadtmensch untersch\u00e4tzt man jedoch, wie dunkel ein Wald sein kann. Ich verlor so schnell den Pfad und schlie\u00dflich die Orientierung, so dass ich mich frustriert auf den Boden setzte. Nur kurz durchbrach der Mond [&hellip;]\" \/>\n<meta property=\"og:url\" content=\"https:\/\/www.raxxa.com\/fr\/shop\/raxxa-postkarte-da-gehts-lang\/\" \/>\n<meta property=\"og:site_name\" content=\"raxxa\" \/>\n<meta property=\"article:publisher\" content=\"https:\/\/facebook.com\/raxxacom\" \/>\n<meta property=\"article:modified_time\" content=\"2024-04-18T19:35:50+00:00\" \/>\n<meta property=\"og:image\" content=\"https:\/\/www.raxxa.com\/wp-content\/uploads\/2024\/04\/raxxa-97-729-185-Martin-Wuerzburger-Da-gehts-lang-10.jpg\" \/>\n\t<meta property=\"og:image:width\" content=\"1024\" \/>\n\t<meta property=\"og:image:height\" content=\"1024\" \/>\n\t<meta property=\"og:image:type\" content=\"image\/jpeg\" \/>\n<meta name=\"twitter:card\" content=\"summary_large_image\" \/>\n<meta name=\"twitter:label1\" content=\"Disponibilit\u00e9\" \/>\n\t<meta name=\"twitter:data1\" content=\"En stock\" \/>\n<script type=\"application\/ld+json\" class=\"yoast-schema-graph\">{\"@context\":\"https:\\\/\\\/schema.org\",\"@graph\":[{\"@type\":[\"WebPage\",\"ItemPage\"],\"@id\":\"https:\\\/\\\/www.raxxa.com\\\/shop\\\/raxxa-postkarte-da-gehts-lang\\\/\",\"url\":\"https:\\\/\\\/www.raxxa.com\\\/shop\\\/raxxa-postkarte-da-gehts-lang\\\/\",\"name\":\"raxxa Postkarte: Da gehts lang - raxxa\",\"isPartOf\":{\"@id\":\"https:\\\/\\\/www.raxxa.com\\\/#website\"},\"primaryImageOfPage\":{\"@id\":\"https:\\\/\\\/www.raxxa.com\\\/shop\\\/raxxa-postkarte-da-gehts-lang\\\/#primaryimage\"},\"image\":{\"@id\":\"https:\\\/\\\/www.raxxa.com\\\/shop\\\/raxxa-postkarte-da-gehts-lang\\\/#primaryimage\"},\"thumbnailUrl\":\"https:\\\/\\\/www.raxxa.com\\\/wp-content\\\/uploads\\\/2024\\\/04\\\/raxxa-97-729-185-Martin-Wuerzburger-Da-gehts-lang-10.jpg\",\"datePublished\":\"2024-04-18T19:35:01+00:00\",\"dateModified\":\"2024-04-18T19:35:50+00:00\",\"breadcrumb\":{\"@id\":\"https:\\\/\\\/www.raxxa.com\\\/shop\\\/raxxa-postkarte-da-gehts-lang\\\/#breadcrumb\"},\"inLanguage\":\"fr-FR\",\"potentialAction\":[{\"@type\":\"ReadAction\",\"target\":[\"https:\\\/\\\/www.raxxa.com\\\/shop\\\/raxxa-postkarte-da-gehts-lang\\\/\"]}]},{\"@type\":\"ImageObject\",\"inLanguage\":\"fr-FR\",\"@id\":\"https:\\\/\\\/www.raxxa.com\\\/shop\\\/raxxa-postkarte-da-gehts-lang\\\/#primaryimage\",\"url\":\"https:\\\/\\\/www.raxxa.com\\\/wp-content\\\/uploads\\\/2024\\\/04\\\/raxxa-97-729-185-Martin-Wuerzburger-Da-gehts-lang-10.jpg\",\"contentUrl\":\"https:\\\/\\\/www.raxxa.com\\\/wp-content\\\/uploads\\\/2024\\\/04\\\/raxxa-97-729-185-Martin-Wuerzburger-Da-gehts-lang-10.jpg\",\"width\":1024,\"height\":1024},{\"@type\":\"BreadcrumbList\",\"@id\":\"https:\\\/\\\/www.raxxa.com\\\/shop\\\/raxxa-postkarte-da-gehts-lang\\\/#breadcrumb\",\"itemListElement\":[{\"@type\":\"ListItem\",\"position\":1,\"name\":\"Startseite\",\"item\":\"https:\\\/\\\/www.raxxa.com\\\/\"},{\"@type\":\"ListItem\",\"position\":2,\"name\":\"Shop\",\"item\":\"https:\\\/\\\/www.raxxa.com\\\/it\\\/shop\\\/\"},{\"@type\":\"ListItem\",\"position\":3,\"name\":\"raxxa Postkarte: Da gehts lang\"}]},{\"@type\":\"WebSite\",\"@id\":\"https:\\\/\\\/www.raxxa.com\\\/#website\",\"url\":\"https:\\\/\\\/www.raxxa.com\\\/\",\"name\":\"raxxa\",\"description\":\"Einzigartige individuelle Produkte von unseren Designern\",\"publisher\":{\"@id\":\"https:\\\/\\\/www.raxxa.com\\\/#organization\"},\"potentialAction\":[{\"@type\":\"SearchAction\",\"target\":{\"@type\":\"EntryPoint\",\"urlTemplate\":\"https:\\\/\\\/www.raxxa.com\\\/?s={search_term_string}\"},\"query-input\":{\"@type\":\"PropertyValueSpecification\",\"valueRequired\":true,\"valueName\":\"search_term_string\"}}],\"inLanguage\":\"fr-FR\"},{\"@type\":\"Organization\",\"@id\":\"https:\\\/\\\/www.raxxa.com\\\/#organization\",\"name\":\"raxxa\",\"url\":\"https:\\\/\\\/www.raxxa.com\\\/\",\"logo\":{\"@type\":\"ImageObject\",\"inLanguage\":\"fr-FR\",\"@id\":\"https:\\\/\\\/www.raxxa.com\\\/#\\\/schema\\\/logo\\\/image\\\/\",\"url\":\"https:\\\/\\\/www.raxxa.com\\\/wp-content\\\/uploads\\\/2022\\\/07\\\/logo_v2.png\",\"contentUrl\":\"https:\\\/\\\/www.raxxa.com\\\/wp-content\\\/uploads\\\/2022\\\/07\\\/logo_v2.png\",\"width\":380,\"height\":382,\"caption\":\"raxxa\"},\"image\":{\"@id\":\"https:\\\/\\\/www.raxxa.com\\\/#\\\/schema\\\/logo\\\/image\\\/\"},\"sameAs\":[\"https:\\\/\\\/facebook.com\\\/raxxacom\"]}]}<\/script>\n<meta property=\"og:availability\" content=\"instock\" \/>\n<meta property=\"product:availability\" content=\"instock\" \/>\n<meta property=\"product:retailer_item_id\" content=\"1-185-729-97\" \/>\n<meta property=\"product:condition\" content=\"new\" \/>\n<!-- \/ Yoast SEO Premium plugin. -->","yoast_head_json":{"title":"raxxa Carte postale : C'est par l\u00e0 qu'on va - raxxa","robots":{"index":"index","follow":"follow","max-snippet":"max-snippet:-1","max-image-preview":"max-image-preview:large","max-video-preview":"max-video-preview:-1"},"canonical":"https:\/\/www.raxxa.com\/fr\/shop\/raxxa-postkarte-da-gehts-lang\/","og_locale":"fr_FR","og_type":"article","og_title":"raxxa Postkarte: Da gehts lang","og_description":"&quot;Da gehts lang&quot; by Martin W\u00fcrzburger Eine Abk\u00fcrzung durch den n\u00e4chtlichen Wald zu nehmen, schien zuerst eine gute Idee zu sein.Als Stadtmensch untersch\u00e4tzt man jedoch, wie dunkel ein Wald sein kann. Ich verlor so schnell den Pfad und schlie\u00dflich die Orientierung, so dass ich mich frustriert auf den Boden setzte. Nur kurz durchbrach der Mond [&hellip;]","og_url":"https:\/\/www.raxxa.com\/fr\/shop\/raxxa-postkarte-da-gehts-lang\/","og_site_name":"raxxa","article_publisher":"https:\/\/facebook.com\/raxxacom","article_modified_time":"2024-04-18T19:35:50+00:00","og_image":[{"width":1024,"height":1024,"url":"https:\/\/www.raxxa.com\/wp-content\/uploads\/2024\/04\/raxxa-97-729-185-Martin-Wuerzburger-Da-gehts-lang-10.jpg","type":"image\/jpeg"}],"twitter_card":"summary_large_image","twitter_misc":{"Disponibilit\u00e9":"En stock"},"schema":{"@context":"https:\/\/schema.org","@graph":[{"@type":["WebPage","ItemPage"],"@id":"https:\/\/www.raxxa.com\/shop\/raxxa-postkarte-da-gehts-lang\/","url":"https:\/\/www.raxxa.com\/shop\/raxxa-postkarte-da-gehts-lang\/","name":"raxxa Carte postale : C'est par l\u00e0 qu'on va - raxxa","isPartOf":{"@id":"https:\/\/www.raxxa.com\/#website"},"primaryImageOfPage":{"@id":"https:\/\/www.raxxa.com\/shop\/raxxa-postkarte-da-gehts-lang\/#primaryimage"},"image":{"@id":"https:\/\/www.raxxa.com\/shop\/raxxa-postkarte-da-gehts-lang\/#primaryimage"},"thumbnailUrl":"https:\/\/www.raxxa.com\/wp-content\/uploads\/2024\/04\/raxxa-97-729-185-Martin-Wuerzburger-Da-gehts-lang-10.jpg","datePublished":"2024-04-18T19:35:01+00:00","dateModified":"2024-04-18T19:35:50+00:00","breadcrumb":{"@id":"https:\/\/www.raxxa.com\/shop\/raxxa-postkarte-da-gehts-lang\/#breadcrumb"},"inLanguage":"fr-FR","potentialAction":[{"@type":"ReadAction","target":["https:\/\/www.raxxa.com\/shop\/raxxa-postkarte-da-gehts-lang\/"]}]},{"@type":"ImageObject","inLanguage":"fr-FR","@id":"https:\/\/www.raxxa.com\/shop\/raxxa-postkarte-da-gehts-lang\/#primaryimage","url":"https:\/\/www.raxxa.com\/wp-content\/uploads\/2024\/04\/raxxa-97-729-185-Martin-Wuerzburger-Da-gehts-lang-10.jpg","contentUrl":"https:\/\/www.raxxa.com\/wp-content\/uploads\/2024\/04\/raxxa-97-729-185-Martin-Wuerzburger-Da-gehts-lang-10.jpg","width":1024,"height":1024},{"@type":"BreadcrumbList","@id":"https:\/\/www.raxxa.com\/shop\/raxxa-postkarte-da-gehts-lang\/#breadcrumb","itemListElement":[{"@type":"ListItem","position":1,"name":"Startseite","item":"https:\/\/www.raxxa.com\/"},{"@type":"ListItem","position":2,"name":"Shop","item":"https:\/\/www.raxxa.com\/it\/shop\/"},{"@type":"ListItem","position":3,"name":"raxxa Postkarte: Da gehts lang"}]},{"@type":"WebSite","@id":"https:\/\/www.raxxa.com\/#website","url":"https:\/\/www.raxxa.com\/","name":"raxxa","description":"Des produits uniques et personnalis\u00e9s cr\u00e9\u00e9s par nos designers","publisher":{"@id":"https:\/\/www.raxxa.com\/#organization"},"potentialAction":[{"@type":"SearchAction","target":{"@type":"EntryPoint","urlTemplate":"https:\/\/www.raxxa.com\/?s={search_term_string}"},"query-input":{"@type":"PropertyValueSpecification","valueRequired":true,"valueName":"search_term_string"}}],"inLanguage":"fr-FR"},{"@type":"Organization","@id":"https:\/\/www.raxxa.com\/#organization","name":"raxxa","url":"https:\/\/www.raxxa.com\/","logo":{"@type":"ImageObject","inLanguage":"fr-FR","@id":"https:\/\/www.raxxa.com\/#\/schema\/logo\/image\/","url":"https:\/\/www.raxxa.com\/wp-content\/uploads\/2022\/07\/logo_v2.png","contentUrl":"https:\/\/www.raxxa.com\/wp-content\/uploads\/2022\/07\/logo_v2.png","width":380,"height":382,"caption":"raxxa"},"image":{"@id":"https:\/\/www.raxxa.com\/#\/schema\/logo\/image\/"},"sameAs":["https:\/\/facebook.com\/raxxacom"]}]},"og_availability":"instock","product_availability":"instock","product_retailer_item_id":"1-185-729-97","product_condition":"new"},"jetpack_sharing_enabled":true,"_links":{"self":[{"href":"https:\/\/www.raxxa.com\/fr\/wp-json\/wp\/v2\/product\/193292","targetHints":{"allow":["GET"]}}],"collection":[{"href":"https:\/\/www.raxxa.com\/fr\/wp-json\/wp\/v2\/product"}],"about":[{"href":"https:\/\/www.raxxa.com\/fr\/wp-json\/wp\/v2\/types\/product"}],"replies":[{"embeddable":true,"href":"https:\/\/www.raxxa.com\/fr\/wp-json\/wp\/v2\/comments?post=193292"}],"wp:featuredmedia":[{"embeddable":true,"href":"https:\/\/www.raxxa.com\/fr\/wp-json\/wp\/v2\/media\/193317"}],"wp:attachment":[{"href":"https:\/\/www.raxxa.com\/fr\/wp-json\/wp\/v2\/media?parent=193292"}],"wp:term":[{"taxonomy":"product_brand","embeddable":true,"href":"https:\/\/www.raxxa.com\/fr\/wp-json\/wp\/v2\/product_brand?post=193292"},{"taxonomy":"product_cat","embeddable":true,"href":"https:\/\/www.raxxa.com\/fr\/wp-json\/wp\/v2\/product_cat?post=193292"},{"taxonomy":"product_tag","embeddable":true,"href":"https:\/\/www.raxxa.com\/fr\/wp-json\/wp\/v2\/product_tag?post=193292"}],"curies":[{"name":"wp","href":"https:\/\/api.w.org\/{rel}","templated":true}]}}