{"id":182910,"date":"2024-01-16T15:57:50","date_gmt":"2024-01-16T13:57:50","guid":{"rendered":"https:\/\/www.raxxa.com\/?post_type=product&#038;p=182910"},"modified":"2025-10-31T15:06:34","modified_gmt":"2025-10-31T13:06:34","slug":"raxxa-premium-tischset-grazioese-samen","status":"publish","type":"product","link":"https:\/\/www.raxxa.com\/fr\/shop\/raxxa-premium-tischset-grazioese-samen\/","title":{"rendered":"raxxa Set de table premium : graines gracieuses"},"content":{"rendered":"<h3><strong>\"Gracieuses graines\" by Uta Naumann<\/strong><\/h3>\n<p><strong><\/strong><\/p>\n<p>Dans ce tableau abstrait Dandelion, les \u00e9l\u00e9ments minimalistes dominent. Sur un doux contre-jour bleu, les pissenlits et leurs graines se dressent comme des points focaux lumineux. Les p\u00e9tales de fleurs apparaissent comme des \u00e9toiles brillantes dans un paysage autrement calme et monochrome. La composition cr\u00e9e une atmosph\u00e8re apaisante et souligne la beaut\u00e9 intemporelle du pissenlit dans son interpr\u00e9tation moderne et minimaliste.<\/p>\n<p>&nbsp;<\/p>\nEmbellissez votre salle \u00e0 manger avec nos sets de table en vinyle color\u00e9s cr\u00e9\u00e9s par nos artistes ! Ces sets de table imprim\u00e9s sur une face sont fabriqu\u00e9s dans un mat\u00e9riau r\u00e9sistant et sont parfaits pour donner une touche de couleur \u00e0 votre table. Avec leurs dimensions de 40 x 30 cm, ils ont exactement la bonne taille pour chaque ustensile de table. Agr\u00e9mentez vos repas avec style et praticit\u00e9 !<br><br>Indications sur les mat\u00e9riaux :<br><ul><li>40 x 30 cm.<\/li><li>environ 1,6 mm d'\u00e9paisseur.<\/li><li>vinyle.<\/li><li>Nettoyage avec un chiffon humide, ne convient pas pour le lave-vaisselle.<\/li><li>Fabriqu\u00e9 en Allemagne.<\/li><\/ul>","protected":false},"excerpt":{"rendered":"<p>&quot;Grazi\u00f6se Samen&quot; by Uta Naumann In diesem abstrakten Dandelion-Bild dominieren minimalistische Elemente. Gegen ein sanftes, blaues Gegenlicht erheben sich die Pusteblumen und ihre Samen als leuchtende Fokuspunkte. Die Blumenbl\u00fcten wirken wie strahlende Sterne in einer ansonsten ruhigen und monochromen Landschaft. Die Komposition erzeugt eine beruhigende Atmosph\u00e4re und betont die zeitlose Sch\u00f6nheit des L\u00f6wenzahns in seiner [&hellip;]<\/p>\n","protected":false},"featured_media":247380,"comment_status":"open","ping_status":"closed","template":"","meta":[],"product_brand":[],"product_cat":[136,11218,11051],"product_tag":[11234],"class_list":{"0":"post-182910","1":"product","2":"type-product","3":"status-publish","4":"has-post-thumbnail","6":"product_cat-natur","7":"product_cat-uta-naumann","8":"product_cat-tischset","9":"product_tag-blume-loewenzahn-pusteblume-floral-botanisch-natur-abstrakt-modern-zeitgenoessisch-minimalistisch-urban-collage-illustration-lounge-lobby-sommer","10":"product_shipping_class-versand-tischset","12":"first","13":"instock","14":"taxable","15":"shipping-taxable","16":"purchasable","17":"product-type-variable"},"yoast_head":"<!-- This site is optimized with the Yoast SEO Premium plugin v27.2 (Yoast SEO v27.3) - https:\/\/yoast.com\/product\/yoast-seo-premium-wordpress\/ -->\n<title>raxxa Premium-Tischset: Grazi\u00f6se Samen - raxxa<\/title>\n<meta name=\"robots\" content=\"index, follow, max-snippet:-1, max-image-preview:large, max-video-preview:-1\" \/>\n<link rel=\"canonical\" href=\"https:\/\/www.raxxa.com\/fr\/shop\/raxxa-premium-tischset-grazioese-samen\/\" \/>\n<meta property=\"og:locale\" content=\"fr_FR\" \/>\n<meta property=\"og:type\" content=\"article\" \/>\n<meta property=\"og:title\" content=\"raxxa Premium-Tischset: Grazi\u00f6se Samen\" \/>\n<meta property=\"og:description\" content=\"&quot;Grazi\u00f6se Samen&quot; by Uta Naumann In diesem abstrakten Dandelion-Bild dominieren minimalistische Elemente. Gegen ein sanftes, blaues Gegenlicht erheben sich die Pusteblumen und ihre Samen als leuchtende Fokuspunkte. Die Blumenbl\u00fcten wirken wie strahlende Sterne in einer ansonsten ruhigen und monochromen Landschaft. Die Komposition erzeugt eine beruhigende Atmosph\u00e4re und betont die zeitlose Sch\u00f6nheit des L\u00f6wenzahns in seiner [&hellip;]\" \/>\n<meta property=\"og:url\" content=\"https:\/\/www.raxxa.com\/fr\/shop\/raxxa-premium-tischset-grazioese-samen\/\" \/>\n<meta property=\"og:site_name\" content=\"raxxa\" \/>\n<meta property=\"article:publisher\" content=\"https:\/\/facebook.com\/raxxacom\" \/>\n<meta property=\"article:modified_time\" content=\"2025-10-31T13:06:34+00:00\" \/>\n<meta property=\"og:image\" content=\"https:\/\/www.raxxa.com\/wp-content\/uploads\/2024\/01\/282_7331_Grazioese-Samen-Uta-Naumann_tischset3.png\" \/>\n\t<meta property=\"og:image:width\" content=\"1000\" \/>\n\t<meta property=\"og:image:height\" content=\"1000\" \/>\n\t<meta property=\"og:image:type\" content=\"image\/png\" \/>\n<meta name=\"twitter:card\" content=\"summary_large_image\" \/>\n<meta name=\"twitter:label1\" content=\"Disponibilit\u00e9\" \/>\n\t<meta name=\"twitter:data1\" content=\"En stock\" \/>\n<script type=\"application\/ld+json\" class=\"yoast-schema-graph\">{\"@context\":\"https:\\\/\\\/schema.org\",\"@graph\":[{\"@type\":[\"WebPage\",\"ItemPage\"],\"@id\":\"https:\\\/\\\/www.raxxa.com\\\/shop\\\/raxxa-premium-tischset-grazioese-samen\\\/\",\"url\":\"https:\\\/\\\/www.raxxa.com\\\/shop\\\/raxxa-premium-tischset-grazioese-samen\\\/\",\"name\":\"raxxa Premium-Tischset: Grazi\u00f6se Samen - raxxa\",\"isPartOf\":{\"@id\":\"https:\\\/\\\/www.raxxa.com\\\/#website\"},\"primaryImageOfPage\":{\"@id\":\"https:\\\/\\\/www.raxxa.com\\\/shop\\\/raxxa-premium-tischset-grazioese-samen\\\/#primaryimage\"},\"image\":{\"@id\":\"https:\\\/\\\/www.raxxa.com\\\/shop\\\/raxxa-premium-tischset-grazioese-samen\\\/#primaryimage\"},\"thumbnailUrl\":\"https:\\\/\\\/www.raxxa.com\\\/wp-content\\\/uploads\\\/2024\\\/01\\\/raxxa-Tischset-282-7331-6-Uta-Naumann-Graziose-Samen-19-2.jpg\",\"datePublished\":\"2024-01-16T13:57:50+00:00\",\"dateModified\":\"2025-10-31T13:06:34+00:00\",\"breadcrumb\":{\"@id\":\"https:\\\/\\\/www.raxxa.com\\\/shop\\\/raxxa-premium-tischset-grazioese-samen\\\/#breadcrumb\"},\"inLanguage\":\"fr-FR\",\"potentialAction\":[{\"@type\":\"ReadAction\",\"target\":[\"https:\\\/\\\/www.raxxa.com\\\/shop\\\/raxxa-premium-tischset-grazioese-samen\\\/\"]}]},{\"@type\":\"ImageObject\",\"inLanguage\":\"fr-FR\",\"@id\":\"https:\\\/\\\/www.raxxa.com\\\/shop\\\/raxxa-premium-tischset-grazioese-samen\\\/#primaryimage\",\"url\":\"https:\\\/\\\/www.raxxa.com\\\/wp-content\\\/uploads\\\/2024\\\/01\\\/raxxa-Tischset-282-7331-6-Uta-Naumann-Graziose-Samen-19-2.jpg\",\"contentUrl\":\"https:\\\/\\\/www.raxxa.com\\\/wp-content\\\/uploads\\\/2024\\\/01\\\/raxxa-Tischset-282-7331-6-Uta-Naumann-Graziose-Samen-19-2.jpg\",\"width\":1456,\"height\":816},{\"@type\":\"BreadcrumbList\",\"@id\":\"https:\\\/\\\/www.raxxa.com\\\/shop\\\/raxxa-premium-tischset-grazioese-samen\\\/#breadcrumb\",\"itemListElement\":[{\"@type\":\"ListItem\",\"position\":1,\"name\":\"Startseite\",\"item\":\"https:\\\/\\\/www.raxxa.com\\\/\"},{\"@type\":\"ListItem\",\"position\":2,\"name\":\"Shop\",\"item\":\"https:\\\/\\\/www.raxxa.com\\\/it\\\/shop\\\/\"},{\"@type\":\"ListItem\",\"position\":3,\"name\":\"raxxa Premium-Tischset: Grazi\u00f6se Samen\"}]},{\"@type\":\"WebSite\",\"@id\":\"https:\\\/\\\/www.raxxa.com\\\/#website\",\"url\":\"https:\\\/\\\/www.raxxa.com\\\/\",\"name\":\"raxxa\",\"description\":\"Einzigartige individuelle Produkte von unseren Designern\",\"publisher\":{\"@id\":\"https:\\\/\\\/www.raxxa.com\\\/#organization\"},\"potentialAction\":[{\"@type\":\"SearchAction\",\"target\":{\"@type\":\"EntryPoint\",\"urlTemplate\":\"https:\\\/\\\/www.raxxa.com\\\/?s={search_term_string}\"},\"query-input\":{\"@type\":\"PropertyValueSpecification\",\"valueRequired\":true,\"valueName\":\"search_term_string\"}}],\"inLanguage\":\"fr-FR\"},{\"@type\":\"Organization\",\"@id\":\"https:\\\/\\\/www.raxxa.com\\\/#organization\",\"name\":\"raxxa\",\"url\":\"https:\\\/\\\/www.raxxa.com\\\/\",\"logo\":{\"@type\":\"ImageObject\",\"inLanguage\":\"fr-FR\",\"@id\":\"https:\\\/\\\/www.raxxa.com\\\/#\\\/schema\\\/logo\\\/image\\\/\",\"url\":\"https:\\\/\\\/www.raxxa.com\\\/wp-content\\\/uploads\\\/2022\\\/07\\\/logo_v2.png\",\"contentUrl\":\"https:\\\/\\\/www.raxxa.com\\\/wp-content\\\/uploads\\\/2022\\\/07\\\/logo_v2.png\",\"width\":380,\"height\":382,\"caption\":\"raxxa\"},\"image\":{\"@id\":\"https:\\\/\\\/www.raxxa.com\\\/#\\\/schema\\\/logo\\\/image\\\/\"},\"sameAs\":[\"https:\\\/\\\/facebook.com\\\/raxxacom\"]}]}<\/script>\n<meta property=\"og:availability\" content=\"instock\" \/>\n<meta property=\"product:availability\" content=\"instock\" \/>\n<meta property=\"product:retailer_item_id\" content=\"1-6-7331-282\" \/>\n<meta property=\"product:condition\" content=\"new\" \/>\n<!-- \/ Yoast SEO Premium plugin. -->","yoast_head_json":{"title":"raxxa Premium-Tischset: Grazi\u00f6se Samen - raxxa","robots":{"index":"index","follow":"follow","max-snippet":"max-snippet:-1","max-image-preview":"max-image-preview:large","max-video-preview":"max-video-preview:-1"},"canonical":"https:\/\/www.raxxa.com\/fr\/shop\/raxxa-premium-tischset-grazioese-samen\/","og_locale":"fr_FR","og_type":"article","og_title":"raxxa Premium-Tischset: Grazi\u00f6se Samen","og_description":"&quot;Grazi\u00f6se Samen&quot; by Uta Naumann In diesem abstrakten Dandelion-Bild dominieren minimalistische Elemente. Gegen ein sanftes, blaues Gegenlicht erheben sich die Pusteblumen und ihre Samen als leuchtende Fokuspunkte. Die Blumenbl\u00fcten wirken wie strahlende Sterne in einer ansonsten ruhigen und monochromen Landschaft. Die Komposition erzeugt eine beruhigende Atmosph\u00e4re und betont die zeitlose Sch\u00f6nheit des L\u00f6wenzahns in seiner [&hellip;]","og_url":"https:\/\/www.raxxa.com\/fr\/shop\/raxxa-premium-tischset-grazioese-samen\/","og_site_name":"raxxa","article_publisher":"https:\/\/facebook.com\/raxxacom","article_modified_time":"2025-10-31T13:06:34+00:00","og_image":[{"width":1000,"height":1000,"url":"https:\/\/www.raxxa.com\/wp-content\/uploads\/2024\/01\/282_7331_Grazioese-Samen-Uta-Naumann_tischset3.png","type":"image\/png"}],"twitter_card":"summary_large_image","twitter_misc":{"Disponibilit\u00e9":"En stock"},"schema":{"@context":"https:\/\/schema.org","@graph":[{"@type":["WebPage","ItemPage"],"@id":"https:\/\/www.raxxa.com\/shop\/raxxa-premium-tischset-grazioese-samen\/","url":"https:\/\/www.raxxa.com\/shop\/raxxa-premium-tischset-grazioese-samen\/","name":"raxxa Premium-Tischset: Grazi\u00f6se Samen - raxxa","isPartOf":{"@id":"https:\/\/www.raxxa.com\/#website"},"primaryImageOfPage":{"@id":"https:\/\/www.raxxa.com\/shop\/raxxa-premium-tischset-grazioese-samen\/#primaryimage"},"image":{"@id":"https:\/\/www.raxxa.com\/shop\/raxxa-premium-tischset-grazioese-samen\/#primaryimage"},"thumbnailUrl":"https:\/\/www.raxxa.com\/wp-content\/uploads\/2024\/01\/raxxa-Tischset-282-7331-6-Uta-Naumann-Graziose-Samen-19-2.jpg","datePublished":"2024-01-16T13:57:50+00:00","dateModified":"2025-10-31T13:06:34+00:00","breadcrumb":{"@id":"https:\/\/www.raxxa.com\/shop\/raxxa-premium-tischset-grazioese-samen\/#breadcrumb"},"inLanguage":"fr-FR","potentialAction":[{"@type":"ReadAction","target":["https:\/\/www.raxxa.com\/shop\/raxxa-premium-tischset-grazioese-samen\/"]}]},{"@type":"ImageObject","inLanguage":"fr-FR","@id":"https:\/\/www.raxxa.com\/shop\/raxxa-premium-tischset-grazioese-samen\/#primaryimage","url":"https:\/\/www.raxxa.com\/wp-content\/uploads\/2024\/01\/raxxa-Tischset-282-7331-6-Uta-Naumann-Graziose-Samen-19-2.jpg","contentUrl":"https:\/\/www.raxxa.com\/wp-content\/uploads\/2024\/01\/raxxa-Tischset-282-7331-6-Uta-Naumann-Graziose-Samen-19-2.jpg","width":1456,"height":816},{"@type":"BreadcrumbList","@id":"https:\/\/www.raxxa.com\/shop\/raxxa-premium-tischset-grazioese-samen\/#breadcrumb","itemListElement":[{"@type":"ListItem","position":1,"name":"Startseite","item":"https:\/\/www.raxxa.com\/"},{"@type":"ListItem","position":2,"name":"Shop","item":"https:\/\/www.raxxa.com\/it\/shop\/"},{"@type":"ListItem","position":3,"name":"raxxa Premium-Tischset: Grazi\u00f6se Samen"}]},{"@type":"WebSite","@id":"https:\/\/www.raxxa.com\/#website","url":"https:\/\/www.raxxa.com\/","name":"raxxa","description":"Des produits uniques et personnalis\u00e9s cr\u00e9\u00e9s par nos designers","publisher":{"@id":"https:\/\/www.raxxa.com\/#organization"},"potentialAction":[{"@type":"SearchAction","target":{"@type":"EntryPoint","urlTemplate":"https:\/\/www.raxxa.com\/?s={search_term_string}"},"query-input":{"@type":"PropertyValueSpecification","valueRequired":true,"valueName":"search_term_string"}}],"inLanguage":"fr-FR"},{"@type":"Organization","@id":"https:\/\/www.raxxa.com\/#organization","name":"raxxa","url":"https:\/\/www.raxxa.com\/","logo":{"@type":"ImageObject","inLanguage":"fr-FR","@id":"https:\/\/www.raxxa.com\/#\/schema\/logo\/image\/","url":"https:\/\/www.raxxa.com\/wp-content\/uploads\/2022\/07\/logo_v2.png","contentUrl":"https:\/\/www.raxxa.com\/wp-content\/uploads\/2022\/07\/logo_v2.png","width":380,"height":382,"caption":"raxxa"},"image":{"@id":"https:\/\/www.raxxa.com\/#\/schema\/logo\/image\/"},"sameAs":["https:\/\/facebook.com\/raxxacom"]}]},"og_availability":"instock","product_availability":"instock","product_retailer_item_id":"1-6-7331-282","product_condition":"new"},"jetpack_sharing_enabled":true,"_links":{"self":[{"href":"https:\/\/www.raxxa.com\/fr\/wp-json\/wp\/v2\/product\/182910","targetHints":{"allow":["GET"]}}],"collection":[{"href":"https:\/\/www.raxxa.com\/fr\/wp-json\/wp\/v2\/product"}],"about":[{"href":"https:\/\/www.raxxa.com\/fr\/wp-json\/wp\/v2\/types\/product"}],"replies":[{"embeddable":true,"href":"https:\/\/www.raxxa.com\/fr\/wp-json\/wp\/v2\/comments?post=182910"}],"wp:featuredmedia":[{"embeddable":true,"href":"https:\/\/www.raxxa.com\/fr\/wp-json\/wp\/v2\/media\/247380"}],"wp:attachment":[{"href":"https:\/\/www.raxxa.com\/fr\/wp-json\/wp\/v2\/media?parent=182910"}],"wp:term":[{"taxonomy":"product_brand","embeddable":true,"href":"https:\/\/www.raxxa.com\/fr\/wp-json\/wp\/v2\/product_brand?post=182910"},{"taxonomy":"product_cat","embeddable":true,"href":"https:\/\/www.raxxa.com\/fr\/wp-json\/wp\/v2\/product_cat?post=182910"},{"taxonomy":"product_tag","embeddable":true,"href":"https:\/\/www.raxxa.com\/fr\/wp-json\/wp\/v2\/product_tag?post=182910"}],"curies":[{"name":"wp","href":"https:\/\/api.w.org\/{rel}","templated":true}]}}