{"id":180001,"date":"2023-12-03T09:53:25","date_gmt":"2023-12-03T07:53:25","guid":{"rendered":"https:\/\/www.raxxa.com\/?post_type=product&#038;p=180001"},"modified":"2024-07-23T15:55:35","modified_gmt":"2024-07-23T13:55:35","slug":"defftig-tasse","status":"publish","type":"product","link":"https:\/\/www.raxxa.com\/fr\/shop\/defftig-tasse\/","title":{"rendered":"dEFFtig - Tasse"},"content":{"rendered":"<p><strong>Pour chaque tasse, dEFFtig fait don de 5 EUR \u00e0 Frankfurter Tafel e.V.<\/strong><\/p>\n<p>&nbsp;<\/p>\n<p>Rock your drink with defftig - La tasse qui transforme ton caf\u00e9 en concert !<\/p>\n<p>Bienvenue dans le club des vrais fans de rock ! Avec le mug defftig Deutsch Rock Cover Band, ta pause caf\u00e9 se transforme en un \u00e9v\u00e9nement exclusif dans les coulisses. Voici trois raisons pour lesquelles tu devrais soutenir non seulement un mug, mais aussi le groupe :<\/p>\n<p>Un design unique pour les vrais rockeurs :<br \/>\nNotre mug n'est pas seulement un r\u00e9cipient, c'est une \u0153uvre d'art. Le design unique, inspir\u00e9 par les rockeurs du groupe defftig, met l'esprit de la sc\u00e8ne directement dans ta main. Chaque gorg\u00e9e devient une exp\u00e9rience de concert que tu ne fais pas qu'entendre, mais que tu go\u00fbtes aussi. Rock ton caf\u00e9 avec style !<\/p>\n<p>Supporte la vraie musique - directement depuis le studio :<br \/>\nEn achetant ce mug, tu ne soutiens pas seulement un groupe, mais de v\u00e9ritables artistes qui mettent leur passion pour le rock allemand dans chaque chanson. Nos tasses font partie d'une \u00e9dition exclusive pour les fans, qui permet d'\u00e9tablir un lien direct avec defftig. Tu n'es pas seulement un fan - tu fais partie de la famille de la musique !<\/p>\n<p>Des extras exclusifs r\u00e9serv\u00e9s \u00e0 nos supporters :<br \/>\nEn remerciement de ton soutien, tu auras acc\u00e8s \u00e0 des extras exclusifs. Sois le premier \u00e0 \u00e9couter les nouvelles chansons, b\u00e9n\u00e9ficie de r\u00e9ductions sp\u00e9ciales sur le merchandising du groupe ou assure-toi un acc\u00e8s VIP aux prochains concerts. Avec le mug defftig, tu ne fais pas que boire, tu vis la musique !<\/p>\n<p>Rock ton quotidien avec le mug defftig Deutsch Rock Cover Band de Raxxa. Commande-le maintenant et ne sois pas seulement un auditeur, mais une partie de la r\u00e9volution du rock allemand ! Car le bon caf\u00e9 et la vraie musique vont de pair - c'est le style defftig !<\/p>\n<p>&nbsp;<\/p>\n<p><strong>Choix du motif :<\/strong><\/p>\n<p>Motiv 1:\u00a0 beidseitig mit Bandname &#8222;defftig&#8220;<\/p>\n<p>Motiv 2: ein Seite mit Bandname &#8222;defftig&#8220;, eine Seite mit Bild von der Band<\/p>\n<p>Motiv 3:\u00a0 beidseitig mehrfach mit Bandname &#8222;defftig&#8220;<\/p>\n<p>&nbsp;<\/p>\n<p><strong>Indications sur les mat\u00e9riaux :<\/strong><\/p>\n<ul>\n<li>330 ml \/ 11 oz.<\/li>\n<li>9,5 cm de haut, 8cm de diam\u00e8tre, sans anse<\/li>\n<li>Passe au lave-vaisselle et au micro-ondes.<\/li>\n<li>Rev\u00eatement ORCA, mat\u00e9riau c\u00e9ramique avec surface brillante.<\/li>\n<li>Fabriqu\u00e9 en Allemagne.<\/li>\n<\/ul>","protected":false},"excerpt":{"rendered":"<p>Pro Tasse spendet dEFFtig 5 EUR an die Frankfurter Tafel e.V. &nbsp; Rock dein Getr\u00e4nk mit defftig \u2013 Die Tasse, die deinen Kaffee zum Konzert macht! Willkommen im Club der echten Rockfans! Mit der defftig Deutsch Rock Cover Band-Tasse wird deine Kaffeepause zu einem exklusiven Backstage-Event. Hier sind drei Gr\u00fcnde, warum du nicht nur einen [&hellip;]<\/p>\n","protected":false},"featured_media":182525,"comment_status":"open","ping_status":"closed","template":"","meta":[],"product_brand":[],"product_cat":[11447],"product_tag":[8751,11723,11728,11721,8865,11722,11727],"class_list":{"0":"post-180001","1":"product","2":"type-product","3":"status-publish","4":"has-post-thumbnail","6":"product_cat-defftig","7":"product_tag-band","8":"product_tag-charity","9":"product_tag-deutsch-rock","10":"product_tag-e-v","11":"product_tag-frankfurt","12":"product_tag-spenden","13":"product_tag-taffel","14":"product_shipping_class-versand-tassen","16":"first","17":"instock","18":"taxable","19":"shipping-taxable","20":"purchasable","21":"product-type-variable"},"yoast_head":"<!-- This site is optimized with the Yoast SEO Premium plugin v27.4 (Yoast SEO v27.4) - https:\/\/yoast.com\/product\/yoast-seo-premium-wordpress\/ -->\n<title>dEFFtig - Tasse - raxxa<\/title>\n<meta name=\"robots\" content=\"index, follow, max-snippet:-1, max-image-preview:large, max-video-preview:-1\" \/>\n<link rel=\"canonical\" href=\"https:\/\/www.raxxa.com\/fr\/shop\/defftig-tasse\/\" \/>\n<meta property=\"og:locale\" content=\"fr_FR\" \/>\n<meta property=\"og:type\" content=\"article\" \/>\n<meta property=\"og:title\" content=\"dEFFtig - Tasse\" \/>\n<meta property=\"og:description\" content=\"Pro Tasse spendet dEFFtig 5 EUR an die Frankfurter Tafel e.V. &nbsp; Rock dein Getr\u00e4nk mit defftig \u2013 Die Tasse, die deinen Kaffee zum Konzert macht! Willkommen im Club der echten Rockfans! Mit der defftig Deutsch Rock Cover Band-Tasse wird deine Kaffeepause zu einem exklusiven Backstage-Event. Hier sind drei Gr\u00fcnde, warum du nicht nur einen [&hellip;]\" \/>\n<meta property=\"og:url\" content=\"https:\/\/www.raxxa.com\/fr\/shop\/defftig-tasse\/\" \/>\n<meta property=\"og:site_name\" content=\"raxxa\" \/>\n<meta property=\"article:publisher\" content=\"https:\/\/facebook.com\/raxxacom\" \/>\n<meta property=\"article:modified_time\" content=\"2024-07-23T13:55:35+00:00\" \/>\n<meta property=\"og:image\" content=\"https:\/\/www.raxxa.com\/wp-content\/uploads\/2023\/12\/12953_org.jpg\" \/>\n\t<meta property=\"og:image:width\" content=\"2048\" \/>\n\t<meta property=\"og:image:height\" content=\"2048\" \/>\n\t<meta property=\"og:image:type\" content=\"image\/jpeg\" \/>\n<meta name=\"twitter:card\" content=\"summary_large_image\" \/>\n<meta name=\"twitter:label1\" content=\"Disponibilit\u00e9\" \/>\n\t<meta name=\"twitter:data1\" content=\"En stock\" \/>\n<script type=\"application\/ld+json\" class=\"yoast-schema-graph\">{\"@context\":\"https:\\\/\\\/schema.org\",\"@graph\":[{\"@type\":[\"WebPage\",\"ItemPage\"],\"@id\":\"https:\\\/\\\/www.raxxa.com\\\/shop\\\/defftig-tasse\\\/\",\"url\":\"https:\\\/\\\/www.raxxa.com\\\/shop\\\/defftig-tasse\\\/\",\"name\":\"dEFFtig - Tasse - raxxa\",\"isPartOf\":{\"@id\":\"https:\\\/\\\/www.raxxa.com\\\/#website\"},\"primaryImageOfPage\":{\"@id\":\"https:\\\/\\\/www.raxxa.com\\\/shop\\\/defftig-tasse\\\/#primaryimage\"},\"image\":{\"@id\":\"https:\\\/\\\/www.raxxa.com\\\/shop\\\/defftig-tasse\\\/#primaryimage\"},\"thumbnailUrl\":\"https:\\\/\\\/www.raxxa.com\\\/wp-content\\\/uploads\\\/2023\\\/12\\\/12953_org.jpg\",\"datePublished\":\"2023-12-03T07:53:25+00:00\",\"dateModified\":\"2024-07-23T13:55:35+00:00\",\"breadcrumb\":{\"@id\":\"https:\\\/\\\/www.raxxa.com\\\/shop\\\/defftig-tasse\\\/#breadcrumb\"},\"inLanguage\":\"fr-FR\",\"potentialAction\":[{\"@type\":\"ReadAction\",\"target\":[\"https:\\\/\\\/www.raxxa.com\\\/shop\\\/defftig-tasse\\\/\"]}]},{\"@type\":\"ImageObject\",\"inLanguage\":\"fr-FR\",\"@id\":\"https:\\\/\\\/www.raxxa.com\\\/shop\\\/defftig-tasse\\\/#primaryimage\",\"url\":\"https:\\\/\\\/www.raxxa.com\\\/wp-content\\\/uploads\\\/2023\\\/12\\\/12953_org.jpg\",\"contentUrl\":\"https:\\\/\\\/www.raxxa.com\\\/wp-content\\\/uploads\\\/2023\\\/12\\\/12953_org.jpg\",\"width\":2048,\"height\":2048},{\"@type\":\"BreadcrumbList\",\"@id\":\"https:\\\/\\\/www.raxxa.com\\\/shop\\\/defftig-tasse\\\/#breadcrumb\",\"itemListElement\":[{\"@type\":\"ListItem\",\"position\":1,\"name\":\"Startseite\",\"item\":\"https:\\\/\\\/www.raxxa.com\\\/\"},{\"@type\":\"ListItem\",\"position\":2,\"name\":\"Shop\",\"item\":\"https:\\\/\\\/www.raxxa.com\\\/it\\\/shop\\\/\"},{\"@type\":\"ListItem\",\"position\":3,\"name\":\"dEFFtig &#8211; Tasse\"}]},{\"@type\":\"WebSite\",\"@id\":\"https:\\\/\\\/www.raxxa.com\\\/#website\",\"url\":\"https:\\\/\\\/www.raxxa.com\\\/\",\"name\":\"raxxa\",\"description\":\"Einzigartige individuelle Produkte von unseren Designern\",\"publisher\":{\"@id\":\"https:\\\/\\\/www.raxxa.com\\\/#organization\"},\"potentialAction\":[{\"@type\":\"SearchAction\",\"target\":{\"@type\":\"EntryPoint\",\"urlTemplate\":\"https:\\\/\\\/www.raxxa.com\\\/?s={search_term_string}\"},\"query-input\":{\"@type\":\"PropertyValueSpecification\",\"valueRequired\":true,\"valueName\":\"search_term_string\"}}],\"inLanguage\":\"fr-FR\"},{\"@type\":\"Organization\",\"@id\":\"https:\\\/\\\/www.raxxa.com\\\/#organization\",\"name\":\"raxxa\",\"url\":\"https:\\\/\\\/www.raxxa.com\\\/\",\"logo\":{\"@type\":\"ImageObject\",\"inLanguage\":\"fr-FR\",\"@id\":\"https:\\\/\\\/www.raxxa.com\\\/#\\\/schema\\\/logo\\\/image\\\/\",\"url\":\"https:\\\/\\\/www.raxxa.com\\\/wp-content\\\/uploads\\\/2022\\\/07\\\/logo_v2.png\",\"contentUrl\":\"https:\\\/\\\/www.raxxa.com\\\/wp-content\\\/uploads\\\/2022\\\/07\\\/logo_v2.png\",\"width\":380,\"height\":382,\"caption\":\"raxxa\"},\"image\":{\"@id\":\"https:\\\/\\\/www.raxxa.com\\\/#\\\/schema\\\/logo\\\/image\\\/\"},\"sameAs\":[\"https:\\\/\\\/facebook.com\\\/raxxacom\"]}]}<\/script>\n<meta property=\"og:availability\" content=\"instock\" \/>\n<meta property=\"product:availability\" content=\"instock\" \/>\n<meta property=\"product:retailer_item_id\" content=\"1-14458-6-291\" \/>\n<meta property=\"product:condition\" content=\"new\" \/>\n<!-- \/ Yoast SEO Premium plugin. -->","yoast_head_json":{"title":"dEFFtig - Tasse - raxxa","robots":{"index":"index","follow":"follow","max-snippet":"max-snippet:-1","max-image-preview":"max-image-preview:large","max-video-preview":"max-video-preview:-1"},"canonical":"https:\/\/www.raxxa.com\/fr\/shop\/defftig-tasse\/","og_locale":"fr_FR","og_type":"article","og_title":"dEFFtig - Tasse","og_description":"Pro Tasse spendet dEFFtig 5 EUR an die Frankfurter Tafel e.V. &nbsp; Rock dein Getr\u00e4nk mit defftig \u2013 Die Tasse, die deinen Kaffee zum Konzert macht! Willkommen im Club der echten Rockfans! Mit der defftig Deutsch Rock Cover Band-Tasse wird deine Kaffeepause zu einem exklusiven Backstage-Event. Hier sind drei Gr\u00fcnde, warum du nicht nur einen [&hellip;]","og_url":"https:\/\/www.raxxa.com\/fr\/shop\/defftig-tasse\/","og_site_name":"raxxa","article_publisher":"https:\/\/facebook.com\/raxxacom","article_modified_time":"2024-07-23T13:55:35+00:00","og_image":[{"width":2048,"height":2048,"url":"https:\/\/www.raxxa.com\/wp-content\/uploads\/2023\/12\/12953_org.jpg","type":"image\/jpeg"}],"twitter_card":"summary_large_image","twitter_misc":{"Disponibilit\u00e9":"En stock"},"schema":{"@context":"https:\/\/schema.org","@graph":[{"@type":["WebPage","ItemPage"],"@id":"https:\/\/www.raxxa.com\/shop\/defftig-tasse\/","url":"https:\/\/www.raxxa.com\/shop\/defftig-tasse\/","name":"dEFFtig - Tasse - raxxa","isPartOf":{"@id":"https:\/\/www.raxxa.com\/#website"},"primaryImageOfPage":{"@id":"https:\/\/www.raxxa.com\/shop\/defftig-tasse\/#primaryimage"},"image":{"@id":"https:\/\/www.raxxa.com\/shop\/defftig-tasse\/#primaryimage"},"thumbnailUrl":"https:\/\/www.raxxa.com\/wp-content\/uploads\/2023\/12\/12953_org.jpg","datePublished":"2023-12-03T07:53:25+00:00","dateModified":"2024-07-23T13:55:35+00:00","breadcrumb":{"@id":"https:\/\/www.raxxa.com\/shop\/defftig-tasse\/#breadcrumb"},"inLanguage":"fr-FR","potentialAction":[{"@type":"ReadAction","target":["https:\/\/www.raxxa.com\/shop\/defftig-tasse\/"]}]},{"@type":"ImageObject","inLanguage":"fr-FR","@id":"https:\/\/www.raxxa.com\/shop\/defftig-tasse\/#primaryimage","url":"https:\/\/www.raxxa.com\/wp-content\/uploads\/2023\/12\/12953_org.jpg","contentUrl":"https:\/\/www.raxxa.com\/wp-content\/uploads\/2023\/12\/12953_org.jpg","width":2048,"height":2048},{"@type":"BreadcrumbList","@id":"https:\/\/www.raxxa.com\/shop\/defftig-tasse\/#breadcrumb","itemListElement":[{"@type":"ListItem","position":1,"name":"Startseite","item":"https:\/\/www.raxxa.com\/"},{"@type":"ListItem","position":2,"name":"Shop","item":"https:\/\/www.raxxa.com\/it\/shop\/"},{"@type":"ListItem","position":3,"name":"dEFFtig &#8211; Tasse"}]},{"@type":"WebSite","@id":"https:\/\/www.raxxa.com\/#website","url":"https:\/\/www.raxxa.com\/","name":"raxxa","description":"Des produits uniques et personnalis\u00e9s cr\u00e9\u00e9s par nos designers","publisher":{"@id":"https:\/\/www.raxxa.com\/#organization"},"potentialAction":[{"@type":"SearchAction","target":{"@type":"EntryPoint","urlTemplate":"https:\/\/www.raxxa.com\/?s={search_term_string}"},"query-input":{"@type":"PropertyValueSpecification","valueRequired":true,"valueName":"search_term_string"}}],"inLanguage":"fr-FR"},{"@type":"Organization","@id":"https:\/\/www.raxxa.com\/#organization","name":"raxxa","url":"https:\/\/www.raxxa.com\/","logo":{"@type":"ImageObject","inLanguage":"fr-FR","@id":"https:\/\/www.raxxa.com\/#\/schema\/logo\/image\/","url":"https:\/\/www.raxxa.com\/wp-content\/uploads\/2022\/07\/logo_v2.png","contentUrl":"https:\/\/www.raxxa.com\/wp-content\/uploads\/2022\/07\/logo_v2.png","width":380,"height":382,"caption":"raxxa"},"image":{"@id":"https:\/\/www.raxxa.com\/#\/schema\/logo\/image\/"},"sameAs":["https:\/\/facebook.com\/raxxacom"]}]},"og_availability":"instock","product_availability":"instock","product_retailer_item_id":"1-14458-6-291","product_condition":"new"},"jetpack_sharing_enabled":true,"_links":{"self":[{"href":"https:\/\/www.raxxa.com\/fr\/wp-json\/wp\/v2\/product\/180001","targetHints":{"allow":["GET"]}}],"collection":[{"href":"https:\/\/www.raxxa.com\/fr\/wp-json\/wp\/v2\/product"}],"about":[{"href":"https:\/\/www.raxxa.com\/fr\/wp-json\/wp\/v2\/types\/product"}],"replies":[{"embeddable":true,"href":"https:\/\/www.raxxa.com\/fr\/wp-json\/wp\/v2\/comments?post=180001"}],"wp:featuredmedia":[{"embeddable":true,"href":"https:\/\/www.raxxa.com\/fr\/wp-json\/wp\/v2\/media\/182525"}],"wp:attachment":[{"href":"https:\/\/www.raxxa.com\/fr\/wp-json\/wp\/v2\/media?parent=180001"}],"wp:term":[{"taxonomy":"product_brand","embeddable":true,"href":"https:\/\/www.raxxa.com\/fr\/wp-json\/wp\/v2\/product_brand?post=180001"},{"taxonomy":"product_cat","embeddable":true,"href":"https:\/\/www.raxxa.com\/fr\/wp-json\/wp\/v2\/product_cat?post=180001"},{"taxonomy":"product_tag","embeddable":true,"href":"https:\/\/www.raxxa.com\/fr\/wp-json\/wp\/v2\/product_tag?post=180001"}],"curies":[{"name":"wp","href":"https:\/\/api.w.org\/{rel}","templated":true}]}}