{"id":167520,"date":"2023-09-22T12:55:13","date_gmt":"2023-09-22T10:55:13","guid":{"rendered":"https:\/\/www.raxxa.com\/?post_type=product&#038;p=167520"},"modified":"2023-09-22T12:57:13","modified_gmt":"2023-09-22T10:57:13","slug":"poster-seeblick-in-norwegen","status":"publish","type":"product","link":"https:\/\/www.raxxa.com\/fr\/shop\/poster-seeblick-in-norwegen\/","title":{"rendered":"Poster : Vue sur la mer en Norv\u00e8ge"},"content":{"rendered":"<h3><strong>\"Vue sur la mer en Norv\u00e8ge\" by Ralf Lehmann<\/strong><\/h3>\n<p><strong><\/strong><\/p>\n<p>Vue sur un lac norv\u00e9gien entour\u00e9 de hautes montagnes en partie enneig\u00e9es, le soleil \u00e9claire de mani\u00e8re marquante une zone sur la rive, les montagnes, les nuages et le ciel se refl\u00e8tent dans l'eau claire du lac, \u00e0 l'arri\u00e8re-plan des nuages dans les couleurs du soir - Lieu : Norv\u00e8ge, Stryn, Vestland, Lovatnet<\/p>\n<p>&nbsp;<\/p>\n<ul><li>Poster de qualit\u00e9 mus\u00e9e sur papier d'archive mat durable (non couch\u00e9).<\/li><li>Poids du papier : 250 g \/ m\u00b2.<\/li><li>Envoi dans un emballage solide pour prot\u00e9ger le poster.<\/li><li>Ce produit est fabriqu\u00e9 sp\u00e9cialement pour toi, sur demande, dans la taille et le design souhait\u00e9s.<\/li><\/ul>","protected":false},"excerpt":{"rendered":"<p>&quot;Seeblick in Norwegen&quot; by Ralf Lehmann Blick \u00fcber einen von hohen teilweise schneebedeckten Bergen umgebenen See in Norwegen, die Sonne bescheint markant einen Bereich am Ufer, Berge, Wolken und Himmel spiegeln sich im klaren Seewasser, im Hintergrund Wolken in Abendfarben &#8211; Location: Norwegen, Stryn, Vestland, Lovatnet &nbsp;<\/p>","protected":false},"featured_media":167562,"comment_status":"open","ping_status":"closed","template":"","meta":[],"product_brand":[],"product_cat":[10351,10378],"product_tag":[],"class_list":{"0":"post-167520","1":"product","2":"type-product","3":"status-publish","4":"has-post-thumbnail","6":"product_cat-ralf-lehmann","7":"product_cat-poster","8":"product_shipping_class-versand-t-shirts1","10":"first","11":"instock","12":"taxable","13":"shipping-taxable","14":"purchasable","15":"product-type-variable"},"yoast_head":"<!-- This site is optimized with the Yoast SEO Premium plugin v27.5 (Yoast SEO v27.5) - https:\/\/yoast.com\/product\/yoast-seo-premium-wordpress\/ -->\n<title>Poster: Seeblick in Norwegen - raxxa<\/title>\n<meta name=\"robots\" content=\"index, follow, max-snippet:-1, max-image-preview:large, max-video-preview:-1\" \/>\n<link rel=\"canonical\" href=\"https:\/\/www.raxxa.com\/fr\/shop\/poster-seeblick-in-norwegen\/\" \/>\n<meta property=\"og:locale\" content=\"fr_FR\" \/>\n<meta property=\"og:type\" content=\"article\" \/>\n<meta property=\"og:title\" content=\"Poster: Seeblick in Norwegen\" \/>\n<meta property=\"og:description\" content=\"&quot;Seeblick in Norwegen&quot; by Ralf Lehmann Blick \u00fcber einen von hohen teilweise schneebedeckten Bergen umgebenen See in Norwegen, die Sonne bescheint markant einen Bereich am Ufer, Berge, Wolken und Himmel spiegeln sich im klaren Seewasser, im Hintergrund Wolken in Abendfarben &#8211; Location: Norwegen, Stryn, Vestland, Lovatnet &nbsp;\" \/>\n<meta property=\"og:url\" content=\"https:\/\/www.raxxa.com\/fr\/shop\/poster-seeblick-in-norwegen\/\" \/>\n<meta property=\"og:site_name\" content=\"raxxa\" \/>\n<meta property=\"article:publisher\" content=\"https:\/\/facebook.com\/raxxacom\" \/>\n<meta property=\"article:modified_time\" content=\"2023-09-22T10:57:13+00:00\" \/>\n<meta property=\"og:image\" content=\"https:\/\/www.raxxa.com\/wp-content\/uploads\/2023\/09\/raxxa-218-6864-84-1.png\" \/>\n\t<meta property=\"og:image:width\" content=\"800\" \/>\n\t<meta property=\"og:image:height\" content=\"800\" \/>\n\t<meta property=\"og:image:type\" content=\"image\/png\" \/>\n<meta name=\"twitter:card\" content=\"summary_large_image\" \/>\n<meta name=\"twitter:label1\" content=\"Disponibilit\u00e9\" \/>\n\t<meta name=\"twitter:data1\" content=\"En stock\" \/>\n<script type=\"application\/ld+json\" class=\"yoast-schema-graph\">{\"@context\":\"https:\\\/\\\/schema.org\",\"@graph\":[{\"@type\":[\"WebPage\",\"ItemPage\"],\"@id\":\"https:\\\/\\\/www.raxxa.com\\\/it\\\/shop\\\/poster-seeblick-in-norwegen\\\/\",\"url\":\"https:\\\/\\\/www.raxxa.com\\\/it\\\/shop\\\/poster-seeblick-in-norwegen\\\/\",\"name\":\"Poster: Seeblick in Norwegen - raxxa\",\"isPartOf\":{\"@id\":\"https:\\\/\\\/www.raxxa.com\\\/#website\"},\"primaryImageOfPage\":{\"@id\":\"https:\\\/\\\/www.raxxa.com\\\/it\\\/shop\\\/poster-seeblick-in-norwegen\\\/#primaryimage\"},\"image\":{\"@id\":\"https:\\\/\\\/www.raxxa.com\\\/it\\\/shop\\\/poster-seeblick-in-norwegen\\\/#primaryimage\"},\"thumbnailUrl\":\"https:\\\/\\\/www.raxxa.com\\\/wp-content\\\/uploads\\\/2023\\\/09\\\/raxxa-218-6864-84-1.png\",\"datePublished\":\"2023-09-22T10:55:13+00:00\",\"dateModified\":\"2023-09-22T10:57:13+00:00\",\"breadcrumb\":{\"@id\":\"https:\\\/\\\/www.raxxa.com\\\/it\\\/shop\\\/poster-seeblick-in-norwegen\\\/#breadcrumb\"},\"inLanguage\":\"fr-FR\",\"potentialAction\":[{\"@type\":\"ReadAction\",\"target\":[\"https:\\\/\\\/www.raxxa.com\\\/it\\\/shop\\\/poster-seeblick-in-norwegen\\\/\"]}]},{\"@type\":\"ImageObject\",\"inLanguage\":\"fr-FR\",\"@id\":\"https:\\\/\\\/www.raxxa.com\\\/it\\\/shop\\\/poster-seeblick-in-norwegen\\\/#primaryimage\",\"url\":\"https:\\\/\\\/www.raxxa.com\\\/wp-content\\\/uploads\\\/2023\\\/09\\\/raxxa-218-6864-84-1.png\",\"contentUrl\":\"https:\\\/\\\/www.raxxa.com\\\/wp-content\\\/uploads\\\/2023\\\/09\\\/raxxa-218-6864-84-1.png\",\"width\":800,\"height\":800},{\"@type\":\"BreadcrumbList\",\"@id\":\"https:\\\/\\\/www.raxxa.com\\\/it\\\/shop\\\/poster-seeblick-in-norwegen\\\/#breadcrumb\",\"itemListElement\":[{\"@type\":\"ListItem\",\"position\":1,\"name\":\"Startseite\",\"item\":\"https:\\\/\\\/www.raxxa.com\\\/\"},{\"@type\":\"ListItem\",\"position\":2,\"name\":\"Shop\",\"item\":\"https:\\\/\\\/www.raxxa.com\\\/it\\\/shop\\\/\"},{\"@type\":\"ListItem\",\"position\":3,\"name\":\"Poster: Seeblick in Norwegen\"}]},{\"@type\":\"WebSite\",\"@id\":\"https:\\\/\\\/www.raxxa.com\\\/#website\",\"url\":\"https:\\\/\\\/www.raxxa.com\\\/\",\"name\":\"raxxa\",\"description\":\"Einzigartige individuelle Produkte von unseren Designern\",\"publisher\":{\"@id\":\"https:\\\/\\\/www.raxxa.com\\\/#organization\"},\"potentialAction\":[{\"@type\":\"SearchAction\",\"target\":{\"@type\":\"EntryPoint\",\"urlTemplate\":\"https:\\\/\\\/www.raxxa.com\\\/?s={search_term_string}\"},\"query-input\":{\"@type\":\"PropertyValueSpecification\",\"valueRequired\":true,\"valueName\":\"search_term_string\"}}],\"inLanguage\":\"fr-FR\"},{\"@type\":\"Organization\",\"@id\":\"https:\\\/\\\/www.raxxa.com\\\/#organization\",\"name\":\"raxxa\",\"url\":\"https:\\\/\\\/www.raxxa.com\\\/\",\"logo\":{\"@type\":\"ImageObject\",\"inLanguage\":\"fr-FR\",\"@id\":\"https:\\\/\\\/www.raxxa.com\\\/#\\\/schema\\\/logo\\\/image\\\/\",\"url\":\"https:\\\/\\\/www.raxxa.com\\\/wp-content\\\/uploads\\\/2022\\\/07\\\/logo_v2.png\",\"contentUrl\":\"https:\\\/\\\/www.raxxa.com\\\/wp-content\\\/uploads\\\/2022\\\/07\\\/logo_v2.png\",\"width\":380,\"height\":382,\"caption\":\"raxxa\"},\"image\":{\"@id\":\"https:\\\/\\\/www.raxxa.com\\\/#\\\/schema\\\/logo\\\/image\\\/\"},\"sameAs\":[\"https:\\\/\\\/facebook.com\\\/raxxacom\"]}]}<\/script>\n<meta property=\"og:availability\" content=\"instock\" \/>\n<meta property=\"product:availability\" content=\"instock\" \/>\n<meta property=\"product:retailer_item_id\" content=\"1-84-6864-218\" \/>\n<meta property=\"product:condition\" content=\"new\" \/>\n<!-- \/ Yoast SEO Premium plugin. -->","yoast_head_json":{"title":"Poster: Seeblick in Norwegen - raxxa","robots":{"index":"index","follow":"follow","max-snippet":"max-snippet:-1","max-image-preview":"max-image-preview:large","max-video-preview":"max-video-preview:-1"},"canonical":"https:\/\/www.raxxa.com\/fr\/shop\/poster-seeblick-in-norwegen\/","og_locale":"fr_FR","og_type":"article","og_title":"Poster: Seeblick in Norwegen","og_description":"&quot;Seeblick in Norwegen&quot; by Ralf Lehmann Blick \u00fcber einen von hohen teilweise schneebedeckten Bergen umgebenen See in Norwegen, die Sonne bescheint markant einen Bereich am Ufer, Berge, Wolken und Himmel spiegeln sich im klaren Seewasser, im Hintergrund Wolken in Abendfarben &#8211; Location: Norwegen, Stryn, Vestland, Lovatnet &nbsp;","og_url":"https:\/\/www.raxxa.com\/fr\/shop\/poster-seeblick-in-norwegen\/","og_site_name":"raxxa","article_publisher":"https:\/\/facebook.com\/raxxacom","article_modified_time":"2023-09-22T10:57:13+00:00","og_image":[{"width":800,"height":800,"url":"https:\/\/www.raxxa.com\/wp-content\/uploads\/2023\/09\/raxxa-218-6864-84-1.png","type":"image\/png"}],"twitter_card":"summary_large_image","twitter_misc":{"Disponibilit\u00e9":"En stock"},"schema":{"@context":"https:\/\/schema.org","@graph":[{"@type":["WebPage","ItemPage"],"@id":"https:\/\/www.raxxa.com\/it\/shop\/poster-seeblick-in-norwegen\/","url":"https:\/\/www.raxxa.com\/it\/shop\/poster-seeblick-in-norwegen\/","name":"Poster: Seeblick in Norwegen - raxxa","isPartOf":{"@id":"https:\/\/www.raxxa.com\/#website"},"primaryImageOfPage":{"@id":"https:\/\/www.raxxa.com\/it\/shop\/poster-seeblick-in-norwegen\/#primaryimage"},"image":{"@id":"https:\/\/www.raxxa.com\/it\/shop\/poster-seeblick-in-norwegen\/#primaryimage"},"thumbnailUrl":"https:\/\/www.raxxa.com\/wp-content\/uploads\/2023\/09\/raxxa-218-6864-84-1.png","datePublished":"2023-09-22T10:55:13+00:00","dateModified":"2023-09-22T10:57:13+00:00","breadcrumb":{"@id":"https:\/\/www.raxxa.com\/it\/shop\/poster-seeblick-in-norwegen\/#breadcrumb"},"inLanguage":"fr-FR","potentialAction":[{"@type":"ReadAction","target":["https:\/\/www.raxxa.com\/it\/shop\/poster-seeblick-in-norwegen\/"]}]},{"@type":"ImageObject","inLanguage":"fr-FR","@id":"https:\/\/www.raxxa.com\/it\/shop\/poster-seeblick-in-norwegen\/#primaryimage","url":"https:\/\/www.raxxa.com\/wp-content\/uploads\/2023\/09\/raxxa-218-6864-84-1.png","contentUrl":"https:\/\/www.raxxa.com\/wp-content\/uploads\/2023\/09\/raxxa-218-6864-84-1.png","width":800,"height":800},{"@type":"BreadcrumbList","@id":"https:\/\/www.raxxa.com\/it\/shop\/poster-seeblick-in-norwegen\/#breadcrumb","itemListElement":[{"@type":"ListItem","position":1,"name":"Startseite","item":"https:\/\/www.raxxa.com\/"},{"@type":"ListItem","position":2,"name":"Shop","item":"https:\/\/www.raxxa.com\/it\/shop\/"},{"@type":"ListItem","position":3,"name":"Poster: Seeblick in Norwegen"}]},{"@type":"WebSite","@id":"https:\/\/www.raxxa.com\/#website","url":"https:\/\/www.raxxa.com\/","name":"raxxa","description":"Des produits uniques et personnalis\u00e9s cr\u00e9\u00e9s par nos designers","publisher":{"@id":"https:\/\/www.raxxa.com\/#organization"},"potentialAction":[{"@type":"SearchAction","target":{"@type":"EntryPoint","urlTemplate":"https:\/\/www.raxxa.com\/?s={search_term_string}"},"query-input":{"@type":"PropertyValueSpecification","valueRequired":true,"valueName":"search_term_string"}}],"inLanguage":"fr-FR"},{"@type":"Organization","@id":"https:\/\/www.raxxa.com\/#organization","name":"raxxa","url":"https:\/\/www.raxxa.com\/","logo":{"@type":"ImageObject","inLanguage":"fr-FR","@id":"https:\/\/www.raxxa.com\/#\/schema\/logo\/image\/","url":"https:\/\/www.raxxa.com\/wp-content\/uploads\/2022\/07\/logo_v2.png","contentUrl":"https:\/\/www.raxxa.com\/wp-content\/uploads\/2022\/07\/logo_v2.png","width":380,"height":382,"caption":"raxxa"},"image":{"@id":"https:\/\/www.raxxa.com\/#\/schema\/logo\/image\/"},"sameAs":["https:\/\/facebook.com\/raxxacom"]}]},"og_availability":"instock","product_availability":"instock","product_retailer_item_id":"1-84-6864-218","product_condition":"new"},"jetpack_sharing_enabled":true,"_links":{"self":[{"href":"https:\/\/www.raxxa.com\/fr\/wp-json\/wp\/v2\/product\/167520","targetHints":{"allow":["GET"]}}],"collection":[{"href":"https:\/\/www.raxxa.com\/fr\/wp-json\/wp\/v2\/product"}],"about":[{"href":"https:\/\/www.raxxa.com\/fr\/wp-json\/wp\/v2\/types\/product"}],"replies":[{"embeddable":true,"href":"https:\/\/www.raxxa.com\/fr\/wp-json\/wp\/v2\/comments?post=167520"}],"wp:featuredmedia":[{"embeddable":true,"href":"https:\/\/www.raxxa.com\/fr\/wp-json\/wp\/v2\/media\/167562"}],"wp:attachment":[{"href":"https:\/\/www.raxxa.com\/fr\/wp-json\/wp\/v2\/media?parent=167520"}],"wp:term":[{"taxonomy":"product_brand","embeddable":true,"href":"https:\/\/www.raxxa.com\/fr\/wp-json\/wp\/v2\/product_brand?post=167520"},{"taxonomy":"product_cat","embeddable":true,"href":"https:\/\/www.raxxa.com\/fr\/wp-json\/wp\/v2\/product_cat?post=167520"},{"taxonomy":"product_tag","embeddable":true,"href":"https:\/\/www.raxxa.com\/fr\/wp-json\/wp\/v2\/product_tag?post=167520"}],"curies":[{"name":"wp","href":"https:\/\/api.w.org\/{rel}","templated":true}]}}