{"id":165837,"date":"2023-09-14T19:02:09","date_gmt":"2023-09-14T17:02:09","guid":{"rendered":"https:\/\/www.raxxa.com\/?post_type=product&#038;p=165837"},"modified":"2023-10-15T21:45:16","modified_gmt":"2023-10-15T19:45:16","slug":"raxxa-premium-tischset-young-at-heart","status":"publish","type":"product","link":"https:\/\/www.raxxa.com\/fr\/shop\/raxxa-premium-tischset-young-at-heart\/","title":{"rendered":"raxxa Set de table premium : Young At Heart"},"content":{"rendered":"<h3><strong>\"Young At Heart\" par Andrea Haase<\/strong><\/h3>\n<p><strong><\/strong><\/p>\n<p>Cool jeans design fait de tissu denim v\u00e9ritable avec des \u00e9l\u00e9ments de texte grunge, intemporel moderne et fashion, mode d'\u00e9t\u00e9 parfaite pour tous ceux qui sont jeunes ou jeunes de c\u0153ur. Les jeans bleus ne passent jamais inaper\u00e7us<\/p>\n<p>&nbsp;<\/p>\nEmbellissez votre salle \u00e0 manger avec nos sets de table en vinyle color\u00e9s cr\u00e9\u00e9s par nos artistes ! Ces sets de table imprim\u00e9s sur une face sont fabriqu\u00e9s dans un mat\u00e9riau r\u00e9sistant et sont parfaits pour donner une touche de couleur \u00e0 votre table. Avec leurs dimensions de 40 x 30 cm, ils ont exactement la bonne taille pour chaque ustensile de table. Agr\u00e9mentez vos repas avec style et praticit\u00e9 !<br><br>Indications sur les mat\u00e9riaux :<br><ul><li>40 x 30 cm.<\/li><li>environ 1,6 mm d'\u00e9paisseur.<\/li><li>vinyle.<\/li><li>Nettoyage avec un chiffon humide, ne convient pas pour le lave-vaisselle.<\/li><li>Fabriqu\u00e9 en Allemagne.<\/li><\/ul>","protected":false},"excerpt":{"rendered":"<p>&quot;Young At Heart&quot; by Andrea Haase Cool jeans design made of real denim fabric with grunge text elements, timeless modern and fashionable, perfect summer fashion for all who are young or young at heart. Blue jeans never go out of style &nbsp;<\/p>","protected":false},"featured_media":171676,"comment_status":"open","ping_status":"closed","template":"","meta":[],"product_brand":[],"product_cat":[262,11051],"product_tag":[10512],"class_list":{"0":"post-165837","1":"product","2":"type-product","3":"status-publish","4":"has-post-thumbnail","6":"product_cat-andrea-haase","7":"product_cat-tischset","8":"product_tag-pattern-denim-blue-jeans-typography-text-quilt-fabric-washed-used-distressed-casual-fancy-modern-cool-young-fashion-kids-teen-sweet-sixteen","9":"product_shipping_class-versand-tischset","11":"first","12":"instock","13":"taxable","14":"shipping-taxable","15":"purchasable","16":"product-type-variable"},"yoast_head":"<!-- This site is optimized with the Yoast SEO Premium plugin v27.4 (Yoast SEO v27.4) - https:\/\/yoast.com\/product\/yoast-seo-premium-wordpress\/ -->\n<title>raxxa Premium-Tischset: Young At Heart - raxxa<\/title>\n<meta name=\"robots\" content=\"index, follow, max-snippet:-1, max-image-preview:large, max-video-preview:-1\" \/>\n<link rel=\"canonical\" href=\"https:\/\/www.raxxa.com\/fr\/shop\/raxxa-premium-tischset-young-at-heart\/\" \/>\n<meta property=\"og:locale\" content=\"fr_FR\" \/>\n<meta property=\"og:type\" content=\"article\" \/>\n<meta property=\"og:title\" content=\"raxxa Premium-Tischset: Young At Heart\" \/>\n<meta property=\"og:description\" content=\"&quot;Young At Heart&quot; by Andrea Haase Cool jeans design made of real denim fabric with grunge text elements, timeless modern and fashionable, perfect summer fashion for all who are young or young at heart. Blue jeans never go out of style &nbsp;\" \/>\n<meta property=\"og:url\" content=\"https:\/\/www.raxxa.com\/fr\/shop\/raxxa-premium-tischset-young-at-heart\/\" \/>\n<meta property=\"og:site_name\" content=\"raxxa\" \/>\n<meta property=\"article:publisher\" content=\"https:\/\/facebook.com\/raxxacom\" \/>\n<meta property=\"article:modified_time\" content=\"2023-10-15T19:45:16+00:00\" \/>\n<meta property=\"og:image\" content=\"https:\/\/www.raxxa.com\/wp-content\/uploads\/2023\/10\/15_3033_Young-At-Heart-Andrea-Haase_tischset3.png\" \/>\n\t<meta property=\"og:image:width\" content=\"800\" \/>\n\t<meta property=\"og:image:height\" content=\"800\" \/>\n\t<meta property=\"og:image:type\" content=\"image\/png\" \/>\n<meta name=\"twitter:card\" content=\"summary_large_image\" \/>\n<meta name=\"twitter:label1\" content=\"Disponibilit\u00e9\" \/>\n\t<meta name=\"twitter:data1\" content=\"En stock\" \/>\n<script type=\"application\/ld+json\" class=\"yoast-schema-graph\">{\"@context\":\"https:\\\/\\\/schema.org\",\"@graph\":[{\"@type\":[\"WebPage\",\"ItemPage\"],\"@id\":\"https:\\\/\\\/www.raxxa.com\\\/shop\\\/raxxa-premium-tischset-young-at-heart\\\/\",\"url\":\"https:\\\/\\\/www.raxxa.com\\\/shop\\\/raxxa-premium-tischset-young-at-heart\\\/\",\"name\":\"raxxa Premium-Tischset: Young At Heart - raxxa\",\"isPartOf\":{\"@id\":\"https:\\\/\\\/www.raxxa.com\\\/#website\"},\"primaryImageOfPage\":{\"@id\":\"https:\\\/\\\/www.raxxa.com\\\/shop\\\/raxxa-premium-tischset-young-at-heart\\\/#primaryimage\"},\"image\":{\"@id\":\"https:\\\/\\\/www.raxxa.com\\\/shop\\\/raxxa-premium-tischset-young-at-heart\\\/#primaryimage\"},\"thumbnailUrl\":\"https:\\\/\\\/www.raxxa.com\\\/wp-content\\\/uploads\\\/2023\\\/10\\\/15_3033_Young-At-Heart-Andrea-Haase_tischset3.png\",\"datePublished\":\"2023-09-14T17:02:09+00:00\",\"dateModified\":\"2023-10-15T19:45:16+00:00\",\"breadcrumb\":{\"@id\":\"https:\\\/\\\/www.raxxa.com\\\/shop\\\/raxxa-premium-tischset-young-at-heart\\\/#breadcrumb\"},\"inLanguage\":\"fr-FR\",\"potentialAction\":[{\"@type\":\"ReadAction\",\"target\":[\"https:\\\/\\\/www.raxxa.com\\\/shop\\\/raxxa-premium-tischset-young-at-heart\\\/\"]}]},{\"@type\":\"ImageObject\",\"inLanguage\":\"fr-FR\",\"@id\":\"https:\\\/\\\/www.raxxa.com\\\/shop\\\/raxxa-premium-tischset-young-at-heart\\\/#primaryimage\",\"url\":\"https:\\\/\\\/www.raxxa.com\\\/wp-content\\\/uploads\\\/2023\\\/10\\\/15_3033_Young-At-Heart-Andrea-Haase_tischset3.png\",\"contentUrl\":\"https:\\\/\\\/www.raxxa.com\\\/wp-content\\\/uploads\\\/2023\\\/10\\\/15_3033_Young-At-Heart-Andrea-Haase_tischset3.png\",\"width\":800,\"height\":800},{\"@type\":\"BreadcrumbList\",\"@id\":\"https:\\\/\\\/www.raxxa.com\\\/shop\\\/raxxa-premium-tischset-young-at-heart\\\/#breadcrumb\",\"itemListElement\":[{\"@type\":\"ListItem\",\"position\":1,\"name\":\"Startseite\",\"item\":\"https:\\\/\\\/www.raxxa.com\\\/\"},{\"@type\":\"ListItem\",\"position\":2,\"name\":\"Shop\",\"item\":\"https:\\\/\\\/www.raxxa.com\\\/it\\\/shop\\\/\"},{\"@type\":\"ListItem\",\"position\":3,\"name\":\"raxxa Premium-Tischset: Young At Heart\"}]},{\"@type\":\"WebSite\",\"@id\":\"https:\\\/\\\/www.raxxa.com\\\/#website\",\"url\":\"https:\\\/\\\/www.raxxa.com\\\/\",\"name\":\"raxxa\",\"description\":\"Einzigartige individuelle Produkte von unseren Designern\",\"publisher\":{\"@id\":\"https:\\\/\\\/www.raxxa.com\\\/#organization\"},\"potentialAction\":[{\"@type\":\"SearchAction\",\"target\":{\"@type\":\"EntryPoint\",\"urlTemplate\":\"https:\\\/\\\/www.raxxa.com\\\/?s={search_term_string}\"},\"query-input\":{\"@type\":\"PropertyValueSpecification\",\"valueRequired\":true,\"valueName\":\"search_term_string\"}}],\"inLanguage\":\"fr-FR\"},{\"@type\":\"Organization\",\"@id\":\"https:\\\/\\\/www.raxxa.com\\\/#organization\",\"name\":\"raxxa\",\"url\":\"https:\\\/\\\/www.raxxa.com\\\/\",\"logo\":{\"@type\":\"ImageObject\",\"inLanguage\":\"fr-FR\",\"@id\":\"https:\\\/\\\/www.raxxa.com\\\/#\\\/schema\\\/logo\\\/image\\\/\",\"url\":\"https:\\\/\\\/www.raxxa.com\\\/wp-content\\\/uploads\\\/2022\\\/07\\\/logo_v2.png\",\"contentUrl\":\"https:\\\/\\\/www.raxxa.com\\\/wp-content\\\/uploads\\\/2022\\\/07\\\/logo_v2.png\",\"width\":380,\"height\":382,\"caption\":\"raxxa\"},\"image\":{\"@id\":\"https:\\\/\\\/www.raxxa.com\\\/#\\\/schema\\\/logo\\\/image\\\/\"},\"sameAs\":[\"https:\\\/\\\/facebook.com\\\/raxxacom\"]}]}<\/script>\n<meta property=\"og:availability\" content=\"instock\" \/>\n<meta property=\"product:availability\" content=\"instock\" \/>\n<meta property=\"product:retailer_item_id\" content=\"1-6-3033-15\" \/>\n<meta property=\"product:condition\" content=\"new\" \/>\n<!-- \/ Yoast SEO Premium plugin. -->","yoast_head_json":{"title":"raxxa Premium-Tischset: Young At Heart - raxxa","robots":{"index":"index","follow":"follow","max-snippet":"max-snippet:-1","max-image-preview":"max-image-preview:large","max-video-preview":"max-video-preview:-1"},"canonical":"https:\/\/www.raxxa.com\/fr\/shop\/raxxa-premium-tischset-young-at-heart\/","og_locale":"fr_FR","og_type":"article","og_title":"raxxa Premium-Tischset: Young At Heart","og_description":"&quot;Young At Heart&quot; by Andrea Haase Cool jeans design made of real denim fabric with grunge text elements, timeless modern and fashionable, perfect summer fashion for all who are young or young at heart. Blue jeans never go out of style &nbsp;","og_url":"https:\/\/www.raxxa.com\/fr\/shop\/raxxa-premium-tischset-young-at-heart\/","og_site_name":"raxxa","article_publisher":"https:\/\/facebook.com\/raxxacom","article_modified_time":"2023-10-15T19:45:16+00:00","og_image":[{"width":800,"height":800,"url":"https:\/\/www.raxxa.com\/wp-content\/uploads\/2023\/10\/15_3033_Young-At-Heart-Andrea-Haase_tischset3.png","type":"image\/png"}],"twitter_card":"summary_large_image","twitter_misc":{"Disponibilit\u00e9":"En stock"},"schema":{"@context":"https:\/\/schema.org","@graph":[{"@type":["WebPage","ItemPage"],"@id":"https:\/\/www.raxxa.com\/shop\/raxxa-premium-tischset-young-at-heart\/","url":"https:\/\/www.raxxa.com\/shop\/raxxa-premium-tischset-young-at-heart\/","name":"raxxa Premium-Tischset: Young At Heart - raxxa","isPartOf":{"@id":"https:\/\/www.raxxa.com\/#website"},"primaryImageOfPage":{"@id":"https:\/\/www.raxxa.com\/shop\/raxxa-premium-tischset-young-at-heart\/#primaryimage"},"image":{"@id":"https:\/\/www.raxxa.com\/shop\/raxxa-premium-tischset-young-at-heart\/#primaryimage"},"thumbnailUrl":"https:\/\/www.raxxa.com\/wp-content\/uploads\/2023\/10\/15_3033_Young-At-Heart-Andrea-Haase_tischset3.png","datePublished":"2023-09-14T17:02:09+00:00","dateModified":"2023-10-15T19:45:16+00:00","breadcrumb":{"@id":"https:\/\/www.raxxa.com\/shop\/raxxa-premium-tischset-young-at-heart\/#breadcrumb"},"inLanguage":"fr-FR","potentialAction":[{"@type":"ReadAction","target":["https:\/\/www.raxxa.com\/shop\/raxxa-premium-tischset-young-at-heart\/"]}]},{"@type":"ImageObject","inLanguage":"fr-FR","@id":"https:\/\/www.raxxa.com\/shop\/raxxa-premium-tischset-young-at-heart\/#primaryimage","url":"https:\/\/www.raxxa.com\/wp-content\/uploads\/2023\/10\/15_3033_Young-At-Heart-Andrea-Haase_tischset3.png","contentUrl":"https:\/\/www.raxxa.com\/wp-content\/uploads\/2023\/10\/15_3033_Young-At-Heart-Andrea-Haase_tischset3.png","width":800,"height":800},{"@type":"BreadcrumbList","@id":"https:\/\/www.raxxa.com\/shop\/raxxa-premium-tischset-young-at-heart\/#breadcrumb","itemListElement":[{"@type":"ListItem","position":1,"name":"Startseite","item":"https:\/\/www.raxxa.com\/"},{"@type":"ListItem","position":2,"name":"Shop","item":"https:\/\/www.raxxa.com\/it\/shop\/"},{"@type":"ListItem","position":3,"name":"raxxa Premium-Tischset: Young At Heart"}]},{"@type":"WebSite","@id":"https:\/\/www.raxxa.com\/#website","url":"https:\/\/www.raxxa.com\/","name":"raxxa","description":"Des produits uniques et personnalis\u00e9s cr\u00e9\u00e9s par nos designers","publisher":{"@id":"https:\/\/www.raxxa.com\/#organization"},"potentialAction":[{"@type":"SearchAction","target":{"@type":"EntryPoint","urlTemplate":"https:\/\/www.raxxa.com\/?s={search_term_string}"},"query-input":{"@type":"PropertyValueSpecification","valueRequired":true,"valueName":"search_term_string"}}],"inLanguage":"fr-FR"},{"@type":"Organization","@id":"https:\/\/www.raxxa.com\/#organization","name":"raxxa","url":"https:\/\/www.raxxa.com\/","logo":{"@type":"ImageObject","inLanguage":"fr-FR","@id":"https:\/\/www.raxxa.com\/#\/schema\/logo\/image\/","url":"https:\/\/www.raxxa.com\/wp-content\/uploads\/2022\/07\/logo_v2.png","contentUrl":"https:\/\/www.raxxa.com\/wp-content\/uploads\/2022\/07\/logo_v2.png","width":380,"height":382,"caption":"raxxa"},"image":{"@id":"https:\/\/www.raxxa.com\/#\/schema\/logo\/image\/"},"sameAs":["https:\/\/facebook.com\/raxxacom"]}]},"og_availability":"instock","product_availability":"instock","product_retailer_item_id":"1-6-3033-15","product_condition":"new"},"jetpack_sharing_enabled":true,"_links":{"self":[{"href":"https:\/\/www.raxxa.com\/fr\/wp-json\/wp\/v2\/product\/165837","targetHints":{"allow":["GET"]}}],"collection":[{"href":"https:\/\/www.raxxa.com\/fr\/wp-json\/wp\/v2\/product"}],"about":[{"href":"https:\/\/www.raxxa.com\/fr\/wp-json\/wp\/v2\/types\/product"}],"replies":[{"embeddable":true,"href":"https:\/\/www.raxxa.com\/fr\/wp-json\/wp\/v2\/comments?post=165837"}],"wp:featuredmedia":[{"embeddable":true,"href":"https:\/\/www.raxxa.com\/fr\/wp-json\/wp\/v2\/media\/171676"}],"wp:attachment":[{"href":"https:\/\/www.raxxa.com\/fr\/wp-json\/wp\/v2\/media?parent=165837"}],"wp:term":[{"taxonomy":"product_brand","embeddable":true,"href":"https:\/\/www.raxxa.com\/fr\/wp-json\/wp\/v2\/product_brand?post=165837"},{"taxonomy":"product_cat","embeddable":true,"href":"https:\/\/www.raxxa.com\/fr\/wp-json\/wp\/v2\/product_cat?post=165837"},{"taxonomy":"product_tag","embeddable":true,"href":"https:\/\/www.raxxa.com\/fr\/wp-json\/wp\/v2\/product_tag?post=165837"}],"curies":[{"name":"wp","href":"https:\/\/api.w.org\/{rel}","templated":true}]}}