{"id":152019,"date":"2022-11-20T01:19:50","date_gmt":"2022-11-19T23:19:50","guid":{"rendered":"https:\/\/www.raxxa.com\/shop\/fleissiges-bienchen\/"},"modified":"2022-11-20T01:20:44","modified_gmt":"2022-11-19T23:20:44","slug":"fleissiges-bienchen","status":"publish","type":"product","link":"https:\/\/www.raxxa.com\/fr\/shop\/fleissiges-bienchen\/","title":{"rendered":"Petite abeille travailleuse"},"content":{"rendered":"<p style=\"margin-right: 0px;margin-bottom: 1em;margin-left: 0px;line-height: 1.4285em;, sans-serif\"><span style=\"font-weight: bolder\">\"Petite abeille laborieuse\" by Isabell Nehls<\/span><\/p>\n<p style=\"margin-right: 0px;margin-bottom: 1em;margin-left: 0px;line-height: 1.4285em;, sans-serif\"><span><\/span><\/p>\n<p style=\"margin-right: 0px;margin-bottom: 1em;margin-left: 0px;line-height: 1.4285em;, sans-serif\"><span><\/span><\/p>\n<p style=\"margin-right: 0px;margin-bottom: 1em;margin-left: 0px;line-height: 1.4285em;, sans-serif\">Poster de qualit\u00e9 mus\u00e9e sur papier d'archive mat durable (non couch\u00e9).<\/p>\n<p style=\"margin-right: 0px;margin-bottom: 1em;margin-left: 0px;line-height: 1.4285em;, sans-serif\">- Poids du papier : 250 g \/ m\u00b2<\/p>\n<p style=\"margin-right: 0px;margin-bottom: 1em;margin-left: 0px;line-height: 1.4285em;, sans-serif\">- Envoi dans un emballage solide pour prot\u00e9ger le poster<\/p>\n<p>bee bee animalsworld animals nectar flower gelb honigbiene honig honey honeybee flying tierwelt kleintiere insekten insects watching beenwiese natur nature au\u00dfenaufnahme #beautiful #beautyofnature<\/p>","protected":false},"excerpt":{"rendered":"<p>&#8222;Flei\u00dfiges Bienchen&#8220; by Isabell Nehls Poster in Museumsqualit\u00e4t auf langlebigem mattem (unbeschichtetem) Archivpapier. &#8211; Papiergewicht: 250 g \/ m\u00b2 &#8211; Versand in einer stabilen Verpackung zum Schutz des Posters bee biene animalsworld animals nectar flower gelb honigbiene honig honey honeybee flying tierwelt tiere kleinetiere insekten insects watching bienenwiese natur nature au\u00dfenaufnahme #beautiful #beautyofnature<\/p>","protected":false},"featured_media":151994,"comment_status":"open","ping_status":"closed","template":"","meta":[],"product_brand":[],"product_cat":[10376,133],"product_tag":[7793,7370,9719,7546,9775,7663],"class_list":{"0":"post-152019","1":"product","2":"type-product","3":"status-publish","4":"has-post-thumbnail","6":"product_cat-isabell-nehls","7":"product_cat-tiere","8":"product_tag-biene","9":"product_tag-gelb","10":"product_tag-insekten","11":"product_tag-natur","12":"product_tag-nature","13":"product_tag-tiere","15":"first","16":"instock","17":"taxable","18":"shipping-taxable","19":"purchasable","20":"product-type-variable"},"yoast_head":"<!-- This site is optimized with the Yoast SEO Premium plugin v27.5 (Yoast SEO v27.5) - https:\/\/yoast.com\/product\/yoast-seo-premium-wordpress\/ -->\n<title>Flei\u00dfiges Bienchen - raxxa<\/title>\n<meta name=\"robots\" content=\"index, follow, max-snippet:-1, max-image-preview:large, max-video-preview:-1\" \/>\n<link rel=\"canonical\" href=\"https:\/\/www.raxxa.com\/fr\/shop\/fleissiges-bienchen\/\" \/>\n<meta property=\"og:locale\" content=\"fr_FR\" \/>\n<meta property=\"og:type\" content=\"article\" \/>\n<meta property=\"og:title\" content=\"Flei\u00dfiges Bienchen\" \/>\n<meta property=\"og:description\" content=\"&#8222;Flei\u00dfiges Bienchen&#8220; by Isabell Nehls Poster in Museumsqualit\u00e4t auf langlebigem mattem (unbeschichtetem) Archivpapier. &#8211; Papiergewicht: 250 g \/ m\u00b2 &#8211; Versand in einer stabilen Verpackung zum Schutz des Posters bee biene animalsworld animals nectar flower gelb honigbiene honig honey honeybee flying tierwelt tiere kleinetiere insekten insects watching bienenwiese natur nature au\u00dfenaufnahme #beautiful #beautyofnature\" \/>\n<meta property=\"og:url\" content=\"https:\/\/www.raxxa.com\/fr\/shop\/fleissiges-bienchen\/\" \/>\n<meta property=\"og:site_name\" content=\"raxxa\" \/>\n<meta property=\"article:publisher\" content=\"https:\/\/facebook.com\/raxxacom\" \/>\n<meta property=\"article:modified_time\" content=\"2022-11-19T23:20:44+00:00\" \/>\n<meta property=\"og:image\" content=\"https:\/\/www.raxxa.com\/wp-content\/uploads\/2022\/11\/235-3644-Fleissiges-Bienchen-Isabell-Nehls.png\" \/>\n\t<meta property=\"og:image:width\" content=\"800\" \/>\n\t<meta property=\"og:image:height\" content=\"800\" \/>\n\t<meta property=\"og:image:type\" content=\"image\/png\" \/>\n<meta name=\"twitter:card\" content=\"summary_large_image\" \/>\n<meta name=\"twitter:label1\" content=\"Disponibilit\u00e9\" \/>\n\t<meta name=\"twitter:data1\" content=\"En stock\" \/>\n<script type=\"application\/ld+json\" class=\"yoast-schema-graph\">{\"@context\":\"https:\\\/\\\/schema.org\",\"@graph\":[{\"@type\":[\"WebPage\",\"ItemPage\"],\"@id\":\"https:\\\/\\\/www.raxxa.com\\\/shop\\\/fleissiges-bienchen\\\/\",\"url\":\"https:\\\/\\\/www.raxxa.com\\\/shop\\\/fleissiges-bienchen\\\/\",\"name\":\"Flei\u00dfiges Bienchen - raxxa\",\"isPartOf\":{\"@id\":\"https:\\\/\\\/www.raxxa.com\\\/#website\"},\"primaryImageOfPage\":{\"@id\":\"https:\\\/\\\/www.raxxa.com\\\/shop\\\/fleissiges-bienchen\\\/#primaryimage\"},\"image\":{\"@id\":\"https:\\\/\\\/www.raxxa.com\\\/shop\\\/fleissiges-bienchen\\\/#primaryimage\"},\"thumbnailUrl\":\"https:\\\/\\\/www.raxxa.com\\\/wp-content\\\/uploads\\\/2022\\\/11\\\/235-3644-Fleissiges-Bienchen-Isabell-Nehls.png\",\"datePublished\":\"2022-11-19T23:19:50+00:00\",\"dateModified\":\"2022-11-19T23:20:44+00:00\",\"breadcrumb\":{\"@id\":\"https:\\\/\\\/www.raxxa.com\\\/shop\\\/fleissiges-bienchen\\\/#breadcrumb\"},\"inLanguage\":\"fr-FR\",\"potentialAction\":[{\"@type\":\"ReadAction\",\"target\":[\"https:\\\/\\\/www.raxxa.com\\\/shop\\\/fleissiges-bienchen\\\/\"]}]},{\"@type\":\"ImageObject\",\"inLanguage\":\"fr-FR\",\"@id\":\"https:\\\/\\\/www.raxxa.com\\\/shop\\\/fleissiges-bienchen\\\/#primaryimage\",\"url\":\"https:\\\/\\\/www.raxxa.com\\\/wp-content\\\/uploads\\\/2022\\\/11\\\/235-3644-Fleissiges-Bienchen-Isabell-Nehls.png\",\"contentUrl\":\"https:\\\/\\\/www.raxxa.com\\\/wp-content\\\/uploads\\\/2022\\\/11\\\/235-3644-Fleissiges-Bienchen-Isabell-Nehls.png\",\"width\":800,\"height\":800},{\"@type\":\"BreadcrumbList\",\"@id\":\"https:\\\/\\\/www.raxxa.com\\\/shop\\\/fleissiges-bienchen\\\/#breadcrumb\",\"itemListElement\":[{\"@type\":\"ListItem\",\"position\":1,\"name\":\"Startseite\",\"item\":\"https:\\\/\\\/www.raxxa.com\\\/\"},{\"@type\":\"ListItem\",\"position\":2,\"name\":\"Shop\",\"item\":\"https:\\\/\\\/www.raxxa.com\\\/it\\\/shop\\\/\"},{\"@type\":\"ListItem\",\"position\":3,\"name\":\"Flei\u00dfiges Bienchen\"}]},{\"@type\":\"WebSite\",\"@id\":\"https:\\\/\\\/www.raxxa.com\\\/#website\",\"url\":\"https:\\\/\\\/www.raxxa.com\\\/\",\"name\":\"raxxa\",\"description\":\"Einzigartige individuelle Produkte von unseren Designern\",\"publisher\":{\"@id\":\"https:\\\/\\\/www.raxxa.com\\\/#organization\"},\"potentialAction\":[{\"@type\":\"SearchAction\",\"target\":{\"@type\":\"EntryPoint\",\"urlTemplate\":\"https:\\\/\\\/www.raxxa.com\\\/?s={search_term_string}\"},\"query-input\":{\"@type\":\"PropertyValueSpecification\",\"valueRequired\":true,\"valueName\":\"search_term_string\"}}],\"inLanguage\":\"fr-FR\"},{\"@type\":\"Organization\",\"@id\":\"https:\\\/\\\/www.raxxa.com\\\/#organization\",\"name\":\"raxxa\",\"url\":\"https:\\\/\\\/www.raxxa.com\\\/\",\"logo\":{\"@type\":\"ImageObject\",\"inLanguage\":\"fr-FR\",\"@id\":\"https:\\\/\\\/www.raxxa.com\\\/#\\\/schema\\\/logo\\\/image\\\/\",\"url\":\"https:\\\/\\\/www.raxxa.com\\\/wp-content\\\/uploads\\\/2022\\\/07\\\/logo_v2.png\",\"contentUrl\":\"https:\\\/\\\/www.raxxa.com\\\/wp-content\\\/uploads\\\/2022\\\/07\\\/logo_v2.png\",\"width\":380,\"height\":382,\"caption\":\"raxxa\"},\"image\":{\"@id\":\"https:\\\/\\\/www.raxxa.com\\\/#\\\/schema\\\/logo\\\/image\\\/\"},\"sameAs\":[\"https:\\\/\\\/facebook.com\\\/raxxacom\"]}]}<\/script>\n<meta property=\"og:availability\" content=\"instock\" \/>\n<meta property=\"product:availability\" content=\"instock\" \/>\n<meta property=\"product:condition\" content=\"new\" \/>\n<!-- \/ Yoast SEO Premium plugin. -->","yoast_head_json":{"title":"Petite abeille travailleuse - raxxa","robots":{"index":"index","follow":"follow","max-snippet":"max-snippet:-1","max-image-preview":"max-image-preview:large","max-video-preview":"max-video-preview:-1"},"canonical":"https:\/\/www.raxxa.com\/fr\/shop\/fleissiges-bienchen\/","og_locale":"fr_FR","og_type":"article","og_title":"Flei\u00dfiges Bienchen","og_description":"&#8222;Flei\u00dfiges Bienchen&#8220; by Isabell Nehls Poster in Museumsqualit\u00e4t auf langlebigem mattem (unbeschichtetem) Archivpapier. &#8211; Papiergewicht: 250 g \/ m\u00b2 &#8211; Versand in einer stabilen Verpackung zum Schutz des Posters bee biene animalsworld animals nectar flower gelb honigbiene honig honey honeybee flying tierwelt tiere kleinetiere insekten insects watching bienenwiese natur nature au\u00dfenaufnahme #beautiful #beautyofnature","og_url":"https:\/\/www.raxxa.com\/fr\/shop\/fleissiges-bienchen\/","og_site_name":"raxxa","article_publisher":"https:\/\/facebook.com\/raxxacom","article_modified_time":"2022-11-19T23:20:44+00:00","og_image":[{"width":800,"height":800,"url":"https:\/\/www.raxxa.com\/wp-content\/uploads\/2022\/11\/235-3644-Fleissiges-Bienchen-Isabell-Nehls.png","type":"image\/png"}],"twitter_card":"summary_large_image","twitter_misc":{"Disponibilit\u00e9":"En stock"},"schema":{"@context":"https:\/\/schema.org","@graph":[{"@type":["WebPage","ItemPage"],"@id":"https:\/\/www.raxxa.com\/shop\/fleissiges-bienchen\/","url":"https:\/\/www.raxxa.com\/shop\/fleissiges-bienchen\/","name":"Petite abeille travailleuse - raxxa","isPartOf":{"@id":"https:\/\/www.raxxa.com\/#website"},"primaryImageOfPage":{"@id":"https:\/\/www.raxxa.com\/shop\/fleissiges-bienchen\/#primaryimage"},"image":{"@id":"https:\/\/www.raxxa.com\/shop\/fleissiges-bienchen\/#primaryimage"},"thumbnailUrl":"https:\/\/www.raxxa.com\/wp-content\/uploads\/2022\/11\/235-3644-Fleissiges-Bienchen-Isabell-Nehls.png","datePublished":"2022-11-19T23:19:50+00:00","dateModified":"2022-11-19T23:20:44+00:00","breadcrumb":{"@id":"https:\/\/www.raxxa.com\/shop\/fleissiges-bienchen\/#breadcrumb"},"inLanguage":"fr-FR","potentialAction":[{"@type":"ReadAction","target":["https:\/\/www.raxxa.com\/shop\/fleissiges-bienchen\/"]}]},{"@type":"ImageObject","inLanguage":"fr-FR","@id":"https:\/\/www.raxxa.com\/shop\/fleissiges-bienchen\/#primaryimage","url":"https:\/\/www.raxxa.com\/wp-content\/uploads\/2022\/11\/235-3644-Fleissiges-Bienchen-Isabell-Nehls.png","contentUrl":"https:\/\/www.raxxa.com\/wp-content\/uploads\/2022\/11\/235-3644-Fleissiges-Bienchen-Isabell-Nehls.png","width":800,"height":800},{"@type":"BreadcrumbList","@id":"https:\/\/www.raxxa.com\/shop\/fleissiges-bienchen\/#breadcrumb","itemListElement":[{"@type":"ListItem","position":1,"name":"Startseite","item":"https:\/\/www.raxxa.com\/"},{"@type":"ListItem","position":2,"name":"Shop","item":"https:\/\/www.raxxa.com\/it\/shop\/"},{"@type":"ListItem","position":3,"name":"Flei\u00dfiges Bienchen"}]},{"@type":"WebSite","@id":"https:\/\/www.raxxa.com\/#website","url":"https:\/\/www.raxxa.com\/","name":"raxxa","description":"Des produits uniques et personnalis\u00e9s cr\u00e9\u00e9s par nos designers","publisher":{"@id":"https:\/\/www.raxxa.com\/#organization"},"potentialAction":[{"@type":"SearchAction","target":{"@type":"EntryPoint","urlTemplate":"https:\/\/www.raxxa.com\/?s={search_term_string}"},"query-input":{"@type":"PropertyValueSpecification","valueRequired":true,"valueName":"search_term_string"}}],"inLanguage":"fr-FR"},{"@type":"Organization","@id":"https:\/\/www.raxxa.com\/#organization","name":"raxxa","url":"https:\/\/www.raxxa.com\/","logo":{"@type":"ImageObject","inLanguage":"fr-FR","@id":"https:\/\/www.raxxa.com\/#\/schema\/logo\/image\/","url":"https:\/\/www.raxxa.com\/wp-content\/uploads\/2022\/07\/logo_v2.png","contentUrl":"https:\/\/www.raxxa.com\/wp-content\/uploads\/2022\/07\/logo_v2.png","width":380,"height":382,"caption":"raxxa"},"image":{"@id":"https:\/\/www.raxxa.com\/#\/schema\/logo\/image\/"},"sameAs":["https:\/\/facebook.com\/raxxacom"]}]},"og_availability":"instock","product_availability":"instock","product_condition":"new"},"jetpack_sharing_enabled":true,"_links":{"self":[{"href":"https:\/\/www.raxxa.com\/fr\/wp-json\/wp\/v2\/product\/152019","targetHints":{"allow":["GET"]}}],"collection":[{"href":"https:\/\/www.raxxa.com\/fr\/wp-json\/wp\/v2\/product"}],"about":[{"href":"https:\/\/www.raxxa.com\/fr\/wp-json\/wp\/v2\/types\/product"}],"replies":[{"embeddable":true,"href":"https:\/\/www.raxxa.com\/fr\/wp-json\/wp\/v2\/comments?post=152019"}],"wp:featuredmedia":[{"embeddable":true,"href":"https:\/\/www.raxxa.com\/fr\/wp-json\/wp\/v2\/media\/151994"}],"wp:attachment":[{"href":"https:\/\/www.raxxa.com\/fr\/wp-json\/wp\/v2\/media?parent=152019"}],"wp:term":[{"taxonomy":"product_brand","embeddable":true,"href":"https:\/\/www.raxxa.com\/fr\/wp-json\/wp\/v2\/product_brand?post=152019"},{"taxonomy":"product_cat","embeddable":true,"href":"https:\/\/www.raxxa.com\/fr\/wp-json\/wp\/v2\/product_cat?post=152019"},{"taxonomy":"product_tag","embeddable":true,"href":"https:\/\/www.raxxa.com\/fr\/wp-json\/wp\/v2\/product_tag?post=152019"}],"curies":[{"name":"wp","href":"https:\/\/api.w.org\/{rel}","templated":true}]}}