{"id":150170,"date":"2022-07-11T17:49:45","date_gmt":"2022-07-11T15:49:45","guid":{"rendered":"https:\/\/www.raxxa.com\/?post_type=product&#038;p=150170"},"modified":"2022-07-11T19:03:29","modified_gmt":"2022-07-11T17:03:29","slug":"badeshort-aloha","status":"publish","type":"product","link":"https:\/\/www.raxxa.com\/fr\/shop\/badeshort-aloha\/","title":{"rendered":"Short de bain : Aloha"},"content":{"rendered":"<div>\n  <span style='font-weight: bolder; font-size: 1rem;'>raxxa Short de bain Aloha<\/span><br \/>\n\n<\/div>\n<div>\n  <span style='font-weight: bolder;'>con\u00e7u par Andrea Haase<\/span>\n<\/div>\n<div>\n  <span style='font-size: 1rem;'><br \/><\/span><br \/>\n  <span style='font-size: 1rem;'>Chaque fois que vous achetez un produit raxxa, vous soutenez directement un artiste.<\/span>\n<\/div>\n<div>\n  <span style='font-weight: bolder;'><br \/><\/span><br \/>\n  \n<\/div>\n<div>\n<span style='font-size: 1rem;'><br \/>\nAvec le cool short de bain raxxa, tu donnes un nouveau flair \u00e0 ton maillot de bain. Le short mi-long en stretch 4 directions s\u00e8che en un clin d'\u0153il gr\u00e2ce au tissu \u00e0 s\u00e9chage rapide. La doublure int\u00e9rieure soyeuse et respirante avec protection contre les frottements assure un confort maximal et une irritation minimale de la peau lors des longues journ\u00e9es \u00e0 la plage. Facteur de protection UV 50+, poches lat\u00e9rales, petite poche int\u00e9rieure pour les objets de valeur, ceinture \u00e9lastique avec cordon de serrage \u00e0 l'int\u00e9rieur. Tissu stretch microfibre quadri-directionnel hydrofuge.<br \/>\n<\/span>\n<\/div>\n<div>\n  <span style='font-size: 1rem;'><br \/><\/span><br \/>\n  <span style='font-size: 1rem;'>Indications sur les mat\u00e9riaux :<\/span>\n<\/div>\n<p><\/p>\n<div>\n<span style='font-size: 1rem;'><\/p>\n<ul style='list-style-position: inside'>\n<li>Composition du tissu : 91 % polyester recycl\u00e9, 9 % \u00e9lasthanne<\/li>\n<li>Poids du tissu : 174 g\/m<\/li>\n<li>Composition de la doublure : 92 % polyester, 8 % \u00e9lasthanne<\/li>\n<li>Poids de la doublure : 150 g\/m<\/li>\n<li>Tissu stretch microfibre quadri-directionnel hydrofuge<\/li>\n<li>ceinture \u00e9lastique avec cordon de serrage<\/li>\n<li>Doublure int\u00e9rieure en filet avec protection contre les frottements<\/li>\n<li>Poches en filet<\/li>\n<li>Petites poches int\u00e9rieures pour les objets de valeur<\/li>\n<li>Facteur de protection UV 50<\/li>\n<\/ul>\n<p><\/span>\n<\/div>\n<div>\n  <span style='font-size: 1rem;'><br \/><\/span><br \/>\n  <span style='font-size: 1rem;'>Indication des tailles en cm :<\/span>\n<\/div>\n<p><\/p>\n<table  cellspacing='5' cellpadding='5'>\n<tbody>\n<tr>\n<td><b>Taille<\/b><\/td>\n<td><b>Taille<\/b><\/td>\n<td><b>Hanche<\/b><\/td>\n<\/tr>\n<tr>\n<td><b>2XS<\/b><\/td>\n<td><b>72<\/b><\/td>\n<td><b>90<\/b><\/td>\n<\/tr>\n<tr>\n<td><b>XS<\/b><\/td>\n<td><b>76<\/b><\/td>\n<td><b>94<\/b><\/td>\n<\/tr>\n<tr>\n<td><b>S<\/b><\/td>\n<td><b>80<\/b><\/td>\n<td><b>98<\/b><\/td>\n<\/tr>\n<tr>\n<td><b>M<\/b><\/td>\n<td><b>84<\/b><\/td>\n<td><b>102<\/b><\/td>\n<\/tr>\n<tr>\n<td><b>L<\/b><\/td>\n<td><b>92<\/b><\/td>\n<td><b>110<\/b><\/td>\n<\/tr>\n<tr>\n<td><b>XL<\/b><\/td>\n<td><b>100<\/b><\/td>\n<td><b>118<\/b><\/td>\n<\/tr>\n<tr>\n<td><b>2XL<\/b><\/td>\n<td><b>108<\/b><\/td>\n<td><b>126<\/b><\/td>\n<\/tr>\n<tr>\n<td><b>3XL<\/b><\/td>\n<td><b>116<\/b><\/td>\n<td><b>134<\/b><\/td>\n<\/tr>\n<tr>\n<td><b>4XL<\/b><\/td>\n<td><b>124<\/b><\/td>\n<td><b>142<\/b><\/td>\n<\/tr>\n<tr>\n<td><b>5XL<\/b><\/td>\n<td><b>132<\/b><\/td>\n<td><b>150<\/b><\/td>\n<\/tr>\n<tr>\n<td><b>6XL<\/b><\/td>\n<td><b>140<\/b><\/td>\n<td><b>158<\/b><\/td>\n<\/tr>\n<\/tbody>\n<\/table>\n<p><\/p>\n<div>\n<span style='font-size: 1rem;'>Ce produit est fabriqu\u00e9 sp\u00e9cialement pour toi, sur demande, dans le design et la taille souhait\u00e9s.&nbsp;<\/span>\n<\/div>","protected":false},"excerpt":{"rendered":"<p>raxxa Badeshort Aloha desiged by Andrea Haase Mit jedem Kauf eines raxxa Produkts wird direkt ein K\u00fcnstler unterst\u00fctzt. Mit den coolen raxxa-Badeshorts verleihst Du deiner Bademode einen neuen Flair. Die 4-Wege-Strech mittellange Hose trocknet dank des schnell trocknenden Stoffs im Handumdrehen. Das seidige atmungsaktives Innenfutter mit Scheuerschutz sorgt f\u00fcr maximalen Komfort und minimale Hautreizung an [&hellip;]<\/p>\n","protected":false},"featured_media":150189,"comment_status":"open","ping_status":"closed","template":"","meta":[],"product_brand":[],"product_cat":[10352,10318,10315],"product_tag":[],"class_list":{"0":"post-150170","1":"product","2":"type-product","3":"status-publish","4":"has-post-thumbnail","6":"product_cat-bademode","7":"product_cat-herren","8":"product_cat-mode-accessoires","9":"product_shipping_class-versand-t-shirts1","11":"first","12":"instock","13":"taxable","14":"shipping-taxable","15":"purchasable","16":"product-type-variable"},"yoast_head":"<!-- This site is optimized with the Yoast SEO Premium plugin v27.4 (Yoast SEO v27.4) - https:\/\/yoast.com\/product\/yoast-seo-premium-wordpress\/ -->\n<title>Badeshort: Aloha - raxxa<\/title>\n<meta name=\"robots\" content=\"index, follow, max-snippet:-1, max-image-preview:large, max-video-preview:-1\" \/>\n<link rel=\"canonical\" href=\"https:\/\/www.raxxa.com\/fr\/shop\/badeshort-aloha\/\" \/>\n<meta property=\"og:locale\" content=\"fr_FR\" \/>\n<meta property=\"og:type\" content=\"article\" \/>\n<meta property=\"og:title\" content=\"Badeshort: Aloha\" \/>\n<meta property=\"og:description\" content=\"raxxa Badeshort Aloha desiged by Andrea Haase Mit jedem Kauf eines raxxa Produkts wird direkt ein K\u00fcnstler unterst\u00fctzt. Mit den coolen raxxa-Badeshorts verleihst Du deiner Bademode einen neuen Flair. Die 4-Wege-Strech mittellange Hose trocknet dank des schnell trocknenden Stoffs im Handumdrehen. Das seidige atmungsaktives Innenfutter mit Scheuerschutz sorgt f\u00fcr maximalen Komfort und minimale Hautreizung an [&hellip;]\" \/>\n<meta property=\"og:url\" content=\"https:\/\/www.raxxa.com\/fr\/shop\/badeshort-aloha\/\" \/>\n<meta property=\"og:site_name\" content=\"raxxa\" \/>\n<meta property=\"article:publisher\" content=\"https:\/\/facebook.com\/raxxacom\" \/>\n<meta property=\"article:modified_time\" content=\"2022-07-11T17:03:29+00:00\" \/>\n<meta property=\"og:image\" content=\"https:\/\/www.raxxa.com\/wp-content\/uploads\/2022\/07\/raxxa-badehose-swim-trunks-Andrea-Haase-Aloha-beach-543x1024.png\" \/>\n\t<meta property=\"og:image:width\" content=\"543\" \/>\n\t<meta property=\"og:image:height\" content=\"1024\" \/>\n\t<meta property=\"og:image:type\" content=\"image\/png\" \/>\n<meta name=\"twitter:card\" content=\"summary_large_image\" \/>\n<meta name=\"twitter:label1\" content=\"Disponibilit\u00e9\" \/>\n\t<meta name=\"twitter:data1\" content=\"En stock\" \/>\n<script type=\"application\/ld+json\" class=\"yoast-schema-graph\">{\"@context\":\"https:\\\/\\\/schema.org\",\"@graph\":[{\"@type\":[\"WebPage\",\"ItemPage\"],\"@id\":\"https:\\\/\\\/www.raxxa.com\\\/it\\\/shop\\\/badeshort-aloha\\\/\",\"url\":\"https:\\\/\\\/www.raxxa.com\\\/it\\\/shop\\\/badeshort-aloha\\\/\",\"name\":\"Badeshort: Aloha - raxxa\",\"isPartOf\":{\"@id\":\"https:\\\/\\\/www.raxxa.com\\\/#website\"},\"primaryImageOfPage\":{\"@id\":\"https:\\\/\\\/www.raxxa.com\\\/it\\\/shop\\\/badeshort-aloha\\\/#primaryimage\"},\"image\":{\"@id\":\"https:\\\/\\\/www.raxxa.com\\\/it\\\/shop\\\/badeshort-aloha\\\/#primaryimage\"},\"thumbnailUrl\":\"https:\\\/\\\/www.raxxa.com\\\/wp-content\\\/uploads\\\/2022\\\/07\\\/raxxa-badehose-swim-trunks-Andrea-Haase-Aloha-beach.png\",\"datePublished\":\"2022-07-11T15:49:45+00:00\",\"dateModified\":\"2022-07-11T17:03:29+00:00\",\"breadcrumb\":{\"@id\":\"https:\\\/\\\/www.raxxa.com\\\/it\\\/shop\\\/badeshort-aloha\\\/#breadcrumb\"},\"inLanguage\":\"fr-FR\",\"potentialAction\":[{\"@type\":\"ReadAction\",\"target\":[\"https:\\\/\\\/www.raxxa.com\\\/it\\\/shop\\\/badeshort-aloha\\\/\"]}]},{\"@type\":\"ImageObject\",\"inLanguage\":\"fr-FR\",\"@id\":\"https:\\\/\\\/www.raxxa.com\\\/it\\\/shop\\\/badeshort-aloha\\\/#primaryimage\",\"url\":\"https:\\\/\\\/www.raxxa.com\\\/wp-content\\\/uploads\\\/2022\\\/07\\\/raxxa-badehose-swim-trunks-Andrea-Haase-Aloha-beach.png\",\"contentUrl\":\"https:\\\/\\\/www.raxxa.com\\\/wp-content\\\/uploads\\\/2022\\\/07\\\/raxxa-badehose-swim-trunks-Andrea-Haase-Aloha-beach.png\",\"width\":1440,\"height\":2718},{\"@type\":\"BreadcrumbList\",\"@id\":\"https:\\\/\\\/www.raxxa.com\\\/it\\\/shop\\\/badeshort-aloha\\\/#breadcrumb\",\"itemListElement\":[{\"@type\":\"ListItem\",\"position\":1,\"name\":\"Startseite\",\"item\":\"https:\\\/\\\/www.raxxa.com\\\/\"},{\"@type\":\"ListItem\",\"position\":2,\"name\":\"Shop\",\"item\":\"https:\\\/\\\/www.raxxa.com\\\/it\\\/shop\\\/\"},{\"@type\":\"ListItem\",\"position\":3,\"name\":\"Badeshort: Aloha\"}]},{\"@type\":\"WebSite\",\"@id\":\"https:\\\/\\\/www.raxxa.com\\\/#website\",\"url\":\"https:\\\/\\\/www.raxxa.com\\\/\",\"name\":\"raxxa\",\"description\":\"Einzigartige individuelle Produkte von unseren Designern\",\"publisher\":{\"@id\":\"https:\\\/\\\/www.raxxa.com\\\/#organization\"},\"potentialAction\":[{\"@type\":\"SearchAction\",\"target\":{\"@type\":\"EntryPoint\",\"urlTemplate\":\"https:\\\/\\\/www.raxxa.com\\\/?s={search_term_string}\"},\"query-input\":{\"@type\":\"PropertyValueSpecification\",\"valueRequired\":true,\"valueName\":\"search_term_string\"}}],\"inLanguage\":\"fr-FR\"},{\"@type\":\"Organization\",\"@id\":\"https:\\\/\\\/www.raxxa.com\\\/#organization\",\"name\":\"raxxa\",\"url\":\"https:\\\/\\\/www.raxxa.com\\\/\",\"logo\":{\"@type\":\"ImageObject\",\"inLanguage\":\"fr-FR\",\"@id\":\"https:\\\/\\\/www.raxxa.com\\\/#\\\/schema\\\/logo\\\/image\\\/\",\"url\":\"https:\\\/\\\/www.raxxa.com\\\/wp-content\\\/uploads\\\/2022\\\/07\\\/logo_v2.png\",\"contentUrl\":\"https:\\\/\\\/www.raxxa.com\\\/wp-content\\\/uploads\\\/2022\\\/07\\\/logo_v2.png\",\"width\":380,\"height\":382,\"caption\":\"raxxa\"},\"image\":{\"@id\":\"https:\\\/\\\/www.raxxa.com\\\/#\\\/schema\\\/logo\\\/image\\\/\"},\"sameAs\":[\"https:\\\/\\\/facebook.com\\\/raxxacom\"]}]}<\/script>\n<meta property=\"og:availability\" content=\"instock\" \/>\n<meta property=\"product:availability\" content=\"instock\" \/>\n<meta property=\"product:retailer_item_id\" content=\"1-124-192-15\" \/>\n<meta property=\"product:condition\" content=\"new\" \/>\n<!-- \/ Yoast SEO Premium plugin. -->","yoast_head_json":{"title":"Badeshort: Aloha - raxxa","robots":{"index":"index","follow":"follow","max-snippet":"max-snippet:-1","max-image-preview":"max-image-preview:large","max-video-preview":"max-video-preview:-1"},"canonical":"https:\/\/www.raxxa.com\/fr\/shop\/badeshort-aloha\/","og_locale":"fr_FR","og_type":"article","og_title":"Badeshort: Aloha","og_description":"raxxa Badeshort Aloha desiged by Andrea Haase Mit jedem Kauf eines raxxa Produkts wird direkt ein K\u00fcnstler unterst\u00fctzt. Mit den coolen raxxa-Badeshorts verleihst Du deiner Bademode einen neuen Flair. Die 4-Wege-Strech mittellange Hose trocknet dank des schnell trocknenden Stoffs im Handumdrehen. Das seidige atmungsaktives Innenfutter mit Scheuerschutz sorgt f\u00fcr maximalen Komfort und minimale Hautreizung an [&hellip;]","og_url":"https:\/\/www.raxxa.com\/fr\/shop\/badeshort-aloha\/","og_site_name":"raxxa","article_publisher":"https:\/\/facebook.com\/raxxacom","article_modified_time":"2022-07-11T17:03:29+00:00","og_image":[{"width":543,"height":1024,"url":"https:\/\/www.raxxa.com\/wp-content\/uploads\/2022\/07\/raxxa-badehose-swim-trunks-Andrea-Haase-Aloha-beach-543x1024.png","type":"image\/png"}],"twitter_card":"summary_large_image","twitter_misc":{"Disponibilit\u00e9":"En stock"},"schema":{"@context":"https:\/\/schema.org","@graph":[{"@type":["WebPage","ItemPage"],"@id":"https:\/\/www.raxxa.com\/it\/shop\/badeshort-aloha\/","url":"https:\/\/www.raxxa.com\/it\/shop\/badeshort-aloha\/","name":"Badeshort: Aloha - raxxa","isPartOf":{"@id":"https:\/\/www.raxxa.com\/#website"},"primaryImageOfPage":{"@id":"https:\/\/www.raxxa.com\/it\/shop\/badeshort-aloha\/#primaryimage"},"image":{"@id":"https:\/\/www.raxxa.com\/it\/shop\/badeshort-aloha\/#primaryimage"},"thumbnailUrl":"https:\/\/www.raxxa.com\/wp-content\/uploads\/2022\/07\/raxxa-badehose-swim-trunks-Andrea-Haase-Aloha-beach.png","datePublished":"2022-07-11T15:49:45+00:00","dateModified":"2022-07-11T17:03:29+00:00","breadcrumb":{"@id":"https:\/\/www.raxxa.com\/it\/shop\/badeshort-aloha\/#breadcrumb"},"inLanguage":"fr-FR","potentialAction":[{"@type":"ReadAction","target":["https:\/\/www.raxxa.com\/it\/shop\/badeshort-aloha\/"]}]},{"@type":"ImageObject","inLanguage":"fr-FR","@id":"https:\/\/www.raxxa.com\/it\/shop\/badeshort-aloha\/#primaryimage","url":"https:\/\/www.raxxa.com\/wp-content\/uploads\/2022\/07\/raxxa-badehose-swim-trunks-Andrea-Haase-Aloha-beach.png","contentUrl":"https:\/\/www.raxxa.com\/wp-content\/uploads\/2022\/07\/raxxa-badehose-swim-trunks-Andrea-Haase-Aloha-beach.png","width":1440,"height":2718},{"@type":"BreadcrumbList","@id":"https:\/\/www.raxxa.com\/it\/shop\/badeshort-aloha\/#breadcrumb","itemListElement":[{"@type":"ListItem","position":1,"name":"Startseite","item":"https:\/\/www.raxxa.com\/"},{"@type":"ListItem","position":2,"name":"Shop","item":"https:\/\/www.raxxa.com\/it\/shop\/"},{"@type":"ListItem","position":3,"name":"Badeshort: Aloha"}]},{"@type":"WebSite","@id":"https:\/\/www.raxxa.com\/#website","url":"https:\/\/www.raxxa.com\/","name":"raxxa","description":"Des produits uniques et personnalis\u00e9s cr\u00e9\u00e9s par nos designers","publisher":{"@id":"https:\/\/www.raxxa.com\/#organization"},"potentialAction":[{"@type":"SearchAction","target":{"@type":"EntryPoint","urlTemplate":"https:\/\/www.raxxa.com\/?s={search_term_string}"},"query-input":{"@type":"PropertyValueSpecification","valueRequired":true,"valueName":"search_term_string"}}],"inLanguage":"fr-FR"},{"@type":"Organization","@id":"https:\/\/www.raxxa.com\/#organization","name":"raxxa","url":"https:\/\/www.raxxa.com\/","logo":{"@type":"ImageObject","inLanguage":"fr-FR","@id":"https:\/\/www.raxxa.com\/#\/schema\/logo\/image\/","url":"https:\/\/www.raxxa.com\/wp-content\/uploads\/2022\/07\/logo_v2.png","contentUrl":"https:\/\/www.raxxa.com\/wp-content\/uploads\/2022\/07\/logo_v2.png","width":380,"height":382,"caption":"raxxa"},"image":{"@id":"https:\/\/www.raxxa.com\/#\/schema\/logo\/image\/"},"sameAs":["https:\/\/facebook.com\/raxxacom"]}]},"og_availability":"instock","product_availability":"instock","product_retailer_item_id":"1-124-192-15","product_condition":"new"},"jetpack_sharing_enabled":true,"_links":{"self":[{"href":"https:\/\/www.raxxa.com\/fr\/wp-json\/wp\/v2\/product\/150170","targetHints":{"allow":["GET"]}}],"collection":[{"href":"https:\/\/www.raxxa.com\/fr\/wp-json\/wp\/v2\/product"}],"about":[{"href":"https:\/\/www.raxxa.com\/fr\/wp-json\/wp\/v2\/types\/product"}],"replies":[{"embeddable":true,"href":"https:\/\/www.raxxa.com\/fr\/wp-json\/wp\/v2\/comments?post=150170"}],"wp:featuredmedia":[{"embeddable":true,"href":"https:\/\/www.raxxa.com\/fr\/wp-json\/wp\/v2\/media\/150189"}],"wp:attachment":[{"href":"https:\/\/www.raxxa.com\/fr\/wp-json\/wp\/v2\/media?parent=150170"}],"wp:term":[{"taxonomy":"product_brand","embeddable":true,"href":"https:\/\/www.raxxa.com\/fr\/wp-json\/wp\/v2\/product_brand?post=150170"},{"taxonomy":"product_cat","embeddable":true,"href":"https:\/\/www.raxxa.com\/fr\/wp-json\/wp\/v2\/product_cat?post=150170"},{"taxonomy":"product_tag","embeddable":true,"href":"https:\/\/www.raxxa.com\/fr\/wp-json\/wp\/v2\/product_tag?post=150170"}],"curies":[{"name":"wp","href":"https:\/\/api.w.org\/{rel}","templated":true}]}}