{"id":150003,"date":"2022-07-07T01:36:38","date_gmt":"2022-07-06T23:36:38","guid":{"rendered":"https:\/\/www.raxxa.com\/shop\/panorama-mit-wasserfall-felsen-und-weiter-landschaft\/"},"modified":"2022-07-07T01:36:42","modified_gmt":"2022-07-06T23:36:42","slug":"panorama-mit-wasserfall-felsen-und-weiter-landschaft","status":"publish","type":"product","link":"https:\/\/www.raxxa.com\/fr\/shop\/panorama-mit-wasserfall-felsen-und-weiter-landschaft\/","title":{"rendered":"Panorama avec cascade, rochers et vaste paysage"},"content":{"rendered":"<p style=\"margin-right: 0px;margin-bottom: 1em;margin-left: 0px;line-height: 1.4285em;, sans-serif\"><span style=\"font-weight: bolder\">\"Panorama avec cascade, rochers et vaste paysage\" by Ralf Lehmann<\/span><\/p>\n<p style=\"margin-right: 0px;margin-bottom: 1em;margin-left: 0px;line-height: 1.4285em;, sans-serif\"><span><\/span><\/p>\n<p style=\"margin-right: 0px;margin-bottom: 1em;margin-left: 0px;line-height: 1.4285em;, sans-serif\"><span>Vue panoramique sur un vaste paysage, au premier plan une chute d'eau avec des rapides dans d'\u00e9normes rochers de basalte, au-dessus un ciel contrast\u00e9 - Lieu : Islande, Aldeyjarfoss<\/span><\/p>\n<p style=\"margin-right: 0px;margin-bottom: 1em;margin-left: 0px;line-height: 1.4285em;, sans-serif\">Poster de qualit\u00e9 mus\u00e9e sur papier d'archive mat durable (non couch\u00e9).<\/p>\n<p style=\"margin-right: 0px;margin-bottom: 1em;margin-left: 0px;line-height: 1.4285em;, sans-serif\">- Poids du papier : 250 g \/ m\u00b2<\/p>\n<p style=\"margin-right: 0px;margin-bottom: 1em;margin-left: 0px;line-height: 1.4285em;, sans-serif\">- Envoi dans un emballage solide pour prot\u00e9ger le poster<\/p>\n<p>cascade paysage rivi\u00e8re eau en fusion panorama bleu vert brun mouvement d'eau exposition longue dur\u00e9e grand angle naturel sauvage nature montagnes roches basaltiques paysage volcanique nuageux perspective grondement exp\u00e9rience de la nature d\u00e9sert vall\u00e9e roches \u00e9rosion vaste cascade rapides eau sauvage<\/p>","protected":false},"excerpt":{"rendered":"<p>&#8222;Panorama mit Wasserfall, Felsen und weiter Landschaft&#8220; by Ralf Lehmann Panoramablick \u00fcber eine weite Landschaft, im Vordergrund ein Wasserfall mit Stromschnellen in gewaltigen Basaltfelsen, dar\u00fcber ein kontrastreicher Himmel &#8211; Location: Island, Aldeyjarfoss Poster in Museumsqualit\u00e4t auf langlebigem mattem (unbeschichtetem) Archivpapier. &#8211; Papiergewicht: 250 g \/ m\u00b2 &#8211; Versand in einer stabilen Verpackung zum Schutz des [&hellip;]<\/p>\n","protected":false},"featured_media":149993,"comment_status":"open","ping_status":"closed","template":"","meta":[],"product_brand":[],"product_cat":[10351,136],"product_tag":[7395,7477,7529,7936,7375,7785,9768,7546,7424,7917,7731,8082,7597,8106],"class_list":{"0":"post-150003","1":"product","2":"type-product","3":"status-publish","4":"has-post-thumbnail","6":"product_cat-ralf-lehmann","7":"product_cat-natur","8":"product_tag-blau","9":"product_tag-braun","10":"product_tag-erosion","11":"product_tag-fluss","12":"product_tag-gruen","13":"product_tag-landschaft","14":"product_tag-langzeitbelichtung","15":"product_tag-natur","16":"product_tag-natuerlich","17":"product_tag-panorama","18":"product_tag-perspektive","19":"product_tag-wasserfall","20":"product_tag-wild","21":"product_tag-wolken","23":"first","24":"instock","25":"taxable","26":"shipping-taxable","27":"purchasable","28":"product-type-variable"},"yoast_head":"<!-- This site is optimized with the Yoast SEO Premium plugin v27.5 (Yoast SEO v27.6) - https:\/\/yoast.com\/product\/yoast-seo-premium-wordpress\/ -->\n<title>Panorama mit Wasserfall, Felsen und weiter Landschaft - raxxa<\/title>\n<meta name=\"robots\" content=\"index, follow, max-snippet:-1, max-image-preview:large, max-video-preview:-1\" \/>\n<link rel=\"canonical\" href=\"https:\/\/www.raxxa.com\/fr\/shop\/panorama-mit-wasserfall-felsen-und-weiter-landschaft\/\" \/>\n<meta property=\"og:locale\" content=\"fr_FR\" \/>\n<meta property=\"og:type\" content=\"article\" \/>\n<meta property=\"og:title\" content=\"Panorama mit Wasserfall, Felsen und weiter Landschaft\" \/>\n<meta property=\"og:description\" content=\"&#8222;Panorama mit Wasserfall, Felsen und weiter Landschaft&#8220; by Ralf Lehmann Panoramablick \u00fcber eine weite Landschaft, im Vordergrund ein Wasserfall mit Stromschnellen in gewaltigen Basaltfelsen, dar\u00fcber ein kontrastreicher Himmel &#8211; Location: Island, Aldeyjarfoss Poster in Museumsqualit\u00e4t auf langlebigem mattem (unbeschichtetem) Archivpapier. &#8211; Papiergewicht: 250 g \/ m\u00b2 &#8211; Versand in einer stabilen Verpackung zum Schutz des [&hellip;]\" \/>\n<meta property=\"og:url\" content=\"https:\/\/www.raxxa.com\/fr\/shop\/panorama-mit-wasserfall-felsen-und-weiter-landschaft\/\" \/>\n<meta property=\"og:site_name\" content=\"raxxa\" \/>\n<meta property=\"article:publisher\" content=\"https:\/\/facebook.com\/raxxacom\" \/>\n<meta property=\"article:modified_time\" content=\"2022-07-06T23:36:42+00:00\" \/>\n<meta property=\"og:image\" content=\"https:\/\/www.raxxa.com\/wp-content\/uploads\/2022\/07\/218-3236-Panorama-mit-Wasserfall-Felsen-und-weiter-Landschaft-Ralf-Lehmann.png\" \/>\n\t<meta property=\"og:image:width\" content=\"800\" \/>\n\t<meta property=\"og:image:height\" content=\"800\" \/>\n\t<meta property=\"og:image:type\" content=\"image\/png\" \/>\n<meta name=\"twitter:card\" content=\"summary_large_image\" \/>\n<meta name=\"twitter:label1\" content=\"Disponibilit\u00e9\" \/>\n\t<meta name=\"twitter:data1\" content=\"En stock\" \/>\n<script type=\"application\/ld+json\" class=\"yoast-schema-graph\">{\"@context\":\"https:\\\/\\\/schema.org\",\"@graph\":[{\"@type\":[\"WebPage\",\"ItemPage\"],\"@id\":\"https:\\\/\\\/www.raxxa.com\\\/shop\\\/panorama-mit-wasserfall-felsen-und-weiter-landschaft\\\/\",\"url\":\"https:\\\/\\\/www.raxxa.com\\\/shop\\\/panorama-mit-wasserfall-felsen-und-weiter-landschaft\\\/\",\"name\":\"Panorama mit Wasserfall, Felsen und weiter Landschaft - raxxa\",\"isPartOf\":{\"@id\":\"https:\\\/\\\/www.raxxa.com\\\/#website\"},\"primaryImageOfPage\":{\"@id\":\"https:\\\/\\\/www.raxxa.com\\\/shop\\\/panorama-mit-wasserfall-felsen-und-weiter-landschaft\\\/#primaryimage\"},\"image\":{\"@id\":\"https:\\\/\\\/www.raxxa.com\\\/shop\\\/panorama-mit-wasserfall-felsen-und-weiter-landschaft\\\/#primaryimage\"},\"thumbnailUrl\":\"https:\\\/\\\/www.raxxa.com\\\/wp-content\\\/uploads\\\/2022\\\/07\\\/218-3236-Panorama-mit-Wasserfall-Felsen-und-weiter-Landschaft-Ralf-Lehmann.png\",\"datePublished\":\"2022-07-06T23:36:38+00:00\",\"dateModified\":\"2022-07-06T23:36:42+00:00\",\"breadcrumb\":{\"@id\":\"https:\\\/\\\/www.raxxa.com\\\/shop\\\/panorama-mit-wasserfall-felsen-und-weiter-landschaft\\\/#breadcrumb\"},\"inLanguage\":\"fr-FR\",\"potentialAction\":[{\"@type\":\"ReadAction\",\"target\":[\"https:\\\/\\\/www.raxxa.com\\\/shop\\\/panorama-mit-wasserfall-felsen-und-weiter-landschaft\\\/\"]}]},{\"@type\":\"ImageObject\",\"inLanguage\":\"fr-FR\",\"@id\":\"https:\\\/\\\/www.raxxa.com\\\/shop\\\/panorama-mit-wasserfall-felsen-und-weiter-landschaft\\\/#primaryimage\",\"url\":\"https:\\\/\\\/www.raxxa.com\\\/wp-content\\\/uploads\\\/2022\\\/07\\\/218-3236-Panorama-mit-Wasserfall-Felsen-und-weiter-Landschaft-Ralf-Lehmann.png\",\"contentUrl\":\"https:\\\/\\\/www.raxxa.com\\\/wp-content\\\/uploads\\\/2022\\\/07\\\/218-3236-Panorama-mit-Wasserfall-Felsen-und-weiter-Landschaft-Ralf-Lehmann.png\",\"width\":800,\"height\":800},{\"@type\":\"BreadcrumbList\",\"@id\":\"https:\\\/\\\/www.raxxa.com\\\/shop\\\/panorama-mit-wasserfall-felsen-und-weiter-landschaft\\\/#breadcrumb\",\"itemListElement\":[{\"@type\":\"ListItem\",\"position\":1,\"name\":\"Startseite\",\"item\":\"https:\\\/\\\/www.raxxa.com\\\/\"},{\"@type\":\"ListItem\",\"position\":2,\"name\":\"Shop\",\"item\":\"https:\\\/\\\/www.raxxa.com\\\/it\\\/shop\\\/\"},{\"@type\":\"ListItem\",\"position\":3,\"name\":\"Panorama mit Wasserfall, Felsen und weiter Landschaft\"}]},{\"@type\":\"WebSite\",\"@id\":\"https:\\\/\\\/www.raxxa.com\\\/#website\",\"url\":\"https:\\\/\\\/www.raxxa.com\\\/\",\"name\":\"raxxa\",\"description\":\"Einzigartige individuelle Produkte von unseren Designern\",\"publisher\":{\"@id\":\"https:\\\/\\\/www.raxxa.com\\\/#organization\"},\"potentialAction\":[{\"@type\":\"SearchAction\",\"target\":{\"@type\":\"EntryPoint\",\"urlTemplate\":\"https:\\\/\\\/www.raxxa.com\\\/?s={search_term_string}\"},\"query-input\":{\"@type\":\"PropertyValueSpecification\",\"valueRequired\":true,\"valueName\":\"search_term_string\"}}],\"inLanguage\":\"fr-FR\"},{\"@type\":\"Organization\",\"@id\":\"https:\\\/\\\/www.raxxa.com\\\/#organization\",\"name\":\"raxxa\",\"url\":\"https:\\\/\\\/www.raxxa.com\\\/\",\"logo\":{\"@type\":\"ImageObject\",\"inLanguage\":\"fr-FR\",\"@id\":\"https:\\\/\\\/www.raxxa.com\\\/#\\\/schema\\\/logo\\\/image\\\/\",\"url\":\"https:\\\/\\\/www.raxxa.com\\\/wp-content\\\/uploads\\\/2022\\\/07\\\/logo_v2.png\",\"contentUrl\":\"https:\\\/\\\/www.raxxa.com\\\/wp-content\\\/uploads\\\/2022\\\/07\\\/logo_v2.png\",\"width\":380,\"height\":382,\"caption\":\"raxxa\"},\"image\":{\"@id\":\"https:\\\/\\\/www.raxxa.com\\\/#\\\/schema\\\/logo\\\/image\\\/\"},\"sameAs\":[\"https:\\\/\\\/facebook.com\\\/raxxacom\"]}]}<\/script>\n<meta property=\"og:availability\" content=\"instock\" \/>\n<meta property=\"product:availability\" content=\"instock\" \/>\n<meta property=\"product:condition\" content=\"new\" \/>\n<!-- \/ Yoast SEO Premium plugin. -->","yoast_head_json":{"title":"Panorama avec cascade, rochers et vaste paysage - raxxa","robots":{"index":"index","follow":"follow","max-snippet":"max-snippet:-1","max-image-preview":"max-image-preview:large","max-video-preview":"max-video-preview:-1"},"canonical":"https:\/\/www.raxxa.com\/fr\/shop\/panorama-mit-wasserfall-felsen-und-weiter-landschaft\/","og_locale":"fr_FR","og_type":"article","og_title":"Panorama mit Wasserfall, Felsen und weiter Landschaft","og_description":"&#8222;Panorama mit Wasserfall, Felsen und weiter Landschaft&#8220; by Ralf Lehmann Panoramablick \u00fcber eine weite Landschaft, im Vordergrund ein Wasserfall mit Stromschnellen in gewaltigen Basaltfelsen, dar\u00fcber ein kontrastreicher Himmel &#8211; Location: Island, Aldeyjarfoss Poster in Museumsqualit\u00e4t auf langlebigem mattem (unbeschichtetem) Archivpapier. &#8211; Papiergewicht: 250 g \/ m\u00b2 &#8211; Versand in einer stabilen Verpackung zum Schutz des [&hellip;]","og_url":"https:\/\/www.raxxa.com\/fr\/shop\/panorama-mit-wasserfall-felsen-und-weiter-landschaft\/","og_site_name":"raxxa","article_publisher":"https:\/\/facebook.com\/raxxacom","article_modified_time":"2022-07-06T23:36:42+00:00","og_image":[{"width":800,"height":800,"url":"https:\/\/www.raxxa.com\/wp-content\/uploads\/2022\/07\/218-3236-Panorama-mit-Wasserfall-Felsen-und-weiter-Landschaft-Ralf-Lehmann.png","type":"image\/png"}],"twitter_card":"summary_large_image","twitter_misc":{"Disponibilit\u00e9":"En stock"},"schema":{"@context":"https:\/\/schema.org","@graph":[{"@type":["WebPage","ItemPage"],"@id":"https:\/\/www.raxxa.com\/shop\/panorama-mit-wasserfall-felsen-und-weiter-landschaft\/","url":"https:\/\/www.raxxa.com\/shop\/panorama-mit-wasserfall-felsen-und-weiter-landschaft\/","name":"Panorama avec cascade, rochers et vaste paysage - raxxa","isPartOf":{"@id":"https:\/\/www.raxxa.com\/#website"},"primaryImageOfPage":{"@id":"https:\/\/www.raxxa.com\/shop\/panorama-mit-wasserfall-felsen-und-weiter-landschaft\/#primaryimage"},"image":{"@id":"https:\/\/www.raxxa.com\/shop\/panorama-mit-wasserfall-felsen-und-weiter-landschaft\/#primaryimage"},"thumbnailUrl":"https:\/\/www.raxxa.com\/wp-content\/uploads\/2022\/07\/218-3236-Panorama-mit-Wasserfall-Felsen-und-weiter-Landschaft-Ralf-Lehmann.png","datePublished":"2022-07-06T23:36:38+00:00","dateModified":"2022-07-06T23:36:42+00:00","breadcrumb":{"@id":"https:\/\/www.raxxa.com\/shop\/panorama-mit-wasserfall-felsen-und-weiter-landschaft\/#breadcrumb"},"inLanguage":"fr-FR","potentialAction":[{"@type":"ReadAction","target":["https:\/\/www.raxxa.com\/shop\/panorama-mit-wasserfall-felsen-und-weiter-landschaft\/"]}]},{"@type":"ImageObject","inLanguage":"fr-FR","@id":"https:\/\/www.raxxa.com\/shop\/panorama-mit-wasserfall-felsen-und-weiter-landschaft\/#primaryimage","url":"https:\/\/www.raxxa.com\/wp-content\/uploads\/2022\/07\/218-3236-Panorama-mit-Wasserfall-Felsen-und-weiter-Landschaft-Ralf-Lehmann.png","contentUrl":"https:\/\/www.raxxa.com\/wp-content\/uploads\/2022\/07\/218-3236-Panorama-mit-Wasserfall-Felsen-und-weiter-Landschaft-Ralf-Lehmann.png","width":800,"height":800},{"@type":"BreadcrumbList","@id":"https:\/\/www.raxxa.com\/shop\/panorama-mit-wasserfall-felsen-und-weiter-landschaft\/#breadcrumb","itemListElement":[{"@type":"ListItem","position":1,"name":"Startseite","item":"https:\/\/www.raxxa.com\/"},{"@type":"ListItem","position":2,"name":"Shop","item":"https:\/\/www.raxxa.com\/it\/shop\/"},{"@type":"ListItem","position":3,"name":"Panorama mit Wasserfall, Felsen und weiter Landschaft"}]},{"@type":"WebSite","@id":"https:\/\/www.raxxa.com\/#website","url":"https:\/\/www.raxxa.com\/","name":"raxxa","description":"Des produits uniques et personnalis\u00e9s cr\u00e9\u00e9s par nos designers","publisher":{"@id":"https:\/\/www.raxxa.com\/#organization"},"potentialAction":[{"@type":"SearchAction","target":{"@type":"EntryPoint","urlTemplate":"https:\/\/www.raxxa.com\/?s={search_term_string}"},"query-input":{"@type":"PropertyValueSpecification","valueRequired":true,"valueName":"search_term_string"}}],"inLanguage":"fr-FR"},{"@type":"Organization","@id":"https:\/\/www.raxxa.com\/#organization","name":"raxxa","url":"https:\/\/www.raxxa.com\/","logo":{"@type":"ImageObject","inLanguage":"fr-FR","@id":"https:\/\/www.raxxa.com\/#\/schema\/logo\/image\/","url":"https:\/\/www.raxxa.com\/wp-content\/uploads\/2022\/07\/logo_v2.png","contentUrl":"https:\/\/www.raxxa.com\/wp-content\/uploads\/2022\/07\/logo_v2.png","width":380,"height":382,"caption":"raxxa"},"image":{"@id":"https:\/\/www.raxxa.com\/#\/schema\/logo\/image\/"},"sameAs":["https:\/\/facebook.com\/raxxacom"]}]},"og_availability":"instock","product_availability":"instock","product_condition":"new"},"jetpack_sharing_enabled":true,"_links":{"self":[{"href":"https:\/\/www.raxxa.com\/fr\/wp-json\/wp\/v2\/product\/150003","targetHints":{"allow":["GET"]}}],"collection":[{"href":"https:\/\/www.raxxa.com\/fr\/wp-json\/wp\/v2\/product"}],"about":[{"href":"https:\/\/www.raxxa.com\/fr\/wp-json\/wp\/v2\/types\/product"}],"replies":[{"embeddable":true,"href":"https:\/\/www.raxxa.com\/fr\/wp-json\/wp\/v2\/comments?post=150003"}],"wp:featuredmedia":[{"embeddable":true,"href":"https:\/\/www.raxxa.com\/fr\/wp-json\/wp\/v2\/media\/149993"}],"wp:attachment":[{"href":"https:\/\/www.raxxa.com\/fr\/wp-json\/wp\/v2\/media?parent=150003"}],"wp:term":[{"taxonomy":"product_brand","embeddable":true,"href":"https:\/\/www.raxxa.com\/fr\/wp-json\/wp\/v2\/product_brand?post=150003"},{"taxonomy":"product_cat","embeddable":true,"href":"https:\/\/www.raxxa.com\/fr\/wp-json\/wp\/v2\/product_cat?post=150003"},{"taxonomy":"product_tag","embeddable":true,"href":"https:\/\/www.raxxa.com\/fr\/wp-json\/wp\/v2\/product_tag?post=150003"}],"curies":[{"name":"wp","href":"https:\/\/api.w.org\/{rel}","templated":true}]}}