{"id":149645,"date":"2022-07-07T00:51:36","date_gmt":"2022-07-06T22:51:36","guid":{"rendered":"https:\/\/www.raxxa.com\/shop\/mallorca-blick-zum-cap-de-formentor\/"},"modified":"2022-07-07T00:52:20","modified_gmt":"2022-07-06T22:52:20","slug":"mallorca-blick-zum-cap-de-formentor","status":"publish","type":"product","link":"https:\/\/www.raxxa.com\/fr\/shop\/mallorca-blick-zum-cap-de-formentor\/","title":{"rendered":"Majorque - Vue sur le Cap de Formentor"},"content":{"rendered":"<p style=\"margin-right: 0px;margin-bottom: 1em;margin-left: 0px;line-height: 1.4285em;, sans-serif\"><span style=\"font-weight: bolder\">&#8222;Mallorca &#8211; Blick zum Cap de Formentor&#8220; by Ralf Lehmann<\/span><\/p>\n<p style=\"margin-right: 0px;margin-bottom: 1em;margin-left: 0px;line-height: 1.4285em;, sans-serif\"><span><\/span><\/p>\n<p style=\"margin-right: 0px;margin-bottom: 1em;margin-left: 0px;line-height: 1.4285em;, sans-serif\"><span>Mallorca - Vue depuis la montagne Morro de Catalunya vers le c\u00e9l\u00e8bre Cap de Formentor avec le phare, vue plus lointaine sur la baie Cala Figuera vers les rochers d'en face, temps ensoleill\u00e9, l\u00e9gers nuages - Lieu : Espagne, \u00cele de Majorque, P\u00e9ninsule de Formentor, Morro de Catalunya<\/span><\/p>\n<p style=\"margin-right: 0px;margin-bottom: 1em;margin-left: 0px;line-height: 1.4285em;, sans-serif\">Poster de qualit\u00e9 mus\u00e9e sur papier d'archive mat durable (non couch\u00e9).<\/p>\n<p style=\"margin-right: 0px;margin-bottom: 1em;margin-left: 0px;line-height: 1.4285em;, sans-serif\">- Poids du papier : 250 g \/ m\u00b2<\/p>\n<p style=\"margin-right: 0px;margin-bottom: 1em;margin-left: 0px;line-height: 1.4285em;, sans-serif\">- Envoi dans un emballage solide pour prot\u00e9ger le poster<\/p>\n<p>cap cap p\u00e9ninsule morro catalunya cam\u00ed baie cala figuera rochers phare faro de formentor montagnes cha\u00eene de montagnes pittoresque lieu typique ensoleill\u00e9 l\u00e9gers nuages voyage randonn\u00e9e \u00e0 mallorca sentier nature naturel exp\u00e9rience de la nature ascension tour randonn\u00e9e randonn\u00e9e mallorcare voyage destination vacances voyages vue point de vue vert horizon mer paysage c\u00f4te rochers printemps \u00eeles bal\u00e9ares islas baleares mer centrale espagne \u00eele de vacances texte espace libre<\/p>","protected":false},"excerpt":{"rendered":"<p>&#8222;Mallorca &#8211; Blick zum Cap de Formentor&#8220; by Ralf Lehmann Mallorca &#8211; Ausblick vom Berg Morro de Catalunya zum ber\u00fchmten Cap de Formentor mit Leuchtturm, weiter Blick \u00fcber die Bucht Cala Figuera zu den gegen\u00fcberliegenden Felsen, sonniges Wetter, leichte Bew\u00f6lkung &#8211; Location: Spanien, Insel Mallorca, Halbinsel Formentor, Morro de Catalunya Poster in Museumsqualit\u00e4t auf langlebigem [&hellip;]<\/p>\n","protected":false},"featured_media":149635,"comment_status":"open","ping_status":"closed","template":"","meta":[],"product_brand":[],"product_cat":[10351,136],"product_tag":[7521,8619,7433,7624,9734,7375,8326,7766,7625,7785,9674,7961,7618,7546,7424,8099,7922,7772,8821,8806],"class_list":{"0":"post-149645","1":"product","2":"type-product","3":"status-publish","4":"has-post-thumbnail","6":"product_cat-ralf-lehmann","7":"product_cat-natur","8":"product_tag-auf","9":"product_tag-ausblick","10":"product_tag-bucht","11":"product_tag-ferien","12":"product_tag-fruehling","13":"product_tag-gruen","14":"product_tag-halbinsel","15":"product_tag-horizont","16":"product_tag-kueste","17":"product_tag-landschaft","18":"product_tag-leuchtturm","19":"product_tag-malerisch","20":"product_tag-meer","21":"product_tag-natur","22":"product_tag-natuerlich","23":"product_tag-reise-2","24":"product_tag-reisen","25":"product_tag-sonnig","26":"product_tag-wandern","27":"product_tag-wanderung","29":"first","30":"instock","31":"taxable","32":"shipping-taxable","33":"purchasable","34":"product-type-variable"},"yoast_head":"<!-- This site is optimized with the Yoast SEO Premium plugin v27.2 (Yoast SEO v27.3) - https:\/\/yoast.com\/product\/yoast-seo-premium-wordpress\/ -->\n<title>Mallorca - Blick zum Cap de Formentor - raxxa<\/title>\n<meta name=\"robots\" content=\"index, follow, max-snippet:-1, max-image-preview:large, max-video-preview:-1\" \/>\n<link rel=\"canonical\" href=\"https:\/\/www.raxxa.com\/fr\/shop\/mallorca-blick-zum-cap-de-formentor\/\" \/>\n<meta property=\"og:locale\" content=\"fr_FR\" \/>\n<meta property=\"og:type\" content=\"article\" \/>\n<meta property=\"og:title\" content=\"Mallorca - Blick zum Cap de Formentor\" \/>\n<meta property=\"og:description\" content=\"&#8222;Mallorca &#8211; Blick zum Cap de Formentor&#8220; by Ralf Lehmann Mallorca &#8211; Ausblick vom Berg Morro de Catalunya zum ber\u00fchmten Cap de Formentor mit Leuchtturm, weiter Blick \u00fcber die Bucht Cala Figuera zu den gegen\u00fcberliegenden Felsen, sonniges Wetter, leichte Bew\u00f6lkung &#8211; Location: Spanien, Insel Mallorca, Halbinsel Formentor, Morro de Catalunya Poster in Museumsqualit\u00e4t auf langlebigem [&hellip;]\" \/>\n<meta property=\"og:url\" content=\"https:\/\/www.raxxa.com\/fr\/shop\/mallorca-blick-zum-cap-de-formentor\/\" \/>\n<meta property=\"og:site_name\" content=\"raxxa\" \/>\n<meta property=\"article:publisher\" content=\"https:\/\/facebook.com\/raxxacom\" \/>\n<meta property=\"article:modified_time\" content=\"2022-07-06T22:52:20+00:00\" \/>\n<meta property=\"og:image\" content=\"https:\/\/www.raxxa.com\/wp-content\/uploads\/2022\/07\/218-3222-Mallorca-Blick-zum-Cap-de-Formentor-Ralf-Lehmann.png\" \/>\n\t<meta property=\"og:image:width\" content=\"800\" \/>\n\t<meta property=\"og:image:height\" content=\"800\" \/>\n\t<meta property=\"og:image:type\" content=\"image\/png\" \/>\n<meta name=\"twitter:card\" content=\"summary_large_image\" \/>\n<meta name=\"twitter:label1\" content=\"Disponibilit\u00e9\" \/>\n\t<meta name=\"twitter:data1\" content=\"En stock\" \/>\n<script type=\"application\/ld+json\" class=\"yoast-schema-graph\">{\"@context\":\"https:\\\/\\\/schema.org\",\"@graph\":[{\"@type\":[\"WebPage\",\"ItemPage\"],\"@id\":\"https:\\\/\\\/www.raxxa.com\\\/shop\\\/mallorca-blick-zum-cap-de-formentor\\\/\",\"url\":\"https:\\\/\\\/www.raxxa.com\\\/shop\\\/mallorca-blick-zum-cap-de-formentor\\\/\",\"name\":\"Mallorca - Blick zum Cap de Formentor - raxxa\",\"isPartOf\":{\"@id\":\"https:\\\/\\\/www.raxxa.com\\\/#website\"},\"primaryImageOfPage\":{\"@id\":\"https:\\\/\\\/www.raxxa.com\\\/shop\\\/mallorca-blick-zum-cap-de-formentor\\\/#primaryimage\"},\"image\":{\"@id\":\"https:\\\/\\\/www.raxxa.com\\\/shop\\\/mallorca-blick-zum-cap-de-formentor\\\/#primaryimage\"},\"thumbnailUrl\":\"https:\\\/\\\/www.raxxa.com\\\/wp-content\\\/uploads\\\/2022\\\/07\\\/218-3222-Mallorca-Blick-zum-Cap-de-Formentor-Ralf-Lehmann.png\",\"datePublished\":\"2022-07-06T22:51:36+00:00\",\"dateModified\":\"2022-07-06T22:52:20+00:00\",\"breadcrumb\":{\"@id\":\"https:\\\/\\\/www.raxxa.com\\\/shop\\\/mallorca-blick-zum-cap-de-formentor\\\/#breadcrumb\"},\"inLanguage\":\"fr-FR\",\"potentialAction\":[{\"@type\":\"ReadAction\",\"target\":[\"https:\\\/\\\/www.raxxa.com\\\/shop\\\/mallorca-blick-zum-cap-de-formentor\\\/\"]}]},{\"@type\":\"ImageObject\",\"inLanguage\":\"fr-FR\",\"@id\":\"https:\\\/\\\/www.raxxa.com\\\/shop\\\/mallorca-blick-zum-cap-de-formentor\\\/#primaryimage\",\"url\":\"https:\\\/\\\/www.raxxa.com\\\/wp-content\\\/uploads\\\/2022\\\/07\\\/218-3222-Mallorca-Blick-zum-Cap-de-Formentor-Ralf-Lehmann.png\",\"contentUrl\":\"https:\\\/\\\/www.raxxa.com\\\/wp-content\\\/uploads\\\/2022\\\/07\\\/218-3222-Mallorca-Blick-zum-Cap-de-Formentor-Ralf-Lehmann.png\",\"width\":800,\"height\":800},{\"@type\":\"BreadcrumbList\",\"@id\":\"https:\\\/\\\/www.raxxa.com\\\/shop\\\/mallorca-blick-zum-cap-de-formentor\\\/#breadcrumb\",\"itemListElement\":[{\"@type\":\"ListItem\",\"position\":1,\"name\":\"Startseite\",\"item\":\"https:\\\/\\\/www.raxxa.com\\\/\"},{\"@type\":\"ListItem\",\"position\":2,\"name\":\"Shop\",\"item\":\"https:\\\/\\\/www.raxxa.com\\\/it\\\/shop\\\/\"},{\"@type\":\"ListItem\",\"position\":3,\"name\":\"Mallorca &#8211; Blick zum Cap de Formentor\"}]},{\"@type\":\"WebSite\",\"@id\":\"https:\\\/\\\/www.raxxa.com\\\/#website\",\"url\":\"https:\\\/\\\/www.raxxa.com\\\/\",\"name\":\"raxxa\",\"description\":\"Einzigartige individuelle Produkte von unseren Designern\",\"publisher\":{\"@id\":\"https:\\\/\\\/www.raxxa.com\\\/#organization\"},\"potentialAction\":[{\"@type\":\"SearchAction\",\"target\":{\"@type\":\"EntryPoint\",\"urlTemplate\":\"https:\\\/\\\/www.raxxa.com\\\/?s={search_term_string}\"},\"query-input\":{\"@type\":\"PropertyValueSpecification\",\"valueRequired\":true,\"valueName\":\"search_term_string\"}}],\"inLanguage\":\"fr-FR\"},{\"@type\":\"Organization\",\"@id\":\"https:\\\/\\\/www.raxxa.com\\\/#organization\",\"name\":\"raxxa\",\"url\":\"https:\\\/\\\/www.raxxa.com\\\/\",\"logo\":{\"@type\":\"ImageObject\",\"inLanguage\":\"fr-FR\",\"@id\":\"https:\\\/\\\/www.raxxa.com\\\/#\\\/schema\\\/logo\\\/image\\\/\",\"url\":\"https:\\\/\\\/www.raxxa.com\\\/wp-content\\\/uploads\\\/2022\\\/07\\\/logo_v2.png\",\"contentUrl\":\"https:\\\/\\\/www.raxxa.com\\\/wp-content\\\/uploads\\\/2022\\\/07\\\/logo_v2.png\",\"width\":380,\"height\":382,\"caption\":\"raxxa\"},\"image\":{\"@id\":\"https:\\\/\\\/www.raxxa.com\\\/#\\\/schema\\\/logo\\\/image\\\/\"},\"sameAs\":[\"https:\\\/\\\/facebook.com\\\/raxxacom\"]}]}<\/script>\n<meta property=\"og:availability\" content=\"instock\" \/>\n<meta property=\"product:availability\" content=\"instock\" \/>\n<meta property=\"product:condition\" content=\"new\" \/>\n<!-- \/ Yoast SEO Premium plugin. -->","yoast_head_json":{"title":"Mallorca - Blick zum Cap de Formentor - raxxa","robots":{"index":"index","follow":"follow","max-snippet":"max-snippet:-1","max-image-preview":"max-image-preview:large","max-video-preview":"max-video-preview:-1"},"canonical":"https:\/\/www.raxxa.com\/fr\/shop\/mallorca-blick-zum-cap-de-formentor\/","og_locale":"fr_FR","og_type":"article","og_title":"Mallorca - Blick zum Cap de Formentor","og_description":"&#8222;Mallorca &#8211; Blick zum Cap de Formentor&#8220; by Ralf Lehmann Mallorca &#8211; Ausblick vom Berg Morro de Catalunya zum ber\u00fchmten Cap de Formentor mit Leuchtturm, weiter Blick \u00fcber die Bucht Cala Figuera zu den gegen\u00fcberliegenden Felsen, sonniges Wetter, leichte Bew\u00f6lkung &#8211; Location: Spanien, Insel Mallorca, Halbinsel Formentor, Morro de Catalunya Poster in Museumsqualit\u00e4t auf langlebigem [&hellip;]","og_url":"https:\/\/www.raxxa.com\/fr\/shop\/mallorca-blick-zum-cap-de-formentor\/","og_site_name":"raxxa","article_publisher":"https:\/\/facebook.com\/raxxacom","article_modified_time":"2022-07-06T22:52:20+00:00","og_image":[{"width":800,"height":800,"url":"https:\/\/www.raxxa.com\/wp-content\/uploads\/2022\/07\/218-3222-Mallorca-Blick-zum-Cap-de-Formentor-Ralf-Lehmann.png","type":"image\/png"}],"twitter_card":"summary_large_image","twitter_misc":{"Disponibilit\u00e9":"En stock"},"schema":{"@context":"https:\/\/schema.org","@graph":[{"@type":["WebPage","ItemPage"],"@id":"https:\/\/www.raxxa.com\/shop\/mallorca-blick-zum-cap-de-formentor\/","url":"https:\/\/www.raxxa.com\/shop\/mallorca-blick-zum-cap-de-formentor\/","name":"Mallorca - Blick zum Cap de Formentor - raxxa","isPartOf":{"@id":"https:\/\/www.raxxa.com\/#website"},"primaryImageOfPage":{"@id":"https:\/\/www.raxxa.com\/shop\/mallorca-blick-zum-cap-de-formentor\/#primaryimage"},"image":{"@id":"https:\/\/www.raxxa.com\/shop\/mallorca-blick-zum-cap-de-formentor\/#primaryimage"},"thumbnailUrl":"https:\/\/www.raxxa.com\/wp-content\/uploads\/2022\/07\/218-3222-Mallorca-Blick-zum-Cap-de-Formentor-Ralf-Lehmann.png","datePublished":"2022-07-06T22:51:36+00:00","dateModified":"2022-07-06T22:52:20+00:00","breadcrumb":{"@id":"https:\/\/www.raxxa.com\/shop\/mallorca-blick-zum-cap-de-formentor\/#breadcrumb"},"inLanguage":"fr-FR","potentialAction":[{"@type":"ReadAction","target":["https:\/\/www.raxxa.com\/shop\/mallorca-blick-zum-cap-de-formentor\/"]}]},{"@type":"ImageObject","inLanguage":"fr-FR","@id":"https:\/\/www.raxxa.com\/shop\/mallorca-blick-zum-cap-de-formentor\/#primaryimage","url":"https:\/\/www.raxxa.com\/wp-content\/uploads\/2022\/07\/218-3222-Mallorca-Blick-zum-Cap-de-Formentor-Ralf-Lehmann.png","contentUrl":"https:\/\/www.raxxa.com\/wp-content\/uploads\/2022\/07\/218-3222-Mallorca-Blick-zum-Cap-de-Formentor-Ralf-Lehmann.png","width":800,"height":800},{"@type":"BreadcrumbList","@id":"https:\/\/www.raxxa.com\/shop\/mallorca-blick-zum-cap-de-formentor\/#breadcrumb","itemListElement":[{"@type":"ListItem","position":1,"name":"Startseite","item":"https:\/\/www.raxxa.com\/"},{"@type":"ListItem","position":2,"name":"Shop","item":"https:\/\/www.raxxa.com\/it\/shop\/"},{"@type":"ListItem","position":3,"name":"Mallorca &#8211; Blick zum Cap de Formentor"}]},{"@type":"WebSite","@id":"https:\/\/www.raxxa.com\/#website","url":"https:\/\/www.raxxa.com\/","name":"raxxa","description":"Des produits uniques et personnalis\u00e9s cr\u00e9\u00e9s par nos designers","publisher":{"@id":"https:\/\/www.raxxa.com\/#organization"},"potentialAction":[{"@type":"SearchAction","target":{"@type":"EntryPoint","urlTemplate":"https:\/\/www.raxxa.com\/?s={search_term_string}"},"query-input":{"@type":"PropertyValueSpecification","valueRequired":true,"valueName":"search_term_string"}}],"inLanguage":"fr-FR"},{"@type":"Organization","@id":"https:\/\/www.raxxa.com\/#organization","name":"raxxa","url":"https:\/\/www.raxxa.com\/","logo":{"@type":"ImageObject","inLanguage":"fr-FR","@id":"https:\/\/www.raxxa.com\/#\/schema\/logo\/image\/","url":"https:\/\/www.raxxa.com\/wp-content\/uploads\/2022\/07\/logo_v2.png","contentUrl":"https:\/\/www.raxxa.com\/wp-content\/uploads\/2022\/07\/logo_v2.png","width":380,"height":382,"caption":"raxxa"},"image":{"@id":"https:\/\/www.raxxa.com\/#\/schema\/logo\/image\/"},"sameAs":["https:\/\/facebook.com\/raxxacom"]}]},"og_availability":"instock","product_availability":"instock","product_condition":"new"},"jetpack_sharing_enabled":true,"_links":{"self":[{"href":"https:\/\/www.raxxa.com\/fr\/wp-json\/wp\/v2\/product\/149645","targetHints":{"allow":["GET"]}}],"collection":[{"href":"https:\/\/www.raxxa.com\/fr\/wp-json\/wp\/v2\/product"}],"about":[{"href":"https:\/\/www.raxxa.com\/fr\/wp-json\/wp\/v2\/types\/product"}],"replies":[{"embeddable":true,"href":"https:\/\/www.raxxa.com\/fr\/wp-json\/wp\/v2\/comments?post=149645"}],"wp:featuredmedia":[{"embeddable":true,"href":"https:\/\/www.raxxa.com\/fr\/wp-json\/wp\/v2\/media\/149635"}],"wp:attachment":[{"href":"https:\/\/www.raxxa.com\/fr\/wp-json\/wp\/v2\/media?parent=149645"}],"wp:term":[{"taxonomy":"product_brand","embeddable":true,"href":"https:\/\/www.raxxa.com\/fr\/wp-json\/wp\/v2\/product_brand?post=149645"},{"taxonomy":"product_cat","embeddable":true,"href":"https:\/\/www.raxxa.com\/fr\/wp-json\/wp\/v2\/product_cat?post=149645"},{"taxonomy":"product_tag","embeddable":true,"href":"https:\/\/www.raxxa.com\/fr\/wp-json\/wp\/v2\/product_tag?post=149645"}],"curies":[{"name":"wp","href":"https:\/\/api.w.org\/{rel}","templated":true}]}}