{"id":149568,"date":"2022-07-07T00:41:37","date_gmt":"2022-07-06T22:41:37","guid":{"rendered":"https:\/\/www.raxxa.com\/shop\/mallorca-ausblick-auf-der-halbinsel-formentor\/"},"modified":"2022-07-07T00:42:21","modified_gmt":"2022-07-06T22:42:21","slug":"mallorca-ausblick-auf-der-halbinsel-formentor","status":"publish","type":"product","link":"https:\/\/www.raxxa.com\/fr\/shop\/mallorca-ausblick-auf-der-halbinsel-formentor\/","title":{"rendered":"Majorque - Vue sur la p\u00e9ninsule de Formentor"},"content":{"rendered":"<p style=\"margin-right: 0px;margin-bottom: 1em;margin-left: 0px;line-height: 1.4285em;, sans-serif\"><span style=\"font-weight: bolder\">\"Majorque - Vue sur la p\u00e9ninsule de Formentor\" by Ralf Lehmann<\/span><\/p>\n<p style=\"margin-right: 0px;margin-bottom: 1em;margin-left: 0px;line-height: 1.4285em;, sans-serif\"><span><\/span><\/p>\n<p style=\"margin-right: 0px;margin-bottom: 1em;margin-left: 0px;line-height: 1.4285em;, sans-serif\"><span>Majorque - vue en direction du c\u00e9l\u00e8bre Cap de Formentor dans la lumi\u00e8re du soir, \u00e0 gauche se trouve la baie Cala Figuera, grand effet de profondeur, temps ensoleill\u00e9, l\u00e9gers nuages - Location : Espagne, \u00cele de Majorque, P\u00e9ninsule de Formentor<\/span><\/p>\n<p style=\"margin-right: 0px;margin-bottom: 1em;margin-left: 0px;line-height: 1.4285em;, sans-serif\">Poster de qualit\u00e9 mus\u00e9e sur papier d'archive mat durable (non couch\u00e9).<\/p>\n<p style=\"margin-right: 0px;margin-bottom: 1em;margin-left: 0px;line-height: 1.4285em;, sans-serif\">- Poids du papier : 250 g \/ m\u00b2<\/p>\n<p style=\"margin-right: 0px;margin-bottom: 1em;margin-left: 0px;line-height: 1.4285em;, sans-serif\">- Envoi dans un emballage solide pour prot\u00e9ger le poster<\/p>\n<p>mallorca cap de cap p\u00e9ninsule formentor baie cala figuera rochers pierres montagnes cha\u00eene de montagnes pittoresque lieu typique ensoleill\u00e9 l\u00e9ger nuageux voyage nature naturel exp\u00e9rience naturelle voyage \u00e0 mallorcare destination vacances voyages vue point de vue lumi\u00e8re du soir horizon mer paysage c\u00f4te rochers curiosit\u00e9 \u00eeles bal\u00e9ares islas bal\u00e9ares mer M\u00e9diterran\u00e9e Espagne vacances \u00eele texte espace libre<\/p>","protected":false},"excerpt":{"rendered":"<p>&#8222;Mallorca &#8211; Ausblick auf der Halbinsel Formentor&#8220; by Ralf Lehmann Mallorca &#8211; Ausblick in Richtung des ber\u00fchmten Cap de Formentor im Abendlicht, links liegt die Bucht Cala Figuera, gro\u00dfe Tiefenwirkung, sonniges Wetter, leichte Bew\u00f6lkung &#8211; Location: Spanien, Insel Mallorca, Halbinsel Formentor Poster in Museumsqualit\u00e4t auf langlebigem mattem (unbeschichtetem) Archivpapier. &#8211; Papiergewicht: 250 g \/ m\u00b2 [&hellip;]<\/p>\n","protected":false},"featured_media":149558,"comment_status":"open","ping_status":"closed","template":"","meta":[],"product_brand":[],"product_cat":[10351,136],"product_tag":[8619,7433,7624,8326,7766,7625,7785,7961,7618,7546,7424,8099,7922,7772],"class_list":{"0":"post-149568","1":"product","2":"type-product","3":"status-publish","4":"has-post-thumbnail","6":"product_cat-ralf-lehmann","7":"product_cat-natur","8":"product_tag-ausblick","9":"product_tag-bucht","10":"product_tag-ferien","11":"product_tag-halbinsel","12":"product_tag-horizont","13":"product_tag-kueste","14":"product_tag-landschaft","15":"product_tag-malerisch","16":"product_tag-meer","17":"product_tag-natur","18":"product_tag-natuerlich","19":"product_tag-reise-2","20":"product_tag-reisen","21":"product_tag-sonnig","23":"first","24":"instock","25":"taxable","26":"shipping-taxable","27":"purchasable","28":"product-type-variable"},"yoast_head":"<!-- This site is optimized with the Yoast SEO Premium plugin v27.5 (Yoast SEO v27.5) - https:\/\/yoast.com\/product\/yoast-seo-premium-wordpress\/ -->\n<title>Mallorca - Ausblick auf der Halbinsel Formentor - raxxa<\/title>\n<meta name=\"robots\" content=\"index, follow, max-snippet:-1, max-image-preview:large, max-video-preview:-1\" \/>\n<link rel=\"canonical\" href=\"https:\/\/www.raxxa.com\/fr\/shop\/mallorca-ausblick-auf-der-halbinsel-formentor\/\" \/>\n<meta property=\"og:locale\" content=\"fr_FR\" \/>\n<meta property=\"og:type\" content=\"article\" \/>\n<meta property=\"og:title\" content=\"Mallorca - Ausblick auf der Halbinsel Formentor\" \/>\n<meta property=\"og:description\" content=\"&#8222;Mallorca &#8211; Ausblick auf der Halbinsel Formentor&#8220; by Ralf Lehmann Mallorca &#8211; Ausblick in Richtung des ber\u00fchmten Cap de Formentor im Abendlicht, links liegt die Bucht Cala Figuera, gro\u00dfe Tiefenwirkung, sonniges Wetter, leichte Bew\u00f6lkung &#8211; Location: Spanien, Insel Mallorca, Halbinsel Formentor Poster in Museumsqualit\u00e4t auf langlebigem mattem (unbeschichtetem) Archivpapier. &#8211; Papiergewicht: 250 g \/ m\u00b2 [&hellip;]\" \/>\n<meta property=\"og:url\" content=\"https:\/\/www.raxxa.com\/fr\/shop\/mallorca-ausblick-auf-der-halbinsel-formentor\/\" \/>\n<meta property=\"og:site_name\" content=\"raxxa\" \/>\n<meta property=\"article:publisher\" content=\"https:\/\/facebook.com\/raxxacom\" \/>\n<meta property=\"article:modified_time\" content=\"2022-07-06T22:42:21+00:00\" \/>\n<meta property=\"og:image\" content=\"https:\/\/www.raxxa.com\/wp-content\/uploads\/2022\/07\/218-3219-Mallorca-Ausblick-auf-der-Halbinsel-Formentor-Ralf-Lehmann.png\" \/>\n\t<meta property=\"og:image:width\" content=\"800\" \/>\n\t<meta property=\"og:image:height\" content=\"800\" \/>\n\t<meta property=\"og:image:type\" content=\"image\/png\" \/>\n<meta name=\"twitter:card\" content=\"summary_large_image\" \/>\n<meta name=\"twitter:label1\" content=\"Disponibilit\u00e9\" \/>\n\t<meta name=\"twitter:data1\" content=\"En stock\" \/>\n<script type=\"application\/ld+json\" class=\"yoast-schema-graph\">{\"@context\":\"https:\\\/\\\/schema.org\",\"@graph\":[{\"@type\":[\"WebPage\",\"ItemPage\"],\"@id\":\"https:\\\/\\\/www.raxxa.com\\\/shop\\\/mallorca-ausblick-auf-der-halbinsel-formentor\\\/\",\"url\":\"https:\\\/\\\/www.raxxa.com\\\/shop\\\/mallorca-ausblick-auf-der-halbinsel-formentor\\\/\",\"name\":\"Mallorca - Ausblick auf der Halbinsel Formentor - raxxa\",\"isPartOf\":{\"@id\":\"https:\\\/\\\/www.raxxa.com\\\/#website\"},\"primaryImageOfPage\":{\"@id\":\"https:\\\/\\\/www.raxxa.com\\\/shop\\\/mallorca-ausblick-auf-der-halbinsel-formentor\\\/#primaryimage\"},\"image\":{\"@id\":\"https:\\\/\\\/www.raxxa.com\\\/shop\\\/mallorca-ausblick-auf-der-halbinsel-formentor\\\/#primaryimage\"},\"thumbnailUrl\":\"https:\\\/\\\/www.raxxa.com\\\/wp-content\\\/uploads\\\/2022\\\/07\\\/218-3219-Mallorca-Ausblick-auf-der-Halbinsel-Formentor-Ralf-Lehmann.png\",\"datePublished\":\"2022-07-06T22:41:37+00:00\",\"dateModified\":\"2022-07-06T22:42:21+00:00\",\"breadcrumb\":{\"@id\":\"https:\\\/\\\/www.raxxa.com\\\/shop\\\/mallorca-ausblick-auf-der-halbinsel-formentor\\\/#breadcrumb\"},\"inLanguage\":\"fr-FR\",\"potentialAction\":[{\"@type\":\"ReadAction\",\"target\":[\"https:\\\/\\\/www.raxxa.com\\\/shop\\\/mallorca-ausblick-auf-der-halbinsel-formentor\\\/\"]}]},{\"@type\":\"ImageObject\",\"inLanguage\":\"fr-FR\",\"@id\":\"https:\\\/\\\/www.raxxa.com\\\/shop\\\/mallorca-ausblick-auf-der-halbinsel-formentor\\\/#primaryimage\",\"url\":\"https:\\\/\\\/www.raxxa.com\\\/wp-content\\\/uploads\\\/2022\\\/07\\\/218-3219-Mallorca-Ausblick-auf-der-Halbinsel-Formentor-Ralf-Lehmann.png\",\"contentUrl\":\"https:\\\/\\\/www.raxxa.com\\\/wp-content\\\/uploads\\\/2022\\\/07\\\/218-3219-Mallorca-Ausblick-auf-der-Halbinsel-Formentor-Ralf-Lehmann.png\",\"width\":800,\"height\":800},{\"@type\":\"BreadcrumbList\",\"@id\":\"https:\\\/\\\/www.raxxa.com\\\/shop\\\/mallorca-ausblick-auf-der-halbinsel-formentor\\\/#breadcrumb\",\"itemListElement\":[{\"@type\":\"ListItem\",\"position\":1,\"name\":\"Startseite\",\"item\":\"https:\\\/\\\/www.raxxa.com\\\/\"},{\"@type\":\"ListItem\",\"position\":2,\"name\":\"Shop\",\"item\":\"https:\\\/\\\/www.raxxa.com\\\/it\\\/shop\\\/\"},{\"@type\":\"ListItem\",\"position\":3,\"name\":\"Mallorca &#8211; Ausblick auf der Halbinsel Formentor\"}]},{\"@type\":\"WebSite\",\"@id\":\"https:\\\/\\\/www.raxxa.com\\\/#website\",\"url\":\"https:\\\/\\\/www.raxxa.com\\\/\",\"name\":\"raxxa\",\"description\":\"Einzigartige individuelle Produkte von unseren Designern\",\"publisher\":{\"@id\":\"https:\\\/\\\/www.raxxa.com\\\/#organization\"},\"potentialAction\":[{\"@type\":\"SearchAction\",\"target\":{\"@type\":\"EntryPoint\",\"urlTemplate\":\"https:\\\/\\\/www.raxxa.com\\\/?s={search_term_string}\"},\"query-input\":{\"@type\":\"PropertyValueSpecification\",\"valueRequired\":true,\"valueName\":\"search_term_string\"}}],\"inLanguage\":\"fr-FR\"},{\"@type\":\"Organization\",\"@id\":\"https:\\\/\\\/www.raxxa.com\\\/#organization\",\"name\":\"raxxa\",\"url\":\"https:\\\/\\\/www.raxxa.com\\\/\",\"logo\":{\"@type\":\"ImageObject\",\"inLanguage\":\"fr-FR\",\"@id\":\"https:\\\/\\\/www.raxxa.com\\\/#\\\/schema\\\/logo\\\/image\\\/\",\"url\":\"https:\\\/\\\/www.raxxa.com\\\/wp-content\\\/uploads\\\/2022\\\/07\\\/logo_v2.png\",\"contentUrl\":\"https:\\\/\\\/www.raxxa.com\\\/wp-content\\\/uploads\\\/2022\\\/07\\\/logo_v2.png\",\"width\":380,\"height\":382,\"caption\":\"raxxa\"},\"image\":{\"@id\":\"https:\\\/\\\/www.raxxa.com\\\/#\\\/schema\\\/logo\\\/image\\\/\"},\"sameAs\":[\"https:\\\/\\\/facebook.com\\\/raxxacom\"]}]}<\/script>\n<meta property=\"og:availability\" content=\"instock\" \/>\n<meta property=\"product:availability\" content=\"instock\" \/>\n<meta property=\"product:condition\" content=\"new\" \/>\n<!-- \/ Yoast SEO Premium plugin. -->","yoast_head_json":{"title":"Mallorca - Vue sur la p\u00e9ninsule de Formentor - raxxa","robots":{"index":"index","follow":"follow","max-snippet":"max-snippet:-1","max-image-preview":"max-image-preview:large","max-video-preview":"max-video-preview:-1"},"canonical":"https:\/\/www.raxxa.com\/fr\/shop\/mallorca-ausblick-auf-der-halbinsel-formentor\/","og_locale":"fr_FR","og_type":"article","og_title":"Mallorca - Ausblick auf der Halbinsel Formentor","og_description":"&#8222;Mallorca &#8211; Ausblick auf der Halbinsel Formentor&#8220; by Ralf Lehmann Mallorca &#8211; Ausblick in Richtung des ber\u00fchmten Cap de Formentor im Abendlicht, links liegt die Bucht Cala Figuera, gro\u00dfe Tiefenwirkung, sonniges Wetter, leichte Bew\u00f6lkung &#8211; Location: Spanien, Insel Mallorca, Halbinsel Formentor Poster in Museumsqualit\u00e4t auf langlebigem mattem (unbeschichtetem) Archivpapier. &#8211; Papiergewicht: 250 g \/ m\u00b2 [&hellip;]","og_url":"https:\/\/www.raxxa.com\/fr\/shop\/mallorca-ausblick-auf-der-halbinsel-formentor\/","og_site_name":"raxxa","article_publisher":"https:\/\/facebook.com\/raxxacom","article_modified_time":"2022-07-06T22:42:21+00:00","og_image":[{"width":800,"height":800,"url":"https:\/\/www.raxxa.com\/wp-content\/uploads\/2022\/07\/218-3219-Mallorca-Ausblick-auf-der-Halbinsel-Formentor-Ralf-Lehmann.png","type":"image\/png"}],"twitter_card":"summary_large_image","twitter_misc":{"Disponibilit\u00e9":"En stock"},"schema":{"@context":"https:\/\/schema.org","@graph":[{"@type":["WebPage","ItemPage"],"@id":"https:\/\/www.raxxa.com\/shop\/mallorca-ausblick-auf-der-halbinsel-formentor\/","url":"https:\/\/www.raxxa.com\/shop\/mallorca-ausblick-auf-der-halbinsel-formentor\/","name":"Mallorca - Vue sur la p\u00e9ninsule de Formentor - raxxa","isPartOf":{"@id":"https:\/\/www.raxxa.com\/#website"},"primaryImageOfPage":{"@id":"https:\/\/www.raxxa.com\/shop\/mallorca-ausblick-auf-der-halbinsel-formentor\/#primaryimage"},"image":{"@id":"https:\/\/www.raxxa.com\/shop\/mallorca-ausblick-auf-der-halbinsel-formentor\/#primaryimage"},"thumbnailUrl":"https:\/\/www.raxxa.com\/wp-content\/uploads\/2022\/07\/218-3219-Mallorca-Ausblick-auf-der-Halbinsel-Formentor-Ralf-Lehmann.png","datePublished":"2022-07-06T22:41:37+00:00","dateModified":"2022-07-06T22:42:21+00:00","breadcrumb":{"@id":"https:\/\/www.raxxa.com\/shop\/mallorca-ausblick-auf-der-halbinsel-formentor\/#breadcrumb"},"inLanguage":"fr-FR","potentialAction":[{"@type":"ReadAction","target":["https:\/\/www.raxxa.com\/shop\/mallorca-ausblick-auf-der-halbinsel-formentor\/"]}]},{"@type":"ImageObject","inLanguage":"fr-FR","@id":"https:\/\/www.raxxa.com\/shop\/mallorca-ausblick-auf-der-halbinsel-formentor\/#primaryimage","url":"https:\/\/www.raxxa.com\/wp-content\/uploads\/2022\/07\/218-3219-Mallorca-Ausblick-auf-der-Halbinsel-Formentor-Ralf-Lehmann.png","contentUrl":"https:\/\/www.raxxa.com\/wp-content\/uploads\/2022\/07\/218-3219-Mallorca-Ausblick-auf-der-Halbinsel-Formentor-Ralf-Lehmann.png","width":800,"height":800},{"@type":"BreadcrumbList","@id":"https:\/\/www.raxxa.com\/shop\/mallorca-ausblick-auf-der-halbinsel-formentor\/#breadcrumb","itemListElement":[{"@type":"ListItem","position":1,"name":"Startseite","item":"https:\/\/www.raxxa.com\/"},{"@type":"ListItem","position":2,"name":"Shop","item":"https:\/\/www.raxxa.com\/it\/shop\/"},{"@type":"ListItem","position":3,"name":"Mallorca &#8211; Ausblick auf der Halbinsel Formentor"}]},{"@type":"WebSite","@id":"https:\/\/www.raxxa.com\/#website","url":"https:\/\/www.raxxa.com\/","name":"raxxa","description":"Des produits uniques et personnalis\u00e9s cr\u00e9\u00e9s par nos designers","publisher":{"@id":"https:\/\/www.raxxa.com\/#organization"},"potentialAction":[{"@type":"SearchAction","target":{"@type":"EntryPoint","urlTemplate":"https:\/\/www.raxxa.com\/?s={search_term_string}"},"query-input":{"@type":"PropertyValueSpecification","valueRequired":true,"valueName":"search_term_string"}}],"inLanguage":"fr-FR"},{"@type":"Organization","@id":"https:\/\/www.raxxa.com\/#organization","name":"raxxa","url":"https:\/\/www.raxxa.com\/","logo":{"@type":"ImageObject","inLanguage":"fr-FR","@id":"https:\/\/www.raxxa.com\/#\/schema\/logo\/image\/","url":"https:\/\/www.raxxa.com\/wp-content\/uploads\/2022\/07\/logo_v2.png","contentUrl":"https:\/\/www.raxxa.com\/wp-content\/uploads\/2022\/07\/logo_v2.png","width":380,"height":382,"caption":"raxxa"},"image":{"@id":"https:\/\/www.raxxa.com\/#\/schema\/logo\/image\/"},"sameAs":["https:\/\/facebook.com\/raxxacom"]}]},"og_availability":"instock","product_availability":"instock","product_condition":"new"},"jetpack_sharing_enabled":true,"_links":{"self":[{"href":"https:\/\/www.raxxa.com\/fr\/wp-json\/wp\/v2\/product\/149568","targetHints":{"allow":["GET"]}}],"collection":[{"href":"https:\/\/www.raxxa.com\/fr\/wp-json\/wp\/v2\/product"}],"about":[{"href":"https:\/\/www.raxxa.com\/fr\/wp-json\/wp\/v2\/types\/product"}],"replies":[{"embeddable":true,"href":"https:\/\/www.raxxa.com\/fr\/wp-json\/wp\/v2\/comments?post=149568"}],"wp:featuredmedia":[{"embeddable":true,"href":"https:\/\/www.raxxa.com\/fr\/wp-json\/wp\/v2\/media\/149558"}],"wp:attachment":[{"href":"https:\/\/www.raxxa.com\/fr\/wp-json\/wp\/v2\/media?parent=149568"}],"wp:term":[{"taxonomy":"product_brand","embeddable":true,"href":"https:\/\/www.raxxa.com\/fr\/wp-json\/wp\/v2\/product_brand?post=149568"},{"taxonomy":"product_cat","embeddable":true,"href":"https:\/\/www.raxxa.com\/fr\/wp-json\/wp\/v2\/product_cat?post=149568"},{"taxonomy":"product_tag","embeddable":true,"href":"https:\/\/www.raxxa.com\/fr\/wp-json\/wp\/v2\/product_tag?post=149568"}],"curies":[{"name":"wp","href":"https:\/\/api.w.org\/{rel}","templated":true}]}}