{"id":149271,"date":"2022-06-24T07:13:31","date_gmt":"2022-06-24T05:13:31","guid":{"rendered":"https:\/\/www.raxxa.com\/?post_type=product&#038;p=149271"},"modified":"2022-06-24T07:24:07","modified_gmt":"2022-06-24T05:24:07","slug":"organic-t-shirt-nervous","status":"publish","type":"product","link":"https:\/\/www.raxxa.com\/fr\/shop\/organic-t-shirt-nervous\/","title":{"rendered":"T-shirt organique : Nervous"},"content":{"rendered":"<div>\n  <span style='font-weight: bolder; font-size: 1rem;'>raxxa T-shirt unisexe en coton bio Nervous<\/span><br \/>\n\n<\/div>\n<div>\n  <span style='font-weight: bolder;'>con\u00e7u par Youssef Azidane<\/span>\n<\/div>\n<div>\n  <span style='font-size: 1rem;'><br \/><\/span><br \/>\n  <span style='font-size: 1rem;'>Chaque fois que vous achetez un produit raxxa, vous soutenez directement un artiste.<\/span>\n<\/div>\n<div>\n  <span style='font-weight: bolder;'><br \/><\/span><br \/>\n  \n<\/div>\n<div>\nDgtl art peut \u00eatre imprim\u00e9\n<\/div>\n<div>\n<span style='font-size: 1rem;'><br \/>\nCe T-shirt en coton organique de haute qualit\u00e9 est fabriqu\u00e9 \u00e0 partir de 100 % de coton biologique ring-spun, parfait pour les personnes soucieuses de l'environnement.<br \/>\nIl est tr\u00e8s confortable et deviendra probablement ton nouveau t-shirt pr\u00e9f\u00e9r\u00e9.<br \/>\n<\/span>\n<\/div>\n<div>\n  <span style='font-size: 1rem;'><br \/><\/span><br \/>\n  <span style='font-size: 1rem;'>Indications sur les mat\u00e9riaux :<\/span>\n<\/div>\n<p><\/p>\n<div>\n<span style='font-size: 1rem;'><\/p>\n<ul style='list-style-position: inside'>\n<li>100 % coton biologique ring-spun<\/li>\n<li>Stanley\/Stella<\/li>\n<li>Poids du tissu : 180 g\/m<\/li>\n<li>Jersey simple<\/li>\n<li>Coupe r\u00e9guli\u00e8re<\/li>\n<li>Manches mont\u00e9es<\/li>\n<li>1\u00d71-c\u00f4te au col<\/li>\n<li>Double couture cousue aux manches et \u00e0 la taille<\/li>\n<li>bande contrast\u00e9e \u00e0 l'encolure (\u00e0 l'int\u00e9rieur du dos)<\/li>\n<li>lavable \u00e0 30 degr\u00e9s, tourner vers l'int\u00e9rieur avant de repasser.<\/li>\n<\/ul>\n<p><\/span>\n<\/div>\n<div>\n  <span style='font-size: 1rem;'><br \/><\/span><br \/>\n  <span style='font-size: 1rem;'>Indication des tailles en cm :<\/span>\n<\/div>\n<p><\/p>\n<table  cellspacing='5' cellpadding='5'>\n<tbody>\n<tr>\n<td><b>Taille<\/b><\/td>\n<td><b>Longueur du corps<\/b><\/td>\n<td><b>Poitrine<\/b><\/td>\n<td><b>Longueur des manches<\/b><\/td>\n<\/tr>\n<tr>\n<td>XS<\/td>\n<td>66<\/td>\n<td>46<\/td>\n<td>19.5<\/td>\n<\/tr>\n<tr>\n<td>S<\/td>\n<td>69<\/td>\n<td>49<\/td>\n<td>20.5<\/td>\n<\/tr>\n<tr>\n<td>M<\/td>\n<td>72<\/td>\n<td>52<\/td>\n<td>21.5<\/td>\n<\/tr>\n<tr>\n<td>L<\/td>\n<td>74<\/td>\n<td>55<\/td>\n<td>22.5<\/td>\n<\/tr>\n<tr>\n<td>XL<\/td>\n<td>76<\/td>\n<td>58<\/td>\n<td>22.5<\/td>\n<\/tr>\n<tr>\n<td>2XL<\/td>\n<td>78<\/td>\n<td>61<\/td>\n<td>23.5<\/td>\n<\/tr>\n<tr>\n<td>3XL<\/td>\n<td>80<\/td>\n<td>64<\/td>\n<td>24.5<\/td>\n<\/tr>\n<\/tbody>\n<\/table>\n<p><\/p>\n<div>\n<span style='font-size: 1rem;'>Ce produit est fabriqu\u00e9 sp\u00e9cialement pour toi, sur demande, dans le design et la taille souhait\u00e9s.&nbsp;<\/span>\n<\/div>","protected":false},"excerpt":{"rendered":"<p>raxxa Unisex T-Shirt aus Bio-Baumwolle Nervous desiged by Youssef Azidane Mit jedem Kauf eines raxxa Produkts wird direkt ein K\u00fcnstler unterst\u00fctzt. Dgtl art can be printed Dieses qualitativ hochwertige organische Baumwoll-T-Shirt ist aus 100 % biologischer, ringgesponnener Baumwolle, perfekt f\u00fcr umweltbewusste Menschen. Es ist sehr bequem und wird vermutlich direkt dein neues Lieblings-Shirt. Materialhinweise: 100 [&hellip;]<\/p>\n","protected":false},"featured_media":149277,"comment_status":"open","ping_status":"closed","template":"","meta":[],"product_brand":[],"product_cat":[10346,10317,10318,10316,10315,10320,10319],"product_tag":[],"class_list":{"0":"post-149271","1":"product","2":"type-product","3":"status-publish","4":"has-post-thumbnail","6":"product_cat-youssef-azidane","7":"product_cat-damen","8":"product_cat-herren","9":"product_cat-kleidung","10":"product_cat-mode-accessoires","11":"product_cat-t-shirts-damen","12":"product_cat-t-shirts-herren","13":"product_shipping_class-versand-t-shirts1","15":"first","16":"instock","17":"taxable","18":"shipping-taxable","19":"purchasable","20":"product-type-variable"},"yoast_head":"<!-- This site is optimized with the Yoast SEO Premium plugin v27.4 (Yoast SEO v27.4) - https:\/\/yoast.com\/product\/yoast-seo-premium-wordpress\/ -->\n<title>Organic T-Shirt: Nervous - raxxa<\/title>\n<meta name=\"description\" content=\"Schauen Sie sich unser coolen T-Shirts Designs unserer K\u00fcnstler an.\" \/>\n<meta name=\"robots\" content=\"index, follow, max-snippet:-1, max-image-preview:large, max-video-preview:-1\" \/>\n<link rel=\"canonical\" href=\"https:\/\/www.raxxa.com\/fr\/shop\/organic-t-shirt-nervous\/\" \/>\n<meta property=\"og:locale\" content=\"fr_FR\" \/>\n<meta property=\"og:type\" content=\"article\" \/>\n<meta property=\"og:title\" content=\"Organic T-Shirt: Nervous\" \/>\n<meta property=\"og:description\" content=\"Schauen Sie sich unser coolen T-Shirts Designs unserer K\u00fcnstler an.\" \/>\n<meta property=\"og:url\" content=\"https:\/\/www.raxxa.com\/fr\/shop\/organic-t-shirt-nervous\/\" \/>\n<meta property=\"og:site_name\" content=\"raxxa\" \/>\n<meta property=\"article:publisher\" content=\"https:\/\/facebook.com\/raxxacom\" \/>\n<meta property=\"article:modified_time\" content=\"2022-06-24T05:24:07+00:00\" \/>\n<meta property=\"og:image\" content=\"https:\/\/www.raxxa.com\/wp-content\/uploads\/2022\/06\/raxxa-organic-unisex-t-shirt-Youssef-Azidane-Nervous-683x1024.png\" \/>\n\t<meta property=\"og:image:width\" content=\"683\" \/>\n\t<meta property=\"og:image:height\" content=\"1024\" \/>\n\t<meta property=\"og:image:type\" content=\"image\/png\" \/>\n<meta name=\"twitter:card\" content=\"summary_large_image\" \/>\n<meta name=\"twitter:label1\" content=\"Disponibilit\u00e9\" \/>\n\t<meta name=\"twitter:data1\" content=\"En stock\" \/>\n<script type=\"application\/ld+json\" class=\"yoast-schema-graph\">{\"@context\":\"https:\\\/\\\/schema.org\",\"@graph\":[{\"@type\":[\"WebPage\",\"ItemPage\"],\"@id\":\"https:\\\/\\\/www.raxxa.com\\\/shop\\\/organic-t-shirt-nervous\\\/\",\"url\":\"https:\\\/\\\/www.raxxa.com\\\/shop\\\/organic-t-shirt-nervous\\\/\",\"name\":\"Organic T-Shirt: Nervous - raxxa\",\"isPartOf\":{\"@id\":\"https:\\\/\\\/www.raxxa.com\\\/#website\"},\"primaryImageOfPage\":{\"@id\":\"https:\\\/\\\/www.raxxa.com\\\/shop\\\/organic-t-shirt-nervous\\\/#primaryimage\"},\"image\":{\"@id\":\"https:\\\/\\\/www.raxxa.com\\\/shop\\\/organic-t-shirt-nervous\\\/#primaryimage\"},\"thumbnailUrl\":\"https:\\\/\\\/www.raxxa.com\\\/wp-content\\\/uploads\\\/2022\\\/06\\\/raxxa-organic-unisex-t-shirt-Youssef-Azidane-Nervous.png\",\"datePublished\":\"2022-06-24T05:13:31+00:00\",\"dateModified\":\"2022-06-24T05:24:07+00:00\",\"description\":\"Schauen Sie sich unser coolen T-Shirts Designs unserer K\u00fcnstler an.\",\"breadcrumb\":{\"@id\":\"https:\\\/\\\/www.raxxa.com\\\/shop\\\/organic-t-shirt-nervous\\\/#breadcrumb\"},\"inLanguage\":\"fr-FR\",\"potentialAction\":[{\"@type\":\"ReadAction\",\"target\":[\"https:\\\/\\\/www.raxxa.com\\\/shop\\\/organic-t-shirt-nervous\\\/\"]}]},{\"@type\":\"ImageObject\",\"inLanguage\":\"fr-FR\",\"@id\":\"https:\\\/\\\/www.raxxa.com\\\/shop\\\/organic-t-shirt-nervous\\\/#primaryimage\",\"url\":\"https:\\\/\\\/www.raxxa.com\\\/wp-content\\\/uploads\\\/2022\\\/06\\\/raxxa-organic-unisex-t-shirt-Youssef-Azidane-Nervous.png\",\"contentUrl\":\"https:\\\/\\\/www.raxxa.com\\\/wp-content\\\/uploads\\\/2022\\\/06\\\/raxxa-organic-unisex-t-shirt-Youssef-Azidane-Nervous.png\",\"width\":1440,\"height\":2160},{\"@type\":\"BreadcrumbList\",\"@id\":\"https:\\\/\\\/www.raxxa.com\\\/shop\\\/organic-t-shirt-nervous\\\/#breadcrumb\",\"itemListElement\":[{\"@type\":\"ListItem\",\"position\":1,\"name\":\"Startseite\",\"item\":\"https:\\\/\\\/www.raxxa.com\\\/\"},{\"@type\":\"ListItem\",\"position\":2,\"name\":\"Shop\",\"item\":\"https:\\\/\\\/www.raxxa.com\\\/it\\\/shop\\\/\"},{\"@type\":\"ListItem\",\"position\":3,\"name\":\"Organic T-Shirt: Nervous\"}]},{\"@type\":\"WebSite\",\"@id\":\"https:\\\/\\\/www.raxxa.com\\\/#website\",\"url\":\"https:\\\/\\\/www.raxxa.com\\\/\",\"name\":\"raxxa\",\"description\":\"Einzigartige individuelle Produkte von unseren Designern\",\"publisher\":{\"@id\":\"https:\\\/\\\/www.raxxa.com\\\/#organization\"},\"potentialAction\":[{\"@type\":\"SearchAction\",\"target\":{\"@type\":\"EntryPoint\",\"urlTemplate\":\"https:\\\/\\\/www.raxxa.com\\\/?s={search_term_string}\"},\"query-input\":{\"@type\":\"PropertyValueSpecification\",\"valueRequired\":true,\"valueName\":\"search_term_string\"}}],\"inLanguage\":\"fr-FR\"},{\"@type\":\"Organization\",\"@id\":\"https:\\\/\\\/www.raxxa.com\\\/#organization\",\"name\":\"raxxa\",\"url\":\"https:\\\/\\\/www.raxxa.com\\\/\",\"logo\":{\"@type\":\"ImageObject\",\"inLanguage\":\"fr-FR\",\"@id\":\"https:\\\/\\\/www.raxxa.com\\\/#\\\/schema\\\/logo\\\/image\\\/\",\"url\":\"https:\\\/\\\/www.raxxa.com\\\/wp-content\\\/uploads\\\/2022\\\/07\\\/logo_v2.png\",\"contentUrl\":\"https:\\\/\\\/www.raxxa.com\\\/wp-content\\\/uploads\\\/2022\\\/07\\\/logo_v2.png\",\"width\":380,\"height\":382,\"caption\":\"raxxa\"},\"image\":{\"@id\":\"https:\\\/\\\/www.raxxa.com\\\/#\\\/schema\\\/logo\\\/image\\\/\"},\"sameAs\":[\"https:\\\/\\\/facebook.com\\\/raxxacom\"]}]}<\/script>\n<meta property=\"og:availability\" content=\"instock\" \/>\n<meta property=\"product:availability\" content=\"instock\" \/>\n<meta property=\"product:retailer_item_id\" content=\"1-104-3064-215\" \/>\n<meta property=\"product:condition\" content=\"new\" \/>\n<!-- \/ Yoast SEO Premium plugin. -->","yoast_head_json":{"title":"T-shirt organique : Nervous - raxxa","description":"Consultez nos designs de t-shirts cools r\u00e9alis\u00e9s par nos artistes.","robots":{"index":"index","follow":"follow","max-snippet":"max-snippet:-1","max-image-preview":"max-image-preview:large","max-video-preview":"max-video-preview:-1"},"canonical":"https:\/\/www.raxxa.com\/fr\/shop\/organic-t-shirt-nervous\/","og_locale":"fr_FR","og_type":"article","og_title":"Organic T-Shirt: Nervous","og_description":"Schauen Sie sich unser coolen T-Shirts Designs unserer K\u00fcnstler an.","og_url":"https:\/\/www.raxxa.com\/fr\/shop\/organic-t-shirt-nervous\/","og_site_name":"raxxa","article_publisher":"https:\/\/facebook.com\/raxxacom","article_modified_time":"2022-06-24T05:24:07+00:00","og_image":[{"width":683,"height":1024,"url":"https:\/\/www.raxxa.com\/wp-content\/uploads\/2022\/06\/raxxa-organic-unisex-t-shirt-Youssef-Azidane-Nervous-683x1024.png","type":"image\/png"}],"twitter_card":"summary_large_image","twitter_misc":{"Disponibilit\u00e9":"En stock"},"schema":{"@context":"https:\/\/schema.org","@graph":[{"@type":["WebPage","ItemPage"],"@id":"https:\/\/www.raxxa.com\/shop\/organic-t-shirt-nervous\/","url":"https:\/\/www.raxxa.com\/shop\/organic-t-shirt-nervous\/","name":"T-shirt organique : Nervous - raxxa","isPartOf":{"@id":"https:\/\/www.raxxa.com\/#website"},"primaryImageOfPage":{"@id":"https:\/\/www.raxxa.com\/shop\/organic-t-shirt-nervous\/#primaryimage"},"image":{"@id":"https:\/\/www.raxxa.com\/shop\/organic-t-shirt-nervous\/#primaryimage"},"thumbnailUrl":"https:\/\/www.raxxa.com\/wp-content\/uploads\/2022\/06\/raxxa-organic-unisex-t-shirt-Youssef-Azidane-Nervous.png","datePublished":"2022-06-24T05:13:31+00:00","dateModified":"2022-06-24T05:24:07+00:00","description":"Consultez nos designs de t-shirts cools r\u00e9alis\u00e9s par nos artistes.","breadcrumb":{"@id":"https:\/\/www.raxxa.com\/shop\/organic-t-shirt-nervous\/#breadcrumb"},"inLanguage":"fr-FR","potentialAction":[{"@type":"ReadAction","target":["https:\/\/www.raxxa.com\/shop\/organic-t-shirt-nervous\/"]}]},{"@type":"ImageObject","inLanguage":"fr-FR","@id":"https:\/\/www.raxxa.com\/shop\/organic-t-shirt-nervous\/#primaryimage","url":"https:\/\/www.raxxa.com\/wp-content\/uploads\/2022\/06\/raxxa-organic-unisex-t-shirt-Youssef-Azidane-Nervous.png","contentUrl":"https:\/\/www.raxxa.com\/wp-content\/uploads\/2022\/06\/raxxa-organic-unisex-t-shirt-Youssef-Azidane-Nervous.png","width":1440,"height":2160},{"@type":"BreadcrumbList","@id":"https:\/\/www.raxxa.com\/shop\/organic-t-shirt-nervous\/#breadcrumb","itemListElement":[{"@type":"ListItem","position":1,"name":"Startseite","item":"https:\/\/www.raxxa.com\/"},{"@type":"ListItem","position":2,"name":"Shop","item":"https:\/\/www.raxxa.com\/it\/shop\/"},{"@type":"ListItem","position":3,"name":"Organic T-Shirt: Nervous"}]},{"@type":"WebSite","@id":"https:\/\/www.raxxa.com\/#website","url":"https:\/\/www.raxxa.com\/","name":"raxxa","description":"Des produits uniques et personnalis\u00e9s cr\u00e9\u00e9s par nos designers","publisher":{"@id":"https:\/\/www.raxxa.com\/#organization"},"potentialAction":[{"@type":"SearchAction","target":{"@type":"EntryPoint","urlTemplate":"https:\/\/www.raxxa.com\/?s={search_term_string}"},"query-input":{"@type":"PropertyValueSpecification","valueRequired":true,"valueName":"search_term_string"}}],"inLanguage":"fr-FR"},{"@type":"Organization","@id":"https:\/\/www.raxxa.com\/#organization","name":"raxxa","url":"https:\/\/www.raxxa.com\/","logo":{"@type":"ImageObject","inLanguage":"fr-FR","@id":"https:\/\/www.raxxa.com\/#\/schema\/logo\/image\/","url":"https:\/\/www.raxxa.com\/wp-content\/uploads\/2022\/07\/logo_v2.png","contentUrl":"https:\/\/www.raxxa.com\/wp-content\/uploads\/2022\/07\/logo_v2.png","width":380,"height":382,"caption":"raxxa"},"image":{"@id":"https:\/\/www.raxxa.com\/#\/schema\/logo\/image\/"},"sameAs":["https:\/\/facebook.com\/raxxacom"]}]},"og_availability":"instock","product_availability":"instock","product_retailer_item_id":"1-104-3064-215","product_condition":"new"},"jetpack_sharing_enabled":true,"_links":{"self":[{"href":"https:\/\/www.raxxa.com\/fr\/wp-json\/wp\/v2\/product\/149271","targetHints":{"allow":["GET"]}}],"collection":[{"href":"https:\/\/www.raxxa.com\/fr\/wp-json\/wp\/v2\/product"}],"about":[{"href":"https:\/\/www.raxxa.com\/fr\/wp-json\/wp\/v2\/types\/product"}],"replies":[{"embeddable":true,"href":"https:\/\/www.raxxa.com\/fr\/wp-json\/wp\/v2\/comments?post=149271"}],"wp:featuredmedia":[{"embeddable":true,"href":"https:\/\/www.raxxa.com\/fr\/wp-json\/wp\/v2\/media\/149277"}],"wp:attachment":[{"href":"https:\/\/www.raxxa.com\/fr\/wp-json\/wp\/v2\/media?parent=149271"}],"wp:term":[{"taxonomy":"product_brand","embeddable":true,"href":"https:\/\/www.raxxa.com\/fr\/wp-json\/wp\/v2\/product_brand?post=149271"},{"taxonomy":"product_cat","embeddable":true,"href":"https:\/\/www.raxxa.com\/fr\/wp-json\/wp\/v2\/product_cat?post=149271"},{"taxonomy":"product_tag","embeddable":true,"href":"https:\/\/www.raxxa.com\/fr\/wp-json\/wp\/v2\/product_tag?post=149271"}],"curies":[{"name":"wp","href":"https:\/\/api.w.org\/{rel}","templated":true}]}}