{"id":143655,"date":"2022-05-16T09:48:00","date_gmt":"2022-05-16T07:48:00","guid":{"rendered":"https:\/\/www.raxxa.com\/shop\/the-encryption\/"},"modified":"2022-05-16T09:48:26","modified_gmt":"2022-05-16T07:48:26","slug":"the-encryption","status":"publish","type":"product","link":"https:\/\/www.raxxa.com\/fr\/shop\/the-encryption\/","title":{"rendered":"L'encryption"},"content":{"rendered":"<div><b>&#8222;The encryption&#8220; by Elisabeth Grosse<\/b><\/div>\n<div><b><br \/><\/b><\/div>\n<div><\/div>\n<div><\/div>\n<div>Illustration de mode num\u00e9rique, inspir\u00e9e de la mode historique et d'Artdeco.<\/p>\n<p>Con\u00e7ue et cr\u00e9\u00e9e avec des techniques de crayon et de collage num\u00e9rique.<\/p>\n<p>L'utilisation non autoris\u00e9e, y compris la copie et la reproduction de cette image \u00e0 des fins de publication et de vente, est interdite. <br \/>L'achat ne transf\u00e8re aucun droit d'auteur. L'artwork est uniquement destin\u00e9 \u00e0 un usage personnel.<\/p>\n<p>Copyright LIZITA<\/p><\/div>\n<div><b><br \/><\/b><\/div>\n<div><\/div>\n<div><\/div>\n<div>- Impression photo sur aluminium dibond 3mm avec rev\u00eatement blanc<\/div>\n<div>- Impression directe sur l'aluminium Encres de haute qualit\u00e9<\/div>\n<div>- Une bonne gradation des tons assure une reproduction exacte<\/div>\n<div><span style=\"font-size: 1rem\">- Mat et anti-\u00e9blouissant<\/span><\/div>\n<div><span style=\"font-size: 1rem\">- Set de suspension inclus<\/span><\/div>\n<div><\/div>\n<div>Votre motif et votre taille individuelle ne seront produits et envoy\u00e9s qu'apr\u00e8s r\u00e9ception de votre commande.<\/div>\n<div><span style=\"font-size: 1rem\">Si vous souhaitez une autre taille, n'h\u00e9sitez pas \u00e0 nous la demander.<\/span><\/div>\n<p>mode fashion modernart modernkunst modeillustration fashionillustration mixed design designer digitaldesign printdesign digital illustration contemporain dessin graffiti street artwork streetart urbanart urbanart unique woman women womenart #fineart expressif surr\u00e9el photoshop art digitalart design textile design de mode textile designer de mode visual visualart poster photo photo fineartfoto fineartfoto fineart photography photoart pencil ink marker bar cafe restaurant cocktail tapas salon lounge hairdresser portrait figurative figurative womanart eyes coiffeur stylist strong multicolore couleur nuances de rouge jaune rose fonc\u00e9 rouge fonc\u00e9 hotel lobby cocktailbar hotelbar interior fashioninterior gallerie exposition exhibition art exposition printondemand int\u00e9rieur am\u00e9nagement int\u00e9rieur posterart image contraste expressionniste haut format impression art num\u00e9rique impression d'art num\u00e9rique visage face abstract abstract market wall wall art giclee dessin de mode peinture artdeco deco deco accrocher salle collection collection artnouveau electic espace entr\u00e9e dinner kamin wintergarden office bureau beau #beautiful beauty portrait femme art make-up artdecohotels int\u00e9rieur d'h\u00f4tel int\u00e9rieur de restaurant d\u00eener soir\u00e9e d\u00e9coration murale toile d\u00e9coration murale spraypaint forum artforum exposition de groupe magazine coverart foire d'art artfair trench v\u00eatements v\u00eatements wall wallart deco t t-shirt hanging cool new bold dining repas culture f\u00eate ambiance festive couture trench-coat pr\u00e9sentation murale fine magazine de mode fashion magazine illusiv illusive theater opera music venue drama film motion creative experiment experimental gala table room artroom classy experimental inspiration inspire card birthday card large large anniversaire christmas no\u00ebl style london style nouveau media medium fashiondesigner illustrateur graphic model fashionart mode art artistique love sketch croquis de mode brixton banksy londonart scene artscene sceneer effect aquarelle acrylique trendy spot outfit stylis\u00e9 placide robe chemise pantalon shorts boutique spa wellness m\u00e9ditation #beaut\u00e9 cabinet arttherapy therapy art therapy peinture th\u00e9rapie peinture dessiner espace mus\u00e9e aquarelle top partie aestetic esth\u00e9tique life haut de gamme couleur ma\u00eetre papier esprit artsy collage artist artesania rebel popart show display cartoon comic comics manga vogue envogue muse fashionweek blogger fashionshoot fashionphoto fashionfotography fashionshot passion paint vintage hall hallway doorway patio conservatory fireplace place fire chimney parlor tattoo stage venues royal queen king atrium opening melusine lorelei female celestine celestial star tales fairytales medusa story storyteller storytelling splash festival summer vibes beach club clubbing curator sammler artdealer curator study studies teach artteacher tutor library vision presentation catalogue vip fragrance perfume perfumery parfumerie scent girl gin sky costume costumedesign costumehistory studio artspace historical showstudio knight nick nickknight store storedesign moods biennale newyork nature home sale installation projection class workshop sales retail retailer ecommerce market buzz buying buyer sold seller bestseller masterpiece big venus dazed showroom dance dance dream dreams wonder premium highclass quality halloween black blackfriday festive collective paper runway foam hard catwalk board canvas original red redcarpet carpet accessories accessories bag hand detail detailed poetic poem poetry fiction move transform transformation metamorphose spark sparkle gossip boho celeb layout fit furnishings features explore smart expressiveart artlife artinspo artnews craft craftspire maker creator soul jazz jazzy worksonpaper obsession paintflow artformale artmarketing vente aux ench\u00e8res promote artfeed artlove printemps oc\u00e9an fleur fleur romantic romance livre livres caf\u00e9t\u00e9ria \u00e9tag\u00e8res bookshelf mer ch\u00e2teau manoir palce chateau villa provence generous victorian edwardian luxe r\u00e9sidence luxe artresidency eyou manor propri\u00e9t\u00e9 estate artistry sellingart #artforsalebyartist #artforsaleonline #artforsalebygallery #sellingart #sellingartwork #sellingartonline #commissionart #openforcommission lizita shopify magento woocommerce marketing digital bigcommerce onlinestore businessowner contentmarketing social socialmedia ubahn metro underground metropolitan mode figurine figurine pattern design pattern ornement ornemental ch\u00e2teau parc conte de f\u00e9es personnage culte cult character<\/p>","protected":false},"excerpt":{"rendered":"<p>&#8222;The encryption&#8220; by Elisabeth Grosse Digital Fashion Illustration, inspired by historic fashion and Artdeco. Designed and created with pencil and digital collage techniques. Unauthorized use including copying- reproduction of this image for publication and sale is not permitted. Purchase does not transfer any copyright. Artwork is for personal use only. \u00a9 Copyright LIZITA &#8211; Foto [&hellip;]<\/p>\n","protected":false},"featured_media":143648,"comment_status":"open","ping_status":"closed","template":"","meta":[],"product_brand":[],"product_cat":[10340],"product_tag":[7933,7466,7362,9440,8470,7397,7389,7480,10024,8224,9073,9465,8994,7365,7676,7831,7934,7870,9151,8969,7911,9679,9516,9780,7383,7702,7393,7691,7492,8753,10040,10055,9295,8733,8016,8886,7427,8226,10041,7694,9776,8238,8767,9422,10003,8150,7417,8192,7370,8476,7537,7868,7364,7885,8229,7646,8353,9102,7877,7637,8689,7580,7752,9127,9416,7711,8266,7577,8240,7980,7391,7573,7403,8992,9782,8376,7517,8459,9680,9832,7754,7913,8146,8585,7368,9267,9613,7372,7546,9775,7872,10025,7696,9417,7629,8096,8928,8462,10043,7530,8839,8702,8307,8304,8417,7736,9767,7583,7798,8203,8775,10008,7498,8975,7871,9941,8482,7390,7638],"class_list":{"0":"post-143655","1":"product","2":"type-product","3":"status-publish","4":"has-post-thumbnail","6":"product_cat-elisabeth-grosse","7":"product_tag-abend","8":"product_tag-abendessen","9":"product_tag-abstrakt","10":"product_tag-accessoire","11":"product_tag-accessoires","12":"product_tag-acryl","13":"product_tag-aquarell","14":"product_tag-art","15":"product_tag-atrium","16":"product_tag-ausstellung","17":"product_tag-bar","18":"product_tag-bekleidung","19":"product_tag-big","20":"product_tag-bild","21":"product_tag-blume","22":"product_tag-blumig","23":"product_tag-buero","24":"product_tag-canvas","25":"product_tag-cartoon","26":"product_tag-club","27":"product_tag-collage","28":"product_tag-comic","29":"product_tag-cool","30":"product_tag-dance","31":"product_tag-deko","32":"product_tag-dekor","33":"product_tag-design","34":"product_tag-designer","35":"product_tag-detail","36":"product_tag-digital-2","37":"product_tag-digitalart","38":"product_tag-drama","39":"product_tag-druck","40":"product_tag-duft","41":"product_tag-dunkel","42":"product_tag-eingang","43":"product_tag-essen","44":"product_tag-expressionist","45":"product_tag-farbig","46":"product_tag-fashion","47":"product_tag-female","48":"product_tag-fest","49":"product_tag-film","50":"product_tag-fit","51":"product_tag-format","52":"product_tag-foto","53":"product_tag-fotografie","54":"product_tag-geburtstag","55":"product_tag-gelb","56":"product_tag-gesicht","57":"product_tag-girl","58":"product_tag-graffiti","59":"product_tag-grafik","60":"product_tag-gross","61":"product_tag-halloween","62":"product_tag-hand","63":"product_tag-haengend","64":"product_tag-hemd","65":"product_tag-hoch","66":"product_tag-illustration","67":"product_tag-innenausstattung","68":"product_tag-inspiration","69":"product_tag-karte","70":"product_tag-kleid","71":"product_tag-kleidung","72":"product_tag-kollektion","73":"product_tag-kontrast","74":"product_tag-kreativ","75":"product_tag-kult","76":"product_tag-kultur","77":"product_tag-kunst","78":"product_tag-kuenstler","79":"product_tag-kuenstlerisch","80":"product_tag-london","81":"product_tag-love","82":"product_tag-luxus","83":"product_tag-make-up","84":"product_tag-malen","85":"product_tag-manga","86":"product_tag-maerchen","87":"product_tag-marketing","88":"product_tag-markt","89":"product_tag-media","90":"product_tag-meditation","91":"product_tag-mehrfarbig","92":"product_tag-mode","93":"product_tag-museum","94":"product_tag-muster","95":"product_tag-natur","96":"product_tag-nature","97":"product_tag-neu","98":"product_tag-office","99":"product_tag-original","100":"product_tag-outfit","101":"product_tag-papier","102":"product_tag-park","103":"product_tag-passion","104":"product_tag-pink","105":"product_tag-popart","106":"product_tag-portrait","107":"product_tag-raum","108":"product_tag-salon","109":"product_tag-schoen","110":"product_tag-show","111":"product_tag-spa","112":"product_tag-stil","113":"product_tag-stimmung","114":"product_tag-studio","115":"product_tag-summer","116":"product_tag-teil","117":"product_tag-theater","118":"product_tag-transformation","119":"product_tag-vintage","120":"product_tag-wall","121":"product_tag-wand","122":"product_tag-weihnachten","123":"product_tag-wellness","124":"product_tag-zeichnung","125":"product_tag-zeitgenoessisch","127":"first","128":"instock","129":"taxable","130":"shipping-taxable","131":"purchasable","132":"product-type-variable"},"yoast_head":"<!-- This site is optimized with the Yoast SEO Premium plugin v27.2 (Yoast SEO v27.3) - https:\/\/yoast.com\/product\/yoast-seo-premium-wordpress\/ -->\n<title>The encryption - raxxa<\/title>\n<meta name=\"robots\" content=\"index, follow, max-snippet:-1, max-image-preview:large, max-video-preview:-1\" \/>\n<link rel=\"canonical\" href=\"https:\/\/www.raxxa.com\/fr\/shop\/the-encryption\/\" \/>\n<meta property=\"og:locale\" content=\"fr_FR\" \/>\n<meta property=\"og:type\" content=\"article\" \/>\n<meta property=\"og:title\" content=\"The encryption\" \/>\n<meta property=\"og:description\" content=\"&#8222;The encryption&#8220; by Elisabeth Grosse Digital Fashion Illustration, inspired by historic fashion and Artdeco. Designed and created with pencil and digital collage techniques. Unauthorized use including copying- reproduction of this image for publication and sale is not permitted. Purchase does not transfer any copyright. Artwork is for personal use only. \u00a9 Copyright LIZITA &#8211; Foto [&hellip;]\" \/>\n<meta property=\"og:url\" content=\"https:\/\/www.raxxa.com\/fr\/shop\/the-encryption\/\" \/>\n<meta property=\"og:site_name\" content=\"raxxa\" \/>\n<meta property=\"article:publisher\" content=\"https:\/\/facebook.com\/raxxacom\" \/>\n<meta property=\"article:modified_time\" content=\"2022-05-16T07:48:26+00:00\" \/>\n<meta property=\"og:image\" content=\"https:\/\/www.raxxa.com\/wp-content\/uploads\/2022\/05\/202-2961-The-encryption-Elisabeth-Grosse.png\" \/>\n\t<meta property=\"og:image:width\" content=\"800\" \/>\n\t<meta property=\"og:image:height\" content=\"800\" \/>\n\t<meta property=\"og:image:type\" content=\"image\/png\" \/>\n<meta name=\"twitter:card\" content=\"summary_large_image\" \/>\n<meta name=\"twitter:label1\" content=\"Disponibilit\u00e9\" \/>\n\t<meta name=\"twitter:data1\" content=\"En stock\" \/>\n<script type=\"application\/ld+json\" class=\"yoast-schema-graph\">{\"@context\":\"https:\\\/\\\/schema.org\",\"@graph\":[{\"@type\":[\"WebPage\",\"ItemPage\"],\"@id\":\"https:\\\/\\\/www.raxxa.com\\\/shop\\\/the-encryption\\\/\",\"url\":\"https:\\\/\\\/www.raxxa.com\\\/shop\\\/the-encryption\\\/\",\"name\":\"The encryption - raxxa\",\"isPartOf\":{\"@id\":\"https:\\\/\\\/www.raxxa.com\\\/#website\"},\"primaryImageOfPage\":{\"@id\":\"https:\\\/\\\/www.raxxa.com\\\/shop\\\/the-encryption\\\/#primaryimage\"},\"image\":{\"@id\":\"https:\\\/\\\/www.raxxa.com\\\/shop\\\/the-encryption\\\/#primaryimage\"},\"thumbnailUrl\":\"https:\\\/\\\/www.raxxa.com\\\/wp-content\\\/uploads\\\/2022\\\/05\\\/202-2961-The-encryption-Elisabeth-Grosse.png\",\"datePublished\":\"2022-05-16T07:48:00+00:00\",\"dateModified\":\"2022-05-16T07:48:26+00:00\",\"breadcrumb\":{\"@id\":\"https:\\\/\\\/www.raxxa.com\\\/shop\\\/the-encryption\\\/#breadcrumb\"},\"inLanguage\":\"fr-FR\",\"potentialAction\":[{\"@type\":\"ReadAction\",\"target\":[\"https:\\\/\\\/www.raxxa.com\\\/shop\\\/the-encryption\\\/\"]}]},{\"@type\":\"ImageObject\",\"inLanguage\":\"fr-FR\",\"@id\":\"https:\\\/\\\/www.raxxa.com\\\/shop\\\/the-encryption\\\/#primaryimage\",\"url\":\"https:\\\/\\\/www.raxxa.com\\\/wp-content\\\/uploads\\\/2022\\\/05\\\/202-2961-The-encryption-Elisabeth-Grosse.png\",\"contentUrl\":\"https:\\\/\\\/www.raxxa.com\\\/wp-content\\\/uploads\\\/2022\\\/05\\\/202-2961-The-encryption-Elisabeth-Grosse.png\",\"width\":800,\"height\":800},{\"@type\":\"BreadcrumbList\",\"@id\":\"https:\\\/\\\/www.raxxa.com\\\/shop\\\/the-encryption\\\/#breadcrumb\",\"itemListElement\":[{\"@type\":\"ListItem\",\"position\":1,\"name\":\"Startseite\",\"item\":\"https:\\\/\\\/www.raxxa.com\\\/\"},{\"@type\":\"ListItem\",\"position\":2,\"name\":\"Shop\",\"item\":\"https:\\\/\\\/www.raxxa.com\\\/it\\\/shop\\\/\"},{\"@type\":\"ListItem\",\"position\":3,\"name\":\"The encryption\"}]},{\"@type\":\"WebSite\",\"@id\":\"https:\\\/\\\/www.raxxa.com\\\/#website\",\"url\":\"https:\\\/\\\/www.raxxa.com\\\/\",\"name\":\"raxxa\",\"description\":\"Einzigartige individuelle Produkte von unseren Designern\",\"publisher\":{\"@id\":\"https:\\\/\\\/www.raxxa.com\\\/#organization\"},\"potentialAction\":[{\"@type\":\"SearchAction\",\"target\":{\"@type\":\"EntryPoint\",\"urlTemplate\":\"https:\\\/\\\/www.raxxa.com\\\/?s={search_term_string}\"},\"query-input\":{\"@type\":\"PropertyValueSpecification\",\"valueRequired\":true,\"valueName\":\"search_term_string\"}}],\"inLanguage\":\"fr-FR\"},{\"@type\":\"Organization\",\"@id\":\"https:\\\/\\\/www.raxxa.com\\\/#organization\",\"name\":\"raxxa\",\"url\":\"https:\\\/\\\/www.raxxa.com\\\/\",\"logo\":{\"@type\":\"ImageObject\",\"inLanguage\":\"fr-FR\",\"@id\":\"https:\\\/\\\/www.raxxa.com\\\/#\\\/schema\\\/logo\\\/image\\\/\",\"url\":\"https:\\\/\\\/www.raxxa.com\\\/wp-content\\\/uploads\\\/2022\\\/07\\\/logo_v2.png\",\"contentUrl\":\"https:\\\/\\\/www.raxxa.com\\\/wp-content\\\/uploads\\\/2022\\\/07\\\/logo_v2.png\",\"width\":380,\"height\":382,\"caption\":\"raxxa\"},\"image\":{\"@id\":\"https:\\\/\\\/www.raxxa.com\\\/#\\\/schema\\\/logo\\\/image\\\/\"},\"sameAs\":[\"https:\\\/\\\/facebook.com\\\/raxxacom\"]}]}<\/script>\n<meta property=\"og:availability\" content=\"instock\" \/>\n<meta property=\"product:availability\" content=\"instock\" \/>\n<meta property=\"product:condition\" content=\"new\" \/>\n<!-- \/ Yoast SEO Premium plugin. -->","yoast_head_json":{"title":"L'encryption - raxxa","robots":{"index":"index","follow":"follow","max-snippet":"max-snippet:-1","max-image-preview":"max-image-preview:large","max-video-preview":"max-video-preview:-1"},"canonical":"https:\/\/www.raxxa.com\/fr\/shop\/the-encryption\/","og_locale":"fr_FR","og_type":"article","og_title":"The encryption","og_description":"&#8222;The encryption&#8220; by Elisabeth Grosse Digital Fashion Illustration, inspired by historic fashion and Artdeco. Designed and created with pencil and digital collage techniques. Unauthorized use including copying- reproduction of this image for publication and sale is not permitted. Purchase does not transfer any copyright. Artwork is for personal use only. \u00a9 Copyright LIZITA &#8211; Foto [&hellip;]","og_url":"https:\/\/www.raxxa.com\/fr\/shop\/the-encryption\/","og_site_name":"raxxa","article_publisher":"https:\/\/facebook.com\/raxxacom","article_modified_time":"2022-05-16T07:48:26+00:00","og_image":[{"width":800,"height":800,"url":"https:\/\/www.raxxa.com\/wp-content\/uploads\/2022\/05\/202-2961-The-encryption-Elisabeth-Grosse.png","type":"image\/png"}],"twitter_card":"summary_large_image","twitter_misc":{"Disponibilit\u00e9":"En stock"},"schema":{"@context":"https:\/\/schema.org","@graph":[{"@type":["WebPage","ItemPage"],"@id":"https:\/\/www.raxxa.com\/shop\/the-encryption\/","url":"https:\/\/www.raxxa.com\/shop\/the-encryption\/","name":"L'encryption - raxxa","isPartOf":{"@id":"https:\/\/www.raxxa.com\/#website"},"primaryImageOfPage":{"@id":"https:\/\/www.raxxa.com\/shop\/the-encryption\/#primaryimage"},"image":{"@id":"https:\/\/www.raxxa.com\/shop\/the-encryption\/#primaryimage"},"thumbnailUrl":"https:\/\/www.raxxa.com\/wp-content\/uploads\/2022\/05\/202-2961-The-encryption-Elisabeth-Grosse.png","datePublished":"2022-05-16T07:48:00+00:00","dateModified":"2022-05-16T07:48:26+00:00","breadcrumb":{"@id":"https:\/\/www.raxxa.com\/shop\/the-encryption\/#breadcrumb"},"inLanguage":"fr-FR","potentialAction":[{"@type":"ReadAction","target":["https:\/\/www.raxxa.com\/shop\/the-encryption\/"]}]},{"@type":"ImageObject","inLanguage":"fr-FR","@id":"https:\/\/www.raxxa.com\/shop\/the-encryption\/#primaryimage","url":"https:\/\/www.raxxa.com\/wp-content\/uploads\/2022\/05\/202-2961-The-encryption-Elisabeth-Grosse.png","contentUrl":"https:\/\/www.raxxa.com\/wp-content\/uploads\/2022\/05\/202-2961-The-encryption-Elisabeth-Grosse.png","width":800,"height":800},{"@type":"BreadcrumbList","@id":"https:\/\/www.raxxa.com\/shop\/the-encryption\/#breadcrumb","itemListElement":[{"@type":"ListItem","position":1,"name":"Startseite","item":"https:\/\/www.raxxa.com\/"},{"@type":"ListItem","position":2,"name":"Shop","item":"https:\/\/www.raxxa.com\/it\/shop\/"},{"@type":"ListItem","position":3,"name":"The encryption"}]},{"@type":"WebSite","@id":"https:\/\/www.raxxa.com\/#website","url":"https:\/\/www.raxxa.com\/","name":"raxxa","description":"Des produits uniques et personnalis\u00e9s cr\u00e9\u00e9s par nos designers","publisher":{"@id":"https:\/\/www.raxxa.com\/#organization"},"potentialAction":[{"@type":"SearchAction","target":{"@type":"EntryPoint","urlTemplate":"https:\/\/www.raxxa.com\/?s={search_term_string}"},"query-input":{"@type":"PropertyValueSpecification","valueRequired":true,"valueName":"search_term_string"}}],"inLanguage":"fr-FR"},{"@type":"Organization","@id":"https:\/\/www.raxxa.com\/#organization","name":"raxxa","url":"https:\/\/www.raxxa.com\/","logo":{"@type":"ImageObject","inLanguage":"fr-FR","@id":"https:\/\/www.raxxa.com\/#\/schema\/logo\/image\/","url":"https:\/\/www.raxxa.com\/wp-content\/uploads\/2022\/07\/logo_v2.png","contentUrl":"https:\/\/www.raxxa.com\/wp-content\/uploads\/2022\/07\/logo_v2.png","width":380,"height":382,"caption":"raxxa"},"image":{"@id":"https:\/\/www.raxxa.com\/#\/schema\/logo\/image\/"},"sameAs":["https:\/\/facebook.com\/raxxacom"]}]},"og_availability":"instock","product_availability":"instock","product_condition":"new"},"jetpack_sharing_enabled":true,"_links":{"self":[{"href":"https:\/\/www.raxxa.com\/fr\/wp-json\/wp\/v2\/product\/143655","targetHints":{"allow":["GET"]}}],"collection":[{"href":"https:\/\/www.raxxa.com\/fr\/wp-json\/wp\/v2\/product"}],"about":[{"href":"https:\/\/www.raxxa.com\/fr\/wp-json\/wp\/v2\/types\/product"}],"replies":[{"embeddable":true,"href":"https:\/\/www.raxxa.com\/fr\/wp-json\/wp\/v2\/comments?post=143655"}],"wp:featuredmedia":[{"embeddable":true,"href":"https:\/\/www.raxxa.com\/fr\/wp-json\/wp\/v2\/media\/143648"}],"wp:attachment":[{"href":"https:\/\/www.raxxa.com\/fr\/wp-json\/wp\/v2\/media?parent=143655"}],"wp:term":[{"taxonomy":"product_brand","embeddable":true,"href":"https:\/\/www.raxxa.com\/fr\/wp-json\/wp\/v2\/product_brand?post=143655"},{"taxonomy":"product_cat","embeddable":true,"href":"https:\/\/www.raxxa.com\/fr\/wp-json\/wp\/v2\/product_cat?post=143655"},{"taxonomy":"product_tag","embeddable":true,"href":"https:\/\/www.raxxa.com\/fr\/wp-json\/wp\/v2\/product_tag?post=143655"}],"curies":[{"name":"wp","href":"https:\/\/api.w.org\/{rel}","templated":true}]}}