{"id":143559,"date":"2022-05-16T09:39:54","date_gmt":"2022-05-16T07:39:54","guid":{"rendered":"https:\/\/www.raxxa.com\/shop\/graffiti-trench\/"},"modified":"2022-05-16T09:40:21","modified_gmt":"2022-05-16T07:40:21","slug":"graffiti-trench","status":"publish","type":"product","link":"https:\/\/www.raxxa.com\/fr\/shop\/graffiti-trench\/","title":{"rendered":"Graffiti Trench"},"content":{"rendered":"<div><b>\"Graffiti Trench\" par Elisabeth Grosse<\/b><\/div>\n<div><b><br \/><\/b><\/div>\n<div><\/div>\n<div><\/div>\n<div>Illustration de mode, inspir\u00e9e par le graffiti et le street art. <\/p>\n<p>Con\u00e7u et cr\u00e9\u00e9 au crayon et num\u00e9riquement avec Photoshop.<\/p>\n<p>L'utilisation non autoris\u00e9e, y compris la copie et la reproduction de cette image \u00e0 des fins de publication et de vente, est interdite. <br \/>L'achat ne transf\u00e8re aucun droit d'auteur. L'artwork est uniquement destin\u00e9 \u00e0 un usage personnel.<\/p>\n<p>Copyright LIZITA<\/p><\/div>\n<div><b><br \/><\/b><\/div>\n<div><\/div>\n<div><\/div>\n<div>- Impression photo sur aluminium dibond 3mm avec rev\u00eatement blanc<\/div>\n<div>- Impression directe sur l'aluminium Encres de haute qualit\u00e9<\/div>\n<div>- Une bonne gradation des tons assure une reproduction exacte<\/div>\n<div><span style=\"font-size: 1rem\">- Mat et anti-\u00e9blouissant<\/span><\/div>\n<div><span style=\"font-size: 1rem\">- Set de suspension inclus<\/span><\/div>\n<div><\/div>\n<div>Votre motif et votre taille individuelle ne seront produits et envoy\u00e9s qu'apr\u00e8s r\u00e9ception de votre commande.<\/div>\n<div><span style=\"font-size: 1rem\">Si vous souhaitez une autre taille, n'h\u00e9sitez pas \u00e0 nous la demander.<\/span><\/div>\n<p>mode fashion modernart modernkunst modeillustration fashionillustration mixed design designer digitaldesign printdesign digital illustration contemporaine dessin graffiti street artwork streetart urban urbanart unique woman women womenart #fineart expressif surr\u00e9el photoshop art digitalart design textile design de mode textile designer de mode visual visualart poster photo photo fineartfoto fineartfoto fineart photography photoart pencil ink marker bar cafe restaurant cocktail tapas salon lounge hairdresser portrait figurative figurative womanart eyes coiffeur stylist strong multicolore couleur tons rouges jaune rose fonc\u00e9 rouge fonc\u00e9 hotel lobby cocktailbar hotelbar interior fashioninterior gallerie exposition exposition d'art printondemand int\u00e9rieur am\u00e9nagement int\u00e9rieur posterart image contraste expressionniste haut format impression art num\u00e9rique impression d'art num\u00e9rique visage face abstract abstract market wall wall art giclee dessin de mode peinture artdeco deco deco accrocher salle collection collection artnouveau electic espace entr\u00e9e dinner kamin wintergarden office office beau #beautiful beauty portrait femme art make-up artdecohotels int\u00e9rieur d'h\u00f4tel int\u00e9rieur de restaurant d\u00eener soir\u00e9e d\u00e9coration murale toile d\u00e9coration murale spraypaint forum artforum exposition de groupe magazine coverart foire d'art artfair trench v\u00eatements v\u00eatements wall wallart deco t t-shirt hanging cool new bold dining repas culture f\u00eate ambiance festive couture trench-coat pr\u00e9sentation murale fine magazine de mode fashion magazine illusiv illusive theater opera music venue drama film motion creative experiment experimental gala table room artroom classy experimental inspiration inspire card anniversaire carte grande large anniversaire christmas style de no\u00ebl london style nouveau media medium fashiondesigner illustrateur graphique graphic model fashionart mode art artistique love sketch esquisse mode esquisse brixton banksy londonart scene artscene sc\u00e8ne effet aquarelle acrylique tendance spot tenue styl\u00e9e plaquante robe chemise pantalon short boutique spa wellness m\u00e9ditation #beaut\u00e9 pratique arttherapy therapy art therapy peindre dessiner espace mus\u00e9e aquarelle top partie aestetic esth\u00e9tique life de qualit\u00e9 sup\u00e9rieure colour colourful master papier esprit artsy collage artist artesania rebel popart show display cartoon comic comics manga vogue envogue muse fashionweek blogger fashionshoot fashionphoto fashionfotography fashionshot passion paint vintage hall hall doorway patio conservatory fireplace place fire chimney parlor tattoo stage venues royal queen king atrium opening melusine lorelei female celestine celestial star tales fairytales medusa storyteller storytelling splash festival summer vibes beach club clubbing curator collectionneur artdealer curator study studies teach artteacher tutor library vision presentation catalogue vip fragrance perfume perfumery parfum scent girl gin sky costumedesign costumehistory studio artspace historical showstudio knight nick nickknight storedesign storedesign moods biennale newyork nature home sale installation projection class workshop sales retail retailer ecommerce market buzz buying buyer sold seller distributeur bestseller masterpiece big venus dazed showroom dance dance dream dreams wonder premium highclass quality quality halloween black blackfriday festive collective paper runway foam hard catwalk board canvas original red redcarpet accessories accessories bag hand detail detailed poetic poem poetry fiction move transform transformation metamorphose spark sparkle gossip boho celeb layout fit furnishings features explore smart expressiveart artlife artinspo artnews craft craftspire maker creator soul jazzzy worksonpaper obsession paintflow artformale artmarketing auction auction promote artfeed artlove printemps oc\u00e9an fleur fleur romance romantic book books cafeteria shelf bookshelf sea ch\u00e2teau mansion palce chateau villa provence generous victorian edwardian luxury luxus residency artresidency eyou manor property estate artistry sellingart #artforsalebyartist #artforsaleonline #artforsalebygallery #sellingart #sellingartwork #sellingartonline #commissionart #openforcommission lizita shopify magento woocommerce marketing digitalmarketing bigcommerce onlinestore businessowner contentmarketing social socialmedia<\/p>","protected":false},"excerpt":{"rendered":"<p>&#8222;Graffiti Trench&#8220; by Elisabeth Grosse Fashion Illustration, inspired by graffiti and street art. Designed and created with pencil and digitally with Photoshop. Unauthorized use including copying- reproduction of this image for publication and sale is not permitted. Purchase does not transfer any copyright. Artwork is for personal use only. \u00a9 Copyright LIZITA &#8211; Foto Druck [&hellip;]<\/p>\n","protected":false},"featured_media":143552,"comment_status":"open","ping_status":"closed","template":"","meta":[],"product_brand":[],"product_cat":[10340,138],"product_tag":[7933,7466,7362,9440,8470,7397,7389,7480,10024,8224,9073,9465,8994,7365,7676,7831,7934,7870,9151,8969,7911,9679,9516,9780,7383,7702,7393,7691,7492,8753,10040,10055,9295,8733,8016,8886,7427,8226,10041,7694,9776,8238,8767,9422,10003,8150,7417,8192,7370,8476,7537,7868,7364,7885,8229,7646,8353,9102,7877,7637,8689,7580,7752,9127,9416,7711,8266,7577,7980,7391,7573,7403,8992,9782,8376,7517,8459,9680,7754,7913,8146,8585,7368,9267,9613,7546,9775,7872,10025,7696,9417,7629,8928,8462,10043,7530,8839,8702,8307,8304,8417,7736,9767,7583,7798,8203,8775,10008,7498,8975,7871,9941,8482,7390,7638],"class_list":{"0":"post-143559","1":"product","2":"type-product","3":"status-publish","4":"has-post-thumbnail","6":"product_cat-elisabeth-grosse","7":"product_cat-portrait","8":"product_tag-abend","9":"product_tag-abendessen","10":"product_tag-abstrakt","11":"product_tag-accessoire","12":"product_tag-accessoires","13":"product_tag-acryl","14":"product_tag-aquarell","15":"product_tag-art","16":"product_tag-atrium","17":"product_tag-ausstellung","18":"product_tag-bar","19":"product_tag-bekleidung","20":"product_tag-big","21":"product_tag-bild","22":"product_tag-blume","23":"product_tag-blumig","24":"product_tag-buero","25":"product_tag-canvas","26":"product_tag-cartoon","27":"product_tag-club","28":"product_tag-collage","29":"product_tag-comic","30":"product_tag-cool","31":"product_tag-dance","32":"product_tag-deko","33":"product_tag-dekor","34":"product_tag-design","35":"product_tag-designer","36":"product_tag-detail","37":"product_tag-digital-2","38":"product_tag-digitalart","39":"product_tag-drama","40":"product_tag-druck","41":"product_tag-duft","42":"product_tag-dunkel","43":"product_tag-eingang","44":"product_tag-essen","45":"product_tag-expressionist","46":"product_tag-farbig","47":"product_tag-fashion","48":"product_tag-female","49":"product_tag-fest","50":"product_tag-film","51":"product_tag-fit","52":"product_tag-format","53":"product_tag-foto","54":"product_tag-fotografie","55":"product_tag-geburtstag","56":"product_tag-gelb","57":"product_tag-gesicht","58":"product_tag-girl","59":"product_tag-graffiti","60":"product_tag-grafik","61":"product_tag-gross","62":"product_tag-halloween","63":"product_tag-hand","64":"product_tag-haengend","65":"product_tag-hemd","66":"product_tag-hoch","67":"product_tag-illustration","68":"product_tag-innenausstattung","69":"product_tag-inspiration","70":"product_tag-karte","71":"product_tag-kleid","72":"product_tag-kleidung","73":"product_tag-kollektion","74":"product_tag-kontrast","75":"product_tag-kreativ","76":"product_tag-kultur","77":"product_tag-kunst","78":"product_tag-kuenstler","79":"product_tag-kuenstlerisch","80":"product_tag-london","81":"product_tag-love","82":"product_tag-luxus","83":"product_tag-make-up","84":"product_tag-malen","85":"product_tag-manga","86":"product_tag-marketing","87":"product_tag-markt","88":"product_tag-media","89":"product_tag-meditation","90":"product_tag-mehrfarbig","91":"product_tag-mode","92":"product_tag-museum","93":"product_tag-natur","94":"product_tag-nature","95":"product_tag-neu","96":"product_tag-office","97":"product_tag-original","98":"product_tag-outfit","99":"product_tag-papier","100":"product_tag-passion","101":"product_tag-pink","102":"product_tag-popart","103":"product_tag-portrait","104":"product_tag-raum","105":"product_tag-salon","106":"product_tag-schoen","107":"product_tag-show","108":"product_tag-spa","109":"product_tag-stil","110":"product_tag-stimmung","111":"product_tag-studio","112":"product_tag-summer","113":"product_tag-teil","114":"product_tag-theater","115":"product_tag-transformation","116":"product_tag-vintage","117":"product_tag-wall","118":"product_tag-wand","119":"product_tag-weihnachten","120":"product_tag-wellness","121":"product_tag-zeichnung","122":"product_tag-zeitgenoessisch","124":"first","125":"instock","126":"taxable","127":"shipping-taxable","128":"purchasable","129":"product-type-variable"},"yoast_head":"<!-- This site is optimized with the Yoast SEO Premium plugin v27.4 (Yoast SEO v27.4) - https:\/\/yoast.com\/product\/yoast-seo-premium-wordpress\/ -->\n<title>Graffiti Trench - raxxa<\/title>\n<meta name=\"robots\" content=\"index, follow, max-snippet:-1, max-image-preview:large, max-video-preview:-1\" \/>\n<link rel=\"canonical\" href=\"https:\/\/www.raxxa.com\/fr\/shop\/graffiti-trench\/\" \/>\n<meta property=\"og:locale\" content=\"fr_FR\" \/>\n<meta property=\"og:type\" content=\"article\" \/>\n<meta property=\"og:title\" content=\"Graffiti Trench\" \/>\n<meta property=\"og:description\" content=\"&#8222;Graffiti Trench&#8220; by Elisabeth Grosse Fashion Illustration, inspired by graffiti and street art. Designed and created with pencil and digitally with Photoshop. Unauthorized use including copying- reproduction of this image for publication and sale is not permitted. Purchase does not transfer any copyright. Artwork is for personal use only. \u00a9 Copyright LIZITA &#8211; Foto Druck [&hellip;]\" \/>\n<meta property=\"og:url\" content=\"https:\/\/www.raxxa.com\/fr\/shop\/graffiti-trench\/\" \/>\n<meta property=\"og:site_name\" content=\"raxxa\" \/>\n<meta property=\"article:publisher\" content=\"https:\/\/facebook.com\/raxxacom\" \/>\n<meta property=\"article:modified_time\" content=\"2022-05-16T07:40:21+00:00\" \/>\n<meta property=\"og:image\" content=\"https:\/\/www.raxxa.com\/wp-content\/uploads\/2022\/05\/202-2955-Graffiti-Trench-Elisabeth-Grosse.png\" \/>\n\t<meta property=\"og:image:width\" content=\"800\" \/>\n\t<meta property=\"og:image:height\" content=\"800\" \/>\n\t<meta property=\"og:image:type\" content=\"image\/png\" \/>\n<meta name=\"twitter:card\" content=\"summary_large_image\" \/>\n<meta name=\"twitter:label1\" content=\"Disponibilit\u00e9\" \/>\n\t<meta name=\"twitter:data1\" content=\"En stock\" \/>\n<script type=\"application\/ld+json\" class=\"yoast-schema-graph\">{\"@context\":\"https:\\\/\\\/schema.org\",\"@graph\":[{\"@type\":[\"WebPage\",\"ItemPage\"],\"@id\":\"https:\\\/\\\/www.raxxa.com\\\/shop\\\/graffiti-trench\\\/\",\"url\":\"https:\\\/\\\/www.raxxa.com\\\/shop\\\/graffiti-trench\\\/\",\"name\":\"Graffiti Trench - raxxa\",\"isPartOf\":{\"@id\":\"https:\\\/\\\/www.raxxa.com\\\/#website\"},\"primaryImageOfPage\":{\"@id\":\"https:\\\/\\\/www.raxxa.com\\\/shop\\\/graffiti-trench\\\/#primaryimage\"},\"image\":{\"@id\":\"https:\\\/\\\/www.raxxa.com\\\/shop\\\/graffiti-trench\\\/#primaryimage\"},\"thumbnailUrl\":\"https:\\\/\\\/www.raxxa.com\\\/wp-content\\\/uploads\\\/2022\\\/05\\\/202-2955-Graffiti-Trench-Elisabeth-Grosse.png\",\"datePublished\":\"2022-05-16T07:39:54+00:00\",\"dateModified\":\"2022-05-16T07:40:21+00:00\",\"breadcrumb\":{\"@id\":\"https:\\\/\\\/www.raxxa.com\\\/shop\\\/graffiti-trench\\\/#breadcrumb\"},\"inLanguage\":\"fr-FR\",\"potentialAction\":[{\"@type\":\"ReadAction\",\"target\":[\"https:\\\/\\\/www.raxxa.com\\\/shop\\\/graffiti-trench\\\/\"]}]},{\"@type\":\"ImageObject\",\"inLanguage\":\"fr-FR\",\"@id\":\"https:\\\/\\\/www.raxxa.com\\\/shop\\\/graffiti-trench\\\/#primaryimage\",\"url\":\"https:\\\/\\\/www.raxxa.com\\\/wp-content\\\/uploads\\\/2022\\\/05\\\/202-2955-Graffiti-Trench-Elisabeth-Grosse.png\",\"contentUrl\":\"https:\\\/\\\/www.raxxa.com\\\/wp-content\\\/uploads\\\/2022\\\/05\\\/202-2955-Graffiti-Trench-Elisabeth-Grosse.png\",\"width\":800,\"height\":800},{\"@type\":\"BreadcrumbList\",\"@id\":\"https:\\\/\\\/www.raxxa.com\\\/shop\\\/graffiti-trench\\\/#breadcrumb\",\"itemListElement\":[{\"@type\":\"ListItem\",\"position\":1,\"name\":\"Startseite\",\"item\":\"https:\\\/\\\/www.raxxa.com\\\/\"},{\"@type\":\"ListItem\",\"position\":2,\"name\":\"Shop\",\"item\":\"https:\\\/\\\/www.raxxa.com\\\/it\\\/shop\\\/\"},{\"@type\":\"ListItem\",\"position\":3,\"name\":\"Graffiti Trench\"}]},{\"@type\":\"WebSite\",\"@id\":\"https:\\\/\\\/www.raxxa.com\\\/#website\",\"url\":\"https:\\\/\\\/www.raxxa.com\\\/\",\"name\":\"raxxa\",\"description\":\"Einzigartige individuelle Produkte von unseren Designern\",\"publisher\":{\"@id\":\"https:\\\/\\\/www.raxxa.com\\\/#organization\"},\"potentialAction\":[{\"@type\":\"SearchAction\",\"target\":{\"@type\":\"EntryPoint\",\"urlTemplate\":\"https:\\\/\\\/www.raxxa.com\\\/?s={search_term_string}\"},\"query-input\":{\"@type\":\"PropertyValueSpecification\",\"valueRequired\":true,\"valueName\":\"search_term_string\"}}],\"inLanguage\":\"fr-FR\"},{\"@type\":\"Organization\",\"@id\":\"https:\\\/\\\/www.raxxa.com\\\/#organization\",\"name\":\"raxxa\",\"url\":\"https:\\\/\\\/www.raxxa.com\\\/\",\"logo\":{\"@type\":\"ImageObject\",\"inLanguage\":\"fr-FR\",\"@id\":\"https:\\\/\\\/www.raxxa.com\\\/#\\\/schema\\\/logo\\\/image\\\/\",\"url\":\"https:\\\/\\\/www.raxxa.com\\\/wp-content\\\/uploads\\\/2022\\\/07\\\/logo_v2.png\",\"contentUrl\":\"https:\\\/\\\/www.raxxa.com\\\/wp-content\\\/uploads\\\/2022\\\/07\\\/logo_v2.png\",\"width\":380,\"height\":382,\"caption\":\"raxxa\"},\"image\":{\"@id\":\"https:\\\/\\\/www.raxxa.com\\\/#\\\/schema\\\/logo\\\/image\\\/\"},\"sameAs\":[\"https:\\\/\\\/facebook.com\\\/raxxacom\"]}]}<\/script>\n<meta property=\"og:availability\" content=\"instock\" \/>\n<meta property=\"product:availability\" content=\"instock\" \/>\n<meta property=\"product:condition\" content=\"new\" \/>\n<!-- \/ Yoast SEO Premium plugin. -->","yoast_head_json":{"title":"Trench graffiti - raxxa","robots":{"index":"index","follow":"follow","max-snippet":"max-snippet:-1","max-image-preview":"max-image-preview:large","max-video-preview":"max-video-preview:-1"},"canonical":"https:\/\/www.raxxa.com\/fr\/shop\/graffiti-trench\/","og_locale":"fr_FR","og_type":"article","og_title":"Graffiti Trench","og_description":"&#8222;Graffiti Trench&#8220; by Elisabeth Grosse Fashion Illustration, inspired by graffiti and street art. Designed and created with pencil and digitally with Photoshop. Unauthorized use including copying- reproduction of this image for publication and sale is not permitted. Purchase does not transfer any copyright. Artwork is for personal use only. \u00a9 Copyright LIZITA &#8211; Foto Druck [&hellip;]","og_url":"https:\/\/www.raxxa.com\/fr\/shop\/graffiti-trench\/","og_site_name":"raxxa","article_publisher":"https:\/\/facebook.com\/raxxacom","article_modified_time":"2022-05-16T07:40:21+00:00","og_image":[{"width":800,"height":800,"url":"https:\/\/www.raxxa.com\/wp-content\/uploads\/2022\/05\/202-2955-Graffiti-Trench-Elisabeth-Grosse.png","type":"image\/png"}],"twitter_card":"summary_large_image","twitter_misc":{"Disponibilit\u00e9":"En stock"},"schema":{"@context":"https:\/\/schema.org","@graph":[{"@type":["WebPage","ItemPage"],"@id":"https:\/\/www.raxxa.com\/shop\/graffiti-trench\/","url":"https:\/\/www.raxxa.com\/shop\/graffiti-trench\/","name":"Trench graffiti - raxxa","isPartOf":{"@id":"https:\/\/www.raxxa.com\/#website"},"primaryImageOfPage":{"@id":"https:\/\/www.raxxa.com\/shop\/graffiti-trench\/#primaryimage"},"image":{"@id":"https:\/\/www.raxxa.com\/shop\/graffiti-trench\/#primaryimage"},"thumbnailUrl":"https:\/\/www.raxxa.com\/wp-content\/uploads\/2022\/05\/202-2955-Graffiti-Trench-Elisabeth-Grosse.png","datePublished":"2022-05-16T07:39:54+00:00","dateModified":"2022-05-16T07:40:21+00:00","breadcrumb":{"@id":"https:\/\/www.raxxa.com\/shop\/graffiti-trench\/#breadcrumb"},"inLanguage":"fr-FR","potentialAction":[{"@type":"ReadAction","target":["https:\/\/www.raxxa.com\/shop\/graffiti-trench\/"]}]},{"@type":"ImageObject","inLanguage":"fr-FR","@id":"https:\/\/www.raxxa.com\/shop\/graffiti-trench\/#primaryimage","url":"https:\/\/www.raxxa.com\/wp-content\/uploads\/2022\/05\/202-2955-Graffiti-Trench-Elisabeth-Grosse.png","contentUrl":"https:\/\/www.raxxa.com\/wp-content\/uploads\/2022\/05\/202-2955-Graffiti-Trench-Elisabeth-Grosse.png","width":800,"height":800},{"@type":"BreadcrumbList","@id":"https:\/\/www.raxxa.com\/shop\/graffiti-trench\/#breadcrumb","itemListElement":[{"@type":"ListItem","position":1,"name":"Startseite","item":"https:\/\/www.raxxa.com\/"},{"@type":"ListItem","position":2,"name":"Shop","item":"https:\/\/www.raxxa.com\/it\/shop\/"},{"@type":"ListItem","position":3,"name":"Graffiti Trench"}]},{"@type":"WebSite","@id":"https:\/\/www.raxxa.com\/#website","url":"https:\/\/www.raxxa.com\/","name":"raxxa","description":"Des produits uniques et personnalis\u00e9s cr\u00e9\u00e9s par nos designers","publisher":{"@id":"https:\/\/www.raxxa.com\/#organization"},"potentialAction":[{"@type":"SearchAction","target":{"@type":"EntryPoint","urlTemplate":"https:\/\/www.raxxa.com\/?s={search_term_string}"},"query-input":{"@type":"PropertyValueSpecification","valueRequired":true,"valueName":"search_term_string"}}],"inLanguage":"fr-FR"},{"@type":"Organization","@id":"https:\/\/www.raxxa.com\/#organization","name":"raxxa","url":"https:\/\/www.raxxa.com\/","logo":{"@type":"ImageObject","inLanguage":"fr-FR","@id":"https:\/\/www.raxxa.com\/#\/schema\/logo\/image\/","url":"https:\/\/www.raxxa.com\/wp-content\/uploads\/2022\/07\/logo_v2.png","contentUrl":"https:\/\/www.raxxa.com\/wp-content\/uploads\/2022\/07\/logo_v2.png","width":380,"height":382,"caption":"raxxa"},"image":{"@id":"https:\/\/www.raxxa.com\/#\/schema\/logo\/image\/"},"sameAs":["https:\/\/facebook.com\/raxxacom"]}]},"og_availability":"instock","product_availability":"instock","product_condition":"new"},"jetpack_sharing_enabled":true,"_links":{"self":[{"href":"https:\/\/www.raxxa.com\/fr\/wp-json\/wp\/v2\/product\/143559","targetHints":{"allow":["GET"]}}],"collection":[{"href":"https:\/\/www.raxxa.com\/fr\/wp-json\/wp\/v2\/product"}],"about":[{"href":"https:\/\/www.raxxa.com\/fr\/wp-json\/wp\/v2\/types\/product"}],"replies":[{"embeddable":true,"href":"https:\/\/www.raxxa.com\/fr\/wp-json\/wp\/v2\/comments?post=143559"}],"wp:featuredmedia":[{"embeddable":true,"href":"https:\/\/www.raxxa.com\/fr\/wp-json\/wp\/v2\/media\/143552"}],"wp:attachment":[{"href":"https:\/\/www.raxxa.com\/fr\/wp-json\/wp\/v2\/media?parent=143559"}],"wp:term":[{"taxonomy":"product_brand","embeddable":true,"href":"https:\/\/www.raxxa.com\/fr\/wp-json\/wp\/v2\/product_brand?post=143559"},{"taxonomy":"product_cat","embeddable":true,"href":"https:\/\/www.raxxa.com\/fr\/wp-json\/wp\/v2\/product_cat?post=143559"},{"taxonomy":"product_tag","embeddable":true,"href":"https:\/\/www.raxxa.com\/fr\/wp-json\/wp\/v2\/product_tag?post=143559"}],"curies":[{"name":"wp","href":"https:\/\/api.w.org\/{rel}","templated":true}]}}