{"id":137015,"date":"2022-04-15T10:25:45","date_gmt":"2022-04-15T08:25:45","guid":{"rendered":"https:\/\/www.raxxa.com\/?post_type=product&#038;p=137015"},"modified":"2022-04-15T10:25:49","modified_gmt":"2022-04-15T08:25:49","slug":"jogginghose-composition-no-2","status":"publish","type":"product","link":"https:\/\/www.raxxa.com\/fr\/shop\/jogginghose-composition-no-2\/","title":{"rendered":"Pantalon de jogging : Composition No.2"},"content":{"rendered":"<div>\n  <span style='font-weight: bolder; font-size: 1rem;'>raxxa Pantalon de jogging pour hommes Composition No.2<\/span><br \/>\n\n<\/div>\n<div>\n  <span style='font-weight: bolder;'>con\u00e7u par Gustavo Eracleo<\/span>\n<\/div>\n<div>\n<span style='font-size: 1rem;'><br \/><\/span><br \/>\n<span style='font-size: 1rem;'><br \/>\nraxxa la marque pour les personnes qui ont le courage d'utiliser la couleur et qui sont ouvertes aux motifs inhabituels. Les designs ont \u00e9t\u00e9 cr\u00e9\u00e9s<br \/>\nd'artistes internationaux.<br \/>\n<\/span>\n<\/div>\n<div>\n  <span style='font-size: 1rem;'><br \/><\/span><br \/>\n  <span style='font-size: 1rem;'>Chaque fois que vous achetez un produit raxxa, vous soutenez directement un artiste.<\/span>\n<\/div>\n<p><\/p>\n<div>\nEspacial\n<\/div>\n<p><\/p>\n<div>\n<span style='font-size: 1rem;'><br \/>\nCe pantalon de jogging raxxa en doux m\u00e9lange de coton est parfait pour les actions\/\u00e9v\u00e9nements cools en plein air ou simplement pour se pr\u00e9lasser \u00e0 la maison.<br \/>\n<\/span>\n<\/div>\n<p><\/p>\n<div>\n  <span style='font-size: 1rem;'><br \/><\/span><br \/>\n  <span style='font-size: 1rem;'>Indications sur les mat\u00e9riaux :<\/span>\n<\/div>\n<p><\/p>\n<div>\n<span style='font-size: 1rem;'><\/p>\n<ul style='list-style-position: inside'>\n<li>70 % polyester, 27 % coton, 3 % \u00e9lasthanne<\/li>\n<li>Poids du tissu : env. 300 g\/m<\/li>\n<li>Surface de tissu douce au toucher coton<\/li>\n<li>Int\u00e9rieur en polaire bross\u00e9e<\/li>\n<li>Coupe \u00e9troite<\/li>\n<li>Jambes avec poignets<\/li>\n<li>Poches pratiques<\/li>\n<li>Ceinture \u00e9lastique avec cordon de serrage blanc<\/li>\n<\/ul>\n<p><\/span>\n<\/div>\n<p><\/p>\n<div>\n  <span style='font-size: 1rem;'><br \/><\/span><br \/>\n  <span style='font-size: 1rem;'>Indication des tailles en cm :<\/span>\n<\/div>\n<p><\/p>\n<table  cellspacing='5' cellpadding='5'>\n<tbody>\n<tr>\n<td><b>Taille<\/b><\/td>\n<td><b>Poitrine<\/b><\/td>\n<td><b>Taille<\/b><\/td>\n<td><b>Hanche<\/b><\/td>\n<\/tr>\n<tr>\n<td>XS<\/td>\n<td>92<\/td>\n<td>76<\/td>\n<td>94<\/td>\n<\/tr>\n<tr>\n<td>S<\/td>\n<td>96<\/td>\n<td>80<\/td>\n<td>98<\/td>\n<\/tr>\n<tr>\n<td>M<\/td>\n<td>100<\/td>\n<td>84<\/td>\n<td>102<\/td>\n<\/tr>\n<tr>\n<td>L<\/td>\n<td>108<\/td>\n<td>92<\/td>\n<td>110<\/td>\n<\/tr>\n<tr>\n<td>XL<\/td>\n<td>116<\/td>\n<td>100<\/td>\n<td>118<\/td>\n<\/tr>\n<tr>\n<td>2XL<\/td>\n<td>124<\/td>\n<td>108<\/td>\n<td>126<\/td>\n<\/tr>\n<tr>\n<td>3XL<\/td>\n<td>132<\/td>\n<td>116<\/td>\n<td>134<\/td>\n<\/tr>\n<\/tbody>\n<\/table>\n<div>\n<span style='font-size: 1rem;'>Ce produit est fabriqu\u00e9 sp\u00e9cialement pour toi, sur demande, dans le design et la taille souhait\u00e9s.&nbsp;<\/span>\n<\/div>","protected":false},"excerpt":{"rendered":"<p>raxxa Herren-Jogginghose Composition No.2 designed by Gustavo Eracleo raxxa die Marke f\u00fcr Menschen, die Mut zur Farbe haben und aufgeschlossen sind f\u00fcr au\u00dfergew\u00f6hnliche Muster. Die Designs wurden kreiert von internationalen K\u00fcnstlern. Mit jedem Kauf eines raxxa Produkts wird direkt ein K\u00fcnstler unterst\u00fctzt. Espacial Dieses raxxa Jogginghose aus weicher Baumwollmischung ist perfekt f\u00fcr coole Outdooraction\/-events oder [&hellip;]<\/p>\n","protected":false},"featured_media":137016,"comment_status":"open","ping_status":"closed","template":"","meta":[],"product_brand":[],"product_cat":[10318,10336,10316,10315],"product_tag":[],"class_list":{"0":"post-137015","1":"product","2":"type-product","3":"status-publish","4":"has-post-thumbnail","6":"product_cat-herren","7":"product_cat-jogginghosen","8":"product_cat-kleidung","9":"product_cat-mode-accessoires","10":"product_shipping_class-versand-t-shirts1","12":"first","13":"instock","14":"taxable","15":"shipping-taxable","16":"purchasable","17":"product-type-variable"},"yoast_head":"<!-- This site is optimized with the Yoast SEO Premium plugin v27.5 (Yoast SEO v27.5) - https:\/\/yoast.com\/product\/yoast-seo-premium-wordpress\/ -->\n<title>Jogginghose: Composition No.2 - raxxa<\/title>\n<meta name=\"robots\" content=\"index, follow, max-snippet:-1, max-image-preview:large, max-video-preview:-1\" \/>\n<link rel=\"canonical\" href=\"https:\/\/www.raxxa.com\/fr\/shop\/jogginghose-composition-no-2\/\" \/>\n<meta property=\"og:locale\" content=\"fr_FR\" \/>\n<meta property=\"og:type\" content=\"article\" \/>\n<meta property=\"og:title\" content=\"Jogginghose: Composition No.2\" \/>\n<meta property=\"og:description\" content=\"raxxa Herren-Jogginghose Composition No.2 designed by Gustavo Eracleo raxxa die Marke f\u00fcr Menschen, die Mut zur Farbe haben und aufgeschlossen sind f\u00fcr au\u00dfergew\u00f6hnliche Muster. Die Designs wurden kreiert von internationalen K\u00fcnstlern. Mit jedem Kauf eines raxxa Produkts wird direkt ein K\u00fcnstler unterst\u00fctzt. Espacial Dieses raxxa Jogginghose aus weicher Baumwollmischung ist perfekt f\u00fcr coole Outdooraction\/-events oder [&hellip;]\" \/>\n<meta property=\"og:url\" content=\"https:\/\/www.raxxa.com\/fr\/shop\/jogginghose-composition-no-2\/\" \/>\n<meta property=\"og:site_name\" content=\"raxxa\" \/>\n<meta property=\"article:publisher\" content=\"https:\/\/facebook.com\/raxxacom\" \/>\n<meta property=\"article:modified_time\" content=\"2022-04-15T08:25:49+00:00\" \/>\n<meta property=\"og:image\" content=\"https:\/\/www.raxxa.com\/wp-content\/uploads\/2022\/04\/773_400_11036_leg_right.jpg\" \/>\n\t<meta property=\"og:image:width\" content=\"1000\" \/>\n\t<meta property=\"og:image:height\" content=\"1000\" \/>\n\t<meta property=\"og:image:type\" content=\"image\/jpeg\" \/>\n<meta name=\"twitter:card\" content=\"summary_large_image\" \/>\n<meta name=\"twitter:label1\" content=\"Disponibilit\u00e9\" \/>\n\t<meta name=\"twitter:data1\" content=\"En stock\" \/>\n<script type=\"application\/ld+json\" class=\"yoast-schema-graph\">{\"@context\":\"https:\\\/\\\/schema.org\",\"@graph\":[{\"@type\":[\"WebPage\",\"ItemPage\"],\"@id\":\"https:\\\/\\\/www.raxxa.com\\\/shop\\\/jogginghose-composition-no-2\\\/\",\"url\":\"https:\\\/\\\/www.raxxa.com\\\/shop\\\/jogginghose-composition-no-2\\\/\",\"name\":\"Jogginghose: Composition No.2 - raxxa\",\"isPartOf\":{\"@id\":\"https:\\\/\\\/www.raxxa.com\\\/#website\"},\"primaryImageOfPage\":{\"@id\":\"https:\\\/\\\/www.raxxa.com\\\/shop\\\/jogginghose-composition-no-2\\\/#primaryimage\"},\"image\":{\"@id\":\"https:\\\/\\\/www.raxxa.com\\\/shop\\\/jogginghose-composition-no-2\\\/#primaryimage\"},\"thumbnailUrl\":\"https:\\\/\\\/www.raxxa.com\\\/wp-content\\\/uploads\\\/2022\\\/04\\\/773_400_11036_leg_right.jpg\",\"datePublished\":\"2022-04-15T08:25:45+00:00\",\"dateModified\":\"2022-04-15T08:25:49+00:00\",\"breadcrumb\":{\"@id\":\"https:\\\/\\\/www.raxxa.com\\\/shop\\\/jogginghose-composition-no-2\\\/#breadcrumb\"},\"inLanguage\":\"fr-FR\",\"potentialAction\":[{\"@type\":\"ReadAction\",\"target\":[\"https:\\\/\\\/www.raxxa.com\\\/shop\\\/jogginghose-composition-no-2\\\/\"]}]},{\"@type\":\"ImageObject\",\"inLanguage\":\"fr-FR\",\"@id\":\"https:\\\/\\\/www.raxxa.com\\\/shop\\\/jogginghose-composition-no-2\\\/#primaryimage\",\"url\":\"https:\\\/\\\/www.raxxa.com\\\/wp-content\\\/uploads\\\/2022\\\/04\\\/773_400_11036_leg_right.jpg\",\"contentUrl\":\"https:\\\/\\\/www.raxxa.com\\\/wp-content\\\/uploads\\\/2022\\\/04\\\/773_400_11036_leg_right.jpg\",\"width\":1000,\"height\":1000},{\"@type\":\"BreadcrumbList\",\"@id\":\"https:\\\/\\\/www.raxxa.com\\\/shop\\\/jogginghose-composition-no-2\\\/#breadcrumb\",\"itemListElement\":[{\"@type\":\"ListItem\",\"position\":1,\"name\":\"Startseite\",\"item\":\"https:\\\/\\\/www.raxxa.com\\\/\"},{\"@type\":\"ListItem\",\"position\":2,\"name\":\"Shop\",\"item\":\"https:\\\/\\\/www.raxxa.com\\\/it\\\/shop\\\/\"},{\"@type\":\"ListItem\",\"position\":3,\"name\":\"Jogginghose: Composition No.2\"}]},{\"@type\":\"WebSite\",\"@id\":\"https:\\\/\\\/www.raxxa.com\\\/#website\",\"url\":\"https:\\\/\\\/www.raxxa.com\\\/\",\"name\":\"raxxa\",\"description\":\"Einzigartige individuelle Produkte von unseren Designern\",\"publisher\":{\"@id\":\"https:\\\/\\\/www.raxxa.com\\\/#organization\"},\"potentialAction\":[{\"@type\":\"SearchAction\",\"target\":{\"@type\":\"EntryPoint\",\"urlTemplate\":\"https:\\\/\\\/www.raxxa.com\\\/?s={search_term_string}\"},\"query-input\":{\"@type\":\"PropertyValueSpecification\",\"valueRequired\":true,\"valueName\":\"search_term_string\"}}],\"inLanguage\":\"fr-FR\"},{\"@type\":\"Organization\",\"@id\":\"https:\\\/\\\/www.raxxa.com\\\/#organization\",\"name\":\"raxxa\",\"url\":\"https:\\\/\\\/www.raxxa.com\\\/\",\"logo\":{\"@type\":\"ImageObject\",\"inLanguage\":\"fr-FR\",\"@id\":\"https:\\\/\\\/www.raxxa.com\\\/#\\\/schema\\\/logo\\\/image\\\/\",\"url\":\"https:\\\/\\\/www.raxxa.com\\\/wp-content\\\/uploads\\\/2022\\\/07\\\/logo_v2.png\",\"contentUrl\":\"https:\\\/\\\/www.raxxa.com\\\/wp-content\\\/uploads\\\/2022\\\/07\\\/logo_v2.png\",\"width\":380,\"height\":382,\"caption\":\"raxxa\"},\"image\":{\"@id\":\"https:\\\/\\\/www.raxxa.com\\\/#\\\/schema\\\/logo\\\/image\\\/\"},\"sameAs\":[\"https:\\\/\\\/facebook.com\\\/raxxacom\"]}]}<\/script>\n<meta property=\"og:availability\" content=\"instock\" \/>\n<meta property=\"product:availability\" content=\"instock\" \/>\n<meta property=\"product:retailer_item_id\" content=\"1-120-773-102\" \/>\n<meta property=\"product:condition\" content=\"new\" \/>\n<!-- \/ Yoast SEO Premium plugin. -->","yoast_head_json":{"title":"Jogginghose: Composition No.2 - raxxa","robots":{"index":"index","follow":"follow","max-snippet":"max-snippet:-1","max-image-preview":"max-image-preview:large","max-video-preview":"max-video-preview:-1"},"canonical":"https:\/\/www.raxxa.com\/fr\/shop\/jogginghose-composition-no-2\/","og_locale":"fr_FR","og_type":"article","og_title":"Jogginghose: Composition No.2","og_description":"raxxa Herren-Jogginghose Composition No.2 designed by Gustavo Eracleo raxxa die Marke f\u00fcr Menschen, die Mut zur Farbe haben und aufgeschlossen sind f\u00fcr au\u00dfergew\u00f6hnliche Muster. Die Designs wurden kreiert von internationalen K\u00fcnstlern. Mit jedem Kauf eines raxxa Produkts wird direkt ein K\u00fcnstler unterst\u00fctzt. Espacial Dieses raxxa Jogginghose aus weicher Baumwollmischung ist perfekt f\u00fcr coole Outdooraction\/-events oder [&hellip;]","og_url":"https:\/\/www.raxxa.com\/fr\/shop\/jogginghose-composition-no-2\/","og_site_name":"raxxa","article_publisher":"https:\/\/facebook.com\/raxxacom","article_modified_time":"2022-04-15T08:25:49+00:00","og_image":[{"width":1000,"height":1000,"url":"https:\/\/www.raxxa.com\/wp-content\/uploads\/2022\/04\/773_400_11036_leg_right.jpg","type":"image\/jpeg"}],"twitter_card":"summary_large_image","twitter_misc":{"Disponibilit\u00e9":"En stock"},"schema":{"@context":"https:\/\/schema.org","@graph":[{"@type":["WebPage","ItemPage"],"@id":"https:\/\/www.raxxa.com\/shop\/jogginghose-composition-no-2\/","url":"https:\/\/www.raxxa.com\/shop\/jogginghose-composition-no-2\/","name":"Jogginghose: Composition No.2 - raxxa","isPartOf":{"@id":"https:\/\/www.raxxa.com\/#website"},"primaryImageOfPage":{"@id":"https:\/\/www.raxxa.com\/shop\/jogginghose-composition-no-2\/#primaryimage"},"image":{"@id":"https:\/\/www.raxxa.com\/shop\/jogginghose-composition-no-2\/#primaryimage"},"thumbnailUrl":"https:\/\/www.raxxa.com\/wp-content\/uploads\/2022\/04\/773_400_11036_leg_right.jpg","datePublished":"2022-04-15T08:25:45+00:00","dateModified":"2022-04-15T08:25:49+00:00","breadcrumb":{"@id":"https:\/\/www.raxxa.com\/shop\/jogginghose-composition-no-2\/#breadcrumb"},"inLanguage":"fr-FR","potentialAction":[{"@type":"ReadAction","target":["https:\/\/www.raxxa.com\/shop\/jogginghose-composition-no-2\/"]}]},{"@type":"ImageObject","inLanguage":"fr-FR","@id":"https:\/\/www.raxxa.com\/shop\/jogginghose-composition-no-2\/#primaryimage","url":"https:\/\/www.raxxa.com\/wp-content\/uploads\/2022\/04\/773_400_11036_leg_right.jpg","contentUrl":"https:\/\/www.raxxa.com\/wp-content\/uploads\/2022\/04\/773_400_11036_leg_right.jpg","width":1000,"height":1000},{"@type":"BreadcrumbList","@id":"https:\/\/www.raxxa.com\/shop\/jogginghose-composition-no-2\/#breadcrumb","itemListElement":[{"@type":"ListItem","position":1,"name":"Startseite","item":"https:\/\/www.raxxa.com\/"},{"@type":"ListItem","position":2,"name":"Shop","item":"https:\/\/www.raxxa.com\/it\/shop\/"},{"@type":"ListItem","position":3,"name":"Jogginghose: Composition No.2"}]},{"@type":"WebSite","@id":"https:\/\/www.raxxa.com\/#website","url":"https:\/\/www.raxxa.com\/","name":"raxxa","description":"Des produits uniques et personnalis\u00e9s cr\u00e9\u00e9s par nos designers","publisher":{"@id":"https:\/\/www.raxxa.com\/#organization"},"potentialAction":[{"@type":"SearchAction","target":{"@type":"EntryPoint","urlTemplate":"https:\/\/www.raxxa.com\/?s={search_term_string}"},"query-input":{"@type":"PropertyValueSpecification","valueRequired":true,"valueName":"search_term_string"}}],"inLanguage":"fr-FR"},{"@type":"Organization","@id":"https:\/\/www.raxxa.com\/#organization","name":"raxxa","url":"https:\/\/www.raxxa.com\/","logo":{"@type":"ImageObject","inLanguage":"fr-FR","@id":"https:\/\/www.raxxa.com\/#\/schema\/logo\/image\/","url":"https:\/\/www.raxxa.com\/wp-content\/uploads\/2022\/07\/logo_v2.png","contentUrl":"https:\/\/www.raxxa.com\/wp-content\/uploads\/2022\/07\/logo_v2.png","width":380,"height":382,"caption":"raxxa"},"image":{"@id":"https:\/\/www.raxxa.com\/#\/schema\/logo\/image\/"},"sameAs":["https:\/\/facebook.com\/raxxacom"]}]},"og_availability":"instock","product_availability":"instock","product_retailer_item_id":"1-120-773-102","product_condition":"new"},"jetpack_sharing_enabled":true,"_links":{"self":[{"href":"https:\/\/www.raxxa.com\/fr\/wp-json\/wp\/v2\/product\/137015","targetHints":{"allow":["GET"]}}],"collection":[{"href":"https:\/\/www.raxxa.com\/fr\/wp-json\/wp\/v2\/product"}],"about":[{"href":"https:\/\/www.raxxa.com\/fr\/wp-json\/wp\/v2\/types\/product"}],"replies":[{"embeddable":true,"href":"https:\/\/www.raxxa.com\/fr\/wp-json\/wp\/v2\/comments?post=137015"}],"wp:featuredmedia":[{"embeddable":true,"href":"https:\/\/www.raxxa.com\/fr\/wp-json\/wp\/v2\/media\/137016"}],"wp:attachment":[{"href":"https:\/\/www.raxxa.com\/fr\/wp-json\/wp\/v2\/media?parent=137015"}],"wp:term":[{"taxonomy":"product_brand","embeddable":true,"href":"https:\/\/www.raxxa.com\/fr\/wp-json\/wp\/v2\/product_brand?post=137015"},{"taxonomy":"product_cat","embeddable":true,"href":"https:\/\/www.raxxa.com\/fr\/wp-json\/wp\/v2\/product_cat?post=137015"},{"taxonomy":"product_tag","embeddable":true,"href":"https:\/\/www.raxxa.com\/fr\/wp-json\/wp\/v2\/product_tag?post=137015"}],"curies":[{"name":"wp","href":"https:\/\/api.w.org\/{rel}","templated":true}]}}