{"id":135931,"date":"2022-04-11T08:55:37","date_gmt":"2022-04-11T06:55:37","guid":{"rendered":"https:\/\/www.raxxa.com\/?post_type=product&#038;p=135931"},"modified":"2022-04-11T08:55:40","modified_gmt":"2022-04-11T06:55:40","slug":"kleid-vintage-botanical-ii","status":"publish","type":"product","link":"https:\/\/www.raxxa.com\/fr\/shop\/kleid-vintage-botanical-ii\/","title":{"rendered":"Robe : Vintage Botanical II"},"content":{"rendered":"<div>\n  <span style='font-weight: bolder; font-size: 1rem;'>raxxa Robe femme Vintage Botanical II<\/span><br \/>\n\n<\/div>\n<div>\n  <span style='font-weight: bolder;'>con\u00e7u par Andrea Haase<\/span>\n<\/div>\n<div>\n<span style='font-size: 1rem;'><br \/>\nraxxa la marque pour les personnes qui ont le courage d'utiliser la couleur et qui sont ouvertes aux motifs inhabituels. Les designs ont \u00e9t\u00e9 cr\u00e9\u00e9s<br \/>\nd'artistes internationaux.<br \/>\n<\/span>\n<\/div>\n<div>\n  <span style='font-size: 1rem;'><br \/><\/span><br \/>\n  <span style='font-size: 1rem;'>Chaque fois que vous achetez un produit raxxa, vous soutenez directement un artiste.<\/span>\n<\/div>\n<p><\/p>\n<div>\n  <span style='font-weight: bolder;'><br \/><\/span><br \/>\n  \n<\/div>\n<div>\n<\/div>\n<p><\/p>\n<div>\n<span style='font-size: 1rem;'><br \/>\nCette robe moulante raxxa avec le motif unique et tendance de nos artistes deviendra \u00e0 coup s\u00fbr un must-have de la mode.<br \/>\n<\/span>\n<\/div>\n<p><\/p>\n<div>\n  <span style='font-size: 1rem;'><br \/><\/span><br \/>\n  <span style='font-size: 1rem;'>Indications sur les mat\u00e9riaux :<\/span>\n<\/div>\n<p><\/p>\n<div>\n<span style='font-size: 1rem;'><\/p>\n<ul style='list-style-position: inside'>\n<li>82 % polyester, 18 % \u00e9lasthanne<\/li>\n<li>Poids du tissu : 224 g\/m\u00b2, le poids peut varier jusqu'\u00e0 5 %<\/li>\n<li>En fil microfibre doux et confortable<\/li>\n<li>Le mat\u00e9riau poss\u00e8de un stretch quadri-directionnel, ce qui signifie que le tissu s'\u00e9tire et se contracte dans le sens de la longueur et de la largeur.<\/li>\n<\/ul>\n<p><\/span>\n<\/div>\n<div>\n  <span style='font-size: 1rem;'><br \/><\/span><br \/>\n  <span style='font-size: 1rem;'>Indication des tailles en cm :<\/span>\n<\/div>\n<p><\/p>\n<table  cellspacing='5' cellpadding='5'>\n<tbody>\n<tr>\n<td><b>Taille<\/b><\/td>\n<td><b>Poitrine<\/b><\/td>\n<td><b>Taille<\/b><\/td>\n<td><b>Hanche<\/b><\/td>\n<\/tr>\n<tr>\n<td>XS<\/td>\n<td>84<\/td>\n<td>64<\/td>\n<td>90<\/td>\n<\/tr>\n<tr>\n<td>S<\/td>\n<td>88<\/td>\n<td>68<\/td>\n<td>94<\/td>\n<\/tr>\n<tr>\n<td>M<\/td>\n<td>92<\/td>\n<td>72<\/td>\n<td>98<\/td>\n<\/tr>\n<tr>\n<td>L<\/td>\n<td>100<\/td>\n<td>80<\/td>\n<td>106<\/td>\n<\/tr>\n<tr>\n<td>XL<\/td>\n<td>108<\/td>\n<td>88<\/td>\n<td>114<\/td>\n<\/tr>\n<\/tbody>\n<\/table>\n<div>\n<span style='font-size: 1rem;'>Ce produit est fabriqu\u00e9 sp\u00e9cialement pour toi, sur demande, dans le design et la taille souhait\u00e9s.&nbsp;<\/span>\n<\/div>","protected":false},"excerpt":{"rendered":"<p>raxxa Damen Kleid Vintage Botanical II designed by Andrea Haase raxxa die Marke f\u00fcr Menschen, die Mut zur Farbe haben und aufgeschlossen sind f\u00fcr au\u00dfergew\u00f6hnliche Muster. Die Designs wurden kreiert von internationalen K\u00fcnstlern. Mit jedem Kauf eines raxxa Produkts wird direkt ein K\u00fcnstler unterst\u00fctzt. Dieses raxxa figurbetonte Kleid mit dem einzigartigen, trendigem Muster unserer K\u00fcnstler [&hellip;]<\/p>\n","protected":false},"featured_media":135932,"comment_status":"open","ping_status":"closed","template":"","meta":[],"product_brand":[],"product_cat":[10317,10334,10316,10315],"product_tag":[],"class_list":{"0":"post-135931","1":"product","2":"type-product","3":"status-publish","4":"has-post-thumbnail","6":"product_cat-damen","7":"product_cat-kleider-damen","8":"product_cat-kleidung","9":"product_cat-mode-accessoires","10":"product_shipping_class-versand-t-shirts1","12":"first","13":"instock","14":"taxable","15":"shipping-taxable","16":"purchasable","17":"product-type-variable"},"yoast_head":"<!-- This site is optimized with the Yoast SEO Premium plugin v27.2 (Yoast SEO v27.3) - https:\/\/yoast.com\/product\/yoast-seo-premium-wordpress\/ -->\n<title>Kleid: Vintage Botanical II - raxxa<\/title>\n<meta name=\"robots\" content=\"index, follow, max-snippet:-1, max-image-preview:large, max-video-preview:-1\" \/>\n<link rel=\"canonical\" href=\"https:\/\/www.raxxa.com\/fr\/shop\/kleid-vintage-botanical-ii\/\" \/>\n<meta property=\"og:locale\" content=\"fr_FR\" \/>\n<meta property=\"og:type\" content=\"article\" \/>\n<meta property=\"og:title\" content=\"Kleid: Vintage Botanical II\" \/>\n<meta property=\"og:description\" content=\"raxxa Damen Kleid Vintage Botanical II designed by Andrea Haase raxxa die Marke f\u00fcr Menschen, die Mut zur Farbe haben und aufgeschlossen sind f\u00fcr au\u00dfergew\u00f6hnliche Muster. Die Designs wurden kreiert von internationalen K\u00fcnstlern. Mit jedem Kauf eines raxxa Produkts wird direkt ein K\u00fcnstler unterst\u00fctzt. Dieses raxxa figurbetonte Kleid mit dem einzigartigen, trendigem Muster unserer K\u00fcnstler [&hellip;]\" \/>\n<meta property=\"og:url\" content=\"https:\/\/www.raxxa.com\/fr\/shop\/kleid-vintage-botanical-ii\/\" \/>\n<meta property=\"og:site_name\" content=\"raxxa\" \/>\n<meta property=\"article:publisher\" content=\"https:\/\/facebook.com\/raxxacom\" \/>\n<meta property=\"article:modified_time\" content=\"2022-04-11T06:55:40+00:00\" \/>\n<meta property=\"og:image\" content=\"https:\/\/www.raxxa.com\/wp-content\/uploads\/2022\/04\/204_198_7788_default.jpg\" \/>\n\t<meta property=\"og:image:width\" content=\"1000\" \/>\n\t<meta property=\"og:image:height\" content=\"1000\" \/>\n\t<meta property=\"og:image:type\" content=\"image\/jpeg\" \/>\n<meta name=\"twitter:card\" content=\"summary_large_image\" \/>\n<meta name=\"twitter:label1\" content=\"Disponibilit\u00e9\" \/>\n\t<meta name=\"twitter:data1\" content=\"En stock\" \/>\n<script type=\"application\/ld+json\" class=\"yoast-schema-graph\">{\"@context\":\"https:\\\/\\\/schema.org\",\"@graph\":[{\"@type\":[\"WebPage\",\"ItemPage\"],\"@id\":\"https:\\\/\\\/www.raxxa.com\\\/shop\\\/kleid-vintage-botanical-ii\\\/\",\"url\":\"https:\\\/\\\/www.raxxa.com\\\/shop\\\/kleid-vintage-botanical-ii\\\/\",\"name\":\"Kleid: Vintage Botanical II - raxxa\",\"isPartOf\":{\"@id\":\"https:\\\/\\\/www.raxxa.com\\\/#website\"},\"primaryImageOfPage\":{\"@id\":\"https:\\\/\\\/www.raxxa.com\\\/shop\\\/kleid-vintage-botanical-ii\\\/#primaryimage\"},\"image\":{\"@id\":\"https:\\\/\\\/www.raxxa.com\\\/shop\\\/kleid-vintage-botanical-ii\\\/#primaryimage\"},\"thumbnailUrl\":\"https:\\\/\\\/www.raxxa.com\\\/wp-content\\\/uploads\\\/2022\\\/04\\\/204_198_7788_default.jpg\",\"datePublished\":\"2022-04-11T06:55:37+00:00\",\"dateModified\":\"2022-04-11T06:55:40+00:00\",\"breadcrumb\":{\"@id\":\"https:\\\/\\\/www.raxxa.com\\\/shop\\\/kleid-vintage-botanical-ii\\\/#breadcrumb\"},\"inLanguage\":\"fr-FR\",\"potentialAction\":[{\"@type\":\"ReadAction\",\"target\":[\"https:\\\/\\\/www.raxxa.com\\\/shop\\\/kleid-vintage-botanical-ii\\\/\"]}]},{\"@type\":\"ImageObject\",\"inLanguage\":\"fr-FR\",\"@id\":\"https:\\\/\\\/www.raxxa.com\\\/shop\\\/kleid-vintage-botanical-ii\\\/#primaryimage\",\"url\":\"https:\\\/\\\/www.raxxa.com\\\/wp-content\\\/uploads\\\/2022\\\/04\\\/204_198_7788_default.jpg\",\"contentUrl\":\"https:\\\/\\\/www.raxxa.com\\\/wp-content\\\/uploads\\\/2022\\\/04\\\/204_198_7788_default.jpg\",\"width\":1000,\"height\":1000},{\"@type\":\"BreadcrumbList\",\"@id\":\"https:\\\/\\\/www.raxxa.com\\\/shop\\\/kleid-vintage-botanical-ii\\\/#breadcrumb\",\"itemListElement\":[{\"@type\":\"ListItem\",\"position\":1,\"name\":\"Startseite\",\"item\":\"https:\\\/\\\/www.raxxa.com\\\/\"},{\"@type\":\"ListItem\",\"position\":2,\"name\":\"Shop\",\"item\":\"https:\\\/\\\/www.raxxa.com\\\/it\\\/shop\\\/\"},{\"@type\":\"ListItem\",\"position\":3,\"name\":\"Kleid: Vintage Botanical II\"}]},{\"@type\":\"WebSite\",\"@id\":\"https:\\\/\\\/www.raxxa.com\\\/#website\",\"url\":\"https:\\\/\\\/www.raxxa.com\\\/\",\"name\":\"raxxa\",\"description\":\"Einzigartige individuelle Produkte von unseren Designern\",\"publisher\":{\"@id\":\"https:\\\/\\\/www.raxxa.com\\\/#organization\"},\"potentialAction\":[{\"@type\":\"SearchAction\",\"target\":{\"@type\":\"EntryPoint\",\"urlTemplate\":\"https:\\\/\\\/www.raxxa.com\\\/?s={search_term_string}\"},\"query-input\":{\"@type\":\"PropertyValueSpecification\",\"valueRequired\":true,\"valueName\":\"search_term_string\"}}],\"inLanguage\":\"fr-FR\"},{\"@type\":\"Organization\",\"@id\":\"https:\\\/\\\/www.raxxa.com\\\/#organization\",\"name\":\"raxxa\",\"url\":\"https:\\\/\\\/www.raxxa.com\\\/\",\"logo\":{\"@type\":\"ImageObject\",\"inLanguage\":\"fr-FR\",\"@id\":\"https:\\\/\\\/www.raxxa.com\\\/#\\\/schema\\\/logo\\\/image\\\/\",\"url\":\"https:\\\/\\\/www.raxxa.com\\\/wp-content\\\/uploads\\\/2022\\\/07\\\/logo_v2.png\",\"contentUrl\":\"https:\\\/\\\/www.raxxa.com\\\/wp-content\\\/uploads\\\/2022\\\/07\\\/logo_v2.png\",\"width\":380,\"height\":382,\"caption\":\"raxxa\"},\"image\":{\"@id\":\"https:\\\/\\\/www.raxxa.com\\\/#\\\/schema\\\/logo\\\/image\\\/\"},\"sameAs\":[\"https:\\\/\\\/facebook.com\\\/raxxacom\"]}]}<\/script>\n<meta property=\"og:availability\" content=\"instock\" \/>\n<meta property=\"product:availability\" content=\"instock\" \/>\n<meta property=\"product:retailer_item_id\" content=\"1-109-204-15\" \/>\n<meta property=\"product:condition\" content=\"new\" \/>\n<!-- \/ Yoast SEO Premium plugin. -->","yoast_head_json":{"title":"Kleid: Vintage Botanical II - raxxa","robots":{"index":"index","follow":"follow","max-snippet":"max-snippet:-1","max-image-preview":"max-image-preview:large","max-video-preview":"max-video-preview:-1"},"canonical":"https:\/\/www.raxxa.com\/fr\/shop\/kleid-vintage-botanical-ii\/","og_locale":"fr_FR","og_type":"article","og_title":"Kleid: Vintage Botanical II","og_description":"raxxa Damen Kleid Vintage Botanical II designed by Andrea Haase raxxa die Marke f\u00fcr Menschen, die Mut zur Farbe haben und aufgeschlossen sind f\u00fcr au\u00dfergew\u00f6hnliche Muster. Die Designs wurden kreiert von internationalen K\u00fcnstlern. Mit jedem Kauf eines raxxa Produkts wird direkt ein K\u00fcnstler unterst\u00fctzt. Dieses raxxa figurbetonte Kleid mit dem einzigartigen, trendigem Muster unserer K\u00fcnstler [&hellip;]","og_url":"https:\/\/www.raxxa.com\/fr\/shop\/kleid-vintage-botanical-ii\/","og_site_name":"raxxa","article_publisher":"https:\/\/facebook.com\/raxxacom","article_modified_time":"2022-04-11T06:55:40+00:00","og_image":[{"width":1000,"height":1000,"url":"https:\/\/www.raxxa.com\/wp-content\/uploads\/2022\/04\/204_198_7788_default.jpg","type":"image\/jpeg"}],"twitter_card":"summary_large_image","twitter_misc":{"Disponibilit\u00e9":"En stock"},"schema":{"@context":"https:\/\/schema.org","@graph":[{"@type":["WebPage","ItemPage"],"@id":"https:\/\/www.raxxa.com\/shop\/kleid-vintage-botanical-ii\/","url":"https:\/\/www.raxxa.com\/shop\/kleid-vintage-botanical-ii\/","name":"Kleid: Vintage Botanical II - raxxa","isPartOf":{"@id":"https:\/\/www.raxxa.com\/#website"},"primaryImageOfPage":{"@id":"https:\/\/www.raxxa.com\/shop\/kleid-vintage-botanical-ii\/#primaryimage"},"image":{"@id":"https:\/\/www.raxxa.com\/shop\/kleid-vintage-botanical-ii\/#primaryimage"},"thumbnailUrl":"https:\/\/www.raxxa.com\/wp-content\/uploads\/2022\/04\/204_198_7788_default.jpg","datePublished":"2022-04-11T06:55:37+00:00","dateModified":"2022-04-11T06:55:40+00:00","breadcrumb":{"@id":"https:\/\/www.raxxa.com\/shop\/kleid-vintage-botanical-ii\/#breadcrumb"},"inLanguage":"fr-FR","potentialAction":[{"@type":"ReadAction","target":["https:\/\/www.raxxa.com\/shop\/kleid-vintage-botanical-ii\/"]}]},{"@type":"ImageObject","inLanguage":"fr-FR","@id":"https:\/\/www.raxxa.com\/shop\/kleid-vintage-botanical-ii\/#primaryimage","url":"https:\/\/www.raxxa.com\/wp-content\/uploads\/2022\/04\/204_198_7788_default.jpg","contentUrl":"https:\/\/www.raxxa.com\/wp-content\/uploads\/2022\/04\/204_198_7788_default.jpg","width":1000,"height":1000},{"@type":"BreadcrumbList","@id":"https:\/\/www.raxxa.com\/shop\/kleid-vintage-botanical-ii\/#breadcrumb","itemListElement":[{"@type":"ListItem","position":1,"name":"Startseite","item":"https:\/\/www.raxxa.com\/"},{"@type":"ListItem","position":2,"name":"Shop","item":"https:\/\/www.raxxa.com\/it\/shop\/"},{"@type":"ListItem","position":3,"name":"Kleid: Vintage Botanical II"}]},{"@type":"WebSite","@id":"https:\/\/www.raxxa.com\/#website","url":"https:\/\/www.raxxa.com\/","name":"raxxa","description":"Des produits uniques et personnalis\u00e9s cr\u00e9\u00e9s par nos designers","publisher":{"@id":"https:\/\/www.raxxa.com\/#organization"},"potentialAction":[{"@type":"SearchAction","target":{"@type":"EntryPoint","urlTemplate":"https:\/\/www.raxxa.com\/?s={search_term_string}"},"query-input":{"@type":"PropertyValueSpecification","valueRequired":true,"valueName":"search_term_string"}}],"inLanguage":"fr-FR"},{"@type":"Organization","@id":"https:\/\/www.raxxa.com\/#organization","name":"raxxa","url":"https:\/\/www.raxxa.com\/","logo":{"@type":"ImageObject","inLanguage":"fr-FR","@id":"https:\/\/www.raxxa.com\/#\/schema\/logo\/image\/","url":"https:\/\/www.raxxa.com\/wp-content\/uploads\/2022\/07\/logo_v2.png","contentUrl":"https:\/\/www.raxxa.com\/wp-content\/uploads\/2022\/07\/logo_v2.png","width":380,"height":382,"caption":"raxxa"},"image":{"@id":"https:\/\/www.raxxa.com\/#\/schema\/logo\/image\/"},"sameAs":["https:\/\/facebook.com\/raxxacom"]}]},"og_availability":"instock","product_availability":"instock","product_retailer_item_id":"1-109-204-15","product_condition":"new"},"jetpack_sharing_enabled":true,"_links":{"self":[{"href":"https:\/\/www.raxxa.com\/fr\/wp-json\/wp\/v2\/product\/135931","targetHints":{"allow":["GET"]}}],"collection":[{"href":"https:\/\/www.raxxa.com\/fr\/wp-json\/wp\/v2\/product"}],"about":[{"href":"https:\/\/www.raxxa.com\/fr\/wp-json\/wp\/v2\/types\/product"}],"replies":[{"embeddable":true,"href":"https:\/\/www.raxxa.com\/fr\/wp-json\/wp\/v2\/comments?post=135931"}],"wp:featuredmedia":[{"embeddable":true,"href":"https:\/\/www.raxxa.com\/fr\/wp-json\/wp\/v2\/media\/135932"}],"wp:attachment":[{"href":"https:\/\/www.raxxa.com\/fr\/wp-json\/wp\/v2\/media?parent=135931"}],"wp:term":[{"taxonomy":"product_brand","embeddable":true,"href":"https:\/\/www.raxxa.com\/fr\/wp-json\/wp\/v2\/product_brand?post=135931"},{"taxonomy":"product_cat","embeddable":true,"href":"https:\/\/www.raxxa.com\/fr\/wp-json\/wp\/v2\/product_cat?post=135931"},{"taxonomy":"product_tag","embeddable":true,"href":"https:\/\/www.raxxa.com\/fr\/wp-json\/wp\/v2\/product_tag?post=135931"}],"curies":[{"name":"wp","href":"https:\/\/api.w.org\/{rel}","templated":true}]}}