{"id":133311,"date":"2022-03-26T23:18:49","date_gmt":"2022-03-26T21:18:49","guid":{"rendered":"https:\/\/www.raxxa.com\/?post_type=product&#038;p=133311"},"modified":"2022-04-05T18:42:28","modified_gmt":"2022-04-05T16:42:28","slug":"sport-t-shirt-the-match-forest","status":"publish","type":"product","link":"https:\/\/www.raxxa.com\/fr\/shop\/sport-t-shirt-the-match-forest\/","title":{"rendered":"T-shirt de sport : The match forest"},"content":{"rendered":"<div>\n  <span style='font-weight: bolder; font-size: 1rem;'>raxxa Hommes T-shirt de sport The match forest<\/span><br \/>\n\n<\/div>\n<div>\n  <span style='font-weight: bolder;'>con\u00e7u par Ornat Yitzhaki<\/span>\n<\/div>\n<div>\n  <span style='font-weight: bolder;'><br \/><\/span><br \/>\n  \n<\/div>\n<div>\nPeinture acrylique avec texture out of matches and spatula.\n<\/div>\n<div>\n<span style='font-size: 1rem;'><br \/>\nCe t-shirt de sport raxxa a un look cool et sportif avec des<br \/>\nune impression expressive et dynamique. Il est<br \/>\nabsorbe l'humidit\u00e9 et est antimicrobien, ce qui permet aux sportifs de se sentir \u00e0 l'aise m\u00eame<br \/>\nse sentir au sec et \u00e0 l'aise lors des exercices les plus intenses.<br \/>\n<\/span>\n<\/div>\n<div>\n  <span style='font-size: 1rem;'><br \/><\/span><br \/>\n  <span style='font-size: 1rem;'>Chaque fois que vous achetez un produit raxxa, vous soutenez directement un artiste.<\/span>\n<\/div>\n<div>\n  <span style='font-size: 1rem;'><br \/><\/span><br \/>\n  <span style='font-size: 1rem;'>Indications sur les mat\u00e9riaux :<\/span>\n<\/div>\n<p><\/p>\n<div>\n<span style='font-size: 1rem;'><\/p>\n<ul style='list-style-position: inside'>\n<li>92 % polyester, 8 % \u00e9lasthanne<\/li>\n<li>Poids du tissu : 150 g\/m\u00b2, le poids peut varier jusqu'\u00e0 5 %<\/li>\n<li>r\u00e9gulation de l'humidit\u00e9 MaxDri &amp; tissu antimicrobien MicroBlok<\/li>\n<li>Filet stretch tr\u00e8s doux \u00e0 quatre voies<\/li>\n<li>Coupe confortable<\/li>\n<li>Point de surjet et point de recouvrement<\/li>\n<\/ul>\n<p><\/span>\n<\/div>\n<div>\n<span style='font-size: 1rem;'>Ce produit est fabriqu\u00e9 sp\u00e9cialement pour toi, sur demande, dans le design et la taille souhait\u00e9s.&nbsp;<\/span>\n<\/div>","protected":false},"excerpt":{"rendered":"<p>raxxa Herren Sport T-Shirt The match forest desiged by Ornat Yitzhaki Acrylic painting with texture out of matches and spatula. Dieses raxxa Sport-T-Shirt hat einen coolen und sportlichen Look mit einem ausdrucksstarken, dynamischen Druck. Es ist feuchtigkeitsabsorbierend und antimikrobiell, sodass sich Sportler auch bei den intensivsten \u00dcbungen trocken und komfortabel f\u00fchlen. Mit jedem Kauf eines [&hellip;]<\/p>\n","protected":false},"featured_media":133312,"comment_status":"open","ping_status":"closed","template":"","meta":[],"product_brand":[],"product_cat":[10318,10316,10315,10319],"product_tag":[],"class_list":{"0":"post-133311","1":"product","2":"type-product","3":"status-publish","4":"has-post-thumbnail","6":"product_cat-herren","7":"product_cat-kleidung","8":"product_cat-mode-accessoires","9":"product_cat-t-shirts-herren","10":"product_shipping_class-versand-t-shirts1","12":"first","13":"instock","14":"taxable","15":"shipping-taxable","16":"purchasable","17":"product-type-variable"},"yoast_head":"<!-- This site is optimized with the Yoast SEO Premium plugin v27.2 (Yoast SEO v27.3) - https:\/\/yoast.com\/product\/yoast-seo-premium-wordpress\/ -->\n<title>Sport T-Shirt: The match forest - raxxa<\/title>\n<meta name=\"robots\" content=\"index, follow, max-snippet:-1, max-image-preview:large, max-video-preview:-1\" \/>\n<link rel=\"canonical\" href=\"https:\/\/www.raxxa.com\/fr\/shop\/sport-t-shirt-the-match-forest\/\" \/>\n<meta property=\"og:locale\" content=\"fr_FR\" \/>\n<meta property=\"og:type\" content=\"article\" \/>\n<meta property=\"og:title\" content=\"Sport T-Shirt: The match forest\" \/>\n<meta property=\"og:description\" content=\"raxxa Herren Sport T-Shirt The match forest desiged by Ornat Yitzhaki Acrylic painting with texture out of matches and spatula. Dieses raxxa Sport-T-Shirt hat einen coolen und sportlichen Look mit einem ausdrucksstarken, dynamischen Druck. Es ist feuchtigkeitsabsorbierend und antimikrobiell, sodass sich Sportler auch bei den intensivsten \u00dcbungen trocken und komfortabel f\u00fchlen. Mit jedem Kauf eines [&hellip;]\" \/>\n<meta property=\"og:url\" content=\"https:\/\/www.raxxa.com\/fr\/shop\/sport-t-shirt-the-match-forest\/\" \/>\n<meta property=\"og:site_name\" content=\"raxxa\" \/>\n<meta property=\"article:publisher\" content=\"https:\/\/facebook.com\/raxxacom\" \/>\n<meta property=\"article:modified_time\" content=\"2022-04-05T16:42:28+00:00\" \/>\n<meta property=\"og:image\" content=\"https:\/\/www.raxxa.com\/wp-content\/uploads\/2022\/03\/gt-348841641_170_2402_328_9953_front.jpg\" \/>\n\t<meta property=\"og:image:width\" content=\"1000\" \/>\n\t<meta property=\"og:image:height\" content=\"1000\" \/>\n\t<meta property=\"og:image:type\" content=\"image\/jpeg\" \/>\n<meta name=\"twitter:card\" content=\"summary_large_image\" \/>\n<meta name=\"twitter:label1\" content=\"Disponibilit\u00e9\" \/>\n\t<meta name=\"twitter:data1\" content=\"En stock\" \/>\n<script type=\"application\/ld+json\" class=\"yoast-schema-graph\">{\"@context\":\"https:\\\/\\\/schema.org\",\"@graph\":[{\"@type\":[\"WebPage\",\"ItemPage\"],\"@id\":\"https:\\\/\\\/www.raxxa.com\\\/shop\\\/sport-t-shirt-the-match-forest\\\/\",\"url\":\"https:\\\/\\\/www.raxxa.com\\\/shop\\\/sport-t-shirt-the-match-forest\\\/\",\"name\":\"Sport T-Shirt: The match forest - raxxa\",\"isPartOf\":{\"@id\":\"https:\\\/\\\/www.raxxa.com\\\/#website\"},\"primaryImageOfPage\":{\"@id\":\"https:\\\/\\\/www.raxxa.com\\\/shop\\\/sport-t-shirt-the-match-forest\\\/#primaryimage\"},\"image\":{\"@id\":\"https:\\\/\\\/www.raxxa.com\\\/shop\\\/sport-t-shirt-the-match-forest\\\/#primaryimage\"},\"thumbnailUrl\":\"https:\\\/\\\/www.raxxa.com\\\/wp-content\\\/uploads\\\/2022\\\/03\\\/gt-348841641_170_2402_328_9953_front.jpg\",\"datePublished\":\"2022-03-26T21:18:49+00:00\",\"dateModified\":\"2022-04-05T16:42:28+00:00\",\"breadcrumb\":{\"@id\":\"https:\\\/\\\/www.raxxa.com\\\/shop\\\/sport-t-shirt-the-match-forest\\\/#breadcrumb\"},\"inLanguage\":\"fr-FR\",\"potentialAction\":[{\"@type\":\"ReadAction\",\"target\":[\"https:\\\/\\\/www.raxxa.com\\\/shop\\\/sport-t-shirt-the-match-forest\\\/\"]}]},{\"@type\":\"ImageObject\",\"inLanguage\":\"fr-FR\",\"@id\":\"https:\\\/\\\/www.raxxa.com\\\/shop\\\/sport-t-shirt-the-match-forest\\\/#primaryimage\",\"url\":\"https:\\\/\\\/www.raxxa.com\\\/wp-content\\\/uploads\\\/2022\\\/03\\\/gt-348841641_170_2402_328_9953_front.jpg\",\"contentUrl\":\"https:\\\/\\\/www.raxxa.com\\\/wp-content\\\/uploads\\\/2022\\\/03\\\/gt-348841641_170_2402_328_9953_front.jpg\",\"width\":1000,\"height\":1000},{\"@type\":\"BreadcrumbList\",\"@id\":\"https:\\\/\\\/www.raxxa.com\\\/shop\\\/sport-t-shirt-the-match-forest\\\/#breadcrumb\",\"itemListElement\":[{\"@type\":\"ListItem\",\"position\":1,\"name\":\"Startseite\",\"item\":\"https:\\\/\\\/www.raxxa.com\\\/\"},{\"@type\":\"ListItem\",\"position\":2,\"name\":\"Shop\",\"item\":\"https:\\\/\\\/www.raxxa.com\\\/it\\\/shop\\\/\"},{\"@type\":\"ListItem\",\"position\":3,\"name\":\"Sport T-Shirt: The match forest\"}]},{\"@type\":\"WebSite\",\"@id\":\"https:\\\/\\\/www.raxxa.com\\\/#website\",\"url\":\"https:\\\/\\\/www.raxxa.com\\\/\",\"name\":\"raxxa\",\"description\":\"Einzigartige individuelle Produkte von unseren Designern\",\"publisher\":{\"@id\":\"https:\\\/\\\/www.raxxa.com\\\/#organization\"},\"potentialAction\":[{\"@type\":\"SearchAction\",\"target\":{\"@type\":\"EntryPoint\",\"urlTemplate\":\"https:\\\/\\\/www.raxxa.com\\\/?s={search_term_string}\"},\"query-input\":{\"@type\":\"PropertyValueSpecification\",\"valueRequired\":true,\"valueName\":\"search_term_string\"}}],\"inLanguage\":\"fr-FR\"},{\"@type\":\"Organization\",\"@id\":\"https:\\\/\\\/www.raxxa.com\\\/#organization\",\"name\":\"raxxa\",\"url\":\"https:\\\/\\\/www.raxxa.com\\\/\",\"logo\":{\"@type\":\"ImageObject\",\"inLanguage\":\"fr-FR\",\"@id\":\"https:\\\/\\\/www.raxxa.com\\\/#\\\/schema\\\/logo\\\/image\\\/\",\"url\":\"https:\\\/\\\/www.raxxa.com\\\/wp-content\\\/uploads\\\/2022\\\/07\\\/logo_v2.png\",\"contentUrl\":\"https:\\\/\\\/www.raxxa.com\\\/wp-content\\\/uploads\\\/2022\\\/07\\\/logo_v2.png\",\"width\":380,\"height\":382,\"caption\":\"raxxa\"},\"image\":{\"@id\":\"https:\\\/\\\/www.raxxa.com\\\/#\\\/schema\\\/logo\\\/image\\\/\"},\"sameAs\":[\"https:\\\/\\\/facebook.com\\\/raxxacom\"]}]}<\/script>\n<meta property=\"og:availability\" content=\"instock\" \/>\n<meta property=\"product:availability\" content=\"instock\" \/>\n<meta property=\"product:retailer_item_id\" content=\"1-98-2402-170\" \/>\n<meta property=\"product:condition\" content=\"new\" \/>\n<!-- \/ Yoast SEO Premium plugin. -->","yoast_head_json":{"title":"Sport T-Shirt: The match forest - raxxa","robots":{"index":"index","follow":"follow","max-snippet":"max-snippet:-1","max-image-preview":"max-image-preview:large","max-video-preview":"max-video-preview:-1"},"canonical":"https:\/\/www.raxxa.com\/fr\/shop\/sport-t-shirt-the-match-forest\/","og_locale":"fr_FR","og_type":"article","og_title":"Sport T-Shirt: The match forest","og_description":"raxxa Herren Sport T-Shirt The match forest desiged by Ornat Yitzhaki Acrylic painting with texture out of matches and spatula. Dieses raxxa Sport-T-Shirt hat einen coolen und sportlichen Look mit einem ausdrucksstarken, dynamischen Druck. Es ist feuchtigkeitsabsorbierend und antimikrobiell, sodass sich Sportler auch bei den intensivsten \u00dcbungen trocken und komfortabel f\u00fchlen. Mit jedem Kauf eines [&hellip;]","og_url":"https:\/\/www.raxxa.com\/fr\/shop\/sport-t-shirt-the-match-forest\/","og_site_name":"raxxa","article_publisher":"https:\/\/facebook.com\/raxxacom","article_modified_time":"2022-04-05T16:42:28+00:00","og_image":[{"width":1000,"height":1000,"url":"https:\/\/www.raxxa.com\/wp-content\/uploads\/2022\/03\/gt-348841641_170_2402_328_9953_front.jpg","type":"image\/jpeg"}],"twitter_card":"summary_large_image","twitter_misc":{"Disponibilit\u00e9":"En stock"},"schema":{"@context":"https:\/\/schema.org","@graph":[{"@type":["WebPage","ItemPage"],"@id":"https:\/\/www.raxxa.com\/shop\/sport-t-shirt-the-match-forest\/","url":"https:\/\/www.raxxa.com\/shop\/sport-t-shirt-the-match-forest\/","name":"Sport T-Shirt: The match forest - raxxa","isPartOf":{"@id":"https:\/\/www.raxxa.com\/#website"},"primaryImageOfPage":{"@id":"https:\/\/www.raxxa.com\/shop\/sport-t-shirt-the-match-forest\/#primaryimage"},"image":{"@id":"https:\/\/www.raxxa.com\/shop\/sport-t-shirt-the-match-forest\/#primaryimage"},"thumbnailUrl":"https:\/\/www.raxxa.com\/wp-content\/uploads\/2022\/03\/gt-348841641_170_2402_328_9953_front.jpg","datePublished":"2022-03-26T21:18:49+00:00","dateModified":"2022-04-05T16:42:28+00:00","breadcrumb":{"@id":"https:\/\/www.raxxa.com\/shop\/sport-t-shirt-the-match-forest\/#breadcrumb"},"inLanguage":"fr-FR","potentialAction":[{"@type":"ReadAction","target":["https:\/\/www.raxxa.com\/shop\/sport-t-shirt-the-match-forest\/"]}]},{"@type":"ImageObject","inLanguage":"fr-FR","@id":"https:\/\/www.raxxa.com\/shop\/sport-t-shirt-the-match-forest\/#primaryimage","url":"https:\/\/www.raxxa.com\/wp-content\/uploads\/2022\/03\/gt-348841641_170_2402_328_9953_front.jpg","contentUrl":"https:\/\/www.raxxa.com\/wp-content\/uploads\/2022\/03\/gt-348841641_170_2402_328_9953_front.jpg","width":1000,"height":1000},{"@type":"BreadcrumbList","@id":"https:\/\/www.raxxa.com\/shop\/sport-t-shirt-the-match-forest\/#breadcrumb","itemListElement":[{"@type":"ListItem","position":1,"name":"Startseite","item":"https:\/\/www.raxxa.com\/"},{"@type":"ListItem","position":2,"name":"Shop","item":"https:\/\/www.raxxa.com\/it\/shop\/"},{"@type":"ListItem","position":3,"name":"Sport T-Shirt: The match forest"}]},{"@type":"WebSite","@id":"https:\/\/www.raxxa.com\/#website","url":"https:\/\/www.raxxa.com\/","name":"raxxa","description":"Des produits uniques et personnalis\u00e9s cr\u00e9\u00e9s par nos designers","publisher":{"@id":"https:\/\/www.raxxa.com\/#organization"},"potentialAction":[{"@type":"SearchAction","target":{"@type":"EntryPoint","urlTemplate":"https:\/\/www.raxxa.com\/?s={search_term_string}"},"query-input":{"@type":"PropertyValueSpecification","valueRequired":true,"valueName":"search_term_string"}}],"inLanguage":"fr-FR"},{"@type":"Organization","@id":"https:\/\/www.raxxa.com\/#organization","name":"raxxa","url":"https:\/\/www.raxxa.com\/","logo":{"@type":"ImageObject","inLanguage":"fr-FR","@id":"https:\/\/www.raxxa.com\/#\/schema\/logo\/image\/","url":"https:\/\/www.raxxa.com\/wp-content\/uploads\/2022\/07\/logo_v2.png","contentUrl":"https:\/\/www.raxxa.com\/wp-content\/uploads\/2022\/07\/logo_v2.png","width":380,"height":382,"caption":"raxxa"},"image":{"@id":"https:\/\/www.raxxa.com\/#\/schema\/logo\/image\/"},"sameAs":["https:\/\/facebook.com\/raxxacom"]}]},"og_availability":"instock","product_availability":"instock","product_retailer_item_id":"1-98-2402-170","product_condition":"new"},"jetpack_sharing_enabled":true,"_links":{"self":[{"href":"https:\/\/www.raxxa.com\/fr\/wp-json\/wp\/v2\/product\/133311","targetHints":{"allow":["GET"]}}],"collection":[{"href":"https:\/\/www.raxxa.com\/fr\/wp-json\/wp\/v2\/product"}],"about":[{"href":"https:\/\/www.raxxa.com\/fr\/wp-json\/wp\/v2\/types\/product"}],"replies":[{"embeddable":true,"href":"https:\/\/www.raxxa.com\/fr\/wp-json\/wp\/v2\/comments?post=133311"}],"wp:featuredmedia":[{"embeddable":true,"href":"https:\/\/www.raxxa.com\/fr\/wp-json\/wp\/v2\/media\/133312"}],"wp:attachment":[{"href":"https:\/\/www.raxxa.com\/fr\/wp-json\/wp\/v2\/media?parent=133311"}],"wp:term":[{"taxonomy":"product_brand","embeddable":true,"href":"https:\/\/www.raxxa.com\/fr\/wp-json\/wp\/v2\/product_brand?post=133311"},{"taxonomy":"product_cat","embeddable":true,"href":"https:\/\/www.raxxa.com\/fr\/wp-json\/wp\/v2\/product_cat?post=133311"},{"taxonomy":"product_tag","embeddable":true,"href":"https:\/\/www.raxxa.com\/fr\/wp-json\/wp\/v2\/product_tag?post=133311"}],"curies":[{"name":"wp","href":"https:\/\/api.w.org\/{rel}","templated":true}]}}