{"id":121750,"date":"2022-02-04T02:27:55","date_gmt":"2022-02-04T00:27:55","guid":{"rendered":"https:\/\/www.raxxa.com\/shop\/grrrmpf\/"},"modified":"2022-02-04T02:28:16","modified_gmt":"2022-02-04T00:28:16","slug":"grrrmpf","status":"publish","type":"product","link":"https:\/\/www.raxxa.com\/fr\/shop\/grrrmpf\/","title":{"rendered":"Grrrmpf"},"content":{"rendered":"<div><b>&#8222;Grrrmpf&#8220; by Martin W\u00fcrzburger<\/b><\/div>\n<div><b><br \/><\/b><\/div>\n<div><\/div>\n<div><\/div>\n<div>Quand elle regarde ainsi, le silence se fait autour d'elle. Et chacun se met \u00e0 rattraper ce qu'il a n\u00e9glig\u00e9 de faire et qui a d\u00e9clench\u00e9 ce regard.<br \/>\nChanteuse du groupe de piates su\u00e9dois Ye Banished Privateers.<\/div>\n<div><b><br \/><\/b><\/div>\n<div><\/div>\n<div><\/div>\n<div>- Impression photo sur aluminium dibond 3mm avec rev\u00eatement blanc<\/div>\n<div>- Impression directe sur l'aluminium Encres de haute qualit\u00e9<\/div>\n<div>- Une bonne gradation des tons assure une reproduction exacte<\/div>\n<div><span style=\"font-size: 1rem\">- Mat et anti-\u00e9blouissant<\/span><\/div>\n<div><span style=\"font-size: 1rem\">- Set de suspension inclus<\/span><\/div>\n<div><\/div>\n<div>Votre motif et votre taille individuelle ne seront produits et envoy\u00e9s qu'apr\u00e8s r\u00e9ception de votre commande.<\/div>\n<div><span style=\"font-size: 1rem\">Si vous souhaitez une autre taille, n'h\u00e9sitez pas \u00e0 nous la demander.<\/span><\/div>\n<p>pirates pirates fantasy femme musicien yebanishedprivateers<\/p>","protected":false},"excerpt":{"rendered":"<p>&#8222;Grrrmpf&#8220; by Martin W\u00fcrzburger Wenn sie so guckt, wird es um sie herum mucksm\u00e4uschen still. Und jeder beginnt das nachzuholen, dessen Vers\u00e4umnis vermeintlich der Ausl\u00f6ser f\u00fcr diesen Blick war. S\u00e4ngerin der schwedischen Piatenband Ye Banished Privateers. &#8211; Foto Druck auf Aluminium-Dibond 3mm mit wei\u00dfer Beschichtung &#8211; Druck direkt auf das Aluminium hochwertige Druckfarben &#8211; Gute [&hellip;]<\/p>\n","protected":false},"featured_media":121743,"comment_status":"open","ping_status":"closed","template":"","meta":[],"product_brand":[],"product_cat":[162,279],"product_tag":[9692,7535,9774,9773],"class_list":{"0":"post-121750","1":"product","2":"type-product","3":"status-publish","4":"has-post-thumbnail","6":"product_cat-fantasie","7":"product_cat-martin-wuerzburger","8":"product_tag-fantasy","9":"product_tag-frau","10":"product_tag-piraten","11":"product_tag-pirates","13":"first","14":"instock","15":"taxable","16":"shipping-taxable","17":"purchasable","18":"product-type-variable"},"yoast_head":"<!-- This site is optimized with the Yoast SEO Premium plugin v27.5 (Yoast SEO v27.5) - https:\/\/yoast.com\/product\/yoast-seo-premium-wordpress\/ -->\n<title>Grrrmpf - raxxa<\/title>\n<meta name=\"robots\" content=\"index, follow, max-snippet:-1, max-image-preview:large, max-video-preview:-1\" \/>\n<link rel=\"canonical\" href=\"https:\/\/www.raxxa.com\/fr\/shop\/grrrmpf\/\" \/>\n<meta property=\"og:locale\" content=\"fr_FR\" \/>\n<meta property=\"og:type\" content=\"article\" \/>\n<meta property=\"og:title\" content=\"Grrrmpf\" \/>\n<meta property=\"og:description\" content=\"&#8222;Grrrmpf&#8220; by Martin W\u00fcrzburger Wenn sie so guckt, wird es um sie herum mucksm\u00e4uschen still. Und jeder beginnt das nachzuholen, dessen Vers\u00e4umnis vermeintlich der Ausl\u00f6ser f\u00fcr diesen Blick war. S\u00e4ngerin der schwedischen Piatenband Ye Banished Privateers. &#8211; Foto Druck auf Aluminium-Dibond 3mm mit wei\u00dfer Beschichtung &#8211; Druck direkt auf das Aluminium hochwertige Druckfarben &#8211; Gute [&hellip;]\" \/>\n<meta property=\"og:url\" content=\"https:\/\/www.raxxa.com\/fr\/shop\/grrrmpf\/\" \/>\n<meta property=\"og:site_name\" content=\"raxxa\" \/>\n<meta property=\"article:publisher\" content=\"https:\/\/facebook.com\/raxxacom\" \/>\n<meta property=\"article:modified_time\" content=\"2022-02-04T00:28:16+00:00\" \/>\n<meta property=\"og:image\" content=\"https:\/\/www.raxxa.com\/wp-content\/uploads\/2022\/02\/97-1094-Grrrmpf-Martin-Wuerzburger.png\" \/>\n\t<meta property=\"og:image:width\" content=\"800\" \/>\n\t<meta property=\"og:image:height\" content=\"800\" \/>\n\t<meta property=\"og:image:type\" content=\"image\/png\" \/>\n<meta name=\"twitter:card\" content=\"summary_large_image\" \/>\n<meta name=\"twitter:label1\" content=\"Disponibilit\u00e9\" \/>\n\t<meta name=\"twitter:data1\" content=\"En stock\" \/>\n<script type=\"application\/ld+json\" class=\"yoast-schema-graph\">{\"@context\":\"https:\\\/\\\/schema.org\",\"@graph\":[{\"@type\":[\"WebPage\",\"ItemPage\"],\"@id\":\"https:\\\/\\\/www.raxxa.com\\\/shop\\\/grrrmpf\\\/\",\"url\":\"https:\\\/\\\/www.raxxa.com\\\/shop\\\/grrrmpf\\\/\",\"name\":\"Grrrmpf - raxxa\",\"isPartOf\":{\"@id\":\"https:\\\/\\\/www.raxxa.com\\\/#website\"},\"primaryImageOfPage\":{\"@id\":\"https:\\\/\\\/www.raxxa.com\\\/shop\\\/grrrmpf\\\/#primaryimage\"},\"image\":{\"@id\":\"https:\\\/\\\/www.raxxa.com\\\/shop\\\/grrrmpf\\\/#primaryimage\"},\"thumbnailUrl\":\"https:\\\/\\\/www.raxxa.com\\\/wp-content\\\/uploads\\\/2022\\\/02\\\/97-1094-Grrrmpf-Martin-Wuerzburger.png\",\"datePublished\":\"2022-02-04T00:27:55+00:00\",\"dateModified\":\"2022-02-04T00:28:16+00:00\",\"breadcrumb\":{\"@id\":\"https:\\\/\\\/www.raxxa.com\\\/shop\\\/grrrmpf\\\/#breadcrumb\"},\"inLanguage\":\"fr-FR\",\"potentialAction\":[{\"@type\":\"ReadAction\",\"target\":[\"https:\\\/\\\/www.raxxa.com\\\/shop\\\/grrrmpf\\\/\"]}]},{\"@type\":\"ImageObject\",\"inLanguage\":\"fr-FR\",\"@id\":\"https:\\\/\\\/www.raxxa.com\\\/shop\\\/grrrmpf\\\/#primaryimage\",\"url\":\"https:\\\/\\\/www.raxxa.com\\\/wp-content\\\/uploads\\\/2022\\\/02\\\/97-1094-Grrrmpf-Martin-Wuerzburger.png\",\"contentUrl\":\"https:\\\/\\\/www.raxxa.com\\\/wp-content\\\/uploads\\\/2022\\\/02\\\/97-1094-Grrrmpf-Martin-Wuerzburger.png\",\"width\":800,\"height\":800},{\"@type\":\"BreadcrumbList\",\"@id\":\"https:\\\/\\\/www.raxxa.com\\\/shop\\\/grrrmpf\\\/#breadcrumb\",\"itemListElement\":[{\"@type\":\"ListItem\",\"position\":1,\"name\":\"Startseite\",\"item\":\"https:\\\/\\\/www.raxxa.com\\\/\"},{\"@type\":\"ListItem\",\"position\":2,\"name\":\"Shop\",\"item\":\"https:\\\/\\\/www.raxxa.com\\\/it\\\/shop\\\/\"},{\"@type\":\"ListItem\",\"position\":3,\"name\":\"Grrrmpf\"}]},{\"@type\":\"WebSite\",\"@id\":\"https:\\\/\\\/www.raxxa.com\\\/#website\",\"url\":\"https:\\\/\\\/www.raxxa.com\\\/\",\"name\":\"raxxa\",\"description\":\"Einzigartige individuelle Produkte von unseren Designern\",\"publisher\":{\"@id\":\"https:\\\/\\\/www.raxxa.com\\\/#organization\"},\"potentialAction\":[{\"@type\":\"SearchAction\",\"target\":{\"@type\":\"EntryPoint\",\"urlTemplate\":\"https:\\\/\\\/www.raxxa.com\\\/?s={search_term_string}\"},\"query-input\":{\"@type\":\"PropertyValueSpecification\",\"valueRequired\":true,\"valueName\":\"search_term_string\"}}],\"inLanguage\":\"fr-FR\"},{\"@type\":\"Organization\",\"@id\":\"https:\\\/\\\/www.raxxa.com\\\/#organization\",\"name\":\"raxxa\",\"url\":\"https:\\\/\\\/www.raxxa.com\\\/\",\"logo\":{\"@type\":\"ImageObject\",\"inLanguage\":\"fr-FR\",\"@id\":\"https:\\\/\\\/www.raxxa.com\\\/#\\\/schema\\\/logo\\\/image\\\/\",\"url\":\"https:\\\/\\\/www.raxxa.com\\\/wp-content\\\/uploads\\\/2022\\\/07\\\/logo_v2.png\",\"contentUrl\":\"https:\\\/\\\/www.raxxa.com\\\/wp-content\\\/uploads\\\/2022\\\/07\\\/logo_v2.png\",\"width\":380,\"height\":382,\"caption\":\"raxxa\"},\"image\":{\"@id\":\"https:\\\/\\\/www.raxxa.com\\\/#\\\/schema\\\/logo\\\/image\\\/\"},\"sameAs\":[\"https:\\\/\\\/facebook.com\\\/raxxacom\"]}]}<\/script>\n<meta property=\"og:availability\" content=\"instock\" \/>\n<meta property=\"product:availability\" content=\"instock\" \/>\n<meta property=\"product:condition\" content=\"new\" \/>\n<!-- \/ Yoast SEO Premium plugin. -->","yoast_head_json":{"title":"Grrrmpf - raxxa","robots":{"index":"index","follow":"follow","max-snippet":"max-snippet:-1","max-image-preview":"max-image-preview:large","max-video-preview":"max-video-preview:-1"},"canonical":"https:\/\/www.raxxa.com\/fr\/shop\/grrrmpf\/","og_locale":"fr_FR","og_type":"article","og_title":"Grrrmpf","og_description":"&#8222;Grrrmpf&#8220; by Martin W\u00fcrzburger Wenn sie so guckt, wird es um sie herum mucksm\u00e4uschen still. Und jeder beginnt das nachzuholen, dessen Vers\u00e4umnis vermeintlich der Ausl\u00f6ser f\u00fcr diesen Blick war. S\u00e4ngerin der schwedischen Piatenband Ye Banished Privateers. &#8211; Foto Druck auf Aluminium-Dibond 3mm mit wei\u00dfer Beschichtung &#8211; Druck direkt auf das Aluminium hochwertige Druckfarben &#8211; Gute [&hellip;]","og_url":"https:\/\/www.raxxa.com\/fr\/shop\/grrrmpf\/","og_site_name":"raxxa","article_publisher":"https:\/\/facebook.com\/raxxacom","article_modified_time":"2022-02-04T00:28:16+00:00","og_image":[{"width":800,"height":800,"url":"https:\/\/www.raxxa.com\/wp-content\/uploads\/2022\/02\/97-1094-Grrrmpf-Martin-Wuerzburger.png","type":"image\/png"}],"twitter_card":"summary_large_image","twitter_misc":{"Disponibilit\u00e9":"En stock"},"schema":{"@context":"https:\/\/schema.org","@graph":[{"@type":["WebPage","ItemPage"],"@id":"https:\/\/www.raxxa.com\/shop\/grrrmpf\/","url":"https:\/\/www.raxxa.com\/shop\/grrrmpf\/","name":"Grrrmpf - raxxa","isPartOf":{"@id":"https:\/\/www.raxxa.com\/#website"},"primaryImageOfPage":{"@id":"https:\/\/www.raxxa.com\/shop\/grrrmpf\/#primaryimage"},"image":{"@id":"https:\/\/www.raxxa.com\/shop\/grrrmpf\/#primaryimage"},"thumbnailUrl":"https:\/\/www.raxxa.com\/wp-content\/uploads\/2022\/02\/97-1094-Grrrmpf-Martin-Wuerzburger.png","datePublished":"2022-02-04T00:27:55+00:00","dateModified":"2022-02-04T00:28:16+00:00","breadcrumb":{"@id":"https:\/\/www.raxxa.com\/shop\/grrrmpf\/#breadcrumb"},"inLanguage":"fr-FR","potentialAction":[{"@type":"ReadAction","target":["https:\/\/www.raxxa.com\/shop\/grrrmpf\/"]}]},{"@type":"ImageObject","inLanguage":"fr-FR","@id":"https:\/\/www.raxxa.com\/shop\/grrrmpf\/#primaryimage","url":"https:\/\/www.raxxa.com\/wp-content\/uploads\/2022\/02\/97-1094-Grrrmpf-Martin-Wuerzburger.png","contentUrl":"https:\/\/www.raxxa.com\/wp-content\/uploads\/2022\/02\/97-1094-Grrrmpf-Martin-Wuerzburger.png","width":800,"height":800},{"@type":"BreadcrumbList","@id":"https:\/\/www.raxxa.com\/shop\/grrrmpf\/#breadcrumb","itemListElement":[{"@type":"ListItem","position":1,"name":"Startseite","item":"https:\/\/www.raxxa.com\/"},{"@type":"ListItem","position":2,"name":"Shop","item":"https:\/\/www.raxxa.com\/it\/shop\/"},{"@type":"ListItem","position":3,"name":"Grrrmpf"}]},{"@type":"WebSite","@id":"https:\/\/www.raxxa.com\/#website","url":"https:\/\/www.raxxa.com\/","name":"raxxa","description":"Des produits uniques et personnalis\u00e9s cr\u00e9\u00e9s par nos designers","publisher":{"@id":"https:\/\/www.raxxa.com\/#organization"},"potentialAction":[{"@type":"SearchAction","target":{"@type":"EntryPoint","urlTemplate":"https:\/\/www.raxxa.com\/?s={search_term_string}"},"query-input":{"@type":"PropertyValueSpecification","valueRequired":true,"valueName":"search_term_string"}}],"inLanguage":"fr-FR"},{"@type":"Organization","@id":"https:\/\/www.raxxa.com\/#organization","name":"raxxa","url":"https:\/\/www.raxxa.com\/","logo":{"@type":"ImageObject","inLanguage":"fr-FR","@id":"https:\/\/www.raxxa.com\/#\/schema\/logo\/image\/","url":"https:\/\/www.raxxa.com\/wp-content\/uploads\/2022\/07\/logo_v2.png","contentUrl":"https:\/\/www.raxxa.com\/wp-content\/uploads\/2022\/07\/logo_v2.png","width":380,"height":382,"caption":"raxxa"},"image":{"@id":"https:\/\/www.raxxa.com\/#\/schema\/logo\/image\/"},"sameAs":["https:\/\/facebook.com\/raxxacom"]}]},"og_availability":"instock","product_availability":"instock","product_condition":"new"},"jetpack_sharing_enabled":true,"_links":{"self":[{"href":"https:\/\/www.raxxa.com\/fr\/wp-json\/wp\/v2\/product\/121750","targetHints":{"allow":["GET"]}}],"collection":[{"href":"https:\/\/www.raxxa.com\/fr\/wp-json\/wp\/v2\/product"}],"about":[{"href":"https:\/\/www.raxxa.com\/fr\/wp-json\/wp\/v2\/types\/product"}],"replies":[{"embeddable":true,"href":"https:\/\/www.raxxa.com\/fr\/wp-json\/wp\/v2\/comments?post=121750"}],"wp:featuredmedia":[{"embeddable":true,"href":"https:\/\/www.raxxa.com\/fr\/wp-json\/wp\/v2\/media\/121743"}],"wp:attachment":[{"href":"https:\/\/www.raxxa.com\/fr\/wp-json\/wp\/v2\/media?parent=121750"}],"wp:term":[{"taxonomy":"product_brand","embeddable":true,"href":"https:\/\/www.raxxa.com\/fr\/wp-json\/wp\/v2\/product_brand?post=121750"},{"taxonomy":"product_cat","embeddable":true,"href":"https:\/\/www.raxxa.com\/fr\/wp-json\/wp\/v2\/product_cat?post=121750"},{"taxonomy":"product_tag","embeddable":true,"href":"https:\/\/www.raxxa.com\/fr\/wp-json\/wp\/v2\/product_tag?post=121750"}],"curies":[{"name":"wp","href":"https:\/\/api.w.org\/{rel}","templated":true}]}}