{"id":113502,"date":"2022-01-13T01:05:17","date_gmt":"2022-01-12T23:05:17","guid":{"rendered":"https:\/\/www.raxxa.com\/shop\/traumwelten-suesswinkelweg\/"},"modified":"2022-01-13T01:05:36","modified_gmt":"2022-01-12T23:05:36","slug":"traumwelten-suesswinkelweg","status":"publish","type":"product","link":"https:\/\/www.raxxa.com\/fr\/shop\/traumwelten-suesswinkelweg\/","title":{"rendered":"Mondes de r\u00eave - Chemin de l'Angle doux"},"content":{"rendered":"<div><b>\"Mondes de r\u00eave - Chemin de l'Angle doux\" by Claudia Schellmann<\/b><\/div>\n<div><b><br \/><\/b><\/div>\n<div><\/div>\n<div><\/div>\n<div>J'aime inventer des mondes de r\u00eave. Quand j'\u00e9tais enfant, j'imaginais des nains vivant dans des cavit\u00e9s de racines.<br \/>\nLe vieil arbre se trouve dans la for\u00eat du Palatinat, les \u00e9l\u00e9ments de la maison proviennent tous du Bade-Wurtemberg (T\u00fcbingen, N\u00fcrtingen, Schlaitdorf...).<\/div>\n<div><b><br \/><\/b><\/div>\n<div><\/div>\n<div><\/div>\n<div>- Impression photo sur aluminium dibond 3mm avec rev\u00eatement blanc<\/div>\n<div>- Impression directe sur l'aluminium Encres de haute qualit\u00e9<\/div>\n<div>- Une bonne gradation des tons assure une reproduction exacte<\/div>\n<div><span style=\"font-size: 1rem\">- Mat et anti-\u00e9blouissant<\/span><\/div>\n<div><span style=\"font-size: 1rem\">- Set de suspension inclus<\/span><\/div>\n<div><\/div>\n<div>Votre motif et votre taille individuelle ne seront produits et envoy\u00e9s qu'apr\u00e8s r\u00e9ception de votre commande.<\/div>\n<div><span style=\"font-size: 1rem\">Si vous souhaitez une autre taille, n'h\u00e9sitez pas \u00e0 nous la demander.<\/span><\/div>\n<p>arbre vieil arbre maison d'arbre fantaisie image fantaisie maison de r\u00eave composing composition traitement d'image digitalart digitalcollage mondes de r\u00eave imagination habitat habitat for\u00eat alleinimwald laubwald pf\u00e4lzerwald<\/p>","protected":false},"excerpt":{"rendered":"<p>&#8222;Traumwelten &#8211; S\u00fc\u00dfwinkelweg&#8220; by Claudia Schellmann Ich liebe es, Traumwelten zu erfinden. Als Kind habe ich mir immer vorgestellt, wie Zwerge in Wurzelh\u00f6hlen wohnen. Der alte Baum steht im Pf\u00e4lzerwald, die Hausbestandteile stammen alle aus Baden-W\u00fcrttemberg (T\u00fcbingen, N\u00fcrtingen, Schlaitdorf&#8230;) &#8211; Foto Druck auf Aluminium-Dibond 3mm mit wei\u00dfer Beschichtung &#8211; Druck direkt auf das Aluminium hochwertige [&hellip;]<\/p>\n","protected":false},"featured_media":113495,"comment_status":"open","ping_status":"closed","template":"","meta":[],"product_brand":[],"product_cat":[162,10211],"product_tag":[7760,10040,7745,9974,9692,8208,9700,7557,9013],"class_list":{"0":"post-113502","1":"product","2":"type-product","3":"status-publish","4":"has-post-thumbnail","6":"product_cat-fantasie","7":"product_cat-claudia-schellmann","8":"product_tag-baum","9":"product_tag-digitalart","10":"product_tag-fantasie","11":"product_tag-fantastisch","12":"product_tag-fantasy","13":"product_tag-imagination","14":"product_tag-laubwald","15":"product_tag-wald","16":"product_tag-wohnung","18":"first","19":"instock","20":"taxable","21":"shipping-taxable","22":"purchasable","23":"product-type-variable"},"yoast_head":"<!-- This site is optimized with the Yoast SEO Premium plugin v27.4 (Yoast SEO v27.4) - https:\/\/yoast.com\/product\/yoast-seo-premium-wordpress\/ -->\n<title>Traumwelten - S\u00fc\u00dfwinkelweg - raxxa<\/title>\n<meta name=\"robots\" content=\"index, follow, max-snippet:-1, max-image-preview:large, max-video-preview:-1\" \/>\n<link rel=\"canonical\" href=\"https:\/\/www.raxxa.com\/fr\/shop\/traumwelten-suesswinkelweg\/\" \/>\n<meta property=\"og:locale\" content=\"fr_FR\" \/>\n<meta property=\"og:type\" content=\"article\" \/>\n<meta property=\"og:title\" content=\"Traumwelten - S\u00fc\u00dfwinkelweg\" \/>\n<meta property=\"og:description\" content=\"&#8222;Traumwelten &#8211; S\u00fc\u00dfwinkelweg&#8220; by Claudia Schellmann Ich liebe es, Traumwelten zu erfinden. Als Kind habe ich mir immer vorgestellt, wie Zwerge in Wurzelh\u00f6hlen wohnen. Der alte Baum steht im Pf\u00e4lzerwald, die Hausbestandteile stammen alle aus Baden-W\u00fcrttemberg (T\u00fcbingen, N\u00fcrtingen, Schlaitdorf&#8230;) &#8211; Foto Druck auf Aluminium-Dibond 3mm mit wei\u00dfer Beschichtung &#8211; Druck direkt auf das Aluminium hochwertige [&hellip;]\" \/>\n<meta property=\"og:url\" content=\"https:\/\/www.raxxa.com\/fr\/shop\/traumwelten-suesswinkelweg\/\" \/>\n<meta property=\"og:site_name\" content=\"raxxa\" \/>\n<meta property=\"article:publisher\" content=\"https:\/\/facebook.com\/raxxacom\" \/>\n<meta property=\"article:modified_time\" content=\"2022-01-12T23:05:36+00:00\" \/>\n<meta property=\"og:image\" content=\"https:\/\/www.raxxa.com\/wp-content\/uploads\/2022\/01\/131-2191-Traumwelten-Suesswinkelweg-Claudia-Schellmann.png\" \/>\n\t<meta property=\"og:image:width\" content=\"800\" \/>\n\t<meta property=\"og:image:height\" content=\"800\" \/>\n\t<meta property=\"og:image:type\" content=\"image\/png\" \/>\n<meta name=\"twitter:card\" content=\"summary_large_image\" \/>\n<meta name=\"twitter:label1\" content=\"Disponibilit\u00e9\" \/>\n\t<meta name=\"twitter:data1\" content=\"En stock\" \/>\n<script type=\"application\/ld+json\" class=\"yoast-schema-graph\">{\"@context\":\"https:\\\/\\\/schema.org\",\"@graph\":[{\"@type\":[\"WebPage\",\"ItemPage\"],\"@id\":\"https:\\\/\\\/www.raxxa.com\\\/shop\\\/traumwelten-suesswinkelweg\\\/\",\"url\":\"https:\\\/\\\/www.raxxa.com\\\/shop\\\/traumwelten-suesswinkelweg\\\/\",\"name\":\"Traumwelten - S\u00fc\u00dfwinkelweg - raxxa\",\"isPartOf\":{\"@id\":\"https:\\\/\\\/www.raxxa.com\\\/#website\"},\"primaryImageOfPage\":{\"@id\":\"https:\\\/\\\/www.raxxa.com\\\/shop\\\/traumwelten-suesswinkelweg\\\/#primaryimage\"},\"image\":{\"@id\":\"https:\\\/\\\/www.raxxa.com\\\/shop\\\/traumwelten-suesswinkelweg\\\/#primaryimage\"},\"thumbnailUrl\":\"https:\\\/\\\/www.raxxa.com\\\/wp-content\\\/uploads\\\/2022\\\/01\\\/131-2191-Traumwelten-Suesswinkelweg-Claudia-Schellmann.png\",\"datePublished\":\"2022-01-12T23:05:17+00:00\",\"dateModified\":\"2022-01-12T23:05:36+00:00\",\"breadcrumb\":{\"@id\":\"https:\\\/\\\/www.raxxa.com\\\/shop\\\/traumwelten-suesswinkelweg\\\/#breadcrumb\"},\"inLanguage\":\"fr-FR\",\"potentialAction\":[{\"@type\":\"ReadAction\",\"target\":[\"https:\\\/\\\/www.raxxa.com\\\/shop\\\/traumwelten-suesswinkelweg\\\/\"]}]},{\"@type\":\"ImageObject\",\"inLanguage\":\"fr-FR\",\"@id\":\"https:\\\/\\\/www.raxxa.com\\\/shop\\\/traumwelten-suesswinkelweg\\\/#primaryimage\",\"url\":\"https:\\\/\\\/www.raxxa.com\\\/wp-content\\\/uploads\\\/2022\\\/01\\\/131-2191-Traumwelten-Suesswinkelweg-Claudia-Schellmann.png\",\"contentUrl\":\"https:\\\/\\\/www.raxxa.com\\\/wp-content\\\/uploads\\\/2022\\\/01\\\/131-2191-Traumwelten-Suesswinkelweg-Claudia-Schellmann.png\",\"width\":800,\"height\":800},{\"@type\":\"BreadcrumbList\",\"@id\":\"https:\\\/\\\/www.raxxa.com\\\/shop\\\/traumwelten-suesswinkelweg\\\/#breadcrumb\",\"itemListElement\":[{\"@type\":\"ListItem\",\"position\":1,\"name\":\"Startseite\",\"item\":\"https:\\\/\\\/www.raxxa.com\\\/\"},{\"@type\":\"ListItem\",\"position\":2,\"name\":\"Shop\",\"item\":\"https:\\\/\\\/www.raxxa.com\\\/it\\\/shop\\\/\"},{\"@type\":\"ListItem\",\"position\":3,\"name\":\"Traumwelten &#8211; S\u00fc\u00dfwinkelweg\"}]},{\"@type\":\"WebSite\",\"@id\":\"https:\\\/\\\/www.raxxa.com\\\/#website\",\"url\":\"https:\\\/\\\/www.raxxa.com\\\/\",\"name\":\"raxxa\",\"description\":\"Einzigartige individuelle Produkte von unseren Designern\",\"publisher\":{\"@id\":\"https:\\\/\\\/www.raxxa.com\\\/#organization\"},\"potentialAction\":[{\"@type\":\"SearchAction\",\"target\":{\"@type\":\"EntryPoint\",\"urlTemplate\":\"https:\\\/\\\/www.raxxa.com\\\/?s={search_term_string}\"},\"query-input\":{\"@type\":\"PropertyValueSpecification\",\"valueRequired\":true,\"valueName\":\"search_term_string\"}}],\"inLanguage\":\"fr-FR\"},{\"@type\":\"Organization\",\"@id\":\"https:\\\/\\\/www.raxxa.com\\\/#organization\",\"name\":\"raxxa\",\"url\":\"https:\\\/\\\/www.raxxa.com\\\/\",\"logo\":{\"@type\":\"ImageObject\",\"inLanguage\":\"fr-FR\",\"@id\":\"https:\\\/\\\/www.raxxa.com\\\/#\\\/schema\\\/logo\\\/image\\\/\",\"url\":\"https:\\\/\\\/www.raxxa.com\\\/wp-content\\\/uploads\\\/2022\\\/07\\\/logo_v2.png\",\"contentUrl\":\"https:\\\/\\\/www.raxxa.com\\\/wp-content\\\/uploads\\\/2022\\\/07\\\/logo_v2.png\",\"width\":380,\"height\":382,\"caption\":\"raxxa\"},\"image\":{\"@id\":\"https:\\\/\\\/www.raxxa.com\\\/#\\\/schema\\\/logo\\\/image\\\/\"},\"sameAs\":[\"https:\\\/\\\/facebook.com\\\/raxxacom\"]}]}<\/script>\n<meta property=\"og:availability\" content=\"instock\" \/>\n<meta property=\"product:availability\" content=\"instock\" \/>\n<meta property=\"product:condition\" content=\"new\" \/>\n<!-- \/ Yoast SEO Premium plugin. -->","yoast_head_json":{"title":"Mondes de r\u00eave - Chemin de l'Angle doux - raxxa","robots":{"index":"index","follow":"follow","max-snippet":"max-snippet:-1","max-image-preview":"max-image-preview:large","max-video-preview":"max-video-preview:-1"},"canonical":"https:\/\/www.raxxa.com\/fr\/shop\/traumwelten-suesswinkelweg\/","og_locale":"fr_FR","og_type":"article","og_title":"Traumwelten - S\u00fc\u00dfwinkelweg","og_description":"&#8222;Traumwelten &#8211; S\u00fc\u00dfwinkelweg&#8220; by Claudia Schellmann Ich liebe es, Traumwelten zu erfinden. Als Kind habe ich mir immer vorgestellt, wie Zwerge in Wurzelh\u00f6hlen wohnen. Der alte Baum steht im Pf\u00e4lzerwald, die Hausbestandteile stammen alle aus Baden-W\u00fcrttemberg (T\u00fcbingen, N\u00fcrtingen, Schlaitdorf&#8230;) &#8211; Foto Druck auf Aluminium-Dibond 3mm mit wei\u00dfer Beschichtung &#8211; Druck direkt auf das Aluminium hochwertige [&hellip;]","og_url":"https:\/\/www.raxxa.com\/fr\/shop\/traumwelten-suesswinkelweg\/","og_site_name":"raxxa","article_publisher":"https:\/\/facebook.com\/raxxacom","article_modified_time":"2022-01-12T23:05:36+00:00","og_image":[{"width":800,"height":800,"url":"https:\/\/www.raxxa.com\/wp-content\/uploads\/2022\/01\/131-2191-Traumwelten-Suesswinkelweg-Claudia-Schellmann.png","type":"image\/png"}],"twitter_card":"summary_large_image","twitter_misc":{"Disponibilit\u00e9":"En stock"},"schema":{"@context":"https:\/\/schema.org","@graph":[{"@type":["WebPage","ItemPage"],"@id":"https:\/\/www.raxxa.com\/shop\/traumwelten-suesswinkelweg\/","url":"https:\/\/www.raxxa.com\/shop\/traumwelten-suesswinkelweg\/","name":"Mondes de r\u00eave - Chemin de l'Angle doux - raxxa","isPartOf":{"@id":"https:\/\/www.raxxa.com\/#website"},"primaryImageOfPage":{"@id":"https:\/\/www.raxxa.com\/shop\/traumwelten-suesswinkelweg\/#primaryimage"},"image":{"@id":"https:\/\/www.raxxa.com\/shop\/traumwelten-suesswinkelweg\/#primaryimage"},"thumbnailUrl":"https:\/\/www.raxxa.com\/wp-content\/uploads\/2022\/01\/131-2191-Traumwelten-Suesswinkelweg-Claudia-Schellmann.png","datePublished":"2022-01-12T23:05:17+00:00","dateModified":"2022-01-12T23:05:36+00:00","breadcrumb":{"@id":"https:\/\/www.raxxa.com\/shop\/traumwelten-suesswinkelweg\/#breadcrumb"},"inLanguage":"fr-FR","potentialAction":[{"@type":"ReadAction","target":["https:\/\/www.raxxa.com\/shop\/traumwelten-suesswinkelweg\/"]}]},{"@type":"ImageObject","inLanguage":"fr-FR","@id":"https:\/\/www.raxxa.com\/shop\/traumwelten-suesswinkelweg\/#primaryimage","url":"https:\/\/www.raxxa.com\/wp-content\/uploads\/2022\/01\/131-2191-Traumwelten-Suesswinkelweg-Claudia-Schellmann.png","contentUrl":"https:\/\/www.raxxa.com\/wp-content\/uploads\/2022\/01\/131-2191-Traumwelten-Suesswinkelweg-Claudia-Schellmann.png","width":800,"height":800},{"@type":"BreadcrumbList","@id":"https:\/\/www.raxxa.com\/shop\/traumwelten-suesswinkelweg\/#breadcrumb","itemListElement":[{"@type":"ListItem","position":1,"name":"Startseite","item":"https:\/\/www.raxxa.com\/"},{"@type":"ListItem","position":2,"name":"Shop","item":"https:\/\/www.raxxa.com\/it\/shop\/"},{"@type":"ListItem","position":3,"name":"Traumwelten &#8211; S\u00fc\u00dfwinkelweg"}]},{"@type":"WebSite","@id":"https:\/\/www.raxxa.com\/#website","url":"https:\/\/www.raxxa.com\/","name":"raxxa","description":"Des produits uniques et personnalis\u00e9s cr\u00e9\u00e9s par nos designers","publisher":{"@id":"https:\/\/www.raxxa.com\/#organization"},"potentialAction":[{"@type":"SearchAction","target":{"@type":"EntryPoint","urlTemplate":"https:\/\/www.raxxa.com\/?s={search_term_string}"},"query-input":{"@type":"PropertyValueSpecification","valueRequired":true,"valueName":"search_term_string"}}],"inLanguage":"fr-FR"},{"@type":"Organization","@id":"https:\/\/www.raxxa.com\/#organization","name":"raxxa","url":"https:\/\/www.raxxa.com\/","logo":{"@type":"ImageObject","inLanguage":"fr-FR","@id":"https:\/\/www.raxxa.com\/#\/schema\/logo\/image\/","url":"https:\/\/www.raxxa.com\/wp-content\/uploads\/2022\/07\/logo_v2.png","contentUrl":"https:\/\/www.raxxa.com\/wp-content\/uploads\/2022\/07\/logo_v2.png","width":380,"height":382,"caption":"raxxa"},"image":{"@id":"https:\/\/www.raxxa.com\/#\/schema\/logo\/image\/"},"sameAs":["https:\/\/facebook.com\/raxxacom"]}]},"og_availability":"instock","product_availability":"instock","product_condition":"new"},"jetpack_sharing_enabled":true,"_links":{"self":[{"href":"https:\/\/www.raxxa.com\/fr\/wp-json\/wp\/v2\/product\/113502","targetHints":{"allow":["GET"]}}],"collection":[{"href":"https:\/\/www.raxxa.com\/fr\/wp-json\/wp\/v2\/product"}],"about":[{"href":"https:\/\/www.raxxa.com\/fr\/wp-json\/wp\/v2\/types\/product"}],"replies":[{"embeddable":true,"href":"https:\/\/www.raxxa.com\/fr\/wp-json\/wp\/v2\/comments?post=113502"}],"wp:featuredmedia":[{"embeddable":true,"href":"https:\/\/www.raxxa.com\/fr\/wp-json\/wp\/v2\/media\/113495"}],"wp:attachment":[{"href":"https:\/\/www.raxxa.com\/fr\/wp-json\/wp\/v2\/media?parent=113502"}],"wp:term":[{"taxonomy":"product_brand","embeddable":true,"href":"https:\/\/www.raxxa.com\/fr\/wp-json\/wp\/v2\/product_brand?post=113502"},{"taxonomy":"product_cat","embeddable":true,"href":"https:\/\/www.raxxa.com\/fr\/wp-json\/wp\/v2\/product_cat?post=113502"},{"taxonomy":"product_tag","embeddable":true,"href":"https:\/\/www.raxxa.com\/fr\/wp-json\/wp\/v2\/product_tag?post=113502"}],"curies":[{"name":"wp","href":"https:\/\/api.w.org\/{rel}","templated":true}]}}